{"id":4859,"date":"2023-06-12T04:01:47","date_gmt":"2023-06-12T04:01:47","guid":{"rendered":"https:\/\/isopllc.com\/dk\/?post_type=product&#038;p=4859"},"modified":"2025-07-01T14:39:27","modified_gmt":"2025-07-01T14:39:27","slug":"universal-adgangsboks-til-brandslukker","status":"publish","type":"product","link":"https:\/\/isopllc.com\/dk\/product\/universal-adgangsboks-til-brandslukker\/","title":{"rendered":"Universal Adgangsboks til Brandslukker"},"content":{"rendered":"<div class=\"celwidget aplus-module module-4 aplus-standard\" data-csa-c-id=\"6mnb1z-9dwrl2-ic24uv-jd1phn\" data-cel-widget=\"aplus-module-4\">\n<div class=\"a-expander-collapsed-height a-row a-expander-container a-expander-partial-collapse-container\" aria-live=\"polite\" data-a-expander-name=\"aplus-module-expander\" data-a-expander-collapsed-height=\"700\">\n<div class=\"a-expander-content a-expander-partial-collapse-content\" aria-expanded=\"false\">\n<div class=\"aplus-module-wrapper apm-fixed-width\">\n<div class=\"apm-spacing\">\n<div class=\"apm-floatleft apm-fixed-width\">\n<div id=\"title_feature_div\" class=\"celwidget\" data-feature-name=\"title\" data-csa-c-id=\"m5t5xw-wzxd1-od319-pyb58o\" data-cel-widget=\"title_feature_div\">\n<div id=\"titleSection\" class=\"a-section a-spacing-none\">\n<div id=\"title_feature_div\" class=\"celwidget\" data-feature-name=\"title\" data-csa-c-id=\"m5t5xw-wzxd1-od319-pyb58o\" data-cel-widget=\"title_feature_div\">\n<div id=\"titleSection\" class=\"a-section a-spacing-none\">\n<h2 id=\"reconcile-item-title\" class=\"text-weight-bold\">Aluminiumsskab til brandflugtsstige \/ Universal Adgangsboks til Brandslukker<\/h2>\n<p><img decoding=\"async\" class=\"a-spacing-mini\" src=\"https:\/\/m.media-amazon.com\/images\/S\/aplus-media-library-service-media\/e15241a0-08f0-49b7-9104-3cbeb027e2cc.__CR0,0,1000,1000_PT0_SX300_V1___.jpg\" alt=\"aluminum box\" data-src=\"https:\/\/m.media-amazon.com\/images\/S\/aplus-media-library-service-media\/e15241a0-08f0-49b7-9104-3cbeb027e2cc.__CR0,0,1000,1000_PT0_SX300_V1___.jpg\" \/><\/p>\n<\/div>\n<\/div>\n<ul class=\"a-unordered-list a-vertical\">\n<li>Kompakt design<\/li>\n<li>Kraftig jernkonstruktion<\/li>\n<li>Akrylglas (som er sikrere end standardglas i n\u00f8dstilf\u00e6lde)<\/li>\n<li>Monteres nemt p\u00e5 en v\u00e6g<\/li>\n<li>Let at finde, n\u00e5r det er n\u00f8dvendigt<img decoding=\"async\" class=\"a-spacing-mini\" src=\"https:\/\/m.media-amazon.com\/images\/S\/aplus-media-library-service-media\/eb357252-9807-4881-a43c-3cc4db2103d8.__CR0,0,1000,1000_PT0_SX300_V1___.jpg\" alt=\"alumnium box for fire extinguisher fire escape ladder\" data-src=\"https:\/\/m.media-amazon.com\/images\/S\/aplus-media-library-service-media\/eb357252-9807-4881-a43c-3cc4db2103d8.__CR0,0,1000,1000_PT0_SX300_V1___.jpg\" \/><\/li>\n<\/ul>\n<\/div>\n<\/div>\n<\/div>\n<\/div>\n<\/div>\n<\/div>\n<\/div>\n<\/div>\n<div class=\"celwidget aplus-module module-9 aplus-standard\" data-csa-c-id=\"kgh8ns-6rdhac-l4uce3-redgno\" data-cel-widget=\"aplus-module-9\">\n<div class=\"a-expander-collapsed-height a-row a-expander-container a-expander-partial-collapse-container\" aria-live=\"polite\" data-a-expander-name=\"aplus-module-expander\" data-a-expander-collapsed-height=\"700\">\n<div class=\"a-expander-content a-expander-partial-collapse-content\" aria-expanded=\"false\">\n<div class=\"aplus-module-wrapper apm-fixed-width\">\n<div class=\"apm-spacing apm-fixed-width\">\n<div class=\"celwidget aplus-module module-9 aplus-standard\" data-csa-c-id=\"6rrkxj-o9oo3p-2dk8kw-v8mrts\" data-cel-widget=\"aplus-module-9\">\n<div class=\"a-expander-collapsed-height a-row a-expander-container a-expander-partial-collapse-container\" aria-live=\"polite\" data-a-expander-name=\"aplus-module-expander\" data-a-expander-collapsed-height=\"700\">\n<div class=\"a-expander-content a-expander-partial-collapse-content\" aria-expanded=\"false\">\n<div class=\"aplus-module-wrapper apm-fixed-width\">\n<p>Iron Ildslukkerskab holder din ildslukker eller flugtstige let tilg\u00e6ngelig i tilf\u00e6lde af en n\u00f8dsituation.<\/p>\n<p>P\u00e5 grund af dens kompakte st\u00f8rrelse &#8211;\u00a0(36x26x13 cm, 1 mm tynd)\u00a0og holdbare konstruktion, er dette skab ideelt til lejligheder, ejerlejligheder og sm\u00e5 virksomheder, og det giver et sikkert, sikkert sted til langtidsopbevaring.<\/p>\n<p><img decoding=\"async\" class=\"a-spacing-mini\" src=\"https:\/\/m.media-amazon.com\/images\/S\/aplus-media-library-service-media\/3806abe5-8aab-4c85-9449-dfe77f5144ae.__CR0,0,1000,1000_PT0_SX300_V1___.jpg\" alt=\"aluminum box\" data-src=\"https:\/\/m.media-amazon.com\/images\/S\/aplus-media-library-service-media\/3806abe5-8aab-4c85-9449-dfe77f5144ae.__CR0,0,1000,1000_PT0_SX300_V1___.jpg\" \/><\/p>\n<p>I tilf\u00e6lde af en pludselig brand i et hjem eller en virksomhed, skal du s\u00f8rge for et udpeget sted til din ildslukker eller stige, der holder den i n\u00e6rheden og klar, n\u00e5r der er mest brug for det.<\/p>\n<\/div>\n<\/div>\n<\/div>\n<\/div>\n<\/div>\n<\/div>\n<\/div>\n<\/div>\n<\/div>\n","protected":false},"excerpt":{"rendered":"<p id=\"reconcile-item-title\" class=\"text-weight-bold\" style=\"text-align: center;\">Aluminiumsskab til brandflugtsstige \/ Universal Adgangsboks til Brandslukker<\/p>\n<p style=\"text-align: center;\">GRATIS LEVERING INDEN FOR 3-7 DAGE<\/p>\n<h4 style=\"text-align: center;\"><strong>K\u00d8BE DET<\/strong><\/h4>\n<p><a href=\"https:\/\/www.amazon.de\/dp\/B09BQ3H3NQ?ref=myi_title_dp\"><img loading=\"lazy\" decoding=\"async\" class=\"aligncenter wp-image-1040 size-full\" src=\"https:\/\/isopllc.com\/de\/wp-content\/uploads\/sites\/3\/2020\/01\/amazon-button9.png\" alt=\"\" width=\"160\" height=\"59\" \/><\/a><\/p>\n","protected":false},"featured_media":4860,"comment_status":"open","ping_status":"closed","template":"","meta":[],"product_brand":[],"product_cat":[166,164],"product_tag":[135,101,38,36,158],"class_list":{"0":"post-4859","1":"product","2":"type-product","3":"status-publish","4":"has-post-thumbnail","6":"product_cat-opbevaringsboks-til-brandtrappestiger","7":"product_cat-tilbehoer-til-brandstiger","8":"product_tag-beskyttelse","9":"product_tag-brandslukker","10":"product_tag-brandudstyr","11":"product_tag-sikkerhed","12":"product_tag-universal-adgangsboks","14":"first","15":"instock","16":"shipping-taxable","17":"purchasable","18":"product-type-simple"},"_links":{"self":[{"href":"https:\/\/isopllc.com\/dk\/wp-json\/wp\/v2\/product\/4859","targetHints":{"allow":["GET"]}}],"collection":[{"href":"https:\/\/isopllc.com\/dk\/wp-json\/wp\/v2\/product"}],"about":[{"href":"https:\/\/isopllc.com\/dk\/wp-json\/wp\/v2\/types\/product"}],"replies":[{"embeddable":true,"href":"https:\/\/isopllc.com\/dk\/wp-json\/wp\/v2\/comments?post=4859"}],"wp:featuredmedia":[{"embeddable":true,"href":"https:\/\/isopllc.com\/dk\/wp-json\/wp\/v2\/media\/4860"}],"wp:attachment":[{"href":"https:\/\/isopllc.com\/dk\/wp-json\/wp\/v2\/media?parent=4859"}],"wp:term":[{"taxonomy":"product_brand","embeddable":true,"href":"https:\/\/isopllc.com\/dk\/wp-json\/wp\/v2\/product_brand?post=4859"},{"taxonomy":"product_cat","embeddable":true,"href":"https:\/\/isopllc.com\/dk\/wp-json\/wp\/v2\/product_cat?post=4859"},{"taxonomy":"product_tag","embeddable":true,"href":"https:\/\/isopllc.com\/dk\/wp-json\/wp\/v2\/product_tag?post=4859"}],"curies":[{"name":"wp","href":"https:\/\/api.w.org\/{rel}","templated":true}]}}