{"id":4942,"date":"2023-10-26T04:14:27","date_gmt":"2023-10-26T04:14:27","guid":{"rendered":"https:\/\/isopllc.com\/dk\/?post_type=product&#038;p=4942"},"modified":"2025-07-01T14:37:09","modified_gmt":"2025-07-01T14:37:09","slug":"roed-kasse-til-brandsikkerhedsting-stoerrelse-l","status":"publish","type":"product","link":"https:\/\/isopllc.com\/dk\/product\/roed-kasse-til-brandsikkerhedsting-stoerrelse-l\/","title":{"rendered":"R\u00f8d kasse til brandsikkerhedsting (st\u00f8rrelse L) | AED Defibrillator"},"content":{"rendered":"<h1 id=\"title\" class=\"a-size-large a-spacing-none\">Brandevakueringsstation &#8211; R\u00f8d kasse til brandsikkerhedsting &#8211; med kroge til brandt\u00e6ppe og brandslukkere &#8211; 36 * 29 * 17 cm &#8211; V\u00e6gmonteret skab<\/h1>\n<p><img loading=\"lazy\" decoding=\"async\" class=\"alignnone wp-image-5043\" src=\"https:\/\/isopllc.com\/usa\/wp-content\/uploads\/sites\/4\/2023\/06\/71dmxhPEm7L._AC_SL1500_.jpg\" alt=\"\" width=\"413\" height=\"397\" \/><\/p>\n<div class=\"a-section a-spacing-none premium-aplus-15-heading\">\n<h1 class=\"premium-aplus-15-heading-text a-text-bold\">Hvorfor tror vi, det er bedre at k\u00f8be en adgangsboks til n\u00f8dstige?<\/h1>\n<\/div>\n<div class=\"a-section a-spacing-none\">\n<p>Af flere grunde!<\/p>\n<p>1. Ved at fastg\u00f8re kassen til v\u00e6ggen (under vinduet eller p\u00e5 balkonen) med ankre, kan du med det samme fastg\u00f8re stigen til ankerl\u00f8kkerne, s\u00e5 i n\u00f8dstilf\u00e6lde smider du bare stigen ud af vinduet og begynder straks at g\u00e5 ned uden at spilde dyrebare sekunder i forvirringen p\u00e5 at lede efter, hvor stigen skal fastg\u00f8res.<\/p>\n<p>2. Du kan fastg\u00f8re kassen b\u00e5de i og uden for huset. Udenfor er fordelen, at den ikke optager plads derhjemme og ikke \u00f8del\u00e6gger rummets design, men samtidig er den ret tilg\u00e6ngelig, hvis den er fastgjort ved siden af et vindue eller p\u00e5 en altan.<\/p>\n<p>3. Det er ogs\u00e5 praktisk inde fra huset, da det altid er lige ved h\u00e5nden, og disse vigtige livreddende ting er i syne for ikke at spilde tid p\u00e5 at lede efter det under en brand.<\/p>\n<p>4. Det er efter vores mening meget sikkert at fastg\u00f8re stigerne til klatreankrene inde i kassen, da de kan t\u00e5le 25 KN end til noget andet i dit hjem, inklusive vinduesrammen eller altansprosser.<\/p>\n<p><img loading=\"lazy\" decoding=\"async\" class=\"alignnone wp-image-5044\" src=\"https:\/\/isopllc.com\/usa\/wp-content\/uploads\/sites\/4\/2023\/06\/e08f082b-1e10-499b-8698-78d3a32260a7.__CR00800600_PT0_SX800_V1___.jpg\" alt=\"\" width=\"405\" height=\"304\" \/><\/p>\n<h1 class=\"aplus-h1 aplus-module-1-heading a-text-bold\">One-stop brandberedskabsstation gemmer alle dine n\u00f8dforsyninger \u00e9t sted<\/h1>\n<ul class=\"a-unordered-list a-vertical\">\n<li>R\u00f8d aluminiumskasse med magnetisk glasd\u00f8r til brandevakueringsstige 36*29*17 cm<\/li>\n<li>Hardware til installation (monteringsankre 25KN)<\/li>\n<li>Kroge til ildslukker og brandt\u00e6ppe (p\u00e5 siderne af \u00e6sken)<\/li>\n<\/ul>\n<p><img loading=\"lazy\" decoding=\"async\" class=\"alignnone wp-image-5045\" src=\"https:\/\/isopllc.com\/usa\/wp-content\/uploads\/sites\/4\/2023\/06\/cb120de2-f0e0-46e6-9ca4-ca80dc32f1e5.__CR00800600_PT0_SX800_V1___.jpg\" alt=\"\" width=\"418\" height=\"313\" \/><\/p>\n<h1 class=\"aplus-h1 aplus-module-1-heading a-text-bold\">Aluminiumskasse Indend\u00f8rs Udend\u00f8rs til Brandslukningsstiger eller Brandt\u00e6ppe<\/h1>\n<ul class=\"a-unordered-list a-vertical\">\n<li>Kompakt design<\/li>\n<li>Kraftig jernkonstruktion<\/li>\n<li>Akrylglas (som er sikrere end standardglas i n\u00f8dstilf\u00e6lde)<\/li>\n<li>Monteres nemt p\u00e5 en v\u00e6g<\/li>\n<li>Let at finde, n\u00e5r det er n\u00f8dvendigt<img loading=\"lazy\" decoding=\"async\" class=\"alignnone wp-image-5046\" src=\"https:\/\/isopllc.com\/usa\/wp-content\/uploads\/sites\/4\/2023\/06\/30d1215a-a397-4e25-a9a6-f4f6b8fc8a0a.__CR00800600_PT0_SX800_V1___.jpg\" alt=\"\" width=\"425\" height=\"319\" \/><\/li>\n<\/ul>\n<h1 class=\"aplus-h1 aplus-module-1-heading a-text-bold\">Brandflugtsstigeskab af jern<\/h1>\n<p>Holder din ildslukker eller flugtstige let tilg\u00e6ngelig i tilf\u00e6lde af en n\u00f8dsituation.<\/p>\n<p>P\u00e5 grund af dens kompakte st\u00f8rrelse &#8211; 36x29x17 cm | 0,04 tommer tynd og holdbar konstruktion, dette skab er ideelt til lejligheder, ejerlejligheder og sm\u00e5 virksomheder, og det giver et sikkert, sikkert sted til langtidsopbevaring.<\/p>\n<p><img loading=\"lazy\" decoding=\"async\" class=\"alignnone wp-image-5047\" src=\"https:\/\/isopllc.com\/usa\/wp-content\/uploads\/sites\/4\/2023\/06\/6d581a96-7d79-4318-ace2-7057cd2fcdb0.__CR00800600_PT0_SX800_V1___.jpg\" alt=\"\" width=\"443\" height=\"332\" \/><\/p>\n<h1 class=\"aplus-h1 aplus-module-1-heading a-text-bold\">Brandstation<\/h1>\n<p class=\"aplus-p2 aplus-module-1-description\">I tilf\u00e6lde af en pludselig brand i et hjem eller en virksomhed, skal du s\u00f8rge for et udpeget sted til din ildslukker eller stige, der holder den i n\u00e6rheden og klar, n\u00e5r der er mest brug for det.<\/p>\n<p><img loading=\"lazy\" decoding=\"async\" class=\"alignnone wp-image-4545\" src=\"https:\/\/isopllc.com\/usa\/wp-content\/uploads\/sites\/4\/2021\/12\/Built-In-Fire-Escape-Ladder-2-Story-13ft-Retractable-Ladders-Fire-Ladder-for-Homes-Include-Aluminum-Box-Snap-Hooks-and-2-Anchors-Set6.jpg\" alt=\"\" width=\"427\" height=\"427\" \/><\/p>\n<h1 class=\"aplus-h1 aplus-module-1-heading a-text-bold\">Professionelt Top Rope Anker<\/h1>\n<p>Klatreankerboltes\u00e6t, inkluderer 2 stk oph\u00e6ngsplader og 2 stk ekspansionsbolte, boltm\u00f8trikker og flade sp\u00e6ndeskiver. Oph\u00e6ngsplader til permanent ankerpunkt.<\/p>\n<p>S\u00e6ttet giver dig mulighed for at fastg\u00f8re \u00e6sken til en v\u00e6g. Ikke kun de holder kassen, men ogs\u00e5 fastg\u00f8relses\u00f8jer designet til to karabinhager giver dig mulighed for at h\u00e6gte en rebstige til den for at komme ned fra et vindue.<\/p>\n<\/div>\n","protected":false},"excerpt":{"rendered":"<p id=\"title\" class=\"a-size-large a-spacing-none\" style=\"text-align: center;\">Brandevakueringsstation &#8211; R\u00f8d kasse til brandsikkerhedsting &#8211; med kroge til brandt\u00e6ppe og brandslukkere &#8211; 36 * 29 * 17 cm &#8211; V\u00e6gmonteret skab<\/p>\n<p style=\"text-align: center;\">GRATIS LEVERING INDEN FOR 3-7 DAGE<\/p>\n<h4 style=\"text-align: center;\"><strong>K\u00d8BE DET<\/strong><\/h4>\n<p><a href=\"https:\/\/www.amazon.de\/dp\/B0BZYJ6FX6?ref=myi_title_dp\"><img loading=\"lazy\" decoding=\"async\" class=\"aligncenter wp-image-1040 size-full\" src=\"https:\/\/isopllc.com\/dk\/wp-content\/uploads\/sites\/14\/2020\/01\/amazon-button9.png\" alt=\"\" width=\"160\" height=\"59\" \/><\/a><\/p>\n","protected":false},"featured_media":4955,"comment_status":"open","ping_status":"closed","template":"","meta":[],"product_brand":[],"product_cat":[166,164],"product_tag":[96],"class_list":{"0":"post-4942","1":"product","2":"type-product","3":"status-publish","4":"has-post-thumbnail","6":"product_cat-opbevaringsboks-til-brandtrappestiger","7":"product_cat-tilbehoer-til-brandstiger","8":"product_tag-aed-defibrillator","10":"first","11":"instock","12":"shipping-taxable","13":"purchasable","14":"product-type-simple"},"_links":{"self":[{"href":"https:\/\/isopllc.com\/dk\/wp-json\/wp\/v2\/product\/4942","targetHints":{"allow":["GET"]}}],"collection":[{"href":"https:\/\/isopllc.com\/dk\/wp-json\/wp\/v2\/product"}],"about":[{"href":"https:\/\/isopllc.com\/dk\/wp-json\/wp\/v2\/types\/product"}],"replies":[{"embeddable":true,"href":"https:\/\/isopllc.com\/dk\/wp-json\/wp\/v2\/comments?post=4942"}],"wp:featuredmedia":[{"embeddable":true,"href":"https:\/\/isopllc.com\/dk\/wp-json\/wp\/v2\/media\/4955"}],"wp:attachment":[{"href":"https:\/\/isopllc.com\/dk\/wp-json\/wp\/v2\/media?parent=4942"}],"wp:term":[{"taxonomy":"product_brand","embeddable":true,"href":"https:\/\/isopllc.com\/dk\/wp-json\/wp\/v2\/product_brand?post=4942"},{"taxonomy":"product_cat","embeddable":true,"href":"https:\/\/isopllc.com\/dk\/wp-json\/wp\/v2\/product_cat?post=4942"},{"taxonomy":"product_tag","embeddable":true,"href":"https:\/\/isopllc.com\/dk\/wp-json\/wp\/v2\/product_tag?post=4942"}],"curies":[{"name":"wp","href":"https:\/\/api.w.org\/{rel}","templated":true}]}}