{"id":4963,"date":"2023-10-26T04:31:57","date_gmt":"2023-10-26T04:31:57","guid":{"rendered":"https:\/\/isopllc.com\/dk\/?post_type=product&#038;p=4963"},"modified":"2025-07-01T14:36:39","modified_gmt":"2025-07-01T14:36:39","slug":"brandflugtsstige-2-etager-4-m-med-skab","status":"publish","type":"product","link":"https:\/\/isopllc.com\/dk\/product\/brandflugtsstige-2-etager-4-m-med-skab\/","title":{"rendered":"Brandflugtsstige 2 etager 4 m med skab"},"content":{"rendered":"<h1 id=\"title\" class=\"a-size-large a-spacing-none\">Brandflugtsstige 2 etager 4 m med skab &#8211; V\u00e6gmonteret brandflugtsstige til hjemmet &#8211; Inkluderet to-etagers stige &amp; brandt\u00e6ppe<\/h1>\n<p><img loading=\"lazy\" decoding=\"async\" class=\"alignnone size-medium wp-image-5088\" src=\"https:\/\/isopllc.com\/dk\/wp-content\/uploads\/sites\/14\/2023\/10\/attachable-fire-escape-ladder-300x300.jpg\" alt=\"attachable fire escape ladder\" width=\"300\" height=\"300\" srcset=\"https:\/\/isopllc.com\/dk\/wp-content\/uploads\/sites\/14\/2023\/10\/attachable-fire-escape-ladder-300x300.jpg 300w, https:\/\/isopllc.com\/dk\/wp-content\/uploads\/sites\/14\/2023\/10\/attachable-fire-escape-ladder-1024x1024.jpg 1024w, https:\/\/isopllc.com\/dk\/wp-content\/uploads\/sites\/14\/2023\/10\/attachable-fire-escape-ladder-150x150.jpg 150w, https:\/\/isopllc.com\/dk\/wp-content\/uploads\/sites\/14\/2023\/10\/attachable-fire-escape-ladder-768x768.jpg 768w, https:\/\/isopllc.com\/dk\/wp-content\/uploads\/sites\/14\/2023\/10\/attachable-fire-escape-ladder-1000x1000.jpg 1000w, https:\/\/isopllc.com\/dk\/wp-content\/uploads\/sites\/14\/2023\/10\/attachable-fire-escape-ladder-416x416.jpg 416w, https:\/\/isopllc.com\/dk\/wp-content\/uploads\/sites\/14\/2023\/10\/attachable-fire-escape-ladder-100x100.jpg 100w, https:\/\/isopllc.com\/dk\/wp-content\/uploads\/sites\/14\/2023\/10\/attachable-fire-escape-ladder.jpg 1080w\" sizes=\"auto, (max-width: 300px) 100vw, 300px\" \/><\/p>\n<p>One-stop n\u00f8devakueringsstation gemmer alle dine brandn\u00f8dforsyninger p\u00e5 \u00e9t sted (ildslukker medf\u00f8lger ikke)<\/p>\n<ul class=\"a-unordered-list a-vertical\">\n<li>H\u00f8j synlighed r\u00f8d boks med magnetisk d\u00f8r<\/li>\n<li>Brandflugtsstige 4m<\/li>\n<li>Hardware inkluderet til installation (monteringsankre)<\/li>\n<li>Montering til ildslukker<\/li>\n<\/ul>\n<p><img loading=\"lazy\" decoding=\"async\" class=\"alignnone wp-image-5052\" src=\"https:\/\/isopllc.com\/usa\/wp-content\/uploads\/sites\/4\/2023\/06\/51vVQaI3XKL._AC_.jpg\" alt=\"\" width=\"374\" height=\"232\" \/><\/p>\n<h3 class=\"a-spacing-mini\">Hvorfor tror vi, det er bedre at k\u00f8be en brandflugtsstige i en aluminiumskasse? Af flere grunde!<\/h3>\n<p>1. Ved at fastg\u00f8re kassen til v\u00e6ggen (under vinduet eller p\u00e5 balkonen) med ankre, kan du med det samme fastg\u00f8re stigen til ankerl\u00f8kkerne, s\u00e5 i n\u00f8dstilf\u00e6lde smider du bare stigen ud af vinduet og begynder straks at g\u00e5 ned uden at spilde dyrebare sekunder i forvirringen p\u00e5 at lede efter, hvor stigen skal fastg\u00f8res.<\/p>\n<p>2. Du kan fastg\u00f8re kassen b\u00e5de i og uden for huset. Udenfor er fordelen, at den ikke optager plads derhjemme og ikke \u00f8del\u00e6gger rummets design, men samtidig er den ret tilg\u00e6ngelig, hvis den er fastgjort ved siden af et vindue eller p\u00e5 en altan.<\/p>\n<p>3. Det er ogs\u00e5 praktisk inde fra huset, da det altid er lige ved h\u00e5nden, og disse vigtige livreddende ting er i syne for ikke at spilde tid p\u00e5 at lede efter det under en brand.<\/p>\n<p>4. Det er efter vores mening meget sikkert at fastg\u00f8re stigerne til klatreankrene inde i kassen, da de kan t\u00e5le 25 KN end til noget andet i dit hjem, inklusive vinduesrammen eller altansprosser.<\/p>\n<h4>Hvorfor v\u00e6lge vores brandstiger<\/h4>\n<p><img loading=\"lazy\" decoding=\"async\" class=\"alignnone wp-image-5049\" src=\"https:\/\/isopllc.com\/usa\/wp-content\/uploads\/sites\/4\/2023\/06\/111.jpg\" alt=\"\" width=\"335\" height=\"251\" \/><\/p>\n<p>Universal brandflugtsstigekabinet i aluminium holder din flugtstige let tilg\u00e6ngelig i tilf\u00e6lde af en n\u00f8dsituation.<\/p>\n<p>P\u00e5 grund af sin kompakte st\u00f8rrelse og holdbare konstruktion er dette skab ideelt til lejligheder, ejerlejligheder og sm\u00e5 virksomheder, og det giver et sikkert, sikkert sted til langtidsopbevaring.<\/p>\n<p><img decoding=\"async\" class=\"a-spacing-mini\" style=\"font-weight: 600\" src=\"https:\/\/m.media-amazon.com\/images\/S\/aplus-media-library-service-media\/94e0f1b0-d713-4663-a172-3e35c4090aaa.__CR0,0,1000,1000_PT0_SX300_V1___.jpg\" alt=\"Gentle to hands\" data-src=\"https:\/\/m.media-amazon.com\/images\/S\/aplus-media-library-service-media\/94e0f1b0-d713-4663-a172-3e35c4090aaa.__CR0,0,1000,1000_PT0_SX300_V1___.jpg\" \/><\/p>\n<div class=\"aplus-module-wrapper apm-fixed-width\">\n<div class=\"apm-spacing apm-fixed-width\">\n<div class=\"celwidget aplus-module module-9 aplus-standard\" data-csa-c-id=\"emkbnl-11vq23-1incdi-lfo9yf\" data-cel-widget=\"aplus-module-9\">\n<div class=\"aplus-module-wrapper apm-fixed-width\">\n<div class=\"apm-spacing apm-fixed-width\">\n<div id=\"aplus_feature_div\" class=\"celwidget\" data-feature-name=\"aplus\" data-csa-c-type=\"widget\" data-csa-c-content-id=\"aplus\" data-csa-c-slot-id=\"aplus_feature_div\" data-csa-c-asin=\"\" data-csa-c-is-in-initial-active-row=\"false\" data-csa-c-id=\"ebpnh7-v23cw7-lv803-rp18f9\" data-cel-widget=\"aplus_feature_div\">\n<div id=\"aplus\" class=\"a-section a-spacing-large bucket\">\n<div class=\"aplus-v2 desktop celwidget\" data-csa-c-id=\"322z1i-fsajov-ud7fia-k0knjv\" data-cel-widget=\"aplus\">\n<div class=\"celwidget aplus-module module-9 aplus-standard\" data-csa-c-id=\"e5nyxf-jpncv6-ubo24v-ozeiyw\" data-cel-widget=\"aplus-module-9\">\n<div class=\"aplus-module-wrapper apm-fixed-width\">\n<div class=\"apm-spacing apm-fixed-width\">\n<h3>Sk\u00e5nsom mod h\u00e6nderne<\/h3>\n<p>Da vi skabte disse stiger, tog vi hensyn til vores konkurrenters fejl. De andre har mange klager over, at n\u00e5r de bruger deres stiger, sk\u00e6rer trin brugernes h\u00e6nder, fordi aluminiumstrin er skarpe. Det tog vi h\u00f8jde for, og vores stiger har ikke skarpe hj\u00f8rner, og de er sikre at bruge af b\u00e5de voksne og b\u00f8rn.<\/p>\n<p><img decoding=\"async\" class=\"a-spacing-mini\" style=\"font-weight: 600\" src=\"https:\/\/m.media-amazon.com\/images\/S\/aplus-media\/sc\/27f9c708-c858-49c0-96f7-815dd0fa4f9a.__CR0,0,1000,1000_PT0_SX300_V1___.jpg\" alt=\"Wide application\" data-src=\"https:\/\/m.media-amazon.com\/images\/S\/aplus-media\/sc\/27f9c708-c858-49c0-96f7-815dd0fa4f9a.__CR0,0,1000,1000_PT0_SX300_V1___.jpg\" \/><\/p>\n<h3>Integrerede stropper<\/h3>\n<p>Igen, hvis man sammenligner vores stiger med konkurrenter, skal det bem\u00e6rkes, at i mods\u00e6tning til andre, best\u00e5r vores stiger fra top til bund af et stykke webbing-strop, der kan modst\u00e5 op til 1200 pund (!) Takket v\u00e6re en speciel patenteret teknologi. Mens konkurrenternes webbingstiger er syet i stykker, hvilket efter vores mening er up\u00e5lideligt.<\/p>\n<p><img decoding=\"async\" class=\"a-spacing-mini\" style=\"font-weight: 600\" src=\"https:\/\/m.media-amazon.com\/images\/S\/aplus-media-library-service-media\/3e3631ef-bf95-4934-bd5d-2881c8d8d8c7.__CR0,0,300,300_PT0_SX300_V1___.jpg\" alt=\"Climbing anchor bolts set\" data-src=\"https:\/\/m.media-amazon.com\/images\/S\/aplus-media-library-service-media\/3e3631ef-bf95-4934-bd5d-2881c8d8d8c7.__CR0,0,300,300_PT0_SX300_V1___.jpg\" \/><\/p>\n<\/div>\n<div>Leveres med et klatreankerboltes\u00e6t, 2 stk oph\u00e6ngsplader og 2 stk ekspansionsbolte. Boltem\u00f8trikker og flade skiver medf\u00f8lger.<\/div>\n<div><\/div>\n<div><img decoding=\"async\" class=\"a-spacing-mini\" style=\"font-weight: 600\" src=\"https:\/\/m.media-amazon.com\/images\/S\/aplus-media\/sc\/42cab632-a2d0-40fd-a2dd-280d531bf010.__CR282,0,1000,1000_PT0_SX300_V1___.jpg\" alt=\"For window or balcony\" data-src=\"https:\/\/m.media-amazon.com\/images\/S\/aplus-media\/sc\/42cab632-a2d0-40fd-a2dd-280d531bf010.__CR282,0,1000,1000_PT0_SX300_V1___.jpg\" \/><\/div>\n<\/div>\n<\/div>\n<div><\/div>\n<div class=\"celwidget aplus-module module-9 aplus-standard\" data-csa-c-id=\"e5nyxf-jpncv6-ubo24v-ozeiyw\" data-cel-widget=\"aplus-module-9\">\n<h3><span class=\"a-text-bold\">Stabilisatorer<\/span><\/h3>\n<p>Vores stigers trin har stabilisatorer, som g\u00f8r, at stigerne ikke kl\u00e6ber t\u00e6t til v\u00e6ggen, men forbliver solide mod den og derfor i h\u00f8j grad letter nedstigningen fra anden eller tredje sal.<\/p>\n<h4><img decoding=\"async\" class=\"a-spacing-mini\" style=\"font-weight: 600\" src=\"https:\/\/m.media-amazon.com\/images\/S\/aplus-media\/sc\/8b1ba6ce-d84f-4314-b98a-95d063fc3e5e.__CR500,0,1000,1000_PT0_SX300_V1___.jpg\" alt=\"For window or balcony\" data-src=\"https:\/\/m.media-amazon.com\/images\/S\/aplus-media\/sc\/8b1ba6ce-d84f-4314-b98a-95d063fc3e5e.__CR500,0,1000,1000_PT0_SX300_V1___.jpg\" \/>Skridsikre trin<\/h4>\n<p>Et s\u00e6rligt m\u00f8nster p\u00e5 overfladen af trinene g\u00f8r nedstigningen fra lejligheden skridsikker i al slags vejr.<\/p>\n<h4>Genanvendelig<\/h4>\n<p>Vores stiger er genanvendelige, desuden kan de let fikseres, i mods\u00e6tning til andres, der skal bortskaffes. Med korrekt opbevaring kan de holde i \u00e5revis!<\/p>\n<p><img loading=\"lazy\" decoding=\"async\" class=\"alignnone wp-image-4293\" src=\"https:\/\/isopllc.com\/usa\/wp-content\/uploads\/sites\/4\/2020\/12\/91R3KSmpDgL._AC_SL1500_.jpg\" alt=\"\" width=\"307\" height=\"230\" \/><\/p>\n<\/div>\n<h4>Kraftige karabinhager<\/h4>\n<p>Stigerne inkluderer forkromede karabinhager med brudstyrke 11KN.<\/p>\n<p>&nbsp;<\/p>\n<\/div>\n<\/div>\n<div>\n<p><img decoding=\"async\" class=\"a-spacing-mini\" style=\"font-weight: 600\" src=\"https:\/\/m.media-amazon.com\/images\/S\/aplus-media-library-service-media\/c3b3fb51-597d-4234-91a3-95fb43b58226.__CR0,0,300,300_PT0_SX300_V1___.jpg\" alt=\"ladder\" data-src=\"https:\/\/m.media-amazon.com\/images\/S\/aplus-media-library-service-media\/c3b3fb51-597d-4234-91a3-95fb43b58226.__CR0,0,300,300_PT0_SX300_V1___.jpg\" \/><\/p>\n<\/div>\n<h3>Vejrbestandig<\/h3>\n<p>Den specielle pulverlakerede maling beskytter trinene mod rust, og polyesterb\u00e5ndet er meget modstandsdygtigt over for vand eller sne, derfor er vores brandstiger vejrbestandige.<\/p>\n<p><img decoding=\"async\" src=\"https:\/\/m.media-amazon.com\/images\/S\/aplus-media-library-service-media\/0c3c254d-684e-4313-bc9f-ae4b4b7e7ee7.__CR0,0,300,300_PT0_SX300_V1___.jpg\" alt=\"professional ladder\" \/><\/p>\n<h3>Professionelt stigefirma<\/h3>\n<p>Vi anbefaler at k\u00f8be stiger hos et firma, der har specialiseret sig i stiger, da dette er et sikkerhedsprodukt.<\/p>\n<p>Og ISOP er en af f\u00e5 virksomheder, der tilbyder et bredt udvalg af forskellige stiger fra sin egen produktionsfacilitet.<\/p>\n<p data-start=\"107\" data-end=\"126\">F\u00e5s ogs\u00e5 i <a href=\"https:\/\/isopllc.com\/dk\/product\/brandflugtsstige-3-etager-8-m-med-skab\/\"><strong>3 etager.<\/strong><\/a><\/p>\n<p data-start=\"107\" data-end=\"126\">\n<p data-start=\"128\" data-end=\"141\">\n<\/div>\n<\/div>\n<\/div>\n<\/div>\n<\/div>\n<\/div>\n","protected":false},"excerpt":{"rendered":"<p id=\"title\" class=\"a-size-large a-spacing-none\" style=\"text-align: center\">Brandflugtsstige 2 etager 4 m med skab &#8211; V\u00e6gmonteret brandflugtsstige til hjemmet &#8211; Inkluderet to-etagers stige &amp; brandt\u00e6ppe<\/p>\n<p style=\"text-align: center\">GRATIS LEVERING INDEN FOR 3-7 DAGE<\/p>\n<h4 style=\"text-align: center\"><strong>K\u00d8BE DET<\/strong><\/h4>\n<p><a href=\"https:\/\/www.amazon.de\/dp\/B0BZYHQJG2?ref=myi_title_dp\"><img loading=\"lazy\" decoding=\"async\" class=\"aligncenter wp-image-1040 size-full\" src=\"https:\/\/isopllc.com\/dk\/wp-content\/uploads\/sites\/14\/2020\/01\/amazon-button9.png\" alt=\"\" width=\"160\" height=\"59\" \/><\/a><\/p>\n","protected":false},"featured_media":5088,"comment_status":"open","ping_status":"closed","template":"","meta":[],"product_brand":[],"product_cat":[174,173,169,167],"product_tag":[59,60,54,38,37,36,61],"class_list":{"0":"post-4963","1":"product","2":"type-product","3":"status-publish","4":"has-post-thumbnail","6":"product_cat-brandtrappestiger-med-1-etage","7":"product_cat-brandtrappestiger-med-2-etager","8":"product_cat-brandtrappestiger-med-afstandsstykker","9":"product_cat-vaegmonterede-stiger","10":"product_tag-2-etager","11":"product_tag-4-m","12":"product_tag-brandflugtsstige","13":"product_tag-brandudstyr","14":"product_tag-evakuering","15":"product_tag-sikkerhed","16":"product_tag-skab","18":"first","19":"instock","20":"shipping-taxable","21":"purchasable","22":"product-type-simple"},"_links":{"self":[{"href":"https:\/\/isopllc.com\/dk\/wp-json\/wp\/v2\/product\/4963","targetHints":{"allow":["GET"]}}],"collection":[{"href":"https:\/\/isopllc.com\/dk\/wp-json\/wp\/v2\/product"}],"about":[{"href":"https:\/\/isopllc.com\/dk\/wp-json\/wp\/v2\/types\/product"}],"replies":[{"embeddable":true,"href":"https:\/\/isopllc.com\/dk\/wp-json\/wp\/v2\/comments?post=4963"}],"wp:featuredmedia":[{"embeddable":true,"href":"https:\/\/isopllc.com\/dk\/wp-json\/wp\/v2\/media\/5088"}],"wp:attachment":[{"href":"https:\/\/isopllc.com\/dk\/wp-json\/wp\/v2\/media?parent=4963"}],"wp:term":[{"taxonomy":"product_brand","embeddable":true,"href":"https:\/\/isopllc.com\/dk\/wp-json\/wp\/v2\/product_brand?post=4963"},{"taxonomy":"product_cat","embeddable":true,"href":"https:\/\/isopllc.com\/dk\/wp-json\/wp\/v2\/product_cat?post=4963"},{"taxonomy":"product_tag","embeddable":true,"href":"https:\/\/isopllc.com\/dk\/wp-json\/wp\/v2\/product_tag?post=4963"}],"curies":[{"name":"wp","href":"https:\/\/api.w.org\/{rel}","templated":true}]}}