{"id":4979,"date":"2023-12-06T03:20:05","date_gmt":"2023-12-06T03:20:05","guid":{"rendered":"https:\/\/isopllc.com\/dk\/?post_type=product&#038;p=4979"},"modified":"2025-07-01T14:36:11","modified_gmt":"2025-07-01T14:36:11","slug":"isop-rejse-skjult-lommebaelte-til-penge","status":"publish","type":"product","link":"https:\/\/isopllc.com\/dk\/product\/isop-rejse-skjult-lommebaelte-til-penge\/","title":{"rendered":"ISOP Rejse Skjult Lommeb\u00e6lte til Penge"},"content":{"rendered":"<h1 id=\"title\" class=\"a-size-large a-spacing-none\">ISOP Rejse Skjult Lommeb\u00e6lte til Penge | Sikkerhedspengeb\u00e6lte | Sort B\u00e6lte &#8211; Lomme til Kreditkort | Sikker Anti-tyveri Pung | Beredskab | B\u00e6lter til Rejser til M\u00e6nd eller Kvinder<\/h1>\n<p>Det nylonsb\u00e6lte har 4 lynl\u00e5slommer med st\u00f8rrelser p\u00e5 11 cm, hvor vi har placeret et sabelkort, en wiresav, en kompas, et termisk t\u00e6ppe, en antiseptisk pude, og der er ogs\u00e5 tilstr\u00e6kkelig plads til dine penge og endda kreditkort. I tilf\u00e6lde af et r\u00f8veri vil dine kort og penge forblive sikre, og overlevelsesv\u00e6rkt\u00f8jerne kan redde dit liv i n\u00f8dsituationer som at fare vild under vandring, brande eller jordsk\u00e6lv.<\/p>\n<p>Normalt under en katastrofe vil du ikke have tid til at gribe en specielt forberedt overlevelsesrygs\u00e6k eller en f\u00f8rstehj\u00e6lpskasse, men din b\u00e6lte er n\u00e6sten altid p\u00e5 dig, ikke sandt? S\u00e5 du vil allerede v\u00e6re rustet til s\u00e5danne n\u00f8dsituationer. B\u00e6ltet anbefales is\u00e6r at tage med dig p\u00e5 rejser, til vandreture, klatring og alle slags udend\u00f8rs eventyr. Dette b\u00e6lte kan ogs\u00e5 bruges som en tourniquet.<\/p>\n<p><img loading=\"lazy\" decoding=\"async\" class=\"alignnone size-full wp-image-5230\" src=\"https:\/\/isopllc.com\/usa\/wp-content\/uploads\/sites\/4\/2023\/12\/travel-belt1-1.jpg\" alt=\"travel belt\" width=\"300\" height=\"300\" \/><\/p>\n<div class=\"flex-1 overflow-hidden\">\n<div class=\"react-scroll-to-bottom--css-fnxqr-79elbk h-full\">\n<div class=\"react-scroll-to-bottom--css-fnxqr-1n7m0yu\">\n<div class=\"flex flex-col pb-9 text-sm\">\n<div class=\"w-full text-token-text-primary\" data-testid=\"conversation-turn-69\">\n<div class=\"px-4 py-2 justify-center text-base md:gap-6 m-auto\">\n<div class=\"flex flex-1 text-base mx-auto gap-3 md:px-5 lg:px-1 xl:px-5 md:max-w-3xl lg:max-w-[40rem] xl:max-w-[48rem] } group final-completion\">\n<div class=\"relative flex w-full flex-col lg:w-[calc(100%-115px)] agent-turn\">\n<div class=\"flex-col gap-1 md:gap-3\">\n<div class=\"flex flex-grow flex-col max-w-full\">\n<div class=\"min-h-[20px] text-message flex flex-col items-start gap-3 whitespace-pre-wrap break-words [.text-message+&amp;]:mt-5 overflow-x-auto\" data-message-author-role=\"assistant\" data-message-id=\"0fff6873-470a-4df7-88f2-8e7af549450f\">\n<div class=\"markdown prose w-full break-words dark:prose-invert light\">\n<div class=\"flex-1 overflow-hidden\">\n<div class=\"react-scroll-to-bottom--css-fnxqr-79elbk h-full\">\n<div class=\"react-scroll-to-bottom--css-fnxqr-1n7m0yu\">\n<div class=\"flex flex-col pb-9 text-sm\">\n<div class=\"w-full text-token-text-primary\" data-testid=\"conversation-turn-69\">\n<div class=\"px-4 py-2 justify-center text-base md:gap-6 m-auto\">\n<div class=\"flex flex-1 text-base mx-auto gap-3 md:px-5 lg:px-1 xl:px-5 md:max-w-3xl lg:max-w-[40rem] xl:max-w-[48rem] } group final-completion\">\n<div class=\"relative flex w-full flex-col lg:w-[calc(100%-115px)] agent-turn\">\n<div class=\"flex-col gap-1 md:gap-3\">\n<div class=\"flex flex-grow flex-col max-w-full\">\n<div class=\"min-h-[20px] text-message flex flex-col items-start gap-3 whitespace-pre-wrap break-words [.text-message+&amp;]:mt-5 overflow-x-auto\" data-message-author-role=\"assistant\" data-message-id=\"0fff6873-470a-4df7-88f2-8e7af549450f\">\n<div class=\"markdown prose w-full break-words dark:prose-invert light\">\n<p><strong>Sikkerhed:<\/strong> Et lommeb\u00e6lte er designet til at blive b\u00e5ret t\u00e6t p\u00e5 kroppen og giver en diskret og sikker m\u00e5de at b\u00e6re v\u00e6rdigenstande som kontanter, pas og kreditkort p\u00e5. Dette reducerer risikoen for lommetyveri, is\u00e6r i overfyldte eller turistede omr\u00e5der.<\/p>\n<p><strong>H\u00e6nderfri Bekvemmelighed:<\/strong> I mods\u00e6tning til traditionelle tegneb\u00f8ger eller tasker tillader et lommeb\u00e6lte rejsende at have h\u00e6nderne fri. Dette er s\u00e6rligt nyttigt ved navigation i lufthavne, overfyldte gader eller ved deltagelse i forskellige aktiviteter uden behov for konstant at holde fast i personlige ejendele.<\/p>\n<p><strong>Skjult Opbevaring:<\/strong> Den slanke udformning af et lommeb\u00e6lte tillader skjult opbevaring under t\u00f8jet og tilf\u00f8jer en ekstra sikkerhedslag. Det er mindre i\u00f8jnefaldende end at b\u00e6re en traditionel tegnebog, hvilket g\u00f8r det sv\u00e6rere for potentielle tyve at identificere og m\u00e5lrette imod.<\/p>\n<\/div>\n<\/div>\n<\/div>\n<\/div>\n<\/div>\n<\/div>\n<\/div>\n<\/div>\n<\/div>\n<\/div>\n<\/div>\n<\/div>\n<\/div>\n<\/div>\n<\/div>\n<\/div>\n<\/div>\n<\/div>\n<\/div>\n<\/div>\n<\/div>\n<\/div>\n<\/div>\n<\/div>\n<p><img loading=\"lazy\" decoding=\"async\" class=\"alignnone size-full wp-image-5231\" src=\"https:\/\/isopllc.com\/usa\/wp-content\/uploads\/sites\/4\/2023\/12\/travel-belt1-2.jpg\" alt=\"Travel belt\" width=\"300\" height=\"300\" \/><\/p>\n<p><strong>Organisation:<\/strong> Mange lommeb\u00e6lter leveres med flere rum og lynl\u00e5slommer, hvilket giver organiseret opbevaring til forskellige genstande. Dette hj\u00e6lper rejsende med at holde deres v\u00e6sentlige ting, s\u00e5som kontanter, kort og dokumenter, p\u00e6nt adskilt og let tilg\u00e6ngeligt.<\/p>\n<p><strong>Behagelig at have p\u00e5:<\/strong> Lommeb\u00e6lter er normalt lavet af lette og \u00e5ndbare materialer, hvilket g\u00f8r dem behagelige at have p\u00e5 i l\u00e6ngere perioder. Dette er s\u00e6rligt vigtigt for rejsende, der udforsker nye destinationer, hvor de kan v\u00e6re p\u00e5 farten i lange perioder.<\/p>\n<p><strong>Alsidighed:<\/strong> Lommeb\u00e6lter er alsidige og kan b\u00e6res p\u00e5 forskellige m\u00e5der &#8211; omkring taljen, under t\u00f8jet eller endda p\u00e5 tv\u00e6rs af brystet. Denne tilpasningsevne giver rejsende mulighed for at v\u00e6lge den stil, der passer til deres komfort og sikkerhedspr\u00e6ferencer.<\/p>\n<p><img loading=\"lazy\" decoding=\"async\" class=\"alignnone size-full wp-image-5232\" src=\"https:\/\/isopllc.com\/usa\/wp-content\/uploads\/sites\/4\/2023\/12\/travel-belt1-3.jpg\" alt=\"Travel Belt\" width=\"300\" height=\"300\" \/><\/p>\n<div class=\"celwidget aplus-module premium-module-4-two-column-images aplus-premium\" data-csa-c-id=\"15yl7x-eio1n0-m9lh6n-socwzs\" data-cel-widget=\"aplus-premium-module-4-two-column-images\">\n<div class=\"a-section a-spacing-none premium-aplus premium-aplus-module-4 aplus-container-1\">\n<div class=\"a-section a-spacing-none premium-aplus-two-column\">\n<div class=\"a-section a-spacing-none premium-aplus-column\">\n<div class=\"a-section a-spacing-none column-description\">\n<div class=\"celwidget aplus-module module-9 aplus-standard\">\n<div class=\"aplus-module-wrapper\">\n<div class=\"\">\n<p><strong>Rejsevenlig Design:<\/strong> Mange lommeb\u00e6lter er designet med rejser i tankerne og har RFID-blokerende teknologi for at beskytte mod elektronisk tyveri, holdbare materialer og justerbare stropper for at im\u00f8dekomme forskellige kropst\u00f8rrelser.<\/p>\n<p><strong>Hurtig Adgang:<\/strong> Med genstande opbevaret i et lommeb\u00e6lte kan rejsende f\u00e5 hurtig og nem adgang til v\u00e6sentlige ting uden at rode i en taske. Dette er s\u00e6rligt fordelagtigt ved passage gennem lufthavnssikkerhed eller ved hurtige transaktioner.<\/p>\n<p><strong>Tryghed<\/strong>: At have p\u00e5 et lommeb\u00e6lte kan give rejsende tryghed ved at vide, at deres vigtige dokumenter og v\u00e6rdigenstande er sikkert og bekvemt opbevaret. Dette forbedrer den samlede rejseoplevelse ved at reducere stress forbundet med at holde styr p\u00e5 ejendele.<\/p>\n<p>&nbsp;<\/p>\n<\/div>\n<\/div>\n<\/div>\n<div class=\"celwidget aplus-module launchpad-brand-description-left aplus-standard\">\n<div class=\"a-section launchpad-module launchpad-module-brand-description-left\">\n<div class=\"a-section launchpad-text-left-justify\">\n<p><strong>Diskret Stil:<\/strong> Lommeb\u00e6lter er designet til at v\u00e6re diskrete og blande sig problemfrit med t\u00f8jet. Denne lavprofildesign giver rejsende mulighed for at opretholde et stilfuldt og ubem\u00e6rket udseende samtidig med, at de holder deres vigtige ejendele t\u00e6t p\u00e5.<\/p>\n<p>Generelt set er et lommeb\u00e6lte et praktisk og sikkert tilbeh\u00f8r, der forbedrer rejseoplevelsen ved at give en praktisk og organiseret m\u00e5de at b\u00e6re vigtige genstande p\u00e5, samtidig med at risikoen for tyveri minimeres.<\/p>\n<\/div>\n<\/div>\n<\/div>\n<\/div>\n<\/div>\n<div class=\"a-section a-spacing-none premium-aplus-column\">\n<div class=\"a-section a-spacing-none column-description\">\n<p class=\"aplus-p3\">\n<\/div>\n<\/div>\n<\/div>\n<\/div>\n<\/div>\n","protected":false},"excerpt":{"rendered":"<p id=\"title\" class=\"a-size-large a-spacing-none\" style=\"text-align: center;\">ISOP Rejse Skjult Lommeb\u00e6lte til Penge | Sikkerhedspengeb\u00e6lte | Sort B\u00e6lte &#8211; Lomme til Kreditkort | Sikker Anti-tyveri Pung | Beredskab | B\u00e6lter til Rejser til M\u00e6nd eller Kvinder<\/p>\n<p style=\"text-align: center;\">GRATIS LEVERING INDEN FOR 3-7 DAGE<\/p>\n<h4 style=\"text-align: center;\"><strong>K\u00d8BE DET<\/strong><\/h4>\n<p><a href=\"https:\/\/www.amazon.de\/dp\/B0CFH3W3Y8?ref=myi_title_dp\"><img loading=\"lazy\" decoding=\"async\" class=\"aligncenter wp-image-1040 size-full\" src=\"https:\/\/isopllc.com\/dk\/wp-content\/uploads\/sites\/14\/2020\/01\/amazon-button9.png\" alt=\"\" width=\"160\" height=\"59\" \/><\/a><\/p>\n","protected":false},"featured_media":4980,"comment_status":"open","ping_status":"closed","template":"","meta":[],"product_brand":[],"product_cat":[160],"product_tag":[92,115,113,116,36,114],"class_list":{"0":"post-4979","1":"product","2":"type-product","3":"status-publish","4":"has-post-thumbnail","6":"product_cat-rednings-og-overlevelsessaet","7":"product_tag-isop","8":"product_tag-penge","9":"product_tag-rejse","10":"product_tag-rejseudstyr","11":"product_tag-sikkerhed","12":"product_tag-skjult-lommebaelte","14":"first","15":"instock","16":"shipping-taxable","17":"purchasable","18":"product-type-simple"},"_links":{"self":[{"href":"https:\/\/isopllc.com\/dk\/wp-json\/wp\/v2\/product\/4979","targetHints":{"allow":["GET"]}}],"collection":[{"href":"https:\/\/isopllc.com\/dk\/wp-json\/wp\/v2\/product"}],"about":[{"href":"https:\/\/isopllc.com\/dk\/wp-json\/wp\/v2\/types\/product"}],"replies":[{"embeddable":true,"href":"https:\/\/isopllc.com\/dk\/wp-json\/wp\/v2\/comments?post=4979"}],"wp:featuredmedia":[{"embeddable":true,"href":"https:\/\/isopllc.com\/dk\/wp-json\/wp\/v2\/media\/4980"}],"wp:attachment":[{"href":"https:\/\/isopllc.com\/dk\/wp-json\/wp\/v2\/media?parent=4979"}],"wp:term":[{"taxonomy":"product_brand","embeddable":true,"href":"https:\/\/isopllc.com\/dk\/wp-json\/wp\/v2\/product_brand?post=4979"},{"taxonomy":"product_cat","embeddable":true,"href":"https:\/\/isopllc.com\/dk\/wp-json\/wp\/v2\/product_cat?post=4979"},{"taxonomy":"product_tag","embeddable":true,"href":"https:\/\/isopllc.com\/dk\/wp-json\/wp\/v2\/product_tag?post=4979"}],"curies":[{"name":"wp","href":"https:\/\/api.w.org\/{rel}","templated":true}]}}