{"id":5007,"date":"2023-12-31T16:56:21","date_gmt":"2023-12-31T16:56:21","guid":{"rendered":"https:\/\/isopllc.com\/dk\/?post_type=product&#038;p=5007"},"modified":"2025-07-01T14:35:42","modified_gmt":"2025-07-01T14:35:42","slug":"isop-aed-defibrillator-opbevaringsskab","status":"publish","type":"product","link":"https:\/\/isopllc.com\/dk\/product\/isop-aed-defibrillator-opbevaringsskab\/","title":{"rendered":"ISOP AED Defibrillator Opbevaringsskab"},"content":{"rendered":"<h1 id=\"title\" class=\"a-size-large a-spacing-none\">ISOP AED Defibrillator Opbevaringsskab | V\u00e6gmonteret F\u00f8rstehj\u00e6lpskasse | Universal Skab til N\u00f8dsituationss\u00e6t, Brandsstige, Brandsikringsudstyr eller Redningsoverlevelseskit | N\u00f8descape-stigeskab<\/h1>\n<p><img loading=\"lazy\" decoding=\"async\" class=\"alignnone wp-image-5252\" src=\"https:\/\/isopllc.com\/usa\/wp-content\/uploads\/sites\/4\/2023\/12\/AED-7.jpg\" alt=\"AED\" width=\"634\" height=\"196\" \/><\/p>\n<div class=\"a-section a-spacing-none aplus-module-section aplus-text-section\">\n<p class=\"description\">Udstyret med snapl\u00e5se til at passe til alle AED-defibrillatorer giver AED-skabet sikker opbevaringsplads til din defibrillator, klar til brug. R\u00f8d AED-tekst vil g\u00f8re opm\u00e6rksom p\u00e5 alle her, placeret ved ulykkesstedet, indbyggede d\u00f8rh\u00e5ndtag, sofistikeret snapl\u00e5sdesign g\u00f8r det muligt at redde liv hurtigt. Vores AED-skab er intelligent designet til hurtig adgang. Installer det et let tilg\u00e6ngeligt sted for at sikre, at defibrillatoren kan hentes hurtigt, n\u00e5r sekunder t\u00e6ller mest.<\/p>\n<p><strong>Universal Anvendelighed:<\/strong> Skr\u00e6ddersyet til universel anvendelse er dette AED-skab ideelt til hospitaler, klinikker, redningsk\u00f8ret\u00f8jer, institutioner og forskellige indstillinger. Det im\u00f8dekommer opbevaringsbehovene for defibrillatorer, der kun er tilg\u00e6ngelige for uddannede fagfolk, og \u00f8ger sikkerheden i forskellige milj\u00f8er.<\/p>\n<p><strong>Praktisk Hulh\u00e5ndtag:<\/strong> Med et brugervenligt hulh\u00e5ndtag sikrer AED-skabet ubesv\u00e6ret og \u00f8jeblikkelig adgang til den opbevarede defibrillator. Den ul\u00e5ste design eliminerer forsinkelser i at n\u00e5 AED&#8217;en under kritiske \u00f8jeblikke. Invest\u00e9r i AED-skabet for en problemfri kombination af tilg\u00e6ngelighed, sikkerhed og gennemsigtighed. H\u00e6v dine forberedelsesniveauer med vores p\u00e5lidelige AED-opbevaringsl\u00f8sning og s\u00f8rg for, at livreddende udstyr altid er lige ved h\u00e5nden, n\u00e5r tiden er afg\u00f8rende.<\/p>\n<p class=\"description\">Desuden kan denne aluminiumsbox fungere som opbevaring til forskellige typer udstyr s\u00e5som en brandsikringsstige, f\u00f8rstehj\u00e6lpskasse og blot til opbevaring af varer.<\/p>\n<p><em>M\u00e5l: <span class=\"a-text-italic\">35,8 x 17,8 x 40 cm | 3,63 KG<\/span><\/em><\/p>\n<p><em>Lavet af industrielt jern<\/em><\/p>\n<p><em>Transparent akrylvindue og r\u00f8de elementer for nem identifikation<\/em><\/p>\n<p><em>Der er fire huller til installation p\u00e5 bagsiden af enheden<\/em><\/p>\n<p><em>Universelt AED-v\u00e6gskab passer til alle AED&#8217;er<\/em><\/p>\n<p><img loading=\"lazy\" decoding=\"async\" class=\"alignnone wp-image-5253\" src=\"https:\/\/isopllc.com\/usa\/wp-content\/uploads\/sites\/4\/2023\/12\/AED-8.jpg\" alt=\"AED\" width=\"631\" height=\"195\" \/><\/p>\n<\/div>\n","protected":false},"excerpt":{"rendered":"[embed]https:\/\/www.youtube.com\/shorts\/M65A5eMPJkk[\/embed]\n<p id=\"title\" class=\"a-size-large a-spacing-none\" style=\"text-align: center;\">ISOP AED Defibrillator Opbevaringsskab | V\u00e6gmonteret F\u00f8rstehj\u00e6lpskasse | Universal Skab til N\u00f8dsituationss\u00e6t, Brandsstige, Brandsikringsudstyr eller Redningsoverlevelseskit | N\u00f8descape-stigeskab<\/p>\n<p style=\"text-align: center;\">GRATIS LEVERING INDEN FOR 3-7 DAGE<\/p>\n<h4 style=\"text-align: center;\"><strong>K\u00d8BE DET<\/strong><\/h4>\n<p><a href=\"https:\/\/www.amazon.de\/dp\/B0CN18ZB44\/ref=sr_1_1?__mk_de_DE=%C3%85M%C3%85%C5%BD%C3%95%C3%91&amp;crid=38LUXX770LNMV&amp;keywords=AED-Defibrillator-Aufbewahrungsschrank&amp;qid=1706455679&amp;s=drugstore&amp;sprefix=%2Cdrugstore%2C620&amp;sr=1-1&amp;ufe=app_do%3Aamzn1.fos.d85e497d-ab66-4790-acf8-e520aaf28cd3\"><img loading=\"lazy\" decoding=\"async\" class=\"aligncenter wp-image-1040 size-full\" src=\"https:\/\/isopllc.com\/dk\/wp-content\/uploads\/sites\/14\/2020\/01\/amazon-button9.png\" alt=\"\" width=\"160\" height=\"59\" \/><\/a><\/p>\n","protected":false},"featured_media":5045,"comment_status":"open","ping_status":"closed","template":"","meta":[],"product_brand":[],"product_cat":[166,160,164],"product_tag":[96,98,92,97,36,43],"class_list":{"0":"post-5007","1":"product","2":"type-product","3":"status-publish","4":"has-post-thumbnail","6":"product_cat-opbevaringsboks-til-brandtrappestiger","7":"product_cat-rednings-og-overlevelsessaet","8":"product_cat-tilbehoer-til-brandstiger","9":"product_tag-aed-defibrillator","10":"product_tag-foerstehjaelp","11":"product_tag-isop","12":"product_tag-opbevaringsskab","13":"product_tag-sikkerhed","14":"product_tag-udstyr","16":"first","17":"instock","18":"shipping-taxable","19":"purchasable","20":"product-type-simple"},"_links":{"self":[{"href":"https:\/\/isopllc.com\/dk\/wp-json\/wp\/v2\/product\/5007","targetHints":{"allow":["GET"]}}],"collection":[{"href":"https:\/\/isopllc.com\/dk\/wp-json\/wp\/v2\/product"}],"about":[{"href":"https:\/\/isopllc.com\/dk\/wp-json\/wp\/v2\/types\/product"}],"replies":[{"embeddable":true,"href":"https:\/\/isopllc.com\/dk\/wp-json\/wp\/v2\/comments?post=5007"}],"wp:featuredmedia":[{"embeddable":true,"href":"https:\/\/isopllc.com\/dk\/wp-json\/wp\/v2\/media\/5045"}],"wp:attachment":[{"href":"https:\/\/isopllc.com\/dk\/wp-json\/wp\/v2\/media?parent=5007"}],"wp:term":[{"taxonomy":"product_brand","embeddable":true,"href":"https:\/\/isopllc.com\/dk\/wp-json\/wp\/v2\/product_brand?post=5007"},{"taxonomy":"product_cat","embeddable":true,"href":"https:\/\/isopllc.com\/dk\/wp-json\/wp\/v2\/product_cat?post=5007"},{"taxonomy":"product_tag","embeddable":true,"href":"https:\/\/isopllc.com\/dk\/wp-json\/wp\/v2\/product_tag?post=5007"}],"curies":[{"name":"wp","href":"https:\/\/api.w.org\/{rel}","templated":true}]}}