{"id":5036,"date":"2024-01-28T15:43:02","date_gmt":"2024-01-28T15:43:02","guid":{"rendered":"https:\/\/isopllc.com\/dk\/?post_type=product&#038;p=5036"},"modified":"2025-07-01T14:34:40","modified_gmt":"2025-07-01T14:34:40","slug":"brandslukkerskab-m-stoerrelse","status":"publish","type":"product","link":"https:\/\/isopllc.com\/dk\/product\/brandslukkerskab-m-stoerrelse\/","title":{"rendered":"Brandslukkerskab Lille \/ 33*12*11\u00a0cm"},"content":{"rendered":"<h1 id=\"title\" class=\"a-size-large a-spacing-none\">Brandslukkerskab Lille \/ 33*<em>12*11<\/em>\u00a0cm \/ Brandslukker Vejrbestandig Boks \/ Brandslukker V\u00e6gskab R\u00f8d \/ Synligt Brandsikringsskab<\/h1>\n<p><img loading=\"lazy\" decoding=\"async\" class=\"alignnone wp-image-5269 entered lazyloaded\" title=\"Brandslukkerskab M st\u00f8rrelse 10\" src=\"https:\/\/isopllc.com\/usa\/wp-content\/uploads\/sites\/4\/2024\/01\/%D0%A8%D0%BA%D0%B0%D1%84-2_1.png\" alt=\"Brandslukkerboks L\" width=\"348\" height=\"348\" data-lazy-srcset=\"https:\/\/isopllc.com\/usa\/wp-content\/uploads\/sites\/4\/2024\/01\/\u0428\u043a\u0430\u0444-2_1.png 900w, https:\/\/isopllc.com\/usa\/wp-content\/uploads\/sites\/4\/2024\/01\/\u0428\u043a\u0430\u0444-2_1-150x150.png 150w, https:\/\/isopllc.com\/usa\/wp-content\/uploads\/sites\/4\/2024\/01\/\u0428\u043a\u0430\u0444-2_1-768x768.png 768w, https:\/\/isopllc.com\/usa\/wp-content\/uploads\/sites\/4\/2024\/01\/\u0428\u043a\u0430\u0444-2_1-416x416.png 416w, https:\/\/isopllc.com\/usa\/wp-content\/uploads\/sites\/4\/2024\/01\/\u0428\u043a\u0430\u0444-2_1-100x100.png 100w\" data-lazy-sizes=\"(max-width: 348px) 100vw, 348px\" data-lazy-src=\"https:\/\/isopllc.com\/usa\/wp-content\/uploads\/sites\/4\/2024\/01\/\u0428\u043a\u0430\u0444-2_1.png\" data-ll-status=\"loaded\" \/><\/p>\n<h1 class=\"aplus-h3 a-text-bold\">S\u00f8rg for ingen forsinkelser i svartider<\/h1>\n<p>Bevar din ildslukkers beredskab og tilg\u00e6ngelighed, mens du holder den beskyttet mod st\u00f8v, snavs og manipulation med vores Heavy-Duty kabinet.\u00a0Designet til holdbarhed og hurtig genkendelse i en n\u00f8dsituation, sikrer dette r\u00f8de pulverlakerede st\u00e5lskab ingen forsinkelser i responstider.<\/p>\n<p><img loading=\"lazy\" decoding=\"async\" class=\"alignnone wp-image-5270 entered lazyloaded\" title=\"Brandslukkerskab M st\u00f8rrelse 11\" src=\"https:\/\/isopllc.com\/usa\/wp-content\/uploads\/sites\/4\/2024\/01\/%D0%A8%D0%BA%D0%B0%D1%84-2_2.png\" alt=\"Brandslukkerboks L\" width=\"342\" height=\"342\" data-lazy-srcset=\"https:\/\/isopllc.com\/usa\/wp-content\/uploads\/sites\/4\/2024\/01\/\u0428\u043a\u0430\u0444-2_2.png 900w, https:\/\/isopllc.com\/usa\/wp-content\/uploads\/sites\/4\/2024\/01\/\u0428\u043a\u0430\u0444-2_2-150x150.png 150w, https:\/\/isopllc.com\/usa\/wp-content\/uploads\/sites\/4\/2024\/01\/\u0428\u043a\u0430\u0444-2_2-768x768.png 768w, https:\/\/isopllc.com\/usa\/wp-content\/uploads\/sites\/4\/2024\/01\/\u0428\u043a\u0430\u0444-2_2-416x416.png 416w, https:\/\/isopllc.com\/usa\/wp-content\/uploads\/sites\/4\/2024\/01\/\u0428\u043a\u0430\u0444-2_2-100x100.png 100w\" data-lazy-sizes=\"(max-width: 342px) 100vw, 342px\" data-lazy-src=\"https:\/\/isopllc.com\/usa\/wp-content\/uploads\/sites\/4\/2024\/01\/\u0428\u043a\u0430\u0444-2_2.png\" data-ll-status=\"loaded\" \/><\/p>\n<h1 class=\"aplus-h3 a-text-bold\">Din ildslukker forbliver sikker og klar<\/h1>\n<p>S\u00f8rg for sikkerheden i dit milj\u00f8 med dette meget synlige ildslukkerskab.\u00a0Dette kabinet er velegnet til brug i kommercielle, industrielle og boligomr\u00e5der, og det leveres med forborede monteringshuller for at g\u00f8re installationen nem og sikker.<\/p>\n<p><img loading=\"lazy\" decoding=\"async\" class=\"alignnone wp-image-5271 entered lazyloaded\" title=\"Brandslukkerskab M st\u00f8rrelse 12\" src=\"https:\/\/isopllc.com\/usa\/wp-content\/uploads\/sites\/4\/2024\/01\/Estinguisher-Size-L-3.jpg\" alt=\"Brandslukkerboks L\" width=\"403\" height=\"217\" data-lazy-srcset=\"https:\/\/isopllc.com\/usa\/wp-content\/uploads\/sites\/4\/2024\/01\/Estinguisher-Size-L-3.jpg 650w, https:\/\/isopllc.com\/usa\/wp-content\/uploads\/sites\/4\/2024\/01\/Estinguisher-Size-L-3-416x224.jpg 416w\" data-lazy-sizes=\"(max-width: 403px) 100vw, 403px\" data-lazy-src=\"https:\/\/isopllc.com\/usa\/wp-content\/uploads\/sites\/4\/2024\/01\/Estinguisher-Size-L-3.jpg\" data-ll-status=\"loaded\" \/><\/p>\n<h1 class=\"aplus-h3 a-text-bold\">Funktioner<\/h1>\n<p class=\"aplus-p3\">\u2013 Robust st\u00e5lkonstruktion med en levende r\u00f8d pulverlakeret finish for h\u00f8j synlighed<\/p>\n<p class=\"aplus-p3\">\u2013 Gennemsigtigt visningspanel g\u00f8r inspektionen enkel uden at \u00e5bne skabet<\/p>\n<p class=\"aplus-p3\">\u2013 Integreret h\u00e5ndtag for j\u00e6vn \u00e5bning i tilf\u00e6lde af en n\u00f8dsituation<\/p>\n<p class=\"aplus-p3\">\u2013 Forborede huller til nem og sikker v\u00e6gmontering<\/p>\n<p><img loading=\"lazy\" decoding=\"async\" class=\"alignnone wp-image-5272 entered lazyloaded\" title=\"Brandslukkerskab M st\u00f8rrelse 13\" src=\"https:\/\/isopllc.com\/usa\/wp-content\/uploads\/sites\/4\/2024\/01\/Estinguisher-Size-L-4.jpg\" alt=\"Brandslukkerboks\" width=\"453\" height=\"244\" data-lazy-srcset=\"https:\/\/isopllc.com\/usa\/wp-content\/uploads\/sites\/4\/2024\/01\/Estinguisher-Size-L-4.jpg 650w, https:\/\/isopllc.com\/usa\/wp-content\/uploads\/sites\/4\/2024\/01\/Estinguisher-Size-L-4-416x224.jpg 416w\" data-lazy-sizes=\"(max-width: 453px) 100vw, 453px\" data-lazy-src=\"https:\/\/isopllc.com\/usa\/wp-content\/uploads\/sites\/4\/2024\/01\/Estinguisher-Size-L-4.jpg\" data-ll-status=\"loaded\" \/><\/p>\n<div class=\"celwidget aplus-module premium-module-3-four-column-images aplus-premium\" data-csa-c-id=\"5x7ui9-ius50c-ssm1r8-66oj1i\" data-cel-widget=\"aplus-premium-module-3-four-column-images\">\n<div class=\"a-section a-spacing-none premium-aplus premium-aplus-module-3 aplus-container-1\">\n<div class=\"a-section a-spacing-none premium-aplus-four-column\">\n<div class=\"a-section a-spacing-none premium-aplus-column\">\n<div class=\"a-section a-spacing-none column-description\"><\/div>\n<\/div>\n<\/div>\n<\/div>\n<\/div>\n<div class=\"celwidget aplus-module premium-module-4-two-column-images aplus-premium\" data-csa-c-id=\"15yl7x-eio1n0-m9lh6n-socwzs\" data-cel-widget=\"aplus-premium-module-4-two-column-images\">\n<div class=\"a-section a-spacing-none premium-aplus premium-aplus-module-4 aplus-container-1\">\n<div class=\"a-section a-spacing-none premium-aplus-two-column\">\n<div class=\"a-section a-spacing-none premium-aplus-column\">\n<div class=\"a-section a-spacing-none column-description\"><\/div>\n<\/div>\n<div class=\"a-section a-spacing-none premium-aplus-column\">\n<div class=\"a-section a-spacing-none column-description\">\n<h1 class=\"aplus-h3 a-text-bold\">specifikationer<\/h1>\n<p class=\"aplus-p3\">\u2013 Materiale: Kraftig jern<\/p>\n<p class=\"aplus-p3\">\u2013 Finish: Sikkerhedsr\u00f8d pulverlak<\/p>\n<p class=\"aplus-p3\">\u2013 Dimensioner: Lille \u2013 33*12*11 cm | Stor \u2013 56*20*17 cm<\/p>\n<p class=\"aplus-p3\"><strong><span class=\"a-text-bold\">Bem\u00e6rk venligst, at ildslukkere s\u00e6lges separat.<\/span><\/strong><\/p>\n<p class=\"description\">Vi introducerer det ultimative brandslukkerskab, designet til at give p\u00e5lidelig og vejrbestandig opbevaring af dit brandsikkerhedsudstyr.\u00a0Vores v\u00e6gh\u00e6ngte skab tilbyder en synlig og sikker l\u00f8sning til opbevaring af ildslukkere, der sikrer, at de er let tilg\u00e6ngelige i tilf\u00e6lde af en n\u00f8dsituation.<\/p>\n<p class=\"description\">Vores ildslukkeropbevaring er lavet med holdbarhed og praktisk brug i tankerne og har et rummeligt design, der nemt kan rumme ildslukkere op til 5 kg. Den vejrbestandige konstruktion sikrer, at dit brandsikkerhedsudstyr forbliver beskyttet mod elementerne, hvilket g\u00f8r det velegnet til b\u00e5de indend\u00f8rs og udend\u00f8rs installation.\u00a0Med sit robuste design og h\u00f8je synlighedsfinish tilbyder vores vejrbestandige brandslukkerskab en fremtr\u00e6dende og let tilg\u00e6ngelig opbevaringsl\u00f8sning til din ejendom.<\/p>\n<p class=\"description\">Den v\u00e6gmonterede konfiguration af vores v\u00e6gmonterede ildslukker giver mulighed for bekvem installation p\u00e5 vigtige steder, s\u00e5som varehuse, fabrikker, garager eller ethvert omr\u00e5de, hvor overholdelse af brandsikkerhed er afg\u00f8rende.\u00a0Det meget synlige design sikrer, at ildslukkeren er let identificerbar og tilg\u00e6ngelig for autoriseret personale, hvilket forbedrer n\u00f8dberedskab og sikkerhedsprotokoller.<\/p>\n<p class=\"description\">Vores ildslukkeropbevaringsskab giver en sikker og holdbar l\u00f8sning til at rumme brandsikkerhedsudstyr, der giver ro i sindet og overholdelse af sikkerhedsbestemmelser.\u00a0Skabets synlige og beskyttende karakter g\u00f8r det til et ideelt valg til kommercielle og industrielle omgivelser, hvor sikring mod brandfare er altafg\u00f8rende.<\/p>\n<p class=\"description\">Invester i vores brandslukkerboks for at sikre dit brandsikkerhedsudstyr med tillid og ro i sindet. S\u00f8rg for, at din ejendom er udstyret med en synlig og tilg\u00e6ngelig v\u00e6gmonteret ildslukkerl\u00f8sning \u2013 bestil nu og tag et proaktivt skridt i retning af at \u00f8ge sikkerheden og overensstemmelsen i dine lokaler. Stol p\u00e5 vores vejrbestandige brandslukkerskab for at beskytte dit brandsikkerhedsudstyr og give en synlig og tilg\u00e6ngelig opbevaringsl\u00f8sning til n\u00f8dberedskab.<\/p>\n<p>F\u00e5s ogs\u00e5 i <a href=\"https:\/\/isopllc.com\/dk\/product\/brandslukkerskab-stoerrelse-m-45-17-15-cm\/\"><strong>mellemst\u00f8rrelse<\/strong><\/a> og <a href=\"https:\/\/isopllc.com\/dk\/product\/brandslukkerboks-stor-stoerrelse\/\"><strong>stor st\u00f8rrelse.<\/strong><\/a><\/p>\n<\/div>\n<\/div>\n<\/div>\n<\/div>\n<\/div>\n","protected":false},"excerpt":{"rendered":"[embed]https:\/\/www.youtube.com\/shorts\/-LcIdVPelWw[\/embed]\n<p id=\"title\" class=\"a-size-large a-spacing-none\" style=\"text-align: center\">Brandslukkerskab Lille \/ 33*<em>12*11<\/em>\u00a0cm \/ Brandslukker Vejrbestandig Boks \/ Brandslukker V\u00e6gskab R\u00f8d \/ Synligt Brandsikringsskab<\/p>\n<p style=\"text-align: center\">GRATIS LEVERING INDEN FOR 3-7 DAGE<\/p>\n<p style=\"text-align: center\"><strong>K\u00d8B DEN P\u00c5<\/strong><\/p>\n<p><a href=\"https:\/\/www.amazon.de\/dp\/B0CNKHNRNH\/ref=sr_1_1?__mk_de_DE=%C3%85M%C3%85%C5%BD%C3%95%C3%91&amp;crid=8O03ECSC2CMA&amp;keywords=Feuerl%C3%B6scher-Schrank%20Klein&amp;qid=1706456411&amp;s=diy&amp;sprefix=b0cn18l66p%2Cdiy%2C483&amp;sr=1-1\"><img loading=\"lazy\" decoding=\"async\" class=\"entered lazyloaded aligncenter wp-image-1040 size-full\" src=\"https:\/\/isopllc.com\/dk\/wp-content\/uploads\/sites\/14\/2020\/01\/amazon-button9.png\" alt=\"\" width=\"160\" height=\"59\" data-lazy-src=\"https:\/\/isopllc.com\/usa\/wp-content\/uploads\/sites\/4\/2020\/01\/amazon-button9.png\" data-ll-status=\"loaded\" \/><\/a><\/p>\n<p>&nbsp;<\/p>\n","protected":false},"featured_media":5043,"comment_status":"open","ping_status":"closed","template":"","meta":[],"product_brand":[],"product_cat":[159,164],"product_tag":[78,38,79,36],"class_list":{"0":"post-5036","1":"product","2":"type-product","3":"status-publish","4":"has-post-thumbnail","6":"product_cat-brandslukkerholdere","7":"product_cat-tilbehoer-til-brandstiger","8":"product_tag-brandslukkerskab","9":"product_tag-brandudstyr","10":"product_tag-lille","11":"product_tag-sikkerhed","13":"first","14":"instock","15":"shipping-taxable","16":"purchasable","17":"product-type-simple"},"_links":{"self":[{"href":"https:\/\/isopllc.com\/dk\/wp-json\/wp\/v2\/product\/5036","targetHints":{"allow":["GET"]}}],"collection":[{"href":"https:\/\/isopllc.com\/dk\/wp-json\/wp\/v2\/product"}],"about":[{"href":"https:\/\/isopllc.com\/dk\/wp-json\/wp\/v2\/types\/product"}],"replies":[{"embeddable":true,"href":"https:\/\/isopllc.com\/dk\/wp-json\/wp\/v2\/comments?post=5036"}],"wp:featuredmedia":[{"embeddable":true,"href":"https:\/\/isopllc.com\/dk\/wp-json\/wp\/v2\/media\/5043"}],"wp:attachment":[{"href":"https:\/\/isopllc.com\/dk\/wp-json\/wp\/v2\/media?parent=5036"}],"wp:term":[{"taxonomy":"product_brand","embeddable":true,"href":"https:\/\/isopllc.com\/dk\/wp-json\/wp\/v2\/product_brand?post=5036"},{"taxonomy":"product_cat","embeddable":true,"href":"https:\/\/isopllc.com\/dk\/wp-json\/wp\/v2\/product_cat?post=5036"},{"taxonomy":"product_tag","embeddable":true,"href":"https:\/\/isopllc.com\/dk\/wp-json\/wp\/v2\/product_tag?post=5036"}],"curies":[{"name":"wp","href":"https:\/\/api.w.org\/{rel}","templated":true}]}}