{"id":5063,"date":"2024-05-24T15:55:57","date_gmt":"2024-05-24T15:55:57","guid":{"rendered":"https:\/\/isopllc.com\/dk\/?post_type=product&#038;p=5063"},"modified":"2025-07-01T14:34:01","modified_gmt":"2025-07-01T14:34:01","slug":"brandstige-til-boliger-7-5-m-inkluderer-aluminiumsboks","status":"publish","type":"product","link":"https:\/\/isopllc.com\/dk\/product\/brandstige-til-boliger-7-5-m-inkluderer-aluminiumsboks\/","title":{"rendered":"Brandstige til boliger 7.5 m inkluderer aluminiumsboks"},"content":{"rendered":"<h2>Indbygget Brandflugtsstige 3 etager 7.5 m | Udtr\u00e6kkelige stiger | Brandstige til boliger inkluderer aluminiumsboks, snapkroge og 2 ankres\u00e6t<\/h2>\n<div class=\"celwidget aplus-module module-9 aplus-standard\" data-csa-c-id=\"6rrkxj-o9oo3p-2dk8kw-v8mrts\" data-cel-widget=\"aplus-module-9\">\n<div class=\"a-expander-collapsed-height a-row a-expander-container a-expander-partial-collapse-container\" aria-live=\"polite\" data-a-expander-name=\"aplus-module-expander\" data-a-expander-collapsed-height=\"700\">\n<div class=\"a-expander-content a-expander-partial-collapse-content\" aria-expanded=\"false\">\n<div class=\"aplus-module-wrapper apm-fixed-width\">\n<div class=\"apm-spacing apm-fixed-width\">\n<h3 class=\"a-spacing-small\">Hvorfor v\u00e6lge vores brandtrappe?<\/h3>\n<p><img loading=\"lazy\" decoding=\"async\" class=\"alignnone size-full wp-image-5064\" src=\"https:\/\/isopllc.com\/dk\/wp-content\/uploads\/sites\/14\/2024\/05\/7d18ef1f-96f1-4564-9da3-55a08c331107.__CR0010001000_PT0_SX300_V1___.jpg\" alt=\"alubox\" width=\"300\" height=\"300\" srcset=\"https:\/\/isopllc.com\/dk\/wp-content\/uploads\/sites\/14\/2024\/05\/7d18ef1f-96f1-4564-9da3-55a08c331107.__CR0010001000_PT0_SX300_V1___.jpg 300w, https:\/\/isopllc.com\/dk\/wp-content\/uploads\/sites\/14\/2024\/05\/7d18ef1f-96f1-4564-9da3-55a08c331107.__CR0010001000_PT0_SX300_V1___-150x150.jpg 150w, https:\/\/isopllc.com\/dk\/wp-content\/uploads\/sites\/14\/2024\/05\/7d18ef1f-96f1-4564-9da3-55a08c331107.__CR0010001000_PT0_SX300_V1___-100x100.jpg 100w\" sizes=\"auto, (max-width: 300px) 100vw, 300px\" \/><\/p>\n<p>Iron Fire Escape Ladder Cabinet holder din flugtstige let tilg\u00e6ngelig i tilf\u00e6lde af en n\u00f8dsituation.<\/p>\n<p>P\u00e5 grund af dens kompakte st\u00f8rrelse &#8211; (33&#215;43 cm, 1 mm tynd) og holdbare konstruktion, er dette skab ideelt til lejligheder, ejerlejligheder og sm\u00e5 virksomheder, og det giver et sikkert, sikkert sted til langtidsopbevaring.<\/p>\n<p><img decoding=\"async\" class=\"a-spacing-mini\" src=\"https:\/\/m.media-amazon.com\/images\/S\/aplus-media\/sc\/d4cc9639-a61a-4b3c-b1c6-a62967c917dd.__CR145,0,1000,1000_PT0_SX300_V1___.jpg\" alt=\"Anti Slip Rungs\" data-src=\"https:\/\/m.media-amazon.com\/images\/S\/aplus-media\/sc\/d4cc9639-a61a-4b3c-b1c6-a62967c917dd.__CR145,0,1000,1000_PT0_SX300_V1___.jpg\" \/><\/p>\n<h3><span class=\"a-text-bold\">Sk\u00e5nsom mod h\u00e6nderne<\/span><\/h3>\n<p>Da vi skabte disse stiger, tog vi hensyn til vores konkurrenters fejl. Bestsellerne s\u00e5som first alert og kidde har mange klager over, at n\u00e5r de bruger deres stiger, sk\u00e6rer trin brugernes h\u00e6nder, fordi aluminiumstrin er skarpe. Det har vi taget h\u00f8jde for, og vores stiger har ikke skarpe hj\u00f8rner, og de er sikre at bruge af b\u00e5de voksne og b\u00f8rn.<\/p>\n<p><img decoding=\"async\" class=\"a-spacing-mini\" src=\"https:\/\/m.media-amazon.com\/images\/S\/aplus-media\/sc\/27f9c708-c858-49c0-96f7-815dd0fa4f9a.__CR0,0,1000,1000_PT0_SX300_V1___.jpg\" alt=\"Wide application\" data-src=\"https:\/\/m.media-amazon.com\/images\/S\/aplus-media\/sc\/27f9c708-c858-49c0-96f7-815dd0fa4f9a.__CR0,0,1000,1000_PT0_SX300_V1___.jpg\" \/><\/p>\n<h3><span class=\"a-text-bold\">Integrerede stropper<\/span><\/h3>\n<p>Igen, sammenligner vores stiger med konkurrenter, skal det bem\u00e6rkes, at i mods\u00e6tning til andre, best\u00e5r vores stiger fra top til bund af \u00e9t stykke webbing-strop, der kan modst\u00e5 mere end et 44 pund (!) Takket v\u00e6re en speciel patenteret teknologi. Mens konkurrenternes webbingstiger er syet i stykker, hvilket efter vores mening er up\u00e5lideligt.<\/p>\n<p><img decoding=\"async\" src=\"https:\/\/m.media-amazon.com\/images\/S\/aplus-media-library-service-media\/3e3631ef-bf95-4934-bd5d-2881c8d8d8c7.__CR0,0,300,300_PT0_SX300_V1___.jpg\" alt=\"For window or balcony\" \/><\/p>\n<\/div>\n<div><\/div>\n<\/div>\n<div>\n<p>Leveres med et klatreankerboltes\u00e6t, 2 stk oph\u00e6ngsplader og 2 stk ekspansionsbolte. Boltem\u00f8trikker og flade sp\u00e6ndeskiver medf\u00f8lger.<\/p>\n<p>&nbsp;<\/p>\n<p><img decoding=\"async\" class=\"a-spacing-mini\" src=\"https:\/\/m.media-amazon.com\/images\/S\/aplus-media\/sc\/42cab632-a2d0-40fd-a2dd-280d531bf010.__CR282,0,1000,1000_PT0_SX300_V1___.jpg\" alt=\"For window or balcony\" data-src=\"https:\/\/m.media-amazon.com\/images\/S\/aplus-media\/sc\/42cab632-a2d0-40fd-a2dd-280d531bf010.__CR282,0,1000,1000_PT0_SX300_V1___.jpg\" \/><\/p>\n<h3><span class=\"a-text-bold\">Stabilisatorer<\/span><\/h3>\n<p>Vores stigers trin har stabilisatorer, som g\u00f8r, at stigerne ikke kl\u00e6ber t\u00e6t til v\u00e6ggen, men forbliver solide mod den og derfor i h\u00f8j grad letter nedstigningen fra anden eller tredje sal.<\/p>\n<h3><span class=\"a-text-bold\">Skridsikre trin<\/span><\/h3>\n<p>Et s\u00e6rligt m\u00f8nster p\u00e5 overfladen af \u200b\u200btrinene g\u00f8r nedstigningen fra lejligheden skridsikker i al slags vejr.<\/p>\n<p><img decoding=\"async\" class=\"a-spacing-mini\" src=\"https:\/\/m.media-amazon.com\/images\/S\/aplus-media\/sc\/8b1ba6ce-d84f-4314-b98a-95d063fc3e5e.__CR500,0,1000,1000_PT0_SX300_V1___.jpg\" alt=\"For window or balcony\" data-src=\"https:\/\/m.media-amazon.com\/images\/S\/aplus-media\/sc\/8b1ba6ce-d84f-4314-b98a-95d063fc3e5e.__CR500,0,1000,1000_PT0_SX300_V1___.jpg\" \/><\/p>\n<h3><span class=\"a-text-bold\">Vejrbestandig<\/span><\/h3>\n<p>Den specielle pulverlakerede maling beskytter trinene mod rust, og polyesterb\u00e5ndet er meget modstandsdygtigt over for vand eller sne, derfor er vores brandstiger vejrbestandige.<\/p>\n<h3>Genanvendelig<\/h3>\n<p>Vores stiger er genbrugelige, i mods\u00e6tning til konkurrenternes. Med korrekt opbevaring kan de holde i \u00e5revis!<\/p>\n<p><img decoding=\"async\" src=\"https:\/\/m.media-amazon.com\/images\/S\/aplus-media-library-service-media\/9565f831-9888-4144-a36f-5e092ddb895b.__CR0,0,300,300_PT0_SX300_V1___.jpg\" alt=\"carabiners\" \/><\/p>\n<h3><span class=\"a-text-bold\">Kraftige karabinhager<\/span><\/h3>\n<p>Stigerne inkluderer forkromede karabinhager med brudstyrke 11KN.<\/p>\n<\/div>\n<\/div>\n<\/div>\n<\/div>\n<div class=\"celwidget aplus-module module-9 aplus-standard\" data-csa-c-id=\"hn4tie-rexf97-49vntp-dywif3\" data-cel-widget=\"aplus-module-9\">\n<div class=\"a-expander-collapsed-height a-row a-expander-container a-expander-partial-collapse-container\" aria-live=\"polite\" data-a-expander-name=\"aplus-module-expander\" data-a-expander-collapsed-height=\"700\">\n<div class=\"a-expander-content a-expander-partial-collapse-content\" aria-expanded=\"false\">\n<div><\/div>\n<\/div>\n<\/div>\n<\/div>\n<div class=\"celwidget aplus-module module-2 aplus-standard\" data-csa-c-id=\"czdp8c-vpt42n-ub22e6-8qlfjz\" data-cel-widget=\"aplus-module-2\">\n<div class=\"a-expander-collapsed-height a-row a-expander-container a-expander-partial-collapse-container\" aria-live=\"polite\" data-a-expander-name=\"aplus-module-expander\" data-a-expander-collapsed-height=\"700\">\n<div class=\"a-expander-content a-expander-partial-collapse-content\" aria-expanded=\"false\">\n<div class=\"aplus-module-wrapper apm-floatnone apm-fixed-width\">\n<div class=\"apm-sidemodule apm-spacing\">\n<div class=\"apm-sidemodule-imageleft\"><img decoding=\"async\" class=\"\" src=\"https:\/\/m.media-amazon.com\/images\/S\/aplus-media\/sc\/55dfe070-7172-4b34-b379-6ab49b743dd1.__CR226,0,1000,1000_PT0_SX300_V1___.jpg\" alt=\"Variation of 2 sizes\" data-src=\"https:\/\/m.media-amazon.com\/images\/S\/aplus-media\/sc\/55dfe070-7172-4b34-b379-6ab49b743dd1.__CR226,0,1000,1000_PT0_SX300_V1___.jpg\" \/><\/div>\n<div class=\"apm-sidemodule-textright\">\n<h3><span class=\"a-text-bold\">Professionelt stigefirma<\/span><\/h3>\n<p>Vi anbefaler at k\u00f8be stiger hos et firma, der har specialiseret sig i stiger, da dette er et sikkerhedsprodukt.<\/p>\n<p>Og ISOP er en af \u200b\u200bf\u00e5 virksomheder, der tilbyder et bredt udvalg af forskellige stiger fra sin egen produktionsfacilitet.<\/p>\n<p><img decoding=\"async\" src=\"https:\/\/m.media-amazon.com\/images\/S\/aplus-media-library-service-media\/0c3c254d-684e-4313-bc9f-ae4b4b7e7ee7.__CR0,0,300,300_PT0_SX300_V1___.jpg\" alt=\"professional ladder\" \/><\/p>\n<p>F\u00e5s ogs\u00e5 i <a href=\"https:\/\/isopllc.com\/dk\/product\/indbygget-fire-escape-ladder-2-story-13ft-udtraekkelige-stiger-brandstige-til-boliger-inkluderer-aluminiumsboks-snapkroge-og-2-ankresaet\/\"><strong>2 etager<\/strong><\/a>.<\/p>\n<\/div>\n<\/div>\n<\/div>\n<\/div>\n<\/div>\n<\/div>\n","protected":false},"excerpt":{"rendered":"[embed]https:\/\/youtu.be\/gkfp_TrJa5s[\/embed]\n<p style=\"text-align: center\">Indbygget Brandflugtsstige 3 etager 7.5 m | Udtr\u00e6kkelige stiger | Brandstige til boliger inkluderer aluminiumsboks, snapkroge og 2 ankres\u00e6t<\/p>\n<p style=\"text-align: center\">GRATIS LEVERING INDEN FOR 3-7 DAGE<\/p>\n<h4 style=\"text-align: center\"><strong>K\u00d8B DEN P\u00c5<\/strong><\/h4>\n<p><a href=\"https:\/\/www.amazon.de\/dp\/B0CZWFYMY4\/ref=sr_1_1?__mk_de_DE=%C3%85M%C3%85%C5%BD%C3%95%C3%91&amp;crid=126RFBURIJ508&amp;dib=eyJ2IjoiMSJ9.0ojAM7vjzZieBEL9bAojLg.0WMMew1N3Q7skCiBMqHkll8etnsBZKUHtEdH0iGfG9o&amp;dib_tag=se&amp;keywords=Wandmontierte%20Feuerleiter%20f%C3%BCr%202%20Stockwerke%207.5%20m&amp;qid=1716475327&amp;s=kitchen&amp;sprefix=b09g1pv5rs%2Ckitchen%2C239&amp;sr=1-1&amp;th=1\"><img loading=\"lazy\" decoding=\"async\" class=\"aligncenter wp-image-1040 size-full\" src=\"https:\/\/isopllc.com\/dk\/wp-content\/uploads\/sites\/14\/2020\/01\/amazon-button9.png\" alt=\"\" width=\"160\" height=\"59\" \/><\/a><\/p>\n<p>&nbsp;<\/p>\n<p>&nbsp;<\/p>\n","protected":false},"featured_media":5065,"comment_status":"open","ping_status":"closed","template":"","meta":[],"product_brand":[],"product_cat":[172,169,167],"product_tag":[34,83,82,81,38,37,36],"class_list":{"0":"post-5063","1":"product","2":"type-product","3":"status-publish","4":"has-post-thumbnail","6":"product_cat-brandtrappestiger-med-3-etager","7":"product_cat-brandtrappestiger-med-afstandsstykker","8":"product_cat-vaegmonterede-stiger","9":"product_tag-7-5-m","10":"product_tag-aluminiumsboks","11":"product_tag-boliger","12":"product_tag-brandstige","13":"product_tag-brandudstyr","14":"product_tag-evakuering","15":"product_tag-sikkerhed","17":"first","18":"instock","19":"shipping-taxable","20":"purchasable","21":"product-type-simple"},"_links":{"self":[{"href":"https:\/\/isopllc.com\/dk\/wp-json\/wp\/v2\/product\/5063","targetHints":{"allow":["GET"]}}],"collection":[{"href":"https:\/\/isopllc.com\/dk\/wp-json\/wp\/v2\/product"}],"about":[{"href":"https:\/\/isopllc.com\/dk\/wp-json\/wp\/v2\/types\/product"}],"replies":[{"embeddable":true,"href":"https:\/\/isopllc.com\/dk\/wp-json\/wp\/v2\/comments?post=5063"}],"wp:featuredmedia":[{"embeddable":true,"href":"https:\/\/isopllc.com\/dk\/wp-json\/wp\/v2\/media\/5065"}],"wp:attachment":[{"href":"https:\/\/isopllc.com\/dk\/wp-json\/wp\/v2\/media?parent=5063"}],"wp:term":[{"taxonomy":"product_brand","embeddable":true,"href":"https:\/\/isopllc.com\/dk\/wp-json\/wp\/v2\/product_brand?post=5063"},{"taxonomy":"product_cat","embeddable":true,"href":"https:\/\/isopllc.com\/dk\/wp-json\/wp\/v2\/product_cat?post=5063"},{"taxonomy":"product_tag","embeddable":true,"href":"https:\/\/isopllc.com\/dk\/wp-json\/wp\/v2\/product_tag?post=5063"}],"curies":[{"name":"wp","href":"https:\/\/api.w.org\/{rel}","templated":true}]}}