{"id":5096,"date":"2024-08-09T14:01:59","date_gmt":"2024-08-09T14:01:59","guid":{"rendered":"https:\/\/isopllc.com\/dk\/?post_type=product&#038;p=5096"},"modified":"2025-11-16T17:28:54","modified_gmt":"2025-11-16T17:28:54","slug":"isop-brandslukker-plastboks-stor-til-5-kg","status":"publish","type":"product","link":"https:\/\/isopllc.com\/dk\/product\/isop-brandslukker-plastboks-stor-til-5-kg\/","title":{"rendered":"ISOP Brandslukker Plastboks Stor til 5 kg"},"content":{"rendered":"<h1 id=\"title\" class=\"a-size-large a-spacing-none\">ISOP Brandslukker Plastboks Stor til 5 kg &#8211; Brandslukkerskab Indend\u00f8rs\/Udend\u00f8rs &#8211; Brandslukkerskab V\u00e6gh\u00e6ngt &#8211; Brandslukker Montering<\/h1>\n<div class=\"celwidget aplus-module premium-module-4-two-column-images aplus-premium\" data-csa-c-id=\"15yl7x-eio1n0-m9lh6n-socwzs\" data-cel-widget=\"aplus-premium-module-4-two-column-images\">\n<div class=\"a-section a-spacing-none premium-aplus premium-aplus-module-4 aplus-container-1\">\n<div class=\"a-section a-spacing-none premium-aplus-two-column\">\n<div class=\"a-section a-spacing-none premium-aplus-column\">\n<div class=\"a-section a-spacing-none column-description\">\n<div class=\"celwidget aplus-module module-9 aplus-standard\">\n<div class=\"aplus-module-wrapper\">\n<div class=\"\">\n<p class=\"a-text-center\"><img loading=\"lazy\" decoding=\"async\" class=\"alignnone size-full wp-image-5105\" src=\"https:\/\/isopllc.com\/dk\/wp-content\/uploads\/sites\/14\/2024\/08\/pvs-M-size-1.jpg\" alt=\"Brandslukker Plastboks\" width=\"300\" height=\"300\" srcset=\"https:\/\/isopllc.com\/dk\/wp-content\/uploads\/sites\/14\/2024\/08\/pvs-M-size-1.jpg 300w, https:\/\/isopllc.com\/dk\/wp-content\/uploads\/sites\/14\/2024\/08\/pvs-M-size-1-150x150.jpg 150w, https:\/\/isopllc.com\/dk\/wp-content\/uploads\/sites\/14\/2024\/08\/pvs-M-size-1-100x100.jpg 100w\" sizes=\"auto, (max-width: 300px) 100vw, 300px\" \/><\/p>\n<h4>Robust Konstruktion<\/h4>\n<p>Fremstillet af h\u00f8j kvalitet, slagfast plast er ISOP PVC brandslukkerboksen designet til at modst\u00e5 udfordrende milj\u00f8er. Dens holdbare design beskytter din brandslukker mod fysiske skader, barske vejrforhold og UV-str\u00e5ling, hvilket sikrer, at den forbliver klar til brug og p\u00e5lidelig over tid.<\/p>\n<p>&nbsp;<\/p>\n<p class=\"a-text-center\"><img loading=\"lazy\" decoding=\"async\" class=\"alignnone size-full wp-image-5097\" src=\"https:\/\/isopllc.com\/dk\/wp-content\/uploads\/sites\/14\/2024\/08\/pvs-L-size-2.jpg\" alt=\"Brandslukker Plastboks\" width=\"300\" height=\"300\" srcset=\"https:\/\/isopllc.com\/dk\/wp-content\/uploads\/sites\/14\/2024\/08\/pvs-L-size-2.jpg 300w, https:\/\/isopllc.com\/dk\/wp-content\/uploads\/sites\/14\/2024\/08\/pvs-L-size-2-150x150.jpg 150w, https:\/\/isopllc.com\/dk\/wp-content\/uploads\/sites\/14\/2024\/08\/pvs-L-size-2-100x100.jpg 100w\" sizes=\"auto, (max-width: 300px) 100vw, 300px\" \/><\/p>\n<h4 class=\"a-spacing-mini\">Stor Kapacitet<\/h4>\n<p class=\"a-spacing-base\">Designet til at passe st\u00f8rre brandslukkere med 5 kg eller 10 lb, tilbyder dette PVC brandslukkerskab rigelig plads til en r\u00e6kke forskellige brandslukker modeller og typer. Den gener\u00f8se kapacitet sikrer bred anvendelighed og egnethed til forskellige sikkerhedsbehov.<\/p>\n<p>&nbsp;<\/p>\n<p class=\"a-text-center\"><img loading=\"lazy\" decoding=\"async\" class=\"alignnone size-full wp-image-5103\" src=\"https:\/\/isopllc.com\/dk\/wp-content\/uploads\/sites\/14\/2024\/08\/pvs-M-size-3.jpg\" alt=\"Brandslukker Plastboks\" width=\"300\" height=\"300\" srcset=\"https:\/\/isopllc.com\/dk\/wp-content\/uploads\/sites\/14\/2024\/08\/pvs-M-size-3.jpg 300w, https:\/\/isopllc.com\/dk\/wp-content\/uploads\/sites\/14\/2024\/08\/pvs-M-size-3-150x150.jpg 150w, https:\/\/isopllc.com\/dk\/wp-content\/uploads\/sites\/14\/2024\/08\/pvs-M-size-3-100x100.jpg 100w\" sizes=\"auto, (max-width: 300px) 100vw, 300px\" \/><\/p>\n<h4 class=\"a-spacing-mini\">Nemme installation<\/h4>\n<p class=\"a-spacing-base\">PVC brandslukkerskabet har forudborede monteringshuller til nem og sikker v\u00e6gmontering. Den ukomplicerede installationsproces sikrer, at din brandslukker altid er p\u00e5 et optimalt sted, klar til \u00f8jeblikkelig adgang i n\u00f8dstilf\u00e6lde.<\/p>\n<p>&nbsp;<\/p>\n<\/div>\n<\/div>\n<\/div>\n<div class=\"celwidget aplus-module module-9 aplus-standard\">\n<div class=\"aplus-module-wrapper\">\n<div class=\"\">\n<p class=\"a-text-center\"><img loading=\"lazy\" decoding=\"async\" class=\"alignnone size-full wp-image-5102\" src=\"https:\/\/isopllc.com\/dk\/wp-content\/uploads\/sites\/14\/2024\/08\/pvs-M-size-4.jpg\" alt=\"Brandslukker Plastboks\" width=\"300\" height=\"300\" srcset=\"https:\/\/isopllc.com\/dk\/wp-content\/uploads\/sites\/14\/2024\/08\/pvs-M-size-4.jpg 300w, https:\/\/isopllc.com\/dk\/wp-content\/uploads\/sites\/14\/2024\/08\/pvs-M-size-4-150x150.jpg 150w, https:\/\/isopllc.com\/dk\/wp-content\/uploads\/sites\/14\/2024\/08\/pvs-M-size-4-100x100.jpg 100w\" sizes=\"auto, (max-width: 300px) 100vw, 300px\" \/><\/p>\n<h4 class=\"a-spacing-mini\">Sikker og Tilg\u00e6ngelig<\/h4>\n<p class=\"a-spacing-base\">ISOP PVC brandslukkerskabet er udstyret med en robust l\u00e5semekanisme, der holder brandslukkeren sikkert p\u00e5 plads for at forhindre utilsigtet forskydning, samtidig med at det muligg\u00f8r hurtig og nem adgang, n\u00e5r det er n\u00f8dvendigt. Denne funktion sikrer, at slukkeren b\u00e5de er sikker og tilg\u00e6ngelig, hvilket \u00f8ger den samlede sikkerhed.<\/p>\n<p>&nbsp;<\/p>\n<p class=\"a-text-center\"><img loading=\"lazy\" decoding=\"async\" class=\"alignnone size-full wp-image-5101\" src=\"https:\/\/isopllc.com\/dk\/wp-content\/uploads\/sites\/14\/2024\/08\/pvs-M-size-5.jpg\" alt=\"Brandslukker Plastboks\" width=\"300\" height=\"300\" srcset=\"https:\/\/isopllc.com\/dk\/wp-content\/uploads\/sites\/14\/2024\/08\/pvs-M-size-5.jpg 300w, https:\/\/isopllc.com\/dk\/wp-content\/uploads\/sites\/14\/2024\/08\/pvs-M-size-5-150x150.jpg 150w, https:\/\/isopllc.com\/dk\/wp-content\/uploads\/sites\/14\/2024\/08\/pvs-M-size-5-100x100.jpg 100w\" sizes=\"auto, (max-width: 300px) 100vw, 300px\" \/><\/p>\n<h4 class=\"a-spacing-mini\">Klart Vindue<\/h4>\n<p class=\"a-spacing-base\">Et transparent, splintfrit vindue muligg\u00f8r hurtige visuelle inspektioner af brandslukkerens status uden at skulle \u00e5bne PVC brandslukkerskabet. Denne praktiske funktion tillader rutinem\u00e6ssige kontroller og sikrer, at slukkeren altid er klar til brug.<\/p>\n<p>&nbsp;<\/p>\n<p class=\"a-text-center\"><img loading=\"lazy\" decoding=\"async\" class=\"alignnone size-full wp-image-5100\" src=\"https:\/\/isopllc.com\/dk\/wp-content\/uploads\/sites\/14\/2024\/08\/pvs-M-size-6.jpg\" alt=\"Brandslukker Plastboks\" width=\"300\" height=\"300\" srcset=\"https:\/\/isopllc.com\/dk\/wp-content\/uploads\/sites\/14\/2024\/08\/pvs-M-size-6.jpg 300w, https:\/\/isopllc.com\/dk\/wp-content\/uploads\/sites\/14\/2024\/08\/pvs-M-size-6-150x150.jpg 150w, https:\/\/isopllc.com\/dk\/wp-content\/uploads\/sites\/14\/2024\/08\/pvs-M-size-6-100x100.jpg 100w\" sizes=\"auto, (max-width: 300px) 100vw, 300px\" \/><\/p>\n<h4 class=\"a-spacing-mini\">Vejrbestandig<\/h4>\n<p class=\"a-spacing-base\">Ideel til udend\u00f8rs milj\u00f8er er PVC brandslukkerskabet designet til at beskytte din brandslukker mod regn, st\u00f8v og UV-str\u00e5ler. Dets vejrsikre egenskaber sikrer, at slukkeren forbliver i optimal stand uanset ydre p\u00e5virkninger.<\/p>\n<p>F\u00e5s ogs\u00e5 i <a href=\"https:\/\/isopllc.com\/dk\/product\/isop-brandslukkerskab-i-plast-lille-til-25-kg\/\"><strong>lille<\/strong><\/a> st\u00f8rrelse.<\/p>\n<\/div>\n<\/div>\n<\/div>\n<\/div>\n<\/div>\n<\/div>\n<\/div>\n<\/div>\n","protected":false},"excerpt":{"rendered":"[embed]https:\/\/www.youtube.com\/shorts\/_Zq_WWXati8[\/embed]\n<p id=\"title\" class=\"a-size-large a-spacing-none\" style=\"text-align: center\">ISOP Brandslukker Plastboks Stor til 5 kg &#8211; Brandslukkerskab Indend\u00f8rs\/Udend\u00f8rs &#8211; Brandslukkerskab V\u00e6gh\u00e6ngt &#8211; Brandslukker Montering<\/p>\n<p style=\"text-align: center\">GRATIS LEVERING INDEN FOR 3-7 DAGE<\/p>\n<p style=\"text-align: center\"><strong>K\u00d8B DEN P\u00c5<\/strong><\/p>\n<p><a href=\"https:\/\/www.amazon.de\/dp\/B0D7J7LJ33\/ref=sr_1_1?__mk_de_DE=%C3%85M%C3%85%C5%BD%C3%95%C3%91&amp;dib=eyJ2IjoiMSJ9.hG-I-hkPXbPPgCp4lGqzuw.zYV7vwYOKUAEWVL4jUuC3oykZOFP3Usk_ZiR_pXuZbY&amp;dib_tag=se&amp;keywords=ISOP%20Feuerl%C3%B6scher%20Kunststoffbox&amp;qid=1722949954&amp;s=diy&amp;sr=1-1&amp;th=1\"><img loading=\"lazy\" decoding=\"async\" class=\"entered lazyloaded aligncenter wp-image-1040 size-full\" src=\"https:\/\/isopllc.com\/dk\/wp-content\/uploads\/sites\/14\/2020\/01\/amazon-button9.png\" alt=\"\" width=\"160\" height=\"59\" data-lazy-src=\"https:\/\/isopllc.com\/usa\/wp-content\/uploads\/sites\/4\/2020\/01\/amazon-button9.png\" data-ll-status=\"loaded\" \/><\/a><\/p>\n<p>&nbsp;<\/p>\n","protected":false},"featured_media":5098,"comment_status":"open","ping_status":"closed","template":"","meta":[],"product_brand":[],"product_cat":[159,164],"product_tag":[103,101,38,92,102,36,77],"class_list":{"0":"post-5096","1":"product","2":"type-product","3":"status-publish","4":"has-post-thumbnail","6":"product_cat-brandslukkerholdere","7":"product_cat-tilbehoer-til-brandstiger","8":"product_tag-5-kg","9":"product_tag-brandslukker","10":"product_tag-brandudstyr","11":"product_tag-isop","12":"product_tag-plastboks","13":"product_tag-sikkerhed","14":"product_tag-stor","16":"first","17":"instock","18":"shipping-taxable","19":"purchasable","20":"product-type-simple"},"_links":{"self":[{"href":"https:\/\/isopllc.com\/dk\/wp-json\/wp\/v2\/product\/5096","targetHints":{"allow":["GET"]}}],"collection":[{"href":"https:\/\/isopllc.com\/dk\/wp-json\/wp\/v2\/product"}],"about":[{"href":"https:\/\/isopllc.com\/dk\/wp-json\/wp\/v2\/types\/product"}],"replies":[{"embeddable":true,"href":"https:\/\/isopllc.com\/dk\/wp-json\/wp\/v2\/comments?post=5096"}],"wp:featuredmedia":[{"embeddable":true,"href":"https:\/\/isopllc.com\/dk\/wp-json\/wp\/v2\/media\/5098"}],"wp:attachment":[{"href":"https:\/\/isopllc.com\/dk\/wp-json\/wp\/v2\/media?parent=5096"}],"wp:term":[{"taxonomy":"product_brand","embeddable":true,"href":"https:\/\/isopllc.com\/dk\/wp-json\/wp\/v2\/product_brand?post=5096"},{"taxonomy":"product_cat","embeddable":true,"href":"https:\/\/isopllc.com\/dk\/wp-json\/wp\/v2\/product_cat?post=5096"},{"taxonomy":"product_tag","embeddable":true,"href":"https:\/\/isopllc.com\/dk\/wp-json\/wp\/v2\/product_tag?post=5096"}],"curies":[{"name":"wp","href":"https:\/\/api.w.org\/{rel}","templated":true}]}}