{"id":5106,"date":"2024-08-09T14:14:36","date_gmt":"2024-08-09T14:14:36","guid":{"rendered":"https:\/\/isopllc.com\/dk\/?post_type=product&#038;p=5106"},"modified":"2025-11-16T17:28:13","modified_gmt":"2025-11-16T17:28:13","slug":"isop-brandslukkerskab-i-plast-lille-til-25-kg","status":"publish","type":"product","link":"https:\/\/isopllc.com\/dk\/product\/isop-brandslukkerskab-i-plast-lille-til-25-kg\/","title":{"rendered":"ISOP Brandslukkerskab i Plast Lille til 2,5 kg"},"content":{"rendered":"<h1 id=\"title\" class=\"a-size-large a-spacing-none\">ISOP Brandslukkerskab i Plast Lille til 2,5 kg &#8211; Brandslukkerboks &#8211; N\u00f8dbrandslukkerboks til Udend\u00f8rs Montering &#8211; Brandslukker Montering &#8211; Brandslukker Geh\u00e4use &#8211; Boks til Brandslukker<\/h1>\n<div class=\"celwidget aplus-module premium-module-4-two-column-images aplus-premium\" data-csa-c-id=\"15yl7x-eio1n0-m9lh6n-socwzs\" data-cel-widget=\"aplus-premium-module-4-two-column-images\">\n<div class=\"a-section a-spacing-none premium-aplus premium-aplus-module-4 aplus-container-1\">\n<div class=\"a-section a-spacing-none premium-aplus-two-column\">\n<div class=\"a-section a-spacing-none premium-aplus-column\">\n<div class=\"a-section a-spacing-none column-description\">\n<div class=\"celwidget aplus-module module-9 aplus-standard\">\n<div class=\"aplus-module-wrapper\">\n<div class=\"\">\n<p class=\"a-text-center\"><img loading=\"lazy\" decoding=\"async\" class=\"alignnone size-full wp-image-5105\" src=\"https:\/\/isopllc.com\/dk\/wp-content\/uploads\/sites\/14\/2024\/08\/pvs-M-size-1.jpg\" alt=\"Brandslukker Plastboks\" width=\"300\" height=\"300\" srcset=\"https:\/\/isopllc.com\/dk\/wp-content\/uploads\/sites\/14\/2024\/08\/pvs-M-size-1.jpg 300w, https:\/\/isopllc.com\/dk\/wp-content\/uploads\/sites\/14\/2024\/08\/pvs-M-size-1-150x150.jpg 150w, https:\/\/isopllc.com\/dk\/wp-content\/uploads\/sites\/14\/2024\/08\/pvs-M-size-1-100x100.jpg 100w\" sizes=\"auto, (max-width: 300px) 100vw, 300px\" \/><\/p>\n<h4>Holdbar Konstruktion<\/h4>\n<p>Fremstillet af h\u00f8j kvalitet, slagfast plast er dette PVC brandslukker skab designet til at modst\u00e5 barske vejrforhold, herunder ekstreme temperaturer, regn og UV-str\u00e5ling. Dens robuste konstruktion sikrer langvarig beskyttelse af din brandslukker og bevarer dens integritet over tid.<\/p>\n<p>&nbsp;<\/p>\n<p class=\"a-text-center\"><img loading=\"lazy\" decoding=\"async\" class=\"alignnone size-full wp-image-5104\" src=\"https:\/\/isopllc.com\/dk\/wp-content\/uploads\/sites\/14\/2024\/08\/pvs-M-size-2.jpg\" alt=\"Brandslukker Plastboks\" width=\"300\" height=\"300\" srcset=\"https:\/\/isopllc.com\/dk\/wp-content\/uploads\/sites\/14\/2024\/08\/pvs-M-size-2.jpg 300w, https:\/\/isopllc.com\/dk\/wp-content\/uploads\/sites\/14\/2024\/08\/pvs-M-size-2-150x150.jpg 150w, https:\/\/isopllc.com\/dk\/wp-content\/uploads\/sites\/14\/2024\/08\/pvs-M-size-2-100x100.jpg 100w\" sizes=\"auto, (max-width: 300px) 100vw, 300px\" \/><\/p>\n<h4 class=\"a-spacing-mini\">Universel pasform<\/h4>\n<p class=\"a-spacing-base\">PVC brandslukker skabet er designet til at rumme brandslukkere p\u00e5 2.5 kg eller 5 lb, hvilket g\u00f8r det alsidigt og egnet til forskellige modeller og typer af brandslukkere. Denne fleksibilitet muligg\u00f8r bred anvendelse i forskellige milj\u00f8er.<\/p>\n<p>&nbsp;<\/p>\n<p class=\"a-text-center\"><img loading=\"lazy\" decoding=\"async\" class=\"alignnone size-full wp-image-5103\" src=\"https:\/\/isopllc.com\/dk\/wp-content\/uploads\/sites\/14\/2024\/08\/pvs-M-size-3.jpg\" alt=\"Brandslukker Plastboks\" width=\"300\" height=\"300\" srcset=\"https:\/\/isopllc.com\/dk\/wp-content\/uploads\/sites\/14\/2024\/08\/pvs-M-size-3.jpg 300w, https:\/\/isopllc.com\/dk\/wp-content\/uploads\/sites\/14\/2024\/08\/pvs-M-size-3-150x150.jpg 150w, https:\/\/isopllc.com\/dk\/wp-content\/uploads\/sites\/14\/2024\/08\/pvs-M-size-3-100x100.jpg 100w\" sizes=\"auto, (max-width: 300px) 100vw, 300px\" \/><\/p>\n<h4 class=\"a-spacing-mini\">Nem Installation<\/h4>\n<p class=\"a-spacing-base\">Med forudborede monteringshuller kan ISOP PVC brandslukker skabet nemt monteres p\u00e5 enhver v\u00e6goverflade. Den enkle installationsproces sikrer, at din brandslukker er sikkert placeret og let tilg\u00e6ngelig, hvilket v\u00e6sentligt forbedrer n\u00f8dberedskabet.<\/p>\n<p>&nbsp;<\/p>\n<\/div>\n<\/div>\n<\/div>\n<div class=\"celwidget aplus-module module-9 aplus-standard\">\n<div class=\"aplus-module-wrapper\">\n<div class=\"\">\n<p class=\"a-text-center\"><img loading=\"lazy\" decoding=\"async\" class=\"alignnone size-full wp-image-5102\" src=\"https:\/\/isopllc.com\/dk\/wp-content\/uploads\/sites\/14\/2024\/08\/pvs-M-size-4.jpg\" alt=\"Brandslukker Plastboks\" width=\"300\" height=\"300\" srcset=\"https:\/\/isopllc.com\/dk\/wp-content\/uploads\/sites\/14\/2024\/08\/pvs-M-size-4.jpg 300w, https:\/\/isopllc.com\/dk\/wp-content\/uploads\/sites\/14\/2024\/08\/pvs-M-size-4-150x150.jpg 150w, https:\/\/isopllc.com\/dk\/wp-content\/uploads\/sites\/14\/2024\/08\/pvs-M-size-4-100x100.jpg 100w\" sizes=\"auto, (max-width: 300px) 100vw, 300px\" \/><\/p>\n<h4 class=\"a-spacing-mini\">Sikker og Tilg\u00e6ngelig<\/h4>\n<p class=\"a-spacing-base\">PVC-brandskabet er udstyret med et sikkert l\u00e5sesystem, der holder brandslukkeren fast p\u00e5 plads og forhindrer utilsigtet fald, samtidig med at det giver hurtig og nem adgang, n\u00e5r det er n\u00f8dvendigt. I en n\u00f8dsituation t\u00e6ller hvert sekund, og dette design sikrer, at du kan handle hurtigt.<\/p>\n<p>&nbsp;<\/p>\n<p class=\"a-text-center\"><img loading=\"lazy\" decoding=\"async\" class=\"alignnone size-full wp-image-5101\" src=\"https:\/\/isopllc.com\/dk\/wp-content\/uploads\/sites\/14\/2024\/08\/pvs-M-size-5.jpg\" alt=\"Brandslukker Plastboks\" width=\"300\" height=\"300\" srcset=\"https:\/\/isopllc.com\/dk\/wp-content\/uploads\/sites\/14\/2024\/08\/pvs-M-size-5.jpg 300w, https:\/\/isopllc.com\/dk\/wp-content\/uploads\/sites\/14\/2024\/08\/pvs-M-size-5-150x150.jpg 150w, https:\/\/isopllc.com\/dk\/wp-content\/uploads\/sites\/14\/2024\/08\/pvs-M-size-5-100x100.jpg 100w\" sizes=\"auto, (max-width: 300px) 100vw, 300px\" \/><\/p>\n<h4 class=\"a-spacing-mini\">Synlighed<\/h4>\n<p class=\"a-spacing-base\">Et klart, brudsikkert vindue muligg\u00f8r hurtige visuelle inspektioner af brandslukkerens status uden at skulle \u00e5bne brandslukker skabet. Denne egenskab sikrer, at brandslukker altid er klar til brug og g\u00f8r rutinem\u00e6ssige vedligeholdelsestjek lettere.<\/p>\n<p>&nbsp;<\/p>\n<p class=\"a-text-center\"><img loading=\"lazy\" decoding=\"async\" class=\"alignnone size-full wp-image-5100\" src=\"https:\/\/isopllc.com\/dk\/wp-content\/uploads\/sites\/14\/2024\/08\/pvs-M-size-6.jpg\" alt=\"Brandslukker Plastboks\" width=\"300\" height=\"300\" srcset=\"https:\/\/isopllc.com\/dk\/wp-content\/uploads\/sites\/14\/2024\/08\/pvs-M-size-6.jpg 300w, https:\/\/isopllc.com\/dk\/wp-content\/uploads\/sites\/14\/2024\/08\/pvs-M-size-6-150x150.jpg 150w, https:\/\/isopllc.com\/dk\/wp-content\/uploads\/sites\/14\/2024\/08\/pvs-M-size-6-100x100.jpg 100w\" sizes=\"auto, (max-width: 300px) 100vw, 300px\" \/><\/p>\n<h4 class=\"a-spacing-mini\">Vejrbestandig<\/h4>\n<p class=\"a-spacing-base\">Specielt udviklet til udend\u00f8rs milj\u00f8er tilbyder dette PVC brandslukker skab fremragende beskyttelse mod regn, st\u00f8v og UV-str\u00e5ler. Dets vejrsikre egenskaber garanterer, at din brandslukker forbliver i optimal stand uanset ydre p\u00e5virkninger.<\/p>\n<article class=\"text-token-text-primary w-full\" dir=\"auto\" data-testid=\"conversation-turn-2\" data-scroll-anchor=\"true\">\n<div class=\"text-base my-auto mx-auto py-5 [--thread-content-margin:--spacing(4)] @[37rem]:[--thread-content-margin:--spacing(6)] @[72rem]:[--thread-content-margin:--spacing(16)] px-(--thread-content-margin)\">\n<div class=\"[--thread-content-max-width:32rem] @[34rem]:[--thread-content-max-width:40rem] @[64rem]:[--thread-content-max-width:48rem] mx-auto flex max-w-(--thread-content-max-width) flex-1 text-base gap-4 md:gap-5 lg:gap-6 group\/turn-messages focus-visible:outline-hidden\">\n<div class=\"group\/conversation-turn relative flex w-full min-w-0 flex-col agent-turn\">\n<div class=\"relative flex-col gap-1 md:gap-3\">\n<div class=\"flex max-w-full flex-col grow\">\n<div class=\"min-h-8 text-message relative flex w-full flex-col items-end gap-2 text-start break-words whitespace-normal [.text-message+&amp;]:mt-5\" dir=\"auto\" data-message-author-role=\"assistant\" data-message-id=\"62f8f928-1ecc-4b4e-9ae1-6627c09101c4\" data-message-model-slug=\"gpt-4o\">\n<div class=\"flex w-full flex-col gap-1 empty:hidden first:pt-[3px]\">\n<div class=\"markdown prose dark:prose-invert w-full break-words light\">\n<p data-start=\"0\" data-end=\"17\" data-is-last-node=\"\" data-is-only-node=\"\">F\u00e5s ogs\u00e5 i <a href=\"https:\/\/isopllc.com\/dk\/product\/isop-brandslukker-plastboks-stor-til-5-kg\/\"><strong>stor<\/strong><\/a> st\u00f8rrelse.<\/p>\n<\/div>\n<\/div>\n<\/div>\n<\/div>\n<div class=\"flex justify-start\"><\/div>\n<\/div>\n<\/div>\n<\/div>\n<\/div>\n<\/article>\n<div class=\"pointer-events-none h-px w-px\" aria-hidden=\"true\" data-edge=\"true\"><\/div>\n<\/div>\n<\/div>\n<\/div>\n<\/div>\n<\/div>\n<\/div>\n<\/div>\n<\/div>\n","protected":false},"excerpt":{"rendered":"[embed]https:\/\/www.youtube.com\/shorts\/_Zq_WWXati8[\/embed]\n<p id=\"title\" class=\"a-size-large a-spacing-none\" style=\"text-align: center\">ISOP Brandslukkerskab i Plast Lille til 2,5 kg &#8211; Brandslukkerboks &#8211; N\u00f8dbrandslukkerboks til Udend\u00f8rs Montering &#8211; Brandslukker Montering &#8211; Brandslukker Geh\u00e4use &#8211; Boks til Brandslukker<\/p>\n<p style=\"text-align: center\">GRATIS LEVERING INDEN FOR 3-7 DAGE<\/p>\n<p style=\"text-align: center\"><strong>K\u00d8B DEN P\u00c5<\/strong><\/p>\n<p><a href=\"https:\/\/www.amazon.de\/dp\/B0D7J7LJ33\/ref=sr_1_1?__mk_de_DE=%C3%85M%C3%85%C5%BD%C3%95%C3%91&amp;dib=eyJ2IjoiMSJ9.hG-I-hkPXbPPgCp4lGqzuw.zYV7vwYOKUAEWVL4jUuC3oykZOFP3Usk_ZiR_pXuZbY&amp;dib_tag=se&amp;keywords=ISOP%20Feuerl%C3%B6scher%20Kunststoffbox&amp;qid=1722949954&amp;s=diy&amp;sr=1-1&amp;th=1\"><img loading=\"lazy\" decoding=\"async\" class=\"entered lazyloaded aligncenter wp-image-1040 size-full\" src=\"https:\/\/isopllc.com\/dk\/wp-content\/uploads\/sites\/14\/2020\/01\/amazon-button9.png\" alt=\"\" width=\"160\" height=\"59\" data-lazy-src=\"https:\/\/isopllc.com\/usa\/wp-content\/uploads\/sites\/4\/2020\/01\/amazon-button9.png\" data-ll-status=\"loaded\" \/><\/a><\/p>\n<p>&nbsp;<\/p>\n","protected":false},"featured_media":5099,"comment_status":"open","ping_status":"closed","template":"","meta":[],"product_brand":[],"product_cat":[159,164],"product_tag":[105,78,38,92,79,104,36],"class_list":{"0":"post-5106","1":"product","2":"type-product","3":"status-publish","4":"has-post-thumbnail","6":"product_cat-brandslukkerholdere","7":"product_cat-tilbehoer-til-brandstiger","8":"product_tag-2-5-kg","9":"product_tag-brandslukkerskab","10":"product_tag-brandudstyr","11":"product_tag-isop","12":"product_tag-lille","13":"product_tag-plast","14":"product_tag-sikkerhed","16":"first","17":"instock","18":"shipping-taxable","19":"purchasable","20":"product-type-simple"},"_links":{"self":[{"href":"https:\/\/isopllc.com\/dk\/wp-json\/wp\/v2\/product\/5106","targetHints":{"allow":["GET"]}}],"collection":[{"href":"https:\/\/isopllc.com\/dk\/wp-json\/wp\/v2\/product"}],"about":[{"href":"https:\/\/isopllc.com\/dk\/wp-json\/wp\/v2\/types\/product"}],"replies":[{"embeddable":true,"href":"https:\/\/isopllc.com\/dk\/wp-json\/wp\/v2\/comments?post=5106"}],"wp:featuredmedia":[{"embeddable":true,"href":"https:\/\/isopllc.com\/dk\/wp-json\/wp\/v2\/media\/5099"}],"wp:attachment":[{"href":"https:\/\/isopllc.com\/dk\/wp-json\/wp\/v2\/media?parent=5106"}],"wp:term":[{"taxonomy":"product_brand","embeddable":true,"href":"https:\/\/isopllc.com\/dk\/wp-json\/wp\/v2\/product_brand?post=5106"},{"taxonomy":"product_cat","embeddable":true,"href":"https:\/\/isopllc.com\/dk\/wp-json\/wp\/v2\/product_cat?post=5106"},{"taxonomy":"product_tag","embeddable":true,"href":"https:\/\/isopllc.com\/dk\/wp-json\/wp\/v2\/product_tag?post=5106"}],"curies":[{"name":"wp","href":"https:\/\/api.w.org\/{rel}","templated":true}]}}