{"id":5107,"date":"2024-08-09T14:26:11","date_gmt":"2024-08-09T14:26:11","guid":{"rendered":"https:\/\/isopllc.com\/dk\/?post_type=product&#038;p=5107"},"modified":"2025-07-01T14:32:42","modified_gmt":"2025-07-01T14:32:42","slug":"2-trins-klapstige-i-aluminium","status":"publish","type":"product","link":"https:\/\/isopllc.com\/dk\/product\/2-trins-klapstige-i-aluminium\/","title":{"rendered":"2-trins Klapstige i Aluminium"},"content":{"rendered":"<h1 id=\"title\" class=\"a-size-large a-spacing-none\">2-trins Klapstige i Aluminium | Hvid Sammenklappelig Stige med to Trin | Rutschfaste Trin | Robust, Let og Kompakt | Trappestige til Husstand, Garage eller Kontor<\/h1>\n<h3 id=\"title\" class=\"a-size-large a-spacing-none\">2-trins Klapstige i Aluminium<\/h3>\n<div class=\"celwidget aplus-module premium-module-4-two-column-images aplus-premium\" data-csa-c-id=\"15yl7x-eio1n0-m9lh6n-socwzs\" data-cel-widget=\"aplus-premium-module-4-two-column-images\">\n<div class=\"a-section a-spacing-none premium-aplus premium-aplus-module-4 aplus-container-1\">\n<div class=\"a-section a-spacing-none premium-aplus-two-column\">\n<div class=\"a-section a-spacing-none premium-aplus-column\">\n<div class=\"a-section a-spacing-none column-description\">\n<div class=\"celwidget aplus-module module-9 aplus-standard\">\n<div class=\"aplus-module-wrapper\">\n<div class=\"\"><\/div>\n<\/div>\n<\/div>\n<div class=\"celwidget aplus-module module-9 aplus-standard\">\n<div class=\"aplus-module-wrapper\">\n<div class=\"\">\n<p class=\"a-text-center\"><img loading=\"lazy\" decoding=\"async\" class=\"alignnone size-full wp-image-5119\" src=\"https:\/\/isopllc.com\/dk\/wp-content\/uploads\/sites\/14\/2024\/08\/stepp-ladder-2-steps-1.jpg\" alt=\"Klapstige i Aluminium\" width=\"300\" height=\"300\" srcset=\"https:\/\/isopllc.com\/dk\/wp-content\/uploads\/sites\/14\/2024\/08\/stepp-ladder-2-steps-1.jpg 300w, https:\/\/isopllc.com\/dk\/wp-content\/uploads\/sites\/14\/2024\/08\/stepp-ladder-2-steps-1-150x150.jpg 150w, https:\/\/isopllc.com\/dk\/wp-content\/uploads\/sites\/14\/2024\/08\/stepp-ladder-2-steps-1-100x100.jpg 100w\" sizes=\"auto, (max-width: 300px) 100vw, 300px\" \/><\/p>\n<p class=\"a-spacing-base\">ISOP 2-trins Klapstige er den perfekte tilf\u00f8jelse til ethvert hjem, garage eller kontor. Denne hvide sammenklappelige stige er fremstillet af h\u00f8jkvalitets aluminium, hvilket g\u00f8r den holdbar, let og kompakt for nem opbevaring og transport. Med rutschfaste trin kan du f\u00f8le dig sikker og tryg, n\u00e5r du bruger denne to-trins stige.<\/p>\n<p>&nbsp;<\/p>\n<p class=\"a-text-center\"><img loading=\"lazy\" decoding=\"async\" class=\"alignnone size-full wp-image-5118\" src=\"https:\/\/isopllc.com\/dk\/wp-content\/uploads\/sites\/14\/2024\/08\/stepp-ladder-2-steps-2.jpg\" alt=\"Klapstige i Aluminium\" width=\"300\" height=\"300\" srcset=\"https:\/\/isopllc.com\/dk\/wp-content\/uploads\/sites\/14\/2024\/08\/stepp-ladder-2-steps-2.jpg 300w, https:\/\/isopllc.com\/dk\/wp-content\/uploads\/sites\/14\/2024\/08\/stepp-ladder-2-steps-2-150x150.jpg 150w, https:\/\/isopllc.com\/dk\/wp-content\/uploads\/sites\/14\/2024\/08\/stepp-ladder-2-steps-2-100x100.jpg 100w\" sizes=\"auto, (max-width: 300px) 100vw, 300px\" \/><\/p>\n<div class=\"flex-shrink-0 flex flex-col relative items-end\">\n<div>\n<div class=\"pt-0\">\n<div class=\"gizmo-bot-avatar flex h-8 w-8 items-center justify-center overflow-hidden rounded-full\">\n<div class=\"relative p-1 rounded-sm flex items-center justify-center bg-token-main-surface-primary text-token-text-primary h-8 w-8\"><\/div>\n<\/div>\n<\/div>\n<\/div>\n<\/div>\n<div class=\"group\/conversation-turn relative flex w-full min-w-0 flex-col agent-turn\">\n<div class=\"flex-col gap-1 md:gap-3\">\n<div class=\"flex max-w-full flex-col flex-grow\">\n<div class=\"min-h-[20px] text-message flex w-full flex-col items-end gap-2 whitespace-pre-wrap break-words [.text-message+&amp;]:mt-5 overflow-x-auto\" dir=\"auto\" data-message-author-role=\"assistant\" data-message-id=\"927487ac-339e-4cd6-af53-297385b7b032\">\n<div class=\"flex w-full flex-col gap-1 empty:hidden first:pt-[3px]\">\n<div class=\"markdown prose w-full break-words dark:prose-invert light\">\n<p>Den robuste konstruktion sikrer stabilitet og sikkerhed, mens du str\u00e6kker dig efter genstande p\u00e5 h\u00f8je hylder, skifter p\u00e6rer eller udf\u00f8rer husholdningsopgaver. Denne stige er designet med komfort og brugervenlighed i tankerne, med en enkel foldemekanisme, der muligg\u00f8r hurtig og nem ops\u00e6tning og nedtagning. Den kompakte st\u00f8rrelse g\u00f8r den ideel til sm\u00e5 rum og nem opbevaring, n\u00e5r den ikke er i brug.<\/p>\n<\/div>\n<\/div>\n<\/div>\n<\/div>\n<\/div>\n<\/div>\n<p>&nbsp;<\/p>\n<p class=\"a-text-center\"><img loading=\"lazy\" decoding=\"async\" class=\"alignnone size-full wp-image-5117\" src=\"https:\/\/isopllc.com\/dk\/wp-content\/uploads\/sites\/14\/2024\/08\/stepp-ladder-2-steps-3.jpeg\" alt=\"Klapstige i Aluminium\" width=\"300\" height=\"300\" srcset=\"https:\/\/isopllc.com\/dk\/wp-content\/uploads\/sites\/14\/2024\/08\/stepp-ladder-2-steps-3.jpeg 300w, https:\/\/isopllc.com\/dk\/wp-content\/uploads\/sites\/14\/2024\/08\/stepp-ladder-2-steps-3-150x150.jpeg 150w, https:\/\/isopllc.com\/dk\/wp-content\/uploads\/sites\/14\/2024\/08\/stepp-ladder-2-steps-3-100x100.jpeg 100w\" sizes=\"auto, (max-width: 300px) 100vw, 300px\" \/><\/p>\n<p class=\"a-spacing-base\">Uanset om du har brug for en p\u00e5lidelig stige til daglige opgaver i hjemmet eller en b\u00e6rbar l\u00f8sning til on-the-go, er ISOP 2-trins klapstige en alsidig og praktisk l\u00f8sning. Opgrader dit hjem eller din arbejdsplads med denne funktionelle og stilfulde stige i dag.<\/p>\n<\/div>\n<\/div>\n<\/div>\n<\/div>\n<\/div>\n<\/div>\n<\/div>\n<\/div>\n","protected":false},"excerpt":{"rendered":"<p id=\"title\" class=\"a-size-large a-spacing-none\" style=\"text-align: center;\">2-trins Klapstige i Aluminium | Hvid Sammenklappelig Stige med to Trin | Rutschfaste Trin | Robust, Let og Kompakt | Trappestige til Husstand, Garage eller Kontor<\/p>\n<p style=\"text-align: center;\">GRATIS LEVERING INDEN FOR 3-7 DAGE<\/p>\n<p style=\"text-align: center;\"><strong>K\u00d8B DEN P\u00c5<\/strong><\/p>\n<p><a href=\"https:\/\/www.amazon.de\/dp\/B0D4HMFYKP\/ref=sr_1_1?__mk_de_DE=%C3%85M%C3%85%C5%BD%C3%95%C3%91&amp;crid=2U2FWL6NL0DH4&amp;dib=eyJ2IjoiMSJ9.cxBCZWYlEki35yUaJz-1Pw.i10f4UHeMuR0SjtWLr5MAGFlp5CWmqZaKkvOqXQnY18&amp;dib_tag=se&amp;keywords=ISOP%202-Stufen-Klappleiter%20aus%20Aluminium&amp;qid=1722846639&amp;refresh=1&amp;s=kitchen&amp;sprefix=b0d4hmfykp%2Ckitchen%2C553&amp;sr=1-1\"><img loading=\"lazy\" decoding=\"async\" class=\"entered lazyloaded aligncenter wp-image-1040 size-full\" src=\"https:\/\/isopllc.com\/dk\/wp-content\/uploads\/sites\/14\/2020\/01\/amazon-button9.png\" alt=\"\" width=\"160\" height=\"59\" data-lazy-src=\"https:\/\/isopllc.com\/usa\/wp-content\/uploads\/sites\/4\/2020\/01\/amazon-button9.png\" data-ll-status=\"loaded\" \/><\/a><\/p>\n<p>&nbsp;<\/p>\n","protected":false},"featured_media":5126,"comment_status":"open","ping_status":"closed","template":"","meta":[],"product_brand":[],"product_cat":[161],"product_tag":[93,94,92,91,36,43],"class_list":{"0":"post-5107","1":"product","2":"type-product","3":"status-publish","4":"has-post-thumbnail","6":"product_cat-trappestiger","7":"product_tag-2-trins-klapstige","8":"product_tag-aluminium","9":"product_tag-isop","10":"product_tag-klatring","11":"product_tag-sikkerhed","12":"product_tag-udstyr","14":"first","15":"instock","16":"shipping-taxable","17":"purchasable","18":"product-type-simple"},"_links":{"self":[{"href":"https:\/\/isopllc.com\/dk\/wp-json\/wp\/v2\/product\/5107","targetHints":{"allow":["GET"]}}],"collection":[{"href":"https:\/\/isopllc.com\/dk\/wp-json\/wp\/v2\/product"}],"about":[{"href":"https:\/\/isopllc.com\/dk\/wp-json\/wp\/v2\/types\/product"}],"replies":[{"embeddable":true,"href":"https:\/\/isopllc.com\/dk\/wp-json\/wp\/v2\/comments?post=5107"}],"wp:featuredmedia":[{"embeddable":true,"href":"https:\/\/isopllc.com\/dk\/wp-json\/wp\/v2\/media\/5126"}],"wp:attachment":[{"href":"https:\/\/isopllc.com\/dk\/wp-json\/wp\/v2\/media?parent=5107"}],"wp:term":[{"taxonomy":"product_brand","embeddable":true,"href":"https:\/\/isopllc.com\/dk\/wp-json\/wp\/v2\/product_brand?post=5107"},{"taxonomy":"product_cat","embeddable":true,"href":"https:\/\/isopllc.com\/dk\/wp-json\/wp\/v2\/product_cat?post=5107"},{"taxonomy":"product_tag","embeddable":true,"href":"https:\/\/isopllc.com\/dk\/wp-json\/wp\/v2\/product_tag?post=5107"}],"curies":[{"name":"wp","href":"https:\/\/api.w.org\/{rel}","templated":true}]}}