{"id":5127,"date":"2024-08-09T14:38:10","date_gmt":"2024-08-09T14:38:10","guid":{"rendered":"https:\/\/isopllc.com\/dk\/?post_type=product&#038;p=5127"},"modified":"2025-07-01T14:29:45","modified_gmt":"2025-07-01T14:29:45","slug":"isop-3-trins-stige-hvid-klapstige","status":"publish","type":"product","link":"https:\/\/isopllc.com\/dk\/product\/isop-3-trins-stige-hvid-klapstige\/","title":{"rendered":"ISOP 3-trins Stige Hvid | Klapstige"},"content":{"rendered":"<h1 id=\"title\" class=\"a-size-large a-spacing-none\">ISOP 3-trins Stige Hvid | Klapstige | Bred Rutschfaste trin 220 kg Stabil Stige | Let B\u00e6rbar Kompakt &#8211; Trappestige 3 trin &#8211; Aluminium Trappestige<\/h1>\n<div class=\"celwidget aplus-module premium-module-4-two-column-images aplus-premium\" data-csa-c-id=\"15yl7x-eio1n0-m9lh6n-socwzs\" data-cel-widget=\"aplus-premium-module-4-two-column-images\">\n<div class=\"a-section a-spacing-none premium-aplus premium-aplus-module-4 aplus-container-1\">\n<div class=\"a-section a-spacing-none premium-aplus-two-column\">\n<div class=\"a-section a-spacing-none premium-aplus-column\">\n<div class=\"a-section a-spacing-none column-description\">\n<div class=\"celwidget aplus-module module-9 aplus-standard\">\n<div class=\"aplus-module-wrapper\">\n<div class=\"\"><\/div>\n<\/div>\n<\/div>\n<div class=\"celwidget aplus-module module-9 aplus-standard\">\n<div class=\"aplus-module-wrapper\">\n<div class=\"\">\n<p class=\"a-text-center\"><img loading=\"lazy\" decoding=\"async\" class=\"alignnone size-full wp-image-5110\" src=\"https:\/\/isopllc.com\/dk\/wp-content\/uploads\/sites\/14\/2024\/08\/stepp-ladder-3-steps-6.jpeg\" alt=\"Klapstige i Aluminium\" width=\"300\" height=\"300\" srcset=\"https:\/\/isopllc.com\/dk\/wp-content\/uploads\/sites\/14\/2024\/08\/stepp-ladder-3-steps-6.jpeg 300w, https:\/\/isopllc.com\/dk\/wp-content\/uploads\/sites\/14\/2024\/08\/stepp-ladder-3-steps-6-150x150.jpeg 150w, https:\/\/isopllc.com\/dk\/wp-content\/uploads\/sites\/14\/2024\/08\/stepp-ladder-3-steps-6-100x100.jpeg 100w\" sizes=\"auto, (max-width: 300px) 100vw, 300px\" \/><\/p>\n<p class=\"a-spacing-base\">Nu pr\u00e6senterer vi den ultimative 3-trins Klapstige i hvid til alle dine daglige behov. Denne p\u00e5lidelige og alsidige aluminiumstige er designet til at g\u00f8re dit liv lettere. Med en solid og stabil fornemmelse kan du klatre med tillid, da du er sikker og beskyttet. Den lette aluminiumkonstruktion g\u00f8r det nemt at b\u00e6re den rundt, mens de brede trin sikrer, at du har et sikkert greb, selv ved l\u00e6ngere tids brug.<\/p>\n<p>&nbsp;<\/p>\n<p class=\"a-text-center\"><img loading=\"lazy\" decoding=\"async\" class=\"alignnone size-full wp-image-5109\" src=\"https:\/\/isopllc.com\/dk\/wp-content\/uploads\/sites\/14\/2024\/08\/stepp-ladder-3-steps-7.jpg\" alt=\"Klapstige i Aluminium\" width=\"300\" height=\"300\" srcset=\"https:\/\/isopllc.com\/dk\/wp-content\/uploads\/sites\/14\/2024\/08\/stepp-ladder-3-steps-7.jpg 300w, https:\/\/isopllc.com\/dk\/wp-content\/uploads\/sites\/14\/2024\/08\/stepp-ladder-3-steps-7-150x150.jpg 150w, https:\/\/isopllc.com\/dk\/wp-content\/uploads\/sites\/14\/2024\/08\/stepp-ladder-3-steps-7-100x100.jpg 100w\" sizes=\"auto, (max-width: 300px) 100vw, 300px\" \/><\/p>\n<div class=\"flex-shrink-0 flex flex-col relative items-end\">\n<div>\n<div class=\"pt-0\">\n<div class=\"gizmo-bot-avatar flex h-8 w-8 items-center justify-center overflow-hidden rounded-full\">\n<div class=\"relative p-1 rounded-sm flex items-center justify-center bg-token-main-surface-primary text-token-text-primary h-8 w-8\"><\/div>\n<\/div>\n<\/div>\n<\/div>\n<\/div>\n<div class=\"group\/conversation-turn relative flex w-full min-w-0 flex-col agent-turn\">\n<div class=\"flex-col gap-1 md:gap-3\">\n<div class=\"flex max-w-full flex-col flex-grow\">\n<div class=\"min-h-[20px] text-message flex w-full flex-col items-end gap-2 whitespace-pre-wrap break-words [.text-message+&amp;]:mt-5 overflow-x-auto\" dir=\"auto\" data-message-author-role=\"assistant\" data-message-id=\"927487ac-339e-4cd6-af53-297385b7b032\">\n<div class=\"flex w-full flex-col gap-1 empty:hidden first:pt-[3px]\">\n<div class=\"markdown prose w-full break-words dark:prose-invert light\">\n<p>Stigen udfolder sig glat og kan sikkert l\u00e5ses i den \u00e5bne position, og n\u00e5r du er f\u00e6rdig, kan den kompakt foldes sammen for nem opbevaring. Perfekt til at n\u00e5 h\u00f8je hylder eller f\u00e5 adgang til opbevaringsplads; denne stige er et must for enhver g\u00f8r-det-selv-entusiast eller for enhver, der har brug for en p\u00e5lidelig stige til husholdningsopgaver.<\/p>\n<\/div>\n<\/div>\n<\/div>\n<\/div>\n<\/div>\n<\/div>\n<p>&nbsp;<\/p>\n<p class=\"a-text-center\"><img loading=\"lazy\" decoding=\"async\" class=\"alignnone size-full wp-image-5108\" src=\"https:\/\/isopllc.com\/dk\/wp-content\/uploads\/sites\/14\/2024\/08\/stepp-ladder-3-steps-8.jpg\" alt=\"Klapstige i Aluminium\" width=\"300\" height=\"300\" srcset=\"https:\/\/isopllc.com\/dk\/wp-content\/uploads\/sites\/14\/2024\/08\/stepp-ladder-3-steps-8.jpg 300w, https:\/\/isopllc.com\/dk\/wp-content\/uploads\/sites\/14\/2024\/08\/stepp-ladder-3-steps-8-150x150.jpg 150w, https:\/\/isopllc.com\/dk\/wp-content\/uploads\/sites\/14\/2024\/08\/stepp-ladder-3-steps-8-100x100.jpg 100w\" sizes=\"auto, (max-width: 300px) 100vw, 300px\" \/><\/p>\n<p class=\"a-spacing-base\">S\u00e6t dig ikke for mindre end det bedste. Invest\u00e9r i denne kvalitetsstige og oplev forskellen selv. Sig farvel til vakkelvorne, up\u00e5lidelige stiger og byd velkommen til komfort og sindsro. S\u00f8rg for at f\u00e5 fat i denne 3-trins aluminiumstige i dag og l\u00f8ft dine g\u00f8r-det-selv-projekter til nye h\u00f8jder.<\/p>\n<\/div>\n<\/div>\n<\/div>\n<\/div>\n<\/div>\n<\/div>\n<\/div>\n<\/div>\n","protected":false},"excerpt":{"rendered":"<p id=\"title\" class=\"a-size-large a-spacing-none\" style=\"text-align: center;\">ISOP 3-trins Stige Hvid | Klapstige | Bred Rutschfaste trin 220 kg Stabil Stige | Let B\u00e6rbar Kompakt &#8211; Trappestige 3 trin &#8211; Aluminium Trappestige<\/p>\n<p style=\"text-align: center;\">GRATIS LEVERING INDEN FOR 3-7 DAGE<\/p>\n<p style=\"text-align: center;\"><strong>K\u00d8B DEN P\u00c5<\/strong><\/p>\n<p><a href=\"https:\/\/www.amazon.de\/dp\/B0D4HL355J\/ref=sr_1_1?__mk_de_DE=%C3%85M%C3%85%C5%BD%C3%95%C3%91&amp;crid=3JUZRA95JTEVW&amp;dib=eyJ2IjoiMSJ9.nLZSBaRI4DrAjV6Zi0RaJQ.nt8LEuCtsw1_seMjC9iGfA-7iaUqjaCdMG0BOaOiV78&amp;dib_tag=se&amp;keywords=ISOP%203-Stufenleiter%20Wei%C3%9F&amp;qid=1722938001&amp;s=kitchen&amp;sprefix=%2Ckitchen%2C237&amp;sr=1-1\"><img loading=\"lazy\" decoding=\"async\" class=\"entered lazyloaded aligncenter wp-image-1040 size-full\" src=\"https:\/\/isopllc.com\/dk\/wp-content\/uploads\/sites\/14\/2020\/01\/amazon-button9.png\" alt=\"\" width=\"160\" height=\"59\" data-lazy-src=\"https:\/\/isopllc.com\/usa\/wp-content\/uploads\/sites\/4\/2020\/01\/amazon-button9.png\" data-ll-status=\"loaded\" \/><\/a><\/p>\n<p>&nbsp;<\/p>\n","protected":false},"featured_media":5116,"comment_status":"open","ping_status":"closed","template":"","meta":[],"product_brand":[],"product_cat":[161],"product_tag":[95,94,92,91,36,43],"class_list":{"0":"post-5127","1":"product","2":"type-product","3":"status-publish","4":"has-post-thumbnail","6":"product_cat-trappestiger","7":"product_tag-3-trins-klapstige","8":"product_tag-aluminium","9":"product_tag-isop","10":"product_tag-klatring","11":"product_tag-sikkerhed","12":"product_tag-udstyr","14":"first","15":"instock","16":"shipping-taxable","17":"purchasable","18":"product-type-simple"},"_links":{"self":[{"href":"https:\/\/isopllc.com\/dk\/wp-json\/wp\/v2\/product\/5127","targetHints":{"allow":["GET"]}}],"collection":[{"href":"https:\/\/isopllc.com\/dk\/wp-json\/wp\/v2\/product"}],"about":[{"href":"https:\/\/isopllc.com\/dk\/wp-json\/wp\/v2\/types\/product"}],"replies":[{"embeddable":true,"href":"https:\/\/isopllc.com\/dk\/wp-json\/wp\/v2\/comments?post=5127"}],"wp:featuredmedia":[{"embeddable":true,"href":"https:\/\/isopllc.com\/dk\/wp-json\/wp\/v2\/media\/5116"}],"wp:attachment":[{"href":"https:\/\/isopllc.com\/dk\/wp-json\/wp\/v2\/media?parent=5127"}],"wp:term":[{"taxonomy":"product_brand","embeddable":true,"href":"https:\/\/isopllc.com\/dk\/wp-json\/wp\/v2\/product_brand?post=5127"},{"taxonomy":"product_cat","embeddable":true,"href":"https:\/\/isopllc.com\/dk\/wp-json\/wp\/v2\/product_cat?post=5127"},{"taxonomy":"product_tag","embeddable":true,"href":"https:\/\/isopllc.com\/dk\/wp-json\/wp\/v2\/product_tag?post=5127"}],"curies":[{"name":"wp","href":"https:\/\/api.w.org\/{rel}","templated":true}]}}