{"id":5192,"date":"2025-04-20T07:06:54","date_gmt":"2025-04-20T07:06:54","guid":{"rendered":"https:\/\/isopllc.com\/dk\/?post_type=product&#038;p=5192"},"modified":"2025-07-01T14:28:20","modified_gmt":"2025-07-01T14:28:20","slug":"genanvendelig-noedstige-4-etagers-10-m","status":"publish","type":"product","link":"https:\/\/isopllc.com\/dk\/product\/genanvendelig-noedstige-4-etagers-10-m\/","title":{"rendered":"Genanvendelig n\u00f8dstige 4-etagers 10 m"},"content":{"rendered":"<div class=\"celwidget aplus-module module-9\" style=\"text-align: center\" data-csa-c-id=\"3d7463-l3bdk0-ygs321-8assbf\" data-cel-widget=\"aplus-module-9\">\n<div class=\"a-expander-collapsed-height a-row a-expander-container a-expander-partial-collapse-container\" data-a-expander-name=\"aplus-module-expander\" data-a-expander-collapsed-height=\"700\">\n<div class=\"a-expander-content a-expander-partial-collapse-content\">\n<div class=\"aplus-module-wrapper\">\n<div class=\"apm-spacing apm-fixed-width\">\n<div class=\"celwidget aplus-module module-4 aplus-standard\" data-csa-c-id=\"6mnb1z-9dwrl2-ic24uv-jd1phn\" data-cel-widget=\"aplus-module-4\">\n<div class=\"a-expander-collapsed-height a-row a-expander-container a-expander-partial-collapse-container\" data-a-expander-name=\"aplus-module-expander\" data-a-expander-collapsed-height=\"700\">\n<div class=\"a-expander-content a-expander-partial-collapse-content\">\n<div class=\"aplus-module-wrapper apm-fixed-width\">\n<div class=\"apm-spacing\">\n<div class=\"apm-floatleft apm-fixed-width\">\n<div id=\"title_feature_div\" class=\"celwidget\" data-feature-name=\"title\" data-csa-c-id=\"m5t5xw-wzxd1-od319-pyb58o\" data-cel-widget=\"title_feature_div\">\n<div id=\"titleSection\" class=\"a-section a-spacing-none\">\n<div id=\"title_feature_div\" class=\"celwidget\" data-feature-name=\"title\" data-csa-c-id=\"m5t5xw-wzxd1-od319-pyb58o\" data-cel-widget=\"title_feature_div\">\n<div id=\"titleSection\" class=\"a-section a-spacing-none\">\n<div class=\"celwidget aplus-module module-4 aplus-standard\" data-csa-c-id=\"6mnb1z-9dwrl2-ic24uv-jd1phn\" data-cel-widget=\"aplus-module-4\">\n<div class=\"a-expander-collapsed-height a-row a-expander-container a-expander-partial-collapse-container\" data-a-expander-name=\"aplus-module-expander\" data-a-expander-collapsed-height=\"700\">\n<div class=\"a-expander-content a-expander-partial-collapse-content\">\n<div class=\"aplus-module-wrapper apm-fixed-width\">\n<div class=\"apm-spacing\">\n<div class=\"apm-floatleft apm-fixed-width\">\n<h2 id=\"title\" class=\"a-size-large a-spacing-none\">Genanvendelig n\u00f8dstige 4-etagers 10 m | Genanvendelig n\u00f8dstige | Karabinhager inkluderet &#8211; Let og holdbar op til 200 kg | N\u00f8dudstyr | Klatrestige i reb<\/h2>\n<h3>Genanvendelig n\u00f8dstige i 4 etager 10 m<\/h3>\n<p>I n\u00f8dsituationer t\u00e6ller hvert sekund. Uanset om det er brand, r\u00f8g, jordsk\u00e6lv eller en anden uforudset h\u00e6ndelse &#8211; den normale flugtvej via trappeopgangen kan hurtigt blive blokeret. I s\u00e5danne situationer kan en n\u00f8dstige g\u00f8re hele forskellen. Vores Genanvendelig n\u00f8dstige 4-etagers 10 m er specielt designet til brug i bygninger med op til fire etager og tilbyder en hurtig, sikker og p\u00e5lidelig redningsmulighed.<\/p>\n<div class=\"celwidget aplus-module module-4 aplus-standard\" data-csa-c-id=\"6mnb1z-9dwrl2-ic24uv-jd1phn\" data-cel-widget=\"aplus-module-4\">\n<div class=\"a-expander-collapsed-height a-row a-expander-container a-expander-partial-collapse-container\" data-a-expander-name=\"aplus-module-expander\" data-a-expander-collapsed-height=\"700\">\n<div class=\"a-expander-content a-expander-partial-collapse-content\">\n<div class=\"aplus-module-wrapper apm-fixed-width\">\n<div class=\"apm-spacing\">\n<div class=\"apm-floatleft apm-fixed-width\">\n<div class=\"apm-spacing\">\n<p><img decoding=\"async\" class=\"\" src=\"https:\/\/m.media-amazon.com\/images\/S\/aplus-media\/sc\/0484a226-8be6-4965-8b8a-062de5498c97.__CR0,0,600,600_PT0_SX220_V1___.jpg\" alt=\"Light Weight\" data-src=\"https:\/\/m.media-amazon.com\/images\/S\/aplus-media\/sc\/0484a226-8be6-4965-8b8a-062de5498c97.__CR0,0,600,600_PT0_SX220_V1___.jpg\" \/><\/p>\n<h4>Let v\u00e6gt<\/h4>\n<p>Dette er den letteste stige p\u00e5 markedet. V\u00e6gten af en 3 m stige er kun 1 kg.<\/p>\n<h4 class=\"a-spacing-mini\"><img decoding=\"async\" class=\"\" style=\"font-size: 16px\" src=\"https:\/\/m.media-amazon.com\/images\/S\/aplus-media\/sc\/74a6e3c1-c8e9-4370-82e8-2ece837c08f7.__CR0,0,1000,1000_PT0_SX220_V1___.jpg\" alt=\"Strong and Stable\" data-src=\"https:\/\/m.media-amazon.com\/images\/S\/aplus-media\/sc\/74a6e3c1-c8e9-4370-82e8-2ece837c08f7.__CR0,0,1000,1000_PT0_SX220_V1___.jpg\" \/><\/h4>\n<h4>St\u00e6rk og stabil<\/h4>\n<p>H\u00f8j belastningskapacitet &#8211; op til 200 kg<br \/>\nRebstigen er designet til en maksimal belastningskapacitet p\u00e5 200 kg. Det betyder, at den nemt kan bruges af personer med udstyr eller af flere personer, der skal ned p\u00e5 samme tid. Den robuste udf\u00f8relse giver brugeren en f\u00f8lelse af sikkerhed, n\u00e5r man g\u00e5r ned &#8211; selv i hektiske \u00f8jeblikke.<\/p>\n<p>En af de store fordele ved vores Genanvendelig n\u00f8dstige 4-etagers 10 m er, at de vigtigste nylonstropper er i \u00e9t stykke fra bund til top og ikke best\u00e5r af syede dele, som det er tilf\u00e6ldet med stigen. De materialer, der er brugt til trinene, s\u00e5som glasfiber og basaltfiber, g\u00f8r ogs\u00e5 denne redningsstige meget mere stabil end engangsaluminiumstiger.<\/p>\n<h4 class=\"a-spacing-mini\"><img decoding=\"async\" class=\"\" style=\"font-size: 16px\" src=\"https:\/\/m.media-amazon.com\/images\/S\/aplus-media\/sc\/a31e0885-9da9-4fe2-a571-e1558cab0393.__CR0,0,600,600_PT0_SX220_V1___.jpg\" alt=\"Tangle free\" data-src=\"https:\/\/m.media-amazon.com\/images\/S\/aplus-media\/sc\/a31e0885-9da9-4fe2-a571-e1558cab0393.__CR0,0,600,600_PT0_SX220_V1___.jpg\" \/><\/h4>\n<h4>Fri for sammenfiltring<\/h4>\n<p>Vores rebstiger kan nemt opbevares i opbevaringsposen efter brug. Med en v\u00e6gt p\u00e5 kun et par kilo er redningsstigen nem at transportere og opbevare. Den passer ind i ethvert opbevaringsrum, under sengen eller i bagagerummet p\u00e5 et k\u00f8ret\u00f8j. I en n\u00f8dsituation er den straks klar til brug &#8211; og det er afg\u00f8rende.<\/p>\n<p>Ingen sammenfiltring under montering.<\/p>\n<p><img loading=\"lazy\" decoding=\"async\" class=\"alignnone wp-image-5152\" src=\"https:\/\/isopllc.com\/dk\/wp-content\/uploads\/sites\/14\/2021\/09\/Black-ladder-dimencions-300x300.jpg\" alt=\"Brandflugtsstige\" width=\"235\" height=\"235\" srcset=\"https:\/\/isopllc.com\/dk\/wp-content\/uploads\/sites\/14\/2021\/09\/Black-ladder-dimencions-300x300.jpg 300w, https:\/\/isopllc.com\/dk\/wp-content\/uploads\/sites\/14\/2021\/09\/Black-ladder-dimencions-150x150.jpg 150w, https:\/\/isopllc.com\/dk\/wp-content\/uploads\/sites\/14\/2021\/09\/Black-ladder-dimencions-768x768.jpg 768w, https:\/\/isopllc.com\/dk\/wp-content\/uploads\/sites\/14\/2021\/09\/Black-ladder-dimencions-416x416.jpg 416w, https:\/\/isopllc.com\/dk\/wp-content\/uploads\/sites\/14\/2021\/09\/Black-ladder-dimencions-100x100.jpg 100w, https:\/\/isopllc.com\/dk\/wp-content\/uploads\/sites\/14\/2021\/09\/Black-ladder-dimencions.jpg 800w\" sizes=\"auto, (max-width: 235px) 100vw, 235px\" \/><\/p>\n<h4>L\u00e6ngde<\/h4>\n<p>Vores redningsb\u00e5ndstiger kan s\u00e6ttes sammen for at \u00f8ge l\u00e6ngden.<\/p>\n<p><img decoding=\"async\" class=\"\" src=\"https:\/\/m.media-amazon.com\/images\/S\/aplus-media\/sc\/2836b9a4-f0f3-4988-b790-6a163e8d253a.__CR0,0,1000,1000_PT0_SX220_V1___.jpg\" alt=\"Weather Resistant\" data-src=\"https:\/\/m.media-amazon.com\/images\/S\/aplus-media\/sc\/2836b9a4-f0f3-4988-b790-6a163e8d253a.__CR0,0,1000,1000_PT0_SX220_V1___.jpg\" \/><\/p>\n<\/div>\n<div>\n<h4>Vejrbestandig<\/h4>\n<p>Genanvendelig n\u00f8dstige 4-etagers 10 m er lavet af slidst\u00e6rkt nylonreb kombineret med robuste metaltrin, der bevarer deres form og funktion selv ved hyppig brug og forskellige vejrforhold. Det anvendte materiale er UV-bestandigt, vandafvisende og rustfast. Takket v\u00e6re sin genanvendelighed er denne stige velegnet til private husholdninger s\u00e5vel som til virksomheder, skoler og hoteller.<\/p>\n<p><img decoding=\"async\" class=\"\" style=\"font-weight: 600\" src=\"https:\/\/m.media-amazon.com\/images\/S\/aplus-media\/sc\/38568e54-d209-49fa-b289-4f0ae1f1fd5c.__CR0,0,1000,1000_PT0_SX220_V1___.jpg\" alt=\"Compact\" data-src=\"https:\/\/m.media-amazon.com\/images\/S\/aplus-media\/sc\/38568e54-d209-49fa-b289-4f0ae1f1fd5c.__CR0,0,1000,1000_PT0_SX220_V1___.jpg\" \/><\/p>\n<h4>Kompakt<\/h4>\n<p>Du kan ikke forestille dig mere kompakte stiger. Hele stigen passer i din h\u00e5ndflade. De fylder ikke meget, kan opbevares hvor som helst s\u00e5som under sengen i sovev\u00e6relset, p\u00e5 altanen og p\u00e5 taget.<\/p>\n<p><img decoding=\"async\" class=\"\" src=\"https:\/\/m.media-amazon.com\/images\/S\/aplus-media\/sc\/439bc8cc-57f7-43a1-89a5-e0e59866ad23.__CR665,170,333,333_PT0_SX220_V1___.jpg\" alt=\"Anti Slip Rungs\" data-src=\"https:\/\/m.media-amazon.com\/images\/S\/aplus-media\/sc\/439bc8cc-57f7-43a1-89a5-e0e59866ad23.__CR665,170,333,333_PT0_SX220_V1___.jpg\" \/><\/p>\n<h4>Skridsikre trin<\/h4>\n<p>Webbing materiale er kendt for at v\u00e6re meget mindre glat end noget andet h\u00e5rdt materiale s\u00e5som aluminium, metal eller plastik.<\/p>\n<h4 class=\"a-spacing-mini\"><img decoding=\"async\" class=\"\" src=\"https:\/\/m.media-amazon.com\/images\/S\/aplus-media-library-service-media\/bc97ce2b-ad5a-488d-ae16-2dc4054da697.__CR0,0,1906,1906_PT0_SX220_V1___.jpeg\" alt=\"Multi-purpose\" data-src=\"https:\/\/m.media-amazon.com\/images\/S\/aplus-media-library-service-media\/bc97ce2b-ad5a-488d-ae16-2dc4054da697.__CR0,0,1906,1906_PT0_SX220_V1___.jpeg\" \/><\/h4>\n<\/div>\n<\/div>\n<\/div>\n<\/div>\n<div>\n<h4>Alsidig<\/h4>\n<p><a href=\"https:\/\/isopllc.com\/\">ISOP<\/a>-b\u00e5ndstigen kan bruges som brandstige, til n\u00f8dsituationer og til b\u00f8rn p\u00e5 legepladsen eller til en tr\u00e6hytte, skoler, kontorer, v\u00e6rksteder eller sommerhuse, og den er en nyttig tilf\u00f8jelse til eksisterende sikkerhedsudstyr. Det er en fantastisk stige til yachter, skibe og b\u00e5de. Superlet, superst\u00e6rk; vandafvisningen g\u00f8r den uundv\u00e6rlig p\u00e5 enhver sejlb\u00e5d.<\/p>\n<p>Denne stige er ogs\u00e5 ideel til br\u00f8nde eller huler.<\/p>\n<\/div>\n<\/div>\n<\/div>\n<\/div>\n<div class=\"celwidget aplus-module module-4 aplus-standard\" data-csa-c-id=\"szt2lt-ajuuna-obqptf-s4hanf\" data-cel-widget=\"aplus-module-4\">\n<div class=\"a-expander-collapsed-height a-row a-expander-container a-expander-partial-collapse-container\" data-a-expander-name=\"aplus-module-expander\" data-a-expander-collapsed-height=\"700\">\n<div class=\"a-expander-content a-expander-partial-collapse-content\">\n<div class=\"aplus-module-wrapper apm-fixed-width\">\n<div class=\"apm-spacing\">\n<div class=\"apm-floatleft apm-fixed-width\">\n<div class=\"apm-spacing\"><img decoding=\"async\" class=\"a-spacing-mini\" src=\"https:\/\/m.media-amazon.com\/images\/S\/aplus-media\/sc\/92d59aff-9c56-407b-8517-ad5630f6ea30.__CR0,0,800,800_PT0_SX300_V1___.jpg\" alt=\"Carabiners\" data-src=\"https:\/\/m.media-amazon.com\/images\/S\/aplus-media\/sc\/92d59aff-9c56-407b-8517-ad5630f6ea30.__CR0,0,800,800_PT0_SX300_V1___.jpg\" \/><\/div>\n<div>\n<h4>Karabinhager<\/h4>\n<p>Professionelle 11kn forkromede karabinhager medf\u00f8lger. De medf\u00f8lgende karabinhager af h\u00f8j kvalitet g\u00f8r det muligt at fastg\u00f8re stigen hurtigt og nemt til vinduesrammer, altanr\u00e6kv\u00e6rk eller andre stabile strukturer. Det betyder, at den er klar til brug p\u00e5 f\u00e5 sekunder &#8211; selv under stress eller i paniksituationer. Karabinhagerne er lavet af robust st\u00e5l og garanterer maksimal sikkerhed, n\u00e5r man klatrer.<\/p>\n<h4 class=\"a-spacing-mini\"><img decoding=\"async\" class=\"a-spacing-mini\" style=\"font-size: 16px\" src=\"https:\/\/m.media-amazon.com\/images\/S\/aplus-media\/sc\/418d6428-453a-4f54-bfe7-acc934a2e204.__CR133,0,720,720_PT0_SX300_V1___.png\" alt=\"Waterproof Bag\" data-src=\"https:\/\/m.media-amazon.com\/images\/S\/aplus-media\/sc\/418d6428-453a-4f54-bfe7-acc934a2e204.__CR133,0,720,720_PT0_SX300_V1___.png\" \/><\/h4>\n<h4>Vandt\u00e6t taske<\/h4>\n<p>Cool designer strandtaske medf\u00f8lger i s\u00e6ttet.<\/p>\n<h4>Sikkerhed for hele familien<\/h4>\n<p>Takket v\u00e6re det gennemt\u00e6nkte design er stigen velegnet til b\u00e5de voksne og b\u00f8rn. Trinene er skridsikre og giver et sikkert greb selv for mindre f\u00f8dder. Is\u00e6r i husholdninger med b\u00f8rn eller \u00e6ldre mennesker er det betryggende at have en sikker flugtmulighed ved h\u00e5nden.<\/p>\n<h4>Din sikkerhedsforsikring i en n\u00f8dsituation<\/h4>\n<p>Denne Genanvendelig n\u00f8dstige 4-etagers 10 m er en god investering i din egen og din families, kollegers eller g\u00e6sters sikkerhed. Den er p\u00e5lidelig, stabil, nem at bruge og kan genbruges. I kritiske \u00f8jeblikke muligg\u00f8r den hurtig evakuering og kan redde liv.<\/p>\n<p>Uanset om det er i hjemmet, p\u00e5 kontoret eller p\u00e5 rejsen &#8211; med denne Genanvendelig n\u00f8dstige 4-etagers 10 m er du forberedt p\u00e5 en n\u00f8dsituation.<\/p>\n<p>Leveringsomfang:<\/p>\n<p>1x n\u00f8dstige, 10 m lang<\/p>\n<p>2x karabinhager<\/p>\n<p>1x opbevaringstaske<\/p>\n<p>1x brugervejledning (flersproget)<\/p>\n<article class=\"text-token-text-primary w-full\" dir=\"auto\" data-testid=\"conversation-turn-72\" data-scroll-anchor=\"true\">\n<div class=\"text-base my-auto mx-auto py-5 [--thread-content-margin:--spacing(4)] @[37rem]:[--thread-content-margin:--spacing(6)] @[72rem]:[--thread-content-margin:--spacing(16)] px-(--thread-content-margin)\">\n<div class=\"[--thread-content-max-width:32rem] @[34rem]:[--thread-content-max-width:40rem] @[64rem]:[--thread-content-max-width:48rem] mx-auto flex max-w-(--thread-content-max-width) flex-1 text-base gap-4 md:gap-5 lg:gap-6 group\/turn-messages focus-visible:outline-hidden\">\n<div class=\"group\/conversation-turn relative flex w-full min-w-0 flex-col agent-turn\">\n<div class=\"relative flex-col gap-1 md:gap-3\">\n<div class=\"flex max-w-full flex-col grow\">\n<div class=\"min-h-8 text-message relative flex w-full flex-col items-end gap-2 text-start break-words whitespace-normal [.text-message+&amp;]:mt-5\" dir=\"auto\" data-message-author-role=\"assistant\" data-message-id=\"c2563982-58dd-42e2-9675-fc239c171826\" data-message-model-slug=\"gpt-4o\">\n<div class=\"flex w-full flex-col gap-1 empty:hidden first:pt-[3px]\">\n<div class=\"markdown prose dark:prose-invert w-full break-words light\">\n<p data-start=\"0\" data-end=\"48\" data-is-last-node=\"\" data-is-only-node=\"\">F\u00e5s ogs\u00e5 i <a href=\"https:\/\/isopllc.com\/dk\/product\/rebstige-til-boern-2-m\/\"><strong>2 m<\/strong><\/a>, <a href=\"https:\/\/isopllc.com\/dk\/product\/forlaengerstige-3-m\/\"><strong>3 m<\/strong><\/a>, <a href=\"https:\/\/isopllc.com\/dk\/product\/tagstige-til-2-etager-4-m\/\"><strong>4 m<\/strong><\/a>, <a href=\"https:\/\/isopllc.com\/dk\/product\/noedflugtsstige-5-m\/\"><strong>5 m<\/strong><\/a>, <a href=\"https:\/\/isopllc.com\/dk\/product\/brandflugtsstige-3-etager-8-m\/\"><strong>8 m<\/strong><\/a> og <a href=\"https:\/\/isopllc.com\/dk\/product\/brandtrappe-6-etager-15-m\/\"><strong>15 m.<\/strong><\/a><\/p>\n<\/div>\n<\/div>\n<\/div>\n<\/div>\n<div class=\"flex justify-start\"><\/div>\n<\/div>\n<div class=\"absolute\">\n<div class=\"flex items-center justify-center\"><\/div>\n<\/div>\n<\/div>\n<\/div>\n<\/div>\n<\/article>\n<div class=\"pointer-events-none h-px w-px\" aria-hidden=\"true\" data-edge=\"true\"><\/div>\n<\/div>\n<\/div>\n<\/div>\n<\/div>\n<\/div>\n<\/div>\n<\/div>\n<\/div>\n<\/div>\n<\/div>\n<\/div>\n<\/div>\n<\/div>\n<\/div>\n<\/div>\n<\/div>\n<\/div>\n<\/div>\n<\/div>\n<\/div>\n<\/div>\n<\/div>\n<\/div>\n<\/div>\n<\/div>\n<\/div>\n<\/div>\n<\/div>\n","protected":false},"excerpt":{"rendered":"[embed]https:\/\/youtu.be\/btKeHujN-nI[\/embed]\n<p id=\"title\" class=\"a-size-large a-spacing-none\" style=\"text-align: center\">Genanvendelig n\u00f8dstige 4-etagers 10 m | Genanvendelig n\u00f8dstige | Karabinhager inkluderet &#8211; Let og holdbar op til 200 kg | N\u00f8dudstyr | Klatrestige i reb<\/p>\n<p class=\"a-size-large a-spacing-none\" style=\"text-align: center\">GRATIS LEVERING INDEN FOR 3-7 DAGE<\/p>\n<h4 style=\"text-align: center\"><strong>K\u00d8B DEN P\u00c5<\/strong><\/h4>\n<p style=\"text-align: center\"><a href=\"https:\/\/www.amazon.de\/dp\/B0D9VR2VNX\/ref=sr_1_3?__mk_de_DE=%C3%85M%C3%85%C5%BD%C3%95%C3%91&amp;crid=3BXMDPBZJG0O5&amp;dib=eyJ2IjoiMSJ9.2cOa240DgS7z1TT9QGBQ3A.3WX13H8W2gJEaTA6_jsrZObFwfOucjcFd-GA7QokgF8&amp;dib_tag=se&amp;keywords=Notleiter%2B4-st%C3%B6ckig%2BWiederverwendbare%2BNotleiter&amp;qid=1745133535&amp;s=kitchen&amp;sprefix=b0d9vr2vnx%2Ckitchen%2C214&amp;sr=1-3&amp;th=1\"><img loading=\"lazy\" decoding=\"async\" class=\"aligncenter wp-image-1040 size-full\" src=\"https:\/\/isopllc.com\/dk\/wp-content\/uploads\/sites\/14\/2020\/01\/amazon-button9.png\" alt=\"\" width=\"160\" height=\"59\" \/><\/a><\/p>\n<p>&nbsp;<\/p>\n","protected":false},"featured_media":5193,"comment_status":"open","ping_status":"closed","template":"","meta":[],"product_brand":[],"product_cat":[168,171],"product_tag":[63,64,54,38,37,36],"class_list":{"0":"post-5192","1":"product","2":"type-product","3":"status-publish","4":"has-post-thumbnail","6":"product_cat-brandredningsstiger","7":"product_cat-brandtrappestiger-med-4-etager","8":"product_tag-3-etager","9":"product_tag-8-m","10":"product_tag-brandflugtsstige","11":"product_tag-brandudstyr","12":"product_tag-evakuering","13":"product_tag-sikkerhed","15":"first","16":"instock","17":"shipping-taxable","18":"purchasable","19":"product-type-simple"},"_links":{"self":[{"href":"https:\/\/isopllc.com\/dk\/wp-json\/wp\/v2\/product\/5192","targetHints":{"allow":["GET"]}}],"collection":[{"href":"https:\/\/isopllc.com\/dk\/wp-json\/wp\/v2\/product"}],"about":[{"href":"https:\/\/isopllc.com\/dk\/wp-json\/wp\/v2\/types\/product"}],"replies":[{"embeddable":true,"href":"https:\/\/isopllc.com\/dk\/wp-json\/wp\/v2\/comments?post=5192"}],"wp:featuredmedia":[{"embeddable":true,"href":"https:\/\/isopllc.com\/dk\/wp-json\/wp\/v2\/media\/5193"}],"wp:attachment":[{"href":"https:\/\/isopllc.com\/dk\/wp-json\/wp\/v2\/media?parent=5192"}],"wp:term":[{"taxonomy":"product_brand","embeddable":true,"href":"https:\/\/isopllc.com\/dk\/wp-json\/wp\/v2\/product_brand?post=5192"},{"taxonomy":"product_cat","embeddable":true,"href":"https:\/\/isopllc.com\/dk\/wp-json\/wp\/v2\/product_cat?post=5192"},{"taxonomy":"product_tag","embeddable":true,"href":"https:\/\/isopllc.com\/dk\/wp-json\/wp\/v2\/product_tag?post=5192"}],"curies":[{"name":"wp","href":"https:\/\/api.w.org\/{rel}","templated":true}]}}