{"id":5208,"date":"2025-04-21T02:51:04","date_gmt":"2025-04-21T02:51:04","guid":{"rendered":"https:\/\/isopllc.com\/dk\/?post_type=product&#038;p=5208"},"modified":"2025-07-01T14:26:54","modified_gmt":"2025-07-01T14:26:54","slug":"udendoers-vaegmonteret-brandstige-8-m","status":"publish","type":"product","link":"https:\/\/isopllc.com\/dk\/product\/udendoers-vaegmonteret-brandstige-8-m\/","title":{"rendered":"Udend\u00f8rs v\u00e6gmonteret brandstige 8 m"},"content":{"rendered":"<h2>Udend\u00f8rs v\u00e6gmonteret brandstige til 3-etagers hus 8 m | Vandt\u00e6t brandstige | Fast n\u00f8dstige installeret p\u00e5 et vindue eller en balkon, klar til evakuering<\/h2>\n<div class=\"celwidget aplus-module premium-module-4-two-column-images aplus-premium\" data-csa-c-id=\"15yl7x-eio1n0-m9lh6n-socwzs\" data-cel-widget=\"aplus-premium-module-4-two-column-images\">\n<div class=\"a-section a-spacing-none premium-aplus premium-aplus-module-4 aplus-container-1\">\n<div class=\"a-section a-spacing-none premium-aplus-two-column\">\n<div class=\"a-section a-spacing-none premium-aplus-column\">\n<div class=\"a-section a-spacing-none column-description\">\n<h3 class=\"aplus-p3\">Vi pr\u00e6senterer dig for en unik <a href=\"https:\/\/isopllc.com\/\">3-etagers Udend\u00f8rs v\u00e6gmonteret brandstige<\/a> 8 m, som l\u00f8ser flere problemer, der findes i n\u00e6sten alle brandstiger p\u00e5 markedet!<\/h3>\n<p><img loading=\"lazy\" decoding=\"async\" class=\"alignnone size-medium wp-image-5196\" src=\"https:\/\/isopllc.com\/dk\/wp-content\/uploads\/sites\/14\/2025\/04\/wall-mounted-ladder7-300x300.jpg\" alt=\"Permanent brandstige\" width=\"300\" height=\"300\" srcset=\"https:\/\/isopllc.com\/dk\/wp-content\/uploads\/sites\/14\/2025\/04\/wall-mounted-ladder7-300x300.jpg 300w, https:\/\/isopllc.com\/dk\/wp-content\/uploads\/sites\/14\/2025\/04\/wall-mounted-ladder7-150x150.jpg 150w, https:\/\/isopllc.com\/dk\/wp-content\/uploads\/sites\/14\/2025\/04\/wall-mounted-ladder7-416x416.jpg 416w, https:\/\/isopllc.com\/dk\/wp-content\/uploads\/sites\/14\/2025\/04\/wall-mounted-ladder7-100x100.jpg 100w, https:\/\/isopllc.com\/dk\/wp-content\/uploads\/sites\/14\/2025\/04\/wall-mounted-ladder7.jpg 500w\" sizes=\"auto, (max-width: 300px) 100vw, 300px\" \/><\/p>\n<p>Hurtighed og enkelhed &#8211; Den 3-etagers Udend\u00f8rs v\u00e6gmonteret brandstige 8 m er permanent fastgjort til v\u00e6ggen, enten i eller uden for hjemmet, og er altid klar til brug. Vores Udend\u00f8rs v\u00e6gmonteret brandstige 8 m til 3-etagers huse foldes ud med en enkelt h\u00e5ndbev\u00e6gelse p\u00e5 bare 1 sekund! Ingen anden brandstige p\u00e5 markedet giver s\u00e5 \u00f8jeblikkelig adgang til at flygte fra et br\u00e6ndende rum. Alle andre permanente brandstiger skal tages ud af en taske eller kasse, fastg\u00f8res sikkert, kastes ud af vinduet, og f\u00f8rst derefter kan nedstigningen begynde &#8211; alt sammen i r\u00f8g, panik og muligvis i fuldst\u00e6ndigt m\u00f8rke.<\/p>\n<p><img loading=\"lazy\" decoding=\"async\" class=\"alignnone size-medium wp-image-4995\" src=\"https:\/\/isopllc.com\/dk\/wp-content\/uploads\/sites\/14\/2023\/12\/wall-rungs-10_2-300x279.jpg\" alt=\"Brandsikre trin\" width=\"300\" height=\"279\" srcset=\"https:\/\/isopllc.com\/dk\/wp-content\/uploads\/sites\/14\/2023\/12\/wall-rungs-10_2-300x279.jpg 300w, https:\/\/isopllc.com\/dk\/wp-content\/uploads\/sites\/14\/2023\/12\/wall-rungs-10_2-768x714.jpg 768w, https:\/\/isopllc.com\/dk\/wp-content\/uploads\/sites\/14\/2023\/12\/wall-rungs-10_2-416x387.jpg 416w, https:\/\/isopllc.com\/dk\/wp-content\/uploads\/sites\/14\/2023\/12\/wall-rungs-10_2.jpg 900w\" sizes=\"auto, (max-width: 300px) 100vw, 300px\" \/><\/p>\n<p>Stabilitet &#8211; Den er us\u00e6dvanlig stabil, da den har afstandsstykker, der forhindrer den i at v\u00e6re for t\u00e6t p\u00e5 v\u00e6ggen, hvilket g\u00f8r den lige s\u00e5 stabil som en fast jernstige. Den svinger ikke i alle retninger som en typisk billig rebstige.<\/p>\n<p>Pladsbesparende &#8211; Den optager ikke plads i hjemmet, da den kan monteres p\u00e5 yderv\u00e6ggen under et vindue eller en altan.<\/p>\n<p><img loading=\"lazy\" decoding=\"async\" class=\"alignnone size-full wp-image-5197\" src=\"https:\/\/isopllc.com\/dk\/wp-content\/uploads\/sites\/14\/2025\/04\/wall-mounted-ladder9.jpeg\" alt=\"Stiger til udgang\" width=\"300\" height=\"300\" srcset=\"https:\/\/isopllc.com\/dk\/wp-content\/uploads\/sites\/14\/2025\/04\/wall-mounted-ladder9.jpeg 300w, https:\/\/isopllc.com\/dk\/wp-content\/uploads\/sites\/14\/2025\/04\/wall-mounted-ladder9-150x150.jpeg 150w, https:\/\/isopllc.com\/dk\/wp-content\/uploads\/sites\/14\/2025\/04\/wall-mounted-ladder9-100x100.jpeg 100w\" sizes=\"auto, (max-width: 300px) 100vw, 300px\" \/><\/p>\n<p class=\"a-spacing-base\">Vandt\u00e6t &#8211; Den er udelukkende fremstillet af vandt\u00e6tte materialer og vil ikke svigte som andre konkurrerende brandstiger.<\/p>\n<p class=\"a-spacing-base\">Genanvendelig &#8211; Den h\u00e6ngende stige er designet til flere anvendelser, da alle materialer er ekstremt holdbare og testet for styrke.<\/p>\n<p class=\"a-spacing-base\">Tyverisikring &#8211; N\u00e5r du er kommet ned fra den 3-etagers Udend\u00f8rs v\u00e6gmonteret brandstige 8 m, kan du tr\u00e6kke den op igen for at forhindre tyve i at bruge den.<\/p>\n<p><img loading=\"lazy\" decoding=\"async\" class=\"alignnone size-full wp-image-5198\" src=\"https:\/\/isopllc.com\/dk\/wp-content\/uploads\/sites\/14\/2025\/04\/c4bc4c42-e6a5-406b-be6c-1d0376ef1a60.__CR0010801080_PT0_SX300_V1___.jpeg\" alt=\"\" width=\"300\" height=\"300\" srcset=\"https:\/\/isopllc.com\/dk\/wp-content\/uploads\/sites\/14\/2025\/04\/c4bc4c42-e6a5-406b-be6c-1d0376ef1a60.__CR0010801080_PT0_SX300_V1___.jpeg 300w, https:\/\/isopllc.com\/dk\/wp-content\/uploads\/sites\/14\/2025\/04\/c4bc4c42-e6a5-406b-be6c-1d0376ef1a60.__CR0010801080_PT0_SX300_V1___-150x150.jpeg 150w, https:\/\/isopllc.com\/dk\/wp-content\/uploads\/sites\/14\/2025\/04\/c4bc4c42-e6a5-406b-be6c-1d0376ef1a60.__CR0010801080_PT0_SX300_V1___-100x100.jpeg 100w\" sizes=\"auto, (max-width: 300px) 100vw, 300px\" \/><\/p>\n<p>Den v\u00e6gmonterede Udend\u00f8rs v\u00e6gmonteret brandstige 8 m til 3-etagers huse er fastgjort til v\u00e6ggen, hvor kun det f\u00f8rste trin er fastgjort, mens resten let kan foldes ud og tr\u00e6kkes ind. Det g\u00f8r, at du kan bruge den uden at miste dyrebare sekunder i en n\u00f8dsituation.<\/p>\n<p><img loading=\"lazy\" decoding=\"async\" class=\"alignnone size-medium wp-image-5190\" src=\"https:\/\/isopllc.com\/dk\/wp-content\/uploads\/sites\/14\/2025\/04\/wall-mounted-ladder4-1-300x300.jpg\" alt=\"Brandsikr Dit Hjem\" width=\"300\" height=\"300\" srcset=\"https:\/\/isopllc.com\/dk\/wp-content\/uploads\/sites\/14\/2025\/04\/wall-mounted-ladder4-1-300x300.jpg 300w, https:\/\/isopllc.com\/dk\/wp-content\/uploads\/sites\/14\/2025\/04\/wall-mounted-ladder4-1-1024x1024.jpg 1024w, https:\/\/isopllc.com\/dk\/wp-content\/uploads\/sites\/14\/2025\/04\/wall-mounted-ladder4-1-150x150.jpg 150w, https:\/\/isopllc.com\/dk\/wp-content\/uploads\/sites\/14\/2025\/04\/wall-mounted-ladder4-1-768x768.jpg 768w, https:\/\/isopllc.com\/dk\/wp-content\/uploads\/sites\/14\/2025\/04\/wall-mounted-ladder4-1-1000x1000.jpg 1000w, https:\/\/isopllc.com\/dk\/wp-content\/uploads\/sites\/14\/2025\/04\/wall-mounted-ladder4-1-416x416.jpg 416w, https:\/\/isopllc.com\/dk\/wp-content\/uploads\/sites\/14\/2025\/04\/wall-mounted-ladder4-1-100x100.jpg 100w, https:\/\/isopllc.com\/dk\/wp-content\/uploads\/sites\/14\/2025\/04\/wall-mounted-ladder4-1.jpg 1200w\" sizes=\"auto, (max-width: 300px) 100vw, 300px\" \/><\/p>\n<p>Fordi den er universel, kan du bruge denne Udend\u00f8rs v\u00e6gmonteret brandstige 8 m til 3-etagers huse overalt, hvad enten det er i en br\u00f8nd, p\u00e5 et tag, i en bunker eller i bygninger med flere etager. I mods\u00e6tning til andre permanente brandtrapper kan disse ikke bruges af tyve; du tr\u00e6kker dem blot tilbage, n\u00e5r du er kommet ned. Alle dele er lavet af rustfrie materialer som f.eks. rustfrit st\u00e5l, og stoffet er lavet af et sj\u00e6ldent vandafvisende materiale.<\/p>\n<p><img loading=\"lazy\" decoding=\"async\" class=\"alignnone size-full wp-image-5199\" src=\"https:\/\/isopllc.com\/dk\/wp-content\/uploads\/sites\/14\/2025\/04\/wall-mounted-ladder10.jpeg\" alt=\"Nedh\u00e6ngt stige\" width=\"300\" height=\"300\" srcset=\"https:\/\/isopllc.com\/dk\/wp-content\/uploads\/sites\/14\/2025\/04\/wall-mounted-ladder10.jpeg 300w, https:\/\/isopllc.com\/dk\/wp-content\/uploads\/sites\/14\/2025\/04\/wall-mounted-ladder10-150x150.jpeg 150w, https:\/\/isopllc.com\/dk\/wp-content\/uploads\/sites\/14\/2025\/04\/wall-mounted-ladder10-100x100.jpeg 100w\" sizes=\"auto, (max-width: 300px) 100vw, 300px\" \/><\/p>\n<p>Brugsanvisning:<\/p>\n<p>1) Fastg\u00f8r det f\u00f8rste trin til en yderv\u00e6g under vinduet (eller eventuelt til en inderv\u00e6g).<\/p>\n<p>2) Under brug skal du folde stoffets sikkerhedsovertr\u00e6k ud og kaste stigen nedad.<\/p>\n<p>3) Brug begge h\u00e6nder p\u00e5 trinene, og g\u00e5 langsomt ned.<\/p>\n<p><img loading=\"lazy\" decoding=\"async\" class=\"alignnone size-full wp-image-5200\" src=\"https:\/\/isopllc.com\/dk\/wp-content\/uploads\/sites\/14\/2025\/04\/wall-mounted-ladder11.jpeg\" alt=\"Stigetrin til klatring\" width=\"300\" height=\"300\" srcset=\"https:\/\/isopllc.com\/dk\/wp-content\/uploads\/sites\/14\/2025\/04\/wall-mounted-ladder11.jpeg 300w, https:\/\/isopllc.com\/dk\/wp-content\/uploads\/sites\/14\/2025\/04\/wall-mounted-ladder11-150x150.jpeg 150w, https:\/\/isopllc.com\/dk\/wp-content\/uploads\/sites\/14\/2025\/04\/wall-mounted-ladder11-100x100.jpeg 100w\" sizes=\"auto, (max-width: 300px) 100vw, 300px\" \/><\/p>\n<p>Udend\u00f8rs v\u00e6gmonteret brandstige 8 m til 3-etagers huse er flokfri, kompakte, genanvendelige, har forskellige l\u00e6ngder, er lette, egnede til indend\u00f8rs og udend\u00f8rs brug, multifunktionelle og holdbare. Det bedste valg for din families brandsikkerhed. Permanent monterede flugtvejsstiger er en kritisk sikkerhedsfunktion, der er designet til at give en p\u00e5lidelig og tilg\u00e6ngelig flugtvej i tilf\u00e6lde af brand. De er sikkert fastgjort til en bygning, s\u00e5 de altid er klar til brug.<\/p>\n<p><img loading=\"lazy\" decoding=\"async\" class=\"alignnone size-full wp-image-5201\" src=\"https:\/\/isopllc.com\/dk\/wp-content\/uploads\/sites\/14\/2025\/04\/wall-mounted-ladder12.jpeg\" alt=\"Ekstern stige\" width=\"300\" height=\"300\" srcset=\"https:\/\/isopllc.com\/dk\/wp-content\/uploads\/sites\/14\/2025\/04\/wall-mounted-ladder12.jpeg 300w, https:\/\/isopllc.com\/dk\/wp-content\/uploads\/sites\/14\/2025\/04\/wall-mounted-ladder12-150x150.jpeg 150w, https:\/\/isopllc.com\/dk\/wp-content\/uploads\/sites\/14\/2025\/04\/wall-mounted-ladder12-100x100.jpeg 100w\" sizes=\"auto, (max-width: 300px) 100vw, 300px\" \/><\/p>\n<p>Boliger: Giver en n\u00f8dudgang til enfamiliehuse, is\u00e6r til bygninger i flere etager.<\/p>\n<p>Erhvervsbygninger: Sikrer overholdelse af brandsikkerhedsregler og muligg\u00f8r sikker evakuering af medarbejdere og bes\u00f8gende.<\/p>\n<p><img loading=\"lazy\" decoding=\"async\" class=\"alignnone size-medium wp-image-5058\" src=\"https:\/\/isopllc.com\/dk\/wp-content\/uploads\/sites\/14\/2024\/05\/8EE4ABE8-803C-4EAB-ACC3-91B7D513AFB7-300x256.jpeg\" alt=\"Bedste Brandflugts stiger\" width=\"300\" height=\"256\" srcset=\"https:\/\/isopllc.com\/dk\/wp-content\/uploads\/sites\/14\/2024\/05\/8EE4ABE8-803C-4EAB-ACC3-91B7D513AFB7-300x256.jpeg 300w, https:\/\/isopllc.com\/dk\/wp-content\/uploads\/sites\/14\/2024\/05\/8EE4ABE8-803C-4EAB-ACC3-91B7D513AFB7-768x654.jpeg 768w, https:\/\/isopllc.com\/dk\/wp-content\/uploads\/sites\/14\/2024\/05\/8EE4ABE8-803C-4EAB-ACC3-91B7D513AFB7-416x354.jpeg 416w, https:\/\/isopllc.com\/dk\/wp-content\/uploads\/sites\/14\/2024\/05\/8EE4ABE8-803C-4EAB-ACC3-91B7D513AFB7.jpeg 890w\" sizes=\"auto, (max-width: 300px) 100vw, 300px\" \/><\/p>\n<p>Industriomr\u00e5der: Giver hurtige flugtveje i fabrikker, lagerbygninger og lignende milj\u00f8er.<\/p>\n<p>Hospitaler og skoler: Giver en sikker flugtvej for s\u00e5rbare befolkningsgrupper, f.eks. patienter og elever.<\/p>\n<p>Hoteller og h\u00f8jhuse: Afg\u00f8rende for g\u00e6sters og beboeres sikkerhed i n\u00f8dsituationer.<\/p>\n<article class=\"text-token-text-primary w-full\" dir=\"auto\" data-testid=\"conversation-turn-68\" data-scroll-anchor=\"true\">\n<div class=\"text-base my-auto mx-auto py-5 [--thread-content-margin:--spacing(4)] @[37rem]:[--thread-content-margin:--spacing(6)] @[72rem]:[--thread-content-margin:--spacing(16)] px-(--thread-content-margin)\">\n<div class=\"[--thread-content-max-width:32rem] @[34rem]:[--thread-content-max-width:40rem] @[64rem]:[--thread-content-max-width:48rem] mx-auto flex max-w-(--thread-content-max-width) flex-1 text-base gap-4 md:gap-5 lg:gap-6 group\/turn-messages focus-visible:outline-hidden\">\n<div class=\"group\/conversation-turn relative flex w-full min-w-0 flex-col agent-turn\">\n<div class=\"relative flex-col gap-1 md:gap-3\">\n<div class=\"flex max-w-full flex-col grow\">\n<div class=\"min-h-8 text-message relative flex w-full flex-col items-end gap-2 text-start break-words whitespace-normal [.text-message+&amp;]:mt-5\" dir=\"auto\" data-message-author-role=\"assistant\" data-message-id=\"9da3d062-b53f-4e59-be82-e863dcb6c451\" data-message-model-slug=\"gpt-4o\">\n<div class=\"flex w-full flex-col gap-1 empty:hidden first:pt-[3px]\">\n<div class=\"markdown prose dark:prose-invert w-full break-words light\">\n<p data-start=\"81\" data-end=\"95\" data-is-last-node=\"\" data-is-only-node=\"\">F\u00e5s ogs\u00e5 i <a href=\"https:\/\/isopllc.com\/dk\/product\/permanent-brandstige-til-to-etager-4-m\/\"><strong>4 m<\/strong><\/a>.<\/p>\n<\/div>\n<\/div>\n<\/div>\n<\/div>\n<div class=\"flex justify-start\"><\/div>\n<\/div>\n<\/div>\n<\/div>\n<\/div>\n<\/article>\n<p>&nbsp;<\/p>\n<\/div>\n<\/div>\n<\/div>\n<\/div>\n<\/div>\n","protected":false},"excerpt":{"rendered":"[embed]https:\/\/youtu.be\/7Ojk0fAWS5Y?si=FPgZu1wdWNQD5krM[\/embed]\n<p style=\"text-align: center\">Udend\u00f8rs v\u00e6gmonteret brandstige til 3-etagers hus 8 m | Vandt\u00e6t brandstige | Fast n\u00f8dstige installeret p\u00e5 et vindue eller en balkon, klar til evakuering<\/p>\n<p style=\"text-align: center\">GRATIS LEVERING INDEN FOR 3-7 DAGE<\/p>\n<h4 style=\"text-align: center\"><strong>K\u00d8BE DET<\/strong><\/h4>\n<p><a href=\"https:\/\/www.amazon.de\/dp\/B0D8J3XHKR\/ref=sr_1_1?__mk_de_DE=%C3%85M%C3%85%C5%BD%C3%95%C3%91&amp;crid=34SOXAGJP2HKZ&amp;dib=eyJ2IjoiMSJ9.FppElR5DPe3UD2ugflYbag.zUvkdmLKfIa7qAvY7UbYXQU3LBLOEtqQ-pxuaALQuKM&amp;dib_tag=se&amp;keywords=Outdoor-Wandmontierte+Feuerleiter+f%C3%BCr+3-st%C3%B6ckiges+Haus&amp;qid=1745205567&amp;s=kitchen&amp;sprefix=b0d8j3xhkr%2Ckitchen%2C352&amp;sr=1-1&amp;th=1\"><img loading=\"lazy\" decoding=\"async\" class=\"aligncenter wp-image-1040 size-full\" src=\"https:\/\/isopllc.com\/dk\/wp-content\/uploads\/sites\/14\/2020\/01\/amazon-button9.png\" alt=\"\" width=\"160\" height=\"59\" \/><\/a><\/p>\n","protected":false},"featured_media":5202,"comment_status":"open","ping_status":"closed","template":"","meta":[],"product_brand":[],"product_cat":[172,169,167],"product_tag":[92,91,36,43,120],"class_list":{"0":"post-5208","1":"product","2":"type-product","3":"status-publish","4":"has-post-thumbnail","6":"product_cat-brandtrappestiger-med-3-etager","7":"product_cat-brandtrappestiger-med-afstandsstykker","8":"product_cat-vaegmonterede-stiger","9":"product_tag-isop","10":"product_tag-klatring","11":"product_tag-sikkerhed","12":"product_tag-udstyr","13":"product_tag-vaegtrin","15":"first","16":"instock","17":"shipping-taxable","18":"purchasable","19":"product-type-simple"},"_links":{"self":[{"href":"https:\/\/isopllc.com\/dk\/wp-json\/wp\/v2\/product\/5208","targetHints":{"allow":["GET"]}}],"collection":[{"href":"https:\/\/isopllc.com\/dk\/wp-json\/wp\/v2\/product"}],"about":[{"href":"https:\/\/isopllc.com\/dk\/wp-json\/wp\/v2\/types\/product"}],"replies":[{"embeddable":true,"href":"https:\/\/isopllc.com\/dk\/wp-json\/wp\/v2\/comments?post=5208"}],"wp:featuredmedia":[{"embeddable":true,"href":"https:\/\/isopllc.com\/dk\/wp-json\/wp\/v2\/media\/5202"}],"wp:attachment":[{"href":"https:\/\/isopllc.com\/dk\/wp-json\/wp\/v2\/media?parent=5208"}],"wp:term":[{"taxonomy":"product_brand","embeddable":true,"href":"https:\/\/isopllc.com\/dk\/wp-json\/wp\/v2\/product_brand?post=5208"},{"taxonomy":"product_cat","embeddable":true,"href":"https:\/\/isopllc.com\/dk\/wp-json\/wp\/v2\/product_cat?post=5208"},{"taxonomy":"product_tag","embeddable":true,"href":"https:\/\/isopllc.com\/dk\/wp-json\/wp\/v2\/product_tag?post=5208"}],"curies":[{"name":"wp","href":"https:\/\/api.w.org\/{rel}","templated":true}]}}