{"id":5345,"date":"2025-07-03T06:43:37","date_gmt":"2025-07-03T06:43:37","guid":{"rendered":"https:\/\/isopllc.com\/dk\/?post_type=product&#038;p=5345"},"modified":"2025-07-03T06:47:41","modified_gmt":"2025-07-03T06:47:41","slug":"aluminiumskab-til-brandstige-3-etager","status":"publish","type":"product","link":"https:\/\/isopllc.com\/dk\/product\/aluminiumskab-til-brandstige-3-etager\/","title":{"rendered":"Aluminiumskab til brandstige 3 etager"},"content":{"rendered":"<div class=\"celwidget aplus-module module-4 aplus-standard\" data-csa-c-id=\"6mnb1z-9dwrl2-ic24uv-jd1phn\" data-cel-widget=\"aplus-module-4\">\n<div class=\"a-expander-collapsed-height a-row a-expander-container a-expander-partial-collapse-container\" aria-live=\"polite\" data-a-expander-name=\"aplus-module-expander\" data-a-expander-collapsed-height=\"700\">\n<div class=\"a-expander-content a-expander-partial-collapse-content\" aria-expanded=\"false\">\n<div class=\"aplus-module-wrapper apm-fixed-width\">\n<div class=\"apm-spacing\">\n<div class=\"apm-floatleft apm-fixed-width\">\n<div id=\"title_feature_div\" class=\"celwidget\" data-feature-name=\"title\" data-csa-c-id=\"m5t5xw-wzxd1-od319-pyb58o\" data-cel-widget=\"title_feature_div\">\n<div id=\"titleSection\" class=\"a-section a-spacing-none\">\n<div id=\"title_feature_div\" class=\"celwidget\" data-feature-name=\"title\" data-csa-c-id=\"m5t5xw-wzxd1-od319-pyb58o\" data-cel-widget=\"title_feature_div\">\n<div id=\"titleSection\" class=\"a-section a-spacing-none\">\n<h2 id=\"reconcile-item-title\" class=\"text-weight-bold\">Aluminiumskab til brandflugtsstige | Universel adgangsboks til brandstige 3 etager | Indend\u00f8rs udend\u00f8rs | Monteringsudstyr inkl. | V\u00e6gmonterbar opbevaring til brandsikkerhedsstiger | 42 * 34 * 15 cm<\/h2>\n<p>Aluminiumskab til brandstige 3 etager\u2013 s\u00f8rg for, at dit hjem, din lejlighed, skole eller arbejdsplads er forberedt p\u00e5 n\u00f8devakuering med dette aluminiumskab til brandflugtsstige \u2013 en robust, elegant og specialdesignet universel adgangsboks til b\u00e5de indend\u00f8rs og udend\u00f8rs brug. Dette v\u00e6gmonterbare opbevaringsskab giver kritisk adgang til evakueringsstiger under brande eller andre h\u00f8jrisikosituationer, hvor hurtig evakuering er n\u00f8dvendig.<\/p>\n<p><img loading=\"lazy\" decoding=\"async\" class=\"alignnone size-medium wp-image-5349\" src=\"https:\/\/isopllc.com\/dk\/wp-content\/uploads\/sites\/14\/2025\/07\/extinguisher-box_1-300x300.jpg\" alt=\"Aluminiumskab\" width=\"300\" height=\"300\" srcset=\"https:\/\/isopllc.com\/dk\/wp-content\/uploads\/sites\/14\/2025\/07\/extinguisher-box_1-300x300.jpg 300w, https:\/\/isopllc.com\/dk\/wp-content\/uploads\/sites\/14\/2025\/07\/extinguisher-box_1-1024x1024.jpg 1024w, https:\/\/isopllc.com\/dk\/wp-content\/uploads\/sites\/14\/2025\/07\/extinguisher-box_1-150x150.jpg 150w, https:\/\/isopllc.com\/dk\/wp-content\/uploads\/sites\/14\/2025\/07\/extinguisher-box_1-768x768.jpg 768w, https:\/\/isopllc.com\/dk\/wp-content\/uploads\/sites\/14\/2025\/07\/extinguisher-box_1-1536x1536.jpg 1536w, https:\/\/isopllc.com\/dk\/wp-content\/uploads\/sites\/14\/2025\/07\/extinguisher-box_1-2048x2048.jpg 2048w, https:\/\/isopllc.com\/dk\/wp-content\/uploads\/sites\/14\/2025\/07\/extinguisher-box_1-1000x1000.jpg 1000w, https:\/\/isopllc.com\/dk\/wp-content\/uploads\/sites\/14\/2025\/07\/extinguisher-box_1-416x416.jpg 416w, https:\/\/isopllc.com\/dk\/wp-content\/uploads\/sites\/14\/2025\/07\/extinguisher-box_1-100x100.jpg 100w\" sizes=\"auto, (max-width: 300px) 100vw, 300px\" \/><\/p>\n<h3 data-start=\"124\" data-end=\"186\">Aluminium af h\u00f8j kvalitet til indend\u00f8rs og udend\u00f8rs holdbarhed<\/h3>\n<p data-start=\"1476\" data-end=\"1981\">Fremstillet af h\u00f8jstyrke anodiseret aluminium er dette skab konstrueret til holdbarhed, korrosionsbestandighed og lang levetid. I mods\u00e6tning til plastalternativer eller st\u00e5lkasser i lav kvalitet er denne enhed vejrbestandig og egnet til udend\u00f8rs brug \u2013 ideel til altaner, brandtrapper eller verandaer. Indend\u00f8rs passer den diskret ind i v\u00e6gge, teknikrum eller trappeopgange og bevarer \u00e6stetikken i moderne interi\u00f8rer, samtidig med at den sikrer maksimal brandsikkerhed.<\/p>\n<\/div>\n<\/div>\n<ul class=\"a-unordered-list a-vertical\">\n<li>Kompakt design<\/li>\n<li>Kompakt design<\/li>\n<li>Akrylglas (som er sikrere end almindeligt glas under n\u00f8dsituationer)<\/li>\n<li>Monteres nemt p\u00e5 v\u00e6ggen<\/li>\n<li>\n<div class=\"flex max-w-full flex-col grow\">\n<div class=\"min-h-8 text-message relative flex w-full flex-col items-end gap-2 text-start break-words whitespace-normal [.text-message+&amp;]:mt-5\" dir=\"auto\" data-message-author-role=\"assistant\" data-message-id=\"d51910fb-6f00-4798-861b-f6d0a539ba67\" data-message-model-slug=\"gpt-4o\">\n<div class=\"flex w-full flex-col gap-1 empty:hidden first:pt-[3px]\">\n<div class=\"markdown prose dark:prose-invert w-full break-words light\">\n<p data-start=\"659\" data-end=\"835\" data-is-last-node=\"\" data-is-only-node=\"\">Let at finde, n\u00e5r det er n\u00f8dvendigt<\/p>\n<\/div>\n<\/div>\n<\/div>\n<\/div>\n<div class=\"flex min-h-[46px] justify-start\"><\/div>\n<div class=\"mt-3 w-full empty:hidden\">\n<div class=\"text-center\">\n<div><\/div>\n<\/div>\n<\/div>\n<\/li>\n<\/ul>\n<\/div>\n<\/div>\n<\/div>\n<\/div>\n<\/div>\n<\/div>\n<\/div>\n<\/div>\n<div class=\"celwidget aplus-module module-9 aplus-standard\" data-csa-c-id=\"kgh8ns-6rdhac-l4uce3-redgno\" data-cel-widget=\"aplus-module-9\">\n<div class=\"a-expander-collapsed-height a-row a-expander-container a-expander-partial-collapse-container\" aria-live=\"polite\" data-a-expander-name=\"aplus-module-expander\" data-a-expander-collapsed-height=\"700\">\n<div class=\"a-expander-content a-expander-partial-collapse-content\" aria-expanded=\"false\">\n<div class=\"aplus-module-wrapper apm-fixed-width\">\n<div class=\"apm-spacing apm-fixed-width\">\n<div class=\"celwidget aplus-module module-9 aplus-standard\" data-csa-c-id=\"6rrkxj-o9oo3p-2dk8kw-v8mrts\" data-cel-widget=\"aplus-module-9\">\n<div class=\"a-expander-collapsed-height a-row a-expander-container a-expander-partial-collapse-container\" aria-live=\"polite\" data-a-expander-name=\"aplus-module-expander\" data-a-expander-collapsed-height=\"700\">\n<div class=\"a-expander-content a-expander-partial-collapse-content\" aria-expanded=\"false\">\n<div class=\"aplus-module-wrapper apm-fixed-width\">\n<div class=\"apm-spacing apm-fixed-width\">\n<p><img loading=\"lazy\" decoding=\"async\" class=\"alignnone size-medium wp-image-5347\" src=\"https:\/\/isopllc.com\/dk\/wp-content\/uploads\/sites\/14\/2025\/07\/Aluminum-Universal-Access-Box-Indoor-Outdoor-for-Fire-Escape-Ladders-Extinguisher-or-Fire-Blanket-Wall-Mountable-Fire-Hoss-Cabinet-5_1-300x300.jpg\" alt=\"Aluminiumskab 3 etager\" width=\"300\" height=\"300\" srcset=\"https:\/\/isopllc.com\/dk\/wp-content\/uploads\/sites\/14\/2025\/07\/Aluminum-Universal-Access-Box-Indoor-Outdoor-for-Fire-Escape-Ladders-Extinguisher-or-Fire-Blanket-Wall-Mountable-Fire-Hoss-Cabinet-5_1-300x300.jpg 300w, https:\/\/isopllc.com\/dk\/wp-content\/uploads\/sites\/14\/2025\/07\/Aluminum-Universal-Access-Box-Indoor-Outdoor-for-Fire-Escape-Ladders-Extinguisher-or-Fire-Blanket-Wall-Mountable-Fire-Hoss-Cabinet-5_1-150x150.jpg 150w, https:\/\/isopllc.com\/dk\/wp-content\/uploads\/sites\/14\/2025\/07\/Aluminum-Universal-Access-Box-Indoor-Outdoor-for-Fire-Escape-Ladders-Extinguisher-or-Fire-Blanket-Wall-Mountable-Fire-Hoss-Cabinet-5_1-768x768.jpg 768w, https:\/\/isopllc.com\/dk\/wp-content\/uploads\/sites\/14\/2025\/07\/Aluminum-Universal-Access-Box-Indoor-Outdoor-for-Fire-Escape-Ladders-Extinguisher-or-Fire-Blanket-Wall-Mountable-Fire-Hoss-Cabinet-5_1-416x416.jpg 416w, https:\/\/isopllc.com\/dk\/wp-content\/uploads\/sites\/14\/2025\/07\/Aluminum-Universal-Access-Box-Indoor-Outdoor-for-Fire-Escape-Ladders-Extinguisher-or-Fire-Blanket-Wall-Mountable-Fire-Hoss-Cabinet-5_1-100x100.jpg 100w, https:\/\/isopllc.com\/dk\/wp-content\/uploads\/sites\/14\/2025\/07\/Aluminum-Universal-Access-Box-Indoor-Outdoor-for-Fire-Escape-Ladders-Extinguisher-or-Fire-Blanket-Wall-Mountable-Fire-Hoss-Cabinet-5_1.jpg 900w\" sizes=\"auto, (max-width: 300px) 100vw, 300px\" \/><\/p>\n<\/div>\n<div class=\"celwidget aplus-module premium-module-1-image-text aplus-premium\">\n<div class=\"a-section a-spacing-none premium-aplus premium-aplus-module-1\">\n<div class=\"a-section a-spacing-none aplus-module-section aplus-text-section aplus-container-2\">\n<h2 data-start=\"59\" data-end=\"88\">Jernskab til brandflugtsstige<\/h2>\n<p data-start=\"90\" data-end=\"177\">Holder din brandslukker eller flugtstige let tilg\u00e6ngelig i tilf\u00e6lde af en n\u00f8dsituation.<\/p>\n<p data-start=\"179\" data-end=\"402\" data-is-last-node=\"\" data-is-only-node=\"\">P\u00e5 grund af den kompakte st\u00f8rrelse \u2013 42x34x15 cm | 1 mm tynd \u2013 og den holdbare konstruktion er dette skab ideelt til lejligheder, ejerlejligheder og sm\u00e5 virksomheder og giver et sikkert og trygt sted til langtidsopbevaring.<\/p>\n<p class=\"aplus-p1\"><img loading=\"lazy\" decoding=\"async\" class=\"alignnone size-medium wp-image-5346\" src=\"https:\/\/isopllc.com\/dk\/wp-content\/uploads\/sites\/14\/2025\/07\/Aluminium-storage-for-fire-rescue-stuff-300x300.jpg\" alt=\"Aluminiumskab til brandstige 3 etager\" width=\"300\" height=\"300\" srcset=\"https:\/\/isopllc.com\/dk\/wp-content\/uploads\/sites\/14\/2025\/07\/Aluminium-storage-for-fire-rescue-stuff-300x300.jpg 300w, https:\/\/isopllc.com\/dk\/wp-content\/uploads\/sites\/14\/2025\/07\/Aluminium-storage-for-fire-rescue-stuff-150x150.jpg 150w, https:\/\/isopllc.com\/dk\/wp-content\/uploads\/sites\/14\/2025\/07\/Aluminium-storage-for-fire-rescue-stuff-768x768.jpg 768w, https:\/\/isopllc.com\/dk\/wp-content\/uploads\/sites\/14\/2025\/07\/Aluminium-storage-for-fire-rescue-stuff-416x416.jpg 416w, https:\/\/isopllc.com\/dk\/wp-content\/uploads\/sites\/14\/2025\/07\/Aluminium-storage-for-fire-rescue-stuff-100x100.jpg 100w, https:\/\/isopllc.com\/dk\/wp-content\/uploads\/sites\/14\/2025\/07\/Aluminium-storage-for-fire-rescue-stuff.jpg 900w\" sizes=\"auto, (max-width: 300px) 100vw, 300px\" \/><\/p>\n<\/div>\n<\/div>\n<\/div>\n<div class=\"celwidget aplus-module premium-module-1-image-text aplus-premium\">\n<div class=\"a-section a-spacing-none premium-aplus premium-aplus-module-1\">\n<div class=\"a-section a-spacing-none aplus-module-section aplus-text-section aplus-container-2\">\n<h3 class=\"aplus-h1 aplus-heading a-text-bold\">Brandudstyrsstation<\/h3>\n<article class=\"text-token-text-primary w-full\" dir=\"auto\" data-testid=\"conversation-turn-10\" data-scroll-anchor=\"true\">\n<div class=\"text-base my-auto mx-auto py-5 [--thread-content-margin:--spacing(4)] @[37rem]:[--thread-content-margin:--spacing(6)] @[72rem]:[--thread-content-margin:--spacing(16)] px-(--thread-content-margin)\">\n<div class=\"[--thread-content-max-width:32rem] @[34rem]:[--thread-content-max-width:40rem] @[64rem]:[--thread-content-max-width:48rem] mx-auto flex max-w-(--thread-content-max-width) flex-1 text-base gap-4 md:gap-5 lg:gap-6 group\/turn-messages focus-visible:outline-hidden\">\n<div class=\"group\/conversation-turn relative flex w-full min-w-0 flex-col agent-turn\">\n<div class=\"relative flex-col gap-1 md:gap-3\">\n<div class=\"flex max-w-full flex-col grow\">\n<div class=\"min-h-8 text-message relative flex w-full flex-col items-end gap-2 text-start break-words whitespace-normal [.text-message+&amp;]:mt-5\" dir=\"auto\" data-message-author-role=\"assistant\" data-message-id=\"237a9438-617d-4f1c-9e97-6109b07564cc\" data-message-model-slug=\"gpt-4o\">\n<div class=\"flex w-full flex-col gap-1 empty:hidden first:pt-[3px]\">\n<div class=\"markdown prose dark:prose-invert w-full break-words light\">\n<p data-start=\"21\" data-end=\"200\" data-is-last-node=\"\" data-is-only-node=\"\">I tilf\u00e6lde af en pludselig brand i hjemmet eller virksomheden giver den en fast plads til din brandslukker eller stige, s\u00e5 den er i n\u00e6rheden og klar, n\u00e5r du har mest brug for den.<\/p>\n<\/div>\n<\/div>\n<\/div>\n<\/div>\n<\/div>\n<\/div>\n<\/div>\n<\/div>\n<\/article>\n<\/div>\n<\/div>\n<\/div>\n<div class=\"celwidget aplus-module premium-module-1-image-text aplus-premium\">\n<div class=\"a-section a-spacing-none premium-aplus premium-aplus-module-1\">\n<div class=\"a-section a-spacing-none aplus-module-section aplus-image-section\"><img loading=\"lazy\" decoding=\"async\" class=\"alignnone size-medium wp-image-5350\" src=\"https:\/\/isopllc.com\/dk\/wp-content\/uploads\/sites\/14\/2025\/07\/fire-safety-set-300x300.jpg\" alt=\"Aluminiumskab til brandstige\" width=\"300\" height=\"300\" srcset=\"https:\/\/isopllc.com\/dk\/wp-content\/uploads\/sites\/14\/2025\/07\/fire-safety-set-300x300.jpg 300w, https:\/\/isopllc.com\/dk\/wp-content\/uploads\/sites\/14\/2025\/07\/fire-safety-set-1024x1024.jpg 1024w, https:\/\/isopllc.com\/dk\/wp-content\/uploads\/sites\/14\/2025\/07\/fire-safety-set-150x150.jpg 150w, https:\/\/isopllc.com\/dk\/wp-content\/uploads\/sites\/14\/2025\/07\/fire-safety-set-768x768.jpg 768w, https:\/\/isopllc.com\/dk\/wp-content\/uploads\/sites\/14\/2025\/07\/fire-safety-set-1000x1000.jpg 1000w, https:\/\/isopllc.com\/dk\/wp-content\/uploads\/sites\/14\/2025\/07\/fire-safety-set-416x416.jpg 416w, https:\/\/isopllc.com\/dk\/wp-content\/uploads\/sites\/14\/2025\/07\/fire-safety-set-100x100.jpg 100w, https:\/\/isopllc.com\/dk\/wp-content\/uploads\/sites\/14\/2025\/07\/fire-safety-set.jpg 1500w\" sizes=\"auto, (max-width: 300px) 100vw, 300px\" \/><\/div>\n<div class=\"a-section a-spacing-none aplus-module-section aplus-text-section aplus-container-2\">\n<h2 data-start=\"0\" data-end=\"26\">Professionelt toprebsanker<\/h2>\n<p data-start=\"28\" data-end=\"200\">S\u00e6t med klatre-ankerbolte, inkluderer 2 stk. oph\u00e6ngsplader og 2 stk. ekspansionsbolte, boltem\u00f8trikker og skiver. Oph\u00e6ngspladerne fungerer som permanente forankringspunkter.<\/p>\n<p data-start=\"202\" data-end=\"410\">S\u00e6ttet giver dig mulighed for at fastg\u00f8re boksen til en v\u00e6g. De holder ikke kun boksen, men har ogs\u00e5 fastg\u00f8relses\u00f8jer designet til to karabinhager, s\u00e5 du kan h\u00e6gte en rebstige p\u00e5 og komme ud gennem et vindue.<\/p>\n<h3 data-start=\"412\" data-end=\"442\">Alsidig til mange typer steder<\/h3>\n<p data-start=\"3949\" data-end=\"3959\">Ideel til:<\/p>\n<ul>\n<li data-start=\"3962\" data-end=\"3979\">Huse i flere etager<\/li>\n<li data-start=\"3962\" data-end=\"3979\">Lejligheder og h\u00f8jhuse<\/li>\n<li data-start=\"3962\" data-end=\"3979\">Skolekollegier<\/li>\n<li data-start=\"3962\" data-end=\"3979\">B\u00f8rnehaver og daginstitutioner<\/li>\n<li data-start=\"3962\" data-end=\"3979\">Hospitaler og plejehjem<\/li>\n<li data-start=\"3962\" data-end=\"3979\">Hoteller, vandrehjem og ferieboliger<\/li>\n<li data-start=\"3962\" data-end=\"3979\">Kontorbygninger<\/li>\n<li data-start=\"3962\" data-end=\"3979\">Lagere med mellemetager<\/li>\n<\/ul>\n<p data-start=\"4208\" data-end=\"4332\">Uanset hvor folk sover, arbejder eller samles over jordniveau, giver dette skab en diskret, men effektiv sikkerhedsl\u00f8sning.<\/p>\n<\/div>\n<\/div>\n<\/div>\n<div class=\"celwidget aplus-module premium-module-15-text aplus-premium\">\n<div class=\"a-section a-spacing-none premium-aplus premium-aplus-module-15\">\n<div class=\"a-section a-spacing-none premium-aplus-15-heading\">\n<h2 data-start=\"0\" data-end=\"67\">Hvorfor mener vi, det er bedre at k\u00f8be en adgangsboks til n\u00f8dstige?<\/h2>\n<\/div>\n<div class=\"a-section a-spacing-none\">\n<p data-start=\"69\" data-end=\"85\">Af flere grunde!<\/p>\n<p class=\"description\">1.Ved at fastg\u00f8re boksen til v\u00e6ggen (under vinduet eller p\u00e5 altanen) med ankre, kan du straks h\u00e6gte stigen p\u00e5 anker\u00f8jerne, og i tilf\u00e6lde af en n\u00f8dsituation smider du blot stigen ud af vinduet og begynder straks nedstigningen uden at spilde dyrebare sekunder p\u00e5 at finde ud af, hvor du skal fastg\u00f8re stigen.<\/p>\n<p class=\"description\">2.Du kan montere boksen b\u00e5de inde og ude. Udend\u00f8rs har fordelen, at den ikke optager plads i hjemmet og ikke \u00f8del\u00e6gger rummets design, men samtidig er den nemt tilg\u00e6ngelig, hvis den er monteret ved siden af et vindue eller p\u00e5 en altan<\/p>\n<p class=\"description\">3. Den er ogs\u00e5 praktisk indend\u00f8rs, da den altid er lige ved h\u00e5nden, og dette vigtige redningsudstyr er synligt, s\u00e5 du ikke spilder tid p\u00e5 at lede efter det under en brand.<\/p>\n<p class=\"description\">4. Det er efter vores mening meget sikkert at fastg\u00f8re stigerne til klatreankrene inde i boksen, da de kan modst\u00e5 25 KN \u2013 i mods\u00e6tning til andre ting i hjemmet, s\u00e5som vinduesrammer eller altangel\u00e6ndere.<\/p>\n<p data-start=\"114\" data-end=\"994\">Aluminiumskab til brandstige 3 etager er designet til at sikre hurtig og sikker adgang til brandflugtsstiger i n\u00f8dsituationer. Skabet er fremstillet af h\u00f8jstyrke anodiseret aluminium, hvilket g\u00f8r det b\u00e5de robust og modstandsdygtigt over for vejr og korrosion. Det kan monteres b\u00e5de indend\u00f8rs og udend\u00f8rs, for eksempel p\u00e5 altaner, v\u00e6gge eller ved vinduer, hvilket g\u00f8r det ideelt til flere etagers boliger og bygninger. Skabet har en kompakt st\u00f8rrelse, der ikke optager meget plads, men samtidig giver god beskyttelse til stigen. Det er udstyret med monteringsbeslag og sikrer, at brandstigen altid er let tilg\u00e6ngelig ved brand eller evakuering. Med dette aluminiumskab f\u00e5r du en p\u00e5lidelig l\u00f8sning, der kombinerer funktionalitet med et elegant design, der passer til moderne bygninger. Det er et vigtigt sikkerhedsprodukt for b\u00e5de private hjem, kontorer og offentlige institutioner.<\/p>\n<p>F\u00e5s ogs\u00e5 i<a href=\"https:\/\/isopllc.com\/dk\/product\/universal-adgangsboks-til-brandslukker\/\"><strong> lille st\u00f8rrelse.<\/strong><\/a><\/p>\n<\/div>\n<\/div>\n<\/div>\n<\/div>\n<\/div>\n<\/div>\n<\/div>\n<\/div>\n<\/div>\n<\/div>\n<\/div>\n<\/div>\n","protected":false},"excerpt":{"rendered":"<p style=\"text-align: center\" data-start=\"47\" data-end=\"253\">Aluminiumskab til brandflugtsstige | Universel adgangsboks til brandstige 3 etager | Indend\u00f8rs og udend\u00f8rs | Monteringsudstyr inkluderet | V\u00e6gmonterbar opbevaring til brandsikkerhedsstiger | 42 \u00d7 34 \u00d7 15 cm<\/p>\n<p style=\"text-align: center\" data-start=\"255\" data-end=\"289\">GRATIS LEVERING INDEN FOR 3\u20137 DAGE<\/p>\n<p style=\"text-align: center\" data-start=\"291\" data-end=\"305\"><strong>K\u00d8B DET P\u00c5<\/strong><\/p>\n","protected":false},"featured_media":5348,"comment_status":"open","ping_status":"closed","template":"","meta":[],"product_brand":[],"product_cat":[166,164],"product_tag":[],"class_list":{"0":"post-5345","1":"product","2":"type-product","3":"status-publish","4":"has-post-thumbnail","6":"product_cat-opbevaringsboks-til-brandtrappestiger","7":"product_cat-tilbehoer-til-brandstiger","9":"first","10":"instock","11":"shipping-taxable","12":"purchasable","13":"product-type-simple"},"_links":{"self":[{"href":"https:\/\/isopllc.com\/dk\/wp-json\/wp\/v2\/product\/5345","targetHints":{"allow":["GET"]}}],"collection":[{"href":"https:\/\/isopllc.com\/dk\/wp-json\/wp\/v2\/product"}],"about":[{"href":"https:\/\/isopllc.com\/dk\/wp-json\/wp\/v2\/types\/product"}],"replies":[{"embeddable":true,"href":"https:\/\/isopllc.com\/dk\/wp-json\/wp\/v2\/comments?post=5345"}],"wp:featuredmedia":[{"embeddable":true,"href":"https:\/\/isopllc.com\/dk\/wp-json\/wp\/v2\/media\/5348"}],"wp:attachment":[{"href":"https:\/\/isopllc.com\/dk\/wp-json\/wp\/v2\/media?parent=5345"}],"wp:term":[{"taxonomy":"product_brand","embeddable":true,"href":"https:\/\/isopllc.com\/dk\/wp-json\/wp\/v2\/product_brand?post=5345"},{"taxonomy":"product_cat","embeddable":true,"href":"https:\/\/isopllc.com\/dk\/wp-json\/wp\/v2\/product_cat?post=5345"},{"taxonomy":"product_tag","embeddable":true,"href":"https:\/\/isopllc.com\/dk\/wp-json\/wp\/v2\/product_tag?post=5345"}],"curies":[{"name":"wp","href":"https:\/\/api.w.org\/{rel}","templated":true}]}}