{"id":5392,"date":"2025-08-04T22:09:52","date_gmt":"2025-08-04T22:09:52","guid":{"rendered":"https:\/\/isopllc.com\/dk\/?post_type=product&#038;p=5392"},"modified":"2025-11-16T17:23:56","modified_gmt":"2025-11-16T17:23:56","slug":"brandslukkerovertraek-stor-stoerrelse-6-pak-beskyttelsesaerme","status":"publish","type":"product","link":"https:\/\/isopllc.com\/dk\/product\/brandslukkerovertraek-stor-stoerrelse-6-pak-beskyttelsesaerme\/","title":{"rendered":"Brandslukkerovertr\u00e6k Stor St\u00f8rrelse 6 Pak | Beskyttelses\u00e6rme"},"content":{"rendered":"<h2>Brandslukkerovertr\u00e6k Stor St\u00f8rrelse 6 Pak \u2013 St\u00f8v- og Ridsebeskyttende \u00c6rme \u2013 Gennemsigtigt Overtr\u00e6k til Brandslukker \u2013 Vandt\u00e6t og Vejrbestandigt Beskyttelsesovertr\u00e6k til N\u00f8dbrandslukkere op til 10 LBS<\/h2>\n<p data-start=\"0\" data-end=\"214\">Beskyt dine Brandbekl\u00e6dning med dette 6-pak store gennemsigtige brandslukkerovertr\u00e6k . Vandt\u00e6t, st\u00f8vt\u00e6t og vejrbestandig \u2013 brandslukkerbetr\u00e6kket passer til brandslukkere op til 20 lbs og sikrer langvarig, p\u00e5lidelig beskyttelse.<\/p>\n<ul>\n<li data-start=\"216\" data-end=\"476\">Kraftig Beskyttelse: Fremstillet af tyk, slidst\u00e6rk og vandt\u00e6t PVC, er dette brandslukkerbetr\u00e6k designet til at modst\u00e5 barske forhold. Uanset om det bruges i industrielle, kommercielle eller private milj\u00f8er, giver det lang holdbarhed og p\u00e5lidelig beskyttelse.<\/li>\n<li data-start=\"216\" data-end=\"476\">H\u00f8j Synlighed: I en klar n\u00f8dr\u00f8d farve med reflekterende sikkerhedsstribe, sort tryk og sort kant for maksimal synlighed under n\u00f8dsituationer eller str\u00f8mafbrydelser.<\/li>\n<li data-start=\"216\" data-end=\"476\">Universal Pasform &amp; St\u00f8rrelser: F\u00e5s i b\u00e5de sm\u00e5 og store st\u00f8rrelser til at passe til forskellige brandslukkermodeller. Denne specifikke version passer til brandslukkere fra 1 til 2 kg (op til 5 lbs) og er ideel til brug i hjem, kontor eller k\u00f8ret\u00f8jer.<\/li>\n<li data-start=\"216\" data-end=\"476\">Gennemsigtigt Inspektionsvindue: Udstyret med et stort, gennemsigtigt vindue, s\u00e5 du hurtigt og nemt kan tjekke trykm\u00e5leren og typen af brandslukker \u2013 uden at fjerne overtr\u00e6kket \u2013 hvilket sikrer, at udstyret altid er synligt, godkendt og klar til brug.<\/li>\n<\/ul>\n<p><img loading=\"lazy\" decoding=\"async\" class=\"alignnone size-medium wp-image-5390\" src=\"https:\/\/isopllc.com\/dk\/wp-content\/uploads\/sites\/14\/2025\/08\/Fire-extinguisher-cover-300x289.jpg\" alt=\"brandslukkercover til udend\u00f8rs brug\" width=\"300\" height=\"289\" srcset=\"https:\/\/isopllc.com\/dk\/wp-content\/uploads\/sites\/14\/2025\/08\/Fire-extinguisher-cover-300x289.jpg 300w, https:\/\/isopllc.com\/dk\/wp-content\/uploads\/sites\/14\/2025\/08\/Fire-extinguisher-cover-416x401.jpg 416w, https:\/\/isopllc.com\/dk\/wp-content\/uploads\/sites\/14\/2025\/08\/Fire-extinguisher-cover.jpg 679w\" sizes=\"auto, (max-width: 300px) 100vw, 300px\" \/><\/p>\n<h4 data-start=\"0\" data-end=\"18\">Nem Installation<\/h4>\n<p data-start=\"20\" data-end=\"370\">Krog-og-l\u00f8kke (Velcro) lukning giver en sikker og v\u00e6rkt\u00f8jsfri montering. Brandbekl\u00e6dning er let og sammenklappeligt, hvilket g\u00f8r det nemt at opbevare eller medbringe til rejsebrug. Perfekt til brug p\u00e5 kontorer, lagre, fabrikker, k\u00f8ret\u00f8jer, offentlige bygninger og hjemmeberedskabss\u00e6t og tilbyder p\u00e5lidelig beskyttelse i forskellige milj\u00f8er.<\/p>\n<p data-start=\"372\" data-end=\"408\"><img loading=\"lazy\" decoding=\"async\" class=\"alignnone size-medium wp-image-5386\" src=\"https:\/\/isopllc.com\/dk\/wp-content\/uploads\/sites\/14\/2025\/08\/Fire-extinguisher-cover-details-300x300.jpg\" alt=\"st\u00f8vt\u00e6t brandslukkerbetr\u00e6k\" width=\"300\" height=\"300\" srcset=\"https:\/\/isopllc.com\/dk\/wp-content\/uploads\/sites\/14\/2025\/08\/Fire-extinguisher-cover-details-300x300.jpg 300w, https:\/\/isopllc.com\/dk\/wp-content\/uploads\/sites\/14\/2025\/08\/Fire-extinguisher-cover-details-1024x1024.jpg 1024w, https:\/\/isopllc.com\/dk\/wp-content\/uploads\/sites\/14\/2025\/08\/Fire-extinguisher-cover-details-150x150.jpg 150w, https:\/\/isopllc.com\/dk\/wp-content\/uploads\/sites\/14\/2025\/08\/Fire-extinguisher-cover-details-768x768.jpg 768w, https:\/\/isopllc.com\/dk\/wp-content\/uploads\/sites\/14\/2025\/08\/Fire-extinguisher-cover-details-1000x1000.jpg 1000w, https:\/\/isopllc.com\/dk\/wp-content\/uploads\/sites\/14\/2025\/08\/Fire-extinguisher-cover-details-416x416.jpg 416w, https:\/\/isopllc.com\/dk\/wp-content\/uploads\/sites\/14\/2025\/08\/Fire-extinguisher-cover-details-100x100.jpg 100w, https:\/\/isopllc.com\/dk\/wp-content\/uploads\/sites\/14\/2025\/08\/Fire-extinguisher-cover-details.jpg 1500w\" sizes=\"auto, (max-width: 300px) 100vw, 300px\" \/><\/p>\n<h4 data-start=\"372\" data-end=\"408\">Kundernes Favorit &amp; Topbed\u00f8mt Valg<\/h4>\n<p data-start=\"410\" data-end=\"735\">Roset af brugere for sin enest\u00e5ende kvalitet, brugervenlighed og langvarige holdbarhed er dette brandslukkerovertr\u00e6k blevet et foretrukket valg for b\u00e5de professionelle og almindelige brugere. Det er en ideel l\u00f8sning for engrosk\u00f8bere, f\u00f8rstehj\u00e6lpere, sikkerhedseksperter og enhver, der har brug for p\u00e5lidelig n\u00f8dbeskyttelse.<\/p>\n<article class=\"text-token-text-primary w-full focus:outline-none scroll-mt-[calc(var(--header-height)+min(200px,max(70px,20svh)))]\" dir=\"auto\" data-testid=\"conversation-turn-176\" data-scroll-anchor=\"true\" data-turn=\"assistant\">\n<div class=\"text-base my-auto mx-auto pb-10 [--thread-content-margin:--spacing(4)] @[37rem]:[--thread-content-margin:--spacing(6)] @[72rem]:[--thread-content-margin:--spacing(16)] px-(--thread-content-margin)\">\n<div class=\"[--thread-content-max-width:32rem] @[34rem]:[--thread-content-max-width:40rem] @[64rem]:[--thread-content-max-width:48rem] mx-auto max-w-(--thread-content-max-width) flex-1 group\/turn-messages focus-visible:outline-hidden relative flex w-full min-w-0 flex-col agent-turn\">\n<div class=\"flex max-w-full flex-col grow\">\n<div class=\"min-h-8 text-message relative flex w-full flex-col items-end gap-2 text-start break-words whitespace-normal [.text-message+&amp;]:mt-5\" dir=\"auto\" data-message-author-role=\"assistant\" data-message-id=\"0267d191-3633-46d8-8b81-996fbea1c457\" data-message-model-slug=\"gpt-4o\">\n<div class=\"flex w-full flex-col gap-1 empty:hidden first:pt-[3px]\">\n<div class=\"markdown prose dark:prose-invert w-full break-words light\">\n<p data-start=\"737\" data-end=\"969\" data-is-last-node=\"\" data-is-only-node=\"\">Uanset om du leder efter det bedste brandslukkerovertr\u00e6k n\u00e6r dig, en omkostningseffektiv, men robust beskytter eller et p\u00e5lideligt vandt\u00e6t overtr\u00e6k til n\u00f8dsituationer, leverer dette kraftige overtr\u00e6k konsekvent ydeevne og tryghed.<\/p>\n<\/div>\n<\/div>\n<\/div>\n<\/div>\n<div class=\"flex min-h-[46px] justify-start\"><\/div>\n<\/div>\n<\/div>\n<\/article>\n<div class=\"pointer-events-none h-px w-px\" aria-hidden=\"true\" data-edge=\"true\"><img loading=\"lazy\" decoding=\"async\" class=\"alignnone size-medium wp-image-5384\" src=\"https:\/\/isopllc.com\/dk\/wp-content\/uploads\/sites\/14\/2025\/08\/Extinguisher-hold-300x245.jpg\" alt=\"beskyttelsesovertr\u00e6k til brandslukker\" width=\"300\" height=\"245\" srcset=\"https:\/\/isopllc.com\/dk\/wp-content\/uploads\/sites\/14\/2025\/08\/Extinguisher-hold-300x245.jpg 300w, https:\/\/isopllc.com\/dk\/wp-content\/uploads\/sites\/14\/2025\/08\/Extinguisher-hold-1024x836.jpg 1024w, https:\/\/isopllc.com\/dk\/wp-content\/uploads\/sites\/14\/2025\/08\/Extinguisher-hold-768x627.jpg 768w, https:\/\/isopllc.com\/dk\/wp-content\/uploads\/sites\/14\/2025\/08\/Extinguisher-hold-1000x816.jpg 1000w, https:\/\/isopllc.com\/dk\/wp-content\/uploads\/sites\/14\/2025\/08\/Extinguisher-hold-416x339.jpg 416w, https:\/\/isopllc.com\/dk\/wp-content\/uploads\/sites\/14\/2025\/08\/Extinguisher-hold.jpg 1500w\" sizes=\"auto, (max-width: 300px) 100vw, 300px\" \/><\/div>\n<div aria-hidden=\"true\" data-edge=\"true\">\n<p data-start=\"0\" data-end=\"405\">S\u00f8rg for, at dine brandslukkere altid er klar og godt beskyttede med dette s\u00e6t p\u00e5 6 kraftige brandslukkerovertr\u00e6k. Designet til slukkere op til 10 lbs (1\u20132 kg), giver disse 6 store gennemsigtige overtr\u00e6k p\u00e5lidelig beskyttelse mod st\u00f8v, snavs, ridser, UV-str\u00e5ler og fugt \u2013 b\u00e5de indend\u00f8rs og udend\u00f8rs. Ideelle til kommercielle, industrielle og boligmilj\u00f8er, hvor de b\u00e5de er praktiske og \u00e6stetisk tiltalende.<\/p>\n<p data-start=\"407\" data-end=\"889\">Hvert overtr\u00e6k er lavet af tykt, slidst\u00e6rkt og vandt\u00e6t PVC, der t\u00e5ler barske forhold. Bygget til lang levetid, egner de sig til omr\u00e5der med h\u00f8j trafik som fabrikker, lagre, offentlige bygninger, garager og byggepladser samt til hjemmets sikkerhedskit. Den klare r\u00f8de farve med refleksstribe og sorte trykte markeringer sikrer, at dine slukkere er let synlige i n\u00f8dsituationer. Det markante design \u00f8ger opm\u00e6rksomheden og hj\u00e6lper med at finde slukkeren, selv under d\u00e5rlige lysforhold.<\/p>\n<p data-start=\"407\" data-end=\"889\"><img loading=\"lazy\" decoding=\"async\" class=\"alignnone size-medium wp-image-5389\" src=\"https:\/\/isopllc.com\/dk\/wp-content\/uploads\/sites\/14\/2025\/08\/Fire-extinguisher-cover-small-227x300.jpg\" alt=\"gennemsigtigt brandslukkerbetr\u00e6k\" width=\"227\" height=\"300\" srcset=\"https:\/\/isopllc.com\/dk\/wp-content\/uploads\/sites\/14\/2025\/08\/Fire-extinguisher-cover-small-227x300.jpg 227w, https:\/\/isopllc.com\/dk\/wp-content\/uploads\/sites\/14\/2025\/08\/Fire-extinguisher-cover-small-416x549.jpg 416w, https:\/\/isopllc.com\/dk\/wp-content\/uploads\/sites\/14\/2025\/08\/Fire-extinguisher-cover-small.jpg 679w\" sizes=\"auto, (max-width: 227px) 100vw, 227px\" \/><\/p>\n<p data-start=\"891\" data-end=\"1445\">Et stort gennemsigtigt frontvindue g\u00f8r det muligt hurtigt og nemt at visuelt kontrollere trykm\u00e5leren og slukkertype \u2013 s\u00e5 du altid er i overensstemmelse med reglerne og klar til brug uden at skulle fjerne overtr\u00e6kket. Denne annonce g\u00e6lder for den lille st\u00f8rrelse, der passer til brandslukkere op til 5 lbs. Et hook-and-loop (Velcro) lukke-system sikrer en t\u00e6t og sikker pasform, samtidig med at det tillader hurtig fjernelse i en n\u00f8dsituation. Overtr\u00e6kkene er lette og foldbare, hvilket g\u00f8r dem nemme at opbevare eller transportere, n\u00e5r de ikke er i brug.<\/p>\n<p data-start=\"1447\" data-end=\"1846\" data-is-last-node=\"\" data-is-only-node=\"\">Perfekte til brug i hjem, kontorer, skoler, hoteller, k\u00f8ret\u00f8jer og offentlige rum. Disse overtr\u00e6k giver ro i sindet ved at holde dit udstyr beskyttet og synligt. Dette h\u00f8jt vurderede brandslukkerovertr\u00e6k er et foretrukket valg blandt sikkerhedsprofessionelle, f\u00f8rstehj\u00e6lpere og virksomheder. Holdbare, vejrbestandige og nemme at bruge \u2013 en praktisk investering i sikkerhed og overholdelse af regler.<\/p>\n<\/div>\n","protected":false},"excerpt":{"rendered":"[embed]https:\/\/www.youtube.com\/watch?v=CPDSmMW-vhw[\/embed]\n<p data-start=\"0\" data-end=\"214\">Beskyt dine Brandbekl\u00e6dning med dette 2-pak store gennemsigtige brandslukkerovertr\u00e6k . Vandt\u00e6t, st\u00f8vt\u00e6t og vejrbestandig \u2013 brandslukkerbetr\u00e6kket passer til brandslukkere op til 20 lbs og sikrer langvarig, p\u00e5lidelig beskyttelse.<\/p>\n<ul>\n<li data-start=\"216\" data-end=\"476\">Kraftig Beskyttelse: Fremstillet af tyk, slidst\u00e6rk og vandt\u00e6t PVC, er dette brandslukkerbetr\u00e6k designet til at modst\u00e5 barske forhold. Uanset om det bruges i industrielle, kommercielle eller private milj\u00f8er, giver det lang holdbarhed og p\u00e5lidelig beskyttelse.<\/li>\n<li data-start=\"216\" data-end=\"476\">H\u00f8j Synlighed: I en klar n\u00f8dr\u00f8d farve med reflekterende sikkerhedsstribe, sort tryk og sort kant for maksimal synlighed under n\u00f8dsituationer eller str\u00f8mafbrydelser.<\/li>\n<li data-start=\"216\" data-end=\"476\">Universal Pasform &amp; St\u00f8rrelser: F\u00e5s i b\u00e5de sm\u00e5 og store st\u00f8rrelser til at passe til forskellige brandslukkermodeller. Denne specifikke version passer til brandslukkere fra 1 til 2 kg (op til 5 lbs) og er ideel til brug i hjem, kontor eller k\u00f8ret\u00f8jer.<\/li>\n<li data-start=\"216\" data-end=\"476\">Gennemsigtigt Inspektionsvindue: Udstyret med et stort, gennemsigtigt vindue, s\u00e5 du hurtigt og nemt kan tjekke trykm\u00e5leren og typen af brandslukker \u2013 uden at fjerne overtr\u00e6kket \u2013 hvilket sikrer, at udstyret altid er synligt, godkendt og klar til brug.<\/li>\n<\/ul>\n","protected":false},"featured_media":5387,"comment_status":"open","ping_status":"closed","template":"","meta":[],"product_brand":[],"product_cat":[159],"product_tag":[],"class_list":{"0":"post-5392","1":"product","2":"type-product","3":"status-publish","4":"has-post-thumbnail","6":"product_cat-brandslukkerholdere","8":"first","9":"instock","10":"shipping-taxable","11":"product-type-simple"},"_links":{"self":[{"href":"https:\/\/isopllc.com\/dk\/wp-json\/wp\/v2\/product\/5392","targetHints":{"allow":["GET"]}}],"collection":[{"href":"https:\/\/isopllc.com\/dk\/wp-json\/wp\/v2\/product"}],"about":[{"href":"https:\/\/isopllc.com\/dk\/wp-json\/wp\/v2\/types\/product"}],"replies":[{"embeddable":true,"href":"https:\/\/isopllc.com\/dk\/wp-json\/wp\/v2\/comments?post=5392"}],"wp:featuredmedia":[{"embeddable":true,"href":"https:\/\/isopllc.com\/dk\/wp-json\/wp\/v2\/media\/5387"}],"wp:attachment":[{"href":"https:\/\/isopllc.com\/dk\/wp-json\/wp\/v2\/media?parent=5392"}],"wp:term":[{"taxonomy":"product_brand","embeddable":true,"href":"https:\/\/isopllc.com\/dk\/wp-json\/wp\/v2\/product_brand?post=5392"},{"taxonomy":"product_cat","embeddable":true,"href":"https:\/\/isopllc.com\/dk\/wp-json\/wp\/v2\/product_cat?post=5392"},{"taxonomy":"product_tag","embeddable":true,"href":"https:\/\/isopllc.com\/dk\/wp-json\/wp\/v2\/product_tag?post=5392"}],"curies":[{"name":"wp","href":"https:\/\/api.w.org\/{rel}","templated":true}]}}