{"id":5428,"date":"2025-11-02T08:44:03","date_gmt":"2025-11-02T08:44:03","guid":{"rendered":"https:\/\/isopllc.com\/dk\/?post_type=product&#038;p=5428"},"modified":"2025-11-02T09:02:54","modified_gmt":"2025-11-02T09:02:54","slug":"udtaekkelig-stige-4-m-med-monteringsudstyr","status":"publish","type":"product","link":"https:\/\/isopllc.com\/dk\/product\/udtaekkelig-stige-4-m-med-monteringsudstyr\/","title":{"rendered":"Udt\u00e6kkelig stige 4 m med monteringsudstyr"},"content":{"rendered":"<div class=\"celwidget aplus-module module-4 aplus-standard\" data-csa-c-id=\"6mnb1z-9dwrl2-ic24uv-jd1phn\" data-cel-widget=\"aplus-module-4\">\n<div class=\"a-expander-collapsed-height a-row a-expander-container a-expander-partial-collapse-container\" aria-live=\"polite\" data-a-expander-name=\"aplus-module-expander\" data-a-expander-collapsed-height=\"700\">\n<div class=\"a-expander-content a-expander-partial-collapse-content\" aria-expanded=\"false\">\n<div class=\"aplus-module-wrapper apm-fixed-width\">\n<div class=\"apm-spacing\">\n<div class=\"apm-floatleft apm-fixed-width\">\n<div id=\"title_feature_div\" class=\"celwidget\" data-feature-name=\"title\" data-csa-c-id=\"m5t5xw-wzxd1-od319-pyb58o\" data-cel-widget=\"title_feature_div\">\n<div id=\"titleSection\" class=\"a-section a-spacing-none\">\n<div id=\"title_feature_div\" class=\"celwidget\" data-feature-name=\"title\" data-csa-c-id=\"m5t5xw-wzxd1-od319-pyb58o\" data-cel-widget=\"title_feature_div\">\n<div id=\"titleSection\" class=\"a-section a-spacing-none\">\n<div id=\"title_feature_div\" class=\"celwidget\" data-feature-name=\"title\" data-csa-c-type=\"widget\" data-csa-c-content-id=\"title\" data-csa-c-slot-id=\"title_feature_div\" data-csa-c-asin=\"B08LBSSYLB\" data-csa-c-is-in-initial-active-row=\"false\" data-csa-c-id=\"17ru46-17y14b-n67b8m-2oxpt\" data-cel-widget=\"title_feature_div\">\n<div id=\"titleSection\" class=\"a-section a-spacing-none\">\n<h2 id=\"title\" class=\"a-size-large a-spacing-none\">Brandredningsstige 4 m med monteringsudstyr | Udt\u00e6kkelig stige til toetagers huse | Kompakt og b\u00e6rbar | Rebstige egnet til altan med stabilisatorer og vinduesflugt<\/h2>\n<\/div>\n<\/div>\n<\/div>\n<\/div>\n<\/div>\n<\/div>\n<\/div>\n<\/div>\n<\/div>\n<\/div>\n<\/div>\n<\/div>\n<div class=\"celwidget aplus-module module-9 aplus-standard\" data-csa-c-id=\"kgh8ns-6rdhac-l4uce3-redgno\" data-cel-widget=\"aplus-module-9\">\n<div class=\"a-expander-collapsed-height a-row a-expander-container a-expander-partial-collapse-container\" aria-live=\"polite\" data-a-expander-name=\"aplus-module-expander\" data-a-expander-collapsed-height=\"700\">\n<div class=\"a-expander-content a-expander-partial-collapse-content\" aria-expanded=\"false\">\n<div class=\"aplus-module-wrapper apm-fixed-width\">\n<div class=\"apm-spacing apm-fixed-width\">\n<div class=\"celwidget aplus-module module-2 aplus-standard\" data-csa-c-id=\"czdp8c-vpt42n-ub22e6-8qlfjz\" data-cel-widget=\"aplus-module-2\">\n<div class=\"a-expander-collapsed-height a-row a-expander-container a-expander-partial-collapse-container\" aria-live=\"polite\" data-a-expander-name=\"aplus-module-expander\" data-a-expander-collapsed-height=\"700\">\n<div class=\"a-expander-content a-expander-partial-collapse-content\" aria-expanded=\"false\">\n<div class=\"aplus-module-wrapper apm-floatnone apm-fixed-width\">\n<div class=\"apm-sidemodule apm-spacing\">\n<div class=\"apm-sidemodule-textright\">\n<div class=\"celwidget aplus-module module-9 aplus-standard\">\n<div class=\"a-expander-collapsed-height a-row a-expander-container a-expander-partial-collapse-container\" data-a-expander-name=\"aplus-module-expander\" data-a-expander-collapsed-height=\"700\">\n<div class=\"a-expander-content a-expander-partial-collapse-content\" aria-expanded=\"false\">\n<div class=\"aplus-module-wrapper apm-fixed-width\">\n<div class=\"apm-spacing apm-fixed-width\">\n<div class=\"celwidget aplus-module module-9 aplus-standard\" data-csa-c-id=\"emkbnl-11vq23-1incdi-lfo9yf\" data-cel-widget=\"aplus-module-9\">\n<div class=\"aplus-module-wrapper apm-fixed-width\">\n<div class=\"apm-spacing apm-fixed-width\"><\/div>\n<\/div>\n<\/div>\n<div class=\"celwidget aplus-module module-2 aplus-standard\" data-csa-c-id=\"u15ifx-f00ln-jvos6j-opfbnn\" data-cel-widget=\"aplus-module-2\">\n<div class=\"aplus-module-wrapper apm-floatnone apm-fixed-width\">\n<div class=\"apm-sidemodule apm-spacing\">\n<div class=\"apm-sidemodule-textright\">\n<div class=\"aplus-module-wrapper apm-fixed-width\">\n<div class=\"apm-spacing apm-fixed-width\">\n<div class=\"celwidget aplus-module module-9 aplus-standard\" data-csa-c-id=\"emkbnl-11vq23-1incdi-lfo9yf\" data-cel-widget=\"aplus-module-9\">\n<div class=\"aplus-module-wrapper apm-fixed-width\">\n<div class=\"apm-spacing apm-fixed-width\">\n<div id=\"aplus_feature_div\" class=\"celwidget\" data-feature-name=\"aplus\" data-csa-c-type=\"widget\" data-csa-c-content-id=\"aplus\" data-csa-c-slot-id=\"aplus_feature_div\" data-csa-c-asin=\"\" data-csa-c-is-in-initial-active-row=\"false\" data-csa-c-id=\"ebpnh7-v23cw7-lv803-rp18f9\" data-cel-widget=\"aplus_feature_div\">\n<div id=\"aplus\" class=\"a-section a-spacing-large bucket\">\n<div class=\"aplus-v2 desktop celwidget\" data-csa-c-id=\"322z1i-fsajov-ud7fia-k0knjv\" data-cel-widget=\"aplus\">\n<div class=\"celwidget aplus-module module-9 aplus-standard\" data-csa-c-id=\"ed8g21-z6tdjn-xdkwve-myvqs7\" data-cel-widget=\"aplus-module-9\">\n<div class=\"aplus-module-wrapper apm-fixed-width\">\n<div><\/div>\n<\/div>\n<\/div>\n<\/div>\n<\/div>\n<\/div>\n<\/div>\n<\/div>\n<\/div>\n<\/div>\n<\/div>\n<div>\n<div class=\"aplus-module-wrapper apm-fixed-width\">\n<div class=\"apm-spacing apm-fixed-width\">\n<div class=\"celwidget aplus-module module-9 aplus-standard\" data-csa-c-id=\"emkbnl-11vq23-1incdi-lfo9yf\" data-cel-widget=\"aplus-module-9\">\n<div class=\"aplus-module-wrapper apm-fixed-width\">\n<div class=\"apm-spacing apm-fixed-width\">\n<div id=\"aplus_feature_div\" class=\"celwidget\" data-feature-name=\"aplus\" data-csa-c-type=\"widget\" data-csa-c-content-id=\"aplus\" data-csa-c-slot-id=\"aplus_feature_div\" data-csa-c-asin=\"\" data-csa-c-is-in-initial-active-row=\"false\" data-csa-c-id=\"ebpnh7-v23cw7-lv803-rp18f9\" data-cel-widget=\"aplus_feature_div\">\n<div id=\"aplus\" class=\"a-section a-spacing-large bucket\">\n<div class=\"aplus-v2 desktop celwidget\" data-csa-c-id=\"322z1i-fsajov-ud7fia-k0knjv\" data-cel-widget=\"aplus\">\n<div class=\"celwidget aplus-module module-9 aplus-standard\" data-csa-c-id=\"e5nyxf-jpncv6-ubo24v-ozeiyw\" data-cel-widget=\"aplus-module-9\">\n<div class=\"aplus-module-wrapper apm-fixed-width\">\n<div class=\"apm-spacing apm-fixed-width\">\n<h3 class=\"a-spacing-small\">Hvorfor v\u00e6lge vores Udt\u00e6kkelig stige?<\/h3>\n<p><img decoding=\"async\" class=\"a-spacing-mini\" src=\"https:\/\/m.media-amazon.com\/images\/S\/aplus-media-library-service-media\/0c3c254d-684e-4313-bc9f-ae4b4b7e7ee7.__CR0,0,300,300_PT0_SX300_V1___.jpg\" alt=\"professional ladder\" data-src=\"https:\/\/m.media-amazon.com\/images\/S\/aplus-media-library-service-media\/0c3c254d-684e-4313-bc9f-ae4b4b7e7ee7.__CR0,0,300,300_PT0_SX300_V1___.jpg\" \/><\/p>\n<h3>Bred anvendelse<\/h3>\n<p>Kan bruges som brandflugtsstige eller n\u00f8dsituation; kan ogs\u00e5 fungere som hemsbunker, loftsstiger, v\u00e6gstige, og endda som permanent stige mv.<\/p>\n<p><img decoding=\"async\" class=\"a-spacing-mini\" style=\"font-weight: 600\" src=\"https:\/\/m.media-amazon.com\/images\/S\/aplus-media-library-service-media\/94e0f1b0-d713-4663-a172-3e35c4090aaa.__CR0,0,1000,1000_PT0_SX300_V1___.jpg\" alt=\"Gentle to hands\" data-src=\"https:\/\/m.media-amazon.com\/images\/S\/aplus-media-library-service-media\/94e0f1b0-d713-4663-a172-3e35c4090aaa.__CR0,0,1000,1000_PT0_SX300_V1___.jpg\" \/><\/p>\n<h3>Sk\u00e5nsom mod h\u00e6nderne<\/h3>\n<p>Da vi skabte disse stiger, tog vi hensyn til vores konkurrenters fejl. De andre, s\u00e5som first alert og kidde, har mange klager over, at n\u00e5r de bruger deres stiger, sk\u00e6rer trin brugernes h\u00e6nder, fordi aluminiumstrin er skarpe. Det tog vi h\u00f8jde for, og vores stiger har ikke skarpe hj\u00f8rner, og de er sikre at bruge af b\u00e5de voksne og b\u00f8rn.<\/p>\n<p><img decoding=\"async\" class=\"a-spacing-mini\" style=\"font-weight: 600\" src=\"https:\/\/m.media-amazon.com\/images\/S\/aplus-media\/sc\/27f9c708-c858-49c0-96f7-815dd0fa4f9a.__CR0,0,1000,1000_PT0_SX300_V1___.jpg\" alt=\"Wide application\" data-src=\"https:\/\/m.media-amazon.com\/images\/S\/aplus-media\/sc\/27f9c708-c858-49c0-96f7-815dd0fa4f9a.__CR0,0,1000,1000_PT0_SX300_V1___.jpg\" \/><\/p>\n<h3>Integrerede stropper<\/h3>\n<p>Igen, sammenligner vores stiger med konkurrenter, skal det bem\u00e6rkes, at vores stiger fra top til bund best\u00e5r af et stykke webbing-strop, der kan modst\u00e5 op til 1200 pund (!) Takket v\u00e6re en speciel patenteret teknologi. Mens konkurrenternes webbingstiger er syet i stykker, hvilket efter vores mening er up\u00e5lideligt.<\/p>\n<p><img decoding=\"async\" class=\"a-spacing-mini\" src=\"https:\/\/m.media-amazon.com\/images\/S\/aplus-media-library-service-media\/0816345a-5da9-4a58-b7e9-417c78f7767b.__CR0,0,300,300_PT0_SX300_V1___.jpg\" alt=\"For window or balcony\" data-src=\"https:\/\/m.media-amazon.com\/images\/S\/aplus-media-library-service-media\/0816345a-5da9-4a58-b7e9-417c78f7767b.__CR0,0,300,300_PT0_SX300_V1___.jpg\" \/><\/p>\n<\/div>\n<div>Leveres med en opbevaringstaske.<\/div>\n<div><\/div>\n<div><img decoding=\"async\" class=\"a-spacing-mini\" style=\"font-weight: 600\" src=\"https:\/\/m.media-amazon.com\/images\/S\/aplus-media\/sc\/42cab632-a2d0-40fd-a2dd-280d531bf010.__CR282,0,1000,1000_PT0_SX300_V1___.jpg\" alt=\"For window or balcony\" data-src=\"https:\/\/m.media-amazon.com\/images\/S\/aplus-media\/sc\/42cab632-a2d0-40fd-a2dd-280d531bf010.__CR282,0,1000,1000_PT0_SX300_V1___.jpg\" \/><\/div>\n<\/div>\n<\/div>\n<div><\/div>\n<div class=\"celwidget aplus-module module-9 aplus-standard\" data-csa-c-id=\"e5nyxf-jpncv6-ubo24v-ozeiyw\" data-cel-widget=\"aplus-module-9\">\n<h3>Stabilisatorer<\/h3>\n<p>Vores stigers trin har stabilisatorer, som g\u00f8r, at stigerne ikke kl\u00e6ber t\u00e6t til v\u00e6ggen, men forbliver solide mod den og derfor i h\u00f8j grad letter nedstigningen fra anden eller tredje sal.<\/p>\n<h3>Skridsikre trin<\/h3>\n<p>Et s\u00e6rligt m\u00f8nster p\u00e5 overfladen af trinene g\u00f8r nedstigningen fra lejligheden skridsikker i al slags vejr.<\/p>\n<p><img decoding=\"async\" class=\"a-spacing-mini\" style=\"font-weight: 600\" src=\"https:\/\/m.media-amazon.com\/images\/S\/aplus-media\/sc\/8b1ba6ce-d84f-4314-b98a-95d063fc3e5e.__CR500,0,1000,1000_PT0_SX300_V1___.jpg\" alt=\"For window or balcony\" data-src=\"https:\/\/m.media-amazon.com\/images\/S\/aplus-media\/sc\/8b1ba6ce-d84f-4314-b98a-95d063fc3e5e.__CR500,0,1000,1000_PT0_SX300_V1___.jpg\" \/><\/p>\n<\/div>\n<h3>Vejrbestandig<\/h3>\n<p>Den specielle pulverlakerede maling beskytter trinene mod rust, og polyesterb\u00e5ndet er meget modstandsdygtigt over for vand eller sne, derfor er vores brandstiger vejrbestandige.<\/p>\n<h3>Genanvendelig<\/h3>\n<p>Vores stiger er genanvendelige, desuden kan de nemt fastg\u00f8res. Med korrekt opbevaring kan de holde i \u00e5revis!<\/p>\n<div class=\"celwidget aplus-module module-9 aplus-standard\" data-csa-c-id=\"ed8g21-z6tdjn-xdkwve-myvqs7\" data-cel-widget=\"aplus-module-9\">\n<div class=\"aplus-module-wrapper apm-fixed-width\">\n<div class=\"apm-spacing apm-fixed-width\"><img decoding=\"async\" class=\"a-spacing-mini\" style=\"font-weight: 600\" src=\"https:\/\/m.media-amazon.com\/images\/S\/aplus-media-library-service-media\/e7c18d47-cc80-4010-b87d-269b3e2c59af.__CR0,0,300,300_PT0_SX300_V1___.jpg\" alt=\"box\" data-src=\"https:\/\/m.media-amazon.com\/images\/S\/aplus-media-library-service-media\/e7c18d47-cc80-4010-b87d-269b3e2c59af.__CR0,0,300,300_PT0_SX300_V1___.jpg\" \/><\/div>\n<div>\n<h3>Transportabel<\/h3>\n<p>Inkluderer en gave\u00e6ske i naturlig tr\u00e6farve.<\/p>\n<\/div>\n<\/div>\n<div><img decoding=\"async\" class=\"a-spacing-mini\" style=\"font-weight: 600\" src=\"https:\/\/m.media-amazon.com\/images\/S\/aplus-media-library-service-media\/69e20463-8535-4185-ad23-2d11f4e0e445.__CR188,0,1125,1125_PT0_SX300_V1___.jpg\" alt=\"carabiners\" data-src=\"https:\/\/m.media-amazon.com\/images\/S\/aplus-media-library-service-media\/69e20463-8535-4185-ad23-2d11f4e0e445.__CR188,0,1125,1125_PT0_SX300_V1___.jpg\" \/><\/div>\n<\/div>\n<\/div>\n<\/div>\n<div>\n<h3>Kraftige karabinhager<\/h3>\n<p>Stigerne inkluderer forkromede karabinhager med brudstyrke 11KN.<\/p>\n<p><img decoding=\"async\" class=\"a-spacing-mini\" style=\"font-weight: 600\" src=\"https:\/\/m.media-amazon.com\/images\/S\/aplus-media-library-service-media\/c3b3fb51-597d-4234-91a3-95fb43b58226.__CR0,0,300,300_PT0_SX300_V1___.jpg\" alt=\"ladder\" data-src=\"https:\/\/m.media-amazon.com\/images\/S\/aplus-media-library-service-media\/c3b3fb51-597d-4234-91a3-95fb43b58226.__CR0,0,300,300_PT0_SX300_V1___.jpg\" \/><\/p>\n<\/div>\n<h3>Variation i 3 st\u00f8rrelser<\/h3>\n<p>Vi tilbyder 3 st\u00f8rrelser af vores stiger &#8211; brandflugtsstige 2 etager &amp; brandflugtsstige 3-4 etagers boliger.<\/p>\n<div id=\"aplus\" class=\"a-section a-spacing-large bucket\">\n<div class=\"aplus-v2 desktop celwidget\" data-csa-c-id=\"322z1i-fsajov-ud7fia-k0knjv\" data-cel-widget=\"aplus\">\n<div class=\"celwidget aplus-module module-9 aplus-standard\" data-csa-c-id=\"i3wpnb-ql0ty0-e1ad7b-5zlqlt\" data-cel-widget=\"aplus-module-9\">\n<div class=\"aplus-module-wrapper apm-fixed-width\">\n<div class=\"apm-spacing apm-fixed-width\"><img decoding=\"async\" class=\"a-spacing-mini\" style=\"font-weight: 600\" src=\"https:\/\/m.media-amazon.com\/images\/S\/aplus-media-library-service-media\/3e3631ef-bf95-4934-bd5d-2881c8d8d8c7.__CR0,0,300,300_PT0_SX300_V1___.jpg\" alt=\"Climbing anchor bolts set\" data-src=\"https:\/\/m.media-amazon.com\/images\/S\/aplus-media-library-service-media\/3e3631ef-bf95-4934-bd5d-2881c8d8d8c7.__CR0,0,300,300_PT0_SX300_V1___.jpg\" \/><\/div>\n<\/div>\n<div><\/div>\n<div>Klatreankerboltes\u00e6t, inkluderer 2 stk oph\u00e6ngsplader og 2 stk ekspansionsbolte. Boltem\u00f8trikker og flade skiver medf\u00f8lger<\/div>\n<div><\/div>\n<\/div>\n<\/div>\n<div><img decoding=\"async\" class=\"a-spacing-mini\" src=\"https:\/\/m.media-amazon.com\/images\/S\/aplus-media-library-service-media\/ac107527-31f7-4d80-b674-40b8002414d7.__CR0,0,300,300_PT0_SX300_V1___.jpg\" alt=\"Climbing anchor bolts set\" data-src=\"https:\/\/m.media-amazon.com\/images\/S\/aplus-media-library-service-media\/ac107527-31f7-4d80-b674-40b8002414d7.__CR0,0,300,300_PT0_SX300_V1___.jpg\" \/><\/div>\n<\/div>\n<div><\/div>\n<\/div>\n<\/div>\n<\/div>\n<\/div>\n<\/div>\n<div>Oph\u00e6ngsplader til permanent ankerpunkt. Fastg\u00f8relses\u00f8je designet til to karabinhager.<\/div>\n<div><\/div>\n<\/div>\n<div><img decoding=\"async\" class=\"a-spacing-mini\" style=\"font-weight: 600\" src=\"https:\/\/m.media-amazon.com\/images\/S\/aplus-media-library-service-media\/3536bb7e-bf8c-4956-95aa-18f0bec05cc5.__CR0,0,300,300_PT0_SX300_V1___.jpg\" alt=\"Climbing anchor bolts set\" data-src=\"https:\/\/m.media-amazon.com\/images\/S\/aplus-media-library-service-media\/3536bb7e-bf8c-4956-95aa-18f0bec05cc5.__CR0,0,300,300_PT0_SX300_V1___.jpg\" \/><\/div>\n<div><\/div>\n<div>Fremstillet af h\u00f8jkvalitets og holdbart rustfrit st\u00e5lmateriale. Letv\u00e6gts, velegnet til bjergbestigning, klatring, huler og andre udend\u00f8rs aktiviteter.<\/div>\n<div><\/div>\n<\/div>\n<div>\n<p data-start=\"80\" data-end=\"415\"><strong data-start=\"80\" data-end=\"138\">Den udtr\u00e6kkelige stige p\u00e5 4 meter med monteringsudstyr<\/strong> er et vigtigt sikkerhedsredskab, der er designet til at give en <strong data-start=\"203\" data-end=\"225\">p\u00e5lidelig flugtvej<\/strong> fra bygninger med flere etager under n\u00f8dsituationer.<br data-start=\"278\" data-end=\"281\" \/>Med en l\u00e6ngde p\u00e5 4 meter er stigen velegnet til <strong data-start=\"329\" data-end=\"352\">toetagers bygninger<\/strong>, hvilket sikrer, at beboere kan evakuere hurtigt og sikkert.<\/p>\n<p data-start=\"417\" data-end=\"715\">De medf\u00f8lgende <strong data-start=\"432\" data-end=\"451\">monteringsankre<\/strong> giver mulighed for en sikker installation, hvilket \u00f8ger stabiliteten og brugervenligheden, n\u00e5r hvert sekund t\u00e6ller.<br data-start=\"567\" data-end=\"570\" \/>Disse produkter understreger vigtigheden af at have en <strong data-start=\"625\" data-end=\"652\">p\u00e5lidelig redningsstige<\/strong> i fleretagers boliger, hvilket giver tryghed og ro i sindet.<\/p>\n<p data-start=\"717\" data-end=\"966\">Fremstillet af <strong data-start=\"732\" data-end=\"755\">holdbare materialer<\/strong> kan denne stige b\u00e6re en betydelig v\u00e6gt og er udstyret med <strong data-start=\"814\" data-end=\"833\">skridsikre trin<\/strong> for sikkert fodf\u00e6ste.<br data-start=\"855\" data-end=\"858\" \/>Det <strong data-start=\"862\" data-end=\"893\">kompakte og foldbare design<\/strong> g\u00f8r den nem at opbevare og hurtigt tilg\u00e6ngelig i kritiske situationer.<\/p>\n<\/div>\n<div>\n<div>F\u00e5s ogs\u00e5 i <a href=\"https:\/\/isopllc.com\/dk\/product\/brandflugtsstige-3-etager-8m-med-monteringsbeslag-klatreankre\/\"><strong>8m<\/strong><\/a> | <a href=\"https:\/\/isopllc.com\/dk\/product\/isop-brandrebstige-10-m-med-fastgoerelsesankre\/\"><strong>10m<\/strong><\/a><\/div>\n<\/div>\n<div><\/div>\n<\/div>\n<\/div>\n<\/div>\n<\/div>\n<\/div>\n<\/div>\n<\/div>\n<\/div>\n<\/div>\n<\/div>\n<\/div>\n<\/div>\n<\/div>\n<\/div>\n<\/div>\n<\/div>\n<\/div>\n<\/div>\n<\/div>\n<\/div>\n","protected":false},"excerpt":{"rendered":"[embed]https:\/\/youtu.be\/gkfp_TrJa5s[\/embed]\n<p id=\"title\" class=\"a-size-large a-spacing-none\" style=\"text-align: center\">Brandredningsstige 4 m med monteringsudstyr | Udt\u00e6kkelig stige til toetagers huse | Kompakt og b\u00e6rbar | Rebstige egnet til altan med stabilisatorer og vinduesflugt<\/p>\n<p id=\"reconcile-item-title\" class=\"text-weight-bold\" style=\"text-align: center\">\n<p style=\"text-align: center\">GRATIS LEVERING INDEN FOR 3-7 DAGE<\/p>\n<h4 style=\"text-align: center\"><strong>K\u00d8BE DET<\/strong><\/h4>\n<p><a href=\"https:\/\/www.amazon.de\/dp\/B0CG4L2LD2\/ref=sr_1_4?__mk_de_DE=%C3%85M%C3%85%C5%BD%C3%95%C3%91&amp;dib=eyJ2IjoiMSJ9.Nc-Uhh7CFAgwD_uLarzK8g.KPNgyKXtNKChPZ1S7BI0UqXhlO6D3NZAbfPmzArSp3o&amp;dib_tag=se&amp;keywords=Feuerrettungsleiter%2Bmit%2BBefestigungsmaterial%2BAusziehbare%2BLeitern%2Bf%C3%BCr%2Bzweist%C3%B6ckige%2BH%C3%A4user&amp;qid=1762071257&amp;s=diy&amp;sr=1-4&amp;th=1\"><img loading=\"lazy\" decoding=\"async\" class=\"aligncenter wp-image-1040 size-full\" src=\"https:\/\/isopllc.com\/dk\/wp-content\/uploads\/sites\/14\/2020\/01\/amazon-button9.png\" alt=\"\" width=\"160\" height=\"59\" \/><\/a><\/p>\n","protected":false},"featured_media":5429,"comment_status":"open","ping_status":"closed","template":"","meta":[],"product_brand":[],"product_cat":[173,169,167],"product_tag":[63,65,54,38,37,67,66,36],"class_list":{"0":"post-5428","1":"product","2":"type-product","3":"status-publish","4":"has-post-thumbnail","6":"product_cat-brandtrappestiger-med-2-etager","7":"product_cat-brandtrappestiger-med-afstandsstykker","8":"product_cat-vaegmonterede-stiger","9":"product_tag-3-etager","10":"product_tag-8m","11":"product_tag-brandflugtsstige","12":"product_tag-brandudstyr","13":"product_tag-evakuering","14":"product_tag-klatreankre","15":"product_tag-monteringsbeslag","16":"product_tag-sikkerhed","18":"first","19":"instock","20":"shipping-taxable","21":"purchasable","22":"product-type-simple"},"_links":{"self":[{"href":"https:\/\/isopllc.com\/dk\/wp-json\/wp\/v2\/product\/5428","targetHints":{"allow":["GET"]}}],"collection":[{"href":"https:\/\/isopllc.com\/dk\/wp-json\/wp\/v2\/product"}],"about":[{"href":"https:\/\/isopllc.com\/dk\/wp-json\/wp\/v2\/types\/product"}],"replies":[{"embeddable":true,"href":"https:\/\/isopllc.com\/dk\/wp-json\/wp\/v2\/comments?post=5428"}],"wp:featuredmedia":[{"embeddable":true,"href":"https:\/\/isopllc.com\/dk\/wp-json\/wp\/v2\/media\/5429"}],"wp:attachment":[{"href":"https:\/\/isopllc.com\/dk\/wp-json\/wp\/v2\/media?parent=5428"}],"wp:term":[{"taxonomy":"product_brand","embeddable":true,"href":"https:\/\/isopllc.com\/dk\/wp-json\/wp\/v2\/product_brand?post=5428"},{"taxonomy":"product_cat","embeddable":true,"href":"https:\/\/isopllc.com\/dk\/wp-json\/wp\/v2\/product_cat?post=5428"},{"taxonomy":"product_tag","embeddable":true,"href":"https:\/\/isopllc.com\/dk\/wp-json\/wp\/v2\/product_tag?post=5428"}],"curies":[{"name":"wp","href":"https:\/\/api.w.org\/{rel}","templated":true}]}}