{"id":1049,"date":"2020-01-20T08:00:58","date_gmt":"2020-01-20T08:00:58","guid":{"rendered":"https:\/\/rightfoodonly.com\/?post_type=product&#038;p=1049"},"modified":"2025-06-30T16:37:35","modified_gmt":"2025-06-30T16:37:35","slug":"escalera-de-incendios-1-pisos-5-m","status":"publish","type":"product","link":"https:\/\/isopllc.com\/es\/product\/escalera-de-incendios-1-pisos-5-m\/","title":{"rendered":"Escalera de Cuerda de Escape de Incendios de 1 Plantas 5 m"},"content":{"rendered":"<p><img loading=\"lazy\" decoding=\"async\" src=\"https:\/\/m.media-amazon.com\/images\/S\/aplus-media\/sc\/21a3f03b-829f-4554-b494-34215adbd6c9.__CR0,724,2000,619_PT0_SX970_V1___.jpg\" alt=\"\" width=\"970\" height=\"300\" title=\"\"><\/p>\n<h1 id=\"title\" class=\"a-size-large a-spacing-none\" style=\"text-align: center\"><span id=\"productTitle\" class=\"a-size-large product-title-word-break\">Escalera de Cuerda de Escape de Incendios de 1 Plantas 5 m\u00a0 &#8211; Escalera de Escape Contra Incendios con Mosquetones Resistente a las Llamas. Capacidad de Peso Hasta 900 kg<\/span><\/h1>\n<div class=\"celwidget aplus-module module-9\" style=\"text-align: center\" data-csa-c-id=\"8qdekw-f2p4k0-r9icce-qoj6p0\" data-cel-widget=\"aplus-module-9\">\n<div class=\"a-expander-collapsed-height a-row a-expander-container a-expander-partial-collapse-container\" data-a-expander-name=\"aplus-module-expander\" data-a-expander-collapsed-height=\"700\">\n<div class=\"a-expander-content a-expander-partial-collapse-content\">\n<div class=\"aplus-module-wrapper\">\n<div class=\"apm-spacing apm-fixed-width\">\n<div class=\"celwidget aplus-module module-9\" style=\"text-align: center\" data-csa-c-id=\"3d7463-l3bdk0-ygs321-8assbf\" data-cel-widget=\"aplus-module-9\">\n<div class=\"a-expander-collapsed-height a-row a-expander-container a-expander-partial-collapse-container\" data-a-expander-name=\"aplus-module-expander\" data-a-expander-collapsed-height=\"700\">\n<div class=\"a-expander-content a-expander-partial-collapse-content\">\n<div class=\"aplus-module-wrapper\">\n<div class=\"apm-spacing apm-fixed-width\">\n<h3 class=\"a-spacing-small\">\u00bfPor qu\u00e9 elegirnos?<\/h3>\n<div class=\"apm-sidemodule-imageleft\"><img decoding=\"async\" class=\"aligncenter\" src=\"https:\/\/m.media-amazon.com\/images\/S\/aplus-media\/sc\/b79b4d19-b13b-41d0-af8a-1b3473880be5.__CR0,0,600,600_PT0_SX300_V1___.jpg\" alt=\"ladder\" data-src=\"https:\/\/m.media-amazon.com\/images\/S\/aplus-media\/sc\/b79b4d19-b13b-41d0-af8a-1b3473880be5.__CR0,0,600,600_PT0_SX300_V1___.jpg\" data- title=\"\"><\/div>\n<div class=\"apm-sidemodule-textright\">\n<p>Esta escalera de evacuaci\u00f3n de emergencia est\u00e1 dise\u00f1ada para brindar comodidad y accesibilidad.<\/p>\n<p><span class=\"a-text-bold\">Tecnolog\u00eda reflectante \u00fanica.<\/span><\/p>\n<p>Una tira reflectante especial que est\u00e1 tejida en estas cuerdas de nailon las hace f\u00e1cilmente visibles con el haz de luz de la linterna para que no se tropiece con ellas por la noche.<\/p>\n<\/div>\n<p><img decoding=\"async\" class=\"a-spacing-mini aligncenter\" src=\"https:\/\/m.media-amazon.com\/images\/S\/aplus-media\/sc\/1d1c9f11-8b81-43e1-b2d9-232d2a154745.__CR0,193,641,641_PT0_SX300_V1___.jpg\" alt=\"Sturdy\" data-src=\"https:\/\/m.media-amazon.com\/images\/S\/aplus-media\/sc\/1d1c9f11-8b81-43e1-b2d9-232d2a154745.__CR0,193,641,641_PT0_SX300_V1___.jpg\" data- title=\"\"><\/p>\n<\/div>\n<div class=\"apm-spacing apm-fixed-width\">\n<h4 class=\"a-spacing-mini\">ULTRA poderosa<\/h4>\n<p>no hay escaleras m\u00e1s resistentes y fiables que las nuestras,\u00a0<span class=\"a-text-bold\">probadas (!)<\/span> &#8211; \u00a1que soportan 900 kg o 10 personas! Incluso las escaleras de cadena no pueden presumir de esta capacidad de peso.<\/p>\n<p><img decoding=\"async\" class=\"a-spacing-mini aligncenter\" src=\"https:\/\/m.media-amazon.com\/images\/S\/aplus-media\/sc\/66906d66-df90-4038-8550-d72faf80c38f.__CR0,0,1200,1200_PT0_SX300_V1___.jpg\" alt=\"Multifunction\" data-src=\"https:\/\/m.media-amazon.com\/images\/S\/aplus-media\/sc\/66906d66-df90-4038-8550-d72faf80c38f.__CR0,0,1200,1200_PT0_SX300_V1___.jpg\" data- title=\"\"><\/p>\n<h4 class=\"a-spacing-mini\">Multifunci\u00f3n<\/h4>\n<p>Se puede utilizar para diversos fines, como parques infantiles, columpios, casas en los \u00e1rboles, \u00e1ticos, jardines, techos, loft, b\u00fankeres, marinos e incluso con fines decorativos. Variedad infinita de opciones de uso.<\/p>\n<p><img decoding=\"async\" class=\"a-spacing-mini aligncenter\" src=\"https:\/\/m.media-amazon.com\/images\/S\/aplus-media\/sc\/a53251f8-492d-40f3-a9db-2bdd1415646f.__CR1018,0,1260,1260_PT0_SX300_V1___.png\" alt=\"anti-slip\" data-src=\"https:\/\/m.media-amazon.com\/images\/S\/aplus-media\/sc\/a53251f8-492d-40f3-a9db-2bdd1415646f.__CR1018,0,1260,1260_PT0_SX300_V1___.png\" data- title=\"\"><\/p>\n<h4 class=\"a-spacing-mini\">Pelda\u00f1os antideslizantes<\/h4>\n<p>Los pelda\u00f1os tienen forma de oct\u00e1gono, por lo que son fiables y no resbalan.<\/p>\n<h4 class=\"a-spacing-mini\"><img decoding=\"async\" class=\"aligncenter\" style=\"font-size: 16px\" src=\"https:\/\/m.media-amazon.com\/images\/S\/aplus-media\/sc\/2b5aeb68-441e-435d-b89c-5d2faf4eb063.__CR0,0,1000,1000_PT0_SX220_V1___.jpg\" alt=\"Portable\" data-src=\"https:\/\/m.media-amazon.com\/images\/S\/aplus-media\/sc\/2b5aeb68-441e-435d-b89c-5d2faf4eb063.__CR0,0,1000,1000_PT0_SX220_V1___.jpg\" data- title=\"\"><\/h4>\n<h4 class=\"a-spacing-mini\">Port\u00e1til<\/h4>\n<p class=\"a-size-small\">viene con una bonita bolsa negra de dise\u00f1o. La escalera es f\u00e1cil de llevar a cualquier lugar en una bolsa. Incluye caja de regalo en color madera natural.<\/p>\n<h4 class=\"a-spacing-mini\"><img decoding=\"async\" class=\"aligncenter\" style=\"font-size: 16px\" src=\"https:\/\/m.media-amazon.com\/images\/S\/aplus-media\/sc\/f2e8fc4d-adcb-4ad8-87e7-2d18df74811d.__CR0,13,974,974_PT0_SX220_V1___.jpg\" alt=\"Lightweight\" data-src=\"https:\/\/m.media-amazon.com\/images\/S\/aplus-media\/sc\/f2e8fc4d-adcb-4ad8-87e7-2d18df74811d.__CR0,13,974,974_PT0_SX220_V1___.jpg\" data- title=\"\"><\/h4>\n<h4 class=\"a-spacing-mini\">Ligera<\/h4>\n<p class=\"a-size-small\">por ejemplo, 2,5 m pesa solo 1,8 kg<\/p>\n<p><img decoding=\"async\" class=\"aligncenter\" src=\"https:\/\/m.media-amazon.com\/images\/S\/aplus-media\/sc\/0552c400-f2fc-46a1-84a9-d5030a1ca8e2.__CR0,0,1000,1000_PT0_SX220_V1___.jpg\" alt=\"Weather resistant\" data-src=\"https:\/\/m.media-amazon.com\/images\/S\/aplus-media\/sc\/0552c400-f2fc-46a1-84a9-d5030a1ca8e2.__CR0,0,1000,1000_PT0_SX220_V1___.jpg\" data- title=\"\"><\/p>\n<\/div>\n<div>\n<h4 class=\"a-spacing-mini\">Resistente al clima<\/h4>\n<p class=\"a-size-small\">Escaleras casi nunca envejecidas para cualquier clima, no se pueden da\u00f1ar con la lluvia.<\/p>\n<h4 class=\"a-spacing-mini\"><img decoding=\"async\" class=\"aligncenter\" style=\"font-size: 16px\" src=\"https:\/\/m.media-amazon.com\/images\/S\/aplus-media\/sc\/14916db8-10a6-4760-8535-f49470d709ad.__CR11,0,1189,1189_PT0_SX220_V1___.jpg\" alt=\"Heavy duty carabiners\" data-src=\"https:\/\/m.media-amazon.com\/images\/S\/aplus-media\/sc\/14916db8-10a6-4760-8535-f49470d709ad.__CR11,0,1189,1189_PT0_SX220_V1___.jpg\" data- title=\"\"><\/h4>\n<\/div>\n<\/div>\n<\/div>\n<\/div>\n<\/div>\n<div class=\"celwidget aplus-module module-4\" style=\"text-align: center\" data-csa-c-id=\"5glng-jun4yd-v4jukx-uxl7pr\" data-cel-widget=\"aplus-module-4\">\n<div class=\"a-expander-collapsed-height a-row a-expander-container a-expander-partial-collapse-container\" data-a-expander-name=\"aplus-module-expander\" data-a-expander-collapsed-height=\"700\">\n<div class=\"a-expander-content a-expander-partial-collapse-content\">\n<div class=\"aplus-module-wrapper\">\n<div class=\"apm-spacing\">\n<div class=\"apm-floatleft apm-fixed-width\">\n<div class=\"apm-spacing\">\n<h4 class=\"a-spacing-mini\">Mosquetones resistentes<\/h4>\n<p class=\"a-size-small\">las escalera de cuerda incluye mosquetones cromados resistencia a la rotura 11KN<\/p>\n<\/div>\n<\/div>\n<\/div>\n<\/div>\n<p><img loading=\"lazy\" decoding=\"async\" class=\"a-spacing-mini aligncenter\" src=\"https:\/\/m.media-amazon.com\/images\/S\/aplus-media\/sc\/eebfdeb6-a881-47d1-a2d7-3677df2e925c.__CR521,0,1333,1333_PT0_SX300_V1___.jpg\" alt=\"ladder with carabiners\" width=\"183\" height=\"183\" data-src=\"https:\/\/m.media-amazon.com\/images\/S\/aplus-media\/sc\/eebfdeb6-a881-47d1-a2d7-3677df2e925c.__CR521,0,1333,1333_PT0_SX300_V1___.jpg\" data- title=\"\"><\/p>\n<h4 class=\"a-spacing-mini\">Resistente al fuego<\/h4>\n<p>La composici\u00f3n especial de fibras no combustibles permite que la <strong>Escalera de Cuerda<\/strong> resiste un incendio durante alg\u00fan tiempo, pero a\u00fan as\u00ed no recomendamos su uso en fuego directo.<\/p>\n<div><img loading=\"lazy\" decoding=\"async\" class=\"a-spacing-mini aligncenter\" src=\"https:\/\/m.media-amazon.com\/images\/S\/aplus-media\/sc\/d843778e-92b5-40e7-a239-8e35fcbadff6.__CR0,0,2000,2000_PT0_SX300_V1___.jpg\" alt=\"Different length\" width=\"295\" height=\"295\" data-src=\"https:\/\/m.media-amazon.com\/images\/S\/aplus-media\/sc\/d843778e-92b5-40e7-a239-8e35fcbadff6.__CR0,0,2000,2000_PT0_SX300_V1___.jpg\" data- title=\"\"><\/div>\n<div>\n<h4 class=\"a-spacing-mini\">Diferente longitud<\/h4>\n<p><strong>Escalera de Cuerda de Escape <\/strong>disponible 2,5 \/ 4\/5 \/ 7,5 \/ 10 m para casas de 1 a 3 pisos.<\/p>\n<p><img decoding=\"async\" class=\"a-spacing-mini aligncenter\" src=\"https:\/\/m.media-amazon.com\/images\/S\/aplus-media\/sc\/b32fbb7f-dd3b-4bce-a9d4-1f51dbe477df.__CR0,0,1000,1000_PT0_SX300_V1___.jpg\" alt=\"reusable\" data-src=\"https:\/\/m.media-amazon.com\/images\/S\/aplus-media\/sc\/b32fbb7f-dd3b-4bce-a9d4-1f51dbe477df.__CR0,0,1000,1000_PT0_SX300_V1___.jpg\" data- title=\"\"><\/p>\n<\/div>\n<\/div>\n<\/div>\n<div>\n<h4 class=\"a-spacing-mini\">Reutilizable<\/h4>\n<p>a diferencia de otras escaleras de aluminio, nuestras escaleras de cuerda son reutilizables.<\/p>\n<\/div>\n<\/div>\n<\/div>\n<\/div>\n<\/div>\n<\/div>\n<\/div>\n<div class=\"celwidget aplus-module module-2\" data-csa-c-id=\"natz8u-fpdgqh-3o4hqm-4hr1km\" data-cel-widget=\"aplus-module-2\">\n<div class=\"a-expander-collapsed-height a-row a-expander-container a-expander-partial-collapse-container\" data-a-expander-name=\"aplus-module-expander\" data-a-expander-collapsed-height=\"700\">\n<div class=\"a-expander-content a-expander-partial-collapse-content\">\n<div class=\"aplus-module-wrapper apm-floatnone\">\n<div class=\"apm-sidemodule apm-spacing\">\n<div class=\"apm-sidemodule-imageleft\" style=\"text-align: center\"><img decoding=\"async\" class=\"aligncenter\" src=\"https:\/\/m.media-amazon.com\/images\/S\/aplus-media\/sc\/fa263336-bda8-42e1-8872-40df9f912f96.__CR0,0,1000,1000_PT0_SX300_V1___.jpg\" alt=\"ladder\" data-src=\"https:\/\/m.media-amazon.com\/images\/S\/aplus-media\/sc\/fa263336-bda8-42e1-8872-40df9f912f96.__CR0,0,1000,1000_PT0_SX300_V1___.jpg\" data- title=\"\"><\/div>\n<div class=\"apm-sidemodule-textright\">\n<h3 class=\"a-spacing-mini\" style=\"text-align: center\">Esta escalera de escape de emergencia en caso de incendio est\u00e1 dise\u00f1ada teniendo en cuenta la conveniencia y la accesibilidad<\/h3>\n<p style=\"text-align: center\">El desastre puede ocurrir en cualquier momento, ya sea que est\u00e9 listo o no. Es por eso que dise\u00f1amos nuestras escaleras de escape para casas de hasta 1 pisos para brindarle una manera conveniente y confiable de salir de cualquier edificio. Si su casa, escuela o apartamento no tiene una ruta de escape o si no son de f\u00e1cil acceso, entonces necesita una escalera de seguridad contra incendios en la que pueda confiar.<\/p>\n<p style=\"text-align: center\">Esta escalera de escape de incendios de 1 pisos est\u00e1 cuidadosamente empaquetada para proporcionar una ruta de escape conveniente, de liberaci\u00f3n r\u00e1pida y sin enredos a trav\u00e9s de su ventana que es perfecta tanto para ni\u00f1os como para adultos. Gracias a su construcci\u00f3n s\u00f3lida, puede soportar hasta 900 kg, mientras que los mosquetones de alta resistencia brindan una sujeci\u00f3n estable para que su descenso sea lo m\u00e1s f\u00e1cil posible, lo que hace que esta escalera de emergencia sea imprescindible para cualquier persona que quiera que ellos y su familia o empleados est\u00e9n seguros.<\/p>\n<ul>\n<li>La <strong>Escalera de Cuerda de Escape de Incendios<\/strong>\u00a0es ideal para evacuar de manera segura desde el segundo o tercer piso de un edificio durante un incendio u otra emergencia.<\/li>\n<li>Este producto es indispensable en hogares, oficinas o apartamentos para garantizar una salida r\u00e1pida y segura cuando las rutas principales est\u00e1n bloqueadas.<\/li>\n<\/ul>\n<\/div>\n<p>Disponible tambi\u00e9n en<a href=\"https:\/\/isopllc.com\/es\/product\/escalera-de-cuerda-escape-de-incendios-25m\/\"><strong> 2.5\u202fm<\/strong><\/a>, <a href=\"https:\/\/isopllc.com\/es\/product\/escalera-de-incendios-2-pisos-4-m\/\"><strong>4 m<\/strong><\/a> y <a href=\"https:\/\/isopllc.com\/es\/product\/escalera-de-emergencia-en-incendios-3-pisos\/\"><strong>8\u202fm.<\/strong><\/a><\/p>\n<\/div>\n<\/div>\n<\/div>\n<\/div>\n<\/div>\n","protected":false},"excerpt":{"rendered":"[embed]https:\/\/youtu.be\/XtBwToBdHcs[\/embed]\n<p id=\"title\" class=\"a-size-large a-spacing-none\" style=\"text-align: center\"><span id=\"productTitle\" class=\"a-size-large product-title-word-break\">Escalera de Cuerda de Escape de Incendios de 1 Plantas 5 m &#8211; Escalera de Seguridad Contra Incendios con Mosquetones Resistente a las Llamas. Capacidad de Peso Hasta 900 kg<\/span><\/p>\n<p style=\"text-align: center\">ENV\u00cdO GRATIS EN 3-7 D\u00cdAS<\/p>\n<h4 style=\"text-align: center\"><strong>C\u00d3MPRALO<\/strong><\/h4>\n<p><a href=\"https:\/\/www.amazon.es\/dp\/B08QZCFK2B\/?maas=maas_adg_B40D062C11016FC9C6A69F4C9F4C1459_afap_abs&amp;ref_=aa_maas&amp;ref=sr_1_1&amp;dchild=1&amp;keywords=Escalera%2Bde%2BEscape%2Bde%2B1%2BPisos%2BEscalera%2Bde%2BSeguridad%2Bcon%2BGanchos&amp;qid=1605077074&amp;sr=8-1&amp;th=1\"><img loading=\"lazy\" decoding=\"async\" class=\"aligncenter wp-image-1040 size-full\" src=\"https:\/\/isopllc.com\/es\/wp-content\/uploads\/sites\/7\/2020\/01\/amazon-button9.png\" alt=\"\" width=\"160\" height=\"59\" \/><\/a><\/p>\n<p>&nbsp;<\/p>\n","protected":false},"featured_media":4249,"comment_status":"open","ping_status":"closed","template":"","meta":[],"product_brand":[],"product_cat":[179,183],"product_tag":[186,61,66,64],"class_list":{"0":"post-1049","1":"product","2":"type-product","3":"status-publish","4":"has-post-thumbnail","6":"product_cat-escaleras-de-cuerda-para-escape","7":"product_cat-escaleras-de-escape-para-1-piso","8":"product_tag-1-plantas","9":"product_tag-escalera-de-cuerda","10":"product_tag-escape-de-incendios","11":"product_tag-evacuacion","13":"first","14":"instock","15":"shipping-taxable","16":"purchasable","17":"product-type-simple"},"_links":{"self":[{"href":"https:\/\/isopllc.com\/es\/wp-json\/wp\/v2\/product\/1049","targetHints":{"allow":["GET"]}}],"collection":[{"href":"https:\/\/isopllc.com\/es\/wp-json\/wp\/v2\/product"}],"about":[{"href":"https:\/\/isopllc.com\/es\/wp-json\/wp\/v2\/types\/product"}],"replies":[{"embeddable":true,"href":"https:\/\/isopllc.com\/es\/wp-json\/wp\/v2\/comments?post=1049"}],"wp:featuredmedia":[{"embeddable":true,"href":"https:\/\/isopllc.com\/es\/wp-json\/wp\/v2\/media\/4249"}],"wp:attachment":[{"href":"https:\/\/isopllc.com\/es\/wp-json\/wp\/v2\/media?parent=1049"}],"wp:term":[{"taxonomy":"product_brand","embeddable":true,"href":"https:\/\/isopllc.com\/es\/wp-json\/wp\/v2\/product_brand?post=1049"},{"taxonomy":"product_cat","embeddable":true,"href":"https:\/\/isopllc.com\/es\/wp-json\/wp\/v2\/product_cat?post=1049"},{"taxonomy":"product_tag","embeddable":true,"href":"https:\/\/isopllc.com\/es\/wp-json\/wp\/v2\/product_tag?post=1049"}],"curies":[{"name":"wp","href":"https:\/\/api.w.org\/{rel}","templated":true}]}}