{"id":1062,"date":"2020-01-20T08:32:11","date_gmt":"2020-01-20T08:32:11","guid":{"rendered":"https:\/\/rightfoodonly.com\/?post_type=product&#038;p=1062"},"modified":"2025-06-30T16:36:26","modified_gmt":"2025-06-30T16:36:26","slug":"escalera-incendio-para-ventanas-de-1-piso","status":"publish","type":"product","link":"https:\/\/isopllc.com\/es\/product\/escalera-incendio-para-ventanas-de-1-piso\/","title":{"rendered":"Escalera de Incendios Para Ventanas de Primer Piso &#8211; Escalera de Evacuaci\u00f3n para Ventanas"},"content":{"rendered":"<p><img loading=\"lazy\" decoding=\"async\" style=\"font-size: 16px;\" src=\"https:\/\/m.media-amazon.com\/images\/S\/aplus-media\/sc\/21a3f03b-829f-4554-b494-34215adbd6c9.__CR0,724,2000,619_PT0_SX970_V1___.jpg\" alt=\"\" width=\"970\" height=\"300\" title=\"\"><\/p>\n<div class=\"celwidget aplus-module module-12\" data-csa-c-id=\"jivxzg-m1j32x-ba3zr2-aspe9u\" data-cel-widget=\"aplus-module-12\">\n<div class=\"a-expander-collapsed-height a-row a-expander-container a-expander-partial-collapse-container\" data-a-expander-name=\"aplus-module-expander\" data-a-expander-collapsed-height=\"360\">\n<div class=\"a-expander-content a-expander-partial-collapse-content\">\n<div class=\"aplus-module-wrapper apm-spacing apm-floatnone\">\n<div class=\"apm-sidemodule aplus-module-content\">\n<div class=\"textright apm-hero-text\">\n<h2 style=\"text-align: center;\">ISOP Escalera de Escape Para Ventanas de Primer Piso &#8211; Escalera de Evacuaci\u00f3n para Ventanas Resistente al Fuego de 4 metros con Ganchos &#8211; Capacidad de Peso de Hasta 900 kg<\/h2>\n<\/div>\n<\/div>\n<\/div>\n<\/div>\n<\/div>\n<\/div>\n<div style=\"text-align: center;\">\n<div class=\"celwidget aplus-module launchpad-brand-description-left aplus-standard\" data-csa-c-id=\"knkcs4-2j93n1-ghi3g2-dttm2i\" data-cel-widget=\"aplus-launchpad-brand-description-left\">\n<div class=\"a-section launchpad-module launchpad-module-brand-description-left\">\n<div class=\"a-section launchpad-text-left-justify\">\n<p><u><span class=\"a-text-bold\">Los ganchos y la escalera se pueden entregar en cajas separadas.<\/span><\/u><\/p>\n<\/div>\n<\/div>\n<\/div>\n<div class=\"celwidget aplus-module module-12 aplus-standard\" data-csa-c-id=\"bs51pz-q3hqnh-xyqja5-tgb4h1\" data-cel-widget=\"aplus-module-12\">\n<div class=\"a-expander-collapsed-height a-row a-expander-container a-expander-partial-collapse-container\" aria-live=\"polite\" data-a-expander-name=\"aplus-module-expander\" data-a-expander-collapsed-height=\"360\">\n<div class=\"a-expander-content a-expander-partial-collapse-content\" aria-expanded=\"false\">\n<div class=\"aplus-module-wrapper apm-spacing apm-floatnone apm-fixed-width\">\n<div class=\"apm-sidemodule aplus-module-content\">\n<div class=\"apm-hero-image\"><\/div>\n<\/div>\n<\/div>\n<\/div>\n<\/div>\n<\/div>\n<\/div>\n<div class=\"celwidget aplus-module module-4\" style=\"text-align: center;\" data-csa-c-id=\"3439hg-iiea24-1ecz2x-p6icw6\" data-cel-widget=\"aplus-module-4\">\n<div class=\"a-expander-collapsed-height a-row a-expander-container a-expander-partial-collapse-container\" data-a-expander-name=\"aplus-module-expander\" data-a-expander-collapsed-height=\"700\">\n<div class=\"a-expander-content a-expander-partial-collapse-content\">\n<div class=\"aplus-module-wrapper\">\n<div class=\"apm-spacing\">\n<div class=\"apm-floatleft apm-fixed-width\">\n<h3 class=\"a-spacing-small\">\u00bfPor qu\u00e9 elegirnos?<\/h3>\n<p><img loading=\"lazy\" decoding=\"async\" class=\"aligncenter\" src=\"https:\/\/m.media-amazon.com\/images\/S\/aplus-media\/sc\/6e5713d2-30fd-4dd2-9441-9bb8edfcf9b9.__CR140,16,900,900_PT0_SX300_V1___.jpg\" alt=\"ladder\" width=\"222\" height=\"222\" title=\"\"><\/p>\n<h4>Tecnolog\u00eda reflectante patentada<\/h4>\n<p>Esta escalera est\u00e1 dise\u00f1ada teniendo en cuenta la comodidad y la accesibilidad.<\/p>\n<p>Una tira reflectante especial tejida en estas cuerdas de nailon las hace muy visibles en el haz de luz de la linterna para que no se tropiece con ellas por la noche.<\/p>\n<p><img decoding=\"async\" class=\"aligncenter\" src=\"https:\/\/m.media-amazon.com\/images\/S\/aplus-media\/sc\/94cfe5fc-9301-4229-834b-f5ca7b14d8d0.__CR0,213,641,641_PT0_SX220_V1___.jpg\" alt=\"powerful\" data-src=\"https:\/\/m.media-amazon.com\/images\/S\/aplus-media\/sc\/94cfe5fc-9301-4229-834b-f5ca7b14d8d0.__CR0,213,641,641_PT0_SX220_V1___.jpg\" data- title=\"\"><\/p>\n<h4 class=\"a-spacing-mini\">ULTRA poderosa<\/h4>\n<p class=\"a-size-small\">no hay escaleras m\u00e1s resistentes y fiables que las nuestras,\u00a0<span class=\"a-text-bold\">probadas (!)<\/span>\u00a0&#8211; \u00a1que soportan 900 kg o 10 personas! Incluso las escaleras de cadena no pueden presumir de esta capacidad de peso.<\/p>\n<p><img decoding=\"async\" class=\"aligncenter\" src=\"https:\/\/m.media-amazon.com\/images\/S\/aplus-media\/sc\/d262a102-3931-4af1-bcd2-fa72efe818c1.__CR0,0,1200,1200_PT0_SX220_V1___.jpg\" alt=\"Multifunction\" data-src=\"https:\/\/m.media-amazon.com\/images\/S\/aplus-media\/sc\/d262a102-3931-4af1-bcd2-fa72efe818c1.__CR0,0,1200,1200_PT0_SX220_V1___.jpg\" data- title=\"\"><\/p>\n<h4 class=\"a-spacing-mini\">Multifunci\u00f3n<\/h4>\n<p class=\"a-size-small\">Se puede utilizar para diversos fines, como parques infantiles, columpios, casas en los \u00e1rboles, \u00e1ticos, jardines, techos, loft, b\u00fankeres, marinos e incluso con fines decorativos. Variedad infinita de opciones de uso.<\/p>\n<p><img decoding=\"async\" class=\"aligncenter\" src=\"https:\/\/m.media-amazon.com\/images\/S\/aplus-media\/sc\/cf4cf25a-8d5e-46fe-bb5e-722c10b1d998.__CR0,0,2000,2000_PT0_SX220_V1___.jpg\" alt=\"Comes with carabiners &amp; hooks\" data-src=\"https:\/\/m.media-amazon.com\/images\/S\/aplus-media\/sc\/cf4cf25a-8d5e-46fe-bb5e-722c10b1d998.__CR0,0,2000,2000_PT0_SX220_V1___.jpg\" data- title=\"\"><\/p>\n<h4 class=\"a-spacing-mini\">Viene con mosquetones y ganchos<\/h4>\n<p class=\"a-size-small\">Las Escalera de Evacuaci\u00f3n para Ventanas de 4 m y 8 m incluye ganchos para los alf\u00e9izares de las ventanas y mosquetones ideales para las barras de los balcones. En caso de incendio, se pueden utilizar tanto con ventanas como con balcones. Nadie m\u00e1s puede ofrecer ambas opciones.<\/p>\n<h4 class=\"a-spacing-mini\"><img decoding=\"async\" class=\"aligncenter\" style=\"font-size: 16px;\" src=\"https:\/\/m.media-amazon.com\/images\/S\/aplus-media\/sc\/210c8fc8-ca9e-4a20-9d02-a9c58b6c8429.__CR1018,0,1260,1260_PT0_SX220_V1___.png\" alt=\"Anti-slip rungs\" data-src=\"https:\/\/m.media-amazon.com\/images\/S\/aplus-media\/sc\/210c8fc8-ca9e-4a20-9d02-a9c58b6c8429.__CR1018,0,1260,1260_PT0_SX220_V1___.png\" data- title=\"\"><\/h4>\n<h4 class=\"a-spacing-mini\">Pelda\u00f1os antideslizantes<\/h4>\n<p class=\"a-size-small\">Los pelda\u00f1os tienen forma de oct\u00e1gono, por lo que son fiables y no resbalan.<\/p>\n<h4 class=\"a-spacing-mini\"><img decoding=\"async\" class=\"aligncenter\" style=\"font-size: 16px;\" src=\"https:\/\/m.media-amazon.com\/images\/S\/aplus-media\/sc\/e5481a93-fdd7-4b02-812d-b17e7e802309.__CR0,0,1000,1000_PT0_SX220_V1___.jpg\" alt=\"Portable\" data-src=\"https:\/\/m.media-amazon.com\/images\/S\/aplus-media\/sc\/e5481a93-fdd7-4b02-812d-b17e7e802309.__CR0,0,1000,1000_PT0_SX220_V1___.jpg\" data- title=\"\"><\/h4>\n<\/div>\n<\/div>\n<\/div>\n<div>\n<h4 class=\"a-spacing-mini\">Port\u00e1til<\/h4>\n<p class=\"a-size-small\">viene con una bonita bolsa negra de dise\u00f1o. La escalera de escape es f\u00e1cil de llevar a cualquier lugar en una bolsa. Incluye caja de regalo en color madera natural.<\/p>\n<\/div>\n<\/div>\n<\/div>\n<\/div>\n<div class=\"celwidget aplus-module module-4\" style=\"text-align: center;\" data-csa-c-id=\"afj8pd-nokhvj-691g6t-ynqohv\" data-cel-widget=\"aplus-module-4\">\n<div class=\"a-expander-collapsed-height a-row a-expander-container a-expander-partial-collapse-container\" data-a-expander-name=\"aplus-module-expander\" data-a-expander-collapsed-height=\"700\">\n<div class=\"a-expander-content a-expander-partial-collapse-content\">\n<div class=\"aplus-module-wrapper\">\n<div class=\"apm-spacing\">\n<div class=\"apm-floatleft apm-fixed-width\">\n<div class=\"apm-spacing\">\n<p><img decoding=\"async\" class=\"aligncenter\" src=\"https:\/\/m.media-amazon.com\/images\/S\/aplus-media\/sc\/efd2bcd0-2bff-4c6d-9fec-4d882d5be7cd.__CR0,13,974,974_PT0_SX220_V1___.jpg\" alt=\"Lightweight\" data-src=\"https:\/\/m.media-amazon.com\/images\/S\/aplus-media\/sc\/efd2bcd0-2bff-4c6d-9fec-4d882d5be7cd.__CR0,13,974,974_PT0_SX220_V1___.jpg\" data- title=\"\"><\/p>\n<h4 class=\"a-spacing-mini\">Ligera<\/h4>\n<p class=\"a-size-small\">por ejemplo, 2,5 m pesa solo 1,8 kg<\/p>\n<p><img decoding=\"async\" class=\"aligncenter\" src=\"https:\/\/m.media-amazon.com\/images\/S\/aplus-media\/sc\/d232e31d-6376-4b64-a48a-ddd2bbf72b81.__CR0,0,1000,1000_PT0_SX220_V1___.jpg\" alt=\"Weather resistant\" data-src=\"https:\/\/m.media-amazon.com\/images\/S\/aplus-media\/sc\/d232e31d-6376-4b64-a48a-ddd2bbf72b81.__CR0,0,1000,1000_PT0_SX220_V1___.jpg\" data- title=\"\"><\/p>\n<h4 class=\"a-spacing-mini\">Resistente al clima<\/h4>\n<p class=\"a-size-small\">Escaleras casi nunca envejecidas para cualquier clima, no se pueden da\u00f1ar con la lluvia.<\/p>\n<p><img decoding=\"async\" class=\"aligncenter\" style=\"font-weight: 600;\" src=\"https:\/\/m.media-amazon.com\/images\/S\/aplus-media\/sc\/37c0fcd9-5325-4e38-b7c1-9af5cd3a988c.__CR5,0,1189,1189_PT0_SX220_V1___.jpg\" alt=\"Heavy duty carabiners\" data-src=\"https:\/\/m.media-amazon.com\/images\/S\/aplus-media\/sc\/37c0fcd9-5325-4e38-b7c1-9af5cd3a988c.__CR5,0,1189,1189_PT0_SX220_V1___.jpg\" data- title=\"\"><\/p>\n<h4 class=\"a-spacing-mini\">Mosquetones resistentes<\/h4>\n<p class=\"a-size-small\">las escaleras incluyen mosquetones cromados resistencia a la rotura 11KN<\/p>\n<p><img decoding=\"async\" class=\"a-spacing-mini aligncenter\" src=\"https:\/\/m.media-amazon.com\/images\/S\/aplus-media\/sc\/afa873ae-4f45-42c7-bef1-e1440984b452.__CR321,0,1333,1333_PT0_SX300_V1___.jpg\" alt=\"Flame resistant\" data-src=\"https:\/\/m.media-amazon.com\/images\/S\/aplus-media\/sc\/afa873ae-4f45-42c7-bef1-e1440984b452.__CR321,0,1333,1333_PT0_SX300_V1___.jpg\" data- title=\"\"><\/p>\n<\/div>\n<div><\/div>\n<\/div>\n<\/div>\n<\/div>\n<div>\n<h4 class=\"a-spacing-mini\">Resistente al fuego<\/h4>\n<p>La composici\u00f3n especial de fibras no combustibles permite que la escalera resista un incendio durante alg\u00fan tiempo, pero a\u00fan as\u00ed no recomendamos su uso en fuego directo.<\/p>\n<p><img decoding=\"async\" class=\"a-spacing-mini aligncenter\" src=\"https:\/\/m.media-amazon.com\/images\/S\/aplus-media\/sc\/2dac260a-e8d0-441c-9ba5-ebcab13c9f40.__CR0,0,2000,2000_PT0_SX300_V1___.jpg\" alt=\"Different length\" data-src=\"https:\/\/m.media-amazon.com\/images\/S\/aplus-media\/sc\/2dac260a-e8d0-441c-9ba5-ebcab13c9f40.__CR0,0,2000,2000_PT0_SX300_V1___.jpg\" data- title=\"\"><\/p>\n<h4 class=\"a-spacing-mini\">Diferente longitud<\/h4>\n<p>disponible 2,5 \/ 4 \/ 5 \/ 7,5 \/ 10 m para casas de 1 a 3 pisos.<\/p>\n<h4 class=\"a-spacing-mini\"><img decoding=\"async\" class=\"a-spacing-mini aligncenter\" style=\"font-size: 16px;\" src=\"https:\/\/m.media-amazon.com\/images\/S\/aplus-media\/sc\/5728be22-391a-4b50-8edb-c02577e54e29.__CR0,0,1000,1000_PT0_SX300_V1___.jpg\" alt=\"Reusable\" data-src=\"https:\/\/m.media-amazon.com\/images\/S\/aplus-media\/sc\/5728be22-391a-4b50-8edb-c02577e54e29.__CR0,0,1000,1000_PT0_SX300_V1___.jpg\" data- title=\"\"><\/h4>\n<h4 class=\"a-spacing-mini\">Reutilizable<\/h4>\n<p>a diferencia de otras escaleras de aluminio, nuestras escaleras de cuerda son reutilizables.<\/p>\n<\/div>\n<\/div>\n<\/div>\n<\/div>\n<div class=\"celwidget aplus-module module-2\" data-csa-c-id=\"xa4z08-fqu7gq-7q8xue-5451sy\" data-cel-widget=\"aplus-module-2\">\n<div class=\"a-expander-collapsed-height a-row a-expander-container a-expander-partial-collapse-container\" data-a-expander-name=\"aplus-module-expander\" data-a-expander-collapsed-height=\"700\">\n<div class=\"a-expander-content a-expander-partial-collapse-content\">\n<div class=\"aplus-module-wrapper apm-floatnone\">\n<div class=\"apm-sidemodule apm-spacing\">\n<div class=\"apm-sidemodule-imageleft\" style=\"text-align: center;\"><img decoding=\"async\" class=\"aligncenter\" src=\"https:\/\/m.media-amazon.com\/images\/S\/aplus-media\/sc\/6293865e-0e7e-4620-8370-146b6c3e1ce0.__CR0,0,816,816_PT0_SX300_V1___.jpg\" alt=\"multipurpose\" data-src=\"https:\/\/m.media-amazon.com\/images\/S\/aplus-media\/sc\/6293865e-0e7e-4620-8370-146b6c3e1ce0.__CR0,0,816,816_PT0_SX300_V1___.jpg\" data- title=\"\"><\/div>\n<div class=\"apm-sidemodule-textright\">\n<h3 class=\"a-spacing-mini\">Todas las personas, al menos una vez, pensaron \u00bfqu\u00e9 pasar\u00eda si hubiera un incendio en su casa, edificio u oficina? \u00a1Especialmente preocupado si tienes hijos!<\/h3>\n<p>En ISOP, creemos que TODAS las familias DEBEN tener una escalera de escape en caso de emergencia. Hemos creado toda una serie de escaleras y dispositivos de emergencia en caso de incendio para diferentes necesidades que queremos presentarles.<\/p>\n<p><span class=\"a-text-bold\">Escalera de escape de incendios para ventanas del primer piso<\/span><\/p>\n<p>Esta es una escalera de 4 m con ganchos para escapar de una ventana o balc\u00f3n. Los ganchos de hierro se adaptan perfectamente a la mayor\u00eda de los marcos de ventanas.<\/p>\n<p>Junto con todos los beneficios, esta Escalera de Incendios es f\u00e1cil de usar. Incluso los ni\u00f1os pueden escalarlo.<\/p>\n<p>Adem\u00e1s, algunos de nuestros clientes conectan las escaleras a la pared con anticipaci\u00f3n utilizando los anclajes de escalada que est\u00e1n disponibles en nuestra tienda. Consideramos que este es un enfoque muy reflexivo y lo recomendamos.<\/p>\n<\/div>\n<\/div>\n<\/div>\n<\/div>\n<\/div>\n<\/div>\n","protected":false},"excerpt":{"rendered":"[embed]https:\/\/youtu.be\/XtBwToBdHcs[\/embed]\n<p style=\"text-align: center;\">ISOP Escalera de Incendios Para Ventanas de Primer Piso &#8211; Escalera de Cuerda de Seguridad Resistente al Fuego de 4 metros con Ganchos &#8211; Capacidad de Peso de Hasta 900 kg<\/p>\n<p style=\"text-align: center;\">ENV\u00cdO GRATIS EN 3-7 D\u00cdAS<\/p>\n<h4 style=\"text-align: center;\"><strong>C\u00d3MPRALO<\/strong><\/h4>\n<p style=\"text-align: center;\"><a href=\"https:\/\/www.amazon.es\/Escalera-Incendios-Ganchos-Seguridad-Ventanas\/dp\/B08QZH9H55\/?maas=maas_adg_19FFD0978D55F751CC72CBC04F6B7083_afap_abs&amp;ref_=aa_maas&amp;ref=sr_1_1&amp;dchild=1&amp;keywords=Escalera+de+Cuerda+de+Escape+de+Incendios&amp;qid=1623660966&amp;sr=8-1\"><img loading=\"lazy\" decoding=\"async\" class=\"wp-image-1040 size-full aligncenter\" src=\"https:\/\/rightfoodonly.com\/wp-content\/uploads\/amazon-button9.png\" alt=\"\" width=\"160\" height=\"59\" \/><\/a><\/p>\n<p style=\"text-align: center;\">\n","protected":false},"featured_media":4247,"comment_status":"open","ping_status":"closed","template":"","meta":[],"product_brand":[],"product_cat":[179,183],"product_tag":[91,64,185,41,92],"class_list":{"0":"post-1062","1":"product","2":"type-product","3":"status-publish","4":"has-post-thumbnail","6":"product_cat-escaleras-de-cuerda-para-escape","7":"product_cat-escaleras-de-escape-para-1-piso","8":"product_tag-escalera-de-incendios","9":"product_tag-evacuacion","10":"product_tag-primer-piso","11":"product_tag-seguridad","12":"product_tag-ventanas","14":"first","15":"instock","16":"shipping-taxable","17":"purchasable","18":"product-type-simple"},"_links":{"self":[{"href":"https:\/\/isopllc.com\/es\/wp-json\/wp\/v2\/product\/1062","targetHints":{"allow":["GET"]}}],"collection":[{"href":"https:\/\/isopllc.com\/es\/wp-json\/wp\/v2\/product"}],"about":[{"href":"https:\/\/isopllc.com\/es\/wp-json\/wp\/v2\/types\/product"}],"replies":[{"embeddable":true,"href":"https:\/\/isopllc.com\/es\/wp-json\/wp\/v2\/comments?post=1062"}],"wp:featuredmedia":[{"embeddable":true,"href":"https:\/\/isopllc.com\/es\/wp-json\/wp\/v2\/media\/4247"}],"wp:attachment":[{"href":"https:\/\/isopllc.com\/es\/wp-json\/wp\/v2\/media?parent=1062"}],"wp:term":[{"taxonomy":"product_brand","embeddable":true,"href":"https:\/\/isopllc.com\/es\/wp-json\/wp\/v2\/product_brand?post=1062"},{"taxonomy":"product_cat","embeddable":true,"href":"https:\/\/isopllc.com\/es\/wp-json\/wp\/v2\/product_cat?post=1062"},{"taxonomy":"product_tag","embeddable":true,"href":"https:\/\/isopllc.com\/es\/wp-json\/wp\/v2\/product_tag?post=1062"}],"curies":[{"name":"wp","href":"https:\/\/api.w.org\/{rel}","templated":true}]}}