{"id":1282,"date":"2020-01-30T04:46:37","date_gmt":"2020-01-30T04:46:37","guid":{"rendered":"https:\/\/rightfoodonly.com\/?post_type=product&#038;p=1282"},"modified":"2025-06-30T16:34:58","modified_gmt":"2025-06-30T16:34:58","slug":"escalera-cortafuego-de-10-m","status":"publish","type":"product","link":"https:\/\/isopllc.com\/es\/product\/escalera-cortafuego-de-10-m\/","title":{"rendered":"Escaleras de Seguridad de 10 m &#8211; Escalera De Cuerda"},"content":{"rendered":"<p><img loading=\"lazy\" decoding=\"async\" class=\"alignnone size-medium\" src=\"https:\/\/m.media-amazon.com\/images\/S\/aplus-media\/sc\/13268c8b-3101-42a2-abc3-379c553d9afb.__CR0,0,970,300_PT0_SX970_V1___.jpg\" width=\"970\" height=\"300\" alt=\"\" title=\"\"><\/p>\n<div class=\"celwidget aplus-module module-9\" style=\"text-align: center\" data-csa-c-id=\"3d7463-l3bdk0-ygs321-8assbf\" data-cel-widget=\"aplus-module-9\">\n<div class=\"a-expander-collapsed-height a-row a-expander-container a-expander-partial-collapse-container\" data-a-expander-name=\"aplus-module-expander\" data-a-expander-collapsed-height=\"700\">\n<div class=\"a-expander-content a-expander-partial-collapse-content\">\n<div class=\"aplus-module-wrapper\">\n<div class=\"apm-spacing apm-fixed-width\">\n<h2>ISOP Escaleras de Seguridad de 10 m de Incendios para Casas de 3 Pisos &#8211; Escalera De Cuerda de con Mosquetones y Arn\u00e9s de Seguridad<\/h2>\n<div class=\"celwidget aplus-module module-9\" style=\"text-align: center\" data-csa-c-id=\"3d7463-l3bdk0-ygs321-8assbf\" data-cel-widget=\"aplus-module-9\">\n<div class=\"a-expander-collapsed-height a-row a-expander-container a-expander-partial-collapse-container\" data-a-expander-name=\"aplus-module-expander\" data-a-expander-collapsed-height=\"700\">\n<div class=\"a-expander-content a-expander-partial-collapse-content\">\n<div class=\"aplus-module-wrapper\">\n<div class=\"apm-spacing apm-fixed-width\">\n<h3 class=\"a-spacing-small\">\u00bfPor qu\u00e9 elegirnos?<\/h3>\n<p><img decoding=\"async\" class=\"a-spacing-mini aligncenter\" src=\"https:\/\/m.media-amazon.com\/images\/S\/aplus-media\/sc\/1d1c9f11-8b81-43e1-b2d9-232d2a154745.__CR0,193,641,641_PT0_SX300_V1___.jpg\" alt=\"Sturdy\" data-src=\"https:\/\/m.media-amazon.com\/images\/S\/aplus-media\/sc\/1d1c9f11-8b81-43e1-b2d9-232d2a154745.__CR0,193,641,641_PT0_SX300_V1___.jpg\" data- title=\"\"><\/p>\n<\/div>\n<div class=\"apm-spacing apm-fixed-width\">\n<h4 class=\"a-spacing-mini\">ULTRA poderosa<\/h4>\n<p>no hay escaleras m\u00e1s resistentes y fiables que las nuestras,\u00a0<span class=\"a-text-bold\">probadas (!)<\/span> &#8211; \u00a1que soportan 900 kg o 10 personas! Incluso las escaleras de cadena no pueden presumir de esta capacidad de peso.<\/p>\n<p><img decoding=\"async\" class=\"a-spacing-mini aligncenter\" src=\"https:\/\/m.media-amazon.com\/images\/S\/aplus-media\/sc\/66906d66-df90-4038-8550-d72faf80c38f.__CR0,0,1200,1200_PT0_SX300_V1___.jpg\" alt=\"Multifunction\" data-src=\"https:\/\/m.media-amazon.com\/images\/S\/aplus-media\/sc\/66906d66-df90-4038-8550-d72faf80c38f.__CR0,0,1200,1200_PT0_SX300_V1___.jpg\" data- title=\"\"><\/p>\n<h4 class=\"a-spacing-mini\">Multifunci\u00f3n<\/h4>\n<p>Se puede utilizar para diversos fines, como parques infantiles, columpios, casas en los \u00e1rboles, \u00e1ticos, jardines, techos, loft, b\u00fankeres, marinos e incluso con fines decorativos. Variedad infinita de opciones de uso.<\/p>\n<p><img decoding=\"async\" class=\"a-spacing-mini aligncenter\" src=\"https:\/\/m.media-amazon.com\/images\/S\/aplus-media\/sc\/a53251f8-492d-40f3-a9db-2bdd1415646f.__CR1018,0,1260,1260_PT0_SX300_V1___.png\" alt=\"anti-slip\" data-src=\"https:\/\/m.media-amazon.com\/images\/S\/aplus-media\/sc\/a53251f8-492d-40f3-a9db-2bdd1415646f.__CR1018,0,1260,1260_PT0_SX300_V1___.png\" data- title=\"\"><\/p>\n<h4 class=\"a-spacing-mini\">Pelda\u00f1os antideslizantes<\/h4>\n<p>Los pelda\u00f1os tienen forma de oct\u00e1gono, por lo que son fiables y no resbalan.<\/p>\n<p><img loading=\"lazy\" decoding=\"async\" class=\"aligncenter\" title=\"Escalera de Seguridad\" src=\"https:\/\/m.media-amazon.com\/images\/S\/aplus-media\/sc\/f2e8fc4d-adcb-4ad8-87e7-2d18df74811d.__CR0,13,974,974_PT0_SX220_V1___.jpg\" alt=\"Lightweight\" width=\"220\" height=\"220\" data-src=\"https:\/\/m.media-amazon.com\/images\/S\/aplus-media\/sc\/f2e8fc4d-adcb-4ad8-87e7-2d18df74811d.__CR0,13,974,974_PT0_SX220_V1___.jpg\" \/><\/p>\n<h4 class=\"a-spacing-mini\">Ligera<\/h4>\n<p class=\"a-size-small\">por ejemplo, 2,5 m pesa solo 1,8 kg<\/p>\n<p><img loading=\"lazy\" decoding=\"async\" class=\"aligncenter\" title=\"Escaleras de Seguridad\" src=\"https:\/\/m.media-amazon.com\/images\/S\/aplus-media\/sc\/0552c400-f2fc-46a1-84a9-d5030a1ca8e2.__CR0,0,1000,1000_PT0_SX220_V1___.jpg\" alt=\"Weather resistant\" width=\"220\" height=\"220\" data-src=\"https:\/\/m.media-amazon.com\/images\/S\/aplus-media\/sc\/0552c400-f2fc-46a1-84a9-d5030a1ca8e2.__CR0,0,1000,1000_PT0_SX220_V1___.jpg\" \/><\/p>\n<\/div>\n<div>\n<h4 class=\"a-spacing-mini\">Resistente al clima<\/h4>\n<p class=\"a-size-small\">Escaleras de Seguridad casi nunca envejecidas para cualquier clima, no se pueden da\u00f1ar con la lluvia<span style=\"font-size: 16px\">.<\/span><\/p>\n<\/div>\n<\/div>\n<div><img loading=\"lazy\" decoding=\"async\" class=\"aligncenter\" title=\"Escalera Contra Incendios\" src=\"https:\/\/m.media-amazon.com\/images\/S\/aplus-media\/sc\/14916db8-10a6-4760-8535-f49470d709ad.__CR11,0,1189,1189_PT0_SX220_V1___.jpg\" alt=\"Heavy duty carabiners\" width=\"220\" height=\"220\" data-src=\"https:\/\/m.media-amazon.com\/images\/S\/aplus-media\/sc\/14916db8-10a6-4760-8535-f49470d709ad.__CR11,0,1189,1189_PT0_SX220_V1___.jpg\" \/><\/div>\n<\/div>\n<\/div>\n<\/div>\n<div class=\"celwidget aplus-module module-4\" style=\"text-align: center\" data-csa-c-id=\"5glng-jun4yd-v4jukx-uxl7pr\" data-cel-widget=\"aplus-module-4\">\n<div class=\"a-expander-collapsed-height a-row a-expander-container a-expander-partial-collapse-container\" data-a-expander-name=\"aplus-module-expander\" data-a-expander-collapsed-height=\"700\">\n<div class=\"a-expander-content a-expander-partial-collapse-content\">\n<div class=\"aplus-module-wrapper\">\n<div class=\"apm-spacing\">\n<div class=\"apm-floatleft apm-fixed-width\">\n<div class=\"apm-spacing\">\n<h4 class=\"a-spacing-mini\">Mosquetones resistentes<\/h4>\n<p class=\"a-size-small\">las Escaleras de Seguridad 10m incluye mosquetones cromados resistencia a la rotura 11KN<\/p>\n<\/div>\n<\/div>\n<\/div>\n<\/div>\n<p><img loading=\"lazy\" decoding=\"async\" class=\"a-spacing-mini aligncenter\" title=\"Escalera de Seguridad 10m Contra Incendios\" src=\"https:\/\/m.media-amazon.com\/images\/S\/aplus-media\/sc\/eebfdeb6-a881-47d1-a2d7-3677df2e925c.__CR521,0,1333,1333_PT0_SX300_V1___.jpg\" alt=\"ladder with carabiners\" width=\"183\" height=\"183\" data-src=\"https:\/\/m.media-amazon.com\/images\/S\/aplus-media\/sc\/eebfdeb6-a881-47d1-a2d7-3677df2e925c.__CR521,0,1333,1333_PT0_SX300_V1___.jpg\" \/><\/p>\n<h4 class=\"a-spacing-mini\">Resistente al fuego<\/h4>\n<p>La composici\u00f3n especial de fibras no combustibles permite que la escalera resista un incendio durante alg\u00fan tiempo, pero a\u00fan as\u00ed no recomendamos su uso en fuego directo.<\/p>\n<div>\n<h4 class=\"a-spacing-mini\">Diferente longitud<\/h4>\n<p>disponible 2,5 \/ 4\/5 \/ 7,5 \/ 10 m para casas de 1 a 3 pisos<span style=\"font-size: 16px\">.<\/span><\/p>\n<p><img loading=\"lazy\" decoding=\"async\" class=\"a-spacing-mini aligncenter\" title=\"Escaleras De Cuerda\" src=\"https:\/\/m.media-amazon.com\/images\/S\/aplus-media\/sc\/b32fbb7f-dd3b-4bce-a9d4-1f51dbe477df.__CR0,0,1000,1000_PT0_SX300_V1___.jpg\" alt=\"reusable\" width=\"300\" height=\"300\" data-src=\"https:\/\/m.media-amazon.com\/images\/S\/aplus-media\/sc\/b32fbb7f-dd3b-4bce-a9d4-1f51dbe477df.__CR0,0,1000,1000_PT0_SX300_V1___.jpg\" \/><\/p>\n<\/div>\n<\/div>\n<\/div>\n<div>\n<h4 class=\"a-spacing-mini\">Reutilizable<\/h4>\n<p>a diferencia de otras escaleras de aluminio, nuestras escaleras de cuerda son reutilizables.<\/p>\n<\/div>\n<\/div>\n<\/div>\n<\/div>\n<\/div>\n<\/div>\n<\/div>\n<div class=\"celwidget aplus-module module-4\" style=\"text-align: center\" data-csa-c-id=\"5glng-jun4yd-v4jukx-uxl7pr\" data-cel-widget=\"aplus-module-4\">\n<div class=\"celwidget aplus-module module-2\" data-csa-c-id=\"w4koqi-tr1cdk-69jo66-ucaaxr\">\n<div class=\"a-expander-collapsed-height a-row a-expander-container a-expander-partial-collapse-container\" data-a-expander-name=\"aplus-module-expander\" data-a-expander-collapsed-height=\"700\">\n<div class=\"a-expander-content a-expander-partial-collapse-content\">\n<div class=\"aplus-module-wrapper apm-floatnone\">\n<div class=\"apm-sidemodule apm-spacing\">\n<div class=\"apm-sidemodule-imageleft\"><img loading=\"lazy\" decoding=\"async\" class=\"aligncenter\" title=\"Escalera De Cuerda\" src=\"https:\/\/m.media-amazon.com\/images\/S\/aplus-media\/sc\/4184feb5-b6de-4c8f-8f06-9b647c9fe0f9.__CR0,0,500,500_PT0_SX300_V1___.jpg\" alt=\"32 ft ladder\" width=\"300\" height=\"300\" data-src=\"https:\/\/m.media-amazon.com\/images\/S\/aplus-media\/sc\/4184feb5-b6de-4c8f-8f06-9b647c9fe0f9.__CR0,0,500,500_PT0_SX300_V1___.jpg\" \/><\/div>\n<div class=\"apm-sidemodule-textright\">\n<h3 class=\"a-spacing-mini\">EL MEJOR<\/h3>\n<p>Comparemos las escaleras en Amazon. A diferencia de otros, ofrecemos un juego de evacuaci\u00f3n, nuestra escalera de emergencia en caso de incendio de 4 pisos est\u00e1 dise\u00f1ada con una protecci\u00f3n adicional contra ca\u00eddas en forma de un cord\u00f3n de seguridad que se engancha al costado de la escalera que evita que se caiga al usar un arn\u00e9s de seguridad que tambi\u00e9n se incluye para garantizar un descenso seguro.<\/p>\n<p>Otro punto clave es el tama\u00f1o del pelda\u00f1o de 33 cm (cuando todos los competidores solo ofrecen 30 cm o menos) que a primera vista parece poco, pero agrega estabilidad extra a la escalera. Adem\u00e1s, estas escaleras tienen un uso casi ilimitado y polivalente a un costo muy asequible.<\/p>\n<p>Esta escalera de cuerda \u00fanica es nuestra propia invenci\u00f3n y ha sido patentada<span style=\"font-size: 16px\">.<\/span><\/p>\n<\/div>\n<\/div>\n<\/div>\n<div><\/div>\n<\/div>\n<\/div>\n<\/div>\n<div class=\"celwidget aplus-module module-2\" data-csa-c-id=\"hb60w2-bsnpez-yw4gk3-5fs67s\">\n<div class=\"a-expander-collapsed-height a-row a-expander-container a-expander-partial-collapse-container\" data-a-expander-name=\"aplus-module-expander\" data-a-expander-collapsed-height=\"700\">\n<div class=\"a-expander-content a-expander-partial-collapse-content\">\n<div class=\"aplus-module-wrapper apm-floatnone\">\n<div class=\"apm-sidemodule apm-spacing\">\n<div class=\"apm-sidemodule-imageleft\"><img decoding=\"async\" class=\"aligncenter\" src=\"https:\/\/m.media-amazon.com\/images\/S\/aplus-media\/sc\/221fd1f4-70b4-420a-9cf7-c5a088657bcb.__CR766,0,1444,1444_PT0_SX300_V1___.jpg\" alt=\"ladder\" data-src=\"https:\/\/m.media-amazon.com\/images\/S\/aplus-media\/sc\/221fd1f4-70b4-420a-9cf7-c5a088657bcb.__CR766,0,1444,1444_PT0_SX300_V1___.jpg\" data- title=\"\"><\/div>\n<div class=\"apm-sidemodule-textright\">\n<h3 class=\"a-spacing-mini\">Esta escalera de emergencia est\u00e1 dise\u00f1ada pensando en la comodidad y la accesibilidad.<\/h3>\n<p>\u00a1Ofrecemos no solo una escalera, sino tambi\u00e9n un rescate durante un incendio! Si est\u00e1s en el quinto piso durante un incendio, \u00bfpuede una simple escalera salvarte? Una persona no entrenada no puede descender de tal altura sin una cuerda de seguridad, por lo que al tener una, se sentir\u00e1 y actuar\u00e1 con mucha m\u00e1s confianza e incluso en caso de un paso en falso seguir\u00e1 colgando de una cuerda de seguridad y continuar\u00e1 descendiendo. Los acr\u00f3batas en el circo no se caen porque una cuerda de seguridad les da m\u00e1s confianza.<\/p>\n<p>Es por eso que dise\u00f1amos nuestra escalera de emergencia en caso de incendio de 3 pisos para brindarle una salida confiable a trav\u00e9s de una ventana o balc\u00f3n. Gracias a su dise\u00f1o simple y caracter\u00edsticas de seguridad adicionales, cualquiera puede usarlo asegur\u00e1ndose de estar completamente seguro. El cable est\u00e1 enganchado a la escalera y evita que se caiga, mientras que los mosquetones de alta resistencia brindan una sujeci\u00f3n segura a una ventana o balc\u00f3n<span style=\"font-size: 16px\">.<\/span><\/p>\n<ul>\n<li>La <strong>Escalera de Seguridad 10m Contra Incendios<\/strong> es ideal para evacuar de manera segura desde el segundo o tercer piso de un edificio durante un incendio u otra emergencia.<\/li>\n<li>Este producto es indispensable en hogares, oficinas o apartamentos para garantizar una salida r\u00e1pida y segura cuando las rutas principales est\u00e1n bloqueadas.<\/li>\n<\/ul>\n<\/div>\n<\/div>\n<\/div>\n<\/div>\n<\/div>\n<\/div>\n<\/div>\n","protected":false},"excerpt":{"rendered":"[embed]https:\/\/youtu.be\/Lyxv5hz8OZU[\/embed]\n<p style=\"text-align: center\">ISOP Escalera de Emergencia para Cuerda de Escape de Incendios para Casas de 3 Pisos &#8211; Escaleras de Seguridad de 10 m con Mosquetones y Arn\u00e9s de Seguridad<\/p>\n<p style=\"text-align: center\">ENV\u00cdO GRATIS EN 3-7 D\u00cdAS<\/p>\n<h4 style=\"text-align: center\"><strong>C\u00d3MPRALO<\/strong><\/h4>\n<p><a href=\"https:\/\/www.amazon.es\/ISOP-Escalera-Emergencia-Cuerda-Incendios\/dp\/B07Q1N23GB\/?maas=maas_adg_1759355F163E257F93A93669850B8E81_afap_abs&amp;ref_=aa_maas&amp;ref=sr_1_2&amp;__mk_es_ES=%C3%85M%C3%85%C5%BD%C3%95%C3%91&amp;dchild=1&amp;keywords=Escalera%2Bde%2BEmergencia&amp;qid=1623660648&amp;s=industrial&amp;sr=1-2&amp;th=1\"><img loading=\"lazy\" decoding=\"async\" class=\"wp-image-1040 size-full aligncenter\" src=\"https:\/\/rightfoodonly.com\/wp-content\/uploads\/amazon-button9.png\" alt=\"\" width=\"160\" height=\"59\" \/><\/a><\/p>\n<p>&nbsp;<\/p>\n","protected":false},"featured_media":4253,"comment_status":"open","ping_status":"closed","template":"","meta":[],"product_brand":[],"product_cat":[179,181],"product_tag":[102,64,58,41],"class_list":{"0":"post-1282","1":"product","2":"type-product","3":"status-publish","4":"has-post-thumbnail","6":"product_cat-escaleras-de-cuerda-para-escape","7":"product_cat-escaleras-de-escape-para-3-pisos","8":"product_tag-escaleras-de-escape","9":"product_tag-evacuacion","10":"product_tag-incendios","11":"product_tag-seguridad","13":"first","14":"instock","15":"shipping-taxable","16":"purchasable","17":"product-type-simple"},"_links":{"self":[{"href":"https:\/\/isopllc.com\/es\/wp-json\/wp\/v2\/product\/1282","targetHints":{"allow":["GET"]}}],"collection":[{"href":"https:\/\/isopllc.com\/es\/wp-json\/wp\/v2\/product"}],"about":[{"href":"https:\/\/isopllc.com\/es\/wp-json\/wp\/v2\/types\/product"}],"replies":[{"embeddable":true,"href":"https:\/\/isopllc.com\/es\/wp-json\/wp\/v2\/comments?post=1282"}],"wp:featuredmedia":[{"embeddable":true,"href":"https:\/\/isopllc.com\/es\/wp-json\/wp\/v2\/media\/4253"}],"wp:attachment":[{"href":"https:\/\/isopllc.com\/es\/wp-json\/wp\/v2\/media?parent=1282"}],"wp:term":[{"taxonomy":"product_brand","embeddable":true,"href":"https:\/\/isopllc.com\/es\/wp-json\/wp\/v2\/product_brand?post=1282"},{"taxonomy":"product_cat","embeddable":true,"href":"https:\/\/isopllc.com\/es\/wp-json\/wp\/v2\/product_cat?post=1282"},{"taxonomy":"product_tag","embeddable":true,"href":"https:\/\/isopllc.com\/es\/wp-json\/wp\/v2\/product_tag?post=1282"}],"curies":[{"name":"wp","href":"https:\/\/api.w.org\/{rel}","templated":true}]}}