{"id":1294,"date":"2020-01-30T06:20:40","date_gmt":"2020-01-30T06:20:40","guid":{"rendered":"https:\/\/rightfoodonly.com\/?post_type=product&#038;p=1294"},"modified":"2025-06-30T16:34:16","modified_gmt":"2025-06-30T16:34:16","slug":"isop-ventana-plancha-2-ganchos-set","status":"publish","type":"product","link":"https:\/\/isopllc.com\/es\/product\/isop-ventana-plancha-2-ganchos-set\/","title":{"rendered":"ISOP Ganchos para ventanas para escaleras de incendios, 2 ganchos"},"content":{"rendered":"<div class=\"celwidget aplus-module module-11\">\n<div class=\"a-expander-collapsed-height a-row a-expander-container a-expander-partial-collapse-container\" data-a-expander-name=\"aplus-module-expander\" data-a-expander-collapsed-height=\"360\">\n<div class=\"a-expander-content a-expander-partial-collapse-content\">\n<div class=\"aplus-module-wrapper apm-spacing apm-floatnone\">\n<div class=\"apm-sidemodule aplus-module-content\">\n<div class=\"apm-hero-image\"><\/div>\n<\/div>\n<\/div>\n<\/div>\n<\/div>\n<\/div>\n<div class=\"celwidget aplus-module module-9\">\n<div class=\"a-expander-collapsed-height a-row a-expander-container a-expander-partial-collapse-container\" data-a-expander-name=\"aplus-module-expander\" data-a-expander-collapsed-height=\"700\">\n<div class=\"a-expander-content a-expander-partial-collapse-content a-expander-content-expanded\">\n<div class=\"aplus-module-wrapper\">\n<div class=\"apm-spacing apm-fixed-width\">\n<h2 id=\"title\" class=\"a-size-large a-spacing-none\" style=\"text-align: center;\"><span id=\"productTitle\" class=\"a-size-large product-title-word-break\">ISOP Ganchos para ventanas para escaleras de incendios, 2 ganchos | Ganchos de hierro para escalera de cuerda de rescate, juego de ganchos de emergencia que se adapta a la mayor\u00eda de las ventanas<\/span><\/h2>\n<p><img decoding=\"async\" class=\"a-spacing-mini aligncenter\" src=\"https:\/\/m.media-amazon.com\/images\/S\/aplus-media\/sc\/0ba0f91e-b5c4-417e-ada8-b03c299fc14b.__CR0,0,1200,1200_PT0_SX300_V1___.jpg\" alt=\"hooks\" data-src=\"https:\/\/m.media-amazon.com\/images\/S\/aplus-media\/sc\/0ba0f91e-b5c4-417e-ada8-b03c299fc14b.__CR0,0,1200,1200_PT0_SX300_V1___.jpg\" data- title=\"\"><\/p>\n<h4 class=\"a-spacing-mini\">Especificaciones<\/h4>\n<p>Nuestro juego de ganchos multiprop\u00f3sito de 2 piezas es una herramienta de seguridad vers\u00e1til y se puede usar en una amplia gama de industrias, empresas de construcci\u00f3n y servicios de emergencia; se puede usar con diferentes tipos de escaleras de cuerda o con escaleras de escape en caso de incendio para rescatar a trabajadores de alturas significativas y un debe tener en caso de emergencias.<\/p>\n<p>Tama\u00f1o: 40 cm de largo total, 30 cm de gancho para ventana, 3 cm de espacio para usar con un mosquet\u00f3n<\/p>\n<p>Materiales: acero resistente<\/p>\n<p><img loading=\"lazy\" decoding=\"async\" class=\"wp-image-4762 aligncenter\" src=\"https:\/\/isopllc.com\/es\/wp-content\/uploads\/sites\/7\/2021\/06\/hooks-size-416x416-\u043a\u043e\u043f\u0438\u044f-2.jpg\" alt=\"\" width=\"321\" height=\"321\" title=\"\" srcset=\"https:\/\/isopllc.com\/es\/wp-content\/uploads\/sites\/7\/2021\/06\/hooks-size-416x416-\u043a\u043e\u043f\u0438\u044f-2.jpg 416w, https:\/\/isopllc.com\/es\/wp-content\/uploads\/sites\/7\/2021\/06\/hooks-size-416x416-\u043a\u043e\u043f\u0438\u044f-2-150x150.jpg 150w, https:\/\/isopllc.com\/es\/wp-content\/uploads\/sites\/7\/2021\/06\/hooks-size-416x416-\u043a\u043e\u043f\u0438\u044f-2-100x100.jpg 100w\" sizes=\"auto, (max-width: 321px) 100vw, 321px\" \/><\/p>\n<h4 class=\"a-spacing-mini\">Caracter\u00edsticas y Beneficios<\/h4>\n<ul>\n<li>Fabricado con materiales de alta calidad: fuerte, resistente, duradero, confiable y seguro de usar.<\/li>\n<li>Tama\u00f1o ideal: se adapta a la mayor\u00eda de las ventanas<\/li>\n<li>El dise\u00f1o minimalista pero pr\u00e1ctico facilita la fijaci\u00f3n<\/li>\n<li>Configuraci\u00f3n r\u00e1pida y sencilla: no requiere herramientas<\/li>\n<li>Se puede utilizar con una formaci\u00f3n m\u00ednima o nula<\/li>\n<li>Simplemente sujete la ventana por un lado y la escalera de cuerda por el otro y baje en 10 segundos<\/li>\n<li>Ligero y port\u00e1til<\/li>\n<li>Compacto para un f\u00e1cil almacenamiento<\/li>\n<\/ul>\n<\/div>\n<p><img decoding=\"async\" class=\"a-spacing-mini aligncenter\" src=\"https:\/\/m.media-amazon.com\/images\/S\/aplus-media\/sc\/97960495-f8fe-4173-8653-41fa79334c3e.__CR0,0,1200,1200_PT0_SX300_V1___.jpg\" alt=\"use\" data-src=\"https:\/\/m.media-amazon.com\/images\/S\/aplus-media\/sc\/97960495-f8fe-4173-8653-41fa79334c3e.__CR0,0,1200,1200_PT0_SX300_V1___.jpg\" data- title=\"\"><\/p>\n<h4 class=\"a-spacing-mini\">Se puede utilizar para \/ como \/ con<\/h4>\n<ul>\n<li>Desde una ventana, balc\u00f3n o azotea, junto con escaleras de cuerda de rescate<\/li>\n<li>Escaleras de evacuaci\u00f3n de incendios, en caso de emergencia<\/li>\n<li>Paredes de escalada<\/li>\n<li>Industria de construccion<\/li>\n<li>Colgando de un \u00e1rbol<\/li>\n<li>Escalar una casa en el \u00e1rbol<\/li>\n<\/ul>\n<\/div>\n<\/div>\n<\/div>\n<\/div>\n","protected":false},"excerpt":{"rendered":"<p id=\"title\" class=\"a-size-large a-spacing-none\" style=\"text-align: center;\"><span id=\"productTitle\" class=\"a-size-large product-title-word-break\">ISOP Ganchos para ventanas para escaleras de incendios, 2 ganchos | Ganchos de hierro para escalera de cuerda de rescate, juego de ganchos de emergencia que se adapta a la mayor\u00eda de las ventanas<\/span><\/p>\n<p style=\"text-align: center;\">ENV\u00cdO GRATIS EN 3-7 D\u00cdAS<\/p>\n<h4 style=\"text-align: center;\"><strong>C\u00d3MPRALO<\/strong><\/h4>\n<p><a href=\"https:\/\/www.amazon.es\/Ganchos-ventana-ISOP-escalera-incendios\/dp\/B07RFDG2NP\/?maas=maas_adg_75E470F6E2573421CFB7D554B69E7C25_afap_abs&amp;ref_=aa_maas&amp;ref=sr_1_1&amp;dchild=1&amp;keywords=ganchos+de+escalera+para&amp;qid=1605357982&amp;sr=8-1\"><img loading=\"lazy\" decoding=\"async\" class=\"wp-image-1040 size-full aligncenter\" src=\"https:\/\/rightfoodonly.com\/wp-content\/uploads\/amazon-button9.png\" alt=\"\" width=\"160\" height=\"59\" \/><\/a><\/p>\n<p>&nbsp;<\/p>\n","protected":false},"featured_media":4256,"comment_status":"open","ping_status":"closed","template":"","meta":[],"product_brand":[],"product_cat":[173],"product_tag":[145,144,143,47],"class_list":{"0":"post-1294","1":"product","2":"type-product","3":"status-publish","4":"has-post-thumbnail","6":"product_cat-accesorios-para-escaleras-contra-incendios","7":"product_tag-accesorios-de-seguridad","8":"product_tag-escaleras-de-incendios","9":"product_tag-ganchos-para-ventanas","10":"product_tag-isop","12":"first","13":"instock","14":"shipping-taxable","15":"purchasable","16":"product-type-simple"},"_links":{"self":[{"href":"https:\/\/isopllc.com\/es\/wp-json\/wp\/v2\/product\/1294","targetHints":{"allow":["GET"]}}],"collection":[{"href":"https:\/\/isopllc.com\/es\/wp-json\/wp\/v2\/product"}],"about":[{"href":"https:\/\/isopllc.com\/es\/wp-json\/wp\/v2\/types\/product"}],"replies":[{"embeddable":true,"href":"https:\/\/isopllc.com\/es\/wp-json\/wp\/v2\/comments?post=1294"}],"wp:featuredmedia":[{"embeddable":true,"href":"https:\/\/isopllc.com\/es\/wp-json\/wp\/v2\/media\/4256"}],"wp:attachment":[{"href":"https:\/\/isopllc.com\/es\/wp-json\/wp\/v2\/media?parent=1294"}],"wp:term":[{"taxonomy":"product_brand","embeddable":true,"href":"https:\/\/isopllc.com\/es\/wp-json\/wp\/v2\/product_brand?post=1294"},{"taxonomy":"product_cat","embeddable":true,"href":"https:\/\/isopllc.com\/es\/wp-json\/wp\/v2\/product_cat?post=1294"},{"taxonomy":"product_tag","embeddable":true,"href":"https:\/\/isopllc.com\/es\/wp-json\/wp\/v2\/product_tag?post=1294"}],"curies":[{"name":"wp","href":"https:\/\/api.w.org\/{rel}","templated":true}]}}