{"id":1485,"date":"2020-02-06T03:02:39","date_gmt":"2020-02-06T03:02:39","guid":{"rendered":"https:\/\/rightfoodonly.com\/?post_type=product&#038;p=1485"},"modified":"2025-06-30T16:33:27","modified_gmt":"2025-06-30T16:33:27","slug":"escalera-de-cuerda-para-casa-del-arbol-5-m","status":"publish","type":"product","link":"https:\/\/isopllc.com\/es\/product\/escalera-de-cuerda-para-casa-del-arbol-5-m\/","title":{"rendered":"ISOP Escalera de Cuerda para Casa del \u00e1rbol 5 m"},"content":{"rendered":"<h3><\/h3>\n<h3><img loading=\"lazy\" decoding=\"async\" class=\"alignnone size-medium\" src=\"https:\/\/m.media-amazon.com\/images\/S\/aplus-media\/sc\/b8ed94ac-c904-409e-b504-aa88009b57f7.__CR0,0,970,300_PT0_SX970_V1___.jpg\" width=\"970\" height=\"300\" alt=\"\" title=\"\"><\/h3>\n<div class=\"celwidget aplus-module module-9\" style=\"text-align: center;\" data-csa-c-id=\"8qdekw-f2p4k0-r9icce-qoj6p0\" data-cel-widget=\"aplus-module-9\">\n<div class=\"a-expander-collapsed-height a-row a-expander-container a-expander-partial-collapse-container\" data-a-expander-name=\"aplus-module-expander\" data-a-expander-collapsed-height=\"700\">\n<div class=\"a-expander-content a-expander-partial-collapse-content\">\n<div class=\"aplus-module-wrapper\">\n<div class=\"apm-spacing apm-fixed-width\">\n<h2>ISOP Escalera de Cuerda 5 m | Escaleras para Interiores y Exteriores para Casas, Casas en los \u00e1rboles, \u00e1reas de Juegos y Escalada | Accesorios para Columpios con Ganchos<\/h2>\n<div class=\"celwidget aplus-module module-9\" style=\"text-align: center;\" data-csa-c-id=\"8qdekw-f2p4k0-r9icce-qoj6p0\" data-cel-widget=\"aplus-module-9\">\n<div class=\"a-expander-collapsed-height a-row a-expander-container a-expander-partial-collapse-container\" data-a-expander-name=\"aplus-module-expander\" data-a-expander-collapsed-height=\"700\">\n<div class=\"a-expander-content a-expander-partial-collapse-content\">\n<div class=\"aplus-module-wrapper\">\n<div class=\"apm-spacing apm-fixed-width\">\n<div class=\"celwidget aplus-module module-9\" style=\"text-align: center;\" data-csa-c-id=\"3d7463-l3bdk0-ygs321-8assbf\" data-cel-widget=\"aplus-module-9\">\n<div class=\"a-expander-collapsed-height a-row a-expander-container a-expander-partial-collapse-container\" data-a-expander-name=\"aplus-module-expander\" data-a-expander-collapsed-height=\"700\">\n<div class=\"a-expander-content a-expander-partial-collapse-content\">\n<div class=\"aplus-module-wrapper\">\n<div class=\"apm-spacing apm-fixed-width\">\n<p>Una escalera de cuerda es una manera fant\u00e1stica de incorporar un nuevo elemento de diversi\u00f3n en el espacio de juego de su hijo. Una escalera de cuerda para la casa del \u00e1rbol es una de las formas de hacerlo. Debe seleccionar el mejor para el espacio al aire libre o la casa del \u00e1rbol y alentar a su hijo a explorar su lado aventurero en sus horas de juego.<\/p>\n<p>Dado que est\u00e1n dirigidos exclusivamente a tener en cuenta las precauciones de seguridad de un ni\u00f1o, su uso es seguro y confiable en cualquier momento dado. Para una casa en el \u00e1rbol, uno de los muchos elementos importantes es la escalera de cuerda. Por lo tanto, es importante estar equipado con varias caracter\u00edsticas de seguridad. En ISOP, una escalera de cuerda para casa en el \u00e1rbol viene con caracter\u00edsticas especiales. Hablemos de ello:<\/p>\n<h3 class=\"a-spacing-small\">\u00bfPor qu\u00e9 elegirnos?<\/h3>\n<div class=\"apm-sidemodule-imageleft\"><img decoding=\"async\" class=\"aligncenter\" src=\"https:\/\/m.media-amazon.com\/images\/S\/aplus-media\/sc\/b79b4d19-b13b-41d0-af8a-1b3473880be5.__CR0,0,600,600_PT0_SX300_V1___.jpg\" alt=\"ladder\" data-src=\"https:\/\/m.media-amazon.com\/images\/S\/aplus-media\/sc\/b79b4d19-b13b-41d0-af8a-1b3473880be5.__CR0,0,600,600_PT0_SX300_V1___.jpg\" data- title=\"\"><\/div>\n<div class=\"apm-sidemodule-textright\">\n<p>Esta escalera de evacuaci\u00f3n de emergencia est\u00e1 dise\u00f1ada para brindar comodidad y accesibilidad.<\/p>\n<p><span class=\"a-text-bold\">Tecnolog\u00eda reflectante \u00fanica.<\/span><\/p>\n<p>Una tira reflectante especial que est\u00e1 tejida en estas cuerdas de nailon las hace f\u00e1cilmente visibles con el haz de luz de la linterna para que no se tropiece con ellas por la noche.<\/p>\n<\/div>\n<p><img decoding=\"async\" class=\"a-spacing-mini aligncenter\" src=\"https:\/\/m.media-amazon.com\/images\/S\/aplus-media\/sc\/1d1c9f11-8b81-43e1-b2d9-232d2a154745.__CR0,193,641,641_PT0_SX300_V1___.jpg\" alt=\"Sturdy\" data-src=\"https:\/\/m.media-amazon.com\/images\/S\/aplus-media\/sc\/1d1c9f11-8b81-43e1-b2d9-232d2a154745.__CR0,193,641,641_PT0_SX300_V1___.jpg\" data- title=\"\"><\/p>\n<\/div>\n<div class=\"apm-spacing apm-fixed-width\">\n<h4 class=\"a-spacing-mini\">ULTRA poderosa<\/h4>\n<p>no hay escaleras m\u00e1s resistentes y fiables que las nuestras,\u00a0<span class=\"a-text-bold\">probadas (!)<\/span> &#8211; \u00a1que soportan 900 kg o 10 personas! Incluso las escaleras de cadena no pueden presumir de esta capacidad de peso.<\/p>\n<p><img decoding=\"async\" class=\"a-spacing-mini aligncenter\" src=\"https:\/\/m.media-amazon.com\/images\/S\/aplus-media\/sc\/66906d66-df90-4038-8550-d72faf80c38f.__CR0,0,1200,1200_PT0_SX300_V1___.jpg\" alt=\"Multifunction\" data-src=\"https:\/\/m.media-amazon.com\/images\/S\/aplus-media\/sc\/66906d66-df90-4038-8550-d72faf80c38f.__CR0,0,1200,1200_PT0_SX300_V1___.jpg\" data- title=\"\"><\/p>\n<h4 class=\"a-spacing-mini\">Multifunci\u00f3n<\/h4>\n<p>Se puede utilizar para diversos fines, como parques infantiles, columpios, casas en los \u00e1rboles, \u00e1ticos, jardines, techos, lofts, bunkers, marinos, como escalera de escape en caso de emergencia e incluso con fines decorativos. Variedad infinita de opciones de uso.<\/p>\n<p><img decoding=\"async\" class=\"a-spacing-mini aligncenter\" src=\"https:\/\/m.media-amazon.com\/images\/S\/aplus-media\/sc\/a53251f8-492d-40f3-a9db-2bdd1415646f.__CR1018,0,1260,1260_PT0_SX300_V1___.png\" alt=\"anti-slip\" data-src=\"https:\/\/m.media-amazon.com\/images\/S\/aplus-media\/sc\/a53251f8-492d-40f3-a9db-2bdd1415646f.__CR1018,0,1260,1260_PT0_SX300_V1___.png\" data- title=\"\"><\/p>\n<h4 class=\"a-spacing-mini\">Pelda\u00f1os antideslizantes<\/h4>\n<p>Los pelda\u00f1os tienen forma de oct\u00e1gono, por lo que son fiables y no resbalan.<\/p>\n<h4 class=\"a-spacing-mini\"><img decoding=\"async\" class=\"aligncenter\" style=\"font-size: 16px;\" src=\"https:\/\/m.media-amazon.com\/images\/S\/aplus-media\/sc\/2b5aeb68-441e-435d-b89c-5d2faf4eb063.__CR0,0,1000,1000_PT0_SX220_V1___.jpg\" alt=\"Portable\" data-src=\"https:\/\/m.media-amazon.com\/images\/S\/aplus-media\/sc\/2b5aeb68-441e-435d-b89c-5d2faf4eb063.__CR0,0,1000,1000_PT0_SX220_V1___.jpg\" data- title=\"\"><\/h4>\n<h4 class=\"a-spacing-mini\">Port\u00e1til<\/h4>\n<p class=\"a-size-small\">viene con una bonita bolsa negra de dise\u00f1o. La escalera es f\u00e1cil de llevar a cualquier lugar en una bolsa. Incluye caja de regalo en color madera natural.<\/p>\n<h4 class=\"a-spacing-mini\"><img decoding=\"async\" class=\"aligncenter\" style=\"font-size: 16px;\" src=\"https:\/\/m.media-amazon.com\/images\/S\/aplus-media\/sc\/f2e8fc4d-adcb-4ad8-87e7-2d18df74811d.__CR0,13,974,974_PT0_SX220_V1___.jpg\" alt=\"Lightweight\" data-src=\"https:\/\/m.media-amazon.com\/images\/S\/aplus-media\/sc\/f2e8fc4d-adcb-4ad8-87e7-2d18df74811d.__CR0,13,974,974_PT0_SX220_V1___.jpg\" data- title=\"\"><\/h4>\n<h4 class=\"a-spacing-mini\">Ligera<\/h4>\n<p class=\"a-size-small\">por ejemplo, 2,5 m pesa solo 1,8 kg<\/p>\n<p><img decoding=\"async\" class=\"aligncenter\" src=\"https:\/\/m.media-amazon.com\/images\/S\/aplus-media\/sc\/0552c400-f2fc-46a1-84a9-d5030a1ca8e2.__CR0,0,1000,1000_PT0_SX220_V1___.jpg\" alt=\"Weather resistant\" data-src=\"https:\/\/m.media-amazon.com\/images\/S\/aplus-media\/sc\/0552c400-f2fc-46a1-84a9-d5030a1ca8e2.__CR0,0,1000,1000_PT0_SX220_V1___.jpg\" data- title=\"\"><\/p>\n<\/div>\n<div>\n<h4 class=\"a-spacing-mini\">Resistente al clima<\/h4>\n<p class=\"a-size-small\">Escaleras casi nunca envejecidas para cualquier clima, no se pueden da\u00f1ar con la lluvia.<\/p>\n<h4 class=\"a-spacing-mini\"><img decoding=\"async\" class=\"aligncenter\" style=\"font-size: 16px;\" src=\"https:\/\/m.media-amazon.com\/images\/S\/aplus-media\/sc\/14916db8-10a6-4760-8535-f49470d709ad.__CR11,0,1189,1189_PT0_SX220_V1___.jpg\" alt=\"Heavy duty carabiners\" data-src=\"https:\/\/m.media-amazon.com\/images\/S\/aplus-media\/sc\/14916db8-10a6-4760-8535-f49470d709ad.__CR11,0,1189,1189_PT0_SX220_V1___.jpg\" data- title=\"\"><\/h4>\n<\/div>\n<\/div>\n<\/div>\n<\/div>\n<\/div>\n<div class=\"celwidget aplus-module module-4\" style=\"text-align: center;\" data-csa-c-id=\"5glng-jun4yd-v4jukx-uxl7pr\" data-cel-widget=\"aplus-module-4\">\n<div class=\"a-expander-collapsed-height a-row a-expander-container a-expander-partial-collapse-container\" data-a-expander-name=\"aplus-module-expander\" data-a-expander-collapsed-height=\"700\">\n<div class=\"a-expander-content a-expander-partial-collapse-content\">\n<div class=\"aplus-module-wrapper\">\n<div class=\"apm-spacing\">\n<div class=\"apm-floatleft apm-fixed-width\">\n<div class=\"apm-spacing\">\n<h4 class=\"a-spacing-mini\">Mosquetones resistentes<\/h4>\n<p class=\"a-size-small\">las escaleras incluyen mosquetones cromados resistencia a la rotura 11KN<\/p>\n<\/div>\n<\/div>\n<\/div>\n<\/div>\n<p><img loading=\"lazy\" decoding=\"async\" class=\"a-spacing-mini aligncenter\" src=\"https:\/\/m.media-amazon.com\/images\/S\/aplus-media\/sc\/eebfdeb6-a881-47d1-a2d7-3677df2e925c.__CR521,0,1333,1333_PT0_SX300_V1___.jpg\" alt=\"ladder with carabiners\" width=\"183\" height=\"183\" data-src=\"https:\/\/m.media-amazon.com\/images\/S\/aplus-media\/sc\/eebfdeb6-a881-47d1-a2d7-3677df2e925c.__CR521,0,1333,1333_PT0_SX300_V1___.jpg\" data- title=\"\"><\/p>\n<h4 class=\"a-spacing-mini\">Resistente al fuego<\/h4>\n<p>La composici\u00f3n especial de fibras no combustibles permite que la escalera resista un incendio durante alg\u00fan tiempo, pero a\u00fan as\u00ed no recomendamos su uso en fuego directo.<\/p>\n<div><img loading=\"lazy\" decoding=\"async\" class=\"a-spacing-mini aligncenter\" src=\"https:\/\/m.media-amazon.com\/images\/S\/aplus-media\/sc\/d843778e-92b5-40e7-a239-8e35fcbadff6.__CR0,0,2000,2000_PT0_SX300_V1___.jpg\" alt=\"Different length\" width=\"295\" height=\"295\" data-src=\"https:\/\/m.media-amazon.com\/images\/S\/aplus-media\/sc\/d843778e-92b5-40e7-a239-8e35fcbadff6.__CR0,0,2000,2000_PT0_SX300_V1___.jpg\" data- title=\"\"><\/div>\n<div>\n<h4 class=\"a-spacing-mini\">Diferente longitud<\/h4>\n<p>disponible 2,5 \/ 4 \/ 5 \/ 7,5 \/ 10 m para casas de 1 a 3 pisos.<\/p>\n<p><img decoding=\"async\" class=\"a-spacing-mini aligncenter\" src=\"https:\/\/m.media-amazon.com\/images\/S\/aplus-media\/sc\/b32fbb7f-dd3b-4bce-a9d4-1f51dbe477df.__CR0,0,1000,1000_PT0_SX300_V1___.jpg\" alt=\"reusable\" data-src=\"https:\/\/m.media-amazon.com\/images\/S\/aplus-media\/sc\/b32fbb7f-dd3b-4bce-a9d4-1f51dbe477df.__CR0,0,1000,1000_PT0_SX300_V1___.jpg\" data- title=\"\"><\/p>\n<\/div>\n<\/div>\n<\/div>\n<div>\n<h4 class=\"a-spacing-mini\">Reutilizable<\/h4>\n<p>a diferencia de otras escaleras de aluminio, nuestras escaleras de cuerda son reutilizables.<\/p>\n<\/div>\n<\/div>\n<\/div>\n<\/div>\n<\/div>\n<\/div>\n<\/div>\n<div class=\"celwidget aplus-module module-4\" style=\"text-align: center;\" data-csa-c-id=\"r0jyvc-byof08-6y9606-vmksqx\" data-cel-widget=\"aplus-module-4\">\n<div class=\"a-expander-collapsed-height a-row a-expander-container a-expander-partial-collapse-container\" data-a-expander-name=\"aplus-module-expander\" data-a-expander-collapsed-height=\"700\">\n<div class=\"a-expander-content a-expander-partial-collapse-content\">\n<div class=\"apm-sidemodule-imageleft\">\n<div class=\"apm-sidemodule-imageleft\"><img decoding=\"async\" class=\"aligncenter\" src=\"https:\/\/m.media-amazon.com\/images\/S\/aplus-media\/sc\/7c7570fe-6600-49ef-9540-55b6a874c8a7.__CR0,0,1280,1280_PT0_SX300_V1___.jpg\" alt=\"THE BEST\" data-src=\"https:\/\/m.media-amazon.com\/images\/S\/aplus-media\/sc\/7c7570fe-6600-49ef-9540-55b6a874c8a7.__CR0,0,1280,1280_PT0_SX300_V1___.jpg\" data- title=\"\"><\/div>\n<div class=\"apm-sidemodule-textright\"><\/div>\n<\/div>\n<div class=\"apm-sidemodule-textright\">\n<h4 class=\"a-spacing-mini\">La mejor<\/h4>\n<p>Hay otras ofertas de escaleras de cuerda que se parecen a las nuestras. PERO (!) No trenzan suficientes hilos en las cuerdas y ahorran en esto, por lo que las cuerdas no son lo suficientemente densas o apretadas, por lo tanto, no son confiables.<\/p>\n<h3 class=\"a-spacing-mini\" style=\"text-align: left;\">\u00a1Prep\u00e1rate para la aventura m\u00e1s refrescante!<\/h3>\n<h4 class=\"a-spacing-mini a-color-secondary a-text-italic\" style=\"text-align: left;\">Presentamos la escalera de cuerda para escalar definitiva, creada por ISOP<\/h4>\n<p class=\"a-spacing-base\" style=\"text-align: left;\">Nuestra escalera de cuerda multiusos es vers\u00e1til y se puede utilizar en una amplia gama de actividades divertidas, como colgar, columpiarse o trepar a una casa en el \u00e1rbol.<\/p>\n<p class=\"a-spacing-base\" style=\"text-align: left;\">Fabricado con materiales de primera calidad, es fuerte y resistente, y viene en 3 tama\u00f1os diferentes para satisfacer sus necesidades espec\u00edficas.<\/p>\n<p class=\"a-spacing-base\" style=\"text-align: left;\"><span class=\"a-text-bold\">Puede usarse para \/ como:<\/span><\/p>\n<ul class=\"a-unordered-list a-vertical\" style=\"text-align: left;\">\n<li><span class=\"a-list-item\">Colgando de un \u00e1rbol<\/span><\/li>\n<li><span class=\"a-list-item\">Escalar una casa en el \u00e1rbol<\/span><\/li>\n<li><span class=\"a-list-item\">Un juego de columpios o incluso como carrera de obst\u00e1culos.<\/span><\/li>\n<li><span class=\"a-list-item\">Una cuerda ninja<\/span><\/li>\n<\/ul>\n<div class=\"amp-centerthirdcol-listbox\">\n<div class=\"a-box a-spacing-small a-color-alternate-background apm-listbox amp-centerthirdcol-listbox\">\n<div class=\"a-box-inner\">\n<ul class=\"a-unordered-list a-vertical\" style=\"text-align: left;\">\n<li><span class=\"a-list-item\"><span class=\"a-size-base\">Materiales: Cuerda de nailon, reforzada con resina.<\/span><\/span><\/li>\n<li><span class=\"a-list-item\"><span class=\"a-size-base\">Longitud: 5 m<\/span><\/span><\/li>\n<li><span class=\"a-list-item\"><span class=\"a-size-base\">Ancho: 30 cm<\/span><\/span><\/li>\n<li><span class=\"a-list-item\"><span class=\"a-size-base\">Capacidad de carga m\u00e1xima: 900 kg<\/span><\/span><\/li>\n<li><span class=\"a-list-item\"><span class=\"a-size-base\">Mosquetones: 11 kN<\/span><\/span><\/li>\n<li><span class=\"a-list-item\"><span class=\"a-size-base\">En caso de emergencia, como escaleras de escape en caso de incendio<\/span><\/span><\/li>\n<\/ul>\n<h3 class=\"a-color-secondary\" style=\"text-align: left;\">Caracter\u00edsticas y Beneficios:<\/h3>\n<ul class=\"a-unordered-list a-vertical\">\n<li style=\"text-align: left;\"><span class=\"a-list-item\">El accesorio divertido ayuda a disfrutar de un tiempo de calidad con los ni\u00f1os.<\/span><\/li>\n<li style=\"text-align: left;\"><span class=\"a-list-item\">Se puede utilizar en interiores y exteriores.<\/span><\/li>\n<li style=\"text-align: left;\"><span class=\"a-list-item\">Correas de nailon premium: resistentes al agua y antideslizantes<\/span><\/li>\n<li style=\"text-align: left;\"><span class=\"a-list-item\">Los mosquetones de servicio pesado permiten una instalaci\u00f3n r\u00e1pida y un anclaje f\u00e1cil<\/span><\/li>\n<li style=\"text-align: left;\"><span class=\"a-list-item\">Ayuda a mejorar la fuerza f\u00edsica, las habilidades mentales y las habilidades motoras del ni\u00f1o.<\/span><\/li>\n<li style=\"text-align: left;\"><span class=\"a-list-item\">Los pelda\u00f1os reforzados brindan mayor durabilidad<\/span><\/li>\n<li style=\"text-align: left;\"><span class=\"a-list-item\">F\u00e1cil de usar, no requiere herramientas<\/span><\/li>\n<li style=\"text-align: left;\"><span class=\"a-list-item\">Ligero y port\u00e1til<\/span><\/li>\n<li style=\"text-align: left;\"><span class=\"a-list-item\"><span class=\"a-size-base\">Compacto para un f\u00e1cil almacenamiento<\/span><\/span><\/li>\n<\/ul>\n<div class=\"a-box a-spacing-small a-color-alternate-background apm-listbox\">\n<div class=\"a-box-inner\"><\/div>\n<\/div>\n<\/div>\n<\/div>\n<\/div>\n<\/div>\n<\/div>\n<\/div>\n<\/div>\n<\/div>\n<\/div>\n<\/div>\n<\/div>\n<\/div>\n","protected":false},"excerpt":{"rendered":"[embed]https:\/\/youtu.be\/XtBwToBdHcs[\/embed]\n<p style=\"text-align: center;\">ISOP Escalera de Cuerda 5 m | Escaleras para Interiores y Exteriores para Casas, Casas en los \u00e1rboles, \u00e1reas de Juegos y Escalada | Accesorios para Columpios con Ganchos<\/p>\n<p style=\"text-align: center;\">ENV\u00cdO GRATIS EN 3-7 D\u00cdAS<\/p>\n<h4 style=\"text-align: center;\"><strong>C\u00d3MPRALO<\/strong><\/h4>\n<p><a href=\"https:\/\/www.amazon.es\/dp\/B0BDF1W58Z\/ref=sr_1_1?__mk_es_ES=%C3%85M%C3%85%C5%BD%C3%95%C3%91&amp;crid=23ZRW726R6I00&amp;dib=eyJ2IjoiMSJ9.aECE_inxT-Bhn2bn72rwLw.IZfcHvpvhFsOZgx6dnujzxHvsBAgd0t3ztbRsa9lC08&amp;dib_tag=se&amp;keywords=Escalera%2Bde%2BEscape%2Bde%2BIncendios%2Bde%2B1%2BPisos%2BEscalera%2Bde%2BCuerda%2Bde%2BSeguridad%2BResistente%2Bal%2BFuego%2Bcon%2BHerramientas%2Bde%2BMontaje&amp;qid=1740273225&amp;sprefix=b0bdf1w58z%2Caps%2C208&amp;sr=8-1&amp;ufe=app_do%3Aamzn1.fos.5e544547-1f8e-4072-8c08-ed563e39fc7d&amp;th=1\"><img loading=\"lazy\" decoding=\"async\" class=\"aligncenter wp-image-1040 size-full\" src=\"https:\/\/isopllc.com\/es\/wp-content\/uploads\/sites\/7\/2020\/01\/amazon-button9.png\" alt=\"\" width=\"160\" height=\"59\" \/><\/a><\/p>\n<p>&nbsp;<\/p>\n","protected":false},"featured_media":4752,"comment_status":"open","ping_status":"closed","template":"","meta":[],"product_brand":[],"product_cat":[179,183,176],"product_tag":[132,61,47,41,77],"class_list":{"0":"post-1485","1":"product","2":"type-product","3":"status-publish","4":"has-post-thumbnail","6":"product_cat-escaleras-de-cuerda-para-escape","7":"product_cat-escaleras-de-escape-para-1-piso","8":"product_cat-escaleras-montadas-en-la-pared","9":"product_tag-casa-del-arbol","10":"product_tag-escalera-de-cuerda","11":"product_tag-isop","12":"product_tag-seguridad","13":"product_tag-trepar","15":"first","16":"instock","17":"shipping-taxable","18":"purchasable","19":"product-type-simple"},"_links":{"self":[{"href":"https:\/\/isopllc.com\/es\/wp-json\/wp\/v2\/product\/1485","targetHints":{"allow":["GET"]}}],"collection":[{"href":"https:\/\/isopllc.com\/es\/wp-json\/wp\/v2\/product"}],"about":[{"href":"https:\/\/isopllc.com\/es\/wp-json\/wp\/v2\/types\/product"}],"replies":[{"embeddable":true,"href":"https:\/\/isopllc.com\/es\/wp-json\/wp\/v2\/comments?post=1485"}],"wp:featuredmedia":[{"embeddable":true,"href":"https:\/\/isopllc.com\/es\/wp-json\/wp\/v2\/media\/4752"}],"wp:attachment":[{"href":"https:\/\/isopllc.com\/es\/wp-json\/wp\/v2\/media?parent=1485"}],"wp:term":[{"taxonomy":"product_brand","embeddable":true,"href":"https:\/\/isopllc.com\/es\/wp-json\/wp\/v2\/product_brand?post=1485"},{"taxonomy":"product_cat","embeddable":true,"href":"https:\/\/isopllc.com\/es\/wp-json\/wp\/v2\/product_cat?post=1485"},{"taxonomy":"product_tag","embeddable":true,"href":"https:\/\/isopllc.com\/es\/wp-json\/wp\/v2\/product_tag?post=1485"}],"curies":[{"name":"wp","href":"https:\/\/api.w.org\/{rel}","templated":true}]}}