{"id":1496,"date":"2020-02-06T09:11:16","date_gmt":"2020-02-06T09:11:16","guid":{"rendered":"https:\/\/rightfoodonly.com\/?post_type=product&#038;p=1496"},"modified":"2025-06-30T16:31:48","modified_gmt":"2025-06-30T16:31:48","slug":"bolsa-de-documentos-ignifuga","status":"publish","type":"product","link":"https:\/\/isopllc.com\/es\/product\/bolsa-de-documentos-ignifuga\/","title":{"rendered":"Bolsa para Documentos Ign\u00edfuga de 38 x 28 cm"},"content":{"rendered":"<div class=\"celwidget aplus-module module-11\">\n<div class=\"a-expander-collapsed-height a-row a-expander-container a-expander-partial-collapse-container\" data-a-expander-name=\"aplus-module-expander\" data-a-expander-collapsed-height=\"360\">\n<div class=\"a-expander-content a-expander-partial-collapse-content\">\n<div class=\"aplus-module-wrapper apm-spacing apm-floatnone\">\n<div class=\"apm-sidemodule aplus-module-content\">\n<div class=\"apm-hero-image\"><\/div>\n<\/div>\n<div>\n<div class=\"celwidget aplus-module launchpad-brand-description-left\" data-cel-widget=\"aplus-launchpad-brand-description-left\">\n<div class=\"a-section a-spacing-top-mini launchpad-module launchpad-module-brand-description-left\">\n<div class=\"a-section launchpad-text-left-justify\">\n<h2 id=\"title\" class=\"a-size-large a-spacing-none\" style=\"text-align: center;\"><span id=\"productTitle\" class=\"a-size-large product-title-word-break\">Bolsa para Documentos Ign\u00edfuga de 38 x 28 cm, con Revestimiento de Silicona, Resistente al Fuego, Impermeable, para Dinero, Documentos, Joyas y Pasaporte.<\/span><\/h2>\n<p><span class=\"a-text-bold\">\u00bfLe preocupa lo que pueda suceder con sus documentos, dinero, pasaporte u otros objetos de valor en caso de incendio?<\/span><\/p>\n<p>Nuestra bolsa de documentos a prueba de fuego puede protegerlo todo del da\u00f1o del fuego. Est\u00e1 hecho con material de fibra de vidrio de silicona de calidad superior que puede soportar hasta 1832 \u00b0 F. La protecci\u00f3n adicional de la bolsa de dinero resistente al fuego garantiza que sus objetos de valor est\u00e9n completamente protegidos, lo que le permite mantener la tranquilidad.<\/p>\n<\/div>\n<\/div>\n<\/div>\n<\/div>\n<\/div>\n<\/div>\n<\/div>\n<p><img decoding=\"async\" class=\"aligncenter\" style=\"font-weight: bold; text-align: center;\" src=\"https:\/\/m.media-amazon.com\/images\/S\/aplus-media\/sc\/3e67dcec-29c9-4420-bc36-23edbba1d052.__CR0,0,500,500_PT0_SX220_V1___.jpg\" alt=\"isop fire case\" data-src=\"https:\/\/m.media-amazon.com\/images\/S\/aplus-media\/sc\/3e67dcec-29c9-4420-bc36-23edbba1d052.__CR0,0,500,500_PT0_SX220_V1___.jpg\" data- title=\"\"><\/p>\n<h4 class=\"a-spacing-mini\">PROTECCI\u00d3N EXTREMA A PRUEBA DE INCENDIOS<\/h4>\n<p class=\"a-size-small\">No dejes que el fuego te pille desprevenido, m\u00e1s vale prevenir que curar. \u00a1La bolsa ign\u00edfuga mantendr\u00e1 sus objetos de valor sanos y salvos, soportando temperaturas de hasta 1000 \u00b0 F \/ 550 \u00b0 C! Con 28 x 38 cm, es el tama\u00f1o ideal para guardar su efectivo, joyas, tarjetas de cr\u00e9dito, documentos de identidad, pasaporte, documentos importantes y m\u00e1s.<\/p>\n<p><img decoding=\"async\" class=\"aligncenter\" src=\"https:\/\/m.media-amazon.com\/images\/S\/aplus-media\/sc\/ab3ce7c8-8b20-4836-be6b-c68c346f8fc5.__CR0,0,500,500_PT0_SX220_V1___.jpg\" alt=\"money pouch\" data-src=\"https:\/\/m.media-amazon.com\/images\/S\/aplus-media\/sc\/ab3ce7c8-8b20-4836-be6b-c68c346f8fc5.__CR0,0,500,500_PT0_SX220_V1___.jpg\" data- title=\"\"><\/p>\n<h4 class=\"a-spacing-mini\">MANTENGA SU VALORABLE SEGURO Y SEGURO<\/h4>\n<p class=\"a-size-small\">Nuestra bolsa, que tambi\u00e9n es resistente al agua, es la manera perfecta de mantener los objetos de valor seguros y sin da\u00f1os de todo tipo. Puede almacenar cualquier cosa que sea nuestra bolsa de documentos, desde documentos importantes, efectivo, joyer\u00eda, bater\u00edas o cualquier cosa con alto valor e importancia.<\/p>\n<p><img decoding=\"async\" class=\"aligncenter\" src=\"https:\/\/m.media-amazon.com\/images\/S\/aplus-media\/sc\/61a07ae1-9b7a-448f-844e-b7fd1b6a421e.__CR0,0,500,500_PT0_SX220_V1___.jpg\" alt=\"fire safe\" data-src=\"https:\/\/m.media-amazon.com\/images\/S\/aplus-media\/sc\/61a07ae1-9b7a-448f-844e-b7fd1b6a421e.__CR0,0,500,500_PT0_SX220_V1___.jpg\" data- title=\"\"><\/p>\n<h4 class=\"a-spacing-mini\">PROTECCI\u00d3N DOBLE Y NO PICANTE<\/h4>\n<p class=\"a-size-small\">Nuestras bolsas para documentos a prueba de fuego cuentan con fibra de vidrio recubierta de aluminio (interior) y fibra de vidrio con pegamento de silicona (exterior) para proporcionar protecci\u00f3n de doble capa, al igual que la caja fuerte a prueba de fuego.<\/p>\n<p><img decoding=\"async\" class=\"aligncenter\" style=\"font-weight: bold; text-align: center;\" src=\"https:\/\/m.media-amazon.com\/images\/S\/aplus-media\/sc\/baca919d-3e50-4f02-921f-615055d5b3e9.__CR0,0,500,500_PT0_SX220_V1___.jpg\" alt=\"fire\/water resistant case\" data-src=\"https:\/\/m.media-amazon.com\/images\/S\/aplus-media\/sc\/baca919d-3e50-4f02-921f-615055d5b3e9.__CR0,0,500,500_PT0_SX220_V1___.jpg\" data- title=\"\"><\/p>\n<div class=\"a-expander-collapsed-height a-row a-expander-container a-expander-partial-collapse-container\" data-a-expander-name=\"aplus-module-expander\" data-a-expander-collapsed-height=\"360\">\n<div class=\"a-expander-content a-expander-partial-collapse-content\">\n<div class=\"aplus-module-wrapper apm-spacing apm-floatnone\">\n<div class=\"celwidget aplus-module module-4\" data-cel-widget=\"aplus-module-4\">\n<div class=\"a-expander-collapsed-height a-row a-expander-container a-expander-partial-collapse-container\" data-a-expander-name=\"aplus-module-expander\" data-a-expander-collapsed-height=\"700\">\n<div class=\"a-expander-content a-expander-partial-collapse-content\">\n<div class=\"aplus-module-wrapper\">\n<div class=\"apm-spacing\">\n<div class=\"apm-floatleft apm-fixed-width\">\n<div class=\"a-spacing-extra-large\">\n<div class=\"apm-spacing\">\n<h4 class=\"a-spacing-mini\">A debe tener en casa<\/h4>\n<p class=\"a-size-small\">La combinaci\u00f3n de una bolsa ign\u00edfuga y una CAJA SEGURA es la mejor soluci\u00f3n para ofrecer a sus documentos y objetos de valor una protecci\u00f3n completa en cualquier accidente de incendio, o el papel puede carbonizarse dentro de cualquier material resistente al fuego despu\u00e9s de una exposici\u00f3n prolongada a altas temperaturas.<\/p>\n<\/div>\n<\/div>\n<\/div>\n<\/div>\n<\/div>\n<\/div>\n<\/div>\n<\/div>\n<\/div>\n<\/div>\n<\/div>\n<\/div>\n<div class=\"celwidget aplus-module module-9\">\n<div class=\"a-expander-collapsed-height a-row a-expander-container a-expander-partial-collapse-container\" data-a-expander-name=\"aplus-module-expander\" data-a-expander-collapsed-height=\"700\">\n<div class=\"a-expander-content a-expander-partial-collapse-content\">\n<div class=\"aplus-module-wrapper\">\n<div class=\"apm-spacing apm-fixed-width\"><\/div>\n<\/div>\n<\/div>\n<\/div>\n<\/div>\n<p style=\"text-align: left;\">\n","protected":false},"excerpt":{"rendered":"<p id=\"title\" class=\"a-size-large a-spacing-none\" style=\"text-align: center;\"><span id=\"productTitle\" class=\"a-size-large product-title-word-break\">Bolsa para Documentos Ign\u00edfuga de 38 x 28 cm, con Revestimiento de Silicona, Resistente al Fuego, Impermeable, para Dinero, Documentos, Joyas y Pasaporte.<\/span><\/p>\n<p style=\"text-align: center;\">ENV\u00cdO GRATIS EN 3-7 D\u00cdAS<\/p>\n<h4 style=\"text-align: center;\"><strong>C\u00d3MPRALO<\/strong><\/h4>\n<p><a href=\"https:\/\/www.amazon.es\/documentos-ign%C3%ADfuga-revestimiento-resistente-pasaportes\/dp\/B07QDGFVYJ\/?maas=maas_adg_04D628E33708AAFD8FAD98DA0B87EA6C_afap_abs&amp;ref_=aa_maas&amp;ref=sr_1_3&amp;__mk_es_ES=%C3%85M%C3%85%C5%BD%C3%95%C3%91&amp;dchild=1&amp;keywords=Bolsa+para+documentos+ign%C3%ADfuga&amp;qid=1624533239&amp;refresh=1&amp;s=tools&amp;sr=1-3\"><img loading=\"lazy\" decoding=\"async\" class=\"wp-image-1040 size-full aligncenter\" src=\"https:\/\/rightfoodonly.com\/wp-content\/uploads\/amazon-button9.png\" alt=\"\" width=\"160\" height=\"59\" \/><\/a><\/p>\n<p>&nbsp;<\/p>\n","protected":false},"featured_media":4274,"comment_status":"open","ping_status":"closed","template":"","meta":[],"product_brand":[],"product_cat":[169],"product_tag":[39,40,42,41],"class_list":{"0":"post-1496","1":"product","2":"type-product","3":"status-publish","4":"has-post-thumbnail","6":"product_cat-conjuntos-de-rescate-y-supervivencia","7":"product_tag-bolsa-para-documentos","8":"product_tag-ignifuga","9":"product_tag-proteccion-contra-incendios","10":"product_tag-seguridad","12":"first","13":"instock","14":"shipping-taxable","15":"purchasable","16":"product-type-simple"},"_links":{"self":[{"href":"https:\/\/isopllc.com\/es\/wp-json\/wp\/v2\/product\/1496","targetHints":{"allow":["GET"]}}],"collection":[{"href":"https:\/\/isopllc.com\/es\/wp-json\/wp\/v2\/product"}],"about":[{"href":"https:\/\/isopllc.com\/es\/wp-json\/wp\/v2\/types\/product"}],"replies":[{"embeddable":true,"href":"https:\/\/isopllc.com\/es\/wp-json\/wp\/v2\/comments?post=1496"}],"wp:featuredmedia":[{"embeddable":true,"href":"https:\/\/isopllc.com\/es\/wp-json\/wp\/v2\/media\/4274"}],"wp:attachment":[{"href":"https:\/\/isopllc.com\/es\/wp-json\/wp\/v2\/media?parent=1496"}],"wp:term":[{"taxonomy":"product_brand","embeddable":true,"href":"https:\/\/isopllc.com\/es\/wp-json\/wp\/v2\/product_brand?post=1496"},{"taxonomy":"product_cat","embeddable":true,"href":"https:\/\/isopllc.com\/es\/wp-json\/wp\/v2\/product_cat?post=1496"},{"taxonomy":"product_tag","embeddable":true,"href":"https:\/\/isopllc.com\/es\/wp-json\/wp\/v2\/product_tag?post=1496"}],"curies":[{"name":"wp","href":"https:\/\/api.w.org\/{rel}","templated":true}]}}