{"id":1498,"date":"2020-02-06T09:22:56","date_gmt":"2020-02-06T09:22:56","guid":{"rendered":"https:\/\/rightfoodonly.com\/?post_type=product&#038;p=1498"},"modified":"2025-06-30T16:31:32","modified_gmt":"2025-06-30T16:31:32","slug":"cinturon-de-seguridad-con-cadera-acolchado","status":"publish","type":"product","link":"https:\/\/isopllc.com\/es\/product\/cinturon-de-seguridad-con-cadera-acolchado\/","title":{"rendered":"Cintur\u00f3n de seguridad con almohadilla para la cadera"},"content":{"rendered":"<div class=\"celwidget aplus-module module-9\" data-cel-widget=\"aplus-module-9\">\n<div class=\"a-expander-collapsed-height a-row a-expander-container a-expander-partial-collapse-container\" data-a-expander-name=\"aplus-module-expander\" data-a-expander-collapsed-height=\"700\">\n<div class=\"a-expander-content a-expander-partial-collapse-content\">\n<div class=\"aplus-module-wrapper\">\n<div class=\"apm-spacing apm-fixed-width\">\n<h2 style=\"text-align: center;\">Cintur\u00f3n de seguridad con almohadilla para la cadera<\/h2>\n<p><img decoding=\"async\" class=\"aligncenter\" src=\"https:\/\/m.media-amazon.com\/images\/S\/aplus-media\/sc\/b2ce0b46-0c95-4365-8c61-a5fd05505e58.__CR0,0,970,300_PT0_SX970_V1___.jpg\" alt=\"belt-harness\" data-src=\"https:\/\/m.media-amazon.com\/images\/S\/aplus-media\/sc\/b2ce0b46-0c95-4365-8c61-a5fd05505e58.__CR0,0,970,300_PT0_SX970_V1___.jpg\" data- title=\"\"><\/p>\n<\/div>\n<\/div>\n<\/div>\n<\/div>\n<\/div>\n<div class=\"celwidget aplus-module module-12\" data-cel-widget=\"aplus-module-12\">\n<div class=\"a-expander-collapsed-height a-row a-expander-container a-expander-partial-collapse-container\" data-a-expander-name=\"aplus-module-expander\" data-a-expander-collapsed-height=\"360\">\n<div class=\"a-expander-content a-expander-partial-collapse-content\">\n<div class=\"aplus-module-wrapper apm-spacing apm-floatnone\">\n<div class=\"apm-sidemodule aplus-module-content\">\n<div>\n<p>&nbsp;<\/p>\n<\/div>\n<p><img decoding=\"async\" class=\"a-spacing-mini alignnone\" src=\"https:\/\/m.media-amazon.com\/images\/S\/aplus-media\/sc\/6b5ed3be-3169-498d-8a48-7bcb444b3d08.__CR156,0,757,757_PT0_SX300_V1___.jpg\" alt=\"belt\" data-src=\"https:\/\/m.media-amazon.com\/images\/S\/aplus-media\/sc\/6b5ed3be-3169-498d-8a48-7bcb444b3d08.__CR156,0,757,757_PT0_SX300_V1___.jpg\" data- title=\"\"><\/p>\n<p>Se ha comprobado que las hebillas macho hembra son las m\u00e1s fiables seg\u00fan las pruebas, y nuestro cintur\u00f3n tiene exactamente esas hebillas.<\/p>\n<p>Dise\u00f1ado para la comodidad y la movilidad, este cintur\u00f3n de seguridad con almohadilla para la cadera le brinda el apoyo adicional que necesita para mantenerse equilibrado, posicionado correctamente y seguro al trepar \u00e1rboles, paredes, torres y cualquier otra cosa que pueda imaginar.<\/p>\n<p><img decoding=\"async\" class=\"a-spacing-mini alignnone\" src=\"https:\/\/m.media-amazon.com\/images\/S\/aplus-media\/sc\/3386ce1c-29a5-4d6b-af25-4282239f51fa.__CR0,272,844,844_PT0_SX300_V1___.jpg\" alt=\"buckle\" data-src=\"https:\/\/m.media-amazon.com\/images\/S\/aplus-media\/sc\/3386ce1c-29a5-4d6b-af25-4282239f51fa.__CR0,272,844,844_PT0_SX300_V1___.jpg\" data- title=\"\"><\/p>\n<p>Nuestro cintur\u00f3n de posicionamiento para el trabajo es de materiales duraderos y resistentes que ofrecen resistencia a la abrasi\u00f3n para brindarle un uso a largo plazo y viene con una dureza de alta resistencia a la tracci\u00f3n para asegurarse de tener todo lo que necesita para comenzar a escalar de manera segura y c\u00f3moda.<\/p>\n<p>Lo mantiene estable mientras trabaja cuando est\u00e1 conectado a un anclaje, lo que lo convierte en una herramienta imprescindible para los operadores que desean tener las manos libres para concentrarse en su trabajo.<\/p>\n<p><img decoding=\"async\" class=\"a-spacing-mini alignnone\" src=\"https:\/\/m.media-amazon.com\/images\/S\/aplus-media\/sc\/48683017-f394-4df8-9f43-3ae7c6163f2c.__CR0,0,1200,1200_PT0_SX300_V1___.jpg\" alt=\"belt\" data-src=\"https:\/\/m.media-amazon.com\/images\/S\/aplus-media\/sc\/48683017-f394-4df8-9f43-3ae7c6163f2c.__CR0,0,1200,1200_PT0_SX300_V1___.jpg\" data- title=\"\"><\/p>\n<\/div>\n<p>Los anillos en D son resistentes a la corrosi\u00f3n para resistir los elementos adem\u00e1s de ofrecer conexiones r\u00e1pidas y seguras.<\/p>\n<p>Es liviano para que no tenga que preocuparse por estar atado y utiliza una almohadilla para la cadera para ofrecer soporte lumbar para que se sienta c\u00f3modo.<\/p>\n<p>Por ISOP<\/p>\n<\/div>\n<\/div>\n<\/div>\n<\/div>\n","protected":false},"excerpt":{"rendered":"<p style=\"text-align: center;\">Cintur\u00f3n de seguridad con almohadilla para la cadera<\/p>\n<p style=\"text-align: center;\">ENV\u00cdO GRATIS EN 3-7 D\u00cdAS<\/p>\n<h4 style=\"text-align: center;\"><strong>C\u00d3MPRALO<\/strong><\/h4>\n<p><a href=\"https:\/\/www.amazon.es\/Cintur%C3%B3n-seguridad-almohadilla-anillas-trenzado\/dp\/B07QMYGMV4\/?maas=maas_adg_814F0BE5EAD5E66FB471ABD913F8BB6F_afap_abs&amp;ref_=aa_maas&amp;ref=sr_1_1&amp;dchild=1&amp;keywords=Cintur%C3%B3n+de+seguridad&amp;qid=1606386550&amp;refresh=1&amp;sr=8-1\"><img loading=\"lazy\" decoding=\"async\" class=\"wp-image-1040 size-full aligncenter\" src=\"https:\/\/rightfoodonly.com\/wp-content\/uploads\/amazon-button9.png\" alt=\"\" width=\"160\" height=\"59\" \/><\/a><\/p>\n<p>&nbsp;<\/p>\n","protected":false},"featured_media":4272,"comment_status":"open","ping_status":"closed","template":"","meta":[],"product_brand":[],"product_cat":[173],"product_tag":[56,55,36,33],"class_list":{"0":"post-1498","1":"product","2":"type-product","3":"status-publish","4":"has-post-thumbnail","6":"product_cat-accesorios-para-escaleras-contra-incendios","7":"product_tag-almohadilla-para-la-cadera","8":"product_tag-cinturon-de-seguridad","9":"product_tag-equipo-de-seguridad","10":"product_tag-escalada","12":"first","13":"outofstock","14":"shipping-taxable","15":"purchasable","16":"product-type-simple"},"_links":{"self":[{"href":"https:\/\/isopllc.com\/es\/wp-json\/wp\/v2\/product\/1498","targetHints":{"allow":["GET"]}}],"collection":[{"href":"https:\/\/isopllc.com\/es\/wp-json\/wp\/v2\/product"}],"about":[{"href":"https:\/\/isopllc.com\/es\/wp-json\/wp\/v2\/types\/product"}],"replies":[{"embeddable":true,"href":"https:\/\/isopllc.com\/es\/wp-json\/wp\/v2\/comments?post=1498"}],"wp:featuredmedia":[{"embeddable":true,"href":"https:\/\/isopllc.com\/es\/wp-json\/wp\/v2\/media\/4272"}],"wp:attachment":[{"href":"https:\/\/isopllc.com\/es\/wp-json\/wp\/v2\/media?parent=1498"}],"wp:term":[{"taxonomy":"product_brand","embeddable":true,"href":"https:\/\/isopllc.com\/es\/wp-json\/wp\/v2\/product_brand?post=1498"},{"taxonomy":"product_cat","embeddable":true,"href":"https:\/\/isopllc.com\/es\/wp-json\/wp\/v2\/product_cat?post=1498"},{"taxonomy":"product_tag","embeddable":true,"href":"https:\/\/isopllc.com\/es\/wp-json\/wp\/v2\/product_tag?post=1498"}],"curies":[{"name":"wp","href":"https:\/\/api.w.org\/{rel}","templated":true}]}}