{"id":1503,"date":"2020-02-06T09:44:25","date_gmt":"2020-02-06T09:44:25","guid":{"rendered":"https:\/\/rightfoodonly.com\/?post_type=product&#038;p=1503"},"modified":"2025-06-30T16:31:08","modified_gmt":"2025-06-30T16:31:08","slug":"isop-arnes-de-escalada-con-cordon","status":"publish","type":"product","link":"https:\/\/isopllc.com\/es\/product\/isop-arnes-de-escalada-con-cordon\/","title":{"rendered":"Arn\u00e9s de Escalada con Cord\u00f3n"},"content":{"rendered":"<h2 style=\"text-align: center;\">Arn\u00e9s de Escalada con Cord\u00f3n &#8211; Bolso de Cintura de Arn\u00e9s de Seguridad para Cuerpo &#8211; Escalada de \u00e1rboles Actividades al Aire Libre Entrenamiento &#8211; Material Duradero<\/h2>\n<p><img decoding=\"async\" class=\"a-spacing-mini\" style=\"font-weight: 600;\" src=\"https:\/\/m.media-amazon.com\/images\/S\/aplus-media\/sc\/5cecf7a8-3de2-4f74-b1f6-6555a4dd07b0.__CR58,0,800,800_PT0_SX300_V1___.jpg\" alt=\"belt\" data-src=\"https:\/\/m.media-amazon.com\/images\/S\/aplus-media\/sc\/5cecf7a8-3de2-4f74-b1f6-6555a4dd07b0.__CR58,0,800,800_PT0_SX300_V1___.jpg\" data- title=\"\"><\/p>\n<h4 class=\"a-spacing-mini\">Un arn\u00e9s de escalada profesional<\/h4>\n<p>es definitivamente una necesidad en la mochila de todo aventurero que se precie, ya que es la \u00fanica forma de mantenerlo a salvo de accidentes no deseados o posibles tragedias.<\/p>\n<p>Cuando se trata de accesorios de escalada de calidad superior, ISOP tiene exactamente lo que busca.<\/p>\n<p><img decoding=\"async\" class=\"a-spacing-mini\" src=\"https:\/\/m.media-amazon.com\/images\/S\/aplus-media\/sc\/3386ce1c-29a5-4d6b-af25-4282239f51fa.__CR0,272,844,844_PT0_SX300_V1___.jpg\" alt=\"buckle\" data-src=\"https:\/\/m.media-amazon.com\/images\/S\/aplus-media\/sc\/3386ce1c-29a5-4d6b-af25-4282239f51fa.__CR0,272,844,844_PT0_SX300_V1___.jpg\" data- title=\"\"><\/p>\n<h4 class=\"a-spacing-mini\">\u00bfPor qu\u00e9 es este producto para ti?<\/h4>\n<p>Este arn\u00e9s de seguridad de medio cuerpo con protecci\u00f3n contra ca\u00eddas tiene un dise\u00f1o extra resistente y est\u00e1 hecho pensando en su comodidad.<\/p>\n<p>Las correas ajustables brindan un ajuste perfecto de este arn\u00e9s de tama\u00f1o libre, mientras que la fibra duradera asegurar\u00e1 que tenga el soporte adecuado en todo tipo de situaciones de escalada.<\/p>\n<p><img decoding=\"async\" class=\"a-spacing-mini\" src=\"https:\/\/m.media-amazon.com\/images\/S\/aplus-media\/sc\/5b476adf-5ab9-429d-b42c-b266152668d2.__CR0,0,1362,1362_PT0_SX300_V1___.jpg\" alt=\"belt\" data-src=\"https:\/\/m.media-amazon.com\/images\/S\/aplus-media\/sc\/5b476adf-5ab9-429d-b42c-b266152668d2.__CR0,0,1362,1362_PT0_SX300_V1___.jpg\" data- title=\"\"><\/p>\n<h4 class=\"a-spacing-mini\">Algunas de las caracter\u00edsticas sorprendentes de este producto:<\/h4>\n<p>Multiusos, se puede utilizar para escalada en roca, escalada de \u00e1rboles, rescate de incendios, escalada en interiores, etc.<\/p>\n<p>Fibra de poli\u00e9ster de alta calidad, extra duradera;<\/p>\n<p>Correas ajustables con anillo en D posterior deslizante;<\/p>\n<p>Las hebillas ranuradas en el pecho y las correas de las piernas se abrochan sin torcer;<\/p>\n<p>Indicadores de impacto y protector de etiquetas;<\/p>\n<p>Soporte de alta carga;<\/p>\n<p>Ideal para principiantes y escaladores avanzados.<\/p>\n<div class=\"celwidget aplus-module module-9 aplus-standard\" data-csa-c-id=\"os5wau-u1vtuk-fiji11-oai1w7\" data-cel-widget=\"aplus-module-9\">\n<div class=\"a-expander-collapsed-height a-row a-expander-container a-expander-partial-collapse-container\" aria-live=\"polite\" data-a-expander-name=\"aplus-module-expander\" data-a-expander-collapsed-height=\"700\">\n<div class=\"a-expander-content a-expander-partial-collapse-content a-expander-content-expanded\" aria-expanded=\"true\">\n<div class=\"aplus-module-wrapper apm-fixed-width\">\n<div class=\"apm-spacing apm-fixed-width\"><\/div>\n<\/div>\n<div><\/div>\n<\/div>\n<\/div>\n<\/div>\n<div class=\"celwidget aplus-module module-12 aplus-standard\" data-csa-c-id=\"g1oq0v-dksc2k-8ix73k-a26x9p\" data-cel-widget=\"aplus-module-12\">\n<div class=\"a-expander-collapsed-height a-row a-expander-container a-expander-partial-collapse-container\" aria-live=\"polite\" data-a-expander-name=\"aplus-module-expander\" data-a-expander-collapsed-height=\"360\">\n<div class=\"a-expander-content a-expander-partial-collapse-content\" aria-expanded=\"false\">\n<div class=\"aplus-module-wrapper apm-spacing apm-floatnone apm-fixed-width\">\n<div class=\"apm-sidemodule aplus-module-content\">\n<div class=\"apm-hero-image\"><img decoding=\"async\" class=\"\" src=\"https:\/\/m.media-amazon.com\/images\/S\/aplus-media\/sc\/b2ce0b46-0c95-4365-8c61-a5fd05505e58.__CR0,0,970,300_PT0_SX970_V1___.jpg\" alt=\"belt-harness\" data-src=\"https:\/\/m.media-amazon.com\/images\/S\/aplus-media\/sc\/b2ce0b46-0c95-4365-8c61-a5fd05505e58.__CR0,0,970,300_PT0_SX970_V1___.jpg\" data- title=\"\"><\/div>\n<\/div>\n<\/div>\n<div><\/div>\n<\/div>\n<\/div>\n<\/div>\n<div class=\"celwidget aplus-module module-5 aplus-standard\" data-csa-c-id=\"bmdmi3-qwyhnn-r13quk-2256ha\" data-cel-widget=\"aplus-module-5\">\n<div class=\"aplus-module-wrapper apm-fixed-width\">\n<div class=\"apm-spacing aplus-module-content\">\n<div class=\"apm-tablemodule\"><\/div>\n<\/div>\n<\/div>\n<\/div>\n","protected":false},"excerpt":{"rendered":"<p style=\"text-align: center;\">Arn\u00e9s de Escalada con Cord\u00f3n &#8211; Bolso de Cintura de Arn\u00e9s de Seguridad para Cuerpo &#8211; Escalada de \u00e1rboles Actividades al Aire Libre Entrenamiento &#8211; Material Duradero<\/p>\n<p style=\"text-align: center;\">ENV\u00cdO GRATIS EN 3-7 D\u00cdAS<\/p>\n<h4 style=\"text-align: center;\"><strong>C\u00d3MPRALO<\/strong><\/h4>\n<p><a href=\"https:\/\/www.amazon.es\/Arn%C3%A9s-escalada-roca-actividades-entrenamiento\/dp\/B07LB638BR\/?maas=maas_adg_BB92B7DB7578C63712B0D209B49E3DCF_afap_abs&amp;ref_=aa_maas&amp;ref=sr_1_1&amp;dchild=1&amp;keywords=Arn%C3%A9s+de+Escalada+con+Cord%C3%B3n&amp;qid=1606382394&amp;sr=8-1\"><img loading=\"lazy\" decoding=\"async\" class=\"wp-image-1040 size-full aligncenter\" src=\"https:\/\/rightfoodonly.com\/wp-content\/uploads\/amazon-button9.png\" alt=\"\" width=\"160\" height=\"59\" \/><\/a><\/p>\n<p>&nbsp;<\/p>\n","protected":false},"featured_media":4276,"comment_status":"open","ping_status":"closed","template":"","meta":[],"product_brand":[],"product_cat":[173],"product_tag":[34,35,36],"class_list":{"0":"post-1503","1":"product","2":"type-product","3":"status-publish","4":"has-post-thumbnail","6":"product_cat-accesorios-para-escaleras-contra-incendios","7":"product_tag-arnes-de-escalada","8":"product_tag-cordon","9":"product_tag-equipo-de-seguridad","11":"first","12":"instock","13":"shipping-taxable","14":"purchasable","15":"product-type-simple"},"_links":{"self":[{"href":"https:\/\/isopllc.com\/es\/wp-json\/wp\/v2\/product\/1503","targetHints":{"allow":["GET"]}}],"collection":[{"href":"https:\/\/isopllc.com\/es\/wp-json\/wp\/v2\/product"}],"about":[{"href":"https:\/\/isopllc.com\/es\/wp-json\/wp\/v2\/types\/product"}],"replies":[{"embeddable":true,"href":"https:\/\/isopllc.com\/es\/wp-json\/wp\/v2\/comments?post=1503"}],"wp:featuredmedia":[{"embeddable":true,"href":"https:\/\/isopllc.com\/es\/wp-json\/wp\/v2\/media\/4276"}],"wp:attachment":[{"href":"https:\/\/isopllc.com\/es\/wp-json\/wp\/v2\/media?parent=1503"}],"wp:term":[{"taxonomy":"product_brand","embeddable":true,"href":"https:\/\/isopllc.com\/es\/wp-json\/wp\/v2\/product_brand?post=1503"},{"taxonomy":"product_cat","embeddable":true,"href":"https:\/\/isopllc.com\/es\/wp-json\/wp\/v2\/product_cat?post=1503"},{"taxonomy":"product_tag","embeddable":true,"href":"https:\/\/isopllc.com\/es\/wp-json\/wp\/v2\/product_tag?post=1503"}],"curies":[{"name":"wp","href":"https:\/\/api.w.org\/{rel}","templated":true}]}}