{"id":4126,"date":"2020-07-22T12:10:12","date_gmt":"2020-07-22T12:10:12","guid":{"rendered":"https:\/\/isopllc.com\/uk\/?post_type=product&#038;p=4126"},"modified":"2025-07-07T06:07:43","modified_gmt":"2025-07-07T06:07:43","slug":"bolsa-de-escape-de-emergencia","status":"publish","type":"product","link":"https:\/\/isopllc.com\/es\/product\/bolsa-de-escape-de-emergencia\/","title":{"rendered":"Dispositivo de Evacuaci\u00f3n de Incendios Para Ni\u00f1os o Mascotas de Hasta 68 kg"},"content":{"rendered":"<div class=\"celwidget aplus-module module-1\" data-cel-widget=\"aplus-module-1\">\n<div class=\"a-expander-collapsed-height a-row a-expander-container a-expander-partial-collapse-container\" data-a-expander-name=\"aplus-module-expander\" data-a-expander-collapsed-height=\"700\">\n<div class=\"a-expander-content a-expander-partial-collapse-content\">\n<div class=\"aplus-module-wrapper apm-fixed-width\">\n<div class=\"apm-spacing apm-wrap\">\n<div class=\"apm-floatleft apm-wrap\">\n<h2 style=\"text-align: center\">Dispositivo de Evacuaci\u00f3n de Incendios Para Ni\u00f1os o Mascotas de Hasta 68 kg &#8211; Mochila Para Salvar Vidas &#8211; Bolsa de Escape Contra Incendios y Cuerda de 15 m Para Beb\u00e9s Perros o Gatos (Grande)<\/h2>\n<div class=\"apm-leftimage\"><img decoding=\"async\" class=\"a-spacing-mini alignleft\" src=\"https:\/\/m.media-amazon.com\/images\/S\/aplus-media\/sc\/12937edf-a97d-4a60-bf54-3b50b9ed8d44.__CR0,0,300,400_PT0_SX300_V1___.jpg\" alt=\"firebag 1\" data-src=\"https:\/\/m.media-amazon.com\/images\/S\/aplus-media\/sc\/12937edf-a97d-4a60-bf54-3b50b9ed8d44.__CR0,0,300,400_PT0_SX300_V1___.jpg\" data- title=\"\"><\/div>\n<div class=\"apm-rightthirdcol\">\n<div class=\"apm-rightthirdcol-inner\">\n<h3 class=\"a-spacing-mini\">\u00a1Aseg\u00farese de que su peque\u00f1o \u00e1ngel permanezca seguro en caso de que se produzca un incendio!<\/h3>\n<h4 class=\"a-spacing-mini a-color-secondary a-text-italic\">\u00a1Presentamos el \u00faltimo dispositivo de evacuaci\u00f3n de incendios de emergencia para ni\u00f1os o mascotas, ofrecido por ISOP!<\/h4>\n<p class=\"a-spacing-base\">\u00bfVive en el quinto piso y se preocupa por la seguridad de sus hijos en caso de incendio?<\/p>\n<p class=\"a-spacing-base\">\u00bfDormir\u00edas mejor sabiendo que tu hijo o mascota podr\u00edan escapar de forma segura fuera del edificio?<\/p>\n<p class=\"a-spacing-base\">Esta bolsa de escape de incendios est\u00e1 hecha en forma de mochila, por lo que, en caso de emergencia, le permite colocar all\u00ed a un beb\u00e9 o una mascota, simplemente col\u00f3quelo y salga corriendo o b\u00e1jelo desde una ventana con una cuerda resistente.<\/p>\n<h3 class=\"a-spacing-base\"><span class=\"a-text-bold\">\u00a1Lleva a tu hijo del peligro a la seguridad en 3 pasos!<\/span><\/h3>\n<div class=\"amp-centerthirdcol-listbox\">\n<div class=\"a-box a-spacing-small a-color-alternate-background apm-listbox amp-centerthirdcol-listbox\">\n<div class=\"a-box-inner\">\n<ul class=\"a-unordered-list a-vertical\">\n<li><span class=\"a-list-item\"><span class=\"a-size-base\">Despliegue el dispositivo de escape de emergencia contra incendios<\/span><\/span><\/li>\n<li><span class=\"a-list-item\"><span class=\"a-size-base\">Coloque una almohada dentro y su hijo o mascota en \u00e9l.<\/span><\/span><\/li>\n<li><span class=\"a-list-item\"><span class=\"a-size-base\">Baje la bolsa con su preciado contenido desde el exterior del edificio hasta el suelo.<\/span><\/span><\/li>\n<\/ul>\n<\/div>\n<\/div>\n<\/div>\n<div class=\"amp-centerthirdcol-listbox\">\n<div class=\"apm-listbox amp-centerthirdcol-listbox a-box a-color-alternate-background a-spacing-small\">\n<div class=\"a-box-inner\">\n<h3 class=\"a-color-secondary\">No importa si vive en el primer o quinto piso, su hijo llegar\u00e1 al suelo de manera segura, lejos del fuego que amenaza la vida y el humo sofocante.<\/h3>\n<p class=\"a-spacing-small a-size-small a-color-secondary\">\u00a1Ya no necesitas perder el sue\u00f1o por la seguridad de tu angelito!<\/p>\n<p class=\"a-spacing-small a-size-small a-color-secondary\">En ISOP, hace tiempo que le ofrecemos lo mejor en equipos de escape de incendios. Nuestras escaleras de incendios, bolsas de incendios nos han ganado la confianza de nuestros valiosos clientes.<\/p>\n<p class=\"a-spacing-small a-size-small a-color-secondary\"><span class=\"a-text-bold\">\u00bfPor qu\u00e9 elegir ISOP Fire Emergency Escape Bag?<\/span><\/p>\n<div class=\"a-box a-spacing-small a-color-alternate-background apm-listbox\">\n<div class=\"a-box-inner\">\n<ul class=\"a-unordered-list a-vertical\">\n<li><span class=\"a-list-item\"><span class=\"a-size-base\">Viene con la cuerda de servicio pesado de 23 m<\/span><\/span><\/li>\n<li><span class=\"a-list-item\"><span class=\"a-size-base\">Ideal para hogares de hasta el quinto piso.<\/span><\/span><\/li>\n<li><span class=\"a-list-item\"><span class=\"a-size-base\">Frente de malla grande recubierto de PVC para un mejor flujo de aire<\/span><\/span><\/li>\n<li><span class=\"a-list-item\"><span class=\"a-size-base\">F\u00e1cil de guardar en la pr\u00e1ctica bolsa de almacenamiento.<\/span><\/span><\/li>\n<li><span class=\"a-list-item\"><span class=\"a-size-base\">\u00a1Complemente su kit de herramientas de emergencia!<\/span><\/span><\/li>\n<li><span class=\"a-list-item\"><span class=\"a-size-base\">\u00daselo bajo su propio riesgo.<\/span><\/span><\/li>\n<\/ul>\n<\/div>\n<\/div>\n<div class=\"apm-listbox a-box a-color-alternate-background a-spacing-small\">\n<div class=\"a-box-inner\">\n<ul class=\"a-unordered-list a-vertical a-spacing-none\">\n<li><span class=\"a-list-item\">Dimensiones :\u00a0 71\/53\/35 cm<\/span><\/li>\n<\/ul>\n<\/div>\n<\/div>\n<p>Tambi\u00e9n disponible en <a href=\"https:\/\/isopllc.com\/es\/product\/dispositivo-de-evacuacion-de-incendios\/\"><strong>tama\u00f1o peque\u00f1o.<\/strong><\/a><\/p>\n<\/div>\n<\/div>\n<\/div>\n<\/div>\n<\/div>\n<\/div>\n<\/div>\n<\/div>\n<\/div>\n<\/div>\n<\/div>\n","protected":false},"excerpt":{"rendered":"[embed]https:\/\/youtu.be\/K_4E4mb1Urs[\/embed]\n<p id=\"title\" class=\"a-size-large a-spacing-none\" style=\"text-align: center\">Dispositivo de Evacuaci\u00f3n de Incendios Para Ni\u00f1os o Mascotas de Hasta 68 kg &#8211; Mochila Para Salvar Vidas &#8211; Bolsa de Escape Contra Incendios y Cuerda de 15 m Para Beb\u00e9s Perros o Gatos (Grande)<\/p>\n<p style=\"text-align: center\">ENV\u00cdO GRATIS EN 3-7 D\u00cdAS<\/p>\n<h4 style=\"text-align: center\"><strong>C\u00d3MPRALO<\/strong><\/h4>\n<h4 style=\"text-align: center\"><a href=\"https:\/\/www.amazon.es\/dp\/B0846W7HMD\/ref=sr_1_1?__mk_es_ES=%C3%85M%C3%85%C5%BD%C3%95%C3%91&amp;crid=22SE8YFRFG6AG&amp;dib=eyJ2IjoiMSJ9.9gLS_RJzN2_t-Fux8ZeS5Q.1JmaPJmMZa-SubJE7JhflM3PHY6ZXchbWPI8Ufw9uPA&amp;dib_tag=se&amp;keywords=Dispositivo%2Bde%2BEvacuaci%C3%B3n%2Bde%2BIncendios%2BPara%2BMascotas%2BMochila%2BPara%2BSalvar%2BVidas&amp;qid=1740272764&amp;sprefix=b0846w7hmd%2Caps%2C371&amp;sr=8-1&amp;th=1\"><img loading=\"lazy\" decoding=\"async\" class=\"aligncenter wp-image-1040 size-full\" src=\"https:\/\/isopllc.com\/es\/wp-content\/uploads\/sites\/7\/2020\/01\/amazon-button9.png\" alt=\"\" width=\"160\" height=\"59\" \/><\/a><\/h4>\n<p>&nbsp;<\/p>\n","protected":false},"featured_media":4255,"comment_status":"open","ping_status":"closed","template":"","meta":[],"product_brand":[],"product_cat":[172],"product_tag":[57,58,60,59,41],"class_list":{"0":"post-4126","1":"product","2":"type-product","3":"status-publish","4":"has-post-thumbnail","6":"product_cat-escape-de-incendios-para-mascotas","7":"product_tag-dispositivo-de-evacuacion","8":"product_tag-incendios","9":"product_tag-mascotas","10":"product_tag-ninos","11":"product_tag-seguridad","13":"first","14":"instock","15":"shipping-taxable","16":"purchasable","17":"product-type-variable"},"_links":{"self":[{"href":"https:\/\/isopllc.com\/es\/wp-json\/wp\/v2\/product\/4126","targetHints":{"allow":["GET"]}}],"collection":[{"href":"https:\/\/isopllc.com\/es\/wp-json\/wp\/v2\/product"}],"about":[{"href":"https:\/\/isopllc.com\/es\/wp-json\/wp\/v2\/types\/product"}],"replies":[{"embeddable":true,"href":"https:\/\/isopllc.com\/es\/wp-json\/wp\/v2\/comments?post=4126"}],"wp:featuredmedia":[{"embeddable":true,"href":"https:\/\/isopllc.com\/es\/wp-json\/wp\/v2\/media\/4255"}],"wp:attachment":[{"href":"https:\/\/isopllc.com\/es\/wp-json\/wp\/v2\/media?parent=4126"}],"wp:term":[{"taxonomy":"product_brand","embeddable":true,"href":"https:\/\/isopllc.com\/es\/wp-json\/wp\/v2\/product_brand?post=4126"},{"taxonomy":"product_cat","embeddable":true,"href":"https:\/\/isopllc.com\/es\/wp-json\/wp\/v2\/product_cat?post=4126"},{"taxonomy":"product_tag","embeddable":true,"href":"https:\/\/isopllc.com\/es\/wp-json\/wp\/v2\/product_tag?post=4126"}],"curies":[{"name":"wp","href":"https:\/\/api.w.org\/{rel}","templated":true}]}}