{"id":4163,"date":"2020-07-23T00:51:11","date_gmt":"2020-07-23T00:51:11","guid":{"rendered":"https:\/\/isopllc.com\/uk\/?post_type=product&#038;p=4163"},"modified":"2025-06-30T16:30:00","modified_gmt":"2025-06-30T16:30:00","slug":"escalera-de-cuerda-para-del-juego-3-m","status":"publish","type":"product","link":"https:\/\/isopllc.com\/es\/product\/escalera-de-cuerda-para-del-juego-3-m\/","title":{"rendered":"Escalera de Cuerda para del Juego 3 m"},"content":{"rendered":"<div class=\"celwidget aplus-module module-12 aplus-standard\">\n<div class=\"a-expander-collapsed-height a-row a-expander-container a-expander-partial-collapse-container\" aria-live=\"polite\" data-a-expander-name=\"aplus-module-expander\" data-a-expander-collapsed-height=\"360\">\n<div class=\"a-expander-content a-expander-partial-collapse-content\" aria-expanded=\"false\">\n<div class=\"aplus-module-wrapper apm-spacing apm-floatnone apm-fixed-width\">\n<div class=\"apm-sidemodule aplus-module-content\">\n<div class=\"apm-hero-image\"><img loading=\"lazy\" decoding=\"async\" class=\"alignnone\" src=\"https:\/\/m.media-amazon.com\/images\/S\/aplus-media\/sc\/fbf9c4e8-bb4b-4c50-97b3-12467d86ba13.__CR0,0,970,300_PT0_SX970_V1___.jpg\" alt=\"Escalera para Interiores o Exteriores\" width=\"970\" height=\"300\" data-src=\"https:\/\/m.media-amazon.com\/images\/S\/aplus-media\/sc\/fbf9c4e8-bb4b-4c50-97b3-12467d86ba13.__CR0,0,970,300_PT0_SX970_V1___.jpg\" data- title=\"\"><\/div>\n<div class=\"textright apm-hero-text\">\n<h2 style=\"text-align: center;\">Escalera de Cuerda para del Juego 3 m &#8211; de Columpios para Escalar \u00e1rboles de &#8211; Ejercicios y Muchos m\u00e1s &#8211; Escalera para Interiores o Exteriores<\/h2>\n<\/div>\n<\/div>\n<\/div>\n<\/div>\n<\/div>\n<\/div>\n<div class=\"celwidget aplus-module module-1 aplus-standard\">\n<div class=\"a-expander-collapsed-height a-row a-expander-container a-expander-partial-collapse-container\" aria-live=\"polite\" data-a-expander-name=\"aplus-module-expander\" data-a-expander-collapsed-height=\"700\">\n<div class=\"a-expander-content a-expander-partial-collapse-content\" aria-expanded=\"false\">\n<div class=\"aplus-module-wrapper apm-fixed-width\">\n<div class=\"apm-spacing apm-wrap\">\n<div class=\"apm-floatleft apm-wrap\">\n<div class=\"apm-rightthirdcol\">\n<div class=\"apm-rightthirdcol-inner\">\n<div class=\"a-box a-spacing-small a-color-alternate-background apm-listbox\">\n<div class=\"a-box-inner\">\n<div class=\"celwidget aplus-module module-9 aplus-standard\" data-csa-c-id=\"fnj1l-tkb07x-xh0g2z-68o7no\" data-cel-widget=\"aplus-module-9\">\n<div class=\"a-expander-collapsed-height a-row a-expander-container a-expander-partial-collapse-container\" aria-live=\"polite\" data-a-expander-name=\"aplus-module-expander\" data-a-expander-collapsed-height=\"700\">\n<div class=\"a-expander-content a-expander-partial-collapse-content\" aria-expanded=\"false\">\n<div class=\"aplus-module-wrapper apm-fixed-width\">\n<div class=\"apm-spacing apm-fixed-width\">\n<h3 class=\"a-spacing-small\">POR QU\u00c9 ELEGIRNOS<\/h3>\n<p><img loading=\"lazy\" decoding=\"async\" class=\"a-spacing-mini alignnone\" src=\"https:\/\/m.media-amazon.com\/images\/S\/aplus-media\/sc\/d82a1e3e-a900-400f-bdc7-88edbf99815e.__CR0,33,467,467_PT0_SX300_V1___.jpg\" alt=\"\" width=\"300\" height=\"300\" data-src=\"https:\/\/m.media-amazon.com\/images\/S\/aplus-media\/sc\/d82a1e3e-a900-400f-bdc7-88edbf99815e.__CR0,33,467,467_PT0_SX300_V1___.jpg\" data- title=\"\"><\/p>\n<h4 class=\"a-spacing-mini\">EXTREMADAMENTE DURADERO<\/h4>\n<p>Para nuestras escaleras que llevan un elefante, se utilizan postes de madera con un di\u00e1metro de 2,5 cm y cuerdas de nailon. no solo ni\u00f1os.<\/p>\n<p><img loading=\"lazy\" decoding=\"async\" class=\"a-spacing-mini alignnone\" src=\"https:\/\/m.media-amazon.com\/images\/S\/aplus-media\/sc\/4604e7fb-7786-4a3c-a69a-de2cfa6981c3.__CR0,0,1000,1000_PT0_SX300_V1___.jpg\" alt=\"\" width=\"300\" height=\"300\" data-src=\"https:\/\/m.media-amazon.com\/images\/S\/aplus-media\/sc\/4604e7fb-7786-4a3c-a69a-de2cfa6981c3.__CR0,0,1000,1000_PT0_SX300_V1___.jpg\" data- title=\"\"><\/p>\n<h4 class=\"a-spacing-mini\">RESISTENTE AL CLIMA<\/h4>\n<p>Los materiales utilizados para subir escaleras de cuerda para ni\u00f1os de 2 m hacen posible soportar todas las condiciones clim\u00e1ticas.<\/p>\n<p><img loading=\"lazy\" decoding=\"async\" class=\"a-spacing-mini alignnone\" src=\"https:\/\/m.media-amazon.com\/images\/S\/aplus-media\/sc\/6f8fabcf-0a0b-4280-9baa-ddc10f50f697.__CR0,0,1000,1000_PT0_SX300_V1___.jpg\" alt=\"Escalera de Cuerda para del Juego\" width=\"300\" height=\"300\" data-src=\"https:\/\/m.media-amazon.com\/images\/S\/aplus-media\/sc\/6f8fabcf-0a0b-4280-9baa-ddc10f50f697.__CR0,0,1000,1000_PT0_SX300_V1___.jpg\" data- title=\"\"><\/p>\n<h4 class=\"a-spacing-mini\">MULTIFUNCION<\/h4>\n<p>Estos dispositivos de juego con escalera de \u00e1rbol son duraderos, livianos y port\u00e1tiles, por lo que pueden usarse no solo para ni\u00f1os y no solo como parte de un patio de juegos, sino tambi\u00e9n como escalera de \u00e1tico, escalera de \u00e1tico, escalera de escalada, escalera de seguridad, escalera de escape. Escalera de barco, escabullirse del dormitorio del segundo piso y as\u00ed sucesivamente.<\/p>\n<p><img loading=\"lazy\" decoding=\"async\" class=\"a-spacing-mini alignnone\" src=\"https:\/\/m.media-amazon.com\/images\/S\/aplus-media\/sc\/17d6b901-16b9-43e1-82ca-f4dc630b4be9.__CR0,0,1000,1000_PT0_SX300_V1___.jpg\" alt=\"\" width=\"300\" height=\"300\" data-src=\"https:\/\/m.media-amazon.com\/images\/S\/aplus-media\/sc\/17d6b901-16b9-43e1-82ca-f4dc630b4be9.__CR0,0,1000,1000_PT0_SX300_V1___.jpg\" data- title=\"\"><\/p>\n<\/div>\n<div><\/div>\n<\/div>\n<div>\n<h4 class=\"a-spacing-mini\">LIGERO<\/h4>\n<p>En comparaci\u00f3n con los an\u00e1logos de las escaleras de cuerda, nuestras escaleras de madera son mucho m\u00e1s ligeras, por ejemplo, una escalera de 5 m pesa solo 2,5 kg.<\/p>\n<p><img loading=\"lazy\" decoding=\"async\" class=\"a-spacing-mini alignnone\" src=\"https:\/\/m.media-amazon.com\/images\/S\/aplus-media\/sc\/ea94af7c-a9af-41fa-9454-4f92481a28dd.__CR0,0,1500,1500_PT0_SX300_V1___.jpg\" alt=\"\" width=\"300\" height=\"300\" data-src=\"https:\/\/m.media-amazon.com\/images\/S\/aplus-media\/sc\/ea94af7c-a9af-41fa-9454-4f92481a28dd.__CR0,0,1500,1500_PT0_SX300_V1___.jpg\" data- title=\"\"><\/p>\n<h4 class=\"a-spacing-mini\">DENTRO Y FUERA<\/h4>\n<p>Nuestras escaleras de madera se pueden utilizar tanto en el exterior del jard\u00edn como en el interior de una habitaci\u00f3n. Para hacer esto, simplemente use los ganchos de seguridad adjuntos a la venta. Por cierto, \u00a1solo nuestras escaleras vienen con clips y mosquetones!<\/p>\n<p><img loading=\"lazy\" decoding=\"async\" class=\"a-spacing-mini alignnone\" src=\"https:\/\/m.media-amazon.com\/images\/S\/aplus-media\/sc\/39fbd97a-64cf-40ac-a60b-6a4ab47004a0.__CR0,0,1000,1000_PT0_SX300_V1___.jpg\" alt=\"\" width=\"300\" height=\"300\" data-src=\"https:\/\/m.media-amazon.com\/images\/S\/aplus-media\/sc\/39fbd97a-64cf-40ac-a60b-6a4ab47004a0.__CR0,0,1000,1000_PT0_SX300_V1___.jpg\" data- title=\"\"><\/p>\n<h4 class=\"a-spacing-mini\">COMPACTO Y PORT\u00c1TIL<\/h4>\n<p>Ocupa muy poco espacio. Se puede guardar debajo de una cama, en un armario o incluso en un estante.<\/p>\n<p><img loading=\"lazy\" decoding=\"async\" class=\"a-spacing-mini alignnone\" src=\"https:\/\/m.media-amazon.com\/images\/S\/aplus-media\/sc\/c5e53092-548a-4ab6-a5a9-6819fe9ace42.__CR0,0,1000,1000_PT0_SX300_V1___.jpg\" alt=\"\" width=\"300\" height=\"300\" data-src=\"https:\/\/m.media-amazon.com\/images\/S\/aplus-media\/sc\/c5e53092-548a-4ab6-a5a9-6819fe9ace42.__CR0,0,1000,1000_PT0_SX300_V1___.jpg\" data- title=\"\"><\/p>\n<h4 class=\"a-spacing-mini\">3 TAMA\u00d1OS<\/h4>\n<p>Disponible de 2 m, 3 my 5 m.<\/p>\n<\/div>\n<\/div>\n<\/div>\n<\/div>\n<div class=\"celwidget aplus-module module-9 aplus-standard\" data-csa-c-id=\"utiz9f-lhwec7-qa8rg9-ibac2r\" data-cel-widget=\"aplus-module-9\">\n<div class=\"a-expander-collapsed-height a-row a-expander-container a-expander-partial-collapse-container\" aria-live=\"polite\" data-a-expander-name=\"aplus-module-expander\" data-a-expander-collapsed-height=\"700\">\n<div class=\"a-expander-content a-expander-partial-collapse-content\" aria-expanded=\"false\">\n<div><img loading=\"lazy\" decoding=\"async\" class=\"a-spacing-mini alignnone\" src=\"https:\/\/m.media-amazon.com\/images\/S\/aplus-media\/sc\/4ee58deb-dd1b-4047-8ab7-b31abe407442.__CR35,444,556,556_PT0_SX300_V1___.jpg\" alt=\"\" width=\"300\" height=\"300\" data-src=\"https:\/\/m.media-amazon.com\/images\/S\/aplus-media\/sc\/4ee58deb-dd1b-4047-8ab7-b31abe407442.__CR35,444,556,556_PT0_SX300_V1___.jpg\" data- title=\"\"><\/div>\n<div>\n<h4 class=\"a-spacing-mini\">MEJOR CALIDAD<\/h4>\n<p>\u00a1Nos enorgullecemos de que durante todo el per\u00edodo de venta no haya habido una sola queja de que estas escaleras fueran de mala calidad y no devolvieran debido a la mala calidad!<\/p>\n<p><img loading=\"lazy\" decoding=\"async\" class=\"a-spacing-mini alignnone\" src=\"https:\/\/m.media-amazon.com\/images\/S\/aplus-media\/sc\/7dcaeead-691d-4846-9c24-89bf9cd8b39a.__CR0,0,1000,1000_PT0_SX300_V1___.jpg\" alt=\"\" width=\"300\" height=\"300\" data-src=\"https:\/\/m.media-amazon.com\/images\/S\/aplus-media\/sc\/7dcaeead-691d-4846-9c24-89bf9cd8b39a.__CR0,0,1000,1000_PT0_SX300_V1___.jpg\" data- title=\"\"><\/p>\n<\/div>\n<div>Recomendamos comprar escaleras a una empresa que se especialice en fabricarlas porque es un producto de seguridad. ISOP es una de las pocas empresas que ofrece una amplia gama de escaleras de su propia planta de fabricaci\u00f3n.<\/div>\n<\/div>\n<\/div>\n<\/div>\n<\/div>\n<\/div>\n<\/div>\n<\/div>\n<\/div>\n<\/div>\n<\/div>\n<\/div>\n<\/div>\n<\/div>\n","protected":false},"excerpt":{"rendered":"[embed]https:\/\/youtu.be\/nn0aB3S8o_g?si=C7WvrfE8utdI3IwO[\/embed]\n<p style=\"text-align: center;\">Escalera de Cuerda para del Juego 3 m &#8211; de Columpios para Escalar \u00e1rboles de &#8211; Ejercicios y Muchos m\u00e1s &#8211; Escalera para Interiores o Exteriores<\/p>\n<p style=\"text-align: center;\">ENV\u00cdO GRATIS EN 3-7 D\u00cdAS<\/p>\n<h4 style=\"text-align: center;\"><strong>C\u00d3MPRALO<\/strong><\/h4>\n<p><a href=\"https:\/\/www.amazon.es\/ISOP-Escalera-Interiores-Exteriores-Adultos\/dp\/B083J9YCKG\/?maas=maas_adg_C84FCEF3084AAE2F6300D3ADD7F23686_afap_abs&amp;ref_=aa_maas&amp;ref=sr_1_1&amp;dchild=1&amp;keywords=Escalera+de+cuerda+para+ni%C3%B1os&amp;qid=1605352113&amp;sr=8-1\"><img loading=\"lazy\" decoding=\"async\" class=\"wp-image-1040 size-full aligncenter\" src=\"https:\/\/rightfoodonly.com\/wp-content\/uploads\/amazon-button9.png\" alt=\"\" width=\"160\" height=\"59\" \/><\/a><\/p>\n<p>&nbsp;<\/p>\n","protected":false},"featured_media":4151,"comment_status":"open","ping_status":"closed","template":"","meta":[],"product_brand":[],"product_cat":[174],"product_tag":[134,133,61,47,41],"class_list":{"0":"post-4163","1":"product","2":"type-product","3":"status-publish","4":"has-post-thumbnail","6":"product_cat-escaleras-de-cuerda-para-ninos","7":"product_tag-aire-libre","8":"product_tag-escalar","9":"product_tag-escalera-de-cuerda","10":"product_tag-isop","11":"product_tag-seguridad","13":"first","14":"instock","15":"shipping-taxable","16":"purchasable","17":"product-type-simple"},"_links":{"self":[{"href":"https:\/\/isopllc.com\/es\/wp-json\/wp\/v2\/product\/4163","targetHints":{"allow":["GET"]}}],"collection":[{"href":"https:\/\/isopllc.com\/es\/wp-json\/wp\/v2\/product"}],"about":[{"href":"https:\/\/isopllc.com\/es\/wp-json\/wp\/v2\/types\/product"}],"replies":[{"embeddable":true,"href":"https:\/\/isopllc.com\/es\/wp-json\/wp\/v2\/comments?post=4163"}],"wp:featuredmedia":[{"embeddable":true,"href":"https:\/\/isopllc.com\/es\/wp-json\/wp\/v2\/media\/4151"}],"wp:attachment":[{"href":"https:\/\/isopllc.com\/es\/wp-json\/wp\/v2\/media?parent=4163"}],"wp:term":[{"taxonomy":"product_brand","embeddable":true,"href":"https:\/\/isopllc.com\/es\/wp-json\/wp\/v2\/product_brand?post=4163"},{"taxonomy":"product_cat","embeddable":true,"href":"https:\/\/isopllc.com\/es\/wp-json\/wp\/v2\/product_cat?post=4163"},{"taxonomy":"product_tag","embeddable":true,"href":"https:\/\/isopllc.com\/es\/wp-json\/wp\/v2\/product_tag?post=4163"}],"curies":[{"name":"wp","href":"https:\/\/api.w.org\/{rel}","templated":true}]}}