{"id":4235,"date":"2020-09-03T03:04:14","date_gmt":"2020-09-03T03:04:14","guid":{"rendered":"https:\/\/isopllc.com\/uk\/?post_type=product&#038;p=4235"},"modified":"2025-06-30T16:29:40","modified_gmt":"2025-06-30T16:29:40","slug":"escalera-de-cuerda-para-ninos-2-m","status":"publish","type":"product","link":"https:\/\/isopllc.com\/es\/product\/escalera-de-cuerda-para-ninos-2-m\/","title":{"rendered":"Accesorios de exterior &#8211; Escalera de cuerda para ni\u00f1os 2 m"},"content":{"rendered":"<h2 style=\"text-align: center;\">Accesorios de exterior &#8211; Escalera de cuerda para ni\u00f1os 2 m | Escalera de \u00e1rbol para juegos infantiles | Escalera de madera con mosquetones<\/h2>\n<div class=\"celwidget aplus-module module-12 aplus-standard\">\n<div class=\"a-expander-collapsed-height a-row a-expander-container a-expander-partial-collapse-container\" aria-live=\"polite\" data-a-expander-name=\"aplus-module-expander\" data-a-expander-collapsed-height=\"360\">\n<div class=\"a-expander-content a-expander-partial-collapse-content\" aria-expanded=\"false\">\n<div class=\"aplus-module-wrapper apm-spacing apm-floatnone apm-fixed-width\">\n<div class=\"apm-sidemodule aplus-module-content\">\n<div class=\"apm-hero-image\"><img loading=\"lazy\" decoding=\"async\" class=\"alignnone\" src=\"https:\/\/m.media-amazon.com\/images\/S\/aplus-media\/sc\/a9713dd0-c5a7-490e-a2d7-7ebe73f6a04f.__CR0,0,970,300_PT0_SX970_V1___.jpg\" alt=\"Accesorios de exterior\" width=\"970\" height=\"300\" data-src=\"https:\/\/m.media-amazon.com\/images\/S\/aplus-media\/sc\/a9713dd0-c5a7-490e-a2d7-7ebe73f6a04f.__CR0,0,970,300_PT0_SX970_V1___.jpg\" data- title=\"\"><\/div>\n<div class=\"textright apm-hero-text\">\n<div class=\"celwidget aplus-module module-9 aplus-standard\" data-csa-c-id=\"fnj1l-tkb07x-xh0g2z-68o7no\" data-cel-widget=\"aplus-module-9\">\n<div class=\"a-expander-collapsed-height a-row a-expander-container a-expander-partial-collapse-container\" aria-live=\"polite\" data-a-expander-name=\"aplus-module-expander\" data-a-expander-collapsed-height=\"700\">\n<div class=\"a-expander-content a-expander-partial-collapse-content\" aria-expanded=\"false\">\n<div class=\"aplus-module-wrapper apm-fixed-width\">\n<div class=\"apm-spacing apm-fixed-width\">\n<h2><\/h2>\n<h3 class=\"a-spacing-small\">POR QU\u00c9 ELEGIRNOS<\/h3>\n<p><img loading=\"lazy\" decoding=\"async\" class=\"a-spacing-mini alignnone\" src=\"https:\/\/m.media-amazon.com\/images\/S\/aplus-media\/sc\/d82a1e3e-a900-400f-bdc7-88edbf99815e.__CR0,33,467,467_PT0_SX300_V1___.jpg\" alt=\"\" width=\"300\" height=\"300\" data-src=\"https:\/\/m.media-amazon.com\/images\/S\/aplus-media\/sc\/d82a1e3e-a900-400f-bdc7-88edbf99815e.__CR0,33,467,467_PT0_SX300_V1___.jpg\" data- title=\"\"><\/p>\n<h4 class=\"a-spacing-mini\">EXTREMADAMENTE DURADERO<\/h4>\n<p>Para nuestras escaleras que llevan un elefante, se utilizan postes de madera con un di\u00e1metro de 2,5 cm y cuerdas de nailon. no solo ni\u00f1os.<\/p>\n<p><img loading=\"lazy\" decoding=\"async\" class=\"a-spacing-mini alignnone\" src=\"https:\/\/m.media-amazon.com\/images\/S\/aplus-media\/sc\/4604e7fb-7786-4a3c-a69a-de2cfa6981c3.__CR0,0,1000,1000_PT0_SX300_V1___.jpg\" alt=\"\" width=\"300\" height=\"300\" data-src=\"https:\/\/m.media-amazon.com\/images\/S\/aplus-media\/sc\/4604e7fb-7786-4a3c-a69a-de2cfa6981c3.__CR0,0,1000,1000_PT0_SX300_V1___.jpg\" data- title=\"\"><\/p>\n<h4 class=\"a-spacing-mini\">RESISTENTE AL CLIMA<\/h4>\n<p>Los materiales utilizados para subir escalera de cuerda para ni\u00f1os de 2 m hacen posible soportar todas las condiciones clim\u00e1ticas.<\/p>\n<p><img loading=\"lazy\" decoding=\"async\" class=\"a-spacing-mini alignnone\" src=\"https:\/\/m.media-amazon.com\/images\/S\/aplus-media\/sc\/6f8fabcf-0a0b-4280-9baa-ddc10f50f697.__CR0,0,1000,1000_PT0_SX300_V1___.jpg\" alt=\"\" width=\"300\" height=\"300\" data-src=\"https:\/\/m.media-amazon.com\/images\/S\/aplus-media\/sc\/6f8fabcf-0a0b-4280-9baa-ddc10f50f697.__CR0,0,1000,1000_PT0_SX300_V1___.jpg\" data- title=\"\"><\/p>\n<h4 class=\"a-spacing-mini\">MULTIFUNCION<\/h4>\n<p>Estos dispositivos de juego con escalera de \u00e1rbol son duraderos, livianos y port\u00e1tiles, por lo que pueden usarse no solo para ni\u00f1os y no solo como parte de un patio de juegos, sino tambi\u00e9n como escalera de \u00e1tico, escalera de \u00e1tico, escalera de escalada, escalera de seguridad, escalera de escape. Escalera de barco, escabullirse del dormitorio del segundo piso y as\u00ed sucesivamente.<\/p>\n<p><img loading=\"lazy\" decoding=\"async\" class=\"a-spacing-mini alignnone\" src=\"https:\/\/m.media-amazon.com\/images\/S\/aplus-media\/sc\/17d6b901-16b9-43e1-82ca-f4dc630b4be9.__CR0,0,1000,1000_PT0_SX300_V1___.jpg\" alt=\"\" width=\"300\" height=\"300\" data-src=\"https:\/\/m.media-amazon.com\/images\/S\/aplus-media\/sc\/17d6b901-16b9-43e1-82ca-f4dc630b4be9.__CR0,0,1000,1000_PT0_SX300_V1___.jpg\" data- title=\"\"><\/p>\n<\/div>\n<div><\/div>\n<\/div>\n<div>\n<h4 class=\"a-spacing-mini\">LIGERO<\/h4>\n<p>En comparaci\u00f3n con los an\u00e1logos de las escaleras de cuerda, nuestras escaleras de madera son mucho m\u00e1s ligeras, por ejemplo, una escalera de 5 m pesa solo 2,5 kg.<\/p>\n<p><img loading=\"lazy\" decoding=\"async\" class=\"a-spacing-mini alignnone\" src=\"https:\/\/m.media-amazon.com\/images\/S\/aplus-media\/sc\/ea94af7c-a9af-41fa-9454-4f92481a28dd.__CR0,0,1500,1500_PT0_SX300_V1___.jpg\" alt=\"\" width=\"300\" height=\"300\" data-src=\"https:\/\/m.media-amazon.com\/images\/S\/aplus-media\/sc\/ea94af7c-a9af-41fa-9454-4f92481a28dd.__CR0,0,1500,1500_PT0_SX300_V1___.jpg\" data- title=\"\"><\/p>\n<h4 class=\"a-spacing-mini\">DENTRO Y FUERA<\/h4>\n<p>Nuestras escaleras de madera se pueden utilizar tanto en el exterior del jard\u00edn como en el interior de una habitaci\u00f3n. Para hacer esto, simplemente use los ganchos de seguridad adjuntos a la venta. Por cierto, \u00a1solo nuestras escaleras vienen con clips y mosquetones!<\/p>\n<p><img loading=\"lazy\" decoding=\"async\" class=\"a-spacing-mini alignnone\" src=\"https:\/\/m.media-amazon.com\/images\/S\/aplus-media\/sc\/39fbd97a-64cf-40ac-a60b-6a4ab47004a0.__CR0,0,1000,1000_PT0_SX300_V1___.jpg\" alt=\"\" width=\"300\" height=\"300\" data-src=\"https:\/\/m.media-amazon.com\/images\/S\/aplus-media\/sc\/39fbd97a-64cf-40ac-a60b-6a4ab47004a0.__CR0,0,1000,1000_PT0_SX300_V1___.jpg\" data- title=\"\"><\/p>\n<h4 class=\"a-spacing-mini\">COMPACTO Y PORT\u00c1TIL<\/h4>\n<p>Ocupa muy poco espacio. Se puede guardar debajo de una cama, en un armario o incluso en un estante.<\/p>\n<p><img loading=\"lazy\" decoding=\"async\" class=\"alignnone wp-image-4151\" src=\"https:\/\/isopllc.com\/es\/wp-content\/uploads\/sites\/7\/2020\/07\/41CqYJtO0pL._AC_.jpg\" alt=\"\" width=\"278\" height=\"331\" title=\"\" srcset=\"https:\/\/isopllc.com\/es\/wp-content\/uploads\/sites\/7\/2020\/07\/41CqYJtO0pL._AC_.jpg 419w, https:\/\/isopllc.com\/es\/wp-content\/uploads\/sites\/7\/2020\/07\/41CqYJtO0pL._AC_-416x494.jpg 416w\" sizes=\"auto, (max-width: 278px) 100vw, 278px\" \/><\/p>\n<h4 class=\"a-spacing-mini\">3 TAMA\u00d1OS<\/h4>\n<p>Disponible de 2 m, 3 my 5 m.<\/p>\n<\/div>\n<\/div>\n<\/div>\n<\/div>\n<div class=\"celwidget aplus-module module-9 aplus-standard\" data-csa-c-id=\"utiz9f-lhwec7-qa8rg9-ibac2r\" data-cel-widget=\"aplus-module-9\">\n<div class=\"a-expander-collapsed-height a-row a-expander-container a-expander-partial-collapse-container\" aria-live=\"polite\" data-a-expander-name=\"aplus-module-expander\" data-a-expander-collapsed-height=\"700\">\n<div class=\"a-expander-content a-expander-partial-collapse-content\" aria-expanded=\"false\">\n<div><img loading=\"lazy\" decoding=\"async\" class=\"a-spacing-mini alignnone\" src=\"https:\/\/m.media-amazon.com\/images\/S\/aplus-media\/sc\/4ee58deb-dd1b-4047-8ab7-b31abe407442.__CR35,444,556,556_PT0_SX300_V1___.jpg\" alt=\"\" width=\"300\" height=\"300\" data-src=\"https:\/\/m.media-amazon.com\/images\/S\/aplus-media\/sc\/4ee58deb-dd1b-4047-8ab7-b31abe407442.__CR35,444,556,556_PT0_SX300_V1___.jpg\" data- title=\"\"><\/div>\n<div>\n<h4 class=\"a-spacing-mini\">MEJOR CALIDAD<\/h4>\n<p>\u00a1Nos enorgullecemos de que durante todo el per\u00edodo de venta no haya habido una sola queja de que estas escaleras fueran de mala calidad y no devolvieran debido a la mala calidad!<\/p>\n<p><img loading=\"lazy\" decoding=\"async\" class=\"a-spacing-mini alignnone\" src=\"https:\/\/m.media-amazon.com\/images\/S\/aplus-media\/sc\/7dcaeead-691d-4846-9c24-89bf9cd8b39a.__CR0,0,1000,1000_PT0_SX300_V1___.jpg\" alt=\"Escalera de cuerda para ni\u00f1os\" width=\"300\" height=\"300\" data-src=\"https:\/\/m.media-amazon.com\/images\/S\/aplus-media\/sc\/7dcaeead-691d-4846-9c24-89bf9cd8b39a.__CR0,0,1000,1000_PT0_SX300_V1___.jpg\" data- title=\"\"><\/p>\n<\/div>\n<div>\n<p>Recomendamos comprar las escaleras a una empresa especializada en su fabricaci\u00f3n, ya que se trata de un producto de seguridad, e ISOP es una de las pocas empresas que ofrece una amplia selecci\u00f3n de escaleras de su propia planta de fabricaci\u00f3n.<\/p>\n<p>Una Escalera de cuerda para ni\u00f1os es un accesorio de juego muy popular que combina la diversi\u00f3n con el desarrollo f\u00edsico. Entre sus caracter\u00edsticas principales se incluyen:<\/p>\n<p><strong>Materiales:<\/strong> Construida con pelda\u00f1os lisos de madera dura sin astillas y cuerdas duraderas, que garantizan la seguridad y la longevidad.<br \/>\n<strong>Dise\u00f1o:<\/strong> T\u00edpicamente cuenta con pelda\u00f1os de madera espaciados uniformemente conectados por cuerdas resistentes, proporcionando un agarre seguro para los ni\u00f1os.<br \/>\n<strong>Capacidad de peso:<\/strong> Dise\u00f1ado para soportar un peso considerable, a menudo hasta 250 libras, acomodando a ni\u00f1os de varias edades.<br \/>\n<strong>Instalaci\u00f3n:<\/strong> Equipado con mosquetones para facilitar su fijaci\u00f3n a columpios, casas en los \u00e1rboles o \u00e1reas de juego interiores.<br \/>\n<strong>Portabilidad:<\/strong> Ligero y f\u00e1cil de mover, lo que permite un uso vers\u00e1til tanto en interiores como en exteriores.<\/p>\n<p>Caracter\u00edsticas de seguridad: Incluye pelda\u00f1os antideslizantes y nudos seguros para evitar resbalones, garantizando una experiencia de escalada segura para los ni\u00f1os.<\/p>\n<p>Estas Escalera de cuerda para ni\u00f1os son excelentes para desarrollar la coordinaci\u00f3n, el equilibrio y la fuerza en los ni\u00f1os, a la vez que proporcionan una experiencia de escalada divertida.<\/p>\n<\/div>\n<\/div>\n<\/div>\n<\/div>\n<div class=\"celwidget aplus-module module-9 aplus-standard\" data-csa-c-id=\"d43jaf-x2zktw-yx78zw-6t21nh\" data-cel-widget=\"aplus-module-9\">\n<div class=\"a-expander-collapsed-height a-row a-expander-container a-expander-partial-collapse-container\" aria-live=\"polite\" data-a-expander-name=\"aplus-module-expander\" data-a-expander-collapsed-height=\"700\">\n<div class=\"a-expander-content a-expander-partial-collapse-content\" aria-expanded=\"false\">\n<div class=\"aplus-module-wrapper apm-fixed-width\">\n<div class=\"apm-spacing apm-fixed-width\"><\/div>\n<\/div>\n<\/div>\n<\/div>\n<\/div>\n<\/div>\n<\/div>\n<\/div>\n<\/div>\n<\/div>\n<\/div>\n","protected":false},"excerpt":{"rendered":"[embed]https:\/\/youtu.be\/nn0aB3S8o_g?si=C7WvrfE8utdI3IwO[\/embed]\n<p style=\"text-align: center;\">Accesorios de exterior &#8211; Escalera de cuerda para ni\u00f1os 2 m | Escalera de \u00e1rbol para juegos infantiles | Escalera de madera con mosquetones<\/p>\n<p style=\"text-align: center;\">ENV\u00cdO GRATIS EN 3-7 D\u00cdAS<\/p>\n<h4 style=\"text-align: center;\"><strong>C\u00d3MPRALO<\/strong><\/h4>\n<p><a href=\"https:\/\/www.amazon.es\/ISOP-Accesorios-Aire-Libre-mosquetones\/dp\/B08CZDHL15\/?maas=maas_adg_D4DB8079B204934D76740468BADF30D7_afap_abs&amp;ref_=aa_maas&amp;ref=sr_1_1&amp;dchild=1&amp;keywords=Accesorios+al+Aire+Libre&amp;qid=1624533893&amp;sr=8-1\"><img loading=\"lazy\" decoding=\"async\" class=\"wp-image-1040 size-full aligncenter\" src=\"https:\/\/rightfoodonly.com\/wp-content\/uploads\/amazon-button9.png\" alt=\"\" width=\"160\" height=\"59\" \/><\/a><\/p>\n<p>&nbsp;<\/p>\n","protected":false},"featured_media":4155,"comment_status":"open","ping_status":"closed","template":"","meta":[],"product_brand":[],"product_cat":[174],"product_tag":[36,61,59,77],"class_list":{"0":"post-4235","1":"product","2":"type-product","3":"status-publish","4":"has-post-thumbnail","6":"product_cat-escaleras-de-cuerda-para-ninos","7":"product_tag-equipo-de-seguridad","8":"product_tag-escalera-de-cuerda","9":"product_tag-ninos","10":"product_tag-trepar","12":"first","13":"instock","14":"shipping-taxable","15":"purchasable","16":"product-type-simple"},"_links":{"self":[{"href":"https:\/\/isopllc.com\/es\/wp-json\/wp\/v2\/product\/4235","targetHints":{"allow":["GET"]}}],"collection":[{"href":"https:\/\/isopllc.com\/es\/wp-json\/wp\/v2\/product"}],"about":[{"href":"https:\/\/isopllc.com\/es\/wp-json\/wp\/v2\/types\/product"}],"replies":[{"embeddable":true,"href":"https:\/\/isopllc.com\/es\/wp-json\/wp\/v2\/comments?post=4235"}],"wp:featuredmedia":[{"embeddable":true,"href":"https:\/\/isopllc.com\/es\/wp-json\/wp\/v2\/media\/4155"}],"wp:attachment":[{"href":"https:\/\/isopllc.com\/es\/wp-json\/wp\/v2\/media?parent=4235"}],"wp:term":[{"taxonomy":"product_brand","embeddable":true,"href":"https:\/\/isopllc.com\/es\/wp-json\/wp\/v2\/product_brand?post=4235"},{"taxonomy":"product_cat","embeddable":true,"href":"https:\/\/isopllc.com\/es\/wp-json\/wp\/v2\/product_cat?post=4235"},{"taxonomy":"product_tag","embeddable":true,"href":"https:\/\/isopllc.com\/es\/wp-json\/wp\/v2\/product_tag?post=4235"}],"curies":[{"name":"wp","href":"https:\/\/api.w.org\/{rel}","templated":true}]}}