{"id":4388,"date":"2021-06-01T04:02:31","date_gmt":"2021-06-01T04:02:31","guid":{"rendered":"https:\/\/isopllc.com\/es\/?post_type=product&#038;p=4388"},"modified":"2025-06-30T16:27:52","modified_gmt":"2025-06-30T16:27:52","slug":"escalera-de-escape-de-incendios-de-2-pisos","status":"publish","type":"product","link":"https:\/\/isopllc.com\/es\/product\/escalera-de-escape-de-incendios-de-2-pisos\/","title":{"rendered":"Escalera de Escape de Incendios de 2 Pisos &#8211; Escalera de Cuerda"},"content":{"rendered":"<div class=\"celwidget aplus-module module-4 aplus-standard\" data-csa-c-id=\"6mnb1z-9dwrl2-ic24uv-jd1phn\" data-cel-widget=\"aplus-module-4\">\n<div class=\"a-expander-collapsed-height a-row a-expander-container a-expander-partial-collapse-container\" aria-live=\"polite\" data-a-expander-name=\"aplus-module-expander\" data-a-expander-collapsed-height=\"700\">\n<div class=\"a-expander-content a-expander-partial-collapse-content\" aria-expanded=\"false\">\n<div class=\"aplus-module-wrapper apm-fixed-width\">\n<div class=\"apm-spacing\">\n<div class=\"apm-floatleft apm-fixed-width\">\n<div id=\"title_feature_div\" class=\"celwidget\" data-feature-name=\"title\" data-csa-c-id=\"m5t5xw-wzxd1-od319-pyb58o\" data-cel-widget=\"title_feature_div\">\n<div id=\"titleSection\" class=\"a-section a-spacing-none\">\n<div id=\"title_feature_div\" class=\"celwidget\" data-feature-name=\"title\" data-csa-c-id=\"m5t5xw-wzxd1-od319-pyb58o\" data-cel-widget=\"title_feature_div\">\n<div id=\"titleSection\" class=\"a-section a-spacing-none\">\n<h2 id=\"title\" class=\"a-size-large a-spacing-none\" style=\"text-align: left\">Escalera de Escape de Incendios de 2 Pisos | Escalera de Cuerda Contra Incendios para Viviendas 2er Piso | Port\u00e1til, Plegable y Compacto | Escalera de Emergencia Adecuada para Balcones y Ventanas<\/h2>\n<\/div>\n<\/div>\n<\/div>\n<\/div>\n<\/div>\n<\/div>\n<\/div>\n<\/div>\n<\/div>\n<\/div>\n<div class=\"celwidget aplus-module module-9 aplus-standard\" data-csa-c-id=\"kgh8ns-6rdhac-l4uce3-redgno\" data-cel-widget=\"aplus-module-9\">\n<div class=\"a-expander-collapsed-height a-row a-expander-container a-expander-partial-collapse-container\" aria-live=\"polite\" data-a-expander-name=\"aplus-module-expander\" data-a-expander-collapsed-height=\"700\">\n<div class=\"a-expander-content a-expander-partial-collapse-content\" aria-expanded=\"false\">\n<div class=\"aplus-module-wrapper apm-fixed-width\">\n<div class=\"apm-spacing apm-fixed-width\">\n<div class=\"celwidget aplus-module module-9 aplus-standard\" style=\"text-align: left\" data-csa-c-id=\"6rrkxj-o9oo3p-2dk8kw-v8mrts\" data-cel-widget=\"aplus-module-9\">\n<div class=\"a-expander-collapsed-height a-row a-expander-container a-expander-partial-collapse-container\" aria-live=\"polite\" data-a-expander-name=\"aplus-module-expander\" data-a-expander-collapsed-height=\"700\">\n<div class=\"a-expander-content a-expander-partial-collapse-content\" aria-expanded=\"false\">\n<div class=\"aplus-module-wrapper apm-fixed-width\">\n<div class=\"apm-spacing apm-fixed-width\">\n<div class=\"a-expander-content a-expander-partial-collapse-content\" aria-expanded=\"false\">\n<div class=\"aplus-module-wrapper apm-fixed-width\">\n<div class=\"apm-spacing apm-fixed-width\">\n<div class=\"celwidget aplus-module module-9 aplus-standard\" style=\"text-align: left\" data-csa-c-id=\"6rrkxj-o9oo3p-2dk8kw-v8mrts\" data-cel-widget=\"aplus-module-9\">\n<div class=\"a-expander-collapsed-height a-row a-expander-container a-expander-partial-collapse-container\" aria-live=\"polite\" data-a-expander-name=\"aplus-module-expander\" data-a-expander-collapsed-height=\"700\">\n<div class=\"a-expander-content a-expander-partial-collapse-content\" aria-expanded=\"false\">\n<div class=\"aplus-module-wrapper apm-fixed-width\">\n<div class=\"apm-spacing apm-fixed-width\">\n<h3 class=\"a-spacing-small\"><span style=\"vertical-align: inherit\">10 razones por las que elegir nuestras escaleras de escape en caso de incendio<\/span><\/h3>\n<p><img loading=\"lazy\" decoding=\"async\" class=\"alignnone wp-image-4762\" title=\"Escalera de Escape de Incendios\" src=\"https:\/\/isopllc.com\/es\/wp-content\/uploads\/sites\/7\/2021\/06\/hooks-size-416x416-\u043a\u043e\u043f\u0438\u044f-2.jpg\" alt=\"\" width=\"296\" height=\"296\" srcset=\"https:\/\/isopllc.com\/es\/wp-content\/uploads\/sites\/7\/2021\/06\/hooks-size-416x416-\u043a\u043e\u043f\u0438\u044f-2.jpg 416w, https:\/\/isopllc.com\/es\/wp-content\/uploads\/sites\/7\/2021\/06\/hooks-size-416x416-\u043a\u043e\u043f\u0438\u044f-2-150x150.jpg 150w, https:\/\/isopllc.com\/es\/wp-content\/uploads\/sites\/7\/2021\/06\/hooks-size-416x416-\u043a\u043e\u043f\u0438\u044f-2-100x100.jpg 100w\" sizes=\"auto, (max-width: 296px) 100vw, 296px\" \/><\/p>\n<h3><span class=\"a-text-bold\"><span style=\"vertical-align: inherit\">Para ventana o balc\u00f3n<\/span><\/span><\/h3>\n<p><span style=\"vertical-align: inherit\">Incluimos en el kit de escaleras de rescate un juego de ganchos para la salida de incendios de las ventanas, que se fijan al marco de la ventana, as\u00ed como mosquetones profesionales de 11kn para sujetar la escalera a las rejas del balc\u00f3n. Tambi\u00e9n se proporciona una bolsa impermeable de 15 litros para kayak para que pueda guardar la escalera en el balc\u00f3n o en el almac\u00e9n.<\/span><\/p>\n<h3><span class=\"a-text-bold\"><span style=\"vertical-align: inherit\">Aplicaci\u00f3n amplia<\/span><\/span><\/h3>\n<p><span style=\"vertical-align: inherit\">Se puede utilizar como escalera de escape en caso de incendio o de emergencia; Tambi\u00e9n puede servir como b\u00fanker de desv\u00e1n, escaleras de \u00e1tico, escalera de pared e incluso como escalera permanente, etc.<\/span><\/p>\n<p><img loading=\"lazy\" decoding=\"async\" class=\"a-spacing-mini alignnone\" title=\"barato Escalera de Escape de Incendios\" src=\"https:\/\/m.media-amazon.com\/images\/S\/aplus-media\/sc\/d4cc9639-a61a-4b3c-b1c6-a62967c917dd.__CR145,0,1000,1000_PT0_SX300_V1___.jpg\" alt=\"Pelda\u00f1os antideslizantes\" width=\"300\" height=\"300\" data-src=\"https:\/\/m.media-amazon.com\/images\/S\/aplus-media\/sc\/d4cc9639-a61a-4b3c-b1c6-a62967c917dd.__CR145,0,1000,1000_PT0_SX300_V1___.jpg\" \/><\/p>\n<h3><span class=\"a-text-bold\"><span style=\"vertical-align: inherit\">Suave para las manos<\/span><\/span><\/h3>\n<p><span style=\"vertical-align: inherit\">Al crear estas escaleras, consideramos los defectos de nuestros competidores. Los bestsellers como first alert y kidde tienen muchas quejas sobre el hecho de que al usar sus escaleras, los pelda\u00f1os cortan las manos de los usuarios porque los pelda\u00f1os de aluminio son afilados. Tomamos esto en cuenta y nuestras escaleras no tienen esquinas afiladas y son seguras para que las usen tanto adultos como ni\u00f1os.<\/span><\/p>\n<p><img loading=\"lazy\" decoding=\"async\" class=\"a-spacing-mini alignnone\" title=\"Escalera de Cuerda\" src=\"https:\/\/m.media-amazon.com\/images\/S\/aplus-media\/sc\/27f9c708-c858-49c0-96f7-815dd0fa4f9a.__CR0,0,1000,1000_PT0_SX300_V1___.jpg\" alt=\"Aplicaci\u00f3n amplia\" width=\"300\" height=\"300\" data-src=\"https:\/\/m.media-amazon.com\/images\/S\/aplus-media\/sc\/27f9c708-c858-49c0-96f7-815dd0fa4f9a.__CR0,0,1000,1000_PT0_SX300_V1___.jpg\" \/><\/p>\n<h3><span class=\"a-text-bold\"><span style=\"vertical-align: inherit\">Correas integrales<\/span><\/span><\/h3>\n<p><span style=\"vertical-align: inherit\">Nuevamente, comparando nuestras escaleras con la competencia, debe tenerse en cuenta que, a diferencia de otras, desde el extremo superior al inferior, nuestras escaleras consisten en una pieza de correa de cincha que puede soportar m\u00e1s de una 1200 libras (!) Gracias a una tecnolog\u00eda especial patentada. Mientras que las escaleras de correas de la competencia est\u00e1n cosidas en pedazos, lo que en nuestra opini\u00f3n no es confiable.<\/span><\/p>\n<p>&nbsp;<\/p>\n<\/div>\n<\/div>\n<div>\n<p><img loading=\"lazy\" decoding=\"async\" class=\"a-spacing-mini alignnone\" title=\"El mejor escalera de cuerda\" src=\"https:\/\/m.media-amazon.com\/images\/S\/aplus-media\/sc\/42cab632-a2d0-40fd-a2dd-280d531bf010.__CR282,0,1000,1000_PT0_SX300_V1___.jpg\" alt=\"Para ventana o balc\u00f3n\" width=\"300\" height=\"300\" data-src=\"https:\/\/m.media-amazon.com\/images\/S\/aplus-media\/sc\/42cab632-a2d0-40fd-a2dd-280d531bf010.__CR282,0,1000,1000_PT0_SX300_V1___.jpg\" \/><\/p>\n<h3><span class=\"a-text-bold\"><span style=\"vertical-align: inherit\">Estabilizadores<\/span><\/span><\/h3>\n<p><span style=\"vertical-align: inherit\">Los pelda\u00f1os de nuestras escaleras tienen estabilizadores que permiten que las escaleras no se adhieran firmemente a la pared sino que se mantengan firmes contra ella y, por lo tanto, faciliten enormemente el descenso desde el segundo o tercer piso.<\/span><\/p>\n<h3><span class=\"a-text-bold\"><span style=\"vertical-align: inherit\">Pelda\u00f1os antideslizantes<\/span><\/span><\/h3>\n<p><span style=\"vertical-align: inherit\">Un patr\u00f3n especial en la superficie de los pelda\u00f1os hace que el descenso desde el apartamento sea antideslizante en cualquier clima.<\/span><\/p>\n<p><img loading=\"lazy\" decoding=\"async\" class=\"a-spacing-mini alignnone\" title=\"comprar Escalera de cuerda \" src=\"https:\/\/m.media-amazon.com\/images\/S\/aplus-media\/sc\/8b1ba6ce-d84f-4314-b98a-95d063fc3e5e.__CR500,0,1000,1000_PT0_SX300_V1___.jpg\" alt=\"Para ventana o balc\u00f3n\" width=\"300\" height=\"300\" data-src=\"https:\/\/m.media-amazon.com\/images\/S\/aplus-media\/sc\/8b1ba6ce-d84f-4314-b98a-95d063fc3e5e.__CR500,0,1000,1000_PT0_SX300_V1___.jpg\" \/><\/p>\n<h3><span class=\"a-text-bold\"><span style=\"vertical-align: inherit\">A prueba de la intemperie<\/span><\/span><\/h3>\n<p><span style=\"vertical-align: inherit\">La pintura especial con recubrimiento en polvo protege los pelda\u00f1os contra la oxidaci\u00f3n y la cinta de poli\u00e9ster es altamente resistente al agua o la nieve, por lo que nuestras escaleras de emergencia son resistentes a la intemperie.<\/span><\/p>\n<h3>Certificado<\/h3>\n<p>Nuestras escaleras, a diferencia de otras similares en el mercado, est\u00e1n certificadas con el est\u00e1ndar de calidad EN 131. Es mejor confiar tu vida a un producto que ha pasado todas las pruebas necesarias que a uno un poco m\u00e1s barato, hecho qui\u00e9n sabe con qu\u00e9.<\/p>\n<p><img loading=\"lazy\" decoding=\"async\" class=\"alignnone  wp-image-5269\" src=\"https:\/\/isopllc.com\/es\/wp-content\/uploads\/sites\/7\/2025\/04\/Certificado.jpg\" alt=\"Certificado Escalera de Escape de 2 Pisos\" width=\"304\" height=\"304\" title=\"\" srcset=\"https:\/\/isopllc.com\/es\/wp-content\/uploads\/sites\/7\/2025\/04\/Certificado.jpg 1080w, https:\/\/isopllc.com\/es\/wp-content\/uploads\/sites\/7\/2025\/04\/Certificado-150x150.jpg 150w, https:\/\/isopllc.com\/es\/wp-content\/uploads\/sites\/7\/2025\/04\/Certificado-768x768.jpg 768w, https:\/\/isopllc.com\/es\/wp-content\/uploads\/sites\/7\/2025\/04\/Certificado-1000x1000.jpg 1000w, https:\/\/isopllc.com\/es\/wp-content\/uploads\/sites\/7\/2025\/04\/Certificado-416x416.jpg 416w, https:\/\/isopllc.com\/es\/wp-content\/uploads\/sites\/7\/2025\/04\/Certificado-100x100.jpg 100w\" sizes=\"auto, (max-width: 304px) 100vw, 304px\" \/><\/p>\n<h3><span class=\"a-text-bold\"><span style=\"vertical-align: inherit\">Reutilizable<\/span><\/span><\/h3>\n<p><span style=\"vertical-align: inherit\">Nuestras escaleras son reutilizables, a diferencia de las de la competencia. \u00a1Con un almacenamiento adecuado, pueden durar a\u00f1os!<\/span><\/p>\n<\/div>\n<\/div>\n<\/div>\n<\/div>\n<\/div>\n<p><img decoding=\"async\" class=\"a-spacing-mini\" src=\"https:\/\/m.media-amazon.com\/images\/S\/aplus-media-library-service-media\/0816345a-5da9-4a58-b7e9-417c78f7767b.__CR0,0,300,300_PT0_SX300_V1___.jpg\" alt=\"For window or balcony\" data-src=\"https:\/\/m.media-amazon.com\/images\/S\/aplus-media-library-service-media\/0816345a-5da9-4a58-b7e9-417c78f7767b.__CR0,0,300,300_PT0_SX300_V1___.jpg\" data- title=\"\"><\/p>\n<\/div>\n<\/div>\n<p>Viene con una bolsa de almacenamiento.<\/p>\n<p><img decoding=\"async\" src=\"https:\/\/m.media-amazon.com\/images\/S\/aplus-media-library-service-media\/69e20463-8535-4185-ad23-2d11f4e0e445.__CR188,0,1125,1125_PT0_SX300_V1___.jpg\" alt=\"CARABINERS\" title=\"\"><\/p>\n<h3><span class=\"a-text-bold\">Mosquetones de servicio pesado<\/span><\/h3>\n<p>Las escaleras est\u00e1n equipadas con mosquetones cromados con una resistencia a la rotura de 11KN.<\/p>\n<div class=\"a-expander-content a-expander-partial-collapse-content\" aria-expanded=\"false\">\n<div class=\"aplus-module-wrapper apm-fixed-width\">\n<div class=\"apm-spacing apm-fixed-width\">\n<div class=\"celwidget aplus-module module-9 aplus-standard\" style=\"text-align: left\" data-csa-c-id=\"hn4tie-rexf97-49vntp-dywif3\" data-cel-widget=\"aplus-module-9\">\n<div class=\"a-expander-collapsed-height a-row a-expander-container a-expander-partial-collapse-container\" aria-live=\"polite\" data-a-expander-name=\"aplus-module-expander\" data-a-expander-collapsed-height=\"700\">\n<div class=\"a-expander-content a-expander-partial-collapse-content\" aria-expanded=\"false\">\n<div><\/div>\n<\/div>\n<\/div>\n<\/div>\n<div class=\"celwidget aplus-module module-2 aplus-standard\" data-csa-c-id=\"czdp8c-vpt42n-ub22e6-8qlfjz\" data-cel-widget=\"aplus-module-2\">\n<div class=\"a-expander-collapsed-height a-row a-expander-container a-expander-partial-collapse-container\" aria-live=\"polite\" data-a-expander-name=\"aplus-module-expander\" data-a-expander-collapsed-height=\"700\">\n<div class=\"a-expander-content a-expander-partial-collapse-content\" aria-expanded=\"false\">\n<div class=\"aplus-module-wrapper apm-floatnone apm-fixed-width\">\n<div class=\"apm-sidemodule apm-spacing\">\n<div class=\"apm-sidemodule-imageleft\" style=\"text-align: left\"><img decoding=\"async\" class=\"\" src=\"https:\/\/m.media-amazon.com\/images\/S\/aplus-media\/sc\/55dfe070-7172-4b34-b379-6ab49b743dd1.__CR226,0,1000,1000_PT0_SX300_V1___.jpg\" alt=\"Variaci\u00f3n de 2 tama\u00f1os\" data-src=\"https:\/\/m.media-amazon.com\/images\/S\/aplus-media\/sc\/55dfe070-7172-4b34-b379-6ab49b743dd1.__CR226,0,1000,1000_PT0_SX300_V1___.jpg\" data- title=\"\"><\/div>\n<div class=\"apm-sidemodule-textright\">\n<h3 style=\"text-align: left\"><span class=\"a-text-bold\"><span style=\"vertical-align: inherit\">Variaci\u00f3n de 2 tama\u00f1os<\/span><\/span><\/h3>\n<p style=\"text-align: left\"><span style=\"vertical-align: inherit\">Ofrecemos 2 tama\u00f1os de nuestras escaleras de cuerda: escalera de escape en caso de incendio de 1 pisos y escalera de escape en caso de incendio de 2 pisos.<\/span><\/p>\n<p><img decoding=\"async\" src=\"https:\/\/m.media-amazon.com\/images\/S\/aplus-media-library-service-media\/61ca9365-0475-4008-8f82-2ab2190ad52b.__CR0,0,300,300_PT0_SX300_V1___.jpg\" alt=\"Empresa l\u00edder profesional\" title=\"\"><\/p>\n<h3 style=\"text-align: left\"><span class=\"a-text-bold\"><span style=\"vertical-align: inherit\">Empresa profesional de escaleras<\/span><\/span><\/h3>\n<p style=\"text-align: left\"><span style=\"vertical-align: inherit\">Recomendamos comprar escaleras de cuerda de una empresa especializada en escaleras, ya que es un producto de seguridad.<\/span><\/p>\n<p style=\"text-align: left\"><span style=\"vertical-align: inherit\">ISOP es una de las pocas empresas que ofrece una amplia selecci\u00f3n de diferentes escaleras de su propia planta de fabricaci\u00f3n.<\/span><\/p>\n<p><strong>Escalera de Escape de Incendios &#8211; <\/strong>F\u00e1cil de instalar y almacenar \u2013 Se fija r\u00e1pidamente a una estructura y ocupa poco espacio una vez plegada.<\/p>\n<p>Disponible tambi\u00e9n en <a href=\"https:\/\/isopllc.com\/es\/product\/escaleras-de-escape-de-incendios-isop-4-m\/\"><strong>1 pisos.<\/strong><\/a><\/p>\n<\/div>\n<\/div>\n<\/div>\n<\/div>\n<\/div>\n<\/div>\n<\/div>\n<\/div>\n<\/div>\n<\/div>\n<\/div>\n<\/div>\n<\/div>\n<\/div>\n<\/div>\n<\/div>\n<\/div>\n<\/div>\n<\/div>\n","protected":false},"excerpt":{"rendered":"[embed]https:\/\/youtu.be\/0uLAI-4RfL8[\/embed]\n<p id=\"title\" class=\"a-size-large a-spacing-none\" style=\"text-align: center\">Escalera de Escape de Incendios de 2 Pisos | Escalera de Cuerda Contra Incendios para Viviendas 2er Piso | Port\u00e1til, Plegable y Compacto | Escalera de Emergencia Adecuada para Balcones y Ventanas<\/p>\n<p style=\"text-align: center\"><span style=\"vertical-align: inherit\">ENV\u00cdO GRATIS EN 3-7 D\u00cdAS<\/span><\/p>\n<h4 style=\"text-align: center\"><strong><span style=\"vertical-align: inherit\">C\u00d3MPRALO EN<\/span><\/strong><\/h4>\n<p style=\"text-align: center\"><a href=\"https:\/\/www.amazon.es\/dp\/B08LBS752Y\/ref=sr_1_1?__mk_es_ES=%C3%85M%C3%85%C5%BD%C3%95%C3%91&amp;crid=4JDK5C7S2RF2&amp;dib=eyJ2IjoiMSJ9.P2GSnnJDzeIFHE3gCrq6iBgR754pKnfVkLUP13IZ9Ng.cCJ8UtLQt3x9I-uwt6eL7K1Ab0VpBeGpNQLq_Q8_IBU&amp;dib_tag=se&amp;keywords=Escalera+de+Escape+de+Incendios+de+2+Pisos+Escalera+de+Cuerda+contra+Incendios+para+Viviendas+2er+Piso&amp;qid=1739957531&amp;sprefix=%2Caps%2C421&amp;sr=8-1&amp;th=1\"><img loading=\"lazy\" decoding=\"async\" class=\"aligncenter wp-image-1040 size-full\" src=\"https:\/\/isopllc.com\/es\/wp-content\/uploads\/sites\/7\/2020\/01\/amazon-button9.png\" alt=\"\" width=\"160\" height=\"59\" \/><\/a><\/p>\n<p>&nbsp;<\/p>\n","protected":false},"featured_media":4503,"comment_status":"open","ping_status":"closed","template":"","meta":[],"product_brand":[],"product_cat":[178,182],"product_tag":[84,86,64,58,41],"class_list":{"0":"post-4388","1":"product","2":"type-product","3":"status-publish","4":"has-post-thumbnail","6":"product_cat-escaleras-de-escape-con-soporte","7":"product_cat-escaleras-de-escape-para-2-pisos","8":"product_tag-2-pisos","9":"product_tag-escalera-de-escape","10":"product_tag-evacuacion","11":"product_tag-incendios","12":"product_tag-seguridad","14":"first","15":"instock","16":"shipping-taxable","17":"purchasable","18":"product-type-simple"},"_links":{"self":[{"href":"https:\/\/isopllc.com\/es\/wp-json\/wp\/v2\/product\/4388","targetHints":{"allow":["GET"]}}],"collection":[{"href":"https:\/\/isopllc.com\/es\/wp-json\/wp\/v2\/product"}],"about":[{"href":"https:\/\/isopllc.com\/es\/wp-json\/wp\/v2\/types\/product"}],"replies":[{"embeddable":true,"href":"https:\/\/isopllc.com\/es\/wp-json\/wp\/v2\/comments?post=4388"}],"wp:featuredmedia":[{"embeddable":true,"href":"https:\/\/isopllc.com\/es\/wp-json\/wp\/v2\/media\/4503"}],"wp:attachment":[{"href":"https:\/\/isopllc.com\/es\/wp-json\/wp\/v2\/media?parent=4388"}],"wp:term":[{"taxonomy":"product_brand","embeddable":true,"href":"https:\/\/isopllc.com\/es\/wp-json\/wp\/v2\/product_brand?post=4388"},{"taxonomy":"product_cat","embeddable":true,"href":"https:\/\/isopllc.com\/es\/wp-json\/wp\/v2\/product_cat?post=4388"},{"taxonomy":"product_tag","embeddable":true,"href":"https:\/\/isopllc.com\/es\/wp-json\/wp\/v2\/product_tag?post=4388"}],"curies":[{"name":"wp","href":"https:\/\/api.w.org\/{rel}","templated":true}]}}