{"id":4419,"date":"2021-07-26T10:51:38","date_gmt":"2021-07-26T10:51:38","guid":{"rendered":"https:\/\/isopllc.com\/es\/?post_type=product&#038;p=4419"},"modified":"2025-06-30T16:26:21","modified_gmt":"2025-06-30T16:26:21","slug":"escalera-extensible-de-3-m","status":"publish","type":"product","link":"https:\/\/isopllc.com\/es\/product\/escalera-extensible-de-3-m\/","title":{"rendered":"Escalera Extensible de 3 m"},"content":{"rendered":"<div class=\"celwidget aplus-module module-4 aplus-standard\" data-csa-c-id=\"6mnb1z-9dwrl2-ic24uv-jd1phn\" data-cel-widget=\"aplus-module-4\">\n<div class=\"a-expander-collapsed-height a-row a-expander-container a-expander-partial-collapse-container\" aria-live=\"polite\" data-a-expander-name=\"aplus-module-expander\" data-a-expander-collapsed-height=\"700\">\n<div class=\"a-expander-content a-expander-partial-collapse-content\" aria-expanded=\"false\">\n<div class=\"aplus-module-wrapper apm-fixed-width\">\n<div class=\"apm-spacing\">\n<div class=\"apm-floatleft apm-fixed-width\">\n<div id=\"title_feature_div\" class=\"celwidget\" data-feature-name=\"title\" data-csa-c-id=\"m5t5xw-wzxd1-od319-pyb58o\" data-cel-widget=\"title_feature_div\">\n<div id=\"titleSection\" class=\"a-section a-spacing-none\">\n<div id=\"title_feature_div\" class=\"celwidget\" data-feature-name=\"title\" data-csa-c-id=\"m5t5xw-wzxd1-od319-pyb58o\" data-cel-widget=\"title_feature_div\">\n<div id=\"titleSection\" class=\"a-section a-spacing-none\">\n<h2 id=\"title\" class=\"a-size-large a-spacing-none\"><span id=\"productTitle\" class=\"a-size-large product-title-word-break\">Escalera Extensible de 3 m Fabricada en UE | Escalera de Cuerda de Nailon con Mosquetones y Pelda\u00f1os Reforzados &#8211; Ligera | Duradera y Compacta &#8211; Sostiene hasta 209 kg<\/span><\/h2>\n<\/div>\n<\/div>\n<\/div>\n<\/div>\n<\/div>\n<\/div>\n<\/div>\n<\/div>\n<\/div>\n<\/div>\n<div class=\"celwidget aplus-module module-9 aplus-standard\" data-csa-c-id=\"kgh8ns-6rdhac-l4uce3-redgno\" data-cel-widget=\"aplus-module-9\">\n<div class=\"a-expander-collapsed-height a-row a-expander-container a-expander-partial-collapse-container\" aria-live=\"polite\" data-a-expander-name=\"aplus-module-expander\" data-a-expander-collapsed-height=\"700\">\n<div class=\"a-expander-content a-expander-partial-collapse-content\" aria-expanded=\"false\">\n<div class=\"aplus-module-wrapper apm-fixed-width\">\n<div class=\"apm-spacing apm-fixed-width\">\n<div class=\"celwidget aplus-module module-9 aplus-standard\" style=\"text-align: left\" data-csa-c-id=\"6rrkxj-o9oo3p-2dk8kw-v8mrts\" data-cel-widget=\"aplus-module-9\">\n<div class=\"a-expander-collapsed-height a-row a-expander-container a-expander-partial-collapse-container\" aria-live=\"polite\" data-a-expander-name=\"aplus-module-expander\" data-a-expander-collapsed-height=\"700\">\n<div class=\"a-expander-content a-expander-partial-collapse-content\" aria-expanded=\"false\">\n<div class=\"aplus-module-wrapper apm-fixed-width\">\n<div class=\"apm-spacing apm-fixed-width\">\n<div class=\"a-expander-content a-expander-partial-collapse-content\" aria-expanded=\"false\">\n<div class=\"aplus-module-wrapper apm-fixed-width\">\n<div class=\"apm-spacing apm-fixed-width\">\n<div class=\"celwidget aplus-module module-9 aplus-standard\" style=\"text-align: left\" data-csa-c-id=\"6rrkxj-o9oo3p-2dk8kw-v8mrts\" data-cel-widget=\"aplus-module-9\">\n<div class=\"a-expander-collapsed-height a-row a-expander-container a-expander-partial-collapse-container\" aria-live=\"polite\" data-a-expander-name=\"aplus-module-expander\" data-a-expander-collapsed-height=\"700\">\n<div class=\"a-expander-content a-expander-partial-collapse-content\" aria-expanded=\"false\">\n<div class=\"aplus-module-wrapper apm-fixed-width\">\n<div class=\"apm-spacing apm-fixed-width\">\n<div id=\"dpx-aplus-3p-product-description_feature_div\">\n<div class=\"celwidget\" data-csa-c-id=\"j3bfsg-3tzlcs-ur1j1t-3qx8ta\" data-cel-widget=\"dpx-aplus-3p-product-description_csm_instrumentation_wrapper\">\n<div id=\"aplus3p_feature_div\" class=\"celwidget\" data-feature-name=\"aplus3p\" data-csa-c-id=\"k2fion-o9rvok-956ide-qyxnmc\" data-cel-widget=\"aplus3p_feature_div\">\n<div id=\"aplus\" class=\"a-section a-spacing-large bucket\">\n<div class=\"aplus-v2 desktop celwidget\" data-csa-c-id=\"bl307j-us7ik3-uk4k0j-5t20gn\" data-cel-widget=\"aplus\">\n<div class=\"celwidget aplus-module module-4 aplus-standard\" data-csa-c-id=\"eesj8t-e5xo00-6bvqab-g9ww8u\" data-cel-widget=\"aplus-module-4\">\n<div class=\"a-expander-collapsed-height a-row a-expander-container a-expander-partial-collapse-container\" aria-live=\"polite\" data-a-expander-name=\"aplus-module-expander\" data-a-expander-collapsed-height=\"700\">\n<div class=\"a-expander-content a-expander-partial-collapse-content\" aria-expanded=\"false\">\n<div class=\"aplus-module-wrapper apm-fixed-width\">\n<div class=\"apm-spacing\">\n<div class=\"apm-floatleft apm-fixed-width\">\n<h3 class=\"a-spacing-small\">12 razones por las que elegirnos<\/h3>\n<p><img decoding=\"async\" class=\"\" src=\"https:\/\/m.media-amazon.com\/images\/S\/aplus-media\/sc\/0484a226-8be6-4965-8b8a-062de5498c97.__CR0,0,600,600_PT0_SX220_V1___.jpg\" alt=\"Peso ligero.\" data-src=\"https:\/\/m.media-amazon.com\/images\/S\/aplus-media\/sc\/0484a226-8be6-4965-8b8a-062de5498c97.__CR0,0,600,600_PT0_SX220_V1___.jpg\" data- title=\"\"><\/p>\n<h4 class=\"a-spacing-mini\">Peso ligero<\/h4>\n<p class=\"a-size-small\">Esta es la escalera m\u00e1s ligera disponible en el mercado. El peso de una escalera de 3 m es de solo 1 kg.<\/p>\n<p><img decoding=\"async\" class=\"\" src=\"https:\/\/m.media-amazon.com\/images\/S\/aplus-media\/sc\/74a6e3c1-c8e9-4370-82e8-2ece837c08f7.__CR0,0,1000,1000_PT0_SX220_V1___.jpg\" alt=\"Fuerte y estable\" data-src=\"https:\/\/m.media-amazon.com\/images\/S\/aplus-media\/sc\/74a6e3c1-c8e9-4370-82e8-2ece837c08f7.__CR0,0,1000,1000_PT0_SX220_V1___.jpg\" data- title=\"\"><\/p>\n<h4 class=\"a-spacing-mini\">Fuerte y estable<\/h4>\n<p class=\"a-size-small\">Una de las grandes ventajas de nuestra escalera de correas es que las principales correas de nylon son integrales de abajo hacia arriba, y no consisten en piezas cosidas, por lo tanto, es excepcionalmente resistente. Y tambi\u00e9n los materiales utilizados para los pelda\u00f1os tales como fibra de vidrio y fibra de basalto hacen que esta escalera de correa sea mucho m\u00e1s fuerte que cualquier otro.<\/p>\n<p><img decoding=\"async\" class=\"\" src=\"https:\/\/m.media-amazon.com\/images\/S\/aplus-media\/sc\/a31e0885-9da9-4fe2-a571-e1558cab0393.__CR0,0,600,600_PT0_SX220_V1___.jpg\" alt=\"Libre de enredos.\" data-src=\"https:\/\/m.media-amazon.com\/images\/S\/aplus-media\/sc\/a31e0885-9da9-4fe2-a571-e1558cab0393.__CR0,0,600,600_PT0_SX220_V1___.jpg\" data- title=\"\"><\/p>\n<h4 class=\"a-spacing-mini\">Libre de enredos<\/h4>\n<p class=\"a-size-small\">Nuestras escaleras de correas son f\u00e1ciles de empacar en la bolsa de almacenamiento despu\u00e9s de su uso.<\/p>\n<p class=\"a-size-small\">No se enreda durante el montaje.<\/p>\n<p><img decoding=\"async\" class=\"\" src=\"https:\/\/m.media-amazon.com\/images\/S\/aplus-media-library-service-media\/89ce4a71-aad8-4e11-9943-b5105b8856ed.__CR0,0,600,600_PT0_SX220_V1___.jpg\" alt=\"Polonia\" data-src=\"https:\/\/m.media-amazon.com\/images\/S\/aplus-media-library-service-media\/89ce4a71-aad8-4e11-9943-b5105b8856ed.__CR0,0,600,600_PT0_SX220_V1___.jpg\" data- title=\"\"><\/p>\n<h4 class=\"a-spacing-mini\">Fabricado en Polonia<\/h4>\n<p class=\"a-size-small\">Usted puede estar seguro de la calidad!<\/p>\n<div class=\"apm-spacing\"><img decoding=\"async\" class=\"\" style=\"font-weight: 600\" src=\"https:\/\/m.media-amazon.com\/images\/S\/aplus-media\/sc\/393ac846-c55d-4d1f-b20c-d83de7de6999.__CR0,0,1000,1000_PT0_SX220_V1___.jpg\" alt=\"Longitud:\" data-src=\"https:\/\/m.media-amazon.com\/images\/S\/aplus-media\/sc\/393ac846-c55d-4d1f-b20c-d83de7de6999.__CR0,0,1000,1000_PT0_SX220_V1___.jpg\" data- title=\"\"><\/div>\n<div>\n<h4><\/h4>\n<h4 class=\"a-spacing-mini\">Longitud<\/h4>\n<p class=\"a-size-small\">Nuestras escaleras de correas se pueden unir para una mayor longitud.<\/p>\n<\/div>\n<\/div>\n<\/div>\n<\/div>\n<div><img decoding=\"async\" class=\"\" src=\"https:\/\/m.media-amazon.com\/images\/S\/aplus-media\/sc\/6625ab17-5247-415b-a353-7a0e3ca2bb1d.__CR0,0,1000,1000_PT0_SX220_V1___.jpg\" alt=\"Resistente a la intemperie.\" data-src=\"https:\/\/m.media-amazon.com\/images\/S\/aplus-media\/sc\/6625ab17-5247-415b-a353-7a0e3ca2bb1d.__CR0,0,1000,1000_PT0_SX220_V1___.jpg\" data- title=\"\"><\/div>\n<div>\n<h4><\/h4>\n<h4 class=\"a-spacing-mini\">Resistente a la intemperie<\/h4>\n<p class=\"a-size-small\">El material en s\u00ed es una cinta de poli\u00e9ster, as\u00ed como hilos de nylon profesionales, que proporciona resistencia a cualquier clima, incluso en agua. Por lo tanto, se pueden utilizar como escalera de barco o escalera marina. Baja absorci\u00f3n de humedad, resistente a la abrasi\u00f3n, resistente a los da\u00f1os causados por el aceite y muchos productos qu\u00edmicos, suave y de secado r\u00e1pido.<\/p>\n<\/div>\n<\/div>\n<\/div>\n<\/div>\n<div><img decoding=\"async\" class=\"\" src=\"https:\/\/m.media-amazon.com\/images\/S\/aplus-media\/sc\/b1929708-9dad-44c2-a6ed-070474464c51.__CR0,0,1000,1000_PT0_SX220_V1___.jpg\" alt=\"Compacto.\" data-src=\"https:\/\/m.media-amazon.com\/images\/S\/aplus-media\/sc\/b1929708-9dad-44c2-a6ed-070474464c51.__CR0,0,1000,1000_PT0_SX220_V1___.jpg\" data- title=\"\"><\/div>\n<div>\n<h4><\/h4>\n<h4 class=\"a-spacing-mini\">Compacto<\/h4>\n<p class=\"a-size-small\">No puedes imaginar escaleras m\u00e1s compactas. Toda la escalera cabe en la palma de la mano. No ocupan mucho espacio, se pueden almacenar en cualquier lugar, como debajo de la cama en el dormitorio, en el balc\u00f3n y en el techo.<\/p>\n<p><img decoding=\"async\" class=\"\" src=\"https:\/\/m.media-amazon.com\/images\/S\/aplus-media\/sc\/91d8e70e-82c2-457c-9c48-019a2fbff56a.__CR1282,342,714,714_PT0_SX220_V1___.png\" alt=\"Multifuncionalidad\" data-src=\"https:\/\/m.media-amazon.com\/images\/S\/aplus-media\/sc\/91d8e70e-82c2-457c-9c48-019a2fbff56a.__CR1282,342,714,714_PT0_SX220_V1___.png\" data- title=\"\"><\/p>\n<h4 class=\"a-spacing-mini\">Antideslizantes<\/h4>\n<p class=\"a-size-small\">Se sabe que el material de las correas es mucho menos resbaladizo que cualquier otro material duro como aluminio, metal o pl\u00e1stico.<\/p>\n<p><img decoding=\"async\" class=\"\" src=\"https:\/\/m.media-amazon.com\/images\/S\/aplus-media\/sc\/88500a1b-9a49-4721-a955-87e6a78287e3.__CR0,0,1000,1000_PT0_SX220_V1___.jpg\" alt=\"Multifuncionalidad\" data-src=\"https:\/\/m.media-amazon.com\/images\/S\/aplus-media\/sc\/88500a1b-9a49-4721-a955-87e6a78287e3.__CR0,0,1000,1000_PT0_SX220_V1___.jpg\" data- title=\"\"><\/p>\n<h4 class=\"a-spacing-mini\">Multifuncionalidad<\/h4>\n<p class=\"a-size-small\">Las escaleras ISOP se pueden utilizar tanto para un escape de incendios como para emergencias, as\u00ed como para ni\u00f1os en el patio de recreo o para una casa de \u00e1rbol.<\/p>\n<p><img decoding=\"async\" class=\"\" src=\"https:\/\/m.media-amazon.com\/images\/S\/aplus-media\/sc\/0ce14b90-f644-4e71-9958-a603ab85be7a.__CR0,0,800,800_PT0_SX220_V1___.jpg\" alt=\"Mosquetones\" data-src=\"https:\/\/m.media-amazon.com\/images\/S\/aplus-media\/sc\/0ce14b90-f644-4e71-9958-a603ab85be7a.__CR0,0,800,800_PT0_SX220_V1___.jpg\" data- title=\"\"><\/p>\n<h4 class=\"a-spacing-mini\">Mosquetones<\/h4>\n<p class=\"a-size-small\">Ganchos profesionales cromados de 11 kn incluidos.<\/p>\n<p><img decoding=\"async\" class=\"\" src=\"https:\/\/m.media-amazon.com\/images\/S\/aplus-media\/sc\/91fd5669-769f-4880-a4f6-2c1fa7823109.__CR130,0,720,720_PT0_SX220_V1___.png\" alt=\"Bolsa impermeable\" data-src=\"https:\/\/m.media-amazon.com\/images\/S\/aplus-media\/sc\/91fd5669-769f-4880-a4f6-2c1fa7823109.__CR130,0,720,720_PT0_SX220_V1___.png\" data- title=\"\"><\/p>\n<h4 class=\"a-spacing-mini\">Bolsa impermeable<\/h4>\n<p class=\"a-size-small\">Cool bolsa de playa de dise\u00f1o est\u00e1 incluida en el conjunto.<\/p>\n<p><img decoding=\"async\" class=\"\" src=\"https:\/\/m.media-amazon.com\/images\/S\/aplus-media\/sc\/664e5e7c-23b5-4ddb-9d57-cd43c1d86ba2.__CR0,0,1000,1000_PT0_SX220_V1___.jpg\" alt=\"Extremadamente asequible\" data-src=\"https:\/\/m.media-amazon.com\/images\/S\/aplus-media\/sc\/664e5e7c-23b5-4ddb-9d57-cd43c1d86ba2.__CR0,0,1000,1000_PT0_SX220_V1___.jpg\" data- title=\"\"><\/p>\n<h4 class=\"a-spacing-mini\">Extremadamente asequible<\/h4>\n<p class=\"a-size-small\">Estos son m\u00e1s baratos que sus contrapartes.<\/p>\n<p>Disponible tambi\u00e9n en <a href=\"https:\/\/isopllc.com\/es\/product\/escalera-para-ninos-de-2-m\/\"><strong>2\u202fm<\/strong><\/a>, <a href=\"https:\/\/isopllc.com\/es\/product\/escalera-de-techo-de-4-m\/\"><strong>4\u202f m<\/strong><\/a>, <a href=\"https:\/\/isopllc.com\/es\/product\/escalera-de-evacuacion-5m\/\"><strong>5 m<\/strong><\/a>, <a href=\"https:\/\/isopllc.com\/es\/product\/escalera-de-evacuacion-7-5-m-con-anclajes\/\"><strong>7.5 m<\/strong><\/a>, <a href=\"https:\/\/isopllc.com\/es\/product\/escalera-de-emergencia-de-4-pisos-de-10-m\/\"><strong>10 m<\/strong><\/a> y <a href=\"https:\/\/isopllc.com\/es\/product\/escalera-de-escape-de-incendio-de-6-pisos\/\"><strong>15 m.<\/strong><\/a><\/p>\n<\/div>\n<\/div>\n<\/div>\n<\/div>\n<\/div>\n<\/div>\n<\/div>\n<\/div>\n<\/div>\n<\/div>\n<\/div>\n<\/div>\n<\/div>\n<\/div>\n<\/div>\n<\/div>\n<\/div>\n<\/div>\n<\/div>\n<\/div>\n<\/div>\n<\/div>\n<\/div>\n<\/div>\n","protected":false},"excerpt":{"rendered":"[embed]https:\/\/youtu.be\/FwUoJvKbJdk[\/embed]\n<p id=\"title\" class=\"a-size-large a-spacing-none\" style=\"text-align: center\"><span id=\"productTitle\" class=\"a-size-large product-title-word-break\">Escalera Extensible de 3 m Fabricada en UE | Escalera de Cuerda de Nailon con Mosquetones y Pelda\u00f1os Reforzados &#8211; Ligera | Duradera y Compacta &#8211; Sostiene hasta 209 kg<\/span><\/p>\n<p style=\"text-align: center\"><span style=\"vertical-align: inherit\">ENV\u00cdO GRATIS EN 3-7 D\u00cdAS<\/span><\/p>\n<h4 style=\"text-align: center\"><strong><span style=\"vertical-align: inherit\">C\u00d3MPRALO EN<\/span><\/strong><\/h4>\n<p style=\"text-align: center\"><a href=\"https:\/\/www.amazon.es\/Escalera-Extensible-Fabricada-Mosquetones-Reforzados\/dp\/B08F49YKCS\/?maas=maas_adg_4A1423206A8DB94A9EB07400687F1B28_afap_abs&amp;ref_=aa_maas&amp;ref=sr_1_1&amp;__mk_es_ES=%C3%85M%C3%85%C5%BD%C3%95%C3%91&amp;dchild=1&amp;keywords=Escalera%20Extensible%20de%203%20m&amp;qid=1628507578&amp;sr=8-1\"><img loading=\"lazy\" decoding=\"async\" class=\"wp-image-1040 size-full aligncenter\" src=\"https:\/\/rightfoodonly.com\/wp-content\/uploads\/amazon-button9.png\" alt=\"\" width=\"160\" height=\"59\" \/><\/a><\/p>\n<p>&nbsp;<\/p>\n","protected":false},"featured_media":4502,"comment_status":"open","ping_status":"closed","template":"","meta":[],"product_brand":[],"product_cat":[174,177],"product_tag":[98,36,97],"class_list":{"0":"post-4419","1":"product","2":"type-product","3":"status-publish","4":"has-post-thumbnail","6":"product_cat-escaleras-de-cuerda-para-ninos","7":"product_cat-escaleras-de-rescate","8":"product_tag-construccion","9":"product_tag-equipo-de-seguridad","10":"product_tag-escalera-de-techo","12":"first","13":"instock","14":"shipping-taxable","15":"purchasable","16":"product-type-simple"},"_links":{"self":[{"href":"https:\/\/isopllc.com\/es\/wp-json\/wp\/v2\/product\/4419","targetHints":{"allow":["GET"]}}],"collection":[{"href":"https:\/\/isopllc.com\/es\/wp-json\/wp\/v2\/product"}],"about":[{"href":"https:\/\/isopllc.com\/es\/wp-json\/wp\/v2\/types\/product"}],"replies":[{"embeddable":true,"href":"https:\/\/isopllc.com\/es\/wp-json\/wp\/v2\/comments?post=4419"}],"wp:featuredmedia":[{"embeddable":true,"href":"https:\/\/isopllc.com\/es\/wp-json\/wp\/v2\/media\/4502"}],"wp:attachment":[{"href":"https:\/\/isopllc.com\/es\/wp-json\/wp\/v2\/media?parent=4419"}],"wp:term":[{"taxonomy":"product_brand","embeddable":true,"href":"https:\/\/isopllc.com\/es\/wp-json\/wp\/v2\/product_brand?post=4419"},{"taxonomy":"product_cat","embeddable":true,"href":"https:\/\/isopllc.com\/es\/wp-json\/wp\/v2\/product_cat?post=4419"},{"taxonomy":"product_tag","embeddable":true,"href":"https:\/\/isopllc.com\/es\/wp-json\/wp\/v2\/product_tag?post=4419"}],"curies":[{"name":"wp","href":"https:\/\/api.w.org\/{rel}","templated":true}]}}