{"id":4460,"date":"2021-10-17T09:11:37","date_gmt":"2021-10-17T09:11:37","guid":{"rendered":"https:\/\/isopllc.com\/es\/?post_type=product&#038;p=4460"},"modified":"2026-02-03T21:35:40","modified_gmt":"2026-02-03T21:35:40","slug":"anclajes-de-anclaje-perno-de-expansion-y-manija-fija-1-anclaje-de-escalada-de-roca","status":"publish","type":"product","link":"https:\/\/isopllc.com\/es\/product\/anclajes-de-anclaje-perno-de-expansion-y-manija-fija-1-anclaje-de-escalada-de-roca\/","title":{"rendered":"Anclajes de anclaje &#8211; Perno de expansi\u00f3n y manija fija 1 anclaje de escalada de roca"},"content":{"rendered":"<div class=\"celwidget aplus-module module-4 aplus-standard\" data-csa-c-id=\"6mnb1z-9dwrl2-ic24uv-jd1phn\" data-cel-widget=\"aplus-module-4\">\n<div class=\"a-expander-collapsed-height a-row a-expander-container a-expander-partial-collapse-container\" aria-live=\"polite\" data-a-expander-name=\"aplus-module-expander\" data-a-expander-collapsed-height=\"700\">\n<div class=\"a-expander-content a-expander-partial-collapse-content\" aria-expanded=\"false\">\n<div class=\"aplus-module-wrapper apm-fixed-width\">\n<div class=\"apm-spacing\">\n<div class=\"apm-floatleft apm-fixed-width\">\n<div id=\"title_feature_div\" class=\"celwidget\" data-feature-name=\"title\" data-csa-c-id=\"m5t5xw-wzxd1-od319-pyb58o\" data-cel-widget=\"title_feature_div\">\n<div id=\"titleSection\" class=\"a-section a-spacing-none\">\n<div id=\"title_feature_div\" class=\"celwidget\" data-feature-name=\"title\" data-csa-c-id=\"m5t5xw-wzxd1-od319-pyb58o\" data-cel-widget=\"title_feature_div\">\n<div id=\"titleSection\" class=\"a-section a-spacing-none\">\n<div id=\"title_feature_div\" class=\"celwidget\" data-feature-name=\"title\" data-csa-c-id=\"br0c55-dydx1f-sn0uf1-uenlgz\" data-cel-widget=\"title_feature_div\">\n<div id=\"titleSection\" class=\"a-section a-spacing-none\">\n<h2 id=\"title\" class=\"a-size-large a-spacing-none\"><span id=\"productTitle\" class=\"a-size-large product-title-word-break\">Anclajes de anclaje &#8211; Perno de expansi\u00f3n y manija fija 1 anclaje de escalada de roca<\/span><\/h2>\n<\/div>\n<\/div>\n<div id=\"qpeTitleTag_feature_div\" class=\"celwidget\" data-feature-name=\"qpeTitleTag\" data-csa-c-id=\"ylnwy4-vr6n9o-ocxtpv-iw2b7i\" data-cel-widget=\"qpeTitleTag_feature_div\">\n<div class=\"celwidget aplus-module launchpad-brand-description-left aplus-standard\" data-cel-widget=\"aplus-launchpad-brand-description-left\" data-csa-c-id=\"uhou7r-jwuu17-mp9vy1-qhx8yc\">\n<div class=\"a-section launchpad-module launchpad-module-brand-description-left\">\n<div class=\"a-section launchpad-text-left-justify\">\n<p>Pesa 110 g con acero inoxidable 316, la resistencia principal del eje es 25KN. Seguridad con perno de expansi\u00f3n y arandela.<\/p>\n<p>Longitud: 10,8 cm, di\u00e1metro de los tornillos: 10 mm<\/p>\n<p>Anclaje profesional de cuerda superior para escalada, descenso, rappel. Perno de suspensi\u00f3n interior para hamaca, columpio, yoga a\u00e9reo, saco de boxeo, etc.<\/p>\n<p>Se incluyen tuercas y arandelas planas.<\/p>\n<p>Ojal de fijaci\u00f3n dise\u00f1ado para dos mosquetones, fuerza de carga m\u00e1xima: 25KN.<\/p>\n<p><img decoding=\"async\" class=\"a-spacing-mini\" src=\"https:\/\/m.media-amazon.com\/images\/S\/aplus-media\/sc\/c1461251-7159-4918-b4be-539b5fbc6fef.__CR102,192,1023,1023_PT0_SX300_V1___.jpg\" alt=\"anchors\" data-src=\"https:\/\/m.media-amazon.com\/images\/S\/aplus-media\/sc\/c1461251-7159-4918-b4be-539b5fbc6fef.__CR102,192,1023,1023_PT0_SX300_V1___.jpg\" data- title=\"\"><\/p>\n<p>Juego de pernos de anclaje de escalada, incluye 2 placas de suspensi\u00f3n y 2 pernos de expansi\u00f3n. Se incluyen tuercas de perno y arandelas planas.<\/p>\n<p><img decoding=\"async\" class=\"a-spacing-mini\" src=\"https:\/\/m.media-amazon.com\/images\/S\/aplus-media\/sc\/33bded85-93cb-4ce1-831e-7cb570381cd9.__CR89,328,937,937_PT180_SX300_V1___.jpg\" alt=\"Safety with expansion bolt and washer\" data-src=\"https:\/\/m.media-amazon.com\/images\/S\/aplus-media\/sc\/33bded85-93cb-4ce1-831e-7cb570381cd9.__CR89,328,937,937_PT180_SX300_V1___.jpg\" data- title=\"\"><\/p>\n<p>Placas de suspensi\u00f3n para punto de anclaje permanente. Ojal de sujeci\u00f3n dise\u00f1ado para dos mosquetones.<\/p>\n<p><img decoding=\"async\" class=\"a-spacing-mini\" src=\"https:\/\/m.media-amazon.com\/images\/S\/aplus-media\/sc\/bbfd73cc-0ee8-48e1-955b-2c56b6016412.__CR74,24,312,312_PT0_SX300_V1___.jpg\" alt=\"rock climbing wall attachment\" data-src=\"https:\/\/m.media-amazon.com\/images\/S\/aplus-media\/sc\/bbfd73cc-0ee8-48e1-955b-2c56b6016412.__CR74,24,312,312_PT0_SX300_V1___.jpg\" data- title=\"\"><\/p>\n<p>Hecho de material de acero inoxidable duradero y de alta calidad. Ligero, adecuado para monta\u00f1ismo, escalada en roca, espeleolog\u00eda y otras actividades al aire libre.<\/p>\n<\/div>\n<\/div>\n<\/div>\n<div class=\"celwidget aplus-module module-9 aplus-standard\" data-cel-widget=\"aplus-module-9\" data-csa-c-id=\"mnmgmu-ev9zwe-l7qzzl-ygwu0l\">\n<div class=\"a-expander-collapsed-height a-row a-expander-container a-expander-partial-collapse-container\" aria-live=\"polite\" data-a-expander-name=\"aplus-module-expander\" data-a-expander-collapsed-height=\"700\">\n<div class=\"a-expander-content a-expander-partial-collapse-content\" aria-expanded=\"false\">\n<div class=\"aplus-module-wrapper apm-fixed-width\">\n<div class=\"apm-spacing apm-fixed-width\"><\/div>\n<\/div>\n<\/div>\n<\/div>\n<\/div>\n<\/div>\n<\/div>\n<\/div>\n<\/div>\n<\/div>\n<\/div>\n<\/div>\n<\/div>\n<\/div>\n<\/div>\n<\/div>\n","protected":false},"excerpt":{"rendered":"<div id=\"title_feature_div\" class=\"celwidget\" data-feature-name=\"title\" data-csa-c-id=\"br0c55-dydx1f-sn0uf1-uenlgz\" data-cel-widget=\"title_feature_div\">\n<div id=\"titleSection\" class=\"a-section a-spacing-none\">\n<p id=\"title\" class=\"a-size-large a-spacing-none\" style=\"text-align: center;\"><span id=\"productTitle\" class=\"a-size-large product-title-word-break\">Anclajes de anclaje &#8211; Perno de expansi\u00f3n y manija fija 1 anclaje de escalada de roca<\/span><\/p>\n<\/div>\n<\/div>\n<p style=\"text-align: center;\"><span style=\"vertical-align: inherit;\">ENV\u00cdO GRATIS EN 3-7 D\u00cdAS<\/span><\/p>\n<h4 style=\"text-align: center;\"><strong><span style=\"vertical-align: inherit;\">C\u00d3MPRALO EN<\/span><\/strong><\/h4>\n<p style=\"text-align: center;\"><a href=\"https:\/\/www.amazon.es\/Anclajes-anclaje-expansi%C3%B3n-manija-escalada\/dp\/B07P978JW5\/ref=sr_1_1?__mk_es_ES=%C3%85M%C3%85%C5%BD%C3%95%C3%91&amp;dchild=1&amp;keywords=Anclajes%20de%20anclaje&amp;qid=1634462470&amp;qsid=257-3181350-4466311&amp;s=tools&amp;sr=1-1&amp;sres=B07P978JW5\"><img loading=\"lazy\" decoding=\"async\" class=\"wp-image-1040 size-full aligncenter\" src=\"https:\/\/rightfoodonly.com\/wp-content\/uploads\/amazon-button9.png\" alt=\"\" width=\"160\" height=\"59\" \/><\/a><\/p>\n<p>&nbsp;<\/p>\n","protected":false},"featured_media":4461,"comment_status":"open","ping_status":"closed","template":"","meta":[],"product_brand":[],"product_cat":[173],"product_tag":[30,33,32,31],"class_list":{"0":"post-4460","1":"product","2":"type-product","3":"status-publish","4":"has-post-thumbnail","6":"product_cat-accesorios-para-escaleras-contra-incendios","7":"product_tag-anclajes-de-anclaje","8":"product_tag-escalada","9":"product_tag-manija-fija","10":"product_tag-perno-de-expansion","12":"first","13":"instock","14":"shipping-taxable","15":"purchasable","16":"product-type-simple"},"_links":{"self":[{"href":"https:\/\/isopllc.com\/es\/wp-json\/wp\/v2\/product\/4460","targetHints":{"allow":["GET"]}}],"collection":[{"href":"https:\/\/isopllc.com\/es\/wp-json\/wp\/v2\/product"}],"about":[{"href":"https:\/\/isopllc.com\/es\/wp-json\/wp\/v2\/types\/product"}],"replies":[{"embeddable":true,"href":"https:\/\/isopllc.com\/es\/wp-json\/wp\/v2\/comments?post=4460"}],"wp:featuredmedia":[{"embeddable":true,"href":"https:\/\/isopllc.com\/es\/wp-json\/wp\/v2\/media\/4461"}],"wp:attachment":[{"href":"https:\/\/isopllc.com\/es\/wp-json\/wp\/v2\/media?parent=4460"}],"wp:term":[{"taxonomy":"product_brand","embeddable":true,"href":"https:\/\/isopllc.com\/es\/wp-json\/wp\/v2\/product_brand?post=4460"},{"taxonomy":"product_cat","embeddable":true,"href":"https:\/\/isopllc.com\/es\/wp-json\/wp\/v2\/product_cat?post=4460"},{"taxonomy":"product_tag","embeddable":true,"href":"https:\/\/isopllc.com\/es\/wp-json\/wp\/v2\/product_tag?post=4460"}],"curies":[{"name":"wp","href":"https:\/\/api.w.org\/{rel}","templated":true}]}}