{"id":4464,"date":"2021-10-17T10:43:34","date_gmt":"2021-10-17T10:43:34","guid":{"rendered":"https:\/\/isopllc.com\/es\/?post_type=product&#038;p=4464"},"modified":"2025-06-30T16:24:44","modified_gmt":"2025-06-30T16:24:44","slug":"mosquetones-resistentes","status":"publish","type":"product","link":"https:\/\/isopllc.com\/es\/product\/mosquetones-resistentes\/","title":{"rendered":"Mosquetones Resistentes"},"content":{"rendered":"<div class=\"celwidget aplus-module module-4 aplus-standard\" data-csa-c-id=\"6mnb1z-9dwrl2-ic24uv-jd1phn\" data-cel-widget=\"aplus-module-4\">\n<div class=\"a-expander-collapsed-height a-row a-expander-container a-expander-partial-collapse-container\" aria-live=\"polite\" data-a-expander-name=\"aplus-module-expander\" data-a-expander-collapsed-height=\"700\">\n<div class=\"a-expander-content a-expander-partial-collapse-content\" aria-expanded=\"false\">\n<div class=\"aplus-module-wrapper apm-fixed-width\">\n<div class=\"apm-spacing\">\n<div class=\"apm-floatleft apm-fixed-width\">\n<div id=\"title_feature_div\" class=\"celwidget\" data-feature-name=\"title\" data-csa-c-id=\"m5t5xw-wzxd1-od319-pyb58o\" data-cel-widget=\"title_feature_div\">\n<div id=\"titleSection\" class=\"a-section a-spacing-none\">\n<div id=\"title_feature_div\" class=\"celwidget\" data-feature-name=\"title\" data-csa-c-id=\"m5t5xw-wzxd1-od319-pyb58o\" data-cel-widget=\"title_feature_div\">\n<div id=\"titleSection\" class=\"a-section a-spacing-none\">\n<div id=\"title_feature_div\" class=\"celwidget\" data-feature-name=\"title\" data-csa-c-id=\"br0c55-dydx1f-sn0uf1-uenlgz\" data-cel-widget=\"title_feature_div\">\n<div id=\"titleSection\" class=\"a-section a-spacing-none\">\n<div id=\"title_feature_div\" class=\"celwidget\" data-feature-name=\"title\" data-csa-c-id=\"etq9v8-r9kpgh-6c2n3v-w6169c\" data-cel-widget=\"title_feature_div\">\n<div id=\"titleSection\" class=\"a-section a-spacing-none\">\n<h2 id=\"title\" class=\"a-size-large a-spacing-none\"><span id=\"productTitle\" class=\"a-size-large product-title-word-break\">ISOP Mosquetones Resistentes, 2 Unidades, Resistencia a la Rotura, 11 KN, Ganchos de Resorte duraderos<\/span><\/h2>\n<p><img decoding=\"async\" class=\"\" src=\"https:\/\/m.media-amazon.com\/images\/S\/aplus-media-library-service-media\/34734964-5819-4759-a00d-c5f2b6ddd3f4.__CR0,0,220,220_PT0_SX220_V1___.jpg\" alt=\"isop carabiners\" data-src=\"https:\/\/m.media-amazon.com\/images\/S\/aplus-media-library-service-media\/34734964-5819-4759-a00d-c5f2b6ddd3f4.__CR0,0,220,220_PT0_SX220_V1___.jpg\" data- title=\"\"><\/p>\n<h4 class=\"a-spacing-mini\">LOS CLIPS PERFECTOS PARA MOSQUET\u00d3N<\/h4>\n<p class=\"a-size-small\">Nuestros mosquetones est\u00e1n certificados por CE y UIAA para uso intensivo y deben durar mucho tiempo. \u00daselos para atar cuerdas, escalar, hacer rappel, anclar, mejorar, trabajos a\u00e9reos, tecnolog\u00eda de carga, forros sueltos, mochileros, colgar, b\u00falder, mejorar \u00e1rboles y equipos.<\/p>\n<p><img decoding=\"async\" class=\"\" style=\"font-weight: 600;\" src=\"https:\/\/m.media-amazon.com\/images\/S\/aplus-media-library-service-media\/a422051d-3216-43f8-aebf-3a5b3711627a.__CR0,0,220,220_PT0_SX220_V1___.jpg\" alt=\"isop carabiners\" data-src=\"https:\/\/m.media-amazon.com\/images\/S\/aplus-media-library-service-media\/a422051d-3216-43f8-aebf-3a5b3711627a.__CR0,0,220,220_PT0_SX220_V1___.jpg\" data- title=\"\"><\/p>\n<h4 class=\"a-spacing-mini\">ALTA RESISTENCIA<\/h4>\n<p class=\"a-size-small\">Nuestros mosquetones grandes est\u00e1n fabricados con los mejores materiales para que puedas utilizarlos en todas tus actividades al aire libre, industriales y deportivas. Esto puede ser una parte esencial de su equipo para trepar \u00e1rboles, sujetar la correa, atar equipo importante o cualquier otra cosa que pueda necesitar para un gancho de seguridad de soporte de carga.<\/p>\n<p><img decoding=\"async\" class=\"\" src=\"https:\/\/m.media-amazon.com\/images\/S\/aplus-media-library-service-media\/35135eb4-1040-4c66-8495-6dfc35f17d57.__CR0,0,220,220_PT0_SX220_V1___.jpg\" alt=\"isop carabiners\" data-src=\"https:\/\/m.media-amazon.com\/images\/S\/aplus-media-library-service-media\/35135eb4-1040-4c66-8495-6dfc35f17d57.__CR0,0,220,220_PT0_SX220_V1___.jpg\" data- title=\"\"><\/p>\n<h4 class=\"a-spacing-mini\">SISTEMA DE BLOQUEO INTELIGENTE CON UNA MANO<\/h4>\n<p class=\"a-size-small\">Puerta de resorte de bloqueo f\u00e1cil de usar para que pueda asegurar de forma segura el mosquet\u00f3n sin temor a que se salga o pierda su agarre La forma sim\u00e9trica para una carga uniforme permite que el mosquet\u00f3n lleve y distribuya el peso de manera uniforme.<\/p>\n<p><img decoding=\"async\" class=\"\" src=\"https:\/\/m.media-amazon.com\/images\/S\/aplus-media-library-service-media\/348668ea-1b15-406f-8c46-9090de163207.__CR0,0,220,220_PT0_SX220_V1___.jpg\" alt=\"isop carabiners\" data-src=\"https:\/\/m.media-amazon.com\/images\/S\/aplus-media-library-service-media\/348668ea-1b15-406f-8c46-9090de163207.__CR0,0,220,220_PT0_SX220_V1___.jpg\" data- title=\"\"><\/p>\n<h4 class=\"a-spacing-mini\">EXCELENTE PARA TODAS LAS ACTIVIDADES<\/h4>\n<p class=\"a-size-small\">Nuestros mosquetones tambi\u00e9n se pueden utilizar para las necesidades diarias, p. Ej. B. para sujetar columpios, correas de \u00e1rboles, hamacas, entrenamientos TRX o simplemente para un manojo de llaves resistentes.<\/p>\n<\/div>\n<\/div>\n<div id=\"qpeTitleTag_feature_div\" class=\"celwidget\" data-feature-name=\"qpeTitleTag\" data-csa-c-id=\"1zot6u-78h2jm-voo29s-811ne3\" data-cel-widget=\"qpeTitleTag_feature_div\">\n<div class=\"celwidget aplus-module module-4 aplus-standard\" data-csa-c-id=\"pmybpb-6yuzac-xku1l4-ep9ynd\" data-cel-widget=\"aplus-module-4\">\n<div class=\"a-expander-collapsed-height a-row a-expander-container a-expander-partial-collapse-container\" aria-live=\"polite\" data-a-expander-name=\"aplus-module-expander\" data-a-expander-collapsed-height=\"700\">\n<div class=\"a-expander-content a-expander-partial-collapse-content\" aria-expanded=\"false\">\n<div><\/div>\n<\/div>\n<\/div>\n<\/div>\n<div class=\"celwidget aplus-module launchpad-brand-description-left aplus-standard\" data-csa-c-id=\"czwbw9-ipyrb-6qnw4w-yhwjee\" data-cel-widget=\"aplus-launchpad-brand-description-left\">\n<div class=\"a-section launchpad-module launchpad-module-brand-description-left\">\n<div class=\"a-section launchpad-text-left-justify\">\n<p>ENGRANAJE CERTIFICADO CE \/ UIAA CON CLASIFICACI\u00d3N DE SEGURIDAD: nuestros mosquetones tienen certificaci\u00f3n CE de seguridad, por lo que puede estar seguro de que est\u00e1 seguro para cualquier uso industrial, deportivo, equipo o accesorio para trepar \u00e1rboles.<\/p>\n<p>1. Tiene un bloqueo de rosca<\/p>\n<p>2. Durable y resistente<\/p>\n<p>3. Antideslizante y seguro<\/p>\n<p>4. Forma de O: una forma perfecta para tantos usos diferentes<\/p>\n<p>5. Ideal para actividades al aire libre, camping, pesca, senderismo, viaje, llavero, etc.<\/p>\n<p>especificaci\u00f3n<\/p>\n<p>Material: acero galvanizado Sistema de certificaci\u00f3n: CE (0321 c205)<\/p>\n<p>Tensi\u00f3n m\u00e1xima: 25KN (5600 kg)<\/p>\n<p>Dimensiones (L x W): 4.29 \u00abx 2.3\u00bb<\/p>\n<\/div>\n<\/div>\n<\/div>\n<\/div>\n<\/div>\n<\/div>\n<div id=\"qpeTitleTag_feature_div\" class=\"celwidget\" data-feature-name=\"qpeTitleTag\" data-csa-c-id=\"ylnwy4-vr6n9o-ocxtpv-iw2b7i\" data-cel-widget=\"qpeTitleTag_feature_div\">\n<div class=\"celwidget aplus-module module-9 aplus-standard\" data-cel-widget=\"aplus-module-9\" data-csa-c-id=\"mnmgmu-ev9zwe-l7qzzl-ygwu0l\">\n<div class=\"a-expander-collapsed-height a-row a-expander-container a-expander-partial-collapse-container\" aria-live=\"polite\" data-a-expander-name=\"aplus-module-expander\" data-a-expander-collapsed-height=\"700\">\n<div class=\"a-expander-content a-expander-partial-collapse-content\" aria-expanded=\"false\">\n<div class=\"aplus-module-wrapper apm-fixed-width\">\n<div class=\"apm-spacing apm-fixed-width\"><\/div>\n<\/div>\n<\/div>\n<\/div>\n<\/div>\n<\/div>\n<\/div>\n<\/div>\n<\/div>\n<\/div>\n<\/div>\n<\/div>\n<\/div>\n<\/div>\n<\/div>\n<\/div>\n","protected":false},"excerpt":{"rendered":"<div id=\"title_feature_div\" class=\"celwidget\" data-feature-name=\"title\" data-csa-c-id=\"br0c55-dydx1f-sn0uf1-uenlgz\" data-cel-widget=\"title_feature_div\">\n<div id=\"titleSection\" class=\"a-section a-spacing-none\">\n<div id=\"title_feature_div\" class=\"celwidget\" data-feature-name=\"title\" data-csa-c-id=\"etq9v8-r9kpgh-6c2n3v-w6169c\" data-cel-widget=\"title_feature_div\">\n<div id=\"titleSection\" class=\"a-section a-spacing-none\">\n<p id=\"title\" class=\"a-size-large a-spacing-none\" style=\"text-align: center;\"><span id=\"productTitle\" class=\"a-size-large product-title-word-break\">ISOP Mosquetones Resistentes, 2 Unidades, Resistencia a la Rotura, 11 KN, Ganchos de Resorte duraderos<\/span><\/p>\n<\/div>\n<\/div>\n<div id=\"bylineInfo_feature_div\" class=\"celwidget\" data-feature-name=\"bylineInfo\" data-csa-c-id=\"x5783w-e1t83x-7nmncu-2qgi4g\" data-cel-widget=\"bylineInfo_feature_div\"><\/div>\n<\/div>\n<\/div>\n<p style=\"text-align: center;\"><span style=\"vertical-align: inherit;\">ENV\u00cdO GRATIS EN 3-7 D\u00cdAS<\/span><\/p>\n<h4 style=\"text-align: center;\"><strong><span style=\"vertical-align: inherit;\">C\u00d3MPRALO EN<\/span><\/strong><\/h4>\n<p style=\"text-align: center;\"><a href=\"https:\/\/www.amazon.es\/ISOP-Mosquetones-Resistentes-Resistencia-duraderos\/dp\/B07P91TJHQ\/ref=sr_1_1?__mk_es_ES=%C3%85M%C3%85%C5%BD%C3%95%C3%91&amp;dchild=1&amp;keywords=Mosquetones&amp;qid=1634477259&amp;qsid=257-3181350-4466311&amp;s=kitchen&amp;sr=1-1&amp;sres=B07P91TJHQ\"><img loading=\"lazy\" decoding=\"async\" class=\"wp-image-1040 size-full aligncenter\" src=\"https:\/\/rightfoodonly.com\/wp-content\/uploads\/amazon-button9.png\" alt=\"\" width=\"160\" height=\"59\" \/><\/a><\/p>\n<p>&nbsp;<\/p>\n","protected":false},"featured_media":4465,"comment_status":"open","ping_status":"closed","template":"","meta":[],"product_brand":[],"product_cat":[173],"product_tag":[36,33,161],"class_list":{"0":"post-4464","1":"product","2":"type-product","3":"status-publish","4":"has-post-thumbnail","6":"product_cat-accesorios-para-escaleras-contra-incendios","7":"product_tag-equipo-de-seguridad","8":"product_tag-escalada","9":"product_tag-mosquetones-resistentes","11":"first","12":"instock","13":"shipping-taxable","14":"purchasable","15":"product-type-simple"},"_links":{"self":[{"href":"https:\/\/isopllc.com\/es\/wp-json\/wp\/v2\/product\/4464","targetHints":{"allow":["GET"]}}],"collection":[{"href":"https:\/\/isopllc.com\/es\/wp-json\/wp\/v2\/product"}],"about":[{"href":"https:\/\/isopllc.com\/es\/wp-json\/wp\/v2\/types\/product"}],"replies":[{"embeddable":true,"href":"https:\/\/isopllc.com\/es\/wp-json\/wp\/v2\/comments?post=4464"}],"wp:featuredmedia":[{"embeddable":true,"href":"https:\/\/isopllc.com\/es\/wp-json\/wp\/v2\/media\/4465"}],"wp:attachment":[{"href":"https:\/\/isopllc.com\/es\/wp-json\/wp\/v2\/media?parent=4464"}],"wp:term":[{"taxonomy":"product_brand","embeddable":true,"href":"https:\/\/isopllc.com\/es\/wp-json\/wp\/v2\/product_brand?post=4464"},{"taxonomy":"product_cat","embeddable":true,"href":"https:\/\/isopllc.com\/es\/wp-json\/wp\/v2\/product_cat?post=4464"},{"taxonomy":"product_tag","embeddable":true,"href":"https:\/\/isopllc.com\/es\/wp-json\/wp\/v2\/product_tag?post=4464"}],"curies":[{"name":"wp","href":"https:\/\/api.w.org\/{rel}","templated":true}]}}