{"id":4506,"date":"2022-05-26T01:33:54","date_gmt":"2022-05-26T01:33:54","guid":{"rendered":"https:\/\/isopllc.com\/es\/?post_type=product&#038;p=4506"},"modified":"2025-06-30T16:24:33","modified_gmt":"2025-06-30T16:24:33","slug":"escaleras-de-evacuacion-de-incendios-isop-4-m-escaleras-retractiles-para-casas-de-2-pisos-compacto-y-portatil-escalera-de-cuerda-para-balcon-y-escape-de-ventana-en-recinto-de-aluminio","status":"publish","type":"product","link":"https:\/\/isopllc.com\/es\/product\/escaleras-de-evacuacion-de-incendios-isop-4-m-escaleras-retractiles-para-casas-de-2-pisos-compacto-y-portatil-escalera-de-cuerda-para-balcon-y-escape-de-ventana-en-recinto-de-aluminio\/","title":{"rendered":"Escalera de Cuerda para Balc\u00f3n y Escape de Ventana en Recinto de Aluminio"},"content":{"rendered":"<h1 id=\"title\" class=\"a-size-large a-spacing-none\"><span id=\"productTitle\" class=\"a-size-large product-title-word-break\">Escaleras de Evacuaci\u00f3n de Incendios ISOP 4 m | Escaleras Retr\u00e1ctiles para Casas de 1 Pisos | Compacto y Port\u00e1til | Escalera de Cuerda para Balc\u00f3n y Escape de Ventana en Recinto de Aluminio<\/span><\/h1>\n<h3 class=\"a-spacing-small\">\u00bfPor qu\u00e9 elegir nuestras escaleras de escape de incendios?<\/h3>\n<p><img decoding=\"async\" src=\"https:\/\/m.media-amazon.com\/images\/S\/aplus-media-library-service-media\/eb357252-9807-4881-a43c-3cc4db2103d8.__CR0,0,1000,1000_PT0_SX300_V1___.jpg\" alt=\"alumnium box for fire extinguisher fire escape ladder\" title=\"\"><\/p>\n<p>El gabinete de escalera de escape de incendios de hierro mantiene su escalera de escape f\u00e1cilmente accesible en caso de emergencia.<\/p>\n<p>Debido a su tama\u00f1o compacto (36x26x13 cm, 1 mm de grosor) y construcci\u00f3n duradera, este gabinete es ideal para apartamentos, condominios y peque\u00f1as empresas, y proporciona un lugar seguro para el almacenamiento a largo plazo.<\/p>\n<p><img decoding=\"async\" class=\"a-spacing-mini\" src=\"https:\/\/m.media-amazon.com\/images\/S\/aplus-media\/sc\/d4cc9639-a61a-4b3c-b1c6-a62967c917dd.__CR145,0,1000,1000_PT0_SX300_V1___.jpg\" alt=\"Anti Slip Rungs\" data-src=\"https:\/\/m.media-amazon.com\/images\/S\/aplus-media\/sc\/d4cc9639-a61a-4b3c-b1c6-a62967c917dd.__CR145,0,1000,1000_PT0_SX300_V1___.jpg\" data- title=\"\"><\/p>\n<h3><span class=\"a-text-bold\">Suave con las manos<\/span><\/h3>\n<p><span class=\"JLqJ4b ChMk0b\" data-language-for-alternatives=\"es\" data-language-to-translate-into=\"en\" data-phrase-index=\"8\" data-number-of-phrases=\"11\"><span class=\"Q4iAWc\">Al crear estas escaleras, consideramos las fallas de nuestros competidores.<\/span><\/span> <span class=\"JLqJ4b ChMk0b\" data-language-for-alternatives=\"es\" data-language-to-translate-into=\"en\" data-phrase-index=\"9\" data-number-of-phrases=\"11\"><span class=\"Q4iAWc\">Los bestsellers como first alert y kidde tienen muchas quejas sobre el hecho de que al usar los pelda\u00f1os de sus escaleras cortan las manos de los usuarios porque los pelda\u00f1os de aluminio son afilados.<\/span><\/span> <span class=\"JLqJ4b ChMk0b\" data-language-for-alternatives=\"es\" data-language-to-translate-into=\"en\" data-phrase-index=\"10\" data-number-of-phrases=\"11\"><span class=\"Q4iAWc\">Tomamos esto en cuenta y nuestras escaleras no tienen esquinas afiladas y son seguras para que las usen tanto adultos como ni\u00f1os.<\/span><\/span><\/p>\n<p><img decoding=\"async\" class=\"a-spacing-mini\" src=\"https:\/\/m.media-amazon.com\/images\/S\/aplus-media\/sc\/27f9c708-c858-49c0-96f7-815dd0fa4f9a.__CR0,0,1000,1000_PT0_SX300_V1___.jpg\" alt=\"Wide application\" data-src=\"https:\/\/m.media-amazon.com\/images\/S\/aplus-media\/sc\/27f9c708-c858-49c0-96f7-815dd0fa4f9a.__CR0,0,1000,1000_PT0_SX300_V1___.jpg\" data- title=\"\"><\/p>\n<h3>Certificado<\/h3>\n<p>Nuestras escaleras, a diferencia de otras similares en el mercado, est\u00e1n certificadas con el est\u00e1ndar de calidad EN 131. Es mejor confiar tu vida a un producto que ha pasado todas las pruebas necesarias que a uno un poco m\u00e1s barato, hecho qui\u00e9n sabe con qu\u00e9.<\/p>\n<p><img loading=\"lazy\" decoding=\"async\" class=\"alignnone  wp-image-5269\" src=\"https:\/\/isopllc.com\/es\/wp-content\/uploads\/sites\/7\/2025\/04\/Certificado.jpg\" alt=\"Certificado Escalera de Cuerda\" width=\"307\" height=\"307\" title=\"\" srcset=\"https:\/\/isopllc.com\/es\/wp-content\/uploads\/sites\/7\/2025\/04\/Certificado.jpg 1080w, https:\/\/isopllc.com\/es\/wp-content\/uploads\/sites\/7\/2025\/04\/Certificado-150x150.jpg 150w, https:\/\/isopllc.com\/es\/wp-content\/uploads\/sites\/7\/2025\/04\/Certificado-768x768.jpg 768w, https:\/\/isopllc.com\/es\/wp-content\/uploads\/sites\/7\/2025\/04\/Certificado-1000x1000.jpg 1000w, https:\/\/isopllc.com\/es\/wp-content\/uploads\/sites\/7\/2025\/04\/Certificado-416x416.jpg 416w, https:\/\/isopllc.com\/es\/wp-content\/uploads\/sites\/7\/2025\/04\/Certificado-100x100.jpg 100w\" sizes=\"auto, (max-width: 307px) 100vw, 307px\" \/><\/p>\n<h3><span class=\"a-text-bold\">\u0421orreas integrales<\/span><\/h3>\n<p>Una vez m\u00e1s, al comparar nuestras escaleras con las de la competencia, debe tenerse en cuenta que, a diferencia de otras, desde el extremo superior hasta el inferior, nuestras escaleras consisten en una pieza de correa de cincha que puede soportar m\u00e1s de una 1200 libras (!) gracias a una tecnolog\u00eda especial patentada. Mientras que las escaleras de correas de la competencia est\u00e1n cosidas en pedazos, lo que en nuestra opini\u00f3n no es confiable.<\/p>\n<p><img decoding=\"async\" src=\"https:\/\/m.media-amazon.com\/images\/S\/aplus-media-library-service-media\/3e3631ef-bf95-4934-bd5d-2881c8d8d8c7.__CR0,0,300,300_PT0_SX300_V1___.jpg\" alt=\"For window or balcony\" title=\"\"><\/p>\n<p>Viene con un juego de pernos de anclaje para escalada, 2 placas de suspensi\u00f3n y 2 pernos de expansi\u00f3n. Se incluyen pernos, tuercas y arandelas planas.<\/p>\n<p><img decoding=\"async\" class=\"a-spacing-mini\" src=\"https:\/\/m.media-amazon.com\/images\/S\/aplus-media\/sc\/42cab632-a2d0-40fd-a2dd-280d531bf010.__CR282,0,1000,1000_PT0_SX300_V1___.jpg\" alt=\"For window or balcony\" data-src=\"https:\/\/m.media-amazon.com\/images\/S\/aplus-media\/sc\/42cab632-a2d0-40fd-a2dd-280d531bf010.__CR282,0,1000,1000_PT0_SX300_V1___.jpg\" data- title=\"\"><\/p>\n<h3><span class=\"a-text-bold\">Estabilizadores<\/span><\/h3>\n<p>Los pelda\u00f1os de nuestras escaleras tienen estabilizadores que permiten que las escaleras no se adhieran fuertemente a la pared sino que se mantengan firmes contra ella y, por lo tanto, faciliten enormemente el descenso desde el un o segundo piso.<\/p>\n<h3><span class=\"a-text-bold\">Pelda\u00f1os antideslizantes<\/span><\/h3>\n<p>Un patr\u00f3n especial en la superficie de los pelda\u00f1os hace que el descenso desde el apartamento sea antideslizante en cualquier clima.<\/p>\n<p><strong><img decoding=\"async\" class=\"a-spacing-mini\" src=\"https:\/\/m.media-amazon.com\/images\/S\/aplus-media\/sc\/8b1ba6ce-d84f-4314-b98a-95d063fc3e5e.__CR500,0,1000,1000_PT0_SX300_V1___.jpg\" alt=\"For window or balcony\" data-src=\"https:\/\/m.media-amazon.com\/images\/S\/aplus-media\/sc\/8b1ba6ce-d84f-4314-b98a-95d063fc3e5e.__CR500,0,1000,1000_PT0_SX300_V1___.jpg\" data- title=\"\"><\/strong><\/p>\n<h3><span class=\"a-text-bold\">A prueba de la intemperie<\/span><\/h3>\n<p>La pintura especial con recubrimiento en polvo protege los pelda\u00f1os contra la oxidaci\u00f3n y la correa de poli\u00e9ster es altamente resistente al agua o la nieve, por lo que nuestras escaleras de escape de incendios son resistentes a la intemperie.<\/p>\n<h3><span class=\"a-text-bold\">Reutilizable<\/span><\/h3>\n<p>Nuestras escaleras son reutilizables, a diferencia de las de la competencia. \u00a1Con el almacenamiento adecuado, pueden durar a\u00f1os!<\/p>\n<p><img decoding=\"async\" src=\"https:\/\/m.media-amazon.com\/images\/S\/aplus-media-library-service-media\/9565f831-9888-4144-a36f-5e092ddb895b.__CR0,0,300,300_PT0_SX300_V1___.jpg\" alt=\"carabiners\" title=\"\"><\/p>\n<h3><span class=\"a-text-bold\">Mosquetones de servicio pesado<\/span><\/h3>\n<p>Las escaleras incluyen mosquetones cromados con resistencia a la rotura 11KN.<\/p>\n<p><img decoding=\"async\" class=\"\" src=\"https:\/\/m.media-amazon.com\/images\/S\/aplus-media\/sc\/55dfe070-7172-4b34-b379-6ab49b743dd1.__CR226,0,1000,1000_PT0_SX300_V1___.jpg\" alt=\"Variation of 2 sizes\" data-src=\"https:\/\/m.media-amazon.com\/images\/S\/aplus-media\/sc\/55dfe070-7172-4b34-b379-6ab49b743dd1.__CR226,0,1000,1000_PT0_SX300_V1___.jpg\" data- title=\"\"><\/p>\n<h3><span class=\"a-text-bold\">Empresa de escaleras profesionales<\/span><\/h3>\n<p>Recomendamos comprar escaleras de una empresa que se especialice en escaleras, ya que este es un producto de seguridad.<\/p>\n<p>E ISOP es una de las pocas empresas que ofrece una amplia selecci\u00f3n de diferentes escaleras desde sus propias instalaciones de fabricaci\u00f3n.<\/p>\n<p><img decoding=\"async\" src=\"https:\/\/m.media-amazon.com\/images\/S\/aplus-media-library-service-media\/0c3c254d-684e-4313-bc9f-ae4b4b7e7ee7.__CR0,0,300,300_PT0_SX300_V1___.jpg\" alt=\"professional ladder\" title=\"\"><\/p>\n<h3><span class=\"a-text-bold\">Empresa de escaleras profesionales<\/span><\/h3>\n<p>Recomendamos comprar escaleras de una empresa que se especialice en escaleras, ya que este es un producto de seguridad.<\/p>\n<p>E ISOP es una de las pocas empresas que ofrece una amplia selecci\u00f3n de diferentes escaleras desde sus propias instalaciones de fabricaci\u00f3n.<\/p>\n<p>Disponible tambi\u00e9n para casas de <a href=\"https:\/\/isopllc.com\/es\/product\/escalera-de-emergencia-contra-incendios-montada-en-la-pared-para-3-pisos-7-5-m\/\"><strong>2 pisos.<\/strong><\/a><\/p>\n","protected":false},"excerpt":{"rendered":"[embed]https:\/\/youtu.be\/0uLAI-4RfL8[\/embed]\n<p style=\"text-align: center\">Escalera de escape de incendios incorporada de 1 pisos de 13 pies | Escaleras retr\u00e1ctiles | Escalera de Incendio para Hogares Incluye Caja de Aluminio, Mosquetones y Juego de 2 Anclajes<\/p>\n<p style=\"text-align: center\">ENV\u00cdO GRATIS EN 3-7 D\u00cdAS<\/p>\n<h4 style=\"text-align: center\"><strong>C\u00d3MPRALO EN<\/strong><\/h4>\n<p style=\"text-align: center\"><a href=\"https:\/\/www.amazon.es\/dp\/B09G1PV5RS\/ref=sr_1_1?__mk_es_ES=%C3%85M%C3%85%C5%BD%C3%95%C3%91&amp;crid=2DBIILCZHP69J&amp;dib=eyJ2IjoiMSJ9.0ojAM7vjzZieBEL9bAojLg.KP_h2ehJQ4zQ7VK_1MV4WjebGPoOHpCZ5L8GYHYCLn0&amp;dib_tag=se&amp;keywords=Escaleras%2Bde%2BEvacuaci%C3%B3n%2Bde%2BIncendios%2BEscaleras%2BRetr%C3%A1ctiles%2Bpara%2BCasas%2Bde%2B1%2BPisos&amp;qid=1739957907&amp;s=kitchen&amp;sprefix=b09g1pv5rs%2Ckitchen%2C548&amp;sr=1-1&amp;th=1\"><img loading=\"lazy\" decoding=\"async\" class=\"aligncenter wp-image-1040 size-full\" src=\"https:\/\/isopllc.com\/es\/wp-content\/uploads\/sites\/7\/2020\/01\/amazon-button9.png\" alt=\"\" width=\"160\" height=\"59\" \/><\/a><\/p>\n","protected":false},"featured_media":4507,"comment_status":"open","ping_status":"closed","template":"","meta":[],"product_brand":[],"product_cat":[178,183,176],"product_tag":[74,36,61,75],"class_list":{"0":"post-4506","1":"product","2":"type-product","3":"status-publish","4":"has-post-thumbnail","6":"product_cat-escaleras-de-escape-con-soporte","7":"product_cat-escaleras-de-escape-para-1-piso","8":"product_cat-escaleras-montadas-en-la-pared","9":"product_tag-balcon","10":"product_tag-equipo-de-seguridad","11":"product_tag-escalera-de-cuerda","12":"product_tag-escape-de-ventana","14":"first","15":"instock","16":"shipping-taxable","17":"purchasable","18":"product-type-simple"},"_links":{"self":[{"href":"https:\/\/isopllc.com\/es\/wp-json\/wp\/v2\/product\/4506","targetHints":{"allow":["GET"]}}],"collection":[{"href":"https:\/\/isopllc.com\/es\/wp-json\/wp\/v2\/product"}],"about":[{"href":"https:\/\/isopllc.com\/es\/wp-json\/wp\/v2\/types\/product"}],"replies":[{"embeddable":true,"href":"https:\/\/isopllc.com\/es\/wp-json\/wp\/v2\/comments?post=4506"}],"wp:featuredmedia":[{"embeddable":true,"href":"https:\/\/isopllc.com\/es\/wp-json\/wp\/v2\/media\/4507"}],"wp:attachment":[{"href":"https:\/\/isopllc.com\/es\/wp-json\/wp\/v2\/media?parent=4506"}],"wp:term":[{"taxonomy":"product_brand","embeddable":true,"href":"https:\/\/isopllc.com\/es\/wp-json\/wp\/v2\/product_brand?post=4506"},{"taxonomy":"product_cat","embeddable":true,"href":"https:\/\/isopllc.com\/es\/wp-json\/wp\/v2\/product_cat?post=4506"},{"taxonomy":"product_tag","embeddable":true,"href":"https:\/\/isopllc.com\/es\/wp-json\/wp\/v2\/product_tag?post=4506"}],"curies":[{"name":"wp","href":"https:\/\/api.w.org\/{rel}","templated":true}]}}