{"id":4544,"date":"2022-12-14T14:53:30","date_gmt":"2022-12-14T14:53:30","guid":{"rendered":"https:\/\/isopllc.com\/es\/?post_type=product&#038;p=4544"},"modified":"2025-06-30T16:22:40","modified_gmt":"2025-06-30T16:22:40","slug":"estabilizadores-de-separacion-para-escalera-de-cuerda","status":"publish","type":"product","link":"https:\/\/isopllc.com\/es\/product\/estabilizadores-de-separacion-para-escalera-de-cuerda\/","title":{"rendered":"Estabilizadores de Separaci\u00f3n para Escalera de Cuerda | Juego de 10 pares"},"content":{"rendered":"<div class=\"celwidget aplus-module premium-module-3-four-column-images aplus-premium\" data-csa-c-id=\"5x7ui9-ius50c-ssm1r8-66oj1i\" data-cel-widget=\"aplus-premium-module-3-four-column-images\">\n<div class=\"a-section a-spacing-none premium-aplus premium-aplus-module-3 aplus-container-1\">\n<h1 class=\"a-text-center premium-module-3-heading aplus-h1 a-text-bold\">Estabilizadores de Separaci\u00f3n | Juego de 10 Pares para Escalera de Cuerda ISOP<\/h1>\n<div class=\"a-section a-spacing-none premium-aplus-four-column\">\n<div class=\"a-section a-spacing-none premium-aplus-column\">\n<div class=\"a-section a-spacing-none {'column-image'}\"><img decoding=\"async\" class=\"\" src=\"https:\/\/m.media-amazon.com\/images\/S\/aplus-media-library-service-media\/8066bf1d-81b3-4ac4-82be-a69a72b3c0d5.__CR0,180,900,675_PT0_SX300_V1___.jpg\" alt=\"Stabilizers\" data-src=\"https:\/\/m.media-amazon.com\/images\/S\/aplus-media-library-service-media\/8066bf1d-81b3-4ac4-82be-a69a72b3c0d5.__CR0,180,900,675_PT0_SX300_V1___.jpg\" data- title=\"\"><\/div>\n<div class=\"a-section a-spacing-none column-heading\"><\/div>\n<div class=\"a-section a-spacing-none column-description\">\n<p class=\"aplus-p3\">Nuestros innovadores estabilizadores permiten que las escaleras se mantengan firmes contra la pared y facilitan enormemente el descenso desde el segundo y hasta el quinto piso.<\/p>\n<\/div>\n<\/div>\n<div class=\"a-section a-spacing-none premium-aplus-column\">\n<div class=\"a-section a-spacing-none {'column-image'}\"><img decoding=\"async\" class=\"\" src=\"https:\/\/m.media-amazon.com\/images\/S\/aplus-media-library-service-media\/043fef83-6ae1-4354-a8a8-d3fc937a6fdc.__CR0,0,600,450_PT0_SX300_V1___.jpg\" alt=\"stabilizers\" data-src=\"https:\/\/m.media-amazon.com\/images\/S\/aplus-media-library-service-media\/043fef83-6ae1-4354-a8a8-d3fc937a6fdc.__CR0,0,600,450_PT0_SX300_V1___.jpg\" data- title=\"\"><\/div>\n<div class=\"a-section a-spacing-none column-heading\"><\/div>\n<div class=\"a-section a-spacing-none column-description\">\n<p class=\"aplus-p3\">Los estabilizadores de pelda\u00f1os s\u00f3lidos y resistentes son livianos y f\u00e1ciles de colocar. Se adapta a cualquier escalera de cuerda ISOP.<\/p>\n<\/div>\n<\/div>\n<div class=\"a-section a-spacing-none premium-aplus-column\">\n<div class=\"a-section a-spacing-none {'column-image'}\"><img decoding=\"async\" class=\"\" src=\"https:\/\/m.media-amazon.com\/images\/S\/aplus-media-library-service-media\/8eeb471b-9383-4937-a68f-a92b49a4029a.__CR0,148,900,675_PT0_SX300_V1___.jpg\" alt=\"Stabilizers\" data-src=\"https:\/\/m.media-amazon.com\/images\/S\/aplus-media-library-service-media\/8eeb471b-9383-4937-a68f-a92b49a4029a.__CR0,148,900,675_PT0_SX300_V1___.jpg\" data- title=\"\"><\/div>\n<div class=\"a-section a-spacing-none column-heading\"><\/div>\n<div class=\"a-section a-spacing-none column-description\">\n<p class=\"aplus-p3\">Un paquete contiene 20 estabilizadores que son suficientes para unir 10 pelda\u00f1os. Para una escalera de cuerda de 10 m necesitar\u00eda dos paquetes de estabilizadores.<\/p>\n<\/div>\n<\/div>\n<div class=\"a-section a-spacing-none premium-aplus-column\">\n<div class=\"a-section a-spacing-none {'column-image'}\"><img decoding=\"async\" class=\"\" src=\"https:\/\/m.media-amazon.com\/images\/S\/aplus-media-library-service-media\/8a8c27d8-4e9c-4405-8f64-dc7370bb63fd.__CR0,87,900,675_PT0_SX300_V1___.jpg\" alt=\"Stabilizers\" data-src=\"https:\/\/m.media-amazon.com\/images\/S\/aplus-media-library-service-media\/8a8c27d8-4e9c-4405-8f64-dc7370bb63fd.__CR0,87,900,675_PT0_SX300_V1___.jpg\" data- title=\"\"><\/div>\n<div class=\"a-section a-spacing-none column-heading\"><\/div>\n<div class=\"a-section a-spacing-none column-description\">\n<p class=\"aplus-p3\">Para un uso r\u00e1pido, fije los estabilizadores a una escalera con antelaci\u00f3n.<\/p>\n<\/div>\n<\/div>\n<\/div>\n<\/div>\n<\/div>\n<div class=\"celwidget aplus-module premium-module-4-two-column-images aplus-premium\" data-csa-c-id=\"15yl7x-eio1n0-m9lh6n-socwzs\" data-cel-widget=\"aplus-premium-module-4-two-column-images\">\n<div class=\"a-section a-spacing-none premium-aplus premium-aplus-module-4 aplus-container-1\">\n<div class=\"a-section a-spacing-none premium-aplus-two-column\">\n<div class=\"a-section a-spacing-none premium-aplus-column\">\n<div class=\"a-section a-spacing-none {'column-image'}\"><img loading=\"lazy\" decoding=\"async\" class=\"\" src=\"https:\/\/m.media-amazon.com\/images\/S\/aplus-media-library-service-media\/357d9bff-aefe-4243-b420-8e0a0fd59839.__CR0,0,650,350_PT0_SX650_V1___.jpg\" alt=\"B0BK6FBDJ5\" width=\"388\" height=\"209\" data-src=\"https:\/\/m.media-amazon.com\/images\/S\/aplus-media-library-service-media\/357d9bff-aefe-4243-b420-8e0a0fd59839.__CR0,0,650,350_PT0_SX650_V1___.jpg\" data- title=\"\"><\/div>\n<div class=\"a-section a-spacing-none column-heading\"><\/div>\n<div class=\"a-section a-spacing-none column-description\">\n<p class=\"aplus-p3\">Los estabilizadores independientes para la escalera de escape en caso de incendio brindan m\u00e1s seguridad durante el descenso o el ascenso.<\/p>\n<\/div>\n<\/div>\n<div class=\"a-section a-spacing-none premium-aplus-column\">\n<div class=\"a-section a-spacing-none {'column-image'}\"><img loading=\"lazy\" decoding=\"async\" class=\"\" src=\"https:\/\/m.media-amazon.com\/images\/S\/aplus-media-library-service-media\/44c19656-c545-4b6e-bacb-c7ae2eb6b8a5.__CR0,0,650,350_PT0_SX650_V1___.jpg\" alt=\"B0BK6FBDJ5\" width=\"396\" height=\"213\" data-src=\"https:\/\/m.media-amazon.com\/images\/S\/aplus-media-library-service-media\/44c19656-c545-4b6e-bacb-c7ae2eb6b8a5.__CR0,0,650,350_PT0_SX650_V1___.jpg\" data- title=\"\"><\/div>\n<div class=\"a-section a-spacing-none column-heading\"><\/div>\n<div class=\"a-section a-spacing-none column-description\">\n<p class=\"aplus-p3\">Los estabilizadores de escalera de cuerda con pelda\u00f1os antideslizantes hacen que el descenso sea m\u00e1s estable.<\/p>\n<\/div>\n<\/div>\n<\/div>\n<\/div>\n<\/div>\n","protected":false},"excerpt":{"rendered":"<p style=\"text-align: center;\">Separador para Escalera de Cuerda | Estabilizadores para Escalera de Escape de Incendios de 1 a 2 pisos | Juego de 10 pares | M\u00e1s F\u00e1cil de Descender F\u00e1cil de Usar | Separadores para Pelda\u00f1os de Escalera<\/p>\n<p style=\"text-align: center;\">ENV\u00cdO GRATIS EN 3-7 D\u00cdAS<\/p>\n<h4 style=\"text-align: center;\"><strong>C\u00d3MPRALO<\/strong><\/h4>\n<p><a href=\"https:\/\/www.amazon.es\/dp\/B0BK6FBDJ5\/?maas=maas_adg_B40D062C11016FC9C6A69F4C9F4C1459_afap_abs&amp;ref_=aa_maas&amp;ref=sr_1_1&amp;dchild=1&amp;keywords=Escalera%2Bde%2BCuerda%2Bde%2BEscape%2Bde%2BIncendios%2Bde%2B2%2BPlantas&amp;qid=1605077074&amp;sr=8-1&amp;th=1\"><img loading=\"lazy\" decoding=\"async\" class=\"alignnone wp-image-1040 size-full aligncenter\" src=\"https:\/\/rightfoodonly.com\/wp-content\/uploads\/amazon-button9.png\" alt=\"\" width=\"160\" height=\"59\" \/><\/a><\/p>\n<p>&nbsp;<\/p>\n","protected":false},"featured_media":4565,"comment_status":"open","ping_status":"closed","template":"","meta":[],"product_brand":[],"product_cat":[173],"product_tag":[37,103,64,79],"class_list":{"0":"post-4544","1":"product","2":"type-product","3":"status-publish","4":"has-post-thumbnail","6":"product_cat-accesorios-para-escaleras-contra-incendios","7":"product_tag-arnes-de-seguridad","8":"product_tag-escaleras-de-seguridad","9":"product_tag-evacuacion","10":"product_tag-mosquetones","12":"first","13":"instock","14":"shipping-taxable","15":"purchasable","16":"product-type-simple"},"_links":{"self":[{"href":"https:\/\/isopllc.com\/es\/wp-json\/wp\/v2\/product\/4544","targetHints":{"allow":["GET"]}}],"collection":[{"href":"https:\/\/isopllc.com\/es\/wp-json\/wp\/v2\/product"}],"about":[{"href":"https:\/\/isopllc.com\/es\/wp-json\/wp\/v2\/types\/product"}],"replies":[{"embeddable":true,"href":"https:\/\/isopllc.com\/es\/wp-json\/wp\/v2\/comments?post=4544"}],"wp:featuredmedia":[{"embeddable":true,"href":"https:\/\/isopllc.com\/es\/wp-json\/wp\/v2\/media\/4565"}],"wp:attachment":[{"href":"https:\/\/isopllc.com\/es\/wp-json\/wp\/v2\/media?parent=4544"}],"wp:term":[{"taxonomy":"product_brand","embeddable":true,"href":"https:\/\/isopllc.com\/es\/wp-json\/wp\/v2\/product_brand?post=4544"},{"taxonomy":"product_cat","embeddable":true,"href":"https:\/\/isopllc.com\/es\/wp-json\/wp\/v2\/product_cat?post=4544"},{"taxonomy":"product_tag","embeddable":true,"href":"https:\/\/isopllc.com\/es\/wp-json\/wp\/v2\/product_tag?post=4544"}],"curies":[{"name":"wp","href":"https:\/\/api.w.org\/{rel}","templated":true}]}}