{"id":4554,"date":"2022-12-18T05:52:25","date_gmt":"2022-12-18T05:52:25","guid":{"rendered":"https:\/\/isopllc.com\/es\/?post_type=product&#038;p=4554"},"modified":"2025-06-30T16:22:28","modified_gmt":"2025-06-30T16:22:28","slug":"manta-de-rescate-dorada-y-plateada-11-unidades","status":"publish","type":"product","link":"https:\/\/isopllc.com\/es\/product\/manta-de-rescate-dorada-y-plateada-11-unidades\/","title":{"rendered":"Manta de Rescate Dorada y Plateada | 11 Unidades"},"content":{"rendered":"<div id=\"title_feature_div\" class=\"celwidget\" data-feature-name=\"title\" data-csa-c-type=\"widget\" data-csa-c-content-id=\"title\" data-csa-c-slot-id=\"title_feature_div\" data-csa-c-asin=\"B0BJQCVPLH\" data-csa-c-is-in-initial-active-row=\"false\" data-csa-c-id=\"erqms-5qqh6y-p3rtya-x4dmz0\" data-cel-widget=\"title_feature_div\">\n<h1 id=\"titleSection\" class=\"a-section a-spacing-none\">Manta de rescate ISOP Dorada y Plateada | 11 Unidades Tama\u00f1o Grande 210 x 160 cm | Mantas T\u00e9rmicas de Emergencia Mantas de Supervivencia Primeros Auxilios | Manta de retenci\u00f3n de calor | Multiuso Ligero y compacto<\/h1>\n<\/div>\n<div id=\"bylineInfo_feature_div\" class=\"celwidget\" data-feature-name=\"bylineInfo\" data-csa-c-type=\"widget\" data-csa-c-content-id=\"bylineInfo\" data-csa-c-slot-id=\"bylineInfo_feature_div\" data-csa-c-asin=\"B0BJQCVPLH\" data-csa-c-is-in-initial-active-row=\"false\" data-csa-c-id=\"wvuzbc-cbpmcd-p0zjlr-aw19k2\" data-cel-widget=\"bylineInfo_feature_div\"><\/div>\n<div class=\"celwidget aplus-module premium-module-1-image-text aplus-premium\" data-csa-c-id=\"nvxuwk-9y1qd2-me2kdy-lkoz9b\" data-cel-widget=\"aplus-premium-module-1-image-text\">\n<div class=\"a-section a-spacing-none premium-aplus premium-aplus-module-1 aplus-container-1\">\n<div class=\"a-section a-spacing-none aplus-display-table\">\n<div class=\"a-section a-spacing-none aplus-module-section aplus-display-table-cell aplus-image-section\"><img decoding=\"async\" class=\"\" src=\"https:\/\/m.media-amazon.com\/images\/W\/WEBP_402378-T2\/images\/S\/aplus-media-library-service-media\/83e70c37-0952-4f54-9c07-e7f4442a5f4e.__CR0,0,800,600_PT0_SX800_V1___.jpg\" alt=\"Silver\/Gold Blanket Premium\" data-src=\"https:\/\/m.media-amazon.com\/images\/W\/WEBP_402378-T2\/images\/S\/aplus-media-library-service-media\/83e70c37-0952-4f54-9c07-e7f4442a5f4e.__CR0,0,800,600_PT0_SX800_V1___.jpg\" data- title=\"\"><\/div>\n<div class=\"a-section a-spacing-none aplus-module-section aplus-display-table-cell aplus-text-section-right\">\n<h1 class=\"aplus-h1 aplus-module-1-heading a-text-bold\">Imprescindible para Kits de Supervivencia, Botiquines de Primeros Auxilios, Kits de Emergencia y M\u00e1s.<\/h1>\n<p class=\"aplus-p2 aplus-module-1-description\">La manta de emergencia Mylar es resistente al agua y refleja hasta el 90 % del calor corporal para ayudar a prevenir la hipotermia en situaciones de supervivencia en climas fr\u00edos, h\u00famedos o calurosos. Estas mantas de l\u00e1mina t\u00e9rmica son imprescindibles para acampar, correr senderos, maratones, bolsas de viaje de 48 horas, 72 horas y 30 d\u00edas, equipo t\u00e1ctico, kits de supervivencia para terremotos, emergencias en el hogar y botiquines de primeros auxilios para autom\u00f3viles.<\/p>\n<\/div>\n<\/div>\n<\/div>\n<\/div>\n<div class=\"celwidget aplus-module premium-module-1-image-text aplus-premium\" data-csa-c-id=\"p0rseo-gvzh3q-ahffy1-eae4wm\" data-cel-widget=\"aplus-premium-module-1-image-text\">\n<div class=\"a-section a-spacing-none premium-aplus premium-aplus-module-1 aplus-container-1\">\n<div class=\"a-section a-spacing-none aplus-display-table\">\n<div class=\"a-section a-spacing-none aplus-module-section aplus-display-table-cell aplus-image-section\"><img decoding=\"async\" class=\"\" src=\"https:\/\/m.media-amazon.com\/images\/W\/WEBP_402378-T2\/images\/S\/aplus-media-library-service-media\/1c3bef25-5548-4689-9308-53a9f36497ac.__CR0,0,800,600_PT0_SX800_V1___.jpg\" alt=\"Silver\/Gold Blanket Premium\" data-src=\"https:\/\/m.media-amazon.com\/images\/W\/WEBP_402378-T2\/images\/S\/aplus-media-library-service-media\/1c3bef25-5548-4689-9308-53a9f36497ac.__CR0,0,800,600_PT0_SX800_V1___.jpg\" data- title=\"\"><\/div>\n<div class=\"a-section a-spacing-none aplus-module-section aplus-display-table-cell aplus-text-section-right\">\n<h1 class=\"aplus-h1 aplus-module-1-heading a-text-bold\">Manta de emergencia multiusos<\/h1>\n<p class=\"aplus-p2 aplus-module-1-description\">Gu\u00e1rdelo en su mochila por si acaso. Adem\u00e1s de mantenerte abrigado y seco, la manta de supervivencia ISOP tiene innumerables usos en situaciones de supervivencia. \u00daselo como forro de saco de dormir en climas fr\u00edos inesperados para mejorar su saco de dormir actual aumentando el calor y protegi\u00e9ndolo de la condensaci\u00f3n exterior. Mantenga a su gato en caso de que se quede atrapado en una tormenta de nieve, se quede sin gasolina o tenga un accidente automovil\u00edstico durante el invierno.<\/p>\n<\/div>\n<\/div>\n<\/div>\n<\/div>\n<div class=\"celwidget aplus-module premium-module-1-image-text aplus-premium\" data-csa-c-id=\"bpbsso-8dfzta-y2mu01-e5iw8h\" data-cel-widget=\"aplus-premium-module-1-image-text\">\n<div class=\"a-section a-spacing-none premium-aplus premium-aplus-module-1 aplus-container-1\">\n<div class=\"a-section a-spacing-none aplus-display-table\">\n<div class=\"a-section a-spacing-none aplus-module-section aplus-display-table-cell aplus-image-section\"><img decoding=\"async\" class=\"\" src=\"https:\/\/m.media-amazon.com\/images\/W\/WEBP_402378-T2\/images\/S\/aplus-media-library-service-media\/ff8517b7-ded4-4139-bb92-8b71ffe90612.__CR0,0,800,600_PT0_SX800_V1___.jpg\" alt=\"Silver\/Gold Blanket Premium\" data-src=\"https:\/\/m.media-amazon.com\/images\/W\/WEBP_402378-T2\/images\/S\/aplus-media-library-service-media\/ff8517b7-ded4-4139-bb92-8b71ffe90612.__CR0,0,800,600_PT0_SX800_V1___.jpg\" data- title=\"\"><\/div>\n<div class=\"a-section a-spacing-none aplus-module-section aplus-display-table-cell aplus-text-section-right\">\n<h1 class=\"aplus-h1 aplus-module-1-heading a-text-bold\">Embalaje duradero, ultraligero y compacto<\/h1>\n<p class=\"aplus-p2 aplus-module-1-description\">Cada manta est\u00e1 plegada, envuelta y sellada individualmente para un f\u00e1cil almacenamiento, reteniendo o desviando el calor, reutilizable, impermeable, a prueba de viento, resistente a la humedad, tambi\u00e9n se puede usar como cubierta para el suelo y parasol.<\/p>\n<div class=\"a-section a-spacing-none premium-aplus-15-heading\">\n<h1 class=\"premium-aplus-15-heading-text a-text-bold\">Innumerables usos:<\/h1>\n<\/div>\n<div class=\"a-section a-spacing-none\">\n<p class=\"description\">Huella de tienda; funda de mochila; poncho de lluvia; Se\u00f1al de emergencia; horno solar; se\u00f1uelo de pesca; repelente de p\u00e1jaros; Refugio de emergencia; Ropa de saco de dormir; Cobertura del suelo; bloqueador de viento; Cabestrillo para el brazo; Torniquete; Marcador de senderos; colector de agua; Contenedor de derretimiento de nieve; Protector solar para ventanillas de coche; reflector de luz solar; Cubierta de conservaci\u00f3n de alimentos.<\/p>\n<\/div>\n<\/div>\n<\/div>\n<\/div>\n<\/div>\n","protected":false},"excerpt":{"rendered":"[embed]https:\/\/www.youtube.com\/watch?v=_FEc3WYo3UU[\/embed]\n<p id=\"titleSection\" class=\"a-section a-spacing-none\" style=\"text-align: center;\">Manta de rescate ISOP Dorada y Plateada | 11 Unidades Tama\u00f1o Grande 210 x 160 cm | Mantas T\u00e9rmicas de Emergencia Mantas de Supervivencia Primeros Auxilios | Manta de retenci\u00f3n de calor | Multiuso Ligero y compacto<\/p>\n<p style=\"text-align: center;\">ENV\u00cdO GRATIS EN 3-7 D\u00cdAS<\/p>\n<h4 style=\"text-align: center;\"><strong>C\u00d3MPRALO<\/strong><\/h4>\n<p><a href=\"https:\/\/www.amazon.es\/dp\/B0BJQCVPLH\/ref=sr_1_1?__mk_es_ES=%C3%85M%C3%85%C5%BD%C3%95%C3%91&amp;crid=2H1J1LK9DA9DY&amp;dib=eyJ2IjoiMSJ9.dfyH88K72Rs5vSBQmclzEQ.FQMT1PHB_9llg9ZiYE66aPS8g24Evxvkj_sf8t4WFnM&amp;dib_tag=se&amp;keywords=Kit%2Bde%2BSupervivencia%2Bde%2BEmergencia%2BEquipo%2Bde%2BSupervivencia%2BLa%2Bmanta%2Bde%2Bemergencia&amp;qid=1740273759&amp;sprefix=b0bjqcvplh%2Caps%2C221&amp;sr=8-1&amp;th=1\"><img loading=\"lazy\" decoding=\"async\" class=\"aligncenter wp-image-1040 size-full\" src=\"https:\/\/isopllc.com\/es\/wp-content\/uploads\/sites\/7\/2020\/01\/amazon-button9.png\" alt=\"\" width=\"160\" height=\"59\" \/><\/a><\/p>\n<p>&nbsp;<\/p>\n","protected":false},"featured_media":4564,"comment_status":"open","ping_status":"closed","template":"","meta":[],"product_brand":[],"product_cat":[169,171],"product_tag":[155,49,154,156],"class_list":{"0":"post-4554","1":"product","2":"type-product","3":"status-publish","4":"has-post-thumbnail","6":"product_cat-conjuntos-de-rescate-y-supervivencia","7":"product_cat-manta-de-emergencia","8":"product_tag-dorada","9":"product_tag-equipo-de-emergencia","10":"product_tag-manta-de-rescate","11":"product_tag-plateada","13":"first","14":"instock","15":"shipping-taxable","16":"purchasable","17":"product-type-simple"},"_links":{"self":[{"href":"https:\/\/isopllc.com\/es\/wp-json\/wp\/v2\/product\/4554","targetHints":{"allow":["GET"]}}],"collection":[{"href":"https:\/\/isopllc.com\/es\/wp-json\/wp\/v2\/product"}],"about":[{"href":"https:\/\/isopllc.com\/es\/wp-json\/wp\/v2\/types\/product"}],"replies":[{"embeddable":true,"href":"https:\/\/isopllc.com\/es\/wp-json\/wp\/v2\/comments?post=4554"}],"wp:featuredmedia":[{"embeddable":true,"href":"https:\/\/isopllc.com\/es\/wp-json\/wp\/v2\/media\/4564"}],"wp:attachment":[{"href":"https:\/\/isopllc.com\/es\/wp-json\/wp\/v2\/media?parent=4554"}],"wp:term":[{"taxonomy":"product_brand","embeddable":true,"href":"https:\/\/isopllc.com\/es\/wp-json\/wp\/v2\/product_brand?post=4554"},{"taxonomy":"product_cat","embeddable":true,"href":"https:\/\/isopllc.com\/es\/wp-json\/wp\/v2\/product_cat?post=4554"},{"taxonomy":"product_tag","embeddable":true,"href":"https:\/\/isopllc.com\/es\/wp-json\/wp\/v2\/product_tag?post=4554"}],"curies":[{"name":"wp","href":"https:\/\/api.w.org\/{rel}","templated":true}]}}