{"id":4587,"date":"2023-01-17T16:17:41","date_gmt":"2023-01-17T16:17:41","guid":{"rendered":"https:\/\/isopllc.com\/es\/?post_type=product&#038;p=4587"},"modified":"2025-06-30T16:21:36","modified_gmt":"2025-06-30T16:21:36","slug":"kit-de-supervivencia-de-emergencia","status":"publish","type":"product","link":"https:\/\/isopllc.com\/es\/product\/kit-de-supervivencia-de-emergencia\/","title":{"rendered":"Kit de Supervivencia de Emergencia"},"content":{"rendered":"<div class=\"celwidget aplus-module premium-module-3-four-column-images aplus-premium\" data-csa-c-id=\"5x7ui9-ius50c-ssm1r8-66oj1i\" data-cel-widget=\"aplus-premium-module-3-four-column-images\">\n<div class=\"a-section a-spacing-none premium-aplus premium-aplus-module-3 aplus-container-1\">\n<div class=\"celwidget aplus-module premium-module-3-four-column-images aplus-premium\" data-csa-c-id=\"5x7ui9-ius50c-ssm1r8-66oj1i\" data-cel-widget=\"aplus-premium-module-3-four-column-images\">\n<h1 class=\"a-section a-spacing-none premium-aplus premium-aplus-module-3 aplus-container-1\">Kit de Supervivencia de Emergencia | Kit de Supervivencia Militar | Equipo de Supervivencia de Emergencia y Equipo de Pesca para Camping, Senderismo, Caza, Aventuras al Aire Libre | Herramientas de Supervivencia con Linterna de Silbato de Pulsera de Emergencia<\/h1>\n<\/div>\n<\/div>\n<\/div>\n<div class=\"celwidget aplus-module premium-module-4-two-column-images aplus-premium\" data-csa-c-id=\"15yl7x-eio1n0-m9lh6n-socwzs\" data-cel-widget=\"aplus-premium-module-4-two-column-images\">\n<div class=\"a-section a-spacing-none premium-aplus premium-aplus-module-4 aplus-container-1\">\n<div class=\"a-section a-spacing-none premium-aplus-two-column\">\n<div class=\"a-section a-spacing-none premium-aplus-column\">\n<div class=\"a-section a-spacing-none column-description\">\n<div class=\"celwidget aplus-module premium-module-15-text aplus-premium\" data-csa-c-id=\"bnb6tm-tysnie-sthwlh-4mqwnf\" data-cel-widget=\"aplus-premium-module-15-text\">\n<div class=\"a-section a-spacing-none premium-aplus premium-aplus-module-15\">\n<div class=\"a-section a-spacing-none\">\n<div id=\"aplus_feature_div\" class=\"celwidget\" data-feature-name=\"aplus\" data-csa-c-type=\"widget\" data-csa-c-content-id=\"aplus\" data-csa-c-slot-id=\"aplus_feature_div\" data-csa-c-asin=\"\" data-csa-c-is-in-initial-active-row=\"false\" data-csa-c-id=\"hrjqk3-olh6i-2zbtsj-fsbg4i\">\n<div id=\"aplus\" class=\"a-section a-spacing-large bucket\">\n<div class=\"aplus-v2 desktop celwidget\" data-csa-c-id=\"7p6bth-t6s03-mu9bah-t86rud\">\n<div class=\"celwidget aplus-module premium-module-1-image-text aplus-premium\" data-csa-c-id=\"w4g4q0-i5pch3-n1vxz6-j29p3m\">\n<div class=\"a-section a-spacing-none premium-aplus premium-aplus-module-1 aplus-container-1\">\n<div class=\"a-section a-spacing-none aplus-display-table\">\n<div class=\"a-section a-spacing-none aplus-module-section aplus-display-table-cell aplus-text-section-left\">\n<div id=\"aplus_feature_div\" class=\"celwidget\" data-feature-name=\"aplus\" data-csa-c-type=\"widget\" data-csa-c-content-id=\"aplus\" data-csa-c-slot-id=\"aplus_feature_div\" data-csa-c-asin=\"\" data-csa-c-is-in-initial-active-row=\"false\" data-csa-c-id=\"hrjqk3-olh6i-2zbtsj-fsbg4i\">\n<div id=\"aplus\" class=\"a-section a-spacing-large bucket\">\n<div class=\"aplus-v2 desktop celwidget\" data-csa-c-id=\"7p6bth-t6s03-mu9bah-t86rud\">\n<div class=\"celwidget aplus-module premium-module-1-image-text aplus-premium\" data-csa-c-id=\"w4g4q0-i5pch3-n1vxz6-j29p3m\">\n<div class=\"a-section a-spacing-none premium-aplus premium-aplus-module-1 aplus-container-1\">\n<div class=\"a-section a-spacing-none aplus-display-table\">\n<div class=\"a-section a-spacing-none aplus-module-section aplus-display-table-cell aplus-text-section-left\">\n<div id=\"aplus_feature_div\" class=\"celwidget\" data-feature-name=\"aplus\" data-csa-c-type=\"widget\" data-csa-c-content-id=\"aplus\" data-csa-c-slot-id=\"aplus_feature_div\" data-csa-c-asin=\"\" data-csa-c-is-in-initial-active-row=\"false\" data-csa-c-id=\"werwrh-oppmo3-svcp6d-fhfg25\" data-cel-widget=\"aplus_feature_div\">\n<div id=\"aplus\" class=\"a-section a-spacing-large bucket\">\n<div class=\"aplus-v2 desktop celwidget\" data-csa-c-id=\"7xtdo9-r4wrro-f3nno8-bwxukn\" data-cel-widget=\"aplus\">\n<div class=\"celwidget aplus-module premium-module-1-image-text aplus-premium\" data-csa-c-id=\"2rlhkz-8y7w7x-cqhx54-3sn8qp\" data-cel-widget=\"aplus-premium-module-1-image-text\">\n<div class=\"a-section a-spacing-none premium-aplus premium-aplus-module-1 aplus-container-1\">\n<div class=\"a-section a-spacing-none aplus-display-table\">\n<div class=\"a-section a-spacing-none aplus-module-section aplus-display-table-cell aplus-text-section-left\">\n<p class=\"aplus-p2 aplus-module-1-description\">\n<\/div>\n<h1 class=\"a-section a-spacing-none aplus-module-section aplus-display-table-cell aplus-image-section\"><img decoding=\"async\" class=\"\" src=\"https:\/\/m.media-amazon.com\/images\/S\/aplus-media-library-service-media\/040643e9-74cb-41eb-b1fc-1c6259247f60.__CR0,0,800,600_PT0_SX800_V1___.jpg\" alt=\"Emergency Survival Kit\" data-src=\"https:\/\/m.media-amazon.com\/images\/S\/aplus-media-library-service-media\/040643e9-74cb-41eb-b1fc-1c6259247f60.__CR0,0,800,600_PT0_SX800_V1___.jpg\" data- title=\"\">Te presentamos el set de supervivencia de ISOP mejor equipado para cualquier ocasi\u00f3n<\/h1>\n<div>\n<p class=\"aplus-p2 aplus-module-1-description\">Terremoto, incendio o inundaci\u00f3n, este set te ayudar\u00e1 a sobrevivir. Incluso si te encuentras en una isla desierta como Robinson Crusoe, tendr\u00e1s todas las herramientas para sobrevivir. A continuaci\u00f3n te presentamos cada art\u00edculo del set que seleccionamos escrupulosamente por separado y te contamos todas las posibles aplicaciones de cada producto, que por cierto, no solo son \u00fatiles en situaciones de emergencia, sino tambi\u00e9n en la vida cotidiana, acampando, escalando la monta\u00f1a o hacer senderismo con la familia.<\/p>\n<\/div>\n<\/div>\n<\/div>\n<\/div>\n<div class=\"celwidget aplus-module premium-module-4-two-column-images aplus-premium\" data-csa-c-id=\"ptm5mu-ovnfo3-2bizob-7qtr4k\" data-cel-widget=\"aplus-premium-module-4-two-column-images\">\n<div class=\"a-section a-spacing-none premium-aplus premium-aplus-module-4 aplus-container-1\">\n<div class=\"a-section a-spacing-none premium-aplus-two-column\">\n<div class=\"a-section a-spacing-none premium-aplus-column\">\n<div class=\"a-section a-spacing-none {'column-image'}\"><img decoding=\"async\" class=\"\" src=\"https:\/\/m.media-amazon.com\/images\/S\/aplus-media-library-service-media\/2c5841b2-ca84-4686-aff4-e5dcad44de3e.__CR0,0,650,350_PT0_SX650_V1___.jpg\" alt=\"Emergency Survival Kit | Military Survival Kit \" data-src=\"https:\/\/m.media-amazon.com\/images\/S\/aplus-media-library-service-media\/2c5841b2-ca84-4686-aff4-e5dcad44de3e.__CR0,0,650,350_PT0_SX650_V1___.jpg\" data- title=\"\"><\/div>\n<div class=\"a-section a-spacing-none column-heading\">\n<h1 class=\"aplus-h3 a-text-bold\">Kit de supervivencia de emergencia | Kit de supervivencia militar<\/h1>\n<\/div>\n<div class=\"a-section a-spacing-none column-description\">\n<p class=\"aplus-p3\">El kit de t\u00e1cticas actualizadas multiusos es un kit de supervivencia de emergencia multiprofesional 21 en 1 que incluye equipo de supervivencia al aire libre que es esencial para acampar, pescar, cazar, viajar en motocicleta, excursiones en la naturaleza, caminatas y escenarios de supervivencia. Es una sorpresa incre\u00edble y un gadget para todos.<\/p>\n<\/div>\n<\/div>\n<div class=\"a-section a-spacing-none premium-aplus-column\">\n<div class=\"a-section a-spacing-none {'column-image'}\"><img decoding=\"async\" class=\"\" src=\"https:\/\/m.media-amazon.com\/images\/S\/aplus-media-library-service-media\/90587192-739f-468d-8e4f-30e9c7944395.__CR0,0,650,350_PT0_SX650_V1___.jpg\" alt=\"Emergency Survival Gear &amp; Fishing Equipment for Camping Hiking Hunting Outdoor Adventure \" data-src=\"https:\/\/m.media-amazon.com\/images\/S\/aplus-media-library-service-media\/90587192-739f-468d-8e4f-30e9c7944395.__CR0,0,650,350_PT0_SX650_V1___.jpg\" data- title=\"\"><\/div>\n<div class=\"a-section a-spacing-none column-heading\">\n<h1 class=\"aplus-h3 a-text-bold\">Herramientas de supervivencia con pulsera silbato linterna<\/h1>\n<\/div>\n<div class=\"a-section a-spacing-none column-description\">\n<p class=\"aplus-p3\">El juego de supervivencia de emergencia incluye: manta de emergencia, antorcha, spork multiusos, juego de pesca, sierra de alambre, clip para botella de agua, pulsera de paracord, iniciador de fuego de pedernal, tarjeta de sable, cerbatana, cuerda de fuego, silbato, cuchillo multiusos, ganchos de escalada, br\u00fajula, imperdibles. , bol\u00edgrafo t\u00e1ctico y estuche a prueba de golpes.<\/p>\n<\/div>\n<\/div>\n<\/div>\n<\/div>\n<\/div>\n<div class=\"celwidget aplus-module premium-module-4-two-column-images aplus-premium\" data-csa-c-id=\"ujf5z8-whexhd-hnk56z-8ldfmh\" data-cel-widget=\"aplus-premium-module-4-two-column-images\">\n<div class=\"a-section a-spacing-none premium-aplus premium-aplus-module-4 aplus-container-1\">\n<div class=\"a-section a-spacing-none premium-aplus-two-column\">\n<div class=\"a-section a-spacing-none premium-aplus-column\">\n<div class=\"a-section a-spacing-none {'column-image'}\"><img decoding=\"async\" class=\"\" src=\"https:\/\/m.media-amazon.com\/images\/S\/aplus-media-library-service-media\/b5058cd4-d615-4f08-af36-65a0fd6f2f8a.__CR0,0,650,350_PT0_SX650_V1___.jpg\" alt=\"Survival Tools with Emergency Bracelet Whistle Flashlight\" data-src=\"https:\/\/m.media-amazon.com\/images\/S\/aplus-media-library-service-media\/b5058cd4-d615-4f08-af36-65a0fd6f2f8a.__CR0,0,650,350_PT0_SX650_V1___.jpg\" data- title=\"\"><\/div>\n<div class=\"a-section a-spacing-none column-heading\">\n<h1 class=\"aplus-h3 a-text-bold\">Equipo de supervivencia de emergencia y equipo de pesca<\/h1>\n<\/div>\n<div class=\"a-section a-spacing-none column-description\">\n<p class=\"aplus-p3\">Puedes sobrevivir a un desastre natural con este kit de supervivencia. El compa\u00f1ero de camping ideal para estar preparado para cualquier situaci\u00f3n es este art\u00edculo. Mant\u00e9ngase a salvo en cualquier situaci\u00f3n de emergencia. Perfecto para camping, senderismo, aventuras, supervivencia y emergencia. Viene en una caja a prueba de golpes y f\u00e1cil de transportar.<\/p>\n<\/div>\n<\/div>\n<div class=\"a-section a-spacing-none premium-aplus-column\">\n<div class=\"a-section a-spacing-none {'column-image'}\"><img decoding=\"async\" class=\"\" src=\"https:\/\/m.media-amazon.com\/images\/S\/aplus-media-library-service-media\/a03308c4-5304-421a-a370-686b59f30d97.__CR0,0,650,350_PT0_SX650_V1___.jpg\" alt=\"Emergency Survival Kit \" data-src=\"https:\/\/m.media-amazon.com\/images\/S\/aplus-media-library-service-media\/a03308c4-5304-421a-a370-686b59f30d97.__CR0,0,650,350_PT0_SX650_V1___.jpg\" data- title=\"\"><\/div>\n<div class=\"a-section a-spacing-none column-heading\">\n<h1 class=\"aplus-h3 a-text-bold\">Camping Senderismo Caza Aventura al aire libre<\/h1>\n<\/div>\n<div class=\"a-section a-spacing-none column-description\">\n<p class=\"aplus-p3\">Mientras camina, acampa, caza, pesca, hace senderismo o se embarca en aventuras, tambi\u00e9n ayuda a mantenerlo seguro. Este kit de supervivencia transmitir\u00e1 con mayor precisi\u00f3n tu afecto. Si no cumple con sus expectativas o tiene alg\u00fan problema, comun\u00edquese con nosotros y lo ayudaremos.<\/p>\n<\/div>\n<\/div>\n<\/div>\n<\/div>\n<\/div>\n<\/div>\n<\/div>\n<\/div>\n<\/div>\n<\/div>\n<\/div>\n<\/div>\n<\/div>\n<\/div>\n<\/div>\n<\/div>\n<\/div>\n<\/div>\n<\/div>\n<\/div>\n<\/div>\n<\/div>\n<\/div>\n<\/div>\n<\/div>\n<\/div>\n<\/div>\n<\/div>\n<\/div>\n<\/div>\n","protected":false},"excerpt":{"rendered":"[embed]https:\/\/youtu.be\/EkFFmdNnAdE?si=Un3a-KhXxsrKZ6Ha[\/embed]\n<p class=\"a-section a-spacing-none premium-aplus premium-aplus-module-3 aplus-container-1\" style=\"text-align: center;\">Kit de Supervivencia de Emergencia | Kit de Supervivencia Militar | Equipo de Supervivencia de Emergencia y Equipo de Pesca para Camping, Senderismo, Caza, Aventuras al Aire Libre | Herramientas de Supervivencia con Linterna de Silbato de Pulsera de Emergencia<\/p>\n<p style=\"text-align: center;\">ENV\u00cdO GRATIS EN 3-7 D\u00cdAS<\/p>\n<h4 style=\"text-align: center;\"><strong>C\u00d3MPRALO EN<\/strong><\/h4>\n<p><a href=\"https:\/\/www.amazon.es\/dp\/B0BPP3VJ3G?ref=myi_title_dp\"><img loading=\"lazy\" decoding=\"async\" class=\"aligncenter wp-image-1040 size-full\" src=\"https:\/\/isopllc.com\/es\/wp-content\/uploads\/sites\/7\/2020\/01\/amazon-button9.png\" alt=\"\" width=\"160\" height=\"59\" \/><\/a><\/p>\n","protected":false},"featured_media":4588,"comment_status":"open","ping_status":"closed","template":"","meta":[],"product_brand":[],"product_cat":[169],"product_tag":[62,36,153],"class_list":{"0":"post-4587","1":"product","2":"type-product","3":"status-publish","4":"has-post-thumbnail","6":"product_cat-conjuntos-de-rescate-y-supervivencia","7":"product_tag-emergencia","8":"product_tag-equipo-de-seguridad","9":"product_tag-kit-de-supervivencia","11":"first","12":"instock","13":"shipping-taxable","14":"purchasable","15":"product-type-simple"},"_links":{"self":[{"href":"https:\/\/isopllc.com\/es\/wp-json\/wp\/v2\/product\/4587","targetHints":{"allow":["GET"]}}],"collection":[{"href":"https:\/\/isopllc.com\/es\/wp-json\/wp\/v2\/product"}],"about":[{"href":"https:\/\/isopllc.com\/es\/wp-json\/wp\/v2\/types\/product"}],"replies":[{"embeddable":true,"href":"https:\/\/isopllc.com\/es\/wp-json\/wp\/v2\/comments?post=4587"}],"wp:featuredmedia":[{"embeddable":true,"href":"https:\/\/isopllc.com\/es\/wp-json\/wp\/v2\/media\/4588"}],"wp:attachment":[{"href":"https:\/\/isopllc.com\/es\/wp-json\/wp\/v2\/media?parent=4587"}],"wp:term":[{"taxonomy":"product_brand","embeddable":true,"href":"https:\/\/isopllc.com\/es\/wp-json\/wp\/v2\/product_brand?post=4587"},{"taxonomy":"product_cat","embeddable":true,"href":"https:\/\/isopllc.com\/es\/wp-json\/wp\/v2\/product_cat?post=4587"},{"taxonomy":"product_tag","embeddable":true,"href":"https:\/\/isopllc.com\/es\/wp-json\/wp\/v2\/product_tag?post=4587"}],"curies":[{"name":"wp","href":"https:\/\/api.w.org\/{rel}","templated":true}]}}