{"id":4621,"date":"2023-01-27T17:13:02","date_gmt":"2023-01-27T17:13:02","guid":{"rendered":"https:\/\/isopllc.com\/es\/?post_type=product&#038;p=4621"},"modified":"2025-06-30T16:21:13","modified_gmt":"2025-06-30T16:21:13","slug":"estufa-para-mochileros-y-taza-de-cafe-plegable","status":"publish","type":"product","link":"https:\/\/isopllc.com\/es\/product\/estufa-para-mochileros-y-taza-de-cafe-plegable\/","title":{"rendered":"Estufa para Mochileros y Taza de Caf\u00e9 Plegable"},"content":{"rendered":"<div class=\"celwidget aplus-module premium-module-3-four-column-images aplus-premium\" data-csa-c-id=\"5x7ui9-ius50c-ssm1r8-66oj1i\" data-cel-widget=\"aplus-premium-module-3-four-column-images\">\n<h1 class=\"a-section a-spacing-none premium-aplus premium-aplus-module-3 aplus-container-1\">Estufa para Mochileros y Taza de Caf\u00e9 Plegable &#8211; Estufa Port\u00e1til para Acampar &#8211; Estufa Peque\u00f1a de un Solo Quemador para Recipiente de Combustible &#8211; Mini Caldera de Bolsillo para Caminatas y Cocinar a Gas &#8211; Compatible con 4 Tipos Comunes de Combustibles para Estufas de Campamento<\/h1>\n<\/div>\n<div class=\"celwidget aplus-module premium-module-4-two-column-images aplus-premium\" data-csa-c-id=\"c2v7oo-xov140-stsvaj-fyaclr\" data-cel-widget=\"aplus-premium-module-4-two-column-images\">\n<div class=\"a-section a-spacing-none premium-aplus premium-aplus-module-4 aplus-container-1\">\n<div class=\"a-section a-spacing-none premium-aplus-two-column\">\n<div class=\"a-section a-spacing-none premium-aplus-column\">\n<div class=\"a-section a-spacing-none {'column-image'}\"><img decoding=\"async\" class=\"\" src=\"https:\/\/m.media-amazon.com\/images\/S\/aplus-media-library-service-media\/b2d9490f-a40f-4e8c-8db4-e99a05f9a2bc.__CR59,18,657,354_PT0_SX650_V1___.jpg\" alt=\"Small Stove Single Burner for Fuel Canister\" data-src=\"https:\/\/m.media-amazon.com\/images\/S\/aplus-media-library-service-media\/b2d9490f-a40f-4e8c-8db4-e99a05f9a2bc.__CR59,18,657,354_PT0_SX650_V1___.jpg\" data- title=\"\"><\/div>\n<div class=\"a-section a-spacing-none column-heading\"><\/div>\n<div class=\"a-section a-spacing-none column-description\">\n<p class=\"aplus-p3\">La estufa compacta primus de ISOP es ideal para viajar o acampar. Suele pasar cuando estando en la monta\u00f1a o en la naturaleza quieres una taza de t\u00e9 o caf\u00e9 caliente, con nuestra mini estufa y una taza se te proporcionar\u00e1.<\/p>\n<\/div>\n<\/div>\n<div class=\"a-section a-spacing-none premium-aplus-column\">\n<div class=\"a-section a-spacing-none {'column-image'}\"><img decoding=\"async\" class=\"\" src=\"https:\/\/m.media-amazon.com\/images\/S\/aplus-media-library-service-media\/faa31d46-35b8-4347-b136-6915e89a2bdb.__CR0,0,650,350_PT0_SX650_V1___.jpg\" alt=\"Collapsible Cup for Travel - Silicone Camping Mug\" data-src=\"https:\/\/m.media-amazon.com\/images\/S\/aplus-media-library-service-media\/faa31d46-35b8-4347-b136-6915e89a2bdb.__CR0,0,650,350_PT0_SX650_V1___.jpg\" data- title=\"\"><\/div>\n<div class=\"a-section a-spacing-none column-heading\"><\/div>\n<div class=\"a-section a-spacing-none column-description\">\n<p class=\"aplus-p3\">La taza plegable para viajar est\u00e1 hecha de material de silicona de grado alimenticio, que es bastante seguro de usar sin aditivos da\u00f1inos. Sin pl\u00e1stico, sin productos qu\u00edmicos extra\u00f1os y nada que no quieras en tu cuerpo. Solo t\u00fa y tu bebida favorita.<\/p>\n<\/div>\n<\/div>\n<\/div>\n<\/div>\n<\/div>\n<div class=\"celwidget aplus-module premium-module-4-two-column-images aplus-premium\" data-csa-c-id=\"x4ph9p-q838io-prcyjw-2cnwk\" data-cel-widget=\"aplus-premium-module-4-two-column-images\">\n<div class=\"a-section a-spacing-none premium-aplus premium-aplus-module-4 aplus-container-1\">\n<div class=\"a-section a-spacing-none premium-aplus-two-column\">\n<div class=\"a-section a-spacing-none premium-aplus-column\">\n<div class=\"a-section a-spacing-none {'column-image'}\"><img decoding=\"async\" class=\"\" src=\"https:\/\/m.media-amazon.com\/images\/S\/aplus-media-library-service-media\/9a39e5ee-03de-46e9-8a9a-72cdfe8e652c.__CR0,0,650,350_PT0_SX650_V1___.jpg\" alt=\"Camping Stove\" data-src=\"https:\/\/m.media-amazon.com\/images\/S\/aplus-media-library-service-media\/9a39e5ee-03de-46e9-8a9a-72cdfe8e652c.__CR0,0,650,350_PT0_SX650_V1___.jpg\" data- title=\"\"><\/div>\n<div class=\"a-section a-spacing-none column-heading\"><\/div>\n<div class=\"a-section a-spacing-none column-description\">\n<p class=\"aplus-p3\">Incluso sentado en la terraza de su casa o en el patio trasero y con ganas de un poco de caf\u00e9 o t\u00e9 caliente, no tiene que correr a casa y quedarse junto a la tetera hasta que hierva, con la ayuda de nuestra estufa primus puede hacer t\u00e9 justo en el Mancha.<\/p>\n<\/div>\n<\/div>\n<div class=\"a-section a-spacing-none premium-aplus-column\">\n<div class=\"a-section a-spacing-none {'column-image'}\"><img decoding=\"async\" class=\"\" src=\"https:\/\/m.media-amazon.com\/images\/S\/aplus-media-library-service-media\/2089eee2-c4f6-43a7-b0b4-ec4f2f557636.__CR0,69,750,404_PT0_SX650_V1___.jpg\" alt=\"fuel mini stove\" data-src=\"https:\/\/m.media-amazon.com\/images\/S\/aplus-media-library-service-media\/2089eee2-c4f6-43a7-b0b4-ec4f2f557636.__CR0,69,750,404_PT0_SX650_V1___.jpg\" data- title=\"\"><\/div>\n<div class=\"a-section a-spacing-none column-heading\"><\/div>\n<div class=\"a-section a-spacing-none column-description\">\n<p>Es compacto, ligero, plegable y muy duradero. Esencialmente eterna. En una mochila de senderismo, casi no ocupa espacio y es indispensable para cualquier kit de supervivencia.<\/p>\n<p>El tanque de gasolina no est\u00e1 incluido.<\/p>\n<\/div>\n<\/div>\n<\/div>\n<\/div>\n<\/div>\n","protected":false},"excerpt":{"rendered":"<p class=\"a-section a-spacing-none premium-aplus premium-aplus-module-3 aplus-container-1\" style=\"text-align: center;\">Estufa para Mochileros y Taza de Caf\u00e9 Plegable &#8211; Estufa Port\u00e1til para Acampar &#8211; Estufa Peque\u00f1a de un Solo Quemador para Recipiente de Combustible &#8211; Mini Caldera de Bolsillo para Caminatas y Cocinar a Gas &#8211; Compatible con 4 Tipos Comunes de Combustibles para Estufas de Campamento<\/p>\n<p style=\"text-align: center;\">ENV\u00cdO GRATIS EN 3-7 D\u00cdAS<\/p>\n<h4 style=\"text-align: center;\"><strong>ENV\u00cdO GRATIS EN 3-7 D\u00cdAS<\/strong><\/h4>\n<p><a href=\"https:\/\/www.amazon.es\/dp\/B0BNQJ4CVJ?ref=myi_title_dp\"><img loading=\"lazy\" decoding=\"async\" class=\"aligncenter wp-image-1040 size-full\" src=\"https:\/\/isopllc.com\/es\/wp-content\/uploads\/sites\/7\/2020\/01\/amazon-button9.png\" alt=\"\" width=\"160\" height=\"59\" \/><\/a><\/p>\n","protected":false},"featured_media":4622,"comment_status":"open","ping_status":"closed","template":"","meta":[],"product_brand":[],"product_cat":[169],"product_tag":[107,36,105,106],"class_list":{"0":"post-4621","1":"product","2":"type-product","3":"status-publish","4":"has-post-thumbnail","6":"product_cat-conjuntos-de-rescate-y-supervivencia","7":"product_tag-desfibrilador-dea","8":"product_tag-equipo-de-seguridad","9":"product_tag-estacion-de-evacuacion-de-incendios","10":"product_tag-grande","12":"first","13":"instock","14":"shipping-taxable","15":"purchasable","16":"product-type-simple"},"_links":{"self":[{"href":"https:\/\/isopllc.com\/es\/wp-json\/wp\/v2\/product\/4621","targetHints":{"allow":["GET"]}}],"collection":[{"href":"https:\/\/isopllc.com\/es\/wp-json\/wp\/v2\/product"}],"about":[{"href":"https:\/\/isopllc.com\/es\/wp-json\/wp\/v2\/types\/product"}],"replies":[{"embeddable":true,"href":"https:\/\/isopllc.com\/es\/wp-json\/wp\/v2\/comments?post=4621"}],"wp:featuredmedia":[{"embeddable":true,"href":"https:\/\/isopllc.com\/es\/wp-json\/wp\/v2\/media\/4622"}],"wp:attachment":[{"href":"https:\/\/isopllc.com\/es\/wp-json\/wp\/v2\/media?parent=4621"}],"wp:term":[{"taxonomy":"product_brand","embeddable":true,"href":"https:\/\/isopllc.com\/es\/wp-json\/wp\/v2\/product_brand?post=4621"},{"taxonomy":"product_cat","embeddable":true,"href":"https:\/\/isopllc.com\/es\/wp-json\/wp\/v2\/product_cat?post=4621"},{"taxonomy":"product_tag","embeddable":true,"href":"https:\/\/isopllc.com\/es\/wp-json\/wp\/v2\/product_tag?post=4621"}],"curies":[{"name":"wp","href":"https:\/\/api.w.org\/{rel}","templated":true}]}}