{"id":4635,"date":"2023-01-27T17:22:19","date_gmt":"2023-01-27T17:22:19","guid":{"rendered":"https:\/\/isopllc.com\/es\/?post_type=product&#038;p=4635"},"modified":"2025-06-30T16:21:01","modified_gmt":"2025-06-30T16:21:01","slug":"juego-de-taza-de-viaje-y-estufa-de-camping-isop","status":"publish","type":"product","link":"https:\/\/isopllc.com\/es\/product\/juego-de-taza-de-viaje-y-estufa-de-camping-isop\/","title":{"rendered":"Juego de Taza de Viaje y Estufa de Camping ISOP"},"content":{"rendered":"<h1 class=\"a-section a-spacing-none premium-aplus premium-aplus-module-3 aplus-container-1\">ISOP Estufa de Camping y Taza de Viaje &#8211; Mini Estufa Port\u00e1til Taza de Caf\u00e9 de Viaje &#8211; Estufa a Prueba de Derrames para Acampar\/Senderismo\/Estufa de Mochilero &#8211; Estufa de Alcohol de Acero Inoxidable y Taza Plegable para Viajes &#8211; Taza de Silicona para Acampar<\/h1>\n<div class=\"celwidget aplus-module premium-module-4-two-column-images aplus-premium\" data-csa-c-id=\"sdy05b-vrb5mv-3tmwc5-k338fj\">\n<div class=\"a-section a-spacing-none premium-aplus premium-aplus-module-4 aplus-container-1\">\n<div class=\"a-section a-spacing-none premium-aplus-two-column\">\n<div class=\"a-section a-spacing-none premium-aplus-column\">\n<div class=\"a-section a-spacing-none {'column-image'}\"><img decoding=\"async\" class=\"\" src=\"https:\/\/m.media-amazon.com\/images\/S\/aplus-media-library-service-media\/9bc7ce8d-f977-4807-9523-6a597f759391.__CR0,0,650,350_PT0_SX650_V1___.jpg\" alt=\"Camping Stove &amp; Travel Mug Set - Mini Portable Stove Travel Coffee Mug\" data-src=\"https:\/\/m.media-amazon.com\/images\/S\/aplus-media-library-service-media\/9bc7ce8d-f977-4807-9523-6a597f759391.__CR0,0,650,350_PT0_SX650_V1___.jpg\" data- title=\"\"><\/div>\n<div class=\"a-section a-spacing-none column-heading\"><\/div>\n<div class=\"a-section a-spacing-none column-description\">\n<p class=\"aplus-p3\">El quemador de camping resistente y estable est\u00e1 hecho de acero inoxidable duradero. El alcohol se vierte en el dep\u00f3sito central de la mini estufa de camping y luego se enciende. Los vapores escapan de un anillo de peque\u00f1os agujeros para crear un fuego agradable y uniforme. Apague colocando suavemente la tapa sobre las llamas y sofoc\u00e1ndolas.<\/p>\n<\/div>\n<\/div>\n<div class=\"a-section a-spacing-none premium-aplus-column\">\n<div class=\"a-section a-spacing-none {'column-image'}\"><img decoding=\"async\" class=\"\" src=\"https:\/\/m.media-amazon.com\/images\/S\/aplus-media-library-service-media\/faa31d46-35b8-4347-b136-6915e89a2bdb.__CR0,0,650,350_PT0_SX650_V1___.jpg\" alt=\"Collapsible Cup for Travel - Silicone Camping Mug\" data-src=\"https:\/\/m.media-amazon.com\/images\/S\/aplus-media-library-service-media\/faa31d46-35b8-4347-b136-6915e89a2bdb.__CR0,0,650,350_PT0_SX650_V1___.jpg\" data- title=\"\"><\/div>\n<div class=\"a-section a-spacing-none column-heading\"><\/div>\n<div class=\"a-section a-spacing-none column-description\">\n<p class=\"aplus-p3\">La taza plegable para viajar est\u00e1 hecha de material de silicona de grado alimenticio, que es bastante seguro de usar sin aditivos da\u00f1inos. Sin pl\u00e1stico, sin productos qu\u00edmicos extra\u00f1os y nada que no quieras en tu cuerpo. Solo t\u00fa y tu bebida favorita.<\/p>\n<\/div>\n<\/div>\n<\/div>\n<\/div>\n<\/div>\n<div class=\"celwidget aplus-module premium-module-4-two-column-images aplus-premium\" data-csa-c-id=\"e5hmvm-44h78t-crc2qp-99d5vq\">\n<div class=\"a-section a-spacing-none premium-aplus premium-aplus-module-4 aplus-container-1\">\n<div class=\"a-section a-spacing-none premium-aplus-two-column\">\n<div class=\"a-section a-spacing-none premium-aplus-column\">\n<div class=\"a-section a-spacing-none {'column-image'}\"><img decoding=\"async\" class=\"\" src=\"https:\/\/m.media-amazon.com\/images\/S\/aplus-media-library-service-media\/b07733d2-7a18-4f2b-8ebc-2c79dfd37612.__CR0,0,650,350_PT0_SX650_V1___.jpg\" alt=\"Camping Stove &amp; Travel Mug Set - Mini Portable Stove Travel Coffee Mug\" data-src=\"https:\/\/m.media-amazon.com\/images\/S\/aplus-media-library-service-media\/b07733d2-7a18-4f2b-8ebc-2c79dfd37612.__CR0,0,650,350_PT0_SX650_V1___.jpg\" data- title=\"\"><\/div>\n<div class=\"a-section a-spacing-none column-heading\"><\/div>\n<div class=\"a-section a-spacing-none column-description\">\n<p class=\"aplus-p3\">Puede hacer barbacoas en cualquier lugar y en cualquier momento al aire libre con esta mini estufa de camping con control de temperatura variable. El mango plegable del regulador de llama ayuda a controlar y mantener la temperatura seg\u00fan sus necesidades. La taza de caf\u00e9 apta para microondas es ideal para caf\u00e9 fr\u00edo o t\u00e9 caliente durante estas aventuras.<\/p>\n<\/div>\n<\/div>\n<div class=\"a-section a-spacing-none premium-aplus-column\">\n<div class=\"a-section a-spacing-none {'column-image'}\"><img decoding=\"async\" class=\"\" src=\"https:\/\/m.media-amazon.com\/images\/S\/aplus-media-library-service-media\/1564a539-8573-458e-bd63-ed68d7c76394.__CR0,0,650,350_PT0_SX650_V1___.jpg\" alt=\"Camping Stove &amp; Travel Mug Set - Mini Portable Stove Travel Coffee Mug\" data-src=\"https:\/\/m.media-amazon.com\/images\/S\/aplus-media-library-service-media\/1564a539-8573-458e-bd63-ed68d7c76394.__CR0,0,650,350_PT0_SX650_V1___.jpg\" data- title=\"\"><\/div>\n<div class=\"a-section a-spacing-none column-heading\"><\/div>\n<div class=\"a-section a-spacing-none column-description\">\n<p class=\"aplus-p3\">Esta estufa de emergencia es una herramienta b\u00e1sica que puede resultar muy valiosa en cualquier emergencia. Viaje con nuestro juego de quemadores port\u00e1tiles y livianos para exteriores para disfrutar del fr\u00edo invernal en las monta\u00f1as. Adecuado para camping, senderismo, picnic, barbacoa, supervivencia al aire libre, viajes por carretera, vida en furgoneta y aventura.<\/p>\n<\/div>\n<\/div>\n<\/div>\n<\/div>\n<\/div>\n","protected":false},"excerpt":{"rendered":"<p class=\"a-section a-spacing-none premium-aplus premium-aplus-module-3 aplus-container-1\" style=\"text-align: center;\">ISOP Estufa de Camping y Taza de Viaje &#8211; Mini Estufa Port\u00e1til Taza de Caf\u00e9 de Viaje &#8211; Estufa a Prueba de Derrames para Acampar\/Senderismo\/Estufa de Mochilero &#8211; Estufa de Alcohol de Acero Inoxidable y Taza Plegable para Viajes &#8211; Taza de Silicona para Acampar<\/p>\n<p style=\"text-align: center;\">ENV\u00cdO GRATIS EN 3-7 D\u00cdAS<\/p>\n<h4 style=\"text-align: center;\"><strong>C\u00d3MPRALO EN<\/strong><a href=\"https:\/\/www.amazon.es\/dp\/B0BNQJ1H8P?ref=myi_title_dp&amp;th=1\"><img loading=\"lazy\" decoding=\"async\" class=\"aligncenter wp-image-1040 size-full\" src=\"https:\/\/isopllc.com\/es\/wp-content\/uploads\/sites\/7\/2020\/01\/amazon-button9.png\" alt=\"\" width=\"160\" height=\"59\" \/><\/a><\/h4>\n","protected":false},"featured_media":4636,"comment_status":"open","ping_status":"closed","template":"","meta":[],"product_brand":[],"product_cat":[169],"product_tag":[110,152,47,151],"class_list":{"0":"post-4635","1":"product","2":"type-product","3":"status-publish","4":"has-post-thumbnail","6":"product_cat-conjuntos-de-rescate-y-supervivencia","7":"product_tag-equipo-de-camping","8":"product_tag-estufa-de-camping","9":"product_tag-isop","10":"product_tag-juego-de-taza-de-viaje","12":"first","13":"instock","14":"shipping-taxable","15":"purchasable","16":"product-type-simple"},"_links":{"self":[{"href":"https:\/\/isopllc.com\/es\/wp-json\/wp\/v2\/product\/4635","targetHints":{"allow":["GET"]}}],"collection":[{"href":"https:\/\/isopllc.com\/es\/wp-json\/wp\/v2\/product"}],"about":[{"href":"https:\/\/isopllc.com\/es\/wp-json\/wp\/v2\/types\/product"}],"replies":[{"embeddable":true,"href":"https:\/\/isopllc.com\/es\/wp-json\/wp\/v2\/comments?post=4635"}],"wp:featuredmedia":[{"embeddable":true,"href":"https:\/\/isopllc.com\/es\/wp-json\/wp\/v2\/media\/4636"}],"wp:attachment":[{"href":"https:\/\/isopllc.com\/es\/wp-json\/wp\/v2\/media?parent=4635"}],"wp:term":[{"taxonomy":"product_brand","embeddable":true,"href":"https:\/\/isopllc.com\/es\/wp-json\/wp\/v2\/product_brand?post=4635"},{"taxonomy":"product_cat","embeddable":true,"href":"https:\/\/isopllc.com\/es\/wp-json\/wp\/v2\/product_cat?post=4635"},{"taxonomy":"product_tag","embeddable":true,"href":"https:\/\/isopllc.com\/es\/wp-json\/wp\/v2\/product_tag?post=4635"}],"curies":[{"name":"wp","href":"https:\/\/api.w.org\/{rel}","templated":true}]}}