{"id":4666,"date":"2023-03-10T04:26:15","date_gmt":"2023-03-10T04:26:15","guid":{"rendered":"https:\/\/isopllc.com\/es\/?post_type=product&#038;p=4666"},"modified":"2025-06-30T16:20:24","modified_gmt":"2025-06-30T16:20:24","slug":"mochila-de-supervivencia-llena-de-equipo","status":"publish","type":"product","link":"https:\/\/isopllc.com\/es\/product\/mochila-de-supervivencia-llena-de-equipo\/","title":{"rendered":"Mochila de Supervivencia Llena de Equipo"},"content":{"rendered":"<h1 id=\"title\" class=\"a-size-large a-spacing-none\"><span id=\"productTitle\" class=\"a-size-large product-title-word-break\">Kit de Supervivencia de Emergencia | Equipo de Supervivencia y Equipo para Camping, Senderismo, Caza, Aventuras al Aire Libre | Herramientas de Supervivencia con Equipo de Emergencia<\/span><\/h1>\n<h2>Te presentamos la mochila de supervivencia mejor equipada para cualquier ocasi\u00f3n<\/h2>\n<p>Terremoto, incendio o inundaci\u00f3n, este set te ayudar\u00e1 a sobrevivir. Incluso si te encuentras en una isla desierta como Robinson Crusoe, tendr\u00e1s todas las herramientas para sobrevivir. A continuaci\u00f3n te presentamos cada art\u00edculo del set que seleccionamos escrupulosamente por separado y te contamos todas las posibles aplicaciones de cada producto, que por cierto, no solo son \u00fatiles en situaciones de emergencia, sino tambi\u00e9n en la vida cotidiana, acampando, escalando la monta\u00f1a o hacer senderismo con la familia.<\/p>\n<p><img loading=\"lazy\" decoding=\"async\" class=\"alignnone size-full wp-image-4677\" src=\"https:\/\/isopllc.com\/es\/wp-content\/uploads\/sites\/7\/2023\/03\/Emergency-Survival-Kit-_-Emergency-Survival-Backpack-First-Aid-Equipment-for-Camping-Hiking-Outdoor-_-Survival-Emergency-Tools-for-Any-Occasion-_-Survival-Backpack-Full-of-Gear-2.jpg\" alt=\"\" width=\"900\" height=\"900\" title=\"\" srcset=\"https:\/\/isopllc.com\/es\/wp-content\/uploads\/sites\/7\/2023\/03\/Emergency-Survival-Kit-_-Emergency-Survival-Backpack-First-Aid-Equipment-for-Camping-Hiking-Outdoor-_-Survival-Emergency-Tools-for-Any-Occasion-_-Survival-Backpack-Full-of-Gear-2.jpg 900w, https:\/\/isopllc.com\/es\/wp-content\/uploads\/sites\/7\/2023\/03\/Emergency-Survival-Kit-_-Emergency-Survival-Backpack-First-Aid-Equipment-for-Camping-Hiking-Outdoor-_-Survival-Emergency-Tools-for-Any-Occasion-_-Survival-Backpack-Full-of-Gear-2-150x150.jpg 150w, https:\/\/isopllc.com\/es\/wp-content\/uploads\/sites\/7\/2023\/03\/Emergency-Survival-Kit-_-Emergency-Survival-Backpack-First-Aid-Equipment-for-Camping-Hiking-Outdoor-_-Survival-Emergency-Tools-for-Any-Occasion-_-Survival-Backpack-Full-of-Gear-2-768x768.jpg 768w, https:\/\/isopllc.com\/es\/wp-content\/uploads\/sites\/7\/2023\/03\/Emergency-Survival-Kit-_-Emergency-Survival-Backpack-First-Aid-Equipment-for-Camping-Hiking-Outdoor-_-Survival-Emergency-Tools-for-Any-Occasion-_-Survival-Backpack-Full-of-Gear-2-416x416.jpg 416w, https:\/\/isopllc.com\/es\/wp-content\/uploads\/sites\/7\/2023\/03\/Emergency-Survival-Kit-_-Emergency-Survival-Backpack-First-Aid-Equipment-for-Camping-Hiking-Outdoor-_-Survival-Emergency-Tools-for-Any-Occasion-_-Survival-Backpack-Full-of-Gear-2-100x100.jpg 100w\" sizes=\"auto, (max-width: 900px) 100vw, 900px\" \/><\/p>\n<h2>Kit de supervivencia de emergencia | Kit de supervivencia militar<\/h2>\n<p>El kit de t\u00e1cticas actualizadas multiprop\u00f3sito es un kit de supervivencia de emergencia multiprofesional 32 en 1 que incluye equipo de supervivencia al aire libre que es esencial para acampar, pescar, cazar, viajar en motocicleta, excursiones en la naturaleza, caminatas y escenarios de supervivencia. Es una sorpresa incre\u00edble y un gadget para todos.<\/p>\n<p><img loading=\"lazy\" decoding=\"async\" class=\"alignnone wp-image-4700\" src=\"https:\/\/isopllc.com\/es\/wp-content\/uploads\/sites\/7\/2023\/03\/IMG-2855-1.jpg\" alt=\"\" width=\"900\" height=\"1200\" title=\"\" srcset=\"https:\/\/isopllc.com\/es\/wp-content\/uploads\/sites\/7\/2023\/03\/IMG-2855-1.jpg 1020w, https:\/\/isopllc.com\/es\/wp-content\/uploads\/sites\/7\/2023\/03\/IMG-2855-1-768x1024.jpg 768w, https:\/\/isopllc.com\/es\/wp-content\/uploads\/sites\/7\/2023\/03\/IMG-2855-1-750x1000.jpg 750w, https:\/\/isopllc.com\/es\/wp-content\/uploads\/sites\/7\/2023\/03\/IMG-2855-1-416x555.jpg 416w\" sizes=\"auto, (max-width: 900px) 100vw, 900px\" \/><\/p>\n<h2>Nuestra mochila de emergencia profesional incluye<\/h2>\n<p>Botiqu\u00edn de primeros auxilios, guantes, pulsera de supervivencia, tarjeta de sable, sierra de alambre, manta de emergencia, tienda de campa\u00f1a, impermeable, estufa, taza, equipo de pesca, mosquitero, alicates multifuncionales, spork multiusos, barra luminosa, bolsa y filtro de agua, m\u00e1scara facial, fuego starter, mini olla, chaleco reflectante, brazaletes de nataci\u00f3n y m\u00e1s.<\/p>\n<p><img loading=\"lazy\" decoding=\"async\" class=\"alignnone size-full wp-image-4676\" src=\"https:\/\/isopllc.com\/es\/wp-content\/uploads\/sites\/7\/2023\/03\/Emergency-Survival-Kit-_-Emergency-Survival-Backpack-First-Aid-Equipment-for-Camping-Hiking-Outdoor-_-Survival-Emergency-Tools-for-Any-Occasion-_-Survival-Backpack-Full-of-Gear-4.jpg\" alt=\"\" width=\"900\" height=\"900\" title=\"\" srcset=\"https:\/\/isopllc.com\/es\/wp-content\/uploads\/sites\/7\/2023\/03\/Emergency-Survival-Kit-_-Emergency-Survival-Backpack-First-Aid-Equipment-for-Camping-Hiking-Outdoor-_-Survival-Emergency-Tools-for-Any-Occasion-_-Survival-Backpack-Full-of-Gear-4.jpg 900w, https:\/\/isopllc.com\/es\/wp-content\/uploads\/sites\/7\/2023\/03\/Emergency-Survival-Kit-_-Emergency-Survival-Backpack-First-Aid-Equipment-for-Camping-Hiking-Outdoor-_-Survival-Emergency-Tools-for-Any-Occasion-_-Survival-Backpack-Full-of-Gear-4-150x150.jpg 150w, https:\/\/isopllc.com\/es\/wp-content\/uploads\/sites\/7\/2023\/03\/Emergency-Survival-Kit-_-Emergency-Survival-Backpack-First-Aid-Equipment-for-Camping-Hiking-Outdoor-_-Survival-Emergency-Tools-for-Any-Occasion-_-Survival-Backpack-Full-of-Gear-4-768x768.jpg 768w, https:\/\/isopllc.com\/es\/wp-content\/uploads\/sites\/7\/2023\/03\/Emergency-Survival-Kit-_-Emergency-Survival-Backpack-First-Aid-Equipment-for-Camping-Hiking-Outdoor-_-Survival-Emergency-Tools-for-Any-Occasion-_-Survival-Backpack-Full-of-Gear-4-416x416.jpg 416w, https:\/\/isopllc.com\/es\/wp-content\/uploads\/sites\/7\/2023\/03\/Emergency-Survival-Kit-_-Emergency-Survival-Backpack-First-Aid-Equipment-for-Camping-Hiking-Outdoor-_-Survival-Emergency-Tools-for-Any-Occasion-_-Survival-Backpack-Full-of-Gear-4-100x100.jpg 100w\" sizes=\"auto, (max-width: 900px) 100vw, 900px\" \/><\/p>\n<h2>Equipo de supervivencia de emergencia y equipo de pesca<\/h2>\n<p>Puedes sobrevivir a un desastre natural con esta mochila de supervivencia. El compa\u00f1ero de camping ideal para cualquier situaci\u00f3n es este set. Mant\u00e9ngase a salvo en cualquier situaci\u00f3n de emergencia. Perfecto para camping, senderismo, aventuras, supervivencia y emergencia. Cuidadosamente embalado en una mochila impermeable f\u00e1cil de llevar.<\/p>\n<p><img loading=\"lazy\" decoding=\"async\" class=\"alignnone size-full wp-image-4678\" src=\"https:\/\/isopllc.com\/es\/wp-content\/uploads\/sites\/7\/2023\/03\/Emergency-Survival-Kit-_-Emergency-Survival-Backpack-First-Aid-Equipment-for-Camping-Hiking-Outdoor-_-Survival-Emergency-Tools-for-Any-Occasion-_-Survival-Backpack-Full-of-Gear-1.jpg\" alt=\"\" width=\"900\" height=\"900\" title=\"\" srcset=\"https:\/\/isopllc.com\/es\/wp-content\/uploads\/sites\/7\/2023\/03\/Emergency-Survival-Kit-_-Emergency-Survival-Backpack-First-Aid-Equipment-for-Camping-Hiking-Outdoor-_-Survival-Emergency-Tools-for-Any-Occasion-_-Survival-Backpack-Full-of-Gear-1.jpg 900w, https:\/\/isopllc.com\/es\/wp-content\/uploads\/sites\/7\/2023\/03\/Emergency-Survival-Kit-_-Emergency-Survival-Backpack-First-Aid-Equipment-for-Camping-Hiking-Outdoor-_-Survival-Emergency-Tools-for-Any-Occasion-_-Survival-Backpack-Full-of-Gear-1-150x150.jpg 150w, https:\/\/isopllc.com\/es\/wp-content\/uploads\/sites\/7\/2023\/03\/Emergency-Survival-Kit-_-Emergency-Survival-Backpack-First-Aid-Equipment-for-Camping-Hiking-Outdoor-_-Survival-Emergency-Tools-for-Any-Occasion-_-Survival-Backpack-Full-of-Gear-1-768x768.jpg 768w, https:\/\/isopllc.com\/es\/wp-content\/uploads\/sites\/7\/2023\/03\/Emergency-Survival-Kit-_-Emergency-Survival-Backpack-First-Aid-Equipment-for-Camping-Hiking-Outdoor-_-Survival-Emergency-Tools-for-Any-Occasion-_-Survival-Backpack-Full-of-Gear-1-416x416.jpg 416w, https:\/\/isopllc.com\/es\/wp-content\/uploads\/sites\/7\/2023\/03\/Emergency-Survival-Kit-_-Emergency-Survival-Backpack-First-Aid-Equipment-for-Camping-Hiking-Outdoor-_-Survival-Emergency-Tools-for-Any-Occasion-_-Survival-Backpack-Full-of-Gear-1-100x100.jpg 100w\" sizes=\"auto, (max-width: 900px) 100vw, 900px\" \/><\/p>\n<h2>Camping Senderismo Caza Aventura al aire libre<\/h2>\n<p>Mientras camina, acampa, caza, pesca, hace senderismo o se embarca en aventuras, tambi\u00e9n ayuda a mantenerlo seguro. Esta mochila de supervivencia transmitir\u00e1 con mayor precisi\u00f3n tu afecto. Si no cumple con sus expectativas o tiene alg\u00fan problema, comun\u00edquese con nosotros y lo ayudaremos.<\/p>\n<p><img loading=\"lazy\" decoding=\"async\" class=\"alignnone size-full wp-image-4674\" src=\"https:\/\/isopllc.com\/es\/wp-content\/uploads\/sites\/7\/2023\/03\/Emergency-Survival-Kit-_-Emergency-Survival-Backpack-First-Aid-Equipment-for-Camping-Hiking-Outdoor-_-Survival-Emergency-Tools-for-Any-Occasion-_-Survival-Backpack-Full-of-Gear-5.jpg\" alt=\"\" width=\"900\" height=\"900\" title=\"\" srcset=\"https:\/\/isopllc.com\/es\/wp-content\/uploads\/sites\/7\/2023\/03\/Emergency-Survival-Kit-_-Emergency-Survival-Backpack-First-Aid-Equipment-for-Camping-Hiking-Outdoor-_-Survival-Emergency-Tools-for-Any-Occasion-_-Survival-Backpack-Full-of-Gear-5.jpg 900w, https:\/\/isopllc.com\/es\/wp-content\/uploads\/sites\/7\/2023\/03\/Emergency-Survival-Kit-_-Emergency-Survival-Backpack-First-Aid-Equipment-for-Camping-Hiking-Outdoor-_-Survival-Emergency-Tools-for-Any-Occasion-_-Survival-Backpack-Full-of-Gear-5-150x150.jpg 150w, https:\/\/isopllc.com\/es\/wp-content\/uploads\/sites\/7\/2023\/03\/Emergency-Survival-Kit-_-Emergency-Survival-Backpack-First-Aid-Equipment-for-Camping-Hiking-Outdoor-_-Survival-Emergency-Tools-for-Any-Occasion-_-Survival-Backpack-Full-of-Gear-5-768x768.jpg 768w, https:\/\/isopllc.com\/es\/wp-content\/uploads\/sites\/7\/2023\/03\/Emergency-Survival-Kit-_-Emergency-Survival-Backpack-First-Aid-Equipment-for-Camping-Hiking-Outdoor-_-Survival-Emergency-Tools-for-Any-Occasion-_-Survival-Backpack-Full-of-Gear-5-416x416.jpg 416w, https:\/\/isopllc.com\/es\/wp-content\/uploads\/sites\/7\/2023\/03\/Emergency-Survival-Kit-_-Emergency-Survival-Backpack-First-Aid-Equipment-for-Camping-Hiking-Outdoor-_-Survival-Emergency-Tools-for-Any-Occasion-_-Survival-Backpack-Full-of-Gear-5-100x100.jpg 100w\" sizes=\"auto, (max-width: 900px) 100vw, 900px\" \/><\/p>\n<p>Nuestro conjunto de mochila de emergencia profesional incluye: botiqu\u00edn de primeros auxilios, guantes, brazalete de supervivencia, tarjeta de sable, sierra de alambre, manta de emergencia, carpa de emergencia, impermeable, antorcha, pala, torniquete de combate, estufa port\u00e1til, taza plegable, juego de pesca, banco de energ\u00eda, mosquito red a\u00e9rea, imperdibles, cuchillo multiusos, pinzas multifuncionales, tenedor multiusos, barra luminosa, filtro de agua y bolsa de agua, m\u00e1scara facial, iniciador de fuego, mini olla, espejo, chaleco reflectante, brazaletes de nataci\u00f3n, bridas para cables.<\/p>\n","protected":false},"excerpt":{"rendered":"<p id=\"title\" class=\"a-size-large a-spacing-none\" style=\"text-align: center;\"><span id=\"productTitle\" class=\"a-size-large product-title-word-break\">Kit de Supervivencia de Emergencia | Equipo de Supervivencia y Equipo para Camping, Senderismo, Caza, Aventuras al Aire Libre | Herramientas de Supervivencia con Equipo de Emergencia<\/span><\/p>\n<p style=\"text-align: center;\">ENV\u00cdO GRATIS EN 3-7 D\u00cdAS<\/p>\n<h4 style=\"text-align: center;\"><strong>C\u00d3MPRALO EN<\/strong><a href=\"https:\/\/www.amazon.es\/dp\/B0BPP2F6GJ?ref=myi_title_dp\"><img loading=\"lazy\" decoding=\"async\" class=\"aligncenter wp-image-1040 size-full\" src=\"https:\/\/isopllc.com\/es\/wp-content\/uploads\/sites\/7\/2020\/01\/amazon-button9.png\" alt=\"\" width=\"160\" height=\"59\" \/><\/a><\/h4>\n","protected":false},"featured_media":4706,"comment_status":"open","ping_status":"closed","template":"","meta":[],"product_brand":[],"product_cat":[169],"product_tag":[62,160,159,41],"class_list":{"0":"post-4666","1":"product","2":"type-product","3":"status-publish","4":"has-post-thumbnail","6":"product_cat-conjuntos-de-rescate-y-supervivencia","7":"product_tag-emergencia","8":"product_tag-llena-de-equipo","9":"product_tag-mochila-de-supervivencia","10":"product_tag-seguridad","12":"first","13":"outofstock","14":"shipping-taxable","15":"purchasable","16":"product-type-simple"},"_links":{"self":[{"href":"https:\/\/isopllc.com\/es\/wp-json\/wp\/v2\/product\/4666","targetHints":{"allow":["GET"]}}],"collection":[{"href":"https:\/\/isopllc.com\/es\/wp-json\/wp\/v2\/product"}],"about":[{"href":"https:\/\/isopllc.com\/es\/wp-json\/wp\/v2\/types\/product"}],"replies":[{"embeddable":true,"href":"https:\/\/isopllc.com\/es\/wp-json\/wp\/v2\/comments?post=4666"}],"wp:featuredmedia":[{"embeddable":true,"href":"https:\/\/isopllc.com\/es\/wp-json\/wp\/v2\/media\/4706"}],"wp:attachment":[{"href":"https:\/\/isopllc.com\/es\/wp-json\/wp\/v2\/media?parent=4666"}],"wp:term":[{"taxonomy":"product_brand","embeddable":true,"href":"https:\/\/isopllc.com\/es\/wp-json\/wp\/v2\/product_brand?post=4666"},{"taxonomy":"product_cat","embeddable":true,"href":"https:\/\/isopllc.com\/es\/wp-json\/wp\/v2\/product_cat?post=4666"},{"taxonomy":"product_tag","embeddable":true,"href":"https:\/\/isopllc.com\/es\/wp-json\/wp\/v2\/product_tag?post=4666"}],"curies":[{"name":"wp","href":"https:\/\/api.w.org\/{rel}","templated":true}]}}