{"id":4712,"date":"2023-06-11T14:38:08","date_gmt":"2023-06-11T14:38:08","guid":{"rendered":"https:\/\/isopllc.com\/es\/?post_type=product&#038;p=4712"},"modified":"2025-06-30T16:19:52","modified_gmt":"2025-06-30T16:19:52","slug":"caja-de-acceso-universal-para-escalera-de-seguridad","status":"publish","type":"product","link":"https:\/\/isopllc.com\/es\/product\/caja-de-acceso-universal-para-escalera-de-seguridad\/","title":{"rendered":"Caja de Acceso Universal para Escalera de Seguridad"},"content":{"rendered":"<div class=\"celwidget aplus-module module-4 aplus-standard\" data-csa-c-id=\"6mnb1z-9dwrl2-ic24uv-jd1phn\" data-cel-widget=\"aplus-module-4\">\n<div class=\"a-expander-collapsed-height a-row a-expander-container a-expander-partial-collapse-container\" aria-live=\"polite\" data-a-expander-name=\"aplus-module-expander\" data-a-expander-collapsed-height=\"700\">\n<div class=\"a-expander-content a-expander-partial-collapse-content\" aria-expanded=\"false\">\n<div class=\"aplus-module-wrapper apm-fixed-width\">\n<div class=\"apm-spacing\">\n<div class=\"apm-floatleft apm-fixed-width\">\n<div id=\"title_feature_div\" class=\"celwidget\" data-feature-name=\"title\" data-csa-c-id=\"m5t5xw-wzxd1-od319-pyb58o\" data-cel-widget=\"title_feature_div\">\n<div id=\"titleSection\" class=\"a-section a-spacing-none\">\n<div id=\"title_feature_div\" class=\"celwidget\" data-feature-name=\"title\" data-csa-c-id=\"m5t5xw-wzxd1-od319-pyb58o\" data-cel-widget=\"title_feature_div\">\n<div id=\"titleSection\" class=\"a-section a-spacing-none\">\n<h2 id=\"reconcile-item-title\" class=\"text-weight-bold\">Caja de Acceso Universal de Aluminio para Escalera de Seguridad | Interior Exterior para Extintor de Escaleras de Escape de Incendios o Manta Ign\u00edfuga<\/h2>\n<p><img decoding=\"async\" class=\"a-spacing-mini\" src=\"https:\/\/m.media-amazon.com\/images\/S\/aplus-media-library-service-media\/e15241a0-08f0-49b7-9104-3cbeb027e2cc.__CR0,0,1000,1000_PT0_SX300_V1___.jpg\" alt=\"aluminum box\" data-src=\"https:\/\/m.media-amazon.com\/images\/S\/aplus-media-library-service-media\/e15241a0-08f0-49b7-9104-3cbeb027e2cc.__CR0,0,1000,1000_PT0_SX300_V1___.jpg\" data- title=\"\"><\/p>\n<\/div>\n<\/div>\n<ul class=\"a-unordered-list a-vertical\">\n<li>Dise\u00f1o compacto<\/li>\n<li>Construcci\u00f3n de hierro resistente.<\/li>\n<li>Vidrio acr\u00edlico (que es m\u00e1s seguro que el vidrio est\u00e1ndar durante emergencias)<\/li>\n<li>Se monta f\u00e1cilmente en una pared.<\/li>\n<li>F\u00e1cil de encontrar cuando sea necesario<\/li>\n<\/ul>\n<\/div>\n<\/div>\n<\/div>\n<\/div>\n<\/div>\n<\/div>\n<\/div>\n<\/div>\n<div class=\"celwidget aplus-module module-9 aplus-standard\" data-csa-c-id=\"kgh8ns-6rdhac-l4uce3-redgno\" data-cel-widget=\"aplus-module-9\">\n<div class=\"a-expander-collapsed-height a-row a-expander-container a-expander-partial-collapse-container\" aria-live=\"polite\" data-a-expander-name=\"aplus-module-expander\" data-a-expander-collapsed-height=\"700\">\n<div class=\"a-expander-content a-expander-partial-collapse-content\" aria-expanded=\"false\">\n<div class=\"aplus-module-wrapper apm-fixed-width\">\n<div class=\"apm-spacing apm-fixed-width\">\n<div class=\"celwidget aplus-module module-9 aplus-standard\" data-csa-c-id=\"6rrkxj-o9oo3p-2dk8kw-v8mrts\" data-cel-widget=\"aplus-module-9\">\n<div class=\"a-expander-collapsed-height a-row a-expander-container a-expander-partial-collapse-container\" aria-live=\"polite\" data-a-expander-name=\"aplus-module-expander\" data-a-expander-collapsed-height=\"700\">\n<div class=\"a-expander-content a-expander-partial-collapse-content\" aria-expanded=\"false\">\n<div class=\"aplus-module-wrapper apm-fixed-width\">\n<div class=\"apm-spacing apm-fixed-width\">\n<p><img decoding=\"async\" class=\"a-spacing-mini\" src=\"https:\/\/m.media-amazon.com\/images\/S\/aplus-media-library-service-media\/eb357252-9807-4881-a43c-3cc4db2103d8.__CR0,0,1000,1000_PT0_SX300_V1___.jpg\" alt=\"alumnium box for fire extinguisher fire escape ladder\" data-src=\"https:\/\/m.media-amazon.com\/images\/S\/aplus-media-library-service-media\/eb357252-9807-4881-a43c-3cc4db2103d8.__CR0,0,1000,1000_PT0_SX300_V1___.jpg\" data- title=\"\"><\/p>\n<\/div>\n<p>El gabinete de hierro para extintor de incendios mantiene su extintor o escalera de escape f\u00e1cilmente accesible en caso de emergencia.<\/p>\n<p>Debido a su tama\u00f1o compacto (36x26x13 cm, 1 mm de grosor) y construcci\u00f3n duradera, este gabinete es ideal para apartamentos, condominios y peque\u00f1as empresas, y proporciona un lugar seguro para el almacenamiento a largo plazo.<\/p>\n<p><img decoding=\"async\" class=\"a-spacing-mini\" src=\"https:\/\/m.media-amazon.com\/images\/S\/aplus-media-library-service-media\/3806abe5-8aab-4c85-9449-dfe77f5144ae.__CR0,0,1000,1000_PT0_SX300_V1___.jpg\" alt=\"aluminum box\" data-src=\"https:\/\/m.media-amazon.com\/images\/S\/aplus-media-library-service-media\/3806abe5-8aab-4c85-9449-dfe77f5144ae.__CR0,0,1000,1000_PT0_SX300_V1___.jpg\" data- title=\"\"><\/p>\n<p>En caso de un incendio repentino en su hogar o negocio, proporcione un lugar designado para su extintor o escalera, manteni\u00e9ndolo cerca y listo cuando m\u00e1s lo necesite.<\/p>\n<\/div>\n<\/div>\n<\/div>\n<\/div>\n<\/div>\n<\/div>\n<\/div>\n<\/div>\n<\/div>\n","protected":false},"excerpt":{"rendered":"[embed]https:\/\/youtu.be\/G6bQ3nSFJFI[\/embed]\n<p id=\"reconcile-item-title\" class=\"text-weight-bold\" style=\"text-align: center;\">Caja de Acceso Universal de Aluminio para Escalera de Seguridad | Interior Exterior para Extintor de Escaleras de Escape de Incendios o Manta Ign\u00edfuga<\/p>\n<p style=\"text-align: center;\">ENV\u00cdO GRATIS EN 3-7 D\u00cdAS<\/p>\n<h4 style=\"text-align: center;\"><strong>C\u00d3MPRALO EN<\/strong><a href=\"https:\/\/www.amazon.es\/dp\/B09BQ3H3NQ\/ref=sr_1_1?__mk_es_ES=%C3%85M%C3%85%C5%BD%C3%95%C3%91&amp;crid=31AEAMN3M8QRF&amp;dib=eyJ2IjoiMSJ9.qN9MNFWCP8opd3OJfLm8gA.qiK3_KOrqHA2mR75Ry-KYZH8I-6dDjy521YJvU5VBZo&amp;dib_tag=se&amp;keywords=Caja+de+Acceso+Universal+de+Aluminio+para+Interiores+y+Exteriores+para+Escaleras+de+Incendios&amp;qid=1739956655&amp;s=tools&amp;sprefix=b09bq3h3nq%2Cdiy%2C382&amp;sr=1-1&amp;th=1\"><img loading=\"lazy\" decoding=\"async\" class=\"aligncenter wp-image-1040 size-full\" src=\"https:\/\/isopllc.com\/es\/wp-content\/uploads\/sites\/7\/2020\/01\/amazon-button9.png\" alt=\"\" width=\"160\" height=\"59\" \/><\/a><\/h4>\n","protected":false},"featured_media":4713,"comment_status":"open","ping_status":"closed","template":"","meta":[],"product_brand":[],"product_cat":[173,175],"product_tag":[43,36,44],"class_list":{"0":"post-4712","1":"product","2":"type-product","3":"status-publish","4":"has-post-thumbnail","6":"product_cat-accesorios-para-escaleras-contra-incendios","7":"product_cat-caja-de-almacenamiento-para-escaleras-de-escape","8":"product_tag-caja-de-acceso-universal","9":"product_tag-equipo-de-seguridad","10":"product_tag-escalera-de-seguridad","12":"first","13":"instock","14":"shipping-taxable","15":"purchasable","16":"product-type-simple"},"_links":{"self":[{"href":"https:\/\/isopllc.com\/es\/wp-json\/wp\/v2\/product\/4712","targetHints":{"allow":["GET"]}}],"collection":[{"href":"https:\/\/isopllc.com\/es\/wp-json\/wp\/v2\/product"}],"about":[{"href":"https:\/\/isopllc.com\/es\/wp-json\/wp\/v2\/types\/product"}],"replies":[{"embeddable":true,"href":"https:\/\/isopllc.com\/es\/wp-json\/wp\/v2\/comments?post=4712"}],"wp:featuredmedia":[{"embeddable":true,"href":"https:\/\/isopllc.com\/es\/wp-json\/wp\/v2\/media\/4713"}],"wp:attachment":[{"href":"https:\/\/isopllc.com\/es\/wp-json\/wp\/v2\/media?parent=4712"}],"wp:term":[{"taxonomy":"product_brand","embeddable":true,"href":"https:\/\/isopllc.com\/es\/wp-json\/wp\/v2\/product_brand?post=4712"},{"taxonomy":"product_cat","embeddable":true,"href":"https:\/\/isopllc.com\/es\/wp-json\/wp\/v2\/product_cat?post=4712"},{"taxonomy":"product_tag","embeddable":true,"href":"https:\/\/isopllc.com\/es\/wp-json\/wp\/v2\/product_tag?post=4712"}],"curies":[{"name":"wp","href":"https:\/\/api.w.org\/{rel}","templated":true}]}}