{"id":4781,"date":"2023-08-14T09:22:10","date_gmt":"2023-08-14T09:22:10","guid":{"rendered":"https:\/\/isopllc.com\/es\/?post_type=product&#038;p=4781"},"modified":"2025-06-30T16:16:13","modified_gmt":"2025-06-30T16:16:13","slug":"escalera-de-seguridad-de-10-m-resistente-al-fuego-con-estabilizadores-de-separacion","status":"publish","type":"product","link":"https:\/\/isopllc.com\/es\/product\/escalera-de-seguridad-de-10-m-resistente-al-fuego-con-estabilizadores-de-separacion\/","title":{"rendered":"Escalera de Seguridad de 10 m con Estabilizadores de Separaci\u00f3n"},"content":{"rendered":"<div class=\"celwidget aplus-module module-9\" style=\"text-align: center;\" data-csa-c-id=\"8qdekw-f2p4k0-r9icce-qoj6p0\" data-cel-widget=\"aplus-module-9\">\n<div class=\"a-expander-collapsed-height a-row a-expander-container a-expander-partial-collapse-container\" aria-live=\"polite\" data-a-expander-name=\"aplus-module-expander\" data-a-expander-collapsed-height=\"700\">\n<div class=\"a-expander-content a-expander-partial-collapse-content\" aria-expanded=\"false\">\n<div class=\"aplus-module-wrapper\">\n<div class=\"apm-spacing apm-fixed-width\">\n<h1 id=\"title\" class=\"a-size-large a-spacing-none\" style=\"text-align: left;\">Escalera de Seguridad de 10 m Resistente al Fuego &#8211; Soluci\u00f3n Innovadora Escalera con Estabilizadores de Separaci\u00f3n, Cord\u00f3n y Cintur\u00f3n de Seguridad &#8211; Reutilizable &#8211; Capacidad de Peso de Hasta 2000 libras<\/h1>\n<\/div>\n<\/div>\n<\/div>\n<\/div>\n<\/div>\n<div class=\"celwidget aplus-module module-4\" style=\"text-align: center;\" data-csa-c-id=\"r0jyvc-byof08-6y9606-vmksqx\" data-cel-widget=\"aplus-module-4\">\n<div class=\"a-expander-collapsed-height a-row a-expander-container a-expander-partial-collapse-container\" aria-live=\"polite\" data-a-expander-name=\"aplus-module-expander\" data-a-expander-collapsed-height=\"700\">\n<div class=\"a-expander-content a-expander-partial-collapse-content\" aria-expanded=\"false\">\n<div class=\"amp-centerthirdcol-listbox\">\n<div class=\"a-box a-spacing-small a-color-alternate-background apm-listbox amp-centerthirdcol-listbox\">\n<div class=\"a-box-inner\">\n<div class=\"celwidget aplus-module module-12 aplus-standard\">\n<div class=\"a-expander-collapsed-height a-row a-expander-container a-expander-partial-collapse-container\" data-a-expander-name=\"aplus-module-expander\" data-a-expander-collapsed-height=\"360\">\n<div class=\"a-expander-content a-expander-partial-collapse-content\" aria-expanded=\"false\">\n<div class=\"aplus-module-wrapper apm-spacing apm-floatnone apm-fixed-width\">\n<div class=\"apm-sidemodule aplus-module-content\">\n<div class=\"textright apm-hero-text\"><\/div>\n<\/div>\n<\/div>\n<\/div>\n<\/div>\n<\/div>\n<div class=\"celwidget aplus-module module-9 aplus-standard\">\n<div class=\"a-expander-collapsed-height a-row a-expander-container a-expander-partial-collapse-container\" data-a-expander-name=\"aplus-module-expander\" data-a-expander-collapsed-height=\"700\">\n<div class=\"a-expander-content a-expander-partial-collapse-content\" aria-expanded=\"false\">\n<div class=\"aplus-module-wrapper apm-fixed-width\">\n<div class=\"apm-spacing apm-fixed-width\">\n<div class=\"celwidget aplus-module module-9 aplus-standard\">\n<div class=\"a-expander-collapsed-height a-row a-expander-container a-expander-partial-collapse-container\" data-a-expander-name=\"aplus-module-expander\" data-a-expander-collapsed-height=\"700\">\n<div class=\"a-expander-content a-expander-partial-collapse-content\" aria-expanded=\"false\">\n<h3 class=\"a-spacing-small\" style=\"text-align: left;\">\u00bfPor qu\u00e9 elegirnos?<\/h3>\n<h4 style=\"text-align: left;\"><img loading=\"lazy\" decoding=\"async\" class=\"alignnone wp-image-4785\" src=\"https:\/\/isopllc.com\/usa\/wp-content\/uploads\/sites\/4\/2022\/12\/reflective-rope-ladders.jpg\" alt=\"reflective rope ladder\" width=\"307\" height=\"409\" title=\"\">Tecnolog\u00eda reflectante patentada<\/h4>\n<p style=\"text-align: left;\">Esta escalera est\u00e1 dise\u00f1ada teniendo en cuenta la comodidad y la accesibilidad.<\/p>\n<p style=\"text-align: left;\">Una tira reflectante especial tejida en estas cuerdas de nailon las hace muy visibles en el haz de luz de la linterna para que no se tropiece con ellas por la noche.<\/p>\n<div class=\"celwidget aplus-module module-9 aplus-standard\">\n<div class=\"a-expander-collapsed-height a-row a-expander-container a-expander-partial-collapse-container\" data-a-expander-name=\"aplus-module-expander\" data-a-expander-collapsed-height=\"700\">\n<div class=\"a-expander-content a-expander-partial-collapse-content\" aria-expanded=\"false\">\n<p><img decoding=\"async\" class=\"a-spacing-mini\" src=\"https:\/\/m.media-amazon.com\/images\/S\/aplus-media-library-service-media\/811fc784-e602-432e-9106-11c40b5fca8f.__CR0,0,1000,1000_PT0_SX300_V1___.jpg\" alt=\"reinforced rung cap\" data-src=\"https:\/\/m.media-amazon.com\/images\/S\/aplus-media-library-service-media\/811fc784-e602-432e-9106-11c40b5fca8f.__CR0,0,1000,1000_PT0_SX300_V1___.jpg\" data- title=\"\"><\/p>\n<h4 class=\"a-spacing-mini\" style=\"text-align: left;\">Tapas de pelda\u00f1os reforzadas<\/h4>\n<p class=\"aplus-module-wrapper apm-fixed-width\" style=\"text-align: left;\">Nuestras gorras son m\u00e1s gruesas, m\u00e1s grandes y m\u00e1s resistentes. Como ha demostrado la pr\u00e1ctica, estos pelda\u00f1os se rompen bajo el peso precisamente en estos lugares, por lo que las tapas reforzadas son indispensables para el uso prolongado y seguro de las escaleras.<\/p>\n<p><img decoding=\"async\" class=\"a-spacing-mini\" src=\"https:\/\/m.media-amazon.com\/images\/S\/aplus-media-library-service-media\/ee031fb3-8354-45bf-b886-4886ca25315d.__CR0,0,300,300_PT0_SX300_V1___.jpg\" alt=\"ULTRA POWEFUL\" data-src=\"https:\/\/m.media-amazon.com\/images\/S\/aplus-media-library-service-media\/ee031fb3-8354-45bf-b886-4886ca25315d.__CR0,0,300,300_PT0_SX300_V1___.jpg\" data- title=\"\"><\/p>\n<h4 class=\"a-spacing-mini\" style=\"text-align: left;\">ULTRA potente<\/h4>\n<p style=\"text-align: left;\">No hay escaleras m\u00e1s fuertes y confiables que las nuestras (\u00a1probadas!) &#8211; \u00a1que soportan 2500 lb o 10 personas! Incluso las escaleras de cadena no pueden presumir de esta capacidad de peso.<\/p>\n<p style=\"text-align: left;\"><img loading=\"lazy\" decoding=\"async\" class=\"alignnone wp-image-4734\" src=\"https:\/\/isopllc.com\/usa\/wp-content\/uploads\/sites\/4\/2022\/12\/Stabilizers-for-Fire-Escape-Ladder-3.jpg\" alt=\"Stabilizers for Fire Escape Ladder 3\" width=\"298\" height=\"417\" title=\"\"><\/p>\n<h3 class=\"a-spacing-small\" style=\"text-align: left;\">Estabilizadores de separaci\u00f3n | El juego de 10 pares llegar\u00e1 en un paquete separado.<\/h3>\n<p style=\"text-align: left;\">Nuestros innovadores estabilizadores permiten que las escaleras se mantengan firmes contra la pared y facilitan enormemente el descenso desde el segundo y hasta el quinto piso.<\/p>\n<p style=\"text-align: left;\"><img loading=\"lazy\" decoding=\"async\" class=\"alignnone wp-image-5031\" src=\"https:\/\/isopllc.com\/usa\/wp-content\/uploads\/sites\/4\/2023\/06\/standoff-for-ladder.png\" alt=\"\" width=\"303\" height=\"246\" title=\"\"><\/p>\n<p>&nbsp;<\/p>\n<p style=\"text-align: left;\">Los estabilizadores de pelda\u00f1os s\u00f3lidos y resistentes son livianos y f\u00e1ciles de colocar. Se adapta a cualquier escalera de cuerda ISOP. Un paquete contiene 20 estabilizadores que son suficientes para unir 10 pelda\u00f1os.<\/p>\n<p><img loading=\"lazy\" decoding=\"async\" class=\"alignnone wp-image-5030\" src=\"https:\/\/isopllc.com\/usa\/wp-content\/uploads\/sites\/4\/2023\/06\/PNG-2.png\" alt=\"\" width=\"327\" height=\"266\" title=\"\"><\/p>\n<p style=\"text-align: left;\">Para un uso r\u00e1pido, fije los estabilizadores a una escalera con antelaci\u00f3n. Los estabilizadores independientes para la escalera de escape en caso de incendio brindan m\u00e1s seguridad durante el descenso o el ascenso. Los estabilizadores de escalera de cuerda con pelda\u00f1os antideslizantes hacen que el descenso sea m\u00e1s estable.<\/p>\n<p><img loading=\"lazy\" decoding=\"async\" class=\"alignnone wp-image-4740\" src=\"https:\/\/isopllc.com\/usa\/wp-content\/uploads\/sites\/4\/2022\/12\/Stabilizers-for-Fire-Escape-Ladder-5.jpg\" alt=\"Stabilizers for Fire Escape Ladder 5\" width=\"320\" height=\"222\" title=\"\"><\/p>\n<p style=\"text-align: left;\">Para un uso r\u00e1pido, fije los estabilizadores a una escalera con antelaci\u00f3n.<\/p>\n<p><img loading=\"lazy\" decoding=\"async\" class=\"alignnone wp-image-4733\" src=\"https:\/\/isopllc.com\/usa\/wp-content\/uploads\/sites\/4\/2022\/12\/Stabilizers-for-Fire-Escape-Ladder-2.jpg\" alt=\"Stabilizers for Fire Escape Ladder 2\" width=\"282\" height=\"435\" title=\"\"><\/p>\n<p style=\"text-align: left;\">Los estabilizadores independientes para la escalera de escape en caso de incendio brindan m\u00e1s seguridad durante el descenso o el ascenso.<\/p>\n<p><img loading=\"lazy\" decoding=\"async\" class=\"alignnone wp-image-4739\" src=\"https:\/\/isopllc.com\/usa\/wp-content\/uploads\/sites\/4\/2022\/12\/Stabilizers-for-Fire-Escape-Ladder-6.jpg\" alt=\"Stabilizers for Fire Escape Ladder 6\" width=\"298\" height=\"242\" title=\"\"><\/p>\n<p style=\"text-align: left;\">Los estabilizadores de escalera de cuerda con pelda\u00f1os antideslizantes hacen que el descenso sea m\u00e1s estable.<\/p>\n<p style=\"text-align: left;\"><img decoding=\"async\" class=\"a-spacing-mini\" src=\"https:\/\/m.media-amazon.com\/images\/S\/aplus-media\/sc\/66906d66-df90-4038-8550-d72faf80c38f.__CR0,0,1200,1200_PT0_SX300_V1___.jpg\" alt=\"Multifunction\" data-src=\"https:\/\/m.media-amazon.com\/images\/S\/aplus-media\/sc\/66906d66-df90-4038-8550-d72faf80c38f.__CR0,0,1200,1200_PT0_SX300_V1___.jpg\" data- title=\"\"><\/p>\n<h4 class=\"a-spacing-mini\" style=\"text-align: left;\">Multifunci\u00f3n<\/h4>\n<p style=\"text-align: left;\">Se puede utilizar para diversos fines, como parque infantil, columpios, casa del \u00e1rbol, \u00e1tico, jard\u00edn, techo, loft, b\u00fanker, marina e incluso con fines decorativos. Variedad infinita de opciones de uso.<\/p>\n<p><img decoding=\"async\" class=\"a-spacing-mini\" src=\"https:\/\/m.media-amazon.com\/images\/S\/aplus-media\/sc\/a53251f8-492d-40f3-a9db-2bdd1415646f.__CR1018,0,1260,1260_PT0_SX300_V1___.png\" alt=\"anti-slip\" data-src=\"https:\/\/m.media-amazon.com\/images\/S\/aplus-media\/sc\/a53251f8-492d-40f3-a9db-2bdd1415646f.__CR1018,0,1260,1260_PT0_SX300_V1___.png\" data- title=\"\"><\/p>\n<h4 class=\"a-spacing-mini\" style=\"text-align: left;\">Pelda\u00f1os antideslizantes<\/h4>\n<p style=\"text-align: left;\">Los pelda\u00f1os tienen forma de oct\u00e1gono, por lo que son fiables y no resbaladizos.<\/p>\n<p><img decoding=\"async\" class=\"a-spacing-mini\" src=\"https:\/\/m.media-amazon.com\/images\/S\/aplus-media-library-service-media\/1657651a-3b04-4f8f-8300-ddb668ab5476.__CR0,0,400,400_PT0_SX300_V1___.jpg\" alt=\"Lightweight\" data-src=\"https:\/\/m.media-amazon.com\/images\/S\/aplus-media-library-service-media\/1657651a-3b04-4f8f-8300-ddb668ab5476.__CR0,0,400,400_PT0_SX300_V1___.jpg\" data- title=\"\"><\/p>\n<div class=\"apm-spacing apm-fixed-width\">\n<h4 class=\"a-spacing-mini\" style=\"text-align: left;\">Ligero<\/h4>\n<p style=\"text-align: left;\">Por ejemplo, 2,5 m pesa solo 2 kg.<\/p>\n<p style=\"text-align: left;\"><img loading=\"lazy\" decoding=\"async\" class=\"alignnone wp-image-4266\" src=\"https:\/\/isopllc.com\/uk\/wp-content\/uploads\/sites\/2\/2020\/09\/81HAP8zExzL._AC_SL1500_.jpg\" alt=\"\" width=\"302\" height=\"276\" title=\"\" srcset=\"https:\/\/isopllc.com\/es\/wp-content\/uploads\/sites\/7\/2020\/09\/81HAP8zExzL._AC_SL1500_.jpg 1454w, https:\/\/isopllc.com\/es\/wp-content\/uploads\/sites\/7\/2020\/09\/81HAP8zExzL._AC_SL1500_-768x702.jpg 768w, https:\/\/isopllc.com\/es\/wp-content\/uploads\/sites\/7\/2020\/09\/81HAP8zExzL._AC_SL1500_-416x380.jpg 416w\" sizes=\"auto, (max-width: 302px) 100vw, 302px\" \/><\/p>\n<h4 class=\"a-spacing-mini\" style=\"text-align: left;\">Resistente al clima<\/h4>\n<p style=\"text-align: left;\">Casi nunca las escaleras envejecen para cualquier clima, no pueden da\u00f1arse bajo la lluvia.<\/p>\n<p><img decoding=\"async\" class=\"a-spacing-mini\" src=\"https:\/\/m.media-amazon.com\/images\/S\/aplus-media-library-service-media\/2b946128-4652-4d13-abea-6ac4f59b6e56.__CR0,0,300,300_PT0_SX300_V1___.jpg\" alt=\"Flame resistant\" data-src=\"https:\/\/m.media-amazon.com\/images\/S\/aplus-media-library-service-media\/2b946128-4652-4d13-abea-6ac4f59b6e56.__CR0,0,300,300_PT0_SX300_V1___.jpg\" data- title=\"\"><\/p>\n<h4 class=\"a-spacing-mini\" style=\"text-align: left;\">Resistente al fuego<\/h4>\n<p style=\"text-align: left;\">La composici\u00f3n especial no combustible de las fibras permite que la escalera resista el fuego durante alg\u00fan tiempo, pero a\u00fan as\u00ed no recomendamos usarla en fuego directo.<\/p>\n<p><img decoding=\"async\" class=\"a-spacing-mini\" src=\"https:\/\/m.media-amazon.com\/images\/S\/aplus-media-library-service-media\/7ea4637f-e804-413f-ac03-996786e67981.__CR0,0,300,300_PT0_SX300_V1___.jpg\" alt=\"Reusable\" data-src=\"https:\/\/m.media-amazon.com\/images\/S\/aplus-media-library-service-media\/7ea4637f-e804-413f-ac03-996786e67981.__CR0,0,300,300_PT0_SX300_V1___.jpg\" data- title=\"\"><\/p>\n<h4 class=\"a-spacing-mini\" style=\"text-align: left;\">Reutilizable<\/h4>\n<p style=\"text-align: left;\">A diferencia de otras escaleras de aluminio, nuestras escaleras de cuerda son reutilizables.<\/p>\n<p><img decoding=\"async\" class=\"a-spacing-mini\" src=\"https:\/\/m.media-amazon.com\/images\/S\/aplus-media\/sc\/d843778e-92b5-40e7-a239-8e35fcbadff6.__CR0,0,2000,2000_PT0_SX300_V1___.jpg\" alt=\"Different length \" data-src=\"https:\/\/m.media-amazon.com\/images\/S\/aplus-media\/sc\/d843778e-92b5-40e7-a239-8e35fcbadff6.__CR0,0,2000,2000_PT0_SX300_V1___.jpg\" data- title=\"\"><\/p>\n<\/div>\n<\/div>\n<\/div>\n<\/div>\n<div class=\"celwidget aplus-module module-9 aplus-standard\">\n<div class=\"a-expander-collapsed-height a-row a-expander-container a-expander-partial-collapse-container\" data-a-expander-name=\"aplus-module-expander\" data-a-expander-collapsed-height=\"700\">\n<div class=\"a-expander-content a-expander-partial-collapse-content\" aria-expanded=\"false\">\n<h4 class=\"a-spacing-mini\" style=\"text-align: left;\">Longitud diferente<\/h4>\n<p style=\"text-align: left;\">Disponible 2,5 \/ 4 \/ 5 \/ 8 \/ 10 m para casas de 1 a 3 plantas.<\/p>\n<\/div>\n<\/div>\n<\/div>\n<div class=\"celwidget aplus-module module-9 aplus-standard\">\n<div class=\"a-expander-collapsed-height a-row a-expander-container a-expander-partial-collapse-container\" data-a-expander-name=\"aplus-module-expander\" data-a-expander-collapsed-height=\"700\">\n<div class=\"a-expander-content a-expander-partial-collapse-content\" aria-expanded=\"false\">\n<div class=\"aplus-module-wrapper apm-fixed-width\">\n<div class=\"apm-spacing apm-fixed-width\" style=\"text-align: left;\"><img loading=\"lazy\" decoding=\"async\" class=\"alignnone wp-image-1060\" src=\"https:\/\/isopllc.com\/uk\/wp-content\/uploads\/sites\/2\/2020\/01\/32-ft-belt2.jpg\" alt=\"\" width=\"299\" height=\"299\" title=\"\" srcset=\"https:\/\/isopllc.com\/es\/wp-content\/uploads\/sites\/7\/2020\/01\/32-ft-belt2.jpg 1000w, https:\/\/isopllc.com\/es\/wp-content\/uploads\/sites\/7\/2020\/01\/32-ft-belt2-150x150.jpg 150w, https:\/\/isopllc.com\/es\/wp-content\/uploads\/sites\/7\/2020\/01\/32-ft-belt2-768x768.jpg 768w, https:\/\/isopllc.com\/es\/wp-content\/uploads\/sites\/7\/2020\/01\/32-ft-belt2-324x324.jpg 324w, https:\/\/isopllc.com\/es\/wp-content\/uploads\/sites\/7\/2020\/01\/32-ft-belt2-416x416.jpg 416w, https:\/\/isopllc.com\/es\/wp-content\/uploads\/sites\/7\/2020\/01\/32-ft-belt2-100x100.jpg 100w\" sizes=\"auto, (max-width: 299px) 100vw, 299px\" \/><\/div>\n<div><\/div>\n<\/div>\n<div>\n<h4 class=\"a-spacing-mini\" style=\"text-align: left;\">EL MEJOR<\/h4>\n<p style=\"text-align: left;\">Hay otras ofertas de escaleras de cuerda que se parecen a las nuestras. PERO (!) no trenzan suficientes hilos en las cuerdas y ahorran en esto, por lo tanto, las cuerdas no son lo suficientemente densas o apretadas, por lo tanto, no son confiables.<\/p>\n<\/div>\n<\/div>\n<\/div>\n<\/div>\n<\/div>\n<\/div>\n<\/div>\n<\/div>\n<\/div>\n<\/div>\n<\/div>\n<\/div>\n<\/div>\n<\/div>\n<\/div>\n<\/div>\n<\/div>\n<\/div>\n","protected":false},"excerpt":{"rendered":"<p id=\"title\" class=\"a-size-large a-spacing-none\" style=\"text-align: center;\">Escalera de Seguridad de 10 m Resistente al Fuego &#8211; Soluci\u00f3n Innovadora Escalera con Estabilizadores de Separaci\u00f3n, Cord\u00f3n y Cintur\u00f3n de Seguridad &#8211; Reutilizable &#8211; Capacidad de Peso de Hasta 2000 libras<\/p>\n<p style=\"text-align: center;\">ENV\u00cdO GRATIS EN 3-7 D\u00cdAS<\/p>\n<h4 style=\"text-align: center;\"><strong>C\u00d3MPRALO EN<\/strong><a href=\"https:\/\/www.amazon.es\/dp\/B0BM915L5S\/ref=sr_1_1_mod_primary_new?__mk_es_ES=%C3%85M%C3%85%C5%BD%C3%95%C3%91&amp;crid=3LM16WS11A1MG&amp;dib=eyJ2IjoiMSJ9.etAZk87vhNMb0XDl0U2q1w.uNzQuCwTILmIeGB-sQ4K8EPYaZgrFzOHJDnbXi2Tvfo&amp;dib_tag=se&amp;keywords=Escalera%2Bde%2BSeguridad%2BResistente%2Bal%2BFuego%2BSoluci%C3%B3n%2Binnovadora%2BEscalera%2Bcon%2Bestabilizadores%2Bde%2Bseparaci%C3%B3n%2Bcord%C3%B3n%2By%2Bcintur%C3%B3n%2Bde%2BSeguridad&amp;qid=1740361755&amp;s=tools&amp;sbo=RZvfv%2F%2FHxDF%2BO5021pAnSA%3D%3D&amp;sprefix=b0bm915l5s%2Cdiy%2C382&amp;sr=1-1&amp;th=1\"><img loading=\"lazy\" decoding=\"async\" class=\"aligncenter wp-image-1040 size-full\" src=\"https:\/\/isopllc.com\/es\/wp-content\/uploads\/sites\/7\/2020\/01\/amazon-button9.png\" alt=\"\" width=\"160\" height=\"59\" \/><\/a><\/h4>\n","protected":false},"featured_media":4782,"comment_status":"open","ping_status":"closed","template":"","meta":[],"product_brand":[],"product_cat":[179,178,181],"product_tag":[36,44,73,95],"class_list":{"0":"post-4781","1":"product","2":"type-product","3":"status-publish","4":"has-post-thumbnail","6":"product_cat-escaleras-de-cuerda-para-escape","7":"product_cat-escaleras-de-escape-con-soporte","8":"product_cat-escaleras-de-escape-para-3-pisos","9":"product_tag-equipo-de-seguridad","10":"product_tag-escalera-de-seguridad","11":"product_tag-estabilizadores-de-separacion","12":"product_tag-resistente-al-fuego","14":"first","15":"instock","16":"shipping-taxable","17":"purchasable","18":"product-type-simple"},"_links":{"self":[{"href":"https:\/\/isopllc.com\/es\/wp-json\/wp\/v2\/product\/4781","targetHints":{"allow":["GET"]}}],"collection":[{"href":"https:\/\/isopllc.com\/es\/wp-json\/wp\/v2\/product"}],"about":[{"href":"https:\/\/isopllc.com\/es\/wp-json\/wp\/v2\/types\/product"}],"replies":[{"embeddable":true,"href":"https:\/\/isopllc.com\/es\/wp-json\/wp\/v2\/comments?post=4781"}],"wp:featuredmedia":[{"embeddable":true,"href":"https:\/\/isopllc.com\/es\/wp-json\/wp\/v2\/media\/4782"}],"wp:attachment":[{"href":"https:\/\/isopllc.com\/es\/wp-json\/wp\/v2\/media?parent=4781"}],"wp:term":[{"taxonomy":"product_brand","embeddable":true,"href":"https:\/\/isopllc.com\/es\/wp-json\/wp\/v2\/product_brand?post=4781"},{"taxonomy":"product_cat","embeddable":true,"href":"https:\/\/isopllc.com\/es\/wp-json\/wp\/v2\/product_cat?post=4781"},{"taxonomy":"product_tag","embeddable":true,"href":"https:\/\/isopllc.com\/es\/wp-json\/wp\/v2\/product_tag?post=4781"}],"curies":[{"name":"wp","href":"https:\/\/api.w.org\/{rel}","templated":true}]}}