{"id":4808,"date":"2023-09-21T07:54:54","date_gmt":"2023-09-21T07:54:54","guid":{"rendered":"https:\/\/isopllc.com\/es\/?post_type=product&#038;p=4808"},"modified":"2025-06-30T16:13:44","modified_gmt":"2025-06-30T16:13:44","slug":"gabinete-para-escalera-de-incendios-medio","status":"publish","type":"product","link":"https:\/\/isopllc.com\/es\/product\/gabinete-para-escalera-de-incendios-medio\/","title":{"rendered":"Gabinete para Escalera de Incendios Medio | Desfibrilador DEA"},"content":{"rendered":"<h1 id=\"title\" class=\"a-size-large a-spacing-none\">Gabinete para Escalera de Incendios Medio- Caja roja para Cosas de Rescate de Incendios &#8211; con Ganchos para Manta ign\u00edfuga y extintores &#8211; 35 * 28 * 13 cm<\/h1>\n<p><img loading=\"lazy\" decoding=\"async\" class=\"alignnone wp-image-5043\" src=\"https:\/\/isopllc.com\/usa\/wp-content\/uploads\/sites\/4\/2023\/06\/71dmxhPEm7L._AC_SL1500_.jpg\" alt=\"\" width=\"413\" height=\"397\" title=\"\"><\/p>\n<div class=\"a-section a-spacing-none premium-aplus-15-heading\">\n<h1 class=\"premium-aplus-15-heading-text a-text-bold\">\u00bfPor qu\u00e9 creemos que es mejor comprar una caja de acceso para escalera de emergencia?<\/h1>\n<\/div>\n<div class=\"a-section a-spacing-none\">\n<p>\u00a1Por varias razones!<\/p>\n<p>1. Al fijar la caja a la pared (debajo de la ventana o en el balc\u00f3n) con anclajes, puede fijar inmediatamente la escalera a los bucles de anclaje y, en caso de emergencia, simplemente tirar\u00e1 la escalera por la ventana e inmediatamente comenzar\u00e1 a descender. sin perder preciosos segundos en la confusi\u00f3n buscando d\u00f3nde fijar la escalera.<\/p>\n<p>2. Puedes colocar la caja tanto dentro como fuera de casa. En el exterior, la ventaja es que no ocupa espacio en casa y no estropea el dise\u00f1o de la habitaci\u00f3n, pero al mismo tiempo es bastante accesible si se coloca junto a una ventana o en un balc\u00f3n.<\/p>\n<p>3. Tambi\u00e9n es c\u00f3modo desde el interior de la casa, ya que est\u00e1 siempre a mano y este importante elemento salvavidas est\u00e1 a la vista para no perder tiempo busc\u00e1ndolo durante un incendio.<\/p>\n<p>4. En nuestra opini\u00f3n, es muy seguro fijar las escaleras a los anclajes de escalada dentro de la caja, ya que pueden soportar 25 KN m\u00e1s que cualquier cosa en su casa, incluidos el marco de la ventana o las rejas del balc\u00f3n.<\/p>\n<p><img loading=\"lazy\" decoding=\"async\" class=\"alignnone wp-image-5044\" src=\"https:\/\/isopllc.com\/usa\/wp-content\/uploads\/sites\/4\/2023\/06\/e08f082b-1e10-499b-8698-78d3a32260a7.__CR00800600_PT0_SX800_V1___.jpg\" alt=\"\" width=\"405\" height=\"304\" title=\"\"><\/p>\n<h1 class=\"aplus-h1 aplus-module-1-heading a-text-bold\">La estaci\u00f3n de emergencia contra incendios integral almacena todos sus suministros de emergencia en un solo lugar<\/h1>\n<ul class=\"a-unordered-list a-vertical\">\n<li>Caja Roja de Aluminio con Puerta de Cristal Magn\u00e9tica para Escalera de Evacuaci\u00f3n de Incendios <span class=\"a-list-item\">35*28*12 cm<\/span><\/li>\n<li>Hardware para instalaci\u00f3n (Anclajes de montaje 25KN)<\/li>\n<li>Ganchos para extintor y manta ign\u00edfuga (en los lados de la caja)<img loading=\"lazy\" decoding=\"async\" class=\"alignnone wp-image-5045\" src=\"https:\/\/isopllc.com\/usa\/wp-content\/uploads\/sites\/4\/2023\/06\/cb120de2-f0e0-46e6-9ca4-ca80dc32f1e5.__CR00800600_PT0_SX800_V1___.jpg\" alt=\"\" width=\"418\" height=\"313\" title=\"\"><\/li>\n<\/ul>\n<h1 class=\"aplus-h1 aplus-module-1-heading a-text-bold\">Caja de aluminio para interiores y exteriores para escaleras de escape en caso de incendio, extintor o manta ign\u00edfuga\u043c<\/h1>\n<ul class=\"a-unordered-list a-vertical\">\n<li>Dise\u00f1o compacto<\/li>\n<li>Construcci\u00f3n de hierro resistente<\/li>\n<li>Vidrio acr\u00edlico (que es m\u00e1s seguro que el vidrio est\u00e1ndar durante emergencias)<\/li>\n<li>Se monta f\u00e1cilmente en una pared<\/li>\n<li>F\u00e1cil de encontrar cuando sea necesario<\/li>\n<\/ul>\n<p><img loading=\"lazy\" decoding=\"async\" class=\"alignnone wp-image-4799\" src=\"https:\/\/isopllc.com\/es\/wp-content\/uploads\/sites\/7\/2023\/09\/red-box-S-size.jpg\" alt=\"\" width=\"378\" height=\"303\" title=\"\" srcset=\"https:\/\/isopllc.com\/es\/wp-content\/uploads\/sites\/7\/2023\/09\/red-box-S-size.jpg 886w, https:\/\/isopllc.com\/es\/wp-content\/uploads\/sites\/7\/2023\/09\/red-box-S-size-768x615.jpg 768w, https:\/\/isopllc.com\/es\/wp-content\/uploads\/sites\/7\/2023\/09\/red-box-S-size-416x333.jpg 416w\" sizes=\"auto, (max-width: 378px) 100vw, 378px\" \/><\/p>\n<h1 class=\"aplus-h1 aplus-module-1-heading a-text-bold\">Gabinete de escalera de incendios de hierro<\/h1>\n<p>Mantiene su extintor o escalera de escape f\u00e1cilmente accesibles en caso de una emergencia.<\/p>\n<p>Debido a su tama\u00f1o compacto &#8211; <span class=\"a-list-item\">35*28*12 cm<\/span> | Con un grosor de 0,04 pulgadas y una construcci\u00f3n duradera, este gabinete es ideal para apartamentos, condominios y peque\u00f1as empresas, y proporciona un lugar seguro para el almacenamiento a largo plazo.<\/p>\n<p><img loading=\"lazy\" decoding=\"async\" class=\"alignnone wp-image-5047\" src=\"https:\/\/isopllc.com\/usa\/wp-content\/uploads\/sites\/4\/2023\/06\/6d581a96-7d79-4318-ace2-7057cd2fcdb0.__CR00800600_PT0_SX800_V1___.jpg\" alt=\"\" width=\"443\" height=\"332\" title=\"\"><\/p>\n<h1 class=\"aplus-h1 aplus-module-1-heading a-text-bold\">Estaci\u00f3n de bomberos<\/h1>\n<p class=\"aplus-p2 aplus-module-1-description\">En caso de un incendio repentino en el hogar o el negocio, proporcione un lugar designado para su extintor o escalera, manteni\u00e9ndolo cerca y listo cuando m\u00e1s se necesita.<\/p>\n<p><img loading=\"lazy\" decoding=\"async\" class=\"alignnone wp-image-4545\" src=\"https:\/\/isopllc.com\/usa\/wp-content\/uploads\/sites\/4\/2021\/12\/Built-In-Fire-Escape-Ladder-2-Story-13ft-Retractable-Ladders-Fire-Ladder-for-Homes-Include-Aluminum-Box-Snap-Hooks-and-2-Anchors-Set6.jpg\" alt=\"\" width=\"427\" height=\"427\" title=\"\"><\/p>\n<h1 class=\"aplus-h1 aplus-module-1-heading a-text-bold\">Anclaje de cuerda superior profesional<\/h1>\n<p>Juego de pernos de anclaje para escalada, incluye 2 placas de suspensi\u00f3n y 2 pernos de expansi\u00f3n, tuercas y arandelas planas. Placas de suspensi\u00f3n para punto de anclaje permanente.<\/p>\n<p>El conjunto le permite fijar la caja a la pared. No s\u00f3lo sujetan la caja, sino que tambi\u00e9n los anillos de fijaci\u00f3n dise\u00f1ados para dos mosquetones permiten enganchar una escalera de cuerda para descender por una ventana.<\/p>\n<\/div>\n","protected":false},"excerpt":{"rendered":"[embed]https:\/\/youtu.be\/Jz7G0cADXq4[\/embed]\n<p id=\"title\" class=\"a-size-large a-spacing-none\" style=\"text-align: center;\">Gabinete para Escalera de Incendios Medio- Caja roja para Cosas de Rescate de Incendios &#8211; con Ganchos para Manta ign\u00edfuga y extintores &#8211; 35 * 28 * 13 cm<\/p>\n<p style=\"text-align: center;\">ENV\u00cdO GRATIS EN 3-7 D\u00cdAS<\/p>\n<h4 style=\"text-align: center;\"><strong>C\u00d3MPRALO EN<\/strong><a href=\"https:\/\/www.amazon.es\/dp\/B0BZYK6V1Y\/ref=sr_1_1?__mk_es_ES=%C3%85M%C3%85%C5%BD%C3%95%C3%91&amp;crid=2A5O0FQ8RXPBS&amp;dib=eyJ2IjoiMSJ9.BmFnrjEGdYHLg44uaXYi6A.M9LVL03g44SVMRtSfeiKT_1Ccdg6YDYZzimUexOuhvg&amp;dib_tag=se&amp;keywords=Gabinete%2Bpara%2BEscalera%2Bde%2BIncendios%2BCaja%2Broja%2Bpara%2BCosas%2Bde%2BRescate%2Bde%2BIncendios&amp;qid=1740360576&amp;s=kitchen&amp;sprefix=b0bzyk6v1y%2Ckitchen%2C350&amp;sr=1-1&amp;ufe=app_do%3Aamzn1.fos.5e544547-1f8e-4072-8c08-ed563e39fc7d&amp;th=1\"><img loading=\"lazy\" decoding=\"async\" class=\"aligncenter wp-image-1040 size-full\" src=\"https:\/\/isopllc.com\/es\/wp-content\/uploads\/sites\/7\/2020\/01\/amazon-button9.png\" alt=\"\" width=\"160\" height=\"59\" \/><\/a><\/h4>\n","protected":false},"featured_media":4795,"comment_status":"open","ping_status":"closed","template":"","meta":[],"product_brand":[],"product_cat":[173,175],"product_tag":[36,111,112],"class_list":{"0":"post-4808","1":"product","2":"type-product","3":"status-publish","4":"has-post-thumbnail","6":"product_cat-accesorios-para-escaleras-contra-incendios","7":"product_cat-caja-de-almacenamiento-para-escaleras-de-escape","8":"product_tag-equipo-de-seguridad","9":"product_tag-gabinete-de-extintor-de-incendios","10":"product_tag-tamano-s","12":"first","13":"instock","14":"shipping-taxable","15":"purchasable","16":"product-type-simple"},"_links":{"self":[{"href":"https:\/\/isopllc.com\/es\/wp-json\/wp\/v2\/product\/4808","targetHints":{"allow":["GET"]}}],"collection":[{"href":"https:\/\/isopllc.com\/es\/wp-json\/wp\/v2\/product"}],"about":[{"href":"https:\/\/isopllc.com\/es\/wp-json\/wp\/v2\/types\/product"}],"replies":[{"embeddable":true,"href":"https:\/\/isopllc.com\/es\/wp-json\/wp\/v2\/comments?post=4808"}],"wp:featuredmedia":[{"embeddable":true,"href":"https:\/\/isopllc.com\/es\/wp-json\/wp\/v2\/media\/4795"}],"wp:attachment":[{"href":"https:\/\/isopllc.com\/es\/wp-json\/wp\/v2\/media?parent=4808"}],"wp:term":[{"taxonomy":"product_brand","embeddable":true,"href":"https:\/\/isopllc.com\/es\/wp-json\/wp\/v2\/product_brand?post=4808"},{"taxonomy":"product_cat","embeddable":true,"href":"https:\/\/isopllc.com\/es\/wp-json\/wp\/v2\/product_cat?post=4808"},{"taxonomy":"product_tag","embeddable":true,"href":"https:\/\/isopllc.com\/es\/wp-json\/wp\/v2\/product_tag?post=4808"}],"curies":[{"name":"wp","href":"https:\/\/api.w.org\/{rel}","templated":true}]}}