{"id":4809,"date":"2023-09-21T07:59:26","date_gmt":"2023-09-21T07:59:26","guid":{"rendered":"https:\/\/isopllc.com\/es\/?post_type=product&#038;p=4809"},"modified":"2025-06-30T16:13:27","modified_gmt":"2025-06-30T16:13:27","slug":"escalera-de-escape-de-incendios-de-2-pisos-de-4-m-con-gabinete","status":"publish","type":"product","link":"https:\/\/isopllc.com\/es\/product\/escalera-de-escape-de-incendios-de-2-pisos-de-4-m-con-gabinete\/","title":{"rendered":"Escalera de Escape de Incendios de 1 Pisos de 4 m con Gabinete"},"content":{"rendered":"<h1 id=\"title\" class=\"a-size-large a-spacing-none\">Escalera de Escape de Incendios de 1 Pisos de 4 m con Gabinete &#8211; Escalera de Escape de Incendios Montada en la Pared para el Hogar &#8211; Incluye Escalera de Dos Pisos y Manta Ign\u00edfuga<\/h1>\n<p><img loading=\"lazy\" decoding=\"async\" class=\"alignnone wp-image-4972\" src=\"https:\/\/isopllc.com\/es\/wp-content\/uploads\/sites\/7\/2023\/09\/attachable-fire-escape-ladder.jpg\" alt=\"attachable fire escape ladder\" width=\"362\" height=\"362\" title=\"\" srcset=\"https:\/\/isopllc.com\/es\/wp-content\/uploads\/sites\/7\/2023\/09\/attachable-fire-escape-ladder.jpg 1080w, https:\/\/isopllc.com\/es\/wp-content\/uploads\/sites\/7\/2023\/09\/attachable-fire-escape-ladder-150x150.jpg 150w, https:\/\/isopllc.com\/es\/wp-content\/uploads\/sites\/7\/2023\/09\/attachable-fire-escape-ladder-768x768.jpg 768w, https:\/\/isopllc.com\/es\/wp-content\/uploads\/sites\/7\/2023\/09\/attachable-fire-escape-ladder-1000x1000.jpg 1000w, https:\/\/isopllc.com\/es\/wp-content\/uploads\/sites\/7\/2023\/09\/attachable-fire-escape-ladder-416x416.jpg 416w, https:\/\/isopllc.com\/es\/wp-content\/uploads\/sites\/7\/2023\/09\/attachable-fire-escape-ladder-100x100.jpg 100w\" sizes=\"auto, (max-width: 362px) 100vw, 362px\" \/><\/p>\n<p>La estaci\u00f3n de evacuaci\u00f3n de emergencia integral almacena todos sus suministros de emergencia contra incendios en un solo lugar (extintor de incendios no incluido)<\/p>\n<p>&nbsp;<\/p>\n<ul class=\"a-unordered-list a-vertical\">\n<li>Caja Roja de Alta Visibilidad con Puerta Magn\u00e9tica<\/li>\n<li>Escalera de escape en caso de incendio 4m<\/li>\n<li>Hardware incluido para la instalaci\u00f3n (anclajes de montaje)<\/li>\n<li>Montaje para extintor de incendios<\/li>\n<\/ul>\n<p><img loading=\"lazy\" decoding=\"async\" class=\"alignnone wp-image-5052\" src=\"https:\/\/isopllc.com\/usa\/wp-content\/uploads\/sites\/4\/2023\/06\/51vVQaI3XKL._AC_.jpg\" alt=\"\" width=\"374\" height=\"232\" title=\"\"><\/p>\n<h3 class=\"a-spacing-mini\">\u00bfPor qu\u00e9 creemos que es mejor comprar una escalera de incendios en una caja de aluminio? \u00a1Por varias razones!<\/h3>\n<p>1. Al fijar la caja a la pared (debajo de la ventana o en el balc\u00f3n) con anclajes, puede fijar inmediatamente la escalera a los bucles de anclaje y, en caso de emergencia, simplemente tirar\u00e1 la escalera por la ventana e inmediatamente comenzar\u00e1 a descender. sin perder preciosos segundos en la confusi\u00f3n buscando d\u00f3nde fijar la escalera.<\/p>\n<p>2. Puedes colocar la caja tanto dentro como fuera de casa. En el exterior, la ventaja es que no ocupa espacio en casa y no estropea el dise\u00f1o de la habitaci\u00f3n, pero al mismo tiempo es bastante accesible si se coloca junto a una ventana o en un balc\u00f3n.<\/p>\n<p>3. Tambi\u00e9n es c\u00f3modo desde el interior de la casa, ya que est\u00e1 siempre a mano y este importante elemento salvavidas est\u00e1 a la vista para no perder tiempo busc\u00e1ndolo durante un incendio.<\/p>\n<p>4. En nuestra opini\u00f3n, es muy seguro fijar las escaleras a los anclajes de escalada dentro de la caja, ya que pueden soportar 25 KN m\u00e1s que cualquier cosa en su casa, incluidos el marco de la ventana o las rejas del balc\u00f3n.<\/p>\n<h4>\u00bfPor qu\u00e9 elegir nuestras escaleras de escape en caso de incendio?<\/h4>\n<p><img loading=\"lazy\" decoding=\"async\" class=\"alignnone wp-image-5049\" src=\"https:\/\/isopllc.com\/usa\/wp-content\/uploads\/sites\/4\/2023\/06\/111.jpg\" alt=\"\" width=\"335\" height=\"251\" title=\"\"><\/p>\n<p>El gabinete universal de aluminio para escalera de escape en caso de incendio mantiene su escalera de escape f\u00e1cilmente accesible en caso de una emergencia.<\/p>\n<p>Debido a su tama\u00f1o compacto y construcci\u00f3n duradera, este gabinete es ideal para apartamentos, condominios y peque\u00f1as empresas, y proporciona un lugar seguro para almacenamiento a largo plazo.<\/p>\n<p><img decoding=\"async\" class=\"a-spacing-mini\" style=\"font-weight: 600\" src=\"https:\/\/m.media-amazon.com\/images\/S\/aplus-media-library-service-media\/94e0f1b0-d713-4663-a172-3e35c4090aaa.__CR0,0,1000,1000_PT0_SX300_V1___.jpg\" alt=\"Gentle to hands\" data-src=\"https:\/\/m.media-amazon.com\/images\/S\/aplus-media-library-service-media\/94e0f1b0-d713-4663-a172-3e35c4090aaa.__CR0,0,1000,1000_PT0_SX300_V1___.jpg\" data- title=\"\"><\/p>\n<div class=\"aplus-module-wrapper apm-fixed-width\">\n<div class=\"apm-spacing apm-fixed-width\">\n<div class=\"celwidget aplus-module module-9 aplus-standard\" data-csa-c-id=\"emkbnl-11vq23-1incdi-lfo9yf\" data-cel-widget=\"aplus-module-9\">\n<div class=\"aplus-module-wrapper apm-fixed-width\">\n<div class=\"apm-spacing apm-fixed-width\">\n<div id=\"aplus_feature_div\" class=\"celwidget\" data-feature-name=\"aplus\" data-csa-c-type=\"widget\" data-csa-c-content-id=\"aplus\" data-csa-c-slot-id=\"aplus_feature_div\" data-csa-c-asin=\"\" data-csa-c-is-in-initial-active-row=\"false\" data-csa-c-id=\"ebpnh7-v23cw7-lv803-rp18f9\" data-cel-widget=\"aplus_feature_div\">\n<div id=\"aplus\" class=\"a-section a-spacing-large bucket\">\n<div class=\"aplus-v2 desktop celwidget\" data-csa-c-id=\"322z1i-fsajov-ud7fia-k0knjv\" data-cel-widget=\"aplus\">\n<div class=\"celwidget aplus-module module-9 aplus-standard\" data-csa-c-id=\"e5nyxf-jpncv6-ubo24v-ozeiyw\" data-cel-widget=\"aplus-module-9\">\n<div class=\"aplus-module-wrapper apm-fixed-width\">\n<div class=\"apm-spacing apm-fixed-width\">\n<h3>Suave con las manos<\/h3>\n<p>Al crear estas escaleras, consideramos los defectos de nuestros competidores. Otros se quejan mucho de que al utilizar las escaleras los pelda\u00f1os cortan las manos porque los pelda\u00f1os de aluminio son afilados. Tomamos esto en cuenta y nuestras escaleras no tienen esquinas afiladas y son seguras para que las usen tanto adultos como ni\u00f1os.<\/p>\n<p><img decoding=\"async\" class=\"a-spacing-mini\" style=\"font-weight: 600\" src=\"https:\/\/m.media-amazon.com\/images\/S\/aplus-media\/sc\/27f9c708-c858-49c0-96f7-815dd0fa4f9a.__CR0,0,1000,1000_PT0_SX300_V1___.jpg\" alt=\"Wide application\" data-src=\"https:\/\/m.media-amazon.com\/images\/S\/aplus-media\/sc\/27f9c708-c858-49c0-96f7-815dd0fa4f9a.__CR0,0,1000,1000_PT0_SX300_V1___.jpg\" data- title=\"\"><\/p>\n<h3>Correas integrales<\/h3>\n<p>Nuevamente, al comparar nuestras escaleras con la competencia, cabe se\u00f1alar que, a diferencia de otras, desde el extremo superior hasta el inferior, nuestras escaleras constan de una pieza de correa que puede soportar hasta 1200 libras (!) gracias a una tecnolog\u00eda especial patentada. Mientras que las escaleras de red de la competencia est\u00e1n cosidas en pedazos, lo que en nuestra opini\u00f3n no es confiable.<\/p>\n<p><img decoding=\"async\" class=\"a-spacing-mini\" style=\"font-weight: 600\" src=\"https:\/\/m.media-amazon.com\/images\/S\/aplus-media-library-service-media\/3e3631ef-bf95-4934-bd5d-2881c8d8d8c7.__CR0,0,300,300_PT0_SX300_V1___.jpg\" alt=\"Climbing anchor bolts set\" data-src=\"https:\/\/m.media-amazon.com\/images\/S\/aplus-media-library-service-media\/3e3631ef-bf95-4934-bd5d-2881c8d8d8c7.__CR0,0,300,300_PT0_SX300_V1___.jpg\" data- title=\"\"><\/p>\n<\/div>\n<div>Viene con un juego de pernos de anclaje de escalada, 2 placas de suspensi\u00f3n y 2 pernos de expansi\u00f3n. Se incluyen tuercas y arandelas planas.<\/div>\n<div><\/div>\n<div><img decoding=\"async\" class=\"a-spacing-mini\" style=\"font-weight: 600\" src=\"https:\/\/m.media-amazon.com\/images\/S\/aplus-media\/sc\/42cab632-a2d0-40fd-a2dd-280d531bf010.__CR282,0,1000,1000_PT0_SX300_V1___.jpg\" alt=\"For window or balcony\" data-src=\"https:\/\/m.media-amazon.com\/images\/S\/aplus-media\/sc\/42cab632-a2d0-40fd-a2dd-280d531bf010.__CR282,0,1000,1000_PT0_SX300_V1___.jpg\" data- title=\"\"><\/div>\n<\/div>\n<\/div>\n<div><\/div>\n<div class=\"celwidget aplus-module module-9 aplus-standard\" data-csa-c-id=\"e5nyxf-jpncv6-ubo24v-ozeiyw\" data-cel-widget=\"aplus-module-9\">\n<h3>Estabilizadores<\/h3>\n<p>Los pelda\u00f1os de nuestras escaleras cuentan con estabilizadores que permiten que la escalera no se adhiera firmemente a la pared sino que se mantenga firme contra ella y por tanto facilite enormemente el descenso desde el segundo o tercer piso.<\/p>\n<h4><img decoding=\"async\" class=\"a-spacing-mini\" style=\"font-weight: 600\" src=\"https:\/\/m.media-amazon.com\/images\/S\/aplus-media\/sc\/8b1ba6ce-d84f-4314-b98a-95d063fc3e5e.__CR500,0,1000,1000_PT0_SX300_V1___.jpg\" alt=\"For window or balcony\" data-src=\"https:\/\/m.media-amazon.com\/images\/S\/aplus-media\/sc\/8b1ba6ce-d84f-4314-b98a-95d063fc3e5e.__CR500,0,1000,1000_PT0_SX300_V1___.jpg\" data- title=\"\">Pelda\u00f1os antideslizantes<\/h4>\n<p>Un patr\u00f3n especial en la superficie de los pelda\u00f1os hace que el descenso desde la vivienda sea antideslizante en cualquier condici\u00f3n meteorol\u00f3gica.<\/p>\n<h4>Reutilizable<\/h4>\n<p>Nuestras escaleras son reutilizables y adem\u00e1s se pueden arreglar f\u00e1cilmente, a diferencia de otras que deben desecharse. \u00a1Con un almacenamiento adecuado, pueden durar a\u00f1os!<\/p>\n<p><img loading=\"lazy\" decoding=\"async\" class=\"alignnone wp-image-4293\" src=\"https:\/\/isopllc.com\/usa\/wp-content\/uploads\/sites\/4\/2020\/12\/91R3KSmpDgL._AC_SL1500_.jpg\" alt=\"\" width=\"307\" height=\"230\" title=\"\"><\/p>\n<\/div>\n<h4>Mosquetones resistentes<\/h4>\n<p>Las escaleras incluyen mosquetones cromados con resistencia a la rotura de 11KN.<\/p>\n<p>&nbsp;<\/p>\n<\/div>\n<\/div>\n<div>\n<p><img decoding=\"async\" class=\"a-spacing-mini\" style=\"font-weight: 600\" src=\"https:\/\/m.media-amazon.com\/images\/S\/aplus-media-library-service-media\/c3b3fb51-597d-4234-91a3-95fb43b58226.__CR0,0,300,300_PT0_SX300_V1___.jpg\" alt=\"ladder\" data-src=\"https:\/\/m.media-amazon.com\/images\/S\/aplus-media-library-service-media\/c3b3fb51-597d-4234-91a3-95fb43b58226.__CR0,0,300,300_PT0_SX300_V1___.jpg\" data- title=\"\"><\/p>\n<\/div>\n<h3>A prueba de la intemperie<\/h3>\n<p>La pintura especial con recubrimiento en polvo protege los pelda\u00f1os contra la oxidaci\u00f3n y la cinta de poli\u00e9ster es altamente resistente al agua o la nieve, por lo que nuestras escaleras de escape en caso de incendio son resistentes a la intemperie.<\/p>\n<p><img decoding=\"async\" src=\"https:\/\/m.media-amazon.com\/images\/S\/aplus-media-library-service-media\/0c3c254d-684e-4313-bc9f-ae4b4b7e7ee7.__CR0,0,300,300_PT0_SX300_V1___.jpg\" alt=\"professional ladder\" title=\"\"><\/p>\n<h3>Certificado<\/h3>\n<p>Nuestras escaleras, a diferencia de otras similares en el mercado, est\u00e1n certificadas con el est\u00e1ndar de calidad EN 131. Es mejor confiar tu vida a un producto que ha pasado todas las pruebas necesarias que a uno un poco m\u00e1s barato, hecho qui\u00e9n sabe con qu\u00e9.<\/p>\n<p><img loading=\"lazy\" decoding=\"async\" class=\"alignnone wp-image-5269\" src=\"https:\/\/isopllc.com\/es\/wp-content\/uploads\/sites\/7\/2025\/04\/Certificado.jpg\" alt=\"Certificado Escalera de Escape de Incendios\" width=\"299\" height=\"299\" title=\"\" srcset=\"https:\/\/isopllc.com\/es\/wp-content\/uploads\/sites\/7\/2025\/04\/Certificado.jpg 1080w, https:\/\/isopllc.com\/es\/wp-content\/uploads\/sites\/7\/2025\/04\/Certificado-150x150.jpg 150w, https:\/\/isopllc.com\/es\/wp-content\/uploads\/sites\/7\/2025\/04\/Certificado-768x768.jpg 768w, https:\/\/isopllc.com\/es\/wp-content\/uploads\/sites\/7\/2025\/04\/Certificado-1000x1000.jpg 1000w, https:\/\/isopllc.com\/es\/wp-content\/uploads\/sites\/7\/2025\/04\/Certificado-416x416.jpg 416w, https:\/\/isopllc.com\/es\/wp-content\/uploads\/sites\/7\/2025\/04\/Certificado-100x100.jpg 100w\" sizes=\"auto, (max-width: 299px) 100vw, 299px\" \/><\/p>\n<h3>Empresa de escaleras profesionales.<\/h3>\n<p>Recomendamos comprar escaleras de una empresa especializada en escaleras, ya que se trata de un producto de seguridad.<\/p>\n<p>E ISOP es una de las pocas empresas que ofrece una amplia selecci\u00f3n de escaleras diferentes desde sus propias instalaciones de fabricaci\u00f3n.<\/p>\n<p>Disponible tambi\u00e9n para casas de <a href=\"https:\/\/isopllc.com\/es\/product\/escalera-de-escape-de-incendios-de-3-pisos-de-8-m\/\"><strong>2 piso.<\/strong><\/a><\/p>\n<\/div>\n<\/div>\n<\/div>\n<\/div>\n<\/div>\n<\/div>\n","protected":false},"excerpt":{"rendered":"[embed]https:\/\/youtu.be\/hlYodHT-7Ag[\/embed]\n<p id=\"title\" class=\"a-size-large a-spacing-none\" style=\"text-align: center\">Escalera de Escape de Incendios de 1 Pisos de 4 m con Gabinete &#8211; Escalera de Escape de Incendios Montada en la Pared para el Hogar &#8211; Incluye Escalera de Dos Pisos y Manta Ign\u00edfuga<\/p>\n<p style=\"text-align: center\">ENV\u00cdO GRATIS EN 3-7 D\u00cdAS<\/p>\n<h4 style=\"text-align: center\"><strong>C\u00d3MPRALO EN<\/strong><a href=\"https:\/\/www.amazon.es\/dp\/B0BZYHQJG2\/ref=sr_1_1?__mk_es_ES=%C3%85M%C3%85%C5%BD%C3%95%C3%91&amp;crid=26RG8EB60VYRH&amp;dib=eyJ2IjoiMSJ9.oJULxJHooIHsVbWhYOujUg.n7PTS2j5PKmPBiOM9WHMnWtciK0WRQHekqP008yKw4U&amp;dib_tag=se&amp;keywords=Escalera%2Bde%2BIncendios%2Bde%2B1%2BPisos%2Bcon%2BGabinete%2BEscalera%2Bde%2BEmergencia%2B1%2BPisos%2BMontada%2Ben%2Bla%2BPared&amp;qid=1740361295&amp;s=kitchen&amp;sprefix=b0bzyhqjg2%2Ckitchen%2C249&amp;sr=1-1&amp;ufe=app_do%3Aamzn1.fos.5e544547-1f8e-4072-8c08-ed563e39fc7d&amp;th=1\"><img loading=\"lazy\" decoding=\"async\" class=\"aligncenter wp-image-1040 size-full\" src=\"https:\/\/isopllc.com\/es\/wp-content\/uploads\/sites\/7\/2020\/01\/amazon-button9.png\" alt=\"\" width=\"160\" height=\"59\" \/><\/a><\/h4>\n","protected":false},"featured_media":4972,"comment_status":"open","ping_status":"closed","template":"","meta":[],"product_brand":[],"product_cat":[178,183,176],"product_tag":[84,36,83,85],"class_list":{"0":"post-4809","1":"product","2":"type-product","3":"status-publish","4":"has-post-thumbnail","6":"product_cat-escaleras-de-escape-con-soporte","7":"product_cat-escaleras-de-escape-para-1-piso","8":"product_cat-escaleras-montadas-en-la-pared","9":"product_tag-2-pisos","10":"product_tag-equipo-de-seguridad","11":"product_tag-escalera-de-escape-de-incendios","12":"product_tag-gabinete","14":"first","15":"instock","16":"shipping-taxable","17":"purchasable","18":"product-type-simple"},"_links":{"self":[{"href":"https:\/\/isopllc.com\/es\/wp-json\/wp\/v2\/product\/4809","targetHints":{"allow":["GET"]}}],"collection":[{"href":"https:\/\/isopllc.com\/es\/wp-json\/wp\/v2\/product"}],"about":[{"href":"https:\/\/isopllc.com\/es\/wp-json\/wp\/v2\/types\/product"}],"replies":[{"embeddable":true,"href":"https:\/\/isopllc.com\/es\/wp-json\/wp\/v2\/comments?post=4809"}],"wp:featuredmedia":[{"embeddable":true,"href":"https:\/\/isopllc.com\/es\/wp-json\/wp\/v2\/media\/4972"}],"wp:attachment":[{"href":"https:\/\/isopllc.com\/es\/wp-json\/wp\/v2\/media?parent=4809"}],"wp:term":[{"taxonomy":"product_brand","embeddable":true,"href":"https:\/\/isopllc.com\/es\/wp-json\/wp\/v2\/product_brand?post=4809"},{"taxonomy":"product_cat","embeddable":true,"href":"https:\/\/isopllc.com\/es\/wp-json\/wp\/v2\/product_cat?post=4809"},{"taxonomy":"product_tag","embeddable":true,"href":"https:\/\/isopllc.com\/es\/wp-json\/wp\/v2\/product_tag?post=4809"}],"curies":[{"name":"wp","href":"https:\/\/api.w.org\/{rel}","templated":true}]}}