{"id":4873,"date":"2023-12-31T15:26:19","date_gmt":"2023-12-31T15:26:19","guid":{"rendered":"https:\/\/isopllc.com\/es\/?post_type=product&#038;p=4873"},"modified":"2025-06-30T16:10:41","modified_gmt":"2025-06-30T16:10:41","slug":"caja-de-almacenamiento-de-desfibrilador-isop-aed","status":"publish","type":"product","link":"https:\/\/isopllc.com\/es\/product\/caja-de-almacenamiento-de-desfibrilador-isop-aed\/","title":{"rendered":"Caja de Almacenamiento de Desfibrilador ISOP AED"},"content":{"rendered":"<h1 id=\"title\" class=\"a-size-large a-spacing-none\"><span id=\"productTitle\" class=\"a-size-large product-title-word-break\">Caja de Almacenamiento de Desfibrilador ISOP AED | Botiqu\u00edn de Primeros Auxilios Montado en La Pared<\/span><\/h1>\n<p><img loading=\"lazy\" decoding=\"async\" class=\"alignnone wp-image-5252\" src=\"https:\/\/isopllc.com\/usa\/wp-content\/uploads\/sites\/4\/2023\/12\/AED-7.jpg\" alt=\"AED\" width=\"634\" height=\"196\" title=\"\"><\/p>\n<div class=\"a-section a-spacing-none aplus-module-section aplus-text-section\">\n<p class=\"description\">Equipado con cierres de presi\u00f3n para adaptarse a todos los desfibriladores DEA, el armario para DEA proporciona un espacio de almacenamiento seguro para su desfibrilador, listo para usar. La palabra DEA en rojo llamar\u00e1 la atenci\u00f3n de todos aqu\u00ed, ubicada en el lugar del accidente, manijas empotradas en la puerta, el sofisticado dise\u00f1o de cierre de presi\u00f3n le permite salvar vidas r\u00e1pidamente. Nuestro armario para DEA est\u00e1 dise\u00f1ado de manera inteligente para un acceso r\u00e1pido. Inst\u00e1lelo en un \u00e1rea de f\u00e1cil acceso para garantizar que el desfibrilador se pueda recuperar r\u00e1pidamente cuando los segundos son m\u00e1s cr\u00edticos.<\/p>\n<p class=\"description\"><strong>Aplicabilidad Universal:<\/strong> Dise\u00f1ado para uso universal, este armario para DEA es ideal para hospitales, cl\u00ednicas, veh\u00edculos de rescate, instituciones y diversos entornos. Satisface las necesidades de almacenamiento de desfibriladores accesibles solo para profesionales capacitados, mejorando la seguridad en entornos diversos.<\/p>\n<p class=\"description\"><strong>Manija de Cavidad Conveniente:<\/strong> Con un asa de estilo cavidad f\u00e1cil de usar, el armario para DEA garantiza un acceso sin esfuerzo e inmediato al desfibrilador almacenado. El dise\u00f1o desbloqueado elimina retrasos en alcanzar el DEA durante momentos cr\u00edticos. Invierta en el armario para DEA para lograr una mezcla perfecta de accesibilidad, seguridad y transparencia. Eleve sus niveles de preparaci\u00f3n con nuestra confiable soluci\u00f3n de almacenamiento para DEA, asegurando que el equipo salvavidas est\u00e9 siempre al alcance de su mano cuando el tiempo sea esencial.<\/p>\n<p class=\"description\">Adem\u00e1s, esta caja de aluminio puede servir como almacenamiento para varios tipos de equipos, como una escalera contra incendios, un botiqu\u00edn de primeros auxilios y simplemente para almacenar mercanc\u00edas.<\/p>\n<p class=\"description\"><em>35,8 x 17,8 x 40 cm | 3,63 KG <\/em><\/p>\n<p class=\"description\"><em>Hecho de hierro de grado industrial; <\/em><\/p>\n<p class=\"description\"><em>Ventana acr\u00edlica transparente y elementos rojos para una f\u00e1cil identificaci\u00f3n; <\/em><\/p>\n<p class=\"description\"><em>Hay cuatro agujeros para la instalaci\u00f3n en la parte trasera de la unidad; <\/em><\/p>\n<p class=\"description\"><em>El armario universal para DEA en la pared se adapta a todos los DEA.<\/em><\/p>\n<p><img loading=\"lazy\" decoding=\"async\" class=\"alignnone wp-image-5253\" src=\"https:\/\/isopllc.com\/usa\/wp-content\/uploads\/sites\/4\/2023\/12\/AED-8.jpg\" alt=\"AED\" width=\"631\" height=\"195\" title=\"\"><\/p>\n<\/div>\n","protected":false},"excerpt":{"rendered":"[embed]https:\/\/www.youtube.com\/shorts\/M65A5eMPJkk[\/embed]\n<p id=\"title\" class=\"a-size-large a-spacing-none\" style=\"text-align: center;\"><span id=\"productTitle\" class=\"a-size-large product-title-word-break\">Caja de Almacenamiento de Desfibrilador ISOP AED | Botiqu\u00edn de Primeros Auxilios Montado en La Pared<\/span><\/p>\n<p style=\"text-align: center;\">ENV\u00cdO GRATIS EN 3-7 D\u00cdAS<\/p>\n<h4 style=\"text-align: center;\"><strong>C\u00d3MPRALO EN<\/strong><\/h4>\n<p><a href=\"https:\/\/www.amazon.es\/Almacenamiento-Desfibrilador-ISOP-Botiqu%C3%ADn-Primeros\/dp\/B0CN18ZB44\/ref=sr_1_1?dib=eyJ2IjoiMSJ9.rs1VL2lBEtKE0mLzm_xBFw.6s4Ic9phhmOM2uf10b0v6pSqAJEAlzdflqL51I6njWU&amp;dib_tag=se&amp;keywords=Caja+de+Almacenamiento+de+Desfibrilador+AED&amp;qid=1705807606&amp;refinements=p_78%3AB0CN18ZB44&amp;refresh=1&amp;sr=8-1\"><img loading=\"lazy\" decoding=\"async\" class=\"aligncenter wp-image-1040 size-full\" src=\"https:\/\/isopllc.com\/es\/wp-content\/uploads\/sites\/7\/2020\/01\/amazon-button9.png\" alt=\"\" width=\"160\" height=\"59\" \/><\/a><\/p>\n","protected":false},"featured_media":5083,"comment_status":"open","ping_status":"closed","template":"","meta":[],"product_brand":[],"product_cat":[175,169],"product_tag":[48,45,46,49,47],"class_list":{"0":"post-4873","1":"product","2":"type-product","3":"status-publish","4":"has-post-thumbnail","6":"product_cat-caja-de-almacenamiento-para-escaleras-de-escape","7":"product_cat-conjuntos-de-rescate-y-supervivencia","8":"product_tag-aed","9":"product_tag-caja-de-almacenamiento","10":"product_tag-desfibrilador","11":"product_tag-equipo-de-emergencia","12":"product_tag-isop","14":"first","15":"instock","16":"shipping-taxable","17":"purchasable","18":"product-type-simple"},"_links":{"self":[{"href":"https:\/\/isopllc.com\/es\/wp-json\/wp\/v2\/product\/4873","targetHints":{"allow":["GET"]}}],"collection":[{"href":"https:\/\/isopllc.com\/es\/wp-json\/wp\/v2\/product"}],"about":[{"href":"https:\/\/isopllc.com\/es\/wp-json\/wp\/v2\/types\/product"}],"replies":[{"embeddable":true,"href":"https:\/\/isopllc.com\/es\/wp-json\/wp\/v2\/comments?post=4873"}],"wp:featuredmedia":[{"embeddable":true,"href":"https:\/\/isopllc.com\/es\/wp-json\/wp\/v2\/media\/5083"}],"wp:attachment":[{"href":"https:\/\/isopllc.com\/es\/wp-json\/wp\/v2\/media?parent=4873"}],"wp:term":[{"taxonomy":"product_brand","embeddable":true,"href":"https:\/\/isopllc.com\/es\/wp-json\/wp\/v2\/product_brand?post=4873"},{"taxonomy":"product_cat","embeddable":true,"href":"https:\/\/isopllc.com\/es\/wp-json\/wp\/v2\/product_cat?post=4873"},{"taxonomy":"product_tag","embeddable":true,"href":"https:\/\/isopllc.com\/es\/wp-json\/wp\/v2\/product_tag?post=4873"}],"curies":[{"name":"wp","href":"https:\/\/api.w.org\/{rel}","templated":true}]}}