{"id":4898,"date":"2024-01-25T02:47:51","date_gmt":"2024-01-25T02:47:51","guid":{"rendered":"https:\/\/isopllc.com\/es\/?post_type=product&#038;p=4898"},"modified":"2025-06-30T16:09:17","modified_gmt":"2025-06-30T16:09:17","slug":"soporte-para-extintor-de-incendios-3-kg","status":"publish","type":"product","link":"https:\/\/isopllc.com\/es\/product\/soporte-para-extintor-de-incendios-3-kg\/","title":{"rendered":"Soporte Para Extintor De Incendios 3 kg"},"content":{"rendered":"<h1 id=\"title\" class=\"a-size-large a-spacing-none\">Soporte Para Extintor de Incendios 3 kg| Paquete de 10| Soporte de montaje para extintores para el hogar, restaurante u oficina|Soporte para extintor de alta resistencia con accesorios de montaje<\/h1>\n<p><img loading=\"lazy\" decoding=\"async\" class=\"alignnone wp-image-5282 entered lazyloaded\" title=\"Soporte para extintor de incendios, 5 libras, 10 unidades, 10\" src=\"https:\/\/isopllc.com\/usa\/wp-content\/uploads\/sites\/4\/2024\/01\/51mPe55XfnL._AC_1.jpg\" sizes=\"auto, (max-width: 527px) 100vw, 527px\" srcset=\"https:\/\/isopllc.com\/usa\/wp-content\/uploads\/sites\/4\/2024\/01\/51mPe55XfnL._AC_1.jpg 650w, https:\/\/isopllc.com\/usa\/wp-content\/uploads\/sites\/4\/2024\/01\/51mPe55XfnL._AC_1-416x224.jpg 416w\" alt=\"Soporte de montaje en pared para extintor de incendios\" width=\"527\" height=\"284\" data-lazy-srcset=\"https:\/\/isopllc.com\/usa\/wp-content\/uploads\/sites\/4\/2024\/01\/51mPe55XfnL._AC_1.jpg 650w, https:\/\/isopllc.com\/usa\/wp-content\/uploads\/sites\/4\/2024\/01\/51mPe55XfnL._AC_1-416x224.jpg 416w\" data-lazy-sizes=\"(max-width: 527px) 100vw, 527px\" data-lazy-src=\"https:\/\/isopllc.com\/usa\/wp-content\/uploads\/sites\/4\/2024\/01\/51mPe55XfnL._AC_1.jpg\" data-ll-status=\"loaded\" \/><\/p>\n<h1 class=\"aplus-h3 a-text-bold\">Colgador de gancho de pared universal para extintor de incendios<\/h1>\n<p>Nuestros soportes universales para extintores garantizan la seguridad de su hogar y cocina al brindar compatibilidad con una amplia gama de extintores: extintores peque\u00f1os, grandes, recargables de agua, CO2 o clase K. Nuestro soporte de pared es la soluci\u00f3n perfecta para su hogar u oficina. , o cocina.<\/p>\n<p><img loading=\"lazy\" decoding=\"async\" class=\"alignnone wp-image-5283 entered lazyloaded\" title=\"Soporte para extintor de incendios, 5 libras, 10 unidades, 11\" src=\"https:\/\/isopllc.com\/usa\/wp-content\/uploads\/sites\/4\/2024\/01\/51mPe55XfnL._AC_2.jpg\" sizes=\"auto, (max-width: 537px) 100vw, 537px\" srcset=\"https:\/\/isopllc.com\/usa\/wp-content\/uploads\/sites\/4\/2024\/01\/51mPe55XfnL._AC_2.jpg 650w, https:\/\/isopllc.com\/usa\/wp-content\/uploads\/sites\/4\/2024\/01\/51mPe55XfnL._AC_2-416x224.jpg 416w\" alt=\"Soportes para extintor de incendios\" width=\"537\" height=\"289\" data-lazy-srcset=\"https:\/\/isopllc.com\/usa\/wp-content\/uploads\/sites\/4\/2024\/01\/51mPe55XfnL._AC_2.jpg 650w, https:\/\/isopllc.com\/usa\/wp-content\/uploads\/sites\/4\/2024\/01\/51mPe55XfnL._AC_2-416x224.jpg 416w\" data-lazy-sizes=\"(max-width: 537px) 100vw, 537px\" data-lazy-src=\"https:\/\/isopllc.com\/usa\/wp-content\/uploads\/sites\/4\/2024\/01\/51mPe55XfnL._AC_2.jpg\" data-ll-status=\"loaded\" \/><\/p>\n<h1 class=\"aplus-h3 a-text-bold\">Compacto y f\u00e1cil de instalar<\/h1>\n<p class=\"aplus-p3\">El gancho de pared universal para extintor de incendios de acero resistente |\u00a0Soporte de montaje |\u00a0El colgador est\u00e1 dise\u00f1ado espec\u00edficamente para sujetar de forma segura extintores de hasta 6 kg.<\/p>\n<p class=\"aplus-p3\">Cuenta con un soporte de extintor alto con compatibilidad universal para todos los extintores con ranuras para cuerpo de v\u00e1lvula.<\/p>\n<p><img loading=\"lazy\" decoding=\"async\" class=\"alignnone wp-image-5284 entered lazyloaded\" title=\"Soporte para extintor de incendios, 5 libras, 10 unidades, 12\" src=\"https:\/\/isopllc.com\/usa\/wp-content\/uploads\/sites\/4\/2024\/01\/51mPe55XfnL._AC_3.jpg\" sizes=\"auto, (max-width: 526px) 100vw, 526px\" srcset=\"https:\/\/isopllc.com\/usa\/wp-content\/uploads\/sites\/4\/2024\/01\/51mPe55XfnL._AC_3.jpg 650w, https:\/\/isopllc.com\/usa\/wp-content\/uploads\/sites\/4\/2024\/01\/51mPe55XfnL._AC_3-416x224.jpg 416w\" alt=\"Soportes para extintor de incendios\" width=\"526\" height=\"283\" data-lazy-srcset=\"https:\/\/isopllc.com\/usa\/wp-content\/uploads\/sites\/4\/2024\/01\/51mPe55XfnL._AC_3.jpg 650w, https:\/\/isopllc.com\/usa\/wp-content\/uploads\/sites\/4\/2024\/01\/51mPe55XfnL._AC_3-416x224.jpg 416w\" data-lazy-sizes=\"(max-width: 526px) 100vw, 526px\" data-lazy-src=\"https:\/\/isopllc.com\/usa\/wp-content\/uploads\/sites\/4\/2024\/01\/51mPe55XfnL._AC_3.jpg\" data-ll-status=\"loaded\" \/><\/p>\n<h1 class=\"aplus-h3 a-text-bold\">Convenientemente montado<\/h1>\n<p class=\"aplus-p3\">Con nuestro gancho, soporte, soporte y colgador de pared universal para extintores, puede montar c\u00f3modamente sus extintores exactamente donde los necesita.<\/p>\n<p class=\"aplus-p3\">Esto es ideal para escuelas, edificios de oficinas y f\u00e1bricas.<\/p>\n<p class=\"aplus-p3\">La construcci\u00f3n de acero con recubrimiento en polvo garantiza durabilidad y longevidad.<\/p>\n<p><img loading=\"lazy\" decoding=\"async\" class=\"alignnone wp-image-5285 entered lazyloaded\" title=\"Soporte para extintor de incendios, 5 libras, 10 unidades, 13\" src=\"https:\/\/isopllc.com\/usa\/wp-content\/uploads\/sites\/4\/2024\/01\/51mPe55XfnL._AC_4.jpg\" sizes=\"auto, (max-width: 525px) 100vw, 525px\" srcset=\"https:\/\/isopllc.com\/usa\/wp-content\/uploads\/sites\/4\/2024\/01\/51mPe55XfnL._AC_4.jpg 650w, https:\/\/isopllc.com\/usa\/wp-content\/uploads\/sites\/4\/2024\/01\/51mPe55XfnL._AC_4-416x224.jpg 416w\" alt=\"Soportes para extintor de incendios\" width=\"525\" height=\"283\" data-lazy-srcset=\"https:\/\/isopllc.com\/usa\/wp-content\/uploads\/sites\/4\/2024\/01\/51mPe55XfnL._AC_4.jpg 650w, https:\/\/isopllc.com\/usa\/wp-content\/uploads\/sites\/4\/2024\/01\/51mPe55XfnL._AC_4-416x224.jpg 416w\" data-lazy-sizes=\"(max-width: 525px) 100vw, 525px\" data-lazy-src=\"https:\/\/isopllc.com\/usa\/wp-content\/uploads\/sites\/4\/2024\/01\/51mPe55XfnL._AC_4.jpg\" data-ll-status=\"loaded\" \/><\/p>\n<h1 class=\"aplus-h3 a-text-bold\">El paquete incluye<\/h1>\n<div class=\"a-section a-spacing-none column-description\">\n<p class=\"aplus-p3\">10 soportes para extintor<\/p>\n<p class=\"aplus-p3\">10 tornillos<\/p>\n<p class=\"aplus-p3\">10 arandelas de hierro dulce<\/p>\n<p class=\"aplus-p3\">1 manual de instalaci\u00f3n<\/p>\n<p class=\"aplus-p3\"><strong><span class=\"a-text-bold\">Tenga en cuenta que los extintores se venden por separado.<\/span><\/strong><\/p>\n<p class=\"description\">Cuando se trata de seguridad, cada segundo cuenta.\u00a0Es por eso que estamos orgullosos de presentar nuestro soporte para extintor de incendios de 10 unidades, dise\u00f1ado para mantener su hogar o cocina preparados para emergencias.\u00a0Nuestros soportes universales de montaje en pared para extintores son la soluci\u00f3n perfecta para necesidades a granel, ya que garantizan que tenga el equipo necesario para mantener la seguridad y la protecci\u00f3n en m\u00faltiples ubicaciones.<\/p>\n<p class=\"description\">Dise\u00f1ados teniendo en cuenta la durabilidad y la facilidad de uso, nuestros soportes para extintores ofrecen una soluci\u00f3n de montaje segura y confiable para sus extintores.\u00a0El dise\u00f1o elegante y vers\u00e1til permite una instalaci\u00f3n r\u00e1pida y c\u00f3moda, lo que lo hace ideal tanto para entornos residenciales como comerciales.\u00a0Con estos soportes, puede asegurarse de que sus extintores sean f\u00e1cilmente accesibles en caso de una emergencia, brind\u00e1ndole tranquilidad a usted y a sus seres queridos.<\/p>\n<p class=\"description\">Los ganchos para extintor de incendios ISOP est\u00e1n fabricados con materiales de alta calidad, lo que proporciona una soluci\u00f3n resistente y duradera para asegurar su equipo de seguridad contra incendios.\u00a0El dise\u00f1o universal garantiza la compatibilidad con varios modelos de extintores y ofrece una opci\u00f3n de montaje vers\u00e1til para sus necesidades espec\u00edficas.\u00a0Ya sea que est\u00e9 buscando equipar su hogar, cocina, garaje o lugar de trabajo, nuestros soportes para extintores a granel brindan una soluci\u00f3n rentable y eficiente para mantener la seguridad en m\u00faltiples ubicaciones.<\/p>\n<p class=\"description\">Al invertir en soportes para extintores ISOP, est\u00e1 dando un paso proactivo para proteger su propiedad y a las personas que se encuentran dentro de ella.\u00a0No espere hasta que ocurra una emergencia: asegure sus extintores hoy con nuestros confiables y pr\u00e1cticos soportes de montaje en pared.\u00a0Con nuestras opciones a granel, puede equipar de manera eficiente m\u00faltiples \u00e1reas con las medidas de seguridad esenciales que requieren.<\/p>\n<p class=\"description\">Haga su pedido ahora y d\u00e9 el primer paso para crear un entorno m\u00e1s seguro para su hogar, cocina o lugar de trabajo.\u00a0<span class=\"VIpgJd-yAWNEb-VIpgJd-fmcmS-sn54Q\">Conf\u00ede en nuestro juego de 10 colgadores para extintores para brindarle la seguridad y accesibilidad que necesita cuando m\u00e1s importa.<\/span><\/p>\n<\/div>\n","protected":false},"excerpt":{"rendered":"<p id=\"title\" class=\"a-size-large a-spacing-none\" style=\"text-align: center;\">Soporte Para Extintor de Incendios 3 kg| Paquete de 10| Soporte de montaje para extintores para el hogar, restaurante u oficina|Soporte para extintor de alta resistencia con accesorios de montaje<\/p>\n<p style=\"text-align: center;\">ENTREGA GRATUITA EN 3-7 D\u00cdAS<\/p>\n<h4 style=\"text-align: center;\"><strong>C\u00d3MPRALO EN<\/strong><\/h4>\n<p><a href=\"https:\/\/www.amazon.es\/dp\/B0CN18L66P\/ref=sr_1_1?__mk_es_ES=%C3%85M%C3%85%C5%BD%C3%95%C3%91&amp;crid=TSV0WIG7HFDR&amp;dib=eyJ2IjoiMSJ9.Z8BFxghFsAvOBg1jnwZ32g.mOeoY3LyobQGVMFtJDnM_aDyn6YfWfQiLkN1FkOMY84&amp;dib_tag=se&amp;keywords=Soporte+para+Extintor+de+Incendios+Soporte+de+Montaje+para+Extintores+para+el+Hogar&amp;qid=1740360767&amp;s=industrial&amp;sprefix=b0cn18l66p%2Cindustrial%2C204&amp;sr=1-1&amp;th=1\"><img loading=\"lazy\" decoding=\"async\" class=\"aligncenter wp-image-1040 size-full\" src=\"https:\/\/isopllc.com\/es\/wp-content\/uploads\/sites\/7\/2020\/01\/amazon-button9.png\" alt=\"\" width=\"160\" height=\"59\" \/><\/a><\/p>\n","protected":false},"featured_media":4887,"comment_status":"open","ping_status":"closed","template":"","meta":[],"product_brand":[],"product_cat":[168],"product_tag":[164,36,163],"class_list":{"0":"post-4898","1":"product","2":"type-product","3":"status-publish","4":"has-post-thumbnail","6":"product_cat-soportes-para-extintores","7":"product_tag-3-kg","8":"product_tag-equipo-de-seguridad","9":"product_tag-soporte-para-extintor-de-incendios","11":"first","12":"instock","13":"shipping-taxable","14":"purchasable","15":"product-type-simple"},"_links":{"self":[{"href":"https:\/\/isopllc.com\/es\/wp-json\/wp\/v2\/product\/4898","targetHints":{"allow":["GET"]}}],"collection":[{"href":"https:\/\/isopllc.com\/es\/wp-json\/wp\/v2\/product"}],"about":[{"href":"https:\/\/isopllc.com\/es\/wp-json\/wp\/v2\/types\/product"}],"replies":[{"embeddable":true,"href":"https:\/\/isopllc.com\/es\/wp-json\/wp\/v2\/comments?post=4898"}],"wp:featuredmedia":[{"embeddable":true,"href":"https:\/\/isopllc.com\/es\/wp-json\/wp\/v2\/media\/4887"}],"wp:attachment":[{"href":"https:\/\/isopllc.com\/es\/wp-json\/wp\/v2\/media?parent=4898"}],"wp:term":[{"taxonomy":"product_brand","embeddable":true,"href":"https:\/\/isopllc.com\/es\/wp-json\/wp\/v2\/product_brand?post=4898"},{"taxonomy":"product_cat","embeddable":true,"href":"https:\/\/isopllc.com\/es\/wp-json\/wp\/v2\/product_cat?post=4898"},{"taxonomy":"product_tag","embeddable":true,"href":"https:\/\/isopllc.com\/es\/wp-json\/wp\/v2\/product_tag?post=4898"}],"curies":[{"name":"wp","href":"https:\/\/api.w.org\/{rel}","templated":true}]}}