{"id":4979,"date":"2024-08-07T13:01:02","date_gmt":"2024-08-07T13:01:02","guid":{"rendered":"https:\/\/isopllc.com\/es\/?post_type=product&#038;p=4979"},"modified":"2025-11-16T16:06:21","modified_gmt":"2025-11-16T16:06:21","slug":"isop-armario-de-extintores-de-plastico-pequeno-para-2-5-kg-o-5-lb","status":"publish","type":"product","link":"https:\/\/isopllc.com\/es\/product\/isop-armario-de-extintores-de-plastico-pequeno-para-2-5-kg-o-5-lb\/","title":{"rendered":"ISOP Armario de Extintores de Pl\u00e1stico Peque\u00f1o para 2.5 kg o 5 lb"},"content":{"rendered":"<h1 id=\"title\" class=\"a-size-large a-spacing-none\">ISOP Armario de Extintores de Pl\u00e1stico Peque\u00f1o para 2.5 kg o 5 lb &#8211; Caja de Extintor &#8211; Armario de Extintor \/ Exterior Montado- Montaje de Extintores<\/h1>\n<div class=\"celwidget aplus-module premium-module-4-two-column-images aplus-premium\" data-csa-c-id=\"15yl7x-eio1n0-m9lh6n-socwzs\" data-cel-widget=\"aplus-premium-module-4-two-column-images\">\n<div class=\"a-section a-spacing-none premium-aplus premium-aplus-module-4 aplus-container-1\">\n<div class=\"a-section a-spacing-none premium-aplus-two-column\">\n<div class=\"a-section a-spacing-none premium-aplus-column\">\n<div class=\"a-section a-spacing-none column-description\">\n<div class=\"celwidget aplus-module module-9 aplus-standard\">\n<div class=\"aplus-module-wrapper\">\n<div class=\"\">\n<p class=\"a-text-center\"><img loading=\"lazy\" decoding=\"async\" class=\"alignnone size-full wp-image-4989\" src=\"https:\/\/isopllc.com\/es\/wp-content\/uploads\/sites\/7\/2024\/08\/pvs-M-size-1.jpg\" alt=\"Armario de Extintores de Pl\u00e1stico\" width=\"300\" height=\"300\" title=\"\" srcset=\"https:\/\/isopllc.com\/es\/wp-content\/uploads\/sites\/7\/2024\/08\/pvs-M-size-1.jpg 300w, https:\/\/isopllc.com\/es\/wp-content\/uploads\/sites\/7\/2024\/08\/pvs-M-size-1-150x150.jpg 150w, https:\/\/isopllc.com\/es\/wp-content\/uploads\/sites\/7\/2024\/08\/pvs-M-size-1-100x100.jpg 100w\" sizes=\"auto, (max-width: 300px) 100vw, 300px\" \/><\/p>\n<h4 class=\"a-spacing-mini\">Construcci\u00f3n Duradera<\/h4>\n<p class=\"a-spacing-base\">Fabricado con pl\u00e1stico premium resistente a impactos, este gabinete para extintores de PVC est\u00e1 dise\u00f1ado para soportar condiciones clim\u00e1ticas adversas, incluidas temperaturas extremas, lluvia y exposici\u00f3n a rayos UV. Su construcci\u00f3n robusta garantiza una protecci\u00f3n duradera para su extintor, manteniendo su integridad a lo largo del tiempo.<\/p>\n<p>&nbsp;<\/p>\n<p class=\"a-text-center\"><img loading=\"lazy\" decoding=\"async\" class=\"alignnone size-full wp-image-4988\" src=\"https:\/\/isopllc.com\/es\/wp-content\/uploads\/sites\/7\/2024\/08\/pvs-M-size-2.jpg\" alt=\"Armario de Extintores de Pl\u00e1stico\" width=\"300\" height=\"300\" title=\"\" srcset=\"https:\/\/isopllc.com\/es\/wp-content\/uploads\/sites\/7\/2024\/08\/pvs-M-size-2.jpg 300w, https:\/\/isopllc.com\/es\/wp-content\/uploads\/sites\/7\/2024\/08\/pvs-M-size-2-150x150.jpg 150w, https:\/\/isopllc.com\/es\/wp-content\/uploads\/sites\/7\/2024\/08\/pvs-M-size-2-100x100.jpg 100w\" sizes=\"auto, (max-width: 300px) 100vw, 300px\" \/><\/p>\n<h4 class=\"a-spacing-mini\">Ajuste Universal<\/h4>\n<p class=\"a-spacing-base\">El gabinete para extintores de PVC est\u00e1 dise\u00f1ado para adaptarse a extintores de 2.5 kg o 5 lb, lo que lo hace vers\u00e1til y adecuado para varios modelos y tipos de extintores. Esta adaptabilidad permite una amplia aplicaci\u00f3n en diferentes configuraciones y entornos.<\/p>\n<p>&nbsp;<\/p>\n<p class=\"a-text-center\"><img loading=\"lazy\" decoding=\"async\" class=\"alignnone size-full wp-image-4987\" src=\"https:\/\/isopllc.com\/es\/wp-content\/uploads\/sites\/7\/2024\/08\/pvs-M-size-3.jpg\" alt=\"Armario de Extintores de Pl\u00e1stico\" width=\"300\" height=\"300\" title=\"\" srcset=\"https:\/\/isopllc.com\/es\/wp-content\/uploads\/sites\/7\/2024\/08\/pvs-M-size-3.jpg 300w, https:\/\/isopllc.com\/es\/wp-content\/uploads\/sites\/7\/2024\/08\/pvs-M-size-3-150x150.jpg 150w, https:\/\/isopllc.com\/es\/wp-content\/uploads\/sites\/7\/2024\/08\/pvs-M-size-3-100x100.jpg 100w\" sizes=\"auto, (max-width: 300px) 100vw, 300px\" \/><\/p>\n<h4 class=\"a-spacing-mini\">Instalaci\u00f3n F\u00e1cil<\/h4>\n<p class=\"a-spacing-base\">Con orificios de montaje preperforados, el gabinete para extintores de PVC ISOP se puede montar sin esfuerzo en cualquier superficie de pared. El proceso de instalaci\u00f3n sencillo asegura que su extintor est\u00e9 posicionado de manera segura y sea f\u00e1cilmente accesible, mejorando significativamente la preparaci\u00f3n ante emergencias.<\/p>\n<p>&nbsp;<\/p>\n<\/div>\n<\/div>\n<\/div>\n<div class=\"celwidget aplus-module module-9 aplus-standard\">\n<div class=\"aplus-module-wrapper\">\n<div class=\"\">\n<p class=\"a-text-center\"><img loading=\"lazy\" decoding=\"async\" class=\"alignnone size-full wp-image-4986\" src=\"https:\/\/isopllc.com\/es\/wp-content\/uploads\/sites\/7\/2024\/08\/pvs-M-size-4.jpg\" alt=\"Armario de Extintores de Pl\u00e1stico\" width=\"300\" height=\"300\" title=\"\" srcset=\"https:\/\/isopllc.com\/es\/wp-content\/uploads\/sites\/7\/2024\/08\/pvs-M-size-4.jpg 300w, https:\/\/isopllc.com\/es\/wp-content\/uploads\/sites\/7\/2024\/08\/pvs-M-size-4-150x150.jpg 150w, https:\/\/isopllc.com\/es\/wp-content\/uploads\/sites\/7\/2024\/08\/pvs-M-size-4-100x100.jpg 100w\" sizes=\"auto, (max-width: 300px) 100vw, 300px\" \/><\/p>\n<h4 class=\"a-spacing-mini\">Seguro y Accesible<\/h4>\n<p class=\"a-spacing-base\">El gabinete para extintores de PVC est\u00e1 equipado con un sistema de cerradura segura que mantiene el extintor firmemente en su lugar, evitando el desalojo accidental mientras permite un acceso r\u00e1pido y f\u00e1cil cuando se necesita. En una emergencia, cada segundo cuenta, y este dise\u00f1o asegura que pueda actuar con rapidez.<\/p>\n<p>&nbsp;<\/p>\n<p class=\"a-text-center\"><img loading=\"lazy\" decoding=\"async\" class=\"alignnone size-full wp-image-4985\" src=\"https:\/\/isopllc.com\/es\/wp-content\/uploads\/sites\/7\/2024\/08\/pvs-M-size-5.jpg\" alt=\"Armario de Extintores de Pl\u00e1stico\" width=\"300\" height=\"300\" title=\"\" srcset=\"https:\/\/isopllc.com\/es\/wp-content\/uploads\/sites\/7\/2024\/08\/pvs-M-size-5.jpg 300w, https:\/\/isopllc.com\/es\/wp-content\/uploads\/sites\/7\/2024\/08\/pvs-M-size-5-150x150.jpg 150w, https:\/\/isopllc.com\/es\/wp-content\/uploads\/sites\/7\/2024\/08\/pvs-M-size-5-100x100.jpg 100w\" sizes=\"auto, (max-width: 300px) 100vw, 300px\" \/><\/p>\n<h4 class=\"a-spacing-mini\">Visibilidad<\/h4>\n<p class=\"a-spacing-base\">Una ventana de visualizaci\u00f3n clara e irrompible permite inspecciones visuales r\u00e1pidas del estado del extintor sin abrir el gabinete de extintores. Esta caracter\u00edstica garantiza que el extintor est\u00e9 siempre listo para usar y simplifica las revisiones de mantenimiento de rutina.<\/p>\n<p>&nbsp;<\/p>\n<p class=\"a-text-center\"><img loading=\"lazy\" decoding=\"async\" class=\"alignnone size-full wp-image-4984\" src=\"https:\/\/isopllc.com\/es\/wp-content\/uploads\/sites\/7\/2024\/08\/pvs-M-size-6.jpg\" alt=\"Armario de Extintores de Pl\u00e1stico\" width=\"300\" height=\"300\" title=\"\" srcset=\"https:\/\/isopllc.com\/es\/wp-content\/uploads\/sites\/7\/2024\/08\/pvs-M-size-6.jpg 300w, https:\/\/isopllc.com\/es\/wp-content\/uploads\/sites\/7\/2024\/08\/pvs-M-size-6-150x150.jpg 150w, https:\/\/isopllc.com\/es\/wp-content\/uploads\/sites\/7\/2024\/08\/pvs-M-size-6-100x100.jpg 100w\" sizes=\"auto, (max-width: 300px) 100vw, 300px\" \/><\/p>\n<h4 class=\"a-spacing-mini\">Resistente a las Intemperies<\/h4>\n<p class=\"a-spacing-base\">Dise\u00f1ado espec\u00edficamente para entornos exteriores, este gabinete para extintores de PVC ofrece una excelente protecci\u00f3n contra la lluvia, el polvo y los rayos UV. Sus propiedades resistentes a las inclemencias del tiempo garantizan que su extintor permanezca en condiciones \u00f3ptimas, independientemente de los elementos externos.<\/p>\n<p data-start=\"0\" data-end=\"35\">Disponible tambi\u00e9n en tama\u00f1o <a href=\"https:\/\/isopllc.com\/es\/product\/isop-armario-de-extintores-de-plastico-grande-para-5-kg-o-10-lb\/\"><strong>grande.<\/strong><\/a><\/p>\n<p data-start=\"37\" data-end=\"52\">\n<\/div>\n<\/div>\n<\/div>\n<\/div>\n<\/div>\n<\/div>\n<\/div>\n<\/div>\n","protected":false},"excerpt":{"rendered":"[embed]https:\/\/www.youtube.com\/shorts\/_Zq_WWXati8[\/embed]\n<p id=\"title\" class=\"a-size-large a-spacing-none\" style=\"text-align: center\">ISOP Armario de Extintores de Pl\u00e1stico Peque\u00f1o para 2.5 kg o 5 lb &#8211; Caja de Extintor &#8211; Armario de Extintor \/ Exterior Montado- Montaje de Extintores<\/p>\n<p style=\"text-align: center\">ENTREGA GRATUITA EN 3-7 D\u00cdAS<\/p>\n<h4 style=\"text-align: center\"><strong>C\u00d3MPRALO EN<\/strong><\/h4>\n<p><a href=\"https:\/\/www.amazon.es\/dp\/B0D7J7W9BS\/ref=sr_1_1?__mk_es_ES=%C3%85M%C3%85%C5%BD%C3%95%C3%91&amp;crid=3UAA25CTQGABI&amp;dib=eyJ2IjoiMSJ9.eZh-QZG3jQwSKotOm72Y7g.zmGf79p34slIxAcQbfCyqHdfEXgnrMT6Wbse0aAiLCI&amp;dib_tag=se&amp;keywords=ISOP%20Armario%20de%20Extintores%20de%20Pl%C3%A1stico&amp;qid=1723035886&amp;s=tools&amp;sprefix=b0d7j7w9bs%2Cdiy%2C207&amp;sr=1-1&amp;th=1\"><img loading=\"lazy\" decoding=\"async\" class=\"aligncenter wp-image-1040 size-full\" src=\"https:\/\/isopllc.com\/es\/wp-content\/uploads\/sites\/7\/2020\/01\/amazon-button9.png\" alt=\"\" width=\"160\" height=\"59\" \/><\/a><\/p>\n","protected":false},"featured_media":4983,"comment_status":"open","ping_status":"closed","template":"","meta":[],"product_brand":[],"product_cat":[173,168],"product_tag":[115,36,106,47,116],"class_list":{"0":"post-4979","1":"product","2":"type-product","3":"status-publish","4":"has-post-thumbnail","6":"product_cat-accesorios-para-escaleras-contra-incendios","7":"product_cat-soportes-para-extintores","8":"product_tag-armario-de-extintores","9":"product_tag-equipo-de-seguridad","10":"product_tag-grande","11":"product_tag-isop","12":"product_tag-plastico","14":"first","15":"instock","16":"shipping-taxable","17":"purchasable","18":"product-type-simple"},"_links":{"self":[{"href":"https:\/\/isopllc.com\/es\/wp-json\/wp\/v2\/product\/4979","targetHints":{"allow":["GET"]}}],"collection":[{"href":"https:\/\/isopllc.com\/es\/wp-json\/wp\/v2\/product"}],"about":[{"href":"https:\/\/isopllc.com\/es\/wp-json\/wp\/v2\/types\/product"}],"replies":[{"embeddable":true,"href":"https:\/\/isopllc.com\/es\/wp-json\/wp\/v2\/comments?post=4979"}],"wp:featuredmedia":[{"embeddable":true,"href":"https:\/\/isopllc.com\/es\/wp-json\/wp\/v2\/media\/4983"}],"wp:attachment":[{"href":"https:\/\/isopllc.com\/es\/wp-json\/wp\/v2\/media?parent=4979"}],"wp:term":[{"taxonomy":"product_brand","embeddable":true,"href":"https:\/\/isopllc.com\/es\/wp-json\/wp\/v2\/product_brand?post=4979"},{"taxonomy":"product_cat","embeddable":true,"href":"https:\/\/isopllc.com\/es\/wp-json\/wp\/v2\/product_cat?post=4979"},{"taxonomy":"product_tag","embeddable":true,"href":"https:\/\/isopllc.com\/es\/wp-json\/wp\/v2\/product_tag?post=4979"}],"curies":[{"name":"wp","href":"https:\/\/api.w.org\/{rel}","templated":true}]}}