{"id":4991,"date":"2024-08-07T13:14:36","date_gmt":"2024-08-07T13:14:36","guid":{"rendered":"https:\/\/isopllc.com\/es\/?post_type=product&#038;p=4991"},"modified":"2025-06-30T16:05:07","modified_gmt":"2025-06-30T16:05:07","slug":"isop-escalera-plegable-de-aluminio-de-2-peldanos","status":"publish","type":"product","link":"https:\/\/isopllc.com\/es\/product\/isop-escalera-plegable-de-aluminio-de-2-peldanos\/","title":{"rendered":"ISOP Escalera Plegable de Aluminio de 2 Pelda\u00f1os"},"content":{"rendered":"<h1 id=\"title\" class=\"a-size-large a-spacing-none\">ISOP Escalera Plegable de Aluminio de 2 Pelda\u00f1os | Escalera Plegable Blanca de Dos Pelda\u00f1os | Escalera Antideslizante | Duradera, Ligera y compacta | Escalera de Paso para Garaje o Oficina<\/h1>\n<div class=\"celwidget aplus-module premium-module-4-two-column-images aplus-premium\" data-csa-c-id=\"15yl7x-eio1n0-m9lh6n-socwzs\" data-cel-widget=\"aplus-premium-module-4-two-column-images\">\n<div class=\"a-section a-spacing-none premium-aplus premium-aplus-module-4 aplus-container-1\">\n<div class=\"a-section a-spacing-none premium-aplus-two-column\">\n<div class=\"a-section a-spacing-none premium-aplus-column\">\n<div class=\"a-section a-spacing-none column-description\">\n<div class=\"celwidget aplus-module module-9 aplus-standard\">\n<div class=\"aplus-module-wrapper\">\n<div class=\"\"><\/div>\n<\/div>\n<\/div>\n<div class=\"celwidget aplus-module module-9 aplus-standard\">\n<div class=\"aplus-module-wrapper\">\n<div class=\"\">\n<p class=\"a-text-center\"><img loading=\"lazy\" decoding=\"async\" class=\"alignnone size-full wp-image-5003\" src=\"https:\/\/isopllc.com\/es\/wp-content\/uploads\/sites\/7\/2024\/08\/stepp-ladder-2-steps-1.jpg\" alt=\"ISOP Escalera Plegable de Aluminio\" width=\"300\" height=\"300\" title=\"\" srcset=\"https:\/\/isopllc.com\/es\/wp-content\/uploads\/sites\/7\/2024\/08\/stepp-ladder-2-steps-1.jpg 300w, https:\/\/isopllc.com\/es\/wp-content\/uploads\/sites\/7\/2024\/08\/stepp-ladder-2-steps-1-150x150.jpg 150w, https:\/\/isopllc.com\/es\/wp-content\/uploads\/sites\/7\/2024\/08\/stepp-ladder-2-steps-1-100x100.jpg 100w\" sizes=\"auto, (max-width: 300px) 100vw, 300px\" \/><\/p>\n<p class=\"a-spacing-base\">La ISOP escalera plegable de 2 pasos es la adici\u00f3n perfecta para cualquier hogar, garaje u oficina. Esta escalera plegable blanca est\u00e1 hecha de aluminio de alta calidad, lo que la hace duradera, ligera y compacta para un f\u00e1cil almacenamiento y transporte. Con pasos antideslizantes, puedes sentirte seguro y confiado mientras usas esta escalera de dos pasos.<\/p>\n<p>&nbsp;<\/p>\n<p class=\"a-text-center\"><img loading=\"lazy\" decoding=\"async\" class=\"alignnone size-full wp-image-5002\" src=\"https:\/\/isopllc.com\/es\/wp-content\/uploads\/sites\/7\/2024\/08\/stepp-ladder-2-steps-2.jpg\" alt=\"ISOP Escalera Plegable de Aluminio\" width=\"300\" height=\"300\" title=\"\" srcset=\"https:\/\/isopllc.com\/es\/wp-content\/uploads\/sites\/7\/2024\/08\/stepp-ladder-2-steps-2.jpg 300w, https:\/\/isopllc.com\/es\/wp-content\/uploads\/sites\/7\/2024\/08\/stepp-ladder-2-steps-2-150x150.jpg 150w, https:\/\/isopllc.com\/es\/wp-content\/uploads\/sites\/7\/2024\/08\/stepp-ladder-2-steps-2-100x100.jpg 100w\" sizes=\"auto, (max-width: 300px) 100vw, 300px\" \/><\/p>\n<p class=\"a-spacing-base\">La construcci\u00f3n robusta asegura estabilidad y seguridad al alcanzar objetos en estantes altos, cambiar bombillas o completar tareas del hogar. Esta escalera est\u00e1 dise\u00f1ada para la conveniencia y facilidad de uso, con un mecanismo de plegado simple que permite un montaje y desmontaje r\u00e1pido y f\u00e1cil. El tama\u00f1o compacto la hace ideal para espacios peque\u00f1os y f\u00e1cil de almacenar cuando no est\u00e1 en uso.<\/p>\n<p>&nbsp;<\/p>\n<p class=\"a-text-center\"><img loading=\"lazy\" decoding=\"async\" class=\"alignnone size-full wp-image-5001\" src=\"https:\/\/isopllc.com\/es\/wp-content\/uploads\/sites\/7\/2024\/08\/stepp-ladder-2-steps-3.jpeg\" alt=\"ISOP Escalera Plegable de Aluminio\" width=\"300\" height=\"300\" title=\"\" srcset=\"https:\/\/isopllc.com\/es\/wp-content\/uploads\/sites\/7\/2024\/08\/stepp-ladder-2-steps-3.jpeg 300w, https:\/\/isopllc.com\/es\/wp-content\/uploads\/sites\/7\/2024\/08\/stepp-ladder-2-steps-3-150x150.jpeg 150w, https:\/\/isopllc.com\/es\/wp-content\/uploads\/sites\/7\/2024\/08\/stepp-ladder-2-steps-3-100x100.jpeg 100w\" sizes=\"auto, (max-width: 300px) 100vw, 300px\" \/><\/p>\n<p class=\"a-spacing-base\">Ya sea que necesites una escalera confiable para tareas cotidianas en casa o una opci\u00f3n port\u00e1til para proyectos en movimiento, la escalera plegable ISOP de 2 pasos es una soluci\u00f3n vers\u00e1til y pr\u00e1ctica. Mejora tu hogar o<\/p>\n<\/div>\n<\/div>\n<\/div>\n<\/div>\n<\/div>\n<\/div>\n<\/div>\n<\/div>\n","protected":false},"excerpt":{"rendered":"<p id=\"title\" class=\"a-size-large a-spacing-none\" style=\"text-align: center;\">ISOP Escalera Plegable de Aluminio de 2 Pelda\u00f1os | Escalera Plegable Blanca de Dos Pelda\u00f1os | Escalera Antideslizante | Duradera, Ligera y compacta | Escalera de Paso para Garaje o Oficina<\/p>\n<p style=\"text-align: center;\">ENTREGA GRATUITA EN 3-7 D\u00cdAS<\/p>\n<h4 style=\"text-align: center;\"><strong>C\u00d3MPRALO EN<\/strong><\/h4>\n<p><a href=\"https:\/\/www.amazon.es\/dp\/B0D4HMFYKP\/ref=sr_1_1?__mk_es_ES=%C3%85M%C3%85%C5%BD%C3%95%C3%91&amp;crid=1HCUMJQI5G5DH&amp;dib=eyJ2IjoiMSJ9.cxBCZWYlEki35yUaJz-1Pw.B9BlaB17INT6arw76gChB05nllooYECbhzMwbaj9hxs&amp;dib_tag=se&amp;keywords=ISOP%20Escalera%20Plegable%20de%20Aluminio&amp;qid=1723037012&amp;s=kitchen&amp;sprefix=b0d4hmfykp%2Ckitchen%2C614&amp;sr=1-1\"><img loading=\"lazy\" decoding=\"async\" class=\"aligncenter wp-image-1040 size-full\" src=\"https:\/\/isopllc.com\/es\/wp-content\/uploads\/sites\/7\/2020\/01\/amazon-button9.png\" alt=\"\" width=\"160\" height=\"59\" \/><\/a><\/p>\n","protected":false},"featured_media":5004,"comment_status":"open","ping_status":"closed","template":"","meta":[],"product_brand":[],"product_cat":[170],"product_tag":[142,141,36,140,47],"class_list":{"0":"post-4991","1":"product","2":"type-product","3":"status-publish","4":"has-post-thumbnail","6":"product_cat-escaleras-de-peldanos","7":"product_tag-2-peldanos","8":"product_tag-aluminio","9":"product_tag-equipo-de-seguridad","10":"product_tag-escalera-plegable","11":"product_tag-isop","13":"first","14":"instock","15":"shipping-taxable","16":"purchasable","17":"product-type-simple"},"_links":{"self":[{"href":"https:\/\/isopllc.com\/es\/wp-json\/wp\/v2\/product\/4991","targetHints":{"allow":["GET"]}}],"collection":[{"href":"https:\/\/isopllc.com\/es\/wp-json\/wp\/v2\/product"}],"about":[{"href":"https:\/\/isopllc.com\/es\/wp-json\/wp\/v2\/types\/product"}],"replies":[{"embeddable":true,"href":"https:\/\/isopllc.com\/es\/wp-json\/wp\/v2\/comments?post=4991"}],"wp:featuredmedia":[{"embeddable":true,"href":"https:\/\/isopllc.com\/es\/wp-json\/wp\/v2\/media\/5004"}],"wp:attachment":[{"href":"https:\/\/isopllc.com\/es\/wp-json\/wp\/v2\/media?parent=4991"}],"wp:term":[{"taxonomy":"product_brand","embeddable":true,"href":"https:\/\/isopllc.com\/es\/wp-json\/wp\/v2\/product_brand?post=4991"},{"taxonomy":"product_cat","embeddable":true,"href":"https:\/\/isopllc.com\/es\/wp-json\/wp\/v2\/product_cat?post=4991"},{"taxonomy":"product_tag","embeddable":true,"href":"https:\/\/isopllc.com\/es\/wp-json\/wp\/v2\/product_tag?post=4991"}],"curies":[{"name":"wp","href":"https:\/\/api.w.org\/{rel}","templated":true}]}}