{"id":5010,"date":"2024-08-07T13:24:51","date_gmt":"2024-08-07T13:24:51","guid":{"rendered":"https:\/\/isopllc.com\/es\/?post_type=product&#038;p=5010"},"modified":"2025-06-30T16:04:56","modified_gmt":"2025-06-30T16:04:56","slug":"isop-escalera-de-3-peldanos-blanca","status":"publish","type":"product","link":"https:\/\/isopllc.com\/es\/product\/isop-escalera-de-3-peldanos-blanca\/","title":{"rendered":"ISOP Escalera de 3 Pelda\u00f1os Blanca"},"content":{"rendered":"<h1 id=\"title\" class=\"a-size-large a-spacing-none\">ISOP Escalera de 3 Pelda\u00f1os Blanca | Escalera Plegable de Pie | Escalera Ancha Antideslizante de 220 kg | Escalera Ligera y Port\u00e1til compacta de Tres Pelda\u00f1os &#8211; Taburete Escalera<\/h1>\n<div class=\"celwidget aplus-module premium-module-4-two-column-images aplus-premium\" data-csa-c-id=\"15yl7x-eio1n0-m9lh6n-socwzs\" data-cel-widget=\"aplus-premium-module-4-two-column-images\">\n<div class=\"a-section a-spacing-none premium-aplus premium-aplus-module-4 aplus-container-1\">\n<div class=\"a-section a-spacing-none premium-aplus-two-column\">\n<div class=\"a-section a-spacing-none premium-aplus-column\">\n<div class=\"a-section a-spacing-none column-description\">\n<div class=\"celwidget aplus-module module-9 aplus-standard\">\n<div class=\"aplus-module-wrapper\">\n<div class=\"\"><\/div>\n<\/div>\n<\/div>\n<div class=\"celwidget aplus-module module-9 aplus-standard\">\n<div class=\"aplus-module-wrapper\">\n<div class=\"\">\n<p class=\"a-text-center\"><img loading=\"lazy\" decoding=\"async\" class=\"alignnone size-full wp-image-4994\" src=\"https:\/\/isopllc.com\/es\/wp-content\/uploads\/sites\/7\/2024\/08\/stepp-ladder-3-steps-6.jpeg\" alt=\"ISOP Escalera Plegable de Aluminio\" width=\"300\" height=\"300\" title=\"\" srcset=\"https:\/\/isopllc.com\/es\/wp-content\/uploads\/sites\/7\/2024\/08\/stepp-ladder-3-steps-6.jpeg 300w, https:\/\/isopllc.com\/es\/wp-content\/uploads\/sites\/7\/2024\/08\/stepp-ladder-3-steps-6-150x150.jpeg 150w, https:\/\/isopllc.com\/es\/wp-content\/uploads\/sites\/7\/2024\/08\/stepp-ladder-3-steps-6-100x100.jpeg 100w\" sizes=\"auto, (max-width: 300px) 100vw, 300px\" \/><\/p>\n<p class=\"a-spacing-base\">Presentamos la escalera de paso definitiva, Escalera Plegable Blanca de 3 pasos, para todas tus necesidades diarias. Esta escalera de aluminio confiable y vers\u00e1til est\u00e1 dise\u00f1ada para hacer tu vida m\u00e1s f\u00e1cil. Con una sensaci\u00f3n s\u00f3lida y estable, puedes subir con confianza sabiendo que est\u00e1s seguro y protegido. La construcci\u00f3n ligera de aluminio hace que sea f\u00e1cil de transportar, mientras que los escalones anchos aseguran que tengas un apoyo seguro, incluso durante un uso prolongado.<\/p>\n<p class=\"a-text-center\"><img loading=\"lazy\" decoding=\"async\" class=\"alignnone size-full wp-image-4993\" src=\"https:\/\/isopllc.com\/es\/wp-content\/uploads\/sites\/7\/2024\/08\/stepp-ladder-3-steps-7.jpg\" alt=\"ISOP Escalera Plegable de Aluminio\" width=\"300\" height=\"300\" title=\"\" srcset=\"https:\/\/isopllc.com\/es\/wp-content\/uploads\/sites\/7\/2024\/08\/stepp-ladder-3-steps-7.jpg 300w, https:\/\/isopllc.com\/es\/wp-content\/uploads\/sites\/7\/2024\/08\/stepp-ladder-3-steps-7-150x150.jpg 150w, https:\/\/isopllc.com\/es\/wp-content\/uploads\/sites\/7\/2024\/08\/stepp-ladder-3-steps-7-100x100.jpg 100w\" sizes=\"auto, (max-width: 300px) 100vw, 300px\" \/><\/p>\n<p class=\"a-spacing-base\">La escalera se despliega suavemente y se bloquea de manera segura en posici\u00f3n abierta, y cuando terminas, se pliega de forma compacta para un almacenamiento sin complicaciones. Perfecta para alcanzar estantes altos o acceder a \u00e1reas de almacenamiento, esta escalera es imprescindible para cualquier entusiasta del bricolaje o para cualquier persona que necesite una escalera confiable para las tareas del hogar.<\/p>\n<p>&nbsp;<\/p>\n<p class=\"a-text-center\"><img loading=\"lazy\" decoding=\"async\" class=\"alignnone size-full wp-image-4992\" src=\"https:\/\/isopllc.com\/es\/wp-content\/uploads\/sites\/7\/2024\/08\/stepp-ladder-3-steps-8.jpg\" alt=\"ISOP Escalera Plegable de Aluminio\" width=\"300\" height=\"300\" title=\"\" srcset=\"https:\/\/isopllc.com\/es\/wp-content\/uploads\/sites\/7\/2024\/08\/stepp-ladder-3-steps-8.jpg 300w, https:\/\/isopllc.com\/es\/wp-content\/uploads\/sites\/7\/2024\/08\/stepp-ladder-3-steps-8-150x150.jpg 150w, https:\/\/isopllc.com\/es\/wp-content\/uploads\/sites\/7\/2024\/08\/stepp-ladder-3-steps-8-100x100.jpg 100w\" sizes=\"auto, (max-width: 300px) 100vw, 300px\" \/><\/p>\n<p class=\"a-spacing-base\">No te conformes con menos que lo mejor. Invierte en esta escalera de alta calidad y experimenta la diferencia por ti mismo. Di adi\u00f3s a las escaleras inestables y poco confiables y hola a la comodidad y tranquilidad. Consigue hoy mismo esta escalera de aluminio de 3 pasos y lleva tus proyectos de mejoras para el hogar a nuevas alturas.<\/p>\n<\/div>\n<\/div>\n<\/div>\n<\/div>\n<\/div>\n<\/div>\n<\/div>\n<\/div>\n","protected":false},"excerpt":{"rendered":"<p id=\"title\" class=\"a-size-large a-spacing-none\" style=\"text-align: center;\">ISOP Escalera de 3 Pelda\u00f1os Blanca | Escalera Plegable de Pie | Escalera Ancha Antideslizante de 220 kg | Escalera Ligera y Port\u00e1til compacta de Tres Pelda\u00f1os &#8211; Taburete Escalera<\/p>\n<p style=\"text-align: center;\">ENTREGA GRATUITA EN 3-7 D\u00cdAS<\/p>\n<h4 style=\"text-align: center;\"><strong>C\u00d3MPRALO EN<\/strong><\/h4>\n<p><a href=\"https:\/\/www.amazon.es\/dp\/B0D4HL355J\/ref=sr_1_1?__mk_es_ES=%C3%85M%C3%85%C5%BD%C3%95%C3%91&amp;crid=1A8I1QMAPHVKG&amp;dib=eyJ2IjoiMSJ9.nLZSBaRI4DrAjV6Zi0RaJQ.kFKgdhd7_umqUPjLMyvvzvR8-UKfX6p7bJ_S60EePz8&amp;dib_tag=se&amp;keywords=ISOP%20Escalera%20de%20Pelda%C3%B1os&amp;qid=1723037304&amp;s=kitchen&amp;sprefix=b0d4hl355j%2Ckitchen%2C215&amp;sr=1-1\"><img loading=\"lazy\" decoding=\"async\" class=\"aligncenter wp-image-1040 size-full\" src=\"https:\/\/isopllc.com\/es\/wp-content\/uploads\/sites\/7\/2020\/01\/amazon-button9.png\" alt=\"\" width=\"160\" height=\"59\" \/><\/a><\/p>\n","protected":false},"featured_media":5000,"comment_status":"open","ping_status":"closed","template":"","meta":[],"product_brand":[],"product_cat":[170],"product_tag":[125,128,126,127,47],"class_list":{"0":"post-5010","1":"product","2":"type-product","3":"status-publish","4":"has-post-thumbnail","6":"product_cat-escaleras-de-peldanos","7":"product_tag-cuerda-de-seguridad","8":"product_tag-equipo-de-entrenamiento","9":"product_tag-fitness","10":"product_tag-fuerza","11":"product_tag-isop","13":"first","14":"instock","15":"shipping-taxable","16":"purchasable","17":"product-type-simple"},"_links":{"self":[{"href":"https:\/\/isopllc.com\/es\/wp-json\/wp\/v2\/product\/5010","targetHints":{"allow":["GET"]}}],"collection":[{"href":"https:\/\/isopllc.com\/es\/wp-json\/wp\/v2\/product"}],"about":[{"href":"https:\/\/isopllc.com\/es\/wp-json\/wp\/v2\/types\/product"}],"replies":[{"embeddable":true,"href":"https:\/\/isopllc.com\/es\/wp-json\/wp\/v2\/comments?post=5010"}],"wp:featuredmedia":[{"embeddable":true,"href":"https:\/\/isopllc.com\/es\/wp-json\/wp\/v2\/media\/5000"}],"wp:attachment":[{"href":"https:\/\/isopllc.com\/es\/wp-json\/wp\/v2\/media?parent=5010"}],"wp:term":[{"taxonomy":"product_brand","embeddable":true,"href":"https:\/\/isopllc.com\/es\/wp-json\/wp\/v2\/product_brand?post=5010"},{"taxonomy":"product_cat","embeddable":true,"href":"https:\/\/isopllc.com\/es\/wp-json\/wp\/v2\/product_cat?post=5010"},{"taxonomy":"product_tag","embeddable":true,"href":"https:\/\/isopllc.com\/es\/wp-json\/wp\/v2\/product_tag?post=5010"}],"curies":[{"name":"wp","href":"https:\/\/api.w.org\/{rel}","templated":true}]}}