{"id":5086,"date":"2024-12-24T17:48:15","date_gmt":"2024-12-24T17:48:15","guid":{"rendered":"https:\/\/isopllc.com\/es\/?post_type=product&#038;p=5086"},"modified":"2025-06-30T16:04:43","modified_gmt":"2025-06-30T16:04:43","slug":"escalera-de-escape-de-incendio-de-6-pisos","status":"publish","type":"product","link":"https:\/\/isopllc.com\/es\/product\/escalera-de-escape-de-incendio-de-6-pisos\/","title":{"rendered":"Escalera de Escape de Incendio de 6 Pisos 15 m"},"content":{"rendered":"<div class=\"celwidget aplus-module module-4 aplus-standard\" data-csa-c-id=\"6mnb1z-9dwrl2-ic24uv-jd1phn\" data-cel-widget=\"aplus-module-4\">\n<div class=\"a-expander-collapsed-height a-row a-expander-container a-expander-partial-collapse-container\" aria-live=\"polite\" data-a-expander-name=\"aplus-module-expander\" data-a-expander-collapsed-height=\"700\">\n<div class=\"a-expander-content a-expander-partial-collapse-content\" aria-expanded=\"false\">\n<div class=\"aplus-module-wrapper apm-fixed-width\">\n<div class=\"apm-spacing\">\n<div class=\"apm-floatleft apm-fixed-width\">\n<div id=\"title_feature_div\" class=\"celwidget\" data-feature-name=\"title\" data-csa-c-id=\"m5t5xw-wzxd1-od319-pyb58o\" data-cel-widget=\"title_feature_div\">\n<div id=\"titleSection\" class=\"a-section a-spacing-none\">\n<div id=\"title_feature_div\" class=\"celwidget\" data-feature-name=\"title\" data-csa-c-id=\"m5t5xw-wzxd1-od319-pyb58o\" data-cel-widget=\"title_feature_div\">\n<div id=\"titleSection\" class=\"a-section a-spacing-none\">\n<h2 id=\"title\" class=\"a-size-large a-spacing-none\"><span id=\"productTitle\" class=\"a-size-large product-title-word-break\">Escalera de Escape de Incendio de 6 Pisos 15 m | Escalera de Cuerda de Seguridad Multifuncional y Resistente a la Intemperie | Escalera de Cinta con Ganchos de Resorte | Ligera, Compacta y Port\u00e1til<\/span><\/h2>\n<h3>Escalera de Escape de Incendio de 6 Pisos 15 m<\/h3>\n<p>En caso de emergencia, cada segundo cuenta. Ya sea un incendio, humo, terremoto u otro incidente imprevisible, la v\u00eda de evacuaci\u00f3n normal por el hueco de la escalera puede quedar bloqueada r\u00e1pidamente. En tales situaciones, una escalera de emergencia puede marcar la diferencia. Nuestra Escalera de Escape de Incendio de 6 Pisos 15 m est\u00e1 especialmente dise\u00f1ada para su uso en edificios de hasta cuatro plantas y ofrece una opci\u00f3n de rescate r\u00e1pida, segura y fiable.<\/p>\n<\/div>\n<\/div>\n<\/div>\n<\/div>\n<\/div>\n<\/div>\n<\/div>\n<\/div>\n<\/div>\n<\/div>\n<div class=\"celwidget aplus-module module-9 aplus-standard\" data-csa-c-id=\"kgh8ns-6rdhac-l4uce3-redgno\" data-cel-widget=\"aplus-module-9\">\n<div class=\"a-expander-collapsed-height a-row a-expander-container a-expander-partial-collapse-container\" aria-live=\"polite\" data-a-expander-name=\"aplus-module-expander\" data-a-expander-collapsed-height=\"700\">\n<div class=\"a-expander-content a-expander-partial-collapse-content\" aria-expanded=\"false\">\n<div class=\"aplus-module-wrapper apm-fixed-width\">\n<div class=\"apm-spacing apm-fixed-width\">\n<div class=\"celwidget aplus-module module-9 aplus-standard\" style=\"text-align: left\" data-csa-c-id=\"6rrkxj-o9oo3p-2dk8kw-v8mrts\" data-cel-widget=\"aplus-module-9\">\n<div class=\"a-expander-collapsed-height a-row a-expander-container a-expander-partial-collapse-container\" aria-live=\"polite\" data-a-expander-name=\"aplus-module-expander\" data-a-expander-collapsed-height=\"700\">\n<div class=\"a-expander-content a-expander-partial-collapse-content\" aria-expanded=\"false\">\n<div class=\"aplus-module-wrapper apm-fixed-width\">\n<div class=\"apm-spacing apm-fixed-width\">\n<div class=\"a-expander-content a-expander-partial-collapse-content\" aria-expanded=\"false\">\n<div class=\"aplus-module-wrapper apm-fixed-width\">\n<div class=\"apm-spacing apm-fixed-width\">\n<div class=\"celwidget aplus-module module-9 aplus-standard\" style=\"text-align: left\" data-csa-c-id=\"6rrkxj-o9oo3p-2dk8kw-v8mrts\" data-cel-widget=\"aplus-module-9\">\n<div class=\"a-expander-collapsed-height a-row a-expander-container a-expander-partial-collapse-container\" aria-live=\"polite\" data-a-expander-name=\"aplus-module-expander\" data-a-expander-collapsed-height=\"700\">\n<div class=\"a-expander-content a-expander-partial-collapse-content\" aria-expanded=\"false\">\n<div class=\"aplus-module-wrapper apm-fixed-width\">\n<div class=\"apm-spacing apm-fixed-width\">\n<div id=\"dpx-aplus-3p-product-description_feature_div\">\n<div class=\"celwidget\" data-csa-c-id=\"j3bfsg-3tzlcs-ur1j1t-3qx8ta\" data-cel-widget=\"dpx-aplus-3p-product-description_csm_instrumentation_wrapper\">\n<div id=\"aplus3p_feature_div\" class=\"celwidget\" data-feature-name=\"aplus3p\" data-csa-c-id=\"k2fion-o9rvok-956ide-qyxnmc\" data-cel-widget=\"aplus3p_feature_div\">\n<div id=\"aplus\" class=\"a-section a-spacing-large bucket\">\n<div class=\"aplus-v2 desktop celwidget\" data-csa-c-id=\"bl307j-us7ik3-uk4k0j-5t20gn\" data-cel-widget=\"aplus\">\n<div class=\"celwidget aplus-module module-4 aplus-standard\" data-csa-c-id=\"eesj8t-e5xo00-6bvqab-g9ww8u\" data-cel-widget=\"aplus-module-4\">\n<div class=\"a-expander-collapsed-height a-row a-expander-container a-expander-partial-collapse-container\" aria-live=\"polite\" data-a-expander-name=\"aplus-module-expander\" data-a-expander-collapsed-height=\"700\">\n<div class=\"a-expander-content a-expander-partial-collapse-content\" aria-expanded=\"false\">\n<div class=\"aplus-module-wrapper apm-fixed-width\">\n<div class=\"apm-spacing\">\n<div class=\"apm-floatleft apm-fixed-width\">\n<h3 class=\"a-spacing-small\">12 razones por las que elegirnos<\/h3>\n<p><img decoding=\"async\" class=\"\" src=\"https:\/\/m.media-amazon.com\/images\/S\/aplus-media\/sc\/0484a226-8be6-4965-8b8a-062de5498c97.__CR0,0,600,600_PT0_SX220_V1___.jpg\" alt=\"Peso ligero.\" data-src=\"https:\/\/m.media-amazon.com\/images\/S\/aplus-media\/sc\/0484a226-8be6-4965-8b8a-062de5498c97.__CR0,0,600,600_PT0_SX220_V1___.jpg\" data- title=\"\"><\/p>\n<h4 class=\"a-spacing-mini\">Peso ligero<\/h4>\n<p class=\"a-size-small\">Esta es la escalera m\u00e1s ligera disponible en el mercado. El peso de una escalera de 3 m es de solo 1 kg.<\/p>\n<p><img decoding=\"async\" class=\"\" src=\"https:\/\/m.media-amazon.com\/images\/S\/aplus-media\/sc\/74a6e3c1-c8e9-4370-82e8-2ece837c08f7.__CR0,0,1000,1000_PT0_SX220_V1___.jpg\" alt=\"Fuerte y estable\" data-src=\"https:\/\/m.media-amazon.com\/images\/S\/aplus-media\/sc\/74a6e3c1-c8e9-4370-82e8-2ece837c08f7.__CR0,0,1000,1000_PT0_SX220_V1___.jpg\" data- title=\"\"><\/p>\n<h4 class=\"a-spacing-mini\">Fuerte y estable<\/h4>\n<p>Gran capacidad de carga: hasta 200 kg<br \/>\nLa escalera de cuerda est\u00e1 dise\u00f1ada para una capacidad de carga m\u00e1xima de 200 kg. Esto significa que puede ser utilizada f\u00e1cilmente por personas con equipo o por varias personas que desciendan al mismo tiempo. Su robusta fabricaci\u00f3n proporciona al usuario una sensaci\u00f3n de seguridad al descender, incluso en momentos de mucho ajetreo.<\/p>\n<p>Una de las principales ventajas de nuestra Escalera de Escape de Incendio de 6 Pisos es que las correas principales de nailon son de una sola pieza de abajo a arriba y no est\u00e1n hechas de piezas cosidas, como es el caso de la escalera de mano. Los materiales utilizados para los pelda\u00f1os, como la fibra de vidrio y la fibra de basalto, tambi\u00e9n hacen que esta escalera de arn\u00e9s sea mucho m\u00e1s estable que las escaleras de aluminio desechables.<\/p>\n<p><img decoding=\"async\" class=\"\" src=\"https:\/\/m.media-amazon.com\/images\/S\/aplus-media\/sc\/a31e0885-9da9-4fe2-a571-e1558cab0393.__CR0,0,600,600_PT0_SX220_V1___.jpg\" alt=\"Libre de enredos.\" data-src=\"https:\/\/m.media-amazon.com\/images\/S\/aplus-media\/sc\/a31e0885-9da9-4fe2-a571-e1558cab0393.__CR0,0,600,600_PT0_SX220_V1___.jpg\" data- title=\"\"><\/p>\n<h4 class=\"a-spacing-mini\">Libre de enredos<\/h4>\n<p class=\"a-size-small\">Nuestras escaleras de correas son f\u00e1ciles de empacar en la bolsa de almacenamiento despu\u00e9s de su uso.<\/p>\n<p class=\"a-size-small\">No se enreda durante el montaje.<\/p>\n<div class=\"apm-spacing\"><\/div>\n<div>\n<h4><img loading=\"lazy\" decoding=\"async\" class=\"alignnone wp-image-5074\" src=\"https:\/\/isopllc.com\/es\/wp-content\/uploads\/sites\/7\/2021\/07\/Black-ladder-dimencions.jpg\" alt=\"Escalera de Cuerda\" width=\"239\" height=\"239\" title=\"\" srcset=\"https:\/\/isopllc.com\/es\/wp-content\/uploads\/sites\/7\/2021\/07\/Black-ladder-dimencions.jpg 800w, https:\/\/isopllc.com\/es\/wp-content\/uploads\/sites\/7\/2021\/07\/Black-ladder-dimencions-150x150.jpg 150w, https:\/\/isopllc.com\/es\/wp-content\/uploads\/sites\/7\/2021\/07\/Black-ladder-dimencions-768x768.jpg 768w, https:\/\/isopllc.com\/es\/wp-content\/uploads\/sites\/7\/2021\/07\/Black-ladder-dimencions-416x416.jpg 416w, https:\/\/isopllc.com\/es\/wp-content\/uploads\/sites\/7\/2021\/07\/Black-ladder-dimencions-100x100.jpg 100w\" sizes=\"auto, (max-width: 239px) 100vw, 239px\" \/><\/h4>\n<h4 class=\"a-spacing-mini\">Longitud<\/h4>\n<p class=\"a-size-small\">Nuestras escaleras de correas se pueden unir para una mayor longitud.<\/p>\n<\/div>\n<\/div>\n<\/div>\n<\/div>\n<div><img decoding=\"async\" class=\"\" src=\"https:\/\/m.media-amazon.com\/images\/S\/aplus-media\/sc\/6625ab17-5247-415b-a353-7a0e3ca2bb1d.__CR0,0,1000,1000_PT0_SX220_V1___.jpg\" alt=\"Resistente a la intemperie.\" data-src=\"https:\/\/m.media-amazon.com\/images\/S\/aplus-media\/sc\/6625ab17-5247-415b-a353-7a0e3ca2bb1d.__CR0,0,1000,1000_PT0_SX220_V1___.jpg\" data- title=\"\"><\/div>\n<div>\n<h4><\/h4>\n<h4 class=\"a-spacing-mini\">Resistente a la intemperie<\/h4>\n<p class=\"a-size-small\">La Escalera de Escape de Incendio de 6 Pisos est\u00e1 fabricada con cuerda de nailon duradera en combinaci\u00f3n con robustos pelda\u00f1os met\u00e1licos que conservan su forma y funci\u00f3n incluso cuando se utiliza con frecuencia y en diferentes condiciones meteorol\u00f3gicas. El material utilizado es resistente a los rayos UV, repelente al agua e inoxidable. Gracias a su capacidad de reutilizaci\u00f3n, esta escalera es adecuada tanto para hogares como para empresas, escuelas u hoteles.<\/p>\n<\/div>\n<\/div>\n<\/div>\n<\/div>\n<div><img decoding=\"async\" class=\"\" src=\"https:\/\/m.media-amazon.com\/images\/S\/aplus-media\/sc\/b1929708-9dad-44c2-a6ed-070474464c51.__CR0,0,1000,1000_PT0_SX220_V1___.jpg\" alt=\"Compacto.\" data-src=\"https:\/\/m.media-amazon.com\/images\/S\/aplus-media\/sc\/b1929708-9dad-44c2-a6ed-070474464c51.__CR0,0,1000,1000_PT0_SX220_V1___.jpg\" data- title=\"\"><\/div>\n<div>\n<h4><\/h4>\n<h4 class=\"a-spacing-mini\">Compacto<\/h4>\n<p class=\"a-size-small\">No puedes imaginar escaleras m\u00e1s compactas. Toda la escalera cabe en la palma de la mano. No ocupan mucho espacio, se pueden almacenar en cualquier lugar, como debajo de la cama en el dormitorio, en el balc\u00f3n y en el techo.<\/p>\n<p><img decoding=\"async\" class=\"\" src=\"https:\/\/m.media-amazon.com\/images\/S\/aplus-media\/sc\/91d8e70e-82c2-457c-9c48-019a2fbff56a.__CR1282,342,714,714_PT0_SX220_V1___.png\" alt=\"Multifuncionalidad\" data-src=\"https:\/\/m.media-amazon.com\/images\/S\/aplus-media\/sc\/91d8e70e-82c2-457c-9c48-019a2fbff56a.__CR1282,342,714,714_PT0_SX220_V1___.png\" data- title=\"\"><\/p>\n<h4 class=\"a-spacing-mini\">Antideslizantes<\/h4>\n<p class=\"a-size-small\">Se sabe que el material de las correas es mucho menos resbaladizo que cualquier otro material duro como aluminio, metal o pl\u00e1stico.<\/p>\n<div class=\"apm-spacing\"><img decoding=\"async\" class=\"\" src=\"https:\/\/m.media-amazon.com\/images\/S\/aplus-media-library-service-media\/bc97ce2b-ad5a-488d-ae16-2dc4054da697.__CR0,0,1906,1906_PT0_SX220_V1___.jpeg\" alt=\"Multi-purpose\" data-src=\"https:\/\/m.media-amazon.com\/images\/S\/aplus-media-library-service-media\/bc97ce2b-ad5a-488d-ae16-2dc4054da697.__CR0,0,1906,1906_PT0_SX220_V1___.jpeg\" data- title=\"\"><\/div>\n<div><\/div>\n<div>\n<h4 class=\"a-spacing-mini\">De m\u00faltiples fines<\/h4>\n<p class=\"a-size-small\">La escalera de cuerda <a href=\"https:\/\/isopllc.com\/\">ISOP<\/a> se puede utilizar para una escalera de incendios, para emergencias, as\u00ed como para los ni\u00f1os en el patio de recreo o para una casa en un \u00e1rbol. Es una gran escalera para yates, barcos y embarcaciones. S\u00faper ligero, s\u00faper fuerte y la resistencia al agua lo hace insustituible en cualquier barco de vela.<\/p>\n<p class=\"a-size-small\">Adem\u00e1s, seg\u00fan los comentarios de nuestros clientes, esta escalera es ideal para pozos o cuevas.<\/p>\n<\/div>\n<p><img decoding=\"async\" class=\"\" src=\"https:\/\/m.media-amazon.com\/images\/S\/aplus-media\/sc\/0ce14b90-f644-4e71-9958-a603ab85be7a.__CR0,0,800,800_PT0_SX220_V1___.jpg\" alt=\"Mosquetones\" data-src=\"https:\/\/m.media-amazon.com\/images\/S\/aplus-media\/sc\/0ce14b90-f644-4e71-9958-a603ab85be7a.__CR0,0,800,800_PT0_SX220_V1___.jpg\" data- title=\"\"><\/p>\n<h4 class=\"a-spacing-mini\">Mosquetones<\/h4>\n<p class=\"a-size-small\">Ganchos profesionales cromados de 11 kn incluidos.<\/p>\n<p><img decoding=\"async\" class=\"\" src=\"https:\/\/m.media-amazon.com\/images\/S\/aplus-media\/sc\/91fd5669-769f-4880-a4f6-2c1fa7823109.__CR130,0,720,720_PT0_SX220_V1___.png\" alt=\"Bolsa impermeable\" data-src=\"https:\/\/m.media-amazon.com\/images\/S\/aplus-media\/sc\/91fd5669-769f-4880-a4f6-2c1fa7823109.__CR130,0,720,720_PT0_SX220_V1___.png\" data- title=\"\"><\/p>\n<h4 class=\"a-spacing-mini\">Bolsa impermeable<\/h4>\n<p class=\"a-size-small\">Cool bolsa de playa de dise\u00f1o est\u00e1 incluida en el conjunto.<\/p>\n<p><img decoding=\"async\" class=\"\" src=\"https:\/\/m.media-amazon.com\/images\/S\/aplus-media\/sc\/664e5e7c-23b5-4ddb-9d57-cd43c1d86ba2.__CR0,0,1000,1000_PT0_SX220_V1___.jpg\" alt=\"Extremadamente asequible\" data-src=\"https:\/\/m.media-amazon.com\/images\/S\/aplus-media\/sc\/664e5e7c-23b5-4ddb-9d57-cd43c1d86ba2.__CR0,0,1000,1000_PT0_SX220_V1___.jpg\" data- title=\"\"><\/p>\n<h4 class=\"a-spacing-mini\">Extremadamente asequible<\/h4>\n<p class=\"a-size-small\">Estos son m\u00e1s baratos que sus contrapartes.<\/p>\n<h4>Su seguro de seguridad en caso de emergencia<\/h4>\n<p>Esta Escalera de Escape de Incendio de 6 Pisos es una inversi\u00f3n que merece la pena para su seguridad personal y la de su familia, compa\u00f1eros o invitados. Es fiable, estable, f\u00e1cil de usar y reutilizable. En momentos cr\u00edticos, permite una evacuaci\u00f3n r\u00e1pida y puede salvar vidas.<\/p>\n<p>Ya sea en casa, en la oficina o de viaje, con esta Escalera de Escape de Incendio de 6 Pisos estar\u00e1 preparado para cualquier emergencia.<\/p>\n<p>Volumen de suministro:<\/p>\n<p>1x escalera de emergencia, 15 m de longitud<\/p>\n<p>2 mosquetones<\/p>\n<p>1x bolsa de almacenamiento<\/p>\n<p>Disponible tambi\u00e9n en <a href=\"https:\/\/isopllc.com\/es\/product\/escalera-para-ninos-de-2-m\/\"><strong>2\u202f m<\/strong><\/a>, <a href=\"https:\/\/isopllc.com\/es\/product\/escalera-extensible-de-3-m\/\"><strong>3\u202f m<\/strong><\/a>, <a href=\"https:\/\/isopllc.com\/es\/product\/escalera-de-techo-de-4-m\/\"><strong>4 m<\/strong><\/a>, <a href=\"https:\/\/isopllc.com\/es\/product\/escalera-de-evacuacion-5m\/\"><strong>5 m<\/strong><\/a>, <a href=\"https:\/\/isopllc.com\/es\/product\/escalera-de-evacuacion-7-5-m-con-anclajes\/\"><strong>7.5 m<\/strong><\/a> y <a href=\"https:\/\/isopllc.com\/es\/product\/escalera-de-emergencia-de-4-pisos-de-10-m\/\"><strong>10 m<\/strong><\/a>.<\/p>\n<\/div>\n<\/div>\n<\/div>\n<\/div>\n<\/div>\n<\/div>\n<\/div>\n<\/div>\n<\/div>\n<\/div>\n<\/div>\n<\/div>\n<\/div>\n<\/div>\n<\/div>\n<\/div>\n<\/div>\n<\/div>\n<\/div>\n<\/div>\n<\/div>\n<\/div>\n<\/div>\n<\/div>\n","protected":false},"excerpt":{"rendered":"[embed]https:\/\/youtu.be\/FwUoJvKbJdk[\/embed]\n<p id=\"title\" class=\"a-size-large a-spacing-none\" style=\"text-align: center\"><span id=\"productTitle\" class=\"a-size-large product-title-word-break\">Escalera de Escape de Incendio de 6 Pisos 15 m | Escalera de Cuerda de Seguridad Multifuncional y Resistente a la Intemperie | Escalera de Cinta con Ganchos de Resorte | Ligera, Compacta y Port\u00e1til<\/span><\/p>\n<p style=\"text-align: center\"><span style=\"vertical-align: inherit\">ENV\u00cdO GRATIS EN 3-7 D\u00cdAS<\/span><\/p>\n<h4 style=\"text-align: center\"><strong><span style=\"vertical-align: inherit\">C\u00d3MPRALO EN<\/span><\/strong><\/h4>\n<p style=\"text-align: center\"><a href=\"https:\/\/www.amazon.es\/dp\/B0D9VSW3Z3\/ref=sr_1_1?__mk_es_ES=%C3%85M%C3%85%C5%BD%C3%95%C3%91&amp;crid=3I8246NTVVQZ2&amp;dib=eyJ2IjoiMSJ9.veqsWJ_gH0fhZNEr0PazUw._5sVDyBTIYxE6oKcCZlOEzWtNmRj9fAHrATy7ztFVGA&amp;dib_tag=se&amp;keywords=Escalera%2Bde%2BEscape%2Bde%2BIncendio&amp;qid=1735062383&amp;s=kitchen&amp;sprefix=b08nzm8v7z%2Ckitchen%2C198&amp;sr=1-1&amp;th=1\"><img loading=\"lazy\" decoding=\"async\" class=\"aligncenter wp-image-1040 size-full\" src=\"https:\/\/isopllc.com\/es\/wp-content\/uploads\/sites\/7\/2020\/01\/amazon-button9.png\" alt=\"\" width=\"160\" height=\"59\" \/><\/a><\/p>\n<p>&nbsp;<\/p>\n","protected":false},"featured_media":5087,"comment_status":"open","ping_status":"closed","template":"","meta":[],"product_brand":[],"product_cat":[180,177],"product_tag":[68,36,90],"class_list":{"0":"post-5086","1":"product","2":"type-product","3":"status-publish","4":"has-post-thumbnail","6":"product_cat-escaleras-de-escape-para-4-pisos","7":"product_cat-escaleras-de-rescate","8":"product_tag-anclajes","9":"product_tag-equipo-de-seguridad","10":"product_tag-escalera-de-evacuacion","12":"first","13":"instock","14":"shipping-taxable","15":"purchasable","16":"product-type-simple"},"_links":{"self":[{"href":"https:\/\/isopllc.com\/es\/wp-json\/wp\/v2\/product\/5086","targetHints":{"allow":["GET"]}}],"collection":[{"href":"https:\/\/isopllc.com\/es\/wp-json\/wp\/v2\/product"}],"about":[{"href":"https:\/\/isopllc.com\/es\/wp-json\/wp\/v2\/types\/product"}],"replies":[{"embeddable":true,"href":"https:\/\/isopllc.com\/es\/wp-json\/wp\/v2\/comments?post=5086"}],"wp:featuredmedia":[{"embeddable":true,"href":"https:\/\/isopllc.com\/es\/wp-json\/wp\/v2\/media\/5087"}],"wp:attachment":[{"href":"https:\/\/isopllc.com\/es\/wp-json\/wp\/v2\/media?parent=5086"}],"wp:term":[{"taxonomy":"product_brand","embeddable":true,"href":"https:\/\/isopllc.com\/es\/wp-json\/wp\/v2\/product_brand?post=5086"},{"taxonomy":"product_cat","embeddable":true,"href":"https:\/\/isopllc.com\/es\/wp-json\/wp\/v2\/product_cat?post=5086"},{"taxonomy":"product_tag","embeddable":true,"href":"https:\/\/isopllc.com\/es\/wp-json\/wp\/v2\/product_tag?post=5086"}],"curies":[{"name":"wp","href":"https:\/\/api.w.org\/{rel}","templated":true}]}}