{"id":5161,"date":"2025-04-13T10:37:28","date_gmt":"2025-04-13T10:37:28","guid":{"rendered":"https:\/\/isopllc.com\/es\/?post_type=product&#038;p=5161"},"modified":"2025-06-30T16:01:14","modified_gmt":"2025-06-30T16:01:14","slug":"escalera-contra-incendios-montada-3-pisos","status":"publish","type":"product","link":"https:\/\/isopllc.com\/es\/product\/escalera-contra-incendios-montada-3-pisos\/","title":{"rendered":"Escalera contra incendios montada 3 pisos 8m"},"content":{"rendered":"<h1 id=\"title\" class=\"a-size-large a-spacing-none\"><span id=\"productTitle\" class=\"a-size-large product-title-word-break\">Escalera contra incendios montada en pared exterior para casa de 3 pisos 8m | Escalera de incendios impermeable | Escalera de emergencia fija instalada en una ventana o balc\u00f3n lista para eva<\/span><\/h1>\n<div class=\"celwidget aplus-module module-9 aplus-standard\">\n<div class=\"aplus-module-wrapper\">\n<div class=\"\">\n<h3 class=\"a-spacing-small\">Les presentamos una <a href=\"https:\/\/isopllc.com\/\">ISOP<\/a> Escalera contra incendios montada de 3 pisos \u00fanica que aborda varios problemas que se encuentran en casi todas las escaleras de evacuaci\u00f3n del comercio.<\/h3>\n<p class=\"a-text-center\"><img decoding=\"async\" class=\"a-spacing-mini\" src=\"https:\/\/m.media-amazon.com\/images\/S\/aplus-media-library-service-media\/ff5d31f7-b4c4-4343-b6e1-f396604141b9.__CR0,0,1200,1200_PT0_SX300_V1___.png\" alt=\"Escalera de escape\" data-src=\"https:\/\/m.media-amazon.com\/images\/S\/aplus-media-library-service-media\/ff5d31f7-b4c4-4343-b6e1-f396604141b9.__CR0,0,1200,1200_PT0_SX300_V1___.png\" data- title=\"\"><\/p>\n<p class=\"a-spacing-base\">Velocidad y Simplicidad La Escalera contra incendios montada<span class=\"a-text-bold\">\u00a0de 3 pisos<\/span>\u00a0est\u00e1 permanentemente fijada a la pared, ya sea dentro o fuera del apartamento, y siempre est\u00e1 lista para usar. \u00a1Nuestra escalera se despliega con un solo movimiento de mano en solo 1 segundo! Ninguna otra escalera de evacuaci\u00f3n contra incendios en el mercado proporciona un acceso tan inmediato para escapar de una habitaci\u00f3n en llamas. Todas las dem\u00e1s escaleras deben ser sacadas de una bolsa o caja, aseguradas a algo, arrojadas por la ventana, y solo entonces puede comenzar el descenso, todo esto mientras hay humo, p\u00e1nico y posiblemente en completa oscuridad.<\/p>\n<p>&nbsp;<\/p>\n<p class=\"a-text-center\"><img decoding=\"async\" class=\"a-spacing-mini\" src=\"https:\/\/m.media-amazon.com\/images\/S\/aplus-media-library-service-media\/6cb71b67-32f2-4b1d-9d27-b64020b0f8a3.__CR0,0,900,900_PT0_SX300_V1___.jpg\" alt=\"Escalera de incendios \" data-src=\"https:\/\/m.media-amazon.com\/images\/S\/aplus-media-library-service-media\/6cb71b67-32f2-4b1d-9d27-b64020b0f8a3.__CR0,0,900,900_PT0_SX300_V1___.jpg\" data- title=\"\"><\/p>\n<p class=\"a-spacing-base\">Estabilidad \u2013 Es excepcionalmente estable porque tiene separadores que evitan que est\u00e9 demasiado cerca de la pared, haci\u00e9ndola tan estable como una escalera de hierro montada de manera permanente. No se balancea en todas direcciones como una escalera de cuerda t\u00edpica y barata.<\/p>\n<p class=\"a-spacing-base\">Ahorro de espacio \u2013 No ocupa espacio dentro del apartamento, ya que puede montarse en la pared exterior debajo de una ventana o balc\u00f3n.<\/p>\n<p>&nbsp;<\/p>\n<p class=\"a-text-center\"><img decoding=\"async\" class=\"a-spacing-mini\" src=\"https:\/\/m.media-amazon.com\/images\/S\/aplus-media-library-service-media\/1403546f-303d-47ec-bbba-430fb502c4a8.__CR0,0,1200,1200_PT0_SX300_V1___.png\" alt=\"Escalera de escape 4m\" data-src=\"https:\/\/m.media-amazon.com\/images\/S\/aplus-media-library-service-media\/1403546f-303d-47ec-bbba-430fb502c4a8.__CR0,0,1200,1200_PT0_SX300_V1___.png\" data- title=\"\"><\/p>\n<p class=\"a-spacing-base\">Impermeable \u2013 Hecha completamente de materiales impermeables, no fallar\u00e1 como otras escaleras de emergencia de competidores.<\/p>\n<p class=\"a-spacing-base\">Reutilizable \u2013 Escalera colgante dise\u00f1ada para m\u00faltiples usos, ya que todos los materiales son s\u00faper duraderos y est\u00e1n probados para soportar fuerza.<\/p>\n<p class=\"a-spacing-base\">Antirrobo \u2013 Despu\u00e9s de descender por la escalera de emergencia de dos pisos, puedes retraerla hacia arriba, evitando que los ladrones la utilicen.<\/p>\n<p>&nbsp;<\/p>\n<\/div>\n<\/div>\n<\/div>\n<div class=\"celwidget aplus-module module-9 aplus-standard\">\n<div class=\"aplus-module-wrapper\">\n<div class=\"\">\n<p class=\"a-text-center\"><img decoding=\"async\" class=\"a-spacing-mini\" src=\"https:\/\/m.media-amazon.com\/images\/S\/aplus-media-library-service-media\/c4bc4c42-e6a5-406b-be6c-1d0376ef1a60.__CR0,0,1080,1080_PT0_SX300_V1___.png\" alt=\"Escalera de incendios \" data-src=\"https:\/\/m.media-amazon.com\/images\/S\/aplus-media-library-service-media\/c4bc4c42-e6a5-406b-be6c-1d0376ef1a60.__CR0,0,1080,1080_PT0_SX300_V1___.png\" data- title=\"\"><\/p>\n<p class=\"a-spacing-base\">La Escalera contra incendios montada de 3 pisos es impermeable y resistente a la intemperie, excepcionalmente estable con separadores, y puede soportar hasta 460 lbs. La escalera de emergencia montada en la pared est\u00e1 fijada a la pared, con solo el primer pelda\u00f1o asegurado, mientras que el resto se despliega f\u00e1cilmente y se puede retraer. Esto te permite usarla sin perder preciosos segundos durante una emergencia de incendio.<\/p>\n<p>&nbsp;<\/p>\n<p class=\"a-text-center\"><img decoding=\"async\" class=\"a-spacing-mini\" src=\"https:\/\/m.media-amazon.com\/images\/S\/aplus-media-library-service-media\/9830358c-c4de-46fe-90c5-c4da80aa812f.__CR1,0,1002,1002_PT0_SX300_V1___.png\" alt=\"Escalera de protecci\u00f3n\" data-src=\"https:\/\/m.media-amazon.com\/images\/S\/aplus-media-library-service-media\/9830358c-c4de-46fe-90c5-c4da80aa812f.__CR1,0,1002,1002_PT0_SX300_V1___.png\" data- title=\"\"><\/p>\n<p class=\"a-spacing-base\">Siendo universal, puedes usar esta escalera para emergencias de incendios en cualquier lugar, ya sea en un pozo, en un techo, en un b\u00fanker o en edificios de varios pisos. A diferencia de otras escaleras permanentes para emergencias de incendios, estas no pueden ser utilizadas por ladrones; simplemente las retraes una vez que has descendido. Todas las partes de la escalera externa est\u00e1n hechas de materiales anti\u00f3xido como el acero inoxidable, y la cinta est\u00e1 hecha de un raro material repelente al agua.<\/p>\n<p>&nbsp;<\/p>\n<p class=\"a-text-center\"><img decoding=\"async\" class=\"a-spacing-mini\" src=\"https:\/\/m.media-amazon.com\/images\/S\/aplus-media-library-service-media\/7fc77428-74ee-4e30-aa27-91fbd250b3ef.__CR0,0,1200,1200_PT0_SX300_V1___.png\" alt=\" Escalera de rescate\" data-src=\"https:\/\/m.media-amazon.com\/images\/S\/aplus-media-library-service-media\/7fc77428-74ee-4e30-aa27-91fbd250b3ef.__CR0,0,1200,1200_PT0_SX300_V1___.png\" data- title=\"\"><\/p>\n<p class=\"a-spacing-base\">Instrucciones de aplicaci\u00f3n:<\/p>\n<p class=\"a-spacing-base\">1) Asegura el primer pelda\u00f1o a una pared exterior debajo de la ventana (o opcionalmente a una pared interior).<\/p>\n<p class=\"a-spacing-base\">2) Durante su uso, despliega la cubierta de la cinta de seguridad y arroja la escalera hacia abajo.<\/p>\n<p class=\"a-spacing-base\">3) Usando ambas manos en los pelda\u00f1os, desciende lentamente.<\/p>\n<p>&nbsp;<\/p>\n<\/div>\n<\/div>\n<\/div>\n<div class=\"celwidget aplus-module module-9 aplus-standard\">\n<div class=\"aplus-module-wrapper\">\n<div class=\"\">\n<p class=\"a-text-center\"><img decoding=\"async\" class=\"a-spacing-mini\" src=\"https:\/\/m.media-amazon.com\/images\/S\/aplus-media-library-service-media\/63749e1a-5a93-4543-a9d2-905dbfb2ba01.__CR0,0,750,750_PT0_SX300_V1___.jpeg\" alt=\"Escalera de emergencia\" data-src=\"https:\/\/m.media-amazon.com\/images\/S\/aplus-media-library-service-media\/63749e1a-5a93-4543-a9d2-905dbfb2ba01.__CR0,0,750,750_PT0_SX300_V1___.jpeg\" data- title=\"\"><\/p>\n<p class=\"a-spacing-base\">Las escaleras de emergencia montadas en la pared son libres de enredos, compactas, reutilizables, tienen diferentes longitudes, son ligeras, aptas para exteriores e interiores, multifuncionales y duraderas. La mejor opci\u00f3n para la seguridad contra incendios de tu familia. Las escaleras de acceso permanentemente fijadas son una caracter\u00edstica de seguridad cr\u00edtica dise\u00f1ada para proporcionar un medio fiable y accesible de evacuaci\u00f3n durante emergencias de incendio. Est\u00e1n firmemente sujetas a una estructura, asegurando que siempre est\u00e9n listas para su uso.<\/p>\n<p>&nbsp;<\/p>\n<p class=\"a-text-center\"><img decoding=\"async\" class=\"a-spacing-mini\" src=\"https:\/\/m.media-amazon.com\/images\/S\/aplus-media-library-service-media\/65fef93e-da2f-43b1-9b89-781a85d65afb.__CR0,0,1080,1080_PT0_SX300_V1___.png\" alt=\"Escalera de emergencia\" data-src=\"https:\/\/m.media-amazon.com\/images\/S\/aplus-media-library-service-media\/65fef93e-da2f-43b1-9b89-781a85d65afb.__CR0,0,1080,1080_PT0_SX300_V1___.png\" data- title=\"\"><\/p>\n<p class=\"a-spacing-base\">Uso residencial: Proporciona una salida de emergencia para hogares, especialmente en edificios de varios pisos.<\/p>\n<p class=\"a-spacing-base\">Edificios comerciales: Asegura el cumplimiento de los c\u00f3digos de seguridad contra incendios y facilita la evacuaci\u00f3n segura para empleados y visitantes.<\/p>\n<p><img loading=\"lazy\" decoding=\"async\" class=\"alignnone  wp-image-5269\" src=\"https:\/\/isopllc.com\/es\/wp-content\/uploads\/sites\/7\/2025\/04\/Certificado.jpg\" alt=\"Certificado Escalera contra incendios\" width=\"317\" height=\"317\" title=\"\" srcset=\"https:\/\/isopllc.com\/es\/wp-content\/uploads\/sites\/7\/2025\/04\/Certificado.jpg 1080w, https:\/\/isopllc.com\/es\/wp-content\/uploads\/sites\/7\/2025\/04\/Certificado-150x150.jpg 150w, https:\/\/isopllc.com\/es\/wp-content\/uploads\/sites\/7\/2025\/04\/Certificado-768x768.jpg 768w, https:\/\/isopllc.com\/es\/wp-content\/uploads\/sites\/7\/2025\/04\/Certificado-1000x1000.jpg 1000w, https:\/\/isopllc.com\/es\/wp-content\/uploads\/sites\/7\/2025\/04\/Certificado-416x416.jpg 416w, https:\/\/isopllc.com\/es\/wp-content\/uploads\/sites\/7\/2025\/04\/Certificado-100x100.jpg 100w\" sizes=\"auto, (max-width: 317px) 100vw, 317px\" \/><\/p>\n<p>Certificado<\/p>\n<p>Nuestras escaleras, a diferencia de otras similares en el mercado, est\u00e1n certificadas con el est\u00e1ndar de calidad EN 131. Es mejor confiar tu vida a un producto que ha pasado todas las pruebas necesarias que a uno un poco m\u00e1s barato, hecho qui\u00e9n sabe con qu\u00e9.<\/p>\n<p>&nbsp;<\/p>\n<p class=\"a-text-center\"><img decoding=\"async\" class=\"a-spacing-mini\" src=\"https:\/\/m.media-amazon.com\/images\/S\/aplus-media-library-service-media\/9472f234-c22f-4e58-98e4-424c5ed4996c.__CR0,0,1080,1080_PT0_SX300_V1___.png\" alt=\"Escalera de Seguridad\" data-src=\"https:\/\/m.media-amazon.com\/images\/S\/aplus-media-library-service-media\/9472f234-c22f-4e58-98e4-424c5ed4996c.__CR0,0,1080,1080_PT0_SX300_V1___.png\" data- title=\"\"><\/p>\n<p class=\"a-spacing-base\">Sitos industriales: Ofrece rutas de escape r\u00e1pidas en f\u00e1bricas, almacenes o entornos similares.<\/p>\n<p class=\"a-spacing-base\">Hospitales y escuelas: Proporciona una ruta de evacuaci\u00f3n segura para poblaciones vulnerables, como pacientes y estudiantes.<\/p>\n<p class=\"a-spacing-base\">Hoteles y rascacielos: Cr\u00edtico para garantizar la seguridad de los hu\u00e9spedes y residentes en situaciones de emergencia.<\/p>\n<article class=\"text-token-text-primary w-full\" dir=\"auto\" data-testid=\"conversation-turn-48\" data-scroll-anchor=\"true\">\n<div class=\"text-base my-auto mx-auto py-5 [--thread-content-margin:--spacing(4)] @[37rem]:[--thread-content-margin:--spacing(6)] @[72rem]:[--thread-content-margin:--spacing(16)] px-(--thread-content-margin)\">\n<div class=\"[--thread-content-max-width:32rem] @[34rem]:[--thread-content-max-width:40rem] @[64rem]:[--thread-content-max-width:48rem] mx-auto flex max-w-(--thread-content-max-width) flex-1 text-base gap-4 md:gap-5 lg:gap-6 group\/turn-messages focus-visible:outline-hidden\">\n<div class=\"group\/conversation-turn relative flex w-full min-w-0 flex-col agent-turn\">\n<div class=\"relative flex-col gap-1 md:gap-3\">\n<div class=\"flex max-w-full flex-col grow\">\n<div class=\"min-h-8 text-message relative flex w-full flex-col items-end gap-2 text-start break-words whitespace-normal [.text-message+&amp;]:mt-5\" dir=\"auto\" data-message-author-role=\"assistant\" data-message-id=\"efb10c31-0ea9-4dfc-b17a-0b5cac8e43ca\" data-message-model-slug=\"gpt-4o\">\n<div class=\"flex w-full flex-col gap-1 empty:hidden first:pt-[3px]\">\n<div class=\"markdown prose dark:prose-invert w-full break-words light\">\n<p data-start=\"0\" data-end=\"25\" data-is-last-node=\"\" data-is-only-node=\"\">Tambi\u00e9n disponible en <a href=\"https:\/\/isopllc.com\/es\/product\/escalera-contra-incendios-permanente-4m\/\"><strong>4m<\/strong><\/a>.<\/p>\n<\/div>\n<\/div>\n<\/div>\n<\/div>\n<\/div>\n<\/div>\n<\/div>\n<\/div>\n<\/article>\n<\/div>\n<\/div>\n<\/div>\n","protected":false},"excerpt":{"rendered":"[embed]https:\/\/youtu.be\/7Ojk0fAWS5Y?si=FPgZu1wdWNQD5krM[\/embed]\n<p id=\"title\" class=\"a-size-large a-spacing-none\" style=\"text-align: center\"><span id=\"productTitle\" class=\"a-size-large product-title-word-break\">Escalera contra incendios montada en pared exterior para casa de 3 pisos 8m | Escalera de incendios impermeable | Escalera de emergencia fija instalada en una ventana o balc\u00f3n lista para eva<\/span><\/p>\n<p style=\"text-align: center\">ENV\u00cdO GRATIS EN 3-7 D\u00cdAS<\/p>\n<h4 style=\"text-align: center\"><strong>C\u00d3MPRALO EN<\/strong><\/h4>\n<p><a href=\"https:\/\/www.amazon.es\/dp\/B0D8J3XHKR\/ref=sr_1_1?__mk_es_ES=%C3%85M%C3%85%C5%BD%C3%95%C3%91&amp;crid=1X58DI91F5VWL&amp;dib=eyJ2IjoiMSJ9.FppElR5DPe3UD2ugflYbag.zUvkdmLKfIa7qAvY7UbYXQU3LBLOEtqQ-pxuaALQuKM&amp;dib_tag=se&amp;keywords=Escalera%2Bde%2Bescape%2Bcontra%2Bincendios%2Bmontada%2Ben%2Bpared%2Bexterior%2Bpara%2Bcasa%2Bde%2B3%2Bpisos&amp;qid=1744540695&amp;s=kitchen&amp;sprefix=b0d8j3xhkr%2Ckitchen%2C283&amp;sr=1-1&amp;ufe=app_do%3Aamzn1.fos.5e544547-1f8e-4072-8c08-ed563e39fc7d&amp;th=1\"><img loading=\"lazy\" decoding=\"async\" class=\"aligncenter wp-image-1040 size-full\" src=\"https:\/\/isopllc.com\/es\/wp-content\/uploads\/sites\/7\/2020\/01\/amazon-button9.png\" alt=\"\" width=\"160\" height=\"59\" \/><\/a><\/p>\n","protected":false},"featured_media":5155,"comment_status":"open","ping_status":"closed","template":"","meta":[],"product_brand":[],"product_cat":[178,182,176],"product_tag":[146],"class_list":{"0":"post-5161","1":"product","2":"type-product","3":"status-publish","4":"has-post-thumbnail","6":"product_cat-escaleras-de-escape-con-soporte","7":"product_cat-escaleras-de-escape-para-2-pisos","8":"product_cat-escaleras-montadas-en-la-pared","9":"product_tag-peldanos-de-pared","11":"first","12":"instock","13":"shipping-taxable","14":"purchasable","15":"product-type-simple"},"_links":{"self":[{"href":"https:\/\/isopllc.com\/es\/wp-json\/wp\/v2\/product\/5161","targetHints":{"allow":["GET"]}}],"collection":[{"href":"https:\/\/isopllc.com\/es\/wp-json\/wp\/v2\/product"}],"about":[{"href":"https:\/\/isopllc.com\/es\/wp-json\/wp\/v2\/types\/product"}],"replies":[{"embeddable":true,"href":"https:\/\/isopllc.com\/es\/wp-json\/wp\/v2\/comments?post=5161"}],"wp:featuredmedia":[{"embeddable":true,"href":"https:\/\/isopllc.com\/es\/wp-json\/wp\/v2\/media\/5155"}],"wp:attachment":[{"href":"https:\/\/isopllc.com\/es\/wp-json\/wp\/v2\/media?parent=5161"}],"wp:term":[{"taxonomy":"product_brand","embeddable":true,"href":"https:\/\/isopllc.com\/es\/wp-json\/wp\/v2\/product_brand?post=5161"},{"taxonomy":"product_cat","embeddable":true,"href":"https:\/\/isopllc.com\/es\/wp-json\/wp\/v2\/product_cat?post=5161"},{"taxonomy":"product_tag","embeddable":true,"href":"https:\/\/isopllc.com\/es\/wp-json\/wp\/v2\/product_tag?post=5161"}],"curies":[{"name":"wp","href":"https:\/\/api.w.org\/{rel}","templated":true}]}}