{"id":5167,"date":"2025-04-29T10:07:48","date_gmt":"2025-04-29T10:07:48","guid":{"rendered":"https:\/\/isopllc.com\/es\/?post_type=product&#038;p=5167"},"modified":"2025-11-16T16:02:40","modified_gmt":"2025-11-16T16:02:40","slug":"escalera-fija-en-pared-de-4-escalones","status":"publish","type":"product","link":"https:\/\/isopllc.com\/es\/product\/escalera-fija-en-pared-de-4-escalones\/","title":{"rendered":"Escalera Fija en Pared de 4 Escalones &#8211; Vertical Montada"},"content":{"rendered":"<h2 id=\"title\" class=\"a-size-large a-spacing-none\"><span id=\"productTitle\" class=\"a-size-large product-title-word-break\">Escalera Fija en Pared de 4 Escalones &#8211; Escalera de Salida para Ventanas de S\u00f3tano &#8211; Escalera de Metal de 4 Escalones para \u00c1ticos de Caravana &#8211; Escalera Montada en Pared de 4 Escalones<\/span><\/h2>\n<p><img loading=\"lazy\" decoding=\"async\" class=\"alignnone wp-image-5170\" src=\"https:\/\/isopllc.com\/es\/wp-content\/uploads\/sites\/7\/2025\/04\/permanent-step-5-rungs-1.jpg\" alt=\"\" width=\"488\" height=\"302\" title=\"\" srcset=\"https:\/\/isopllc.com\/es\/wp-content\/uploads\/sites\/7\/2025\/04\/permanent-step-5-rungs-1.jpg 970w, https:\/\/isopllc.com\/es\/wp-content\/uploads\/sites\/7\/2025\/04\/permanent-step-5-rungs-1-768x475.jpg 768w, https:\/\/isopllc.com\/es\/wp-content\/uploads\/sites\/7\/2025\/04\/permanent-step-5-rungs-1-416x257.jpg 416w\" sizes=\"auto, (max-width: 488px) 100vw, 488px\" \/><\/p>\n<p data-start=\"133\" data-end=\"541\">Si est\u00e1 buscando una escalera vers\u00e1til, duradera y que ahorre espacio, que ofrezca un acceso seguro a \u00e1ticos, literas y ventanas de salida, esta <a href=\"https:\/\/isopllc.com\/\">Escalera Fija en Pared de 4 Escalones<\/a> es la soluci\u00f3n perfecta. Dise\u00f1ada para ofrecer estabilidad y comodidad, esta escalera de pared proporciona un ascenso y descenso seguro y f\u00e1cil, por lo que es una opci\u00f3n ideal para hogares, lofts y montajes decorativos.<\/p>\n<h4 data-start=\"2677\" data-end=\"2719\">F\u00e1cil Instalaci\u00f3n y Mantenimiento<\/h4>\n<p>Esta Escalera Fija en Pared de 4 Escalones viene con todos los herrajes necesarios para una instalaci\u00f3n sin complicaciones. S\u00f3lo tiene que seguir las instrucciones suministradas para montarla de forma segura en la superficie de pared que desee. La duradera construcci\u00f3n de metal garantiza que la escalera requiera un mantenimiento m\u00ednimo, con propiedades resistentes al \u00f3xido y a la corrosi\u00f3n que la hacen adecuada para uso en interiores y semi-exteriores.<\/p>\n<p><img loading=\"lazy\" decoding=\"async\" class=\"alignnone wp-image-5171\" src=\"https:\/\/isopllc.com\/es\/wp-content\/uploads\/sites\/7\/2025\/04\/permanent-step-5-rungs-2.jpg\" alt=\"\" width=\"309\" height=\"309\" title=\"\" srcset=\"https:\/\/isopllc.com\/es\/wp-content\/uploads\/sites\/7\/2025\/04\/permanent-step-5-rungs-2.jpg 1500w, https:\/\/isopllc.com\/es\/wp-content\/uploads\/sites\/7\/2025\/04\/permanent-step-5-rungs-2-150x150.jpg 150w, https:\/\/isopllc.com\/es\/wp-content\/uploads\/sites\/7\/2025\/04\/permanent-step-5-rungs-2-768x768.jpg 768w, https:\/\/isopllc.com\/es\/wp-content\/uploads\/sites\/7\/2025\/04\/permanent-step-5-rungs-2-1000x1000.jpg 1000w, https:\/\/isopllc.com\/es\/wp-content\/uploads\/sites\/7\/2025\/04\/permanent-step-5-rungs-2-416x416.jpg 416w, https:\/\/isopllc.com\/es\/wp-content\/uploads\/sites\/7\/2025\/04\/permanent-step-5-rungs-2-100x100.jpg 100w\" sizes=\"auto, (max-width: 309px) 100vw, 309px\" \/><\/p>\n<p>Estas Escalera Fija en Pared de 4 Escalones en la pared se integran perfectamente en cualquier entorno interior o exterior.<\/p>\n<p><img loading=\"lazy\" decoding=\"async\" class=\"alignnone size-full wp-image-5202\" src=\"https:\/\/isopllc.com\/es\/wp-content\/uploads\/sites\/7\/2025\/04\/permanent-step-4-rungs2.jpeg\" alt=\"Escalera de Salida\" width=\"300\" height=\"300\" title=\"\" srcset=\"https:\/\/isopllc.com\/es\/wp-content\/uploads\/sites\/7\/2025\/04\/permanent-step-4-rungs2.jpeg 300w, https:\/\/isopllc.com\/es\/wp-content\/uploads\/sites\/7\/2025\/04\/permanent-step-4-rungs2-150x150.jpeg 150w, https:\/\/isopllc.com\/es\/wp-content\/uploads\/sites\/7\/2025\/04\/permanent-step-4-rungs2-100x100.jpeg 100w\" sizes=\"auto, (max-width: 300px) 100vw, 300px\" \/><\/p>\n<h4 data-start=\"1034\" data-end=\"1086\">Uso vers\u00e1til para m\u00faltiples aplicaciones<\/h4>\n<p data-start=\"1087\" data-end=\"1170\">Esta Escalera Fija en Pared de 4 Escalones est\u00e1 dise\u00f1ada para atender a varios usos, incluyendo:<\/p>\n<ul data-start=\"1171\" data-end=\"1670\">\n<li data-start=\"1171\" data-end=\"1256\"><strong data-start=\"1173\" data-end=\"1190\">Acceso al \u00e1tico: <\/strong>Ideal para acceder de forma segura a \u00e1ticos sin ocupar espacio en el suelo.<\/li>\n<li data-start=\"1171\" data-end=\"1256\"><strong data-start=\"1173\" data-end=\"1190\">Ventanas de salida: <\/strong>Asegura rutas de escape r\u00e1pidas y f\u00e1ciles en situaciones de emergencia.<\/li>\n<li data-start=\"1171\" data-end=\"1256\"><strong data-start=\"1173\" data-end=\"1190\">Literas: <\/strong>Proporciona un acceso seguro y estable a literas para ni\u00f1os y adultos.<\/li>\n<li data-start=\"1171\" data-end=\"1256\"><strong data-start=\"1173\" data-end=\"1190\">Decoraci\u00f3n y almacenamiento: <\/strong>Perfecto para decoraci\u00f3n minimalista y de estilo industrial, as\u00ed como para alcanzar estanter\u00edas altas en espacios habitables.<\/li>\n<li data-start=\"1171\" data-end=\"1256\"><strong data-start=\"1173\" data-end=\"1190\">Uso en garajes y talleres: <\/strong>Puede instalarse en garajes o talleres para acceder a zonas elevadas.<\/li>\n<\/ul>\n<p>Adem\u00e1s, son adecuadas para casas rodantes, barcos y buques.<\/p>\n<p><img loading=\"lazy\" decoding=\"async\" class=\"alignnone size-full wp-image-5200\" src=\"https:\/\/isopllc.com\/es\/wp-content\/uploads\/sites\/7\/2025\/04\/permanent-step-4-rungs.jpeg\" alt=\"Escalera de Metal\" width=\"300\" height=\"300\" title=\"\" srcset=\"https:\/\/isopllc.com\/es\/wp-content\/uploads\/sites\/7\/2025\/04\/permanent-step-4-rungs.jpeg 300w, https:\/\/isopllc.com\/es\/wp-content\/uploads\/sites\/7\/2025\/04\/permanent-step-4-rungs-150x150.jpeg 150w, https:\/\/isopllc.com\/es\/wp-content\/uploads\/sites\/7\/2025\/04\/permanent-step-4-rungs-100x100.jpeg 100w\" sizes=\"auto, (max-width: 300px) 100vw, 300px\" \/><\/p>\n<div class=\"celwidget aplus-module premium-module-4-two-column-images aplus-premium\" data-csa-c-id=\"15yl7x-eio1n0-m9lh6n-socwzs\" data-cel-widget=\"aplus-premium-module-4-two-column-images\">\n<div class=\"a-section a-spacing-none premium-aplus premium-aplus-module-4 aplus-container-1\">\n<div class=\"a-section a-spacing-none premium-aplus-two-column\">\n<div class=\"a-section a-spacing-none premium-aplus-column\">\n<div class=\"a-section a-spacing-none column-description\">\n<p class=\"aplus-p3\">El uso de materiales resistentes a la corrosi\u00f3n garantiza una durabilidad duradera.<\/p>\n<p><img loading=\"lazy\" decoding=\"async\" class=\"alignnone size-full wp-image-5178\" src=\"https:\/\/isopllc.com\/es\/wp-content\/uploads\/sites\/7\/2025\/04\/permanent-step-5-rungs-10.jpeg\" alt=\"\" width=\"300\" height=\"300\" title=\"\" srcset=\"https:\/\/isopllc.com\/es\/wp-content\/uploads\/sites\/7\/2025\/04\/permanent-step-5-rungs-10.jpeg 300w, https:\/\/isopllc.com\/es\/wp-content\/uploads\/sites\/7\/2025\/04\/permanent-step-5-rungs-10-150x150.jpeg 150w, https:\/\/isopllc.com\/es\/wp-content\/uploads\/sites\/7\/2025\/04\/permanent-step-5-rungs-10-100x100.jpeg 100w\" sizes=\"auto, (max-width: 300px) 100vw, 300px\" \/><\/p>\n<h4 data-start=\"543\" data-end=\"587\">Construcci\u00f3n Duradera y Resistente<\/h4>\n<p data-start=\"588\" data-end=\"1032\">Fabricada en metal de alta calidad, esta escalera de 4 pelda\u00f1os est\u00e1 hecha para soportar el uso diario manteniendo su robustez y fiabilidad. El dise\u00f1o de montaje en pared garantiza una instalaci\u00f3n firme y segura, eliminando los riesgos de tambaleo o inestabilidad. Ya sea que la necesite para el acceso regular al \u00e1tico, la seguridad de la litera o las rutas de escape de la ventana de salida, esta escalera est\u00e1 dise\u00f1ada para durar a\u00f1os con un mantenimiento m\u00ednimo.<\/p>\n<p>Construcci\u00f3n robusta: Construido a partir de materiales robustos como el acero galvanizado o aluminio, estos Escalera Fija en Pared de 4 Escalones est\u00e1n dise\u00f1ados para la durabilidad y pueden soportar un peso significativo.<\/p>\n<p><img loading=\"lazy\" decoding=\"async\" class=\"alignnone size-full wp-image-5179\" src=\"https:\/\/isopllc.com\/es\/wp-content\/uploads\/sites\/7\/2025\/04\/permanent-step-5-rungs-11.jpeg\" alt=\"Escalera Montada en Pared\" width=\"300\" height=\"300\" title=\"\" srcset=\"https:\/\/isopllc.com\/es\/wp-content\/uploads\/sites\/7\/2025\/04\/permanent-step-5-rungs-11.jpeg 300w, https:\/\/isopllc.com\/es\/wp-content\/uploads\/sites\/7\/2025\/04\/permanent-step-5-rungs-11-150x150.jpeg 150w, https:\/\/isopllc.com\/es\/wp-content\/uploads\/sites\/7\/2025\/04\/permanent-step-5-rungs-11-100x100.jpeg 100w\" sizes=\"auto, (max-width: 300px) 100vw, 300px\" \/><\/p>\n<h4 data-start=\"1672\" data-end=\"1715\">Ahorro de Espacio y Dise\u00f1o Fijado a la Pared<\/h4>\n<p data-start=\"1716\" data-end=\"2193\">A diferencia de las voluminosas escaleras tradicionales, este modelo de montaje en pared permanece firmemente sujeto a la pared, lo que lo convierte en una eficaz soluci\u00f3n para ahorrar espacio. Tanto si tiene una vivienda peque\u00f1a, un desv\u00e1n o una zona de almacenamiento compacta, esta escalera ayuda a maximizar el espacio del suelo a la vez que proporciona un c\u00f3modo acceso a los espacios elevados. Su dise\u00f1o elegante y minimalista combina bien con los interiores modernos, por lo que es un excelente complemento decorativo y funcional para cualquier hogar.<\/p>\n<p data-start=\"1716\" data-end=\"2193\">Ultra Protect Escalera Fija en Pared de 4 Escalones: Conocida por su construcci\u00f3n resistente y sus caracter\u00edsticas antideslizantes, lo que la convierte en una opci\u00f3n fiable para los pozos de las ventanas de los s\u00f3tanos.<\/p>\n<p><img loading=\"lazy\" decoding=\"async\" class=\"alignnone size-full wp-image-5201\" src=\"https:\/\/isopllc.com\/es\/wp-content\/uploads\/sites\/7\/2025\/04\/permanent-step-4-rungs1.jpeg\" alt=\"Escalera Montada en Pared\" width=\"300\" height=\"300\" title=\"\" srcset=\"https:\/\/isopllc.com\/es\/wp-content\/uploads\/sites\/7\/2025\/04\/permanent-step-4-rungs1.jpeg 300w, https:\/\/isopllc.com\/es\/wp-content\/uploads\/sites\/7\/2025\/04\/permanent-step-4-rungs1-150x150.jpeg 150w, https:\/\/isopllc.com\/es\/wp-content\/uploads\/sites\/7\/2025\/04\/permanent-step-4-rungs1-100x100.jpeg 100w\" sizes=\"auto, (max-width: 300px) 100vw, 300px\" \/><\/p>\n<h4 data-start=\"2195\" data-end=\"2236\">Acceso Seguro de Cuatro Pelda\u00f1os<\/h4>\n<p data-start=\"2237\" data-end=\"2675\">Los 4 pelda\u00f1os espaciados uniformemente garantizan una escalada c\u00f3moda y segura, permitiendo a usuarios de todas las edades ascender y descender con facilidad. Cada pelda\u00f1o est\u00e1 dise\u00f1ado con una superficie antideslizante que reduce el riesgo de resbalones y ca\u00eddas. La estable estructura met\u00e1lica proporciona un mayor soporte de peso, por lo que es adecuada tanto para ni\u00f1os como para adultos. Adem\u00e1s, la instalaci\u00f3n en la pared evita que se mueva, mejorando a\u00fan m\u00e1s la seguridad.<\/p>\n<p>Los usuarios han elogiado estas escaleras por su durabilidad y funcionalidad. Mencionaron que la escalera de 4 pelda\u00f1os es duradera y puede soportar al menos un peso de 90 kg, destacando su construcci\u00f3n robusta.<\/p>\n<p><img loading=\"lazy\" decoding=\"async\" class=\"alignnone size-full wp-image-5180\" src=\"https:\/\/isopllc.com\/es\/wp-content\/uploads\/sites\/7\/2025\/04\/permanent-step-5-rungs-12.jpeg\" alt=\"\" width=\"300\" height=\"300\" title=\"\" srcset=\"https:\/\/isopllc.com\/es\/wp-content\/uploads\/sites\/7\/2025\/04\/permanent-step-5-rungs-12.jpeg 300w, https:\/\/isopllc.com\/es\/wp-content\/uploads\/sites\/7\/2025\/04\/permanent-step-5-rungs-12-150x150.jpeg 150w, https:\/\/isopllc.com\/es\/wp-content\/uploads\/sites\/7\/2025\/04\/permanent-step-5-rungs-12-100x100.jpeg 100w\" sizes=\"auto, (max-width: 300px) 100vw, 300px\" \/><\/p>\n<h4 data-start=\"3113\" data-end=\"3158\">Elegante Dise\u00f1o Industrial y Moderno<\/h4>\n<p data-start=\"3159\" data-end=\"3582\">Aparte de sus ventajas funcionales, esta escalera de pared tambi\u00e9n sirve como pieza de decoraci\u00f3n elegante y moderna. El elegante acabado met\u00e1lico a\u00f1ade una est\u00e9tica industrial a las casas, lofts y apartamentos, por lo que es una adici\u00f3n atractiva y pr\u00e1ctica a su espacio vital. Tanto si se utiliza para almacenamiento, decoraci\u00f3n o seguridad, esta escalera mejora el aspecto general y la funcionalidad de cualquier habitaci\u00f3n.<\/p>\n<p>Su dise\u00f1o minimalista se integra perfectamente en interiores contempor\u00e1neos, proporcionando funcionalidad y realce est\u00e9tico.<\/p>\n<p><img loading=\"lazy\" decoding=\"async\" class=\"alignnone wp-image-5204\" src=\"https:\/\/isopllc.com\/es\/wp-content\/uploads\/sites\/7\/2025\/04\/permanent-step-4-rungs4.jpg\" alt=\"\" width=\"307\" height=\"306\" title=\"\" srcset=\"https:\/\/isopllc.com\/es\/wp-content\/uploads\/sites\/7\/2025\/04\/permanent-step-4-rungs4.jpg 1500w, https:\/\/isopllc.com\/es\/wp-content\/uploads\/sites\/7\/2025\/04\/permanent-step-4-rungs4-150x150.jpg 150w, https:\/\/isopllc.com\/es\/wp-content\/uploads\/sites\/7\/2025\/04\/permanent-step-4-rungs4-768x766.jpg 768w, https:\/\/isopllc.com\/es\/wp-content\/uploads\/sites\/7\/2025\/04\/permanent-step-4-rungs4-1000x998.jpg 1000w, https:\/\/isopllc.com\/es\/wp-content\/uploads\/sites\/7\/2025\/04\/permanent-step-4-rungs4-416x415.jpg 416w, https:\/\/isopllc.com\/es\/wp-content\/uploads\/sites\/7\/2025\/04\/permanent-step-4-rungs4-100x100.jpg 100w\" sizes=\"auto, (max-width: 307px) 100vw, 307px\" \/><\/p>\n<h4>Perfecta para Casas, Lofts y Espacios Peque\u00f1os<\/h4>\n<p data-start=\"4193\" data-end=\"4478\">Tanto si necesita una soluci\u00f3n pr\u00e1ctica de acceso para espacios reducidos como un elemento decorativo para su hogar, esta escalera met\u00e1lica de cuatro pelda\u00f1os es un complemento imprescindible. Su versatilidad, durabilidad y seguridad la convierten en la mejor elecci\u00f3n para propietarios, dise\u00f1adores y constructores.<br \/>\nEsta escalera ofrece funcionalidad y mejora est\u00e9tica.<\/p>\n<h3 data-start=\"4480\" data-end=\"4513\">\u00bfPor qu\u00e9 elegir esta Escalera Fija en Pared de 4 Escalones?<\/h3>\n<ul data-start=\"4514\" data-end=\"4816\">\n<li data-start=\"4514\" data-end=\"4588\"><strong data-start=\"4516\" data-end=\"4531\">Ahorra espacio a la vez que proporciona un acceso de escalada seguro y estable.<\/strong><\/li>\n<li data-start=\"4514\" data-end=\"4588\"><strong data-start=\"4516\" data-end=\"4531\">Uso vers\u00e1til para \u00e1ticos, literas, ventanas y decoraci\u00f3n moderna del hogar.<\/strong><\/li>\n<li data-start=\"4514\" data-end=\"4588\"><strong data-start=\"4516\" data-end=\"4531\">Construcci\u00f3n met\u00e1lica de alta calidad que garantiza durabilidad y rendimiento a largo plazo.<\/strong><\/li>\n<li data-start=\"4514\" data-end=\"4588\"><strong data-start=\"4516\" data-end=\"4531\">F\u00e1cil de instalar con un aspecto elegante y minimalista.<\/strong><\/li>\n<\/ul>\n<p data-start=\"4818\" data-end=\"4927\" data-is-last-node=\"\" data-is-only-node=\"\">\ud83d\uded2 Mejore la funcionalidad y la seguridad de su hogar. \u00a1Pida hoy mismo su Escalera Fija en Pared de 4 Escalones en Amazon!\u00a0\ud83d\ude80<\/p>\n<p data-start=\"4818\" data-end=\"4927\" data-is-last-node=\"\" data-is-only-node=\"\">Tambi\u00e9n disponible en <a href=\"https:\/\/isopllc.com\/es\/product\/escalera-permanente-de-2-escalones-2\/\"><strong>2 escalones<\/strong><\/a>, <a href=\"https:\/\/isopllc.com\/es\/product\/escalera-incorporada-de-3-escalones\/\"><strong>3 escalones<\/strong><\/a> y <a href=\"https:\/\/isopllc.com\/es\/product\/escalera-montada-en-pared-de-5-escalones\/\"><strong>5 escalones<\/strong><\/a>.<\/p>\n<\/div>\n<\/div>\n<\/div>\n<\/div>\n<\/div>\n","protected":false},"excerpt":{"rendered":"[embed]https:\/\/www.youtube.com\/watch?v=6xCJWP-p9pw[\/embed]\n[embed]https:\/\/www.youtube.com\/shorts\/pLAZ0v-5fRs[\/embed]\n<p id=\"title\" class=\"a-size-large a-spacing-none\" style=\"text-align: center\"><span id=\"productTitle\" class=\"a-size-large product-title-word-break\">Escalera Fija en Pared de 4 Escalones &#8211; Escalera de Salida para Ventanas de S\u00f3tano &#8211; Escalera de Metal de 4 Escalones para \u00c1ticos de Caravana &#8211; Escalera Montada en Pared de 4 Escalones<\/span><\/p>\n<p style=\"text-align: center\">ENV\u00cdO GRATIS EN 3-7 D\u00cdAS<\/p>\n<h4 style=\"text-align: center\"><strong>C\u00d3MPRALO EN<\/strong><\/h4>\n<p><a href=\"https:\/\/www.amazon.es\/dp\/B0DV36BPDQ\/ref=sr_1_1?__mk_es_ES=%C3%85M%C3%85%C5%BD%C3%95%C3%91&amp;crid=3C9G3HTMK1SW2&amp;dib=eyJ2IjoiMSJ9.JXtTcVeaOhh_MLlyOGJuow.OA0qNRh_LFmMYqX05dn2RStNBerJwSBCDnRtkq9IqgQ&amp;dib_tag=se&amp;keywords=Escalera+Fija+en+Pared+Escalera+de+Salida+para+Ventanas+de+S%C3%B3tano+Escalera+de+Metal&amp;qid=1746032878&amp;s=kitchen&amp;sprefix=b0dv36bpdq%2Ckitchen%2C448&amp;sr=1-1&amp;ufe=app_do%3Aamzn1.fos.5e544547-1f8e-4072-8c08-ed563e39fc7d&amp;th=1\"><img loading=\"lazy\" decoding=\"async\" class=\"aligncenter wp-image-1040 size-full\" src=\"https:\/\/isopllc.com\/es\/wp-content\/uploads\/sites\/7\/2020\/01\/amazon-button9.png\" alt=\"\" width=\"160\" height=\"59\" \/><\/a><\/p>\n","protected":false},"featured_media":5203,"comment_status":"open","ping_status":"closed","template":"","meta":[],"product_brand":[],"product_cat":[170,176],"product_tag":[],"class_list":{"0":"post-5167","1":"product","2":"type-product","3":"status-publish","4":"has-post-thumbnail","6":"product_cat-escaleras-de-peldanos","7":"product_cat-escaleras-montadas-en-la-pared","9":"first","10":"instock","11":"shipping-taxable","12":"purchasable","13":"product-type-variable"},"_links":{"self":[{"href":"https:\/\/isopllc.com\/es\/wp-json\/wp\/v2\/product\/5167","targetHints":{"allow":["GET"]}}],"collection":[{"href":"https:\/\/isopllc.com\/es\/wp-json\/wp\/v2\/product"}],"about":[{"href":"https:\/\/isopllc.com\/es\/wp-json\/wp\/v2\/types\/product"}],"replies":[{"embeddable":true,"href":"https:\/\/isopllc.com\/es\/wp-json\/wp\/v2\/comments?post=5167"}],"wp:featuredmedia":[{"embeddable":true,"href":"https:\/\/isopllc.com\/es\/wp-json\/wp\/v2\/media\/5203"}],"wp:attachment":[{"href":"https:\/\/isopllc.com\/es\/wp-json\/wp\/v2\/media?parent=5167"}],"wp:term":[{"taxonomy":"product_brand","embeddable":true,"href":"https:\/\/isopllc.com\/es\/wp-json\/wp\/v2\/product_brand?post=5167"},{"taxonomy":"product_cat","embeddable":true,"href":"https:\/\/isopllc.com\/es\/wp-json\/wp\/v2\/product_cat?post=5167"},{"taxonomy":"product_tag","embeddable":true,"href":"https:\/\/isopllc.com\/es\/wp-json\/wp\/v2\/product_tag?post=5167"}],"curies":[{"name":"wp","href":"https:\/\/api.w.org\/{rel}","templated":true}]}}